{"id":401,"date":"2022-06-27T10:19:43","date_gmt":"2022-06-27T10:19:43","guid":{"rendered":"https:\/\/client.comanddesign.com\/product\/the-elegant-scent\/"},"modified":"2026-03-06T15:29:11","modified_gmt":"2026-03-06T14:29:11","slug":"maschera-purificante-100ml","status":"publish","type":"product","link":"https:\/\/lucia-rapetti.com\/it\/prodotto-2\/maschera-purificante-100ml\/","title":{"rendered":"Maschera purificante 100 ml"},"content":{"rendered":"<p class=\"p1\">CITRUS LIMON: dermo-purificante, particolarmente indicato per il trattamento della pelle grassa, dei brufoli, dell'acne e della pelle asfittica.<span class=\"Apple-converted-space\">\u00a0 <\/span>acne, pelle soffocata.<br \/>\nANANAS SATIVUS: azione proteolitica enzimatica.<br \/>\nALLANTOINA: cicatrizzante, protettiva, idratante, stimola le difese della pelle e il turnover cellulare, idratante, emolliente.<br \/>\nACIDO CITRICO: controllo del pH, ri-acidificante antiossidante.<\/p>","protected":false},"excerpt":{"rendered":"<p>Un vero e proprio trattamento detossinante, purificante e ossigenante per tutti i tipi di pelle. Elimina le impurit\u00e0, ri-acidifica la pelle e ripristina un colorito chiaro, opaco e uniforme.<\/p>","protected":false},"featured_media":796,"comment_status":"open","ping_status":"closed","template":"","meta":{"_acf_changed":false,"site-sidebar-layout":"default","site-content-layout":"default","ast-site-content-layout":"default","site-content-style":"default","site-sidebar-style":"default","ast-global-header-display":"","ast-banner-title-visibility":"","ast-main-header-display":"","ast-hfb-above-header-display":"","ast-hfb-below-header-display":"","ast-hfb-mobile-header-display":"","site-post-title":"","ast-breadcrumbs-content":"","ast-featured-img":"","footer-sml-layout":"","ast-disable-related-posts":"","theme-transparent-header-meta":"default","adv-header-id-meta":"","stick-header-meta":"","header-above-stick-meta":"","header-main-stick-meta":"","header-below-stick-meta":"","astra-migrate-meta-layouts":"set","ast-page-background-enabled":"default","ast-page-background-meta":{"desktop":{"background-color":"var(--ast-global-color-4)","background-image":"","background-repeat":"repeat","background-position":"center center","background-size":"auto","background-attachment":"scroll","background-type":"","background-media":"","overlay-type":"","overlay-color":"","overlay-opacity":"","overlay-gradient":""},"tablet":{"background-color":"","background-image":"","background-repeat":"repeat","background-position":"center center","background-size":"auto","background-attachment":"scroll","background-type":"","background-media":"","overlay-type":"","overlay-color":"","overlay-opacity":"","overlay-gradient":""},"mobile":{"background-color":"","background-image":"","background-repeat":"repeat","background-position":"center center","background-size":"auto","background-attachment":"scroll","background-type":"","background-media":"","overlay-type":"","overlay-color":"","overlay-opacity":"","overlay-gradient":""}},"ast-content-background-meta":{"desktop":{"background-color":"var(--ast-global-color-5)","background-image":"","background-repeat":"repeat","background-position":"center center","background-size":"auto","background-attachment":"scroll","background-type":"","background-media":"","overlay-type":"","overlay-color":"","overlay-opacity":"","overlay-gradient":""},"tablet":{"background-color":"var(--ast-global-color-5)","background-image":"","background-repeat":"repeat","background-position":"center center","background-size":"auto","background-attachment":"scroll","background-type":"","background-media":"","overlay-type":"","overlay-color":"","overlay-opacity":"","overlay-gradient":""},"mobile":{"background-color":"var(--ast-global-color-5)","background-image":"","background-repeat":"repeat","background-position":"center center","background-size":"auto","background-attachment":"scroll","background-type":"","background-media":"","overlay-type":"","overlay-color":"","overlay-opacity":"","overlay-gradient":""}}},"product_brand":[],"product_cat":[28],"product_tag":[29,31,30],"class_list":{"0":"post-401","1":"product","2":"type-product","3":"status-publish","4":"has-post-thumbnail","6":"product_cat-purifying-soins-purifiants","7":"product_tag-masque","8":"product_tag-peaux-grasses","9":"product_tag-tout-type-de-peau","10":"desktop-align-left","11":"tablet-align-left","12":"mobile-align-left","13":"ast-product-gallery-layout-vertical-slider","14":"ast-product-tabs-layout-horizontal","15":"ast-qv-on-image","17":"first","18":"instock","19":"taxable","20":"shipping-taxable","21":"purchasable","22":"product-type-simple"},"acf":[],"yoast_head":"<!-- This site is optimized with the Yoast SEO plugin v27.3 - https:\/\/yoast.com\/product\/yoast-seo-wordpress\/ -->\n<title>Soins Purifiants Purifying Masque 100ml - Lucia Rapetti<\/title>\n<meta name=\"description\" content=\"Un soin d\u00e9toxifiant, purifiant, oxyg\u00e9nant pour tout type de peau. \u00c9limine les impuret\u00e9s, lui redonne un teint clair, matifi\u00e9 et uniforme.\" \/>\n<meta name=\"robots\" content=\"index, follow, max-snippet:-1, max-image-preview:large, max-video-preview:-1\" \/>\n<link rel=\"canonical\" href=\"https:\/\/lucia-rapetti.com\/it\/prodotto-2\/maschera-purificante-100ml\/\" \/>\n<meta property=\"og:locale\" content=\"it_IT\" \/>\n<meta property=\"og:type\" content=\"article\" \/>\n<meta property=\"og:title\" content=\"Soins Purifiants Purifying Masque 100ml - Lucia Rapetti\" \/>\n<meta property=\"og:description\" content=\"Un soin d\u00e9toxifiant, purifiant, oxyg\u00e9nant pour tout type de peau. \u00c9limine les impuret\u00e9s, lui redonne un teint clair, matifi\u00e9 et uniforme.\" \/>\n<meta property=\"og:url\" content=\"https:\/\/lucia-rapetti.com\/it\/prodotto-2\/maschera-purificante-100ml\/\" \/>\n<meta property=\"og:site_name\" content=\"Lucia Rapetti Laboratoire Naturel\" \/>\n<meta property=\"article:publisher\" content=\"https:\/\/www.facebook.com\/luciarapettiofficial\" \/>\n<meta property=\"article:modified_time\" content=\"2026-03-06T14:29:11+00:00\" \/>\n<meta property=\"og:image\" content=\"https:\/\/lucia-rapetti.com\/wp-content\/uploads\/2023\/06\/LR-sito-purifying-masque.png\" \/>\n\t<meta property=\"og:image:width\" content=\"1200\" \/>\n\t<meta property=\"og:image:height\" content=\"1200\" \/>\n\t<meta property=\"og:image:type\" content=\"image\/png\" \/>\n<meta name=\"twitter:card\" content=\"summary_large_image\" \/>\n<meta name=\"twitter:label1\" content=\"Tempo di lettura stimato\" \/>\n\t<meta name=\"twitter:data1\" content=\"1 minuto\" \/>\n<script type=\"application\/ld+json\" class=\"yoast-schema-graph\">{\"@context\":\"https:\\\/\\\/schema.org\",\"@graph\":[{\"@type\":\"WebPage\",\"@id\":\"https:\\\/\\\/lucia-rapetti.com\\\/product\\\/purifying-masque-100ml\\\/\",\"url\":\"https:\\\/\\\/lucia-rapetti.com\\\/product\\\/purifying-masque-100ml\\\/\",\"name\":\"Soins Purifiants Purifying Masque 100ml - Lucia Rapetti\",\"isPartOf\":{\"@id\":\"https:\\\/\\\/lucia-rapetti.com\\\/#website\"},\"primaryImageOfPage\":{\"@id\":\"https:\\\/\\\/lucia-rapetti.com\\\/product\\\/purifying-masque-100ml\\\/#primaryimage\"},\"image\":{\"@id\":\"https:\\\/\\\/lucia-rapetti.com\\\/product\\\/purifying-masque-100ml\\\/#primaryimage\"},\"thumbnailUrl\":\"https:\\\/\\\/lucia-rapetti.com\\\/wp-content\\\/uploads\\\/2023\\\/06\\\/LR-sito-purifying-masque.png\",\"datePublished\":\"2022-06-27T10:19:43+00:00\",\"dateModified\":\"2026-03-06T14:29:11+00:00\",\"description\":\"Un soin d\u00e9toxifiant, purifiant, oxyg\u00e9nant pour tout type de peau. \u00c9limine les impuret\u00e9s, lui redonne un teint clair, matifi\u00e9 et uniforme.\",\"breadcrumb\":{\"@id\":\"https:\\\/\\\/lucia-rapetti.com\\\/product\\\/purifying-masque-100ml\\\/#breadcrumb\"},\"inLanguage\":\"it-IT\",\"potentialAction\":[{\"@type\":\"ReadAction\",\"target\":[\"https:\\\/\\\/lucia-rapetti.com\\\/product\\\/purifying-masque-100ml\\\/\"]}]},{\"@type\":\"ImageObject\",\"inLanguage\":\"it-IT\",\"@id\":\"https:\\\/\\\/lucia-rapetti.com\\\/product\\\/purifying-masque-100ml\\\/#primaryimage\",\"url\":\"https:\\\/\\\/lucia-rapetti.com\\\/wp-content\\\/uploads\\\/2023\\\/06\\\/LR-sito-purifying-masque.png\",\"contentUrl\":\"https:\\\/\\\/lucia-rapetti.com\\\/wp-content\\\/uploads\\\/2023\\\/06\\\/LR-sito-purifying-masque.png\",\"width\":1200,\"height\":1200,\"caption\":\"purifying masque\"},{\"@type\":\"BreadcrumbList\",\"@id\":\"https:\\\/\\\/lucia-rapetti.com\\\/product\\\/purifying-masque-100ml\\\/#breadcrumb\",\"itemListElement\":[{\"@type\":\"ListItem\",\"position\":1,\"name\":\"Lucia Rapetti\",\"item\":\"https:\\\/\\\/lucia-rapetti.com\\\/\"},{\"@type\":\"ListItem\",\"position\":2,\"name\":\"Shop\",\"item\":\"https:\\\/\\\/lucia-rapetti.com\\\/shop\\\/\"},{\"@type\":\"ListItem\",\"position\":3,\"name\":\"Visage\",\"item\":\"https:\\\/\\\/lucia-rapetti.com\\\/product-category\\\/visage\\\/\"},{\"@type\":\"ListItem\",\"position\":4,\"name\":\"Purifying - Soins Purifiants\",\"item\":\"https:\\\/\\\/lucia-rapetti.com\\\/product-category\\\/visage\\\/purifying-soins-purifiants\\\/\"},{\"@type\":\"ListItem\",\"position\":5,\"name\":\"Purifying Masque 100ml\"}]},{\"@type\":\"WebSite\",\"@id\":\"https:\\\/\\\/lucia-rapetti.com\\\/#website\",\"url\":\"https:\\\/\\\/lucia-rapetti.com\\\/\",\"name\":\"Lucia Rapetti Laboratoire Naturel\",\"description\":\"Laboratoire de cosm\u00e9tique naturel et beaut\u00e9\",\"publisher\":{\"@id\":\"https:\\\/\\\/lucia-rapetti.com\\\/#organization\"},\"potentialAction\":[{\"@type\":\"SearchAction\",\"target\":{\"@type\":\"EntryPoint\",\"urlTemplate\":\"https:\\\/\\\/lucia-rapetti.com\\\/?s={search_term_string}\"},\"query-input\":{\"@type\":\"PropertyValueSpecification\",\"valueRequired\":true,\"valueName\":\"search_term_string\"}}],\"inLanguage\":\"it-IT\"},{\"@type\":\"Organization\",\"@id\":\"https:\\\/\\\/lucia-rapetti.com\\\/#organization\",\"name\":\"Lucia Rapetti Laboratoire Naturel\",\"alternateName\":\"LR\",\"url\":\"https:\\\/\\\/lucia-rapetti.com\\\/\",\"logo\":{\"@type\":\"ImageObject\",\"inLanguage\":\"it-IT\",\"@id\":\"https:\\\/\\\/lucia-rapetti.com\\\/#\\\/schema\\\/logo\\\/image\\\/\",\"url\":\"https:\\\/\\\/lucia-rapetti.com\\\/wp-content\\\/uploads\\\/2023\\\/04\\\/cropped-lucia-rapetti-logo-1.png\",\"contentUrl\":\"https:\\\/\\\/lucia-rapetti.com\\\/wp-content\\\/uploads\\\/2023\\\/04\\\/cropped-lucia-rapetti-logo-1.png\",\"width\":850,\"height\":142,\"caption\":\"Lucia Rapetti Laboratoire Naturel\"},\"image\":{\"@id\":\"https:\\\/\\\/lucia-rapetti.com\\\/#\\\/schema\\\/logo\\\/image\\\/\"},\"sameAs\":[\"https:\\\/\\\/www.facebook.com\\\/luciarapettiofficial\",\"https:\\\/\\\/www.instagram.com\\\/luciarapettiofficial\\\/\"]}]}<\/script>\n<!-- \/ Yoast SEO plugin. -->","yoast_head_json":{"title":"Maschera purificante Soins Purifiants 100ml - Lucia Rapetti","description":"Trattamento detossinante, purificante e ossigenante per tutti i tipi di pelle. Elimina le impurit\u00e0 e ripristina un colorito chiaro, opaco e uniforme.","robots":{"index":"index","follow":"follow","max-snippet":"max-snippet:-1","max-image-preview":"max-image-preview:large","max-video-preview":"max-video-preview:-1"},"canonical":"https:\/\/lucia-rapetti.com\/it\/prodotto-2\/maschera-purificante-100ml\/","og_locale":"it_IT","og_type":"article","og_title":"Soins Purifiants Purifying Masque 100ml - Lucia Rapetti","og_description":"Un soin d\u00e9toxifiant, purifiant, oxyg\u00e9nant pour tout type de peau. \u00c9limine les impuret\u00e9s, lui redonne un teint clair, matifi\u00e9 et uniforme.","og_url":"https:\/\/lucia-rapetti.com\/it\/prodotto-2\/maschera-purificante-100ml\/","og_site_name":"Lucia Rapetti Laboratoire Naturel","article_publisher":"https:\/\/www.facebook.com\/luciarapettiofficial","article_modified_time":"2026-03-06T14:29:11+00:00","og_image":[{"width":1200,"height":1200,"url":"https:\/\/lucia-rapetti.com\/wp-content\/uploads\/2023\/06\/LR-sito-purifying-masque.png","type":"image\/png"}],"twitter_card":"summary_large_image","twitter_misc":{"Tempo di lettura stimato":"1 minuto"},"schema":{"@context":"https:\/\/schema.org","@graph":[{"@type":"WebPage","@id":"https:\/\/lucia-rapetti.com\/product\/purifying-masque-100ml\/","url":"https:\/\/lucia-rapetti.com\/product\/purifying-masque-100ml\/","name":"Maschera purificante Soins Purifiants 100ml - Lucia Rapetti","isPartOf":{"@id":"https:\/\/lucia-rapetti.com\/#website"},"primaryImageOfPage":{"@id":"https:\/\/lucia-rapetti.com\/product\/purifying-masque-100ml\/#primaryimage"},"image":{"@id":"https:\/\/lucia-rapetti.com\/product\/purifying-masque-100ml\/#primaryimage"},"thumbnailUrl":"https:\/\/lucia-rapetti.com\/wp-content\/uploads\/2023\/06\/LR-sito-purifying-masque.png","datePublished":"2022-06-27T10:19:43+00:00","dateModified":"2026-03-06T14:29:11+00:00","description":"Trattamento detossinante, purificante e ossigenante per tutti i tipi di pelle. Elimina le impurit\u00e0 e ripristina un colorito chiaro, opaco e uniforme.","breadcrumb":{"@id":"https:\/\/lucia-rapetti.com\/product\/purifying-masque-100ml\/#breadcrumb"},"inLanguage":"it-IT","potentialAction":[{"@type":"ReadAction","target":["https:\/\/lucia-rapetti.com\/product\/purifying-masque-100ml\/"]}]},{"@type":"ImageObject","inLanguage":"it-IT","@id":"https:\/\/lucia-rapetti.com\/product\/purifying-masque-100ml\/#primaryimage","url":"https:\/\/lucia-rapetti.com\/wp-content\/uploads\/2023\/06\/LR-sito-purifying-masque.png","contentUrl":"https:\/\/lucia-rapetti.com\/wp-content\/uploads\/2023\/06\/LR-sito-purifying-masque.png","width":1200,"height":1200,"caption":"purifying masque"},{"@type":"BreadcrumbList","@id":"https:\/\/lucia-rapetti.com\/product\/purifying-masque-100ml\/#breadcrumb","itemListElement":[{"@type":"ListItem","position":1,"name":"Lucia Rapetti","item":"https:\/\/lucia-rapetti.com\/"},{"@type":"ListItem","position":2,"name":"Shop","item":"https:\/\/lucia-rapetti.com\/shop\/"},{"@type":"ListItem","position":3,"name":"Visage","item":"https:\/\/lucia-rapetti.com\/product-category\/visage\/"},{"@type":"ListItem","position":4,"name":"Purifying - Soins Purifiants","item":"https:\/\/lucia-rapetti.com\/product-category\/visage\/purifying-soins-purifiants\/"},{"@type":"ListItem","position":5,"name":"Purifying Masque 100ml"}]},{"@type":"WebSite","@id":"https:\/\/lucia-rapetti.com\/#website","url":"https:\/\/lucia-rapetti.com\/","name":"Laboratorio Naturale Lucia Rapetti","description":"Laboratorio di cosmetica naturale e di bellezza","publisher":{"@id":"https:\/\/lucia-rapetti.com\/#organization"},"potentialAction":[{"@type":"SearchAction","target":{"@type":"EntryPoint","urlTemplate":"https:\/\/lucia-rapetti.com\/?s={search_term_string}"},"query-input":{"@type":"PropertyValueSpecification","valueRequired":true,"valueName":"search_term_string"}}],"inLanguage":"it-IT"},{"@type":"Organization","@id":"https:\/\/lucia-rapetti.com\/#organization","name":"Laboratorio Naturale Lucia Rapetti","alternateName":"LR","url":"https:\/\/lucia-rapetti.com\/","logo":{"@type":"ImageObject","inLanguage":"it-IT","@id":"https:\/\/lucia-rapetti.com\/#\/schema\/logo\/image\/","url":"https:\/\/lucia-rapetti.com\/wp-content\/uploads\/2023\/04\/cropped-lucia-rapetti-logo-1.png","contentUrl":"https:\/\/lucia-rapetti.com\/wp-content\/uploads\/2023\/04\/cropped-lucia-rapetti-logo-1.png","width":850,"height":142,"caption":"Lucia Rapetti Laboratoire Naturel"},"image":{"@id":"https:\/\/lucia-rapetti.com\/#\/schema\/logo\/image\/"},"sameAs":["https:\/\/www.facebook.com\/luciarapettiofficial","https:\/\/www.instagram.com\/luciarapettiofficial\/"]}]}},"_links":{"self":[{"href":"https:\/\/lucia-rapetti.com\/it\/wp-json\/wp\/v2\/product\/401","targetHints":{"allow":["GET"]}}],"collection":[{"href":"https:\/\/lucia-rapetti.com\/it\/wp-json\/wp\/v2\/product"}],"about":[{"href":"https:\/\/lucia-rapetti.com\/it\/wp-json\/wp\/v2\/types\/product"}],"replies":[{"embeddable":true,"href":"https:\/\/lucia-rapetti.com\/it\/wp-json\/wp\/v2\/comments?post=401"}],"version-history":[{"count":0,"href":"https:\/\/lucia-rapetti.com\/it\/wp-json\/wp\/v2\/product\/401\/revisions"}],"wp:featuredmedia":[{"embeddable":true,"href":"https:\/\/lucia-rapetti.com\/it\/wp-json\/wp\/v2\/media\/796"}],"wp:attachment":[{"href":"https:\/\/lucia-rapetti.com\/it\/wp-json\/wp\/v2\/media?parent=401"}],"wp:term":[{"taxonomy":"product_brand","embeddable":true,"href":"https:\/\/lucia-rapetti.com\/it\/wp-json\/wp\/v2\/product_brand?post=401"},{"taxonomy":"product_cat","embeddable":true,"href":"https:\/\/lucia-rapetti.com\/it\/wp-json\/wp\/v2\/product_cat?post=401"},{"taxonomy":"product_tag","embeddable":true,"href":"https:\/\/lucia-rapetti.com\/it\/wp-json\/wp\/v2\/product_tag?post=401"}],"curies":[{"name":"wp","href":"https:\/\/api.w.org\/{rel}","templated":true}]}}