{"id":4186,"date":"2024-01-29T10:10:44","date_gmt":"2024-01-29T09:10:44","guid":{"rendered":"https:\/\/nouveau.lucia-rapetti.com\/?page_id=4186"},"modified":"2025-09-10T17:32:32","modified_gmt":"2025-09-10T15:32:32","slug":"informazioni-legali","status":"publish","type":"page","link":"https:\/\/lucia-rapetti.com\/it\/informazioni-legali\/","title":{"rendered":"INFORMAZIONI LEGALI"},"content":{"rendered":"<div data-elementor-type=\"wp-page\" data-elementor-id=\"4186\" class=\"elementor elementor-4186\" data-elementor-post-type=\"page\">\n\t\t\t\t<div class=\"elementor-element elementor-element-7762e9b e-flex e-con-boxed e-con e-parent\" data-id=\"7762e9b\" data-element_type=\"container\" data-e-type=\"container\">\n\t\t\t\t\t<div class=\"e-con-inner\">\n\t\t<div class=\"elementor-element elementor-element-ffdfaf4 e-flex e-con-boxed e-con e-child\" data-id=\"ffdfaf4\" data-element_type=\"container\" data-e-type=\"container\">\n\t\t\t\t\t<div class=\"e-con-inner\">\n\t\t\t\t<div class=\"elementor-element elementor-element-b19a94c elementor-widget elementor-widget-heading\" data-id=\"b19a94c\" data-element_type=\"widget\" data-e-type=\"widget\" data-widget_type=\"heading.default\">\n\t\t\t\t<div class=\"elementor-widget-container\">\n\t\t\t\t\t<h1 class=\"elementor-heading-title elementor-size-default\">INFORMAZIONI LEGALI<\/h1>\t\t\t\t<\/div>\n\t\t\t\t<\/div>\n\t\t\t\t\t<\/div>\n\t\t\t\t<\/div>\n\t\t\t\t\t<\/div>\n\t\t\t\t<\/div>\n\t\t<div class=\"elementor-element elementor-element-5552b02 e-flex e-con-boxed e-con e-parent\" data-id=\"5552b02\" data-element_type=\"container\" data-e-type=\"container\">\n\t\t\t\t\t<div class=\"e-con-inner\">\n\t\t\t\t<div class=\"elementor-element elementor-element-a8f9efe elementor-widget elementor-widget-text-editor\" data-id=\"a8f9efe\" data-element_type=\"widget\" data-e-type=\"widget\" data-widget_type=\"text-editor.default\">\n\t\t\t\t<div class=\"elementor-widget-container\">\n\t\t\t\t\t\t\t\t\t<p class=\"p1\">Le presenti condizioni generali determinano i termini e le condizioni di utilizzo del sito web LUCIA RAPETTI, che lei accetta semplicemente consultando questo sito. Se non li accetta, la invitiamo ad abbandonare la visita di questo sito. Se \u00e8 minorenne, si impegna a consultare questo sito solo in presenza dei suoi genitori o del suo tutore, che avranno precedentemente accettato queste condizioni. Queste condizioni possono essere modificate in qualsiasi momento senza preavviso<\/p><p class=\"p1\">Scopo del sito<br \/>Questo sito \u00e8 stato creato per fornirle informazioni sul laboratorio MGS LUCIA RAPETTI , presentazione e vendita on-line di prodotti cosmetici.<\/p><p class=\"p1\"><b>ALLOGGIO<\/b><\/p><p>Il sito \u00e8 ospitato da : OVH<br \/>Indirizzo: 2 Rue Kellermann, 59100 Roubaix<br \/>Sito web: www.ovh.com<\/p><p><b>DESIGN<\/b><\/p><p><a href=\"https:\/\/agencecommunicationarras.com\/\">Com And Design - Agenzia di comunicazione ad Arras<\/a><\/p><p class=\"p1\"><b>PROPRIET\u00c0 INTELLETTUALE<\/b><\/p><p class=\"p2\">Testi, disegni e tutti gli altri segni, nomi o simboli che lo compongono sono di propriet\u00e0 esclusiva di MGS LUCIA RAPETTI. In conformit\u00e0 alle leggi che regolano i diritti di propriet\u00e0 intellettuale o altri diritti simili, \u00e8 severamente vietata la riproduzione o la rappresentazione, totale o parziale, del Sito o di qualsiasi sua parte, nonch\u00e9 qualsiasi alterazione dello stesso. La riproduzione di informazioni o documenti pubblicati sul Sito \u00e8 autorizzata esclusivamente a scopo informativo e per uso strettamente personale e privato.<br \/>L'utilizzo di tutto o parte del Sito, su qualsiasi supporto, in qualsiasi forma, in particolare tramite download, riproduzione, trasmissione o rappresentazione per altri scopi, e in particolare per scopi commerciali, \u00e8 severamente vietato.<\/p><p class=\"p1\"><b>UTILIZZO DELLE INFORMAZIONI FORNITE<\/b><\/p><p class=\"p3\">Quando ci contatta, partecipa a concorsi o risponde a questionari, pu\u00f2 lasciarci i suoi dati di contatto e informazioni personali su di lei. Potremo quindi utilizzare queste informazioni per tenerla meglio informata sui nostri prodotti e sulle nostre offerte di lancio, per comunicarle eventuali operazioni legate ai concorsi, ecc.<br \/>Tuttavia, pu\u00f2 scegliere di non lasciare alcuna informazione, il che potrebbe privarla di alcune funzionalit\u00e0 del sito e\/o delle offerte commerciali. Le informazioni raccolte in questo modo saranno mantenute strettamente confidenziali da MGS LUCIA RAPETTI, che le utilizzer\u00e0 esclusivamente per i propri scopi.<br \/>Quando si registra su questo Sito, pu\u00f2 scegliere di non ricevere messaggi commerciali da parte nostra. Pu\u00f2 cambiare le sue preferenze in qualsiasi momento modificando il suo profilo.<br \/>Inoltre, indipendentemente dal fatto che sia un utente registrato o meno, pu\u00f2 anche scegliere in qualsiasi momento di non ricevere pi\u00f9 messaggi commerciali da parte nostra, cliccando sul link (\"unsubscribe\") in fondo a ogni e-mail che riceve da noi, o inviandoci un'e-mail a\u00a0<a href=\"http:\/\/web.archive.org\/web\/20160427110343\/mailto:commandes@lucia-rapetti.com\"><span class=\"s1\">commandes@lucia-rapetti.com.<\/span><\/a><br \/>Inoltre, indipendentemente dal fatto che sia un utente registrato o meno, pu\u00f2 anche scegliere in qualsiasi momento di non ricevere pi\u00f9 messaggi commerciali da parte nostra, cliccando sul link (\"unsubscribe\") in fondo a ogni e-mail che riceve da noi, o inviandoci un'e-mail a<\/p><p class=\"p2\">LABORATOIRE MGS LUCIA RAPETTI, 170 Avenue de Saint-Est\u00e8ve, ZAC de St Est\u00e8ve, 06640 St Jeannet les plans - Francia.<\/p><p class=\"p1\"><b>RESPONSABILIT\u00c0<\/b><\/p><p class=\"p2\">MGS LUCIA RAPETTI declina ogni responsabilit\u00e0 per le possibili imprecisioni, inesattezze o omissioni relative alle informazioni presenti sul proprio Sito. MGS LUCIA RAPETTI declina ogni responsabilit\u00e0 per le difficolt\u00e0 incontrate al momento dell'accesso al Sito o per eventuali mancanze di comunicazione e le conseguenze che ne possono derivare.<\/p><p class=\"p2\">MGS LUCIA RAPETTI non potr\u00e0 essere ritenuto responsabile:<br \/>- dei danni derivanti direttamente o indirettamente dalla consultazione di questo sito o dall'uso delle informazioni disponibili su di esso.<br \/>- dei danni diretti o indiretti derivanti dall'uso di questo sito, e in particolare delle perdite operative, finanziarie o commerciali o della perdita di programmi o dati in qualsiasi sistema informativo, anche se MGS LUCIA RAPETTI \u00e8 stato informato della possibilit\u00e0 di tali danni.<\/p><p class=\"p2\">MGS LUCIA RAPETTI non si assume alcuna responsabilit\u00e0 in relazione ai link ad altri siti, che sono forniti solo a scopo informativo. Lei \u00e8 l'unico responsabile del collegamento a qualsiasi altro sito. MGSLUCIA RAPETTI non fornisce alcuna garanzia sulle informazioni disponibili su questi altri siti e non si assume alcuna responsabilit\u00e0 in relazione ai loro contenuti.<\/p><p class=\"p1\"><b>RESPONSABILIT\u00c0 DELL'UTENTE DEL SITO<\/b><\/p><p class=\"p2\">Accedendo e utilizzando questo Sito, deve rispettare le presenti condizioni e le avvertenze e istruzioni per l'accesso e l'utilizzo contenute nel Sito. In ogni circostanza dovr\u00e0 agire in buona fede, in conformit\u00e0 con la legge e la prassi abituale e con la dovuta diligenza richiesta dalla natura delle informazioni, delle dichiarazioni e di qualsiasi contenuto o servizio di cui beneficia.\u00a0<br \/>Non dovr\u00e0 apportare modifiche o alterazioni alle informazioni, alle dichiarazioni o a qualsiasi altro contenuto o servizio che possa apparire su questo Sito e non dovr\u00e0 minare in alcun modo l'integrit\u00e0 o il funzionamento del Sito.<\/p><p class=\"p1\"><b>APPLICAZIONE E MODIFICA DI QUESTI TERMINI E CONDIZIONI<\/b><\/p><p class=\"p2\">I presenti termini e condizioni di accesso e utilizzo del Sito sono considerati accettati senza riserve da qualsiasi visitatore che acceda al Sito dopo la loro pubblicazione online. La informiamo che queste condizioni possono essere modificate in qualsiasi momento. Tali modifiche saranno pubblicate online e ritenute accettate alle stesse condizioni di cui sopra.<\/p><p class=\"p1\"><b>LEGGE APPLICABILE<\/b><\/p><p class=\"p2\">Le presenti condizioni sono regolate dalla legge francese. I tribunali francesi avranno la giurisdizione esclusiva su qualsiasi controversia relativa direttamente o indirettamente all'accesso o all'utilizzo di questo Sito.<\/p><p class=\"p1\"><b>GARANZIA CONTRO I DIFETTI NASCOSTI E LA RESPONSABILIT\u00c0<\/b><\/p><p class=\"p2\">- LABORATOIRES LUCIA RAPETTI si impegna a verificare che il contenuto del suo sito sia conforme alle disposizioni legali francesi in vigore. In particolare, si impegna a non diffondere dati in violazione dei diritti di terzi, di natura violenta, pornografica o diffamatoria e a non diffondere contenuti illeciti, in particolare di natura razzista, xenofoba o pedofila o comunque offensivi della dignit\u00e0 umana.<\/p><p class=\"p2\">- I prodotti offerti sono conformi alla legislazione francese vigente.<br \/>- Le immagini e i testi riprodotti e che illustrano i prodotti presentati non sono contrattuali. Di conseguenza, MGS LUCIA RAPETTI non pu\u00f2 essere ritenuto responsabile in caso di errore in una di queste fotografie o testi. MGS LUCIA RAPETTI non pu\u00f2 essere ritenuto responsabile della mancata esecuzione del contratto concluso in caso di carenza di scorte o indisponibilit\u00e0 del prodotto, forza maggiore, interruzione o sciopero totale o parziale, in particolare dei servizi postali e dei mezzi di trasporto e\/o comunicazione. MGS LUCIA RAPETTI non incorrer\u00e0 in alcuna responsabilit\u00e0 per tutti i danni indiretti dovuti alla presente, perdita operativa, perdita di profitto, perdita di chance, danni o spese.<br \/>- MGS LUCIA RAPETTI le ricorda che, in applicazione dell'articolo 1124 del Codice Civile, I minori non abilitati non sono in grado di stipulare contratti. Di conseguenza, gli ordini destinati ai minori devono essere effettuati dall'autorit\u00e0 parentale. In caso di raccolta accidentale di dati nominativi relativi a un minore, l'autorit\u00e0 parentale ha la facolt\u00e0 di opporsi alla loro conservazione e\/o trasmissione a terzi.<\/p><p class=\"p3\">- I link ipertestuali possono condurre a siti web diversi da questo. MGS LUCIA RAPETTI declina ogni responsabilit\u00e0 nel caso in cui il contenuto di questi siti web contravvenga alle disposizioni legali e normative vigenti.<br \/>Inoltre, MGS LUCIA RAPETTI le ricorda che la creazione di un link ipertestuale alla home page di questo Sito o a qualsiasi altra pagina del Sito \u00e8 soggetta all'accordo espresso, preventivo e scritto di MGS LUCIA RAPETTI.<\/p>\t\t\t\t\t\t\t\t<\/div>\n\t\t\t\t<\/div>\n\t\t\t\t\t<\/div>\n\t\t\t\t<\/div>\n\t\t\t\t<\/div>","protected":false},"excerpt":{"rendered":"<p>Mentions l\u00e9gales Les pr\u00e9sentes conditions g\u00e9n\u00e9rales d\u00e9terminent les conditions d\u2019utilisation du site internet du LABORATOIRES LUCIA RAPETTI que vous acceptez du seul fait de la consultation de ce site. Si vous ne les acceptez pas, nous vous demandons de quitter ce site. Si vous \u00eates mineur, vous vous engagez \u00e0 ne consulter ce site qu\u2019en [&hellip;]<\/p>\n","protected":false},"author":1,"featured_media":0,"parent":0,"menu_order":0,"comment_status":"closed","ping_status":"closed","template":"","meta":{"_acf_changed":false,"site-sidebar-layout":"no-sidebar","site-content-layout":"page-builder","ast-site-content-layout":"full-width-container","site-content-style":"unboxed","site-sidebar-style":"unboxed","ast-global-header-display":"","ast-banner-title-visibility":"","ast-main-header-display":"","ast-hfb-above-header-display":"","ast-hfb-below-header-display":"","ast-hfb-mobile-header-display":"","site-post-title":"disabled","ast-breadcrumbs-content":"","ast-featured-img":"disabled","footer-sml-layout":"","ast-disable-related-posts":"","theme-transparent-header-meta":"disabled","adv-header-id-meta":"","stick-header-meta":"","header-above-stick-meta":"","header-main-stick-meta":"","header-below-stick-meta":"","astra-migrate-meta-layouts":"set","ast-page-background-enabled":"default","ast-page-background-meta":{"desktop":{"background-color":"var(--ast-global-color-4)","background-image":"","background-repeat":"repeat","background-position":"center center","background-size":"auto","background-attachment":"scroll","background-type":"","background-media":"","overlay-type":"","overlay-color":"","overlay-opacity":"","overlay-gradient":""},"tablet":{"background-color":"","background-image":"","background-repeat":"repeat","background-position":"center center","background-size":"auto","background-attachment":"scroll","background-type":"","background-media":"","overlay-type":"","overlay-color":"","overlay-opacity":"","overlay-gradient":""},"mobile":{"background-color":"","background-image":"","background-repeat":"repeat","background-position":"center center","background-size":"auto","background-attachment":"scroll","background-type":"","background-media":"","overlay-type":"","overlay-color":"","overlay-opacity":"","overlay-gradient":""}},"ast-content-background-meta":{"desktop":{"background-color":"var(--ast-global-color-5)","background-image":"","background-repeat":"repeat","background-position":"center center","background-size":"auto","background-attachment":"scroll","background-type":"","background-media":"","overlay-type":"","overlay-color":"","overlay-opacity":"","overlay-gradient":""},"tablet":{"background-color":"var(--ast-global-color-5)","background-image":"","background-repeat":"repeat","background-position":"center center","background-size":"auto","background-attachment":"scroll","background-type":"","background-media":"","overlay-type":"","overlay-color":"","overlay-opacity":"","overlay-gradient":""},"mobile":{"background-color":"var(--ast-global-color-5)","background-image":"","background-repeat":"repeat","background-position":"center center","background-size":"auto","background-attachment":"scroll","background-type":"","background-media":"","overlay-type":"","overlay-color":"","overlay-opacity":"","overlay-gradient":""}},"footnotes":""},"class_list":["post-4186","page","type-page","status-publish","hentry"],"acf":[],"yoast_head":"<!-- This site is optimized with the Yoast SEO plugin v27.4 - https:\/\/yoast.com\/product\/yoast-seo-wordpress\/ -->\n<title>Mentions l\u00e9gales - Lucia Rapetti Laboratoire Naturel<\/title>\n<meta name=\"robots\" content=\"index, follow, max-snippet:-1, max-image-preview:large, max-video-preview:-1\" \/>\n<link rel=\"canonical\" href=\"https:\/\/lucia-rapetti.com\/it\/informazioni-legali\/\" \/>\n<meta property=\"og:locale\" content=\"it_IT\" \/>\n<meta property=\"og:type\" content=\"article\" \/>\n<meta property=\"og:title\" content=\"Mentions l\u00e9gales - Lucia Rapetti Laboratoire Naturel\" \/>\n<meta property=\"og:description\" content=\"Mentions l\u00e9gales Les pr\u00e9sentes conditions g\u00e9n\u00e9rales d\u00e9terminent les conditions d\u2019utilisation du site internet du LABORATOIRES LUCIA RAPETTI que vous acceptez du seul fait de la consultation de ce site. Si vous ne les acceptez pas, nous vous demandons de quitter ce site. Si vous \u00eates mineur, vous vous engagez \u00e0 ne consulter ce site qu\u2019en [&hellip;]\" \/>\n<meta property=\"og:url\" content=\"https:\/\/lucia-rapetti.com\/it\/informazioni-legali\/\" \/>\n<meta property=\"og:site_name\" content=\"Lucia Rapetti Laboratoire Naturel\" \/>\n<meta property=\"article:publisher\" content=\"https:\/\/www.facebook.com\/luciarapettiofficial\" \/>\n<meta property=\"article:modified_time\" content=\"2025-09-10T15:32:32+00:00\" \/>\n<meta name=\"twitter:card\" content=\"summary_large_image\" \/>\n<meta name=\"twitter:label1\" content=\"Tempo di lettura stimato\" \/>\n\t<meta name=\"twitter:data1\" content=\"7 minuti\" \/>\n<script type=\"application\/ld+json\" class=\"yoast-schema-graph\">{\"@context\":\"https:\\\/\\\/schema.org\",\"@graph\":[{\"@type\":\"WebPage\",\"@id\":\"https:\\\/\\\/lucia-rapetti.com\\\/mentions-legales\\\/\",\"url\":\"https:\\\/\\\/lucia-rapetti.com\\\/mentions-legales\\\/\",\"name\":\"Mentions l\u00e9gales - Lucia Rapetti Laboratoire Naturel\",\"isPartOf\":{\"@id\":\"https:\\\/\\\/lucia-rapetti.com\\\/#website\"},\"datePublished\":\"2024-01-29T09:10:44+00:00\",\"dateModified\":\"2025-09-10T15:32:32+00:00\",\"breadcrumb\":{\"@id\":\"https:\\\/\\\/lucia-rapetti.com\\\/mentions-legales\\\/#breadcrumb\"},\"inLanguage\":\"it-IT\",\"potentialAction\":[{\"@type\":\"ReadAction\",\"target\":[\"https:\\\/\\\/lucia-rapetti.com\\\/mentions-legales\\\/\"]}]},{\"@type\":\"BreadcrumbList\",\"@id\":\"https:\\\/\\\/lucia-rapetti.com\\\/mentions-legales\\\/#breadcrumb\",\"itemListElement\":[{\"@type\":\"ListItem\",\"position\":1,\"name\":\"Lucia Rapetti\",\"item\":\"https:\\\/\\\/lucia-rapetti.com\\\/\"},{\"@type\":\"ListItem\",\"position\":2,\"name\":\"Mentions l\u00e9gales\"}]},{\"@type\":\"WebSite\",\"@id\":\"https:\\\/\\\/lucia-rapetti.com\\\/#website\",\"url\":\"https:\\\/\\\/lucia-rapetti.com\\\/\",\"name\":\"Lucia Rapetti Laboratoire Naturel\",\"description\":\"Laboratoire de cosm\u00e9tique naturel et beaut\u00e9\",\"publisher\":{\"@id\":\"https:\\\/\\\/lucia-rapetti.com\\\/#organization\"},\"potentialAction\":[{\"@type\":\"SearchAction\",\"target\":{\"@type\":\"EntryPoint\",\"urlTemplate\":\"https:\\\/\\\/lucia-rapetti.com\\\/?s={search_term_string}\"},\"query-input\":{\"@type\":\"PropertyValueSpecification\",\"valueRequired\":true,\"valueName\":\"search_term_string\"}}],\"inLanguage\":\"it-IT\"},{\"@type\":\"Organization\",\"@id\":\"https:\\\/\\\/lucia-rapetti.com\\\/#organization\",\"name\":\"Lucia Rapetti Laboratoire Naturel\",\"alternateName\":\"LR\",\"url\":\"https:\\\/\\\/lucia-rapetti.com\\\/\",\"logo\":{\"@type\":\"ImageObject\",\"inLanguage\":\"it-IT\",\"@id\":\"https:\\\/\\\/lucia-rapetti.com\\\/#\\\/schema\\\/logo\\\/image\\\/\",\"url\":\"https:\\\/\\\/lucia-rapetti.com\\\/wp-content\\\/uploads\\\/2023\\\/04\\\/cropped-lucia-rapetti-logo-1.png\",\"contentUrl\":\"https:\\\/\\\/lucia-rapetti.com\\\/wp-content\\\/uploads\\\/2023\\\/04\\\/cropped-lucia-rapetti-logo-1.png\",\"width\":850,\"height\":142,\"caption\":\"Lucia Rapetti Laboratoire Naturel\"},\"image\":{\"@id\":\"https:\\\/\\\/lucia-rapetti.com\\\/#\\\/schema\\\/logo\\\/image\\\/\"},\"sameAs\":[\"https:\\\/\\\/www.facebook.com\\\/luciarapettiofficial\",\"https:\\\/\\\/www.instagram.com\\\/luciarapettiofficial\\\/\"]}]}<\/script>\n<!-- \/ Yoast SEO plugin. -->","yoast_head_json":{"title":"Informazioni legali - Lucia Rapetti Laboratoire Naturel","robots":{"index":"index","follow":"follow","max-snippet":"max-snippet:-1","max-image-preview":"max-image-preview:large","max-video-preview":"max-video-preview:-1"},"canonical":"https:\/\/lucia-rapetti.com\/it\/informazioni-legali\/","og_locale":"it_IT","og_type":"article","og_title":"Mentions l\u00e9gales - Lucia Rapetti Laboratoire Naturel","og_description":"Mentions l\u00e9gales Les pr\u00e9sentes conditions g\u00e9n\u00e9rales d\u00e9terminent les conditions d\u2019utilisation du site internet du LABORATOIRES LUCIA RAPETTI que vous acceptez du seul fait de la consultation de ce site. Si vous ne les acceptez pas, nous vous demandons de quitter ce site. Si vous \u00eates mineur, vous vous engagez \u00e0 ne consulter ce site qu\u2019en [&hellip;]","og_url":"https:\/\/lucia-rapetti.com\/it\/informazioni-legali\/","og_site_name":"Lucia Rapetti Laboratoire Naturel","article_publisher":"https:\/\/www.facebook.com\/luciarapettiofficial","article_modified_time":"2025-09-10T15:32:32+00:00","twitter_card":"summary_large_image","twitter_misc":{"Tempo di lettura stimato":"7 minuti"},"schema":{"@context":"https:\/\/schema.org","@graph":[{"@type":"WebPage","@id":"https:\/\/lucia-rapetti.com\/mentions-legales\/","url":"https:\/\/lucia-rapetti.com\/mentions-legales\/","name":"Informazioni legali - Lucia Rapetti Laboratoire Naturel","isPartOf":{"@id":"https:\/\/lucia-rapetti.com\/#website"},"datePublished":"2024-01-29T09:10:44+00:00","dateModified":"2025-09-10T15:32:32+00:00","breadcrumb":{"@id":"https:\/\/lucia-rapetti.com\/mentions-legales\/#breadcrumb"},"inLanguage":"it-IT","potentialAction":[{"@type":"ReadAction","target":["https:\/\/lucia-rapetti.com\/mentions-legales\/"]}]},{"@type":"BreadcrumbList","@id":"https:\/\/lucia-rapetti.com\/mentions-legales\/#breadcrumb","itemListElement":[{"@type":"ListItem","position":1,"name":"Lucia Rapetti","item":"https:\/\/lucia-rapetti.com\/"},{"@type":"ListItem","position":2,"name":"Mentions l\u00e9gales"}]},{"@type":"WebSite","@id":"https:\/\/lucia-rapetti.com\/#website","url":"https:\/\/lucia-rapetti.com\/","name":"Laboratorio Naturale Lucia Rapetti","description":"Laboratorio di cosmetica naturale e di bellezza","publisher":{"@id":"https:\/\/lucia-rapetti.com\/#organization"},"potentialAction":[{"@type":"SearchAction","target":{"@type":"EntryPoint","urlTemplate":"https:\/\/lucia-rapetti.com\/?s={search_term_string}"},"query-input":{"@type":"PropertyValueSpecification","valueRequired":true,"valueName":"search_term_string"}}],"inLanguage":"it-IT"},{"@type":"Organization","@id":"https:\/\/lucia-rapetti.com\/#organization","name":"Laboratorio Naturale Lucia Rapetti","alternateName":"LR","url":"https:\/\/lucia-rapetti.com\/","logo":{"@type":"ImageObject","inLanguage":"it-IT","@id":"https:\/\/lucia-rapetti.com\/#\/schema\/logo\/image\/","url":"https:\/\/lucia-rapetti.com\/wp-content\/uploads\/2023\/04\/cropped-lucia-rapetti-logo-1.png","contentUrl":"https:\/\/lucia-rapetti.com\/wp-content\/uploads\/2023\/04\/cropped-lucia-rapetti-logo-1.png","width":850,"height":142,"caption":"Lucia Rapetti Laboratoire Naturel"},"image":{"@id":"https:\/\/lucia-rapetti.com\/#\/schema\/logo\/image\/"},"sameAs":["https:\/\/www.facebook.com\/luciarapettiofficial","https:\/\/www.instagram.com\/luciarapettiofficial\/"]}]}},"_links":{"self":[{"href":"https:\/\/lucia-rapetti.com\/it\/wp-json\/wp\/v2\/pages\/4186","targetHints":{"allow":["GET"]}}],"collection":[{"href":"https:\/\/lucia-rapetti.com\/it\/wp-json\/wp\/v2\/pages"}],"about":[{"href":"https:\/\/lucia-rapetti.com\/it\/wp-json\/wp\/v2\/types\/page"}],"author":[{"embeddable":true,"href":"https:\/\/lucia-rapetti.com\/it\/wp-json\/wp\/v2\/users\/1"}],"replies":[{"embeddable":true,"href":"https:\/\/lucia-rapetti.com\/it\/wp-json\/wp\/v2\/comments?post=4186"}],"version-history":[{"count":0,"href":"https:\/\/lucia-rapetti.com\/it\/wp-json\/wp\/v2\/pages\/4186\/revisions"}],"wp:attachment":[{"href":"https:\/\/lucia-rapetti.com\/it\/wp-json\/wp\/v2\/media?parent=4186"}],"curies":[{"name":"wp","href":"https:\/\/api.w.org\/{rel}","templated":true}]}}