{"id":3454,"date":"2023-11-23T14:51:15","date_gmt":"2023-11-23T13:51:15","guid":{"rendered":"https:\/\/client.comanddesign.com\/?page_id=3454"},"modified":"2024-02-06T15:48:11","modified_gmt":"2024-02-06T14:48:11","slug":"condizioni-generali-di-vendita","status":"publish","type":"page","link":"https:\/\/lucia-rapetti.com\/it\/condizioni-generali-di-vendita\/","title":{"rendered":"Condizioni di vendita"},"content":{"rendered":"<div data-elementor-type=\"wp-page\" data-elementor-id=\"3454\" class=\"elementor elementor-3454\" data-elementor-post-type=\"page\">\n\t\t\t\t<div class=\"elementor-element elementor-element-db7d2f9 e-flex e-con-boxed e-con e-parent\" data-id=\"db7d2f9\" data-element_type=\"container\" data-e-type=\"container\">\n\t\t\t\t\t<div class=\"e-con-inner\">\n\t\t<div class=\"elementor-element elementor-element-f430240 e-flex e-con-boxed e-con e-child\" data-id=\"f430240\" data-element_type=\"container\" data-e-type=\"container\">\n\t\t\t\t\t<div class=\"e-con-inner\">\n\t\t\t\t<div class=\"elementor-element elementor-element-2242a9f elementor-widget elementor-widget-heading\" data-id=\"2242a9f\" data-element_type=\"widget\" data-e-type=\"widget\" data-widget_type=\"heading.default\">\n\t\t\t\t<div class=\"elementor-widget-container\">\n\t\t\t\t\t<h1 class=\"elementor-heading-title elementor-size-default\">Condizioni di vendita<\/h1>\t\t\t\t<\/div>\n\t\t\t\t<\/div>\n\t\t\t\t\t<\/div>\n\t\t\t\t<\/div>\n\t\t\t\t\t<\/div>\n\t\t\t\t<\/div>\n\t\t<div class=\"elementor-element elementor-element-5552b02 e-flex e-con-boxed e-con e-parent\" data-id=\"5552b02\" data-element_type=\"container\" data-e-type=\"container\">\n\t\t\t\t\t<div class=\"e-con-inner\">\n\t\t\t\t<div class=\"elementor-element elementor-element-a8f9efe elementor-widget elementor-widget-text-editor\" data-id=\"a8f9efe\" data-element_type=\"widget\" data-e-type=\"widget\" data-widget_type=\"text-editor.default\">\n\t\t\t\t<div class=\"elementor-widget-container\">\n\t\t\t\t\t\t\t\t\t<p class=\"p1\">Siamo lieti di darle il benvenuto sul nostro sito web\u00a0<a href=\"http:\/\/web.archive.org\/web\/20160427110343\/https:\/www.lucia-rapetti.com\/\"><span class=\"s1\">www.lucia-rapetti.com\u2028<\/span><\/a>Il nostro sito le offre un catalogo di prodotti cosmetici, venduti con il marchio \"LUCIA RAPETTI\", prodotti e commercializzati da LUCIA RAPETTI, societ\u00e0 a responsabilit\u00e0 limitata con capitale di \u20ac, con sede legale in 4, rue Beaulieu, 06800 Cagnes sur mer - Francia, iscritta all'RCS con il numero 420 223 836.\u2028\u2028<\/p><p>Le presenti Condizioni Generali di Vendita sono sistematicamente portate a conoscenza di ogni potenziale cliente per consentirgli di effettuare un ordine su questo sito web, via fax o per telefono.\u2028<br \/>Di conseguenza, l'inoltro di un ordine implica l'accettazione completa e senza riserve delle presenti Condizioni Generali di Vendita, ad esclusione di qualsiasi altro documento, come brochure o cataloghi emessi da LUCIA RAPETTI, che hanno solo scopo informativo.<br \/>Qualsiasi ordine di un Prodotto offerto sul Sito implica la consultazione e l'accettazione espressa delle presenti Condizioni Generali di Vendita, senza che tale accettazione sia subordinata alla firma autografa dell'utente. In conformit\u00e0 alle disposizioni degli articoli da 1316 a 1316-4 del Codice Civile francese, integrati dal Decreto n. 2001-272 del 30 marzo 2001, emanato per l'applicazione dell'articolo 1316-4 del Codice Civile francese e relativo alle firme elettroniche, si precisa che la convalida del modulo d'ordine costituisce una firma elettronica che ha, tra le parti, lo stesso valore di una firma autografa e costituisce una prova della completezza dell'ordine e della pagabilit\u00e0 delle somme dovute in esecuzione di tale ordine.<\/p><p class=\"p2\"><b>ARTICOLO 1. OFFERTE E PREZZI<\/b><\/p><p class=\"p1\">Le nostre offerte di prodotti sono valide solo per la durata dell'offerta in questione e sono soggette a disponibilit\u00e0.<br \/>Se \u2028un prodotto non \u00e8 disponibile dopo che ha effettuato l'ordine, la informeremo via e-mail il prima possibile; in tal caso potr\u00e0 richiederne la cancellazione o il cambio telefonando al numero 04 92 12 30 60 o contattandoci via e-mail all'indirizzo:\u00a0<a href=\"http:\/\/web.archive.org\/web\/20160427110343\/mailto:commandes@lucia-rapetti.com\"><span class=\"s1\">commandes@lucia-rapetti.com.<\/span><\/a><br \/>La preghiamo di notare che le promozioni sotto forma di buoni sconto sono valide solo per un ordine per famiglia e per un determinato periodo di validit\u00e0.<br \/>I prezzi dei nostri prodotti che appaiono su questo Sito sono indicati in euro, comprensivi di tutte le tasse, escluse le spese di consegna, che saranno fatturate in aggiunta e saranno specificate al momento della convalida finale dell'ordine.\u2028 I prezzi possono variare nel corso dell'anno, fermo restando che i prodotti ordinati sono fatturati ai prezzi in vigore al momento della registrazione dell'ordine.<br \/>I prezzi possono variare nel corso dell'anno, fermo restando che i prodotti ordinati vengono fatturati ai prezzi in vigore al momento della registrazione dell'ordine.<\/p><p class=\"p2\"><b>ARTICOLO 2. ORDINe E sua CONVALIDA<\/b><\/p><p class=\"p1\">Pu\u00f2 effettuare i suoi ordini:<br \/>su Internet :\u00a0<a href=\"http:\/\/web.archive.org\/web\/20160427110343\/https:\/www.lucia-rapetti.com\/\"><span class=\"s1\">www.lucia-rapetti.com\u2028<\/span><\/a><br \/>Effettuando l'ordine, dichiara inoltre di accettare tutte le presenti Condizioni Generali di Vendita senza la minima riserva.\u2028<br \/>Questo ordine e i dati registrati da LUCIA RAPETTI costituiscono la prova delle transazioni effettuate con Lei.\u2028<br \/>Tuttavia, ci riserviamo il diritto di annullare qualsiasi ordine da parte di un cliente con il quale esista una controversia relativa al pagamento di un ordine precedente.<\/p><p class=\"p2\"><b>ARTICOLO 3. METODI DI PAGAMENTO<\/b><\/p><p class=\"p3\">Non appena il pagamento viene convalidato, l'ordine viene registrato e diventa irrevocabile.\u2028<br \/>Il modulo d'ordine sar\u00e0 registrato nei registri informatici, a loro volta conservati su un supporto affidabile e durevole, e sar\u00e0 considerato come prova delle relazioni contrattuali tra le Parti.\u2028<br \/>Il pagamento dei suoi acquisti sul Sito avviene esclusivamente in euro e pu\u00f2 essere effettuato solo tramite carta di credito.\u2028<br \/>Il pagamento con carta di credito viene effettuato online al momento dell'ordine ed \u00e8 totalmente sicuro. Lei effettua i suoi acquisti in totale sicurezza. L'intera transazione \u00e8 criptata e inviata a un server di convalida bancaria.<\/p><p class=\"p2\"><b>ARTICOLO 4. CONSEGNA<\/b><\/p><p class=\"p1\">prodotti vengono consegnati all'indirizzo di sua scelta, come indicato durante il processo di ordinazione. \u00c8 sua responsabilit\u00e0 fornirci tutti i dettagli necessari per la corretta consegna del suo ordine.\u2028<br \/>Inoltre, gli ordini devono essere stati convalidati e pagati sul Sito con carta di credito, prima delle ore 12.00, per consentire la spedizione dei prodotti il giorno stesso, nel qual caso saranno consegnati il giorno successivo. In questo caso, nonostante la cura con cui il laboratorio LUCIA RAPETTI prepara e confezioni gli ordini, \u00e8 possibile che un Prodotto manchi.\u2028<br \/>Allo stesso modo, causa incidenti durante il trasporto del collo, uno dei Prodotti potrebbe rivelarsi difettoso o danneggiato.\u2028<br \/>Per questo motivo, al momento della ricezione dell'ordine, deve verificare che i Prodotti ricevuti siano in ordine. Qualsiasi anomalia relativa alla consegna (Prodotto mancante o rotto, pacco danneggiato) dovr\u00e0 essere imperativamente notificata, il giorno stesso della ricezione o al pi\u00f9 tardi il primo giorno lavorativo successivo alla ricezione, per posta indirizzata a LABORATOIRE MGS LUCIA RAPETTI, 170 Avenue de Saint-Est\u00e8ve, ZAC de St Est\u00e8ve, 06640 St Jeannet les plans - Francia, per e-mail indirizzata a\u00a0<a href=\"http:\/\/web.archive.org\/web\/20160427110343\/mailto:commandes@lucia-rapetti.com\"><span class=\"s1\">commandes@lucia-rapetti.com.<\/span><\/a>\u00a0per telefono al numero 04 92 12 30 60 (dalle 9h00 alle 17h00, dal luned\u00ec al venerd\u00ec). Qualsiasi reclamo presentato dopo questo orario sar\u00e0 respinto e il laboratorio LUCIA RAPETTI sar\u00e0 esonerato da qualsiasi responsabilit\u00e0. MGS LUCIA RAPETTI si riserva il diritto di richiedere la restituzione del Prodotto difettoso. \u2028<br \/>Se le condizioni di cui sopra sono soddisfatte, MGS LUCIA RAPETTI provveder\u00e0 a sostituire o rimborsare il\/i Prodotto\/i difettoso\/i, oppure a rispedire il Prodotto mancante (a condizione che la richiesta dell'acquirente sia fondata).<\/p><p class=\"p2\"><b>ARTICOLO 5. RESTITUZIONI E RIMBORSI<\/b><\/p><p class=\"p3\">L\u2019acquirente ha la facolt\u00e0, entro 15 giorni dal ricevimento dei prodotti ordinati, di restituire nel suo imballaggio completo d'origine, a sue spese, il prodotto che non le \u00e8 appropriato, con l'indirizzo: LABORATOIRE MGS LUCIA RAPETTI, 170 Avenue de Saint-Est\u00e8ve, ZAC de St Est\u00e8ve, 06640 St Jeannet les plans - Francia.\u2028<br \/>Se le condizioni di cui sopra sono soddisfatte, MGS LUCIA RAPETTI lo cambier\u00e0 o lo rimborser\u00e0, secondo la sua scelta.\u2028<br \/>Il rimborso sar\u00e0 effettuato tramite assegno bancario, nel mese successivo al ricevimento del pacco consegnato, con l'indirizzo di fatturazione e il nome del cliente che ha effettuato l'ordine, secondo le seguenti modalit\u00e0:\u2028<br \/>Se il prodotto viene restituito su sua richiesta, le rimborseremo il prezzo del prodotto.<br \/>Se il prodotto viene restituito perch\u00e9 ne siamo responsabili, le rimborseremo il prodotto e le eventuali spese di spedizione e restituzione. Non saranno accettate restituzioni in contrassegno, qualunque sia il motivo.<\/p><p class=\"p2\"><b>ARTICOLO 6. SERVIZIO CLIENTI :<\/b><\/p><p class=\"p1\">Per qualsiasi informazione o domanda, il nostro Servizio Clienti \u00e8 a sua disposizione:\u2028<br \/>Tel: 04 92 12 30 60 (dal luned\u00ec al venerd\u00ec, dalle 9 alle 17) \u2028<br \/>Internazionale: +33 4 92 12 30 60 \u2028<br \/>Indirizzo: LABORATOIRE MGS LUCIA RAPETTI, 170 Avenue de Saint Est\u00e8ve, ZAC de St Est\u00e8ve, 06640 St Jeannet les plans - Francia. \u2028<br \/>E-mail:\u00a0<a href=\"http:\/\/web.archive.org\/web\/20160427110343\/mailto:commandes@lucia-rapetti.com\"><span class=\"s1\">commandes@lucia-rapetti.com.<\/span><\/a><\/p><p class=\"p4\"><b>Forza maggiore<\/b><\/p><p class=\"p1\">MGS LUCIA RAPETTI non sar\u00e0 responsabile della mancata esecuzione totale o parziale dei suoi obblighi ai sensi del presente contratto, se tale mancata esecuzione \u00e8 causata da un evento che costituisce una causa di forza maggiore, in particolare in caso di perturbazione o sciopero totale o parziale, in particolare dei servizi postali e dei mezzi di trasporto e\/o di comunicazione, inondazione, incendio.\u2028<br \/>Gli eventi che soddisfano i criteri stabiliti dalla giurisprudenza della Seconda Sezione Civile della Corte di Cassazione francese (Cour de Cassation) saranno considerati come forza maggiore.\u2028<br \/>In presenza di un evento che costituisce una causa di forza maggiore, MGS LUCIA RAPETTI informer\u00e0 l'utente\/acquirente entro cinque (5) giorni lavorativi dal verificarsi o dalla minaccia di tale evento.\u2028<br \/>Le parti convengono che dovranno consultarsi il prima possibile per stabilire insieme le modalit\u00e0 di esecuzione dell'ordine per la durata del caso di forza maggiore.\u2028<br \/>Dopo un periodo di un (1) mese di interruzione per cause di forza maggiore, MGS LUCIA RAPETTI pu\u00f2 non onorare l'ordine e rimborsare l'acquirente, ove ci\u00f2 risulti applicabile.\u2028<br \/><span class=\"s2\"><b>Parziale Validit\u00e0<\/b><\/span><\/p><p class=\"p1\">Se una o pi\u00f9 clausole delle presenti condizioni generali di vendita sono ritenute non valide o dichiarate tali in applicazione di una legge, di un regolamento o a seguito di una decisione definitiva di un tribunale competente, le altre clausole manterranno tutta la loro forza e portata.\u2028<br \/><span class=\"s2\"><b>Integralit\u00e0 del contratto<\/b><\/span><\/p><p class=\"p3\">Le presenti condizioni generali di vendita e il riepilogo dell'ordine inviato all'acquirente formano un insieme contrattuale e costituiscono l'intero rapporto contrattuale tra le parti.\u2028<br \/>In caso di contraddizione tra questi documenti, prevarranno le condizioni generali di vendita.<\/p><p class=\"p2\"><b>ARTICOLO 7. ACCETTAZIONE DEI PRESENTI TERMINI E CONDIZIONI GENERALI<\/b><\/p><p class=\"p3\">Le presenti Condizioni Generali di Vendita e i prezzi sono espressamente approvati e accettati dal cliente, che dichiara e riconosce di esserne pienamente consapevole, e pertanto rinuncia a fare affidamento a qualsiasi documento contraddittorio; l'atto di acquisto implica l'accettazione delle presenti Condizioni Generali di Vendita.\u2028<br \/>Le presenti Condizioni Generali di Vendita possono essere modificate in qualsiasi momento senza preavviso; ogni nuova versione sostituisce la precedente.<\/p><p class=\"p2\"><b>ARTICOLO 8. LEGGE APPLICABILE E GIURISDIZIONE<\/b><\/p><p class=\"p1\">Le presenti Condizioni Generali di Vendita sono regolate esclusivamente dalla legge francese.\u2028<br \/>La lingua di origine del presente contratto \u00e8 il francese.\u2028<br \/>\u00c8 espressamente convenuto tra le parti che qualsiasi controversia derivante dalle presenti Condizioni Generali di Vendita sar\u00e0 di competenza esclusiva dei tribunali francesi competenti, nella fattispecie la nostra sede legale, il cui indirizzo \u00e8 considerato il luogo di esecuzione della prestazione ai sensi dell'articolo 46 del Nuovo Codice di Procedura Civile.<\/p><p class=\"p5\"><span class=\"s3\"><b>LABORATORIO M.G.S<\/b><\/span><\/p><ul class=\"ul1\"><li class=\"li6\">Lucia Rapetti<\/li><li class=\"li6\">170 avenue de Saint-Est\u00e8ve<br \/>06640 Saint-Jeannet (Francia)<br \/>IVA FR59420223836<\/li><li class=\"li7\"><span class=\"s5\"><a href=\"tel:+%2033%20(0)4%2092%2012%2030%2060\"><span class=\"s6\">+ 33 (0)4 92 12 30 60<\/span><\/a><\/span><\/li><li class=\"li7\"><span class=\"s5\"><a href=\"mailto:info@lucia-rapetti.com\"><span class=\"s6\">info@lucia-rapetti.com<\/span><\/a><\/span><\/li><li class=\"li7\"><span class=\"s5\"><a href=\"https:\/\/lucia-rapetti.com\/it\/\"><span class=\"s6\">https:\/\/www.lucia-rapetti.com<\/span><\/a><\/span><\/li><\/ul>\t\t\t\t\t\t\t\t<\/div>\n\t\t\t\t<\/div>\n\t\t\t\t\t<\/div>\n\t\t\t\t<\/div>\n\t\t\t\t<\/div>","protected":false},"excerpt":{"rendered":"<p>Conditions g\u00e9n\u00e9rales de vente Nous sommes heureux de vous accueillir sur notre site web\u00a0www.lucia-rapetti.com. Notre site vous propose un catalogue de produits cosm\u00e9tiques, vendus sous la marque \u00ab LUCIA RAPETTI \u00bb fabriqu\u00e9s et commercialis\u00e9s par LUCIA RAPETTI, Soci\u00e9t\u00e9 SARL au capital de \u20ac, ayant son si\u00e8ge social au 4, rue Beaulieu, 06800 Cagnes sur mer [&hellip;]<\/p>\n","protected":false},"author":2,"featured_media":0,"parent":0,"menu_order":0,"comment_status":"closed","ping_status":"closed","template":"","meta":{"_acf_changed":false,"site-sidebar-layout":"no-sidebar","site-content-layout":"page-builder","ast-site-content-layout":"default","site-content-style":"default","site-sidebar-style":"default","ast-global-header-display":"","ast-banner-title-visibility":"","ast-main-header-display":"","ast-hfb-above-header-display":"","ast-hfb-below-header-display":"","ast-hfb-mobile-header-display":"","site-post-title":"disabled","ast-breadcrumbs-content":"","ast-featured-img":"disabled","footer-sml-layout":"","ast-disable-related-posts":"","theme-transparent-header-meta":"disabled","adv-header-id-meta":"","stick-header-meta":"","header-above-stick-meta":"","header-main-stick-meta":"","header-below-stick-meta":"","astra-migrate-meta-layouts":"default","ast-page-background-enabled":"default","ast-page-background-meta":{"desktop":{"background-color":"var(--ast-global-color-4)","background-image":"","background-repeat":"repeat","background-position":"center center","background-size":"auto","background-attachment":"scroll","background-type":"","background-media":"","overlay-type":"","overlay-color":"","overlay-opacity":"","overlay-gradient":""},"tablet":{"background-color":"","background-image":"","background-repeat":"repeat","background-position":"center center","background-size":"auto","background-attachment":"scroll","background-type":"","background-media":"","overlay-type":"","overlay-color":"","overlay-opacity":"","overlay-gradient":""},"mobile":{"background-color":"","background-image":"","background-repeat":"repeat","background-position":"center center","background-size":"auto","background-attachment":"scroll","background-type":"","background-media":"","overlay-type":"","overlay-color":"","overlay-opacity":"","overlay-gradient":""}},"ast-content-background-meta":{"desktop":{"background-color":"var(--ast-global-color-5)","background-image":"","background-repeat":"repeat","background-position":"center center","background-size":"auto","background-attachment":"scroll","background-type":"","background-media":"","overlay-type":"","overlay-color":"","overlay-opacity":"","overlay-gradient":""},"tablet":{"background-color":"var(--ast-global-color-5)","background-image":"","background-repeat":"repeat","background-position":"center center","background-size":"auto","background-attachment":"scroll","background-type":"","background-media":"","overlay-type":"","overlay-color":"","overlay-opacity":"","overlay-gradient":""},"mobile":{"background-color":"var(--ast-global-color-5)","background-image":"","background-repeat":"repeat","background-position":"center center","background-size":"auto","background-attachment":"scroll","background-type":"","background-media":"","overlay-type":"","overlay-color":"","overlay-opacity":"","overlay-gradient":""}},"footnotes":""},"class_list":["post-3454","page","type-page","status-publish","hentry"],"acf":[],"yoast_head":"<!-- This site is optimized with the Yoast SEO plugin v27.3 - https:\/\/yoast.com\/product\/yoast-seo-wordpress\/ -->\n<title>Conditions g\u00e9n\u00e9rales de vente - Lucia Rapetti Laboratoire Naturel<\/title>\n<meta name=\"robots\" content=\"index, follow, max-snippet:-1, max-image-preview:large, max-video-preview:-1\" \/>\n<link rel=\"canonical\" href=\"https:\/\/lucia-rapetti.com\/it\/condizioni-generali-di-vendita\/\" \/>\n<meta property=\"og:locale\" content=\"it_IT\" \/>\n<meta property=\"og:type\" content=\"article\" \/>\n<meta property=\"og:title\" content=\"Conditions g\u00e9n\u00e9rales de vente - Lucia Rapetti Laboratoire Naturel\" \/>\n<meta property=\"og:description\" content=\"Conditions g\u00e9n\u00e9rales de vente Nous sommes heureux de vous accueillir sur notre site web\u00a0www.lucia-rapetti.com. Notre site vous propose un catalogue de produits cosm\u00e9tiques, vendus sous la marque \u00ab LUCIA RAPETTI \u00bb fabriqu\u00e9s et commercialis\u00e9s par LUCIA RAPETTI, Soci\u00e9t\u00e9 SARL au capital de \u20ac, ayant son si\u00e8ge social au 4, rue Beaulieu, 06800 Cagnes sur mer [&hellip;]\" \/>\n<meta property=\"og:url\" content=\"https:\/\/lucia-rapetti.com\/it\/condizioni-generali-di-vendita\/\" \/>\n<meta property=\"og:site_name\" content=\"Lucia Rapetti Laboratoire Naturel\" \/>\n<meta property=\"article:publisher\" content=\"https:\/\/www.facebook.com\/luciarapettiofficial\" \/>\n<meta property=\"article:modified_time\" content=\"2024-02-06T14:48:11+00:00\" \/>\n<meta name=\"twitter:card\" content=\"summary_large_image\" \/>\n<meta name=\"twitter:label1\" content=\"Tempo di lettura stimato\" \/>\n\t<meta name=\"twitter:data1\" content=\"8 minuti\" \/>\n<script type=\"application\/ld+json\" class=\"yoast-schema-graph\">{\"@context\":\"https:\\\/\\\/schema.org\",\"@graph\":[{\"@type\":\"WebPage\",\"@id\":\"https:\\\/\\\/lucia-rapetti.com\\\/conditions-generales-de-vente\\\/\",\"url\":\"https:\\\/\\\/lucia-rapetti.com\\\/conditions-generales-de-vente\\\/\",\"name\":\"Conditions g\u00e9n\u00e9rales de vente - Lucia Rapetti Laboratoire Naturel\",\"isPartOf\":{\"@id\":\"https:\\\/\\\/lucia-rapetti.com\\\/#website\"},\"datePublished\":\"2023-11-23T13:51:15+00:00\",\"dateModified\":\"2024-02-06T14:48:11+00:00\",\"breadcrumb\":{\"@id\":\"https:\\\/\\\/lucia-rapetti.com\\\/conditions-generales-de-vente\\\/#breadcrumb\"},\"inLanguage\":\"it-IT\",\"potentialAction\":[{\"@type\":\"ReadAction\",\"target\":[\"https:\\\/\\\/lucia-rapetti.com\\\/conditions-generales-de-vente\\\/\"]}]},{\"@type\":\"BreadcrumbList\",\"@id\":\"https:\\\/\\\/lucia-rapetti.com\\\/conditions-generales-de-vente\\\/#breadcrumb\",\"itemListElement\":[{\"@type\":\"ListItem\",\"position\":1,\"name\":\"Lucia Rapetti\",\"item\":\"https:\\\/\\\/lucia-rapetti.com\\\/\"},{\"@type\":\"ListItem\",\"position\":2,\"name\":\"Conditions g\u00e9n\u00e9rales de vente\"}]},{\"@type\":\"WebSite\",\"@id\":\"https:\\\/\\\/lucia-rapetti.com\\\/#website\",\"url\":\"https:\\\/\\\/lucia-rapetti.com\\\/\",\"name\":\"Lucia Rapetti Laboratoire Naturel\",\"description\":\"Laboratoire de cosm\u00e9tique naturel et beaut\u00e9\",\"publisher\":{\"@id\":\"https:\\\/\\\/lucia-rapetti.com\\\/#organization\"},\"potentialAction\":[{\"@type\":\"SearchAction\",\"target\":{\"@type\":\"EntryPoint\",\"urlTemplate\":\"https:\\\/\\\/lucia-rapetti.com\\\/?s={search_term_string}\"},\"query-input\":{\"@type\":\"PropertyValueSpecification\",\"valueRequired\":true,\"valueName\":\"search_term_string\"}}],\"inLanguage\":\"it-IT\"},{\"@type\":\"Organization\",\"@id\":\"https:\\\/\\\/lucia-rapetti.com\\\/#organization\",\"name\":\"Lucia Rapetti Laboratoire Naturel\",\"alternateName\":\"LR\",\"url\":\"https:\\\/\\\/lucia-rapetti.com\\\/\",\"logo\":{\"@type\":\"ImageObject\",\"inLanguage\":\"it-IT\",\"@id\":\"https:\\\/\\\/lucia-rapetti.com\\\/#\\\/schema\\\/logo\\\/image\\\/\",\"url\":\"https:\\\/\\\/lucia-rapetti.com\\\/wp-content\\\/uploads\\\/2023\\\/04\\\/cropped-lucia-rapetti-logo-1.png\",\"contentUrl\":\"https:\\\/\\\/lucia-rapetti.com\\\/wp-content\\\/uploads\\\/2023\\\/04\\\/cropped-lucia-rapetti-logo-1.png\",\"width\":850,\"height\":142,\"caption\":\"Lucia Rapetti Laboratoire Naturel\"},\"image\":{\"@id\":\"https:\\\/\\\/lucia-rapetti.com\\\/#\\\/schema\\\/logo\\\/image\\\/\"},\"sameAs\":[\"https:\\\/\\\/www.facebook.com\\\/luciarapettiofficial\",\"https:\\\/\\\/www.instagram.com\\\/luciarapettiofficial\\\/\"]}]}<\/script>\n<!-- \/ Yoast SEO plugin. -->","yoast_head_json":{"title":"Termini e condizioni di vendita - Lucia Rapetti Laboratoire Naturel","robots":{"index":"index","follow":"follow","max-snippet":"max-snippet:-1","max-image-preview":"max-image-preview:large","max-video-preview":"max-video-preview:-1"},"canonical":"https:\/\/lucia-rapetti.com\/it\/condizioni-generali-di-vendita\/","og_locale":"it_IT","og_type":"article","og_title":"Conditions g\u00e9n\u00e9rales de vente - Lucia Rapetti Laboratoire Naturel","og_description":"Conditions g\u00e9n\u00e9rales de vente Nous sommes heureux de vous accueillir sur notre site web\u00a0www.lucia-rapetti.com. Notre site vous propose un catalogue de produits cosm\u00e9tiques, vendus sous la marque \u00ab LUCIA RAPETTI \u00bb fabriqu\u00e9s et commercialis\u00e9s par LUCIA RAPETTI, Soci\u00e9t\u00e9 SARL au capital de \u20ac, ayant son si\u00e8ge social au 4, rue Beaulieu, 06800 Cagnes sur mer [&hellip;]","og_url":"https:\/\/lucia-rapetti.com\/it\/condizioni-generali-di-vendita\/","og_site_name":"Lucia Rapetti Laboratoire Naturel","article_publisher":"https:\/\/www.facebook.com\/luciarapettiofficial","article_modified_time":"2024-02-06T14:48:11+00:00","twitter_card":"summary_large_image","twitter_misc":{"Tempo di lettura stimato":"8 minuti"},"schema":{"@context":"https:\/\/schema.org","@graph":[{"@type":"WebPage","@id":"https:\/\/lucia-rapetti.com\/conditions-generales-de-vente\/","url":"https:\/\/lucia-rapetti.com\/conditions-generales-de-vente\/","name":"Termini e condizioni di vendita - Lucia Rapetti Laboratoire Naturel","isPartOf":{"@id":"https:\/\/lucia-rapetti.com\/#website"},"datePublished":"2023-11-23T13:51:15+00:00","dateModified":"2024-02-06T14:48:11+00:00","breadcrumb":{"@id":"https:\/\/lucia-rapetti.com\/conditions-generales-de-vente\/#breadcrumb"},"inLanguage":"it-IT","potentialAction":[{"@type":"ReadAction","target":["https:\/\/lucia-rapetti.com\/conditions-generales-de-vente\/"]}]},{"@type":"BreadcrumbList","@id":"https:\/\/lucia-rapetti.com\/conditions-generales-de-vente\/#breadcrumb","itemListElement":[{"@type":"ListItem","position":1,"name":"Lucia Rapetti","item":"https:\/\/lucia-rapetti.com\/"},{"@type":"ListItem","position":2,"name":"Conditions g\u00e9n\u00e9rales de vente"}]},{"@type":"WebSite","@id":"https:\/\/lucia-rapetti.com\/#website","url":"https:\/\/lucia-rapetti.com\/","name":"Laboratorio Naturale Lucia Rapetti","description":"Laboratorio di cosmetica naturale e di bellezza","publisher":{"@id":"https:\/\/lucia-rapetti.com\/#organization"},"potentialAction":[{"@type":"SearchAction","target":{"@type":"EntryPoint","urlTemplate":"https:\/\/lucia-rapetti.com\/?s={search_term_string}"},"query-input":{"@type":"PropertyValueSpecification","valueRequired":true,"valueName":"search_term_string"}}],"inLanguage":"it-IT"},{"@type":"Organization","@id":"https:\/\/lucia-rapetti.com\/#organization","name":"Laboratorio Naturale Lucia Rapetti","alternateName":"LR","url":"https:\/\/lucia-rapetti.com\/","logo":{"@type":"ImageObject","inLanguage":"it-IT","@id":"https:\/\/lucia-rapetti.com\/#\/schema\/logo\/image\/","url":"https:\/\/lucia-rapetti.com\/wp-content\/uploads\/2023\/04\/cropped-lucia-rapetti-logo-1.png","contentUrl":"https:\/\/lucia-rapetti.com\/wp-content\/uploads\/2023\/04\/cropped-lucia-rapetti-logo-1.png","width":850,"height":142,"caption":"Lucia Rapetti Laboratoire Naturel"},"image":{"@id":"https:\/\/lucia-rapetti.com\/#\/schema\/logo\/image\/"},"sameAs":["https:\/\/www.facebook.com\/luciarapettiofficial","https:\/\/www.instagram.com\/luciarapettiofficial\/"]}]}},"_links":{"self":[{"href":"https:\/\/lucia-rapetti.com\/it\/wp-json\/wp\/v2\/pages\/3454","targetHints":{"allow":["GET"]}}],"collection":[{"href":"https:\/\/lucia-rapetti.com\/it\/wp-json\/wp\/v2\/pages"}],"about":[{"href":"https:\/\/lucia-rapetti.com\/it\/wp-json\/wp\/v2\/types\/page"}],"author":[{"embeddable":true,"href":"https:\/\/lucia-rapetti.com\/it\/wp-json\/wp\/v2\/users\/2"}],"replies":[{"embeddable":true,"href":"https:\/\/lucia-rapetti.com\/it\/wp-json\/wp\/v2\/comments?post=3454"}],"version-history":[{"count":0,"href":"https:\/\/lucia-rapetti.com\/it\/wp-json\/wp\/v2\/pages\/3454\/revisions"}],"wp:attachment":[{"href":"https:\/\/lucia-rapetti.com\/it\/wp-json\/wp\/v2\/media?parent=3454"}],"curies":[{"name":"wp","href":"https:\/\/api.w.org\/{rel}","templated":true}]}}