{"id":3445,"date":"2023-11-23T14:47:01","date_gmt":"2023-11-23T13:47:01","guid":{"rendered":"https:\/\/client.comanddesign.com\/?page_id=3445"},"modified":"2024-01-29T10:09:05","modified_gmt":"2024-01-29T09:09:05","slug":"informativa-sulla-privacy-e-cookie","status":"publish","type":"page","link":"https:\/\/lucia-rapetti.com\/it\/informativa-sulla-privacy-e-cookie\/","title":{"rendered":"Normativa Privacy e Cookies"},"content":{"rendered":"<div data-elementor-type=\"wp-page\" data-elementor-id=\"3445\" class=\"elementor elementor-3445\" data-elementor-post-type=\"page\">\n\t\t\t\t<div class=\"elementor-element elementor-element-7762e9b e-flex e-con-boxed e-con e-parent\" data-id=\"7762e9b\" data-element_type=\"container\" data-e-type=\"container\">\n\t\t\t\t\t<div class=\"e-con-inner\">\n\t\t<div class=\"elementor-element elementor-element-ffdfaf4 e-flex e-con-boxed e-con e-child\" data-id=\"ffdfaf4\" data-element_type=\"container\" data-e-type=\"container\">\n\t\t\t\t\t<div class=\"e-con-inner\">\n\t\t\t\t<div class=\"elementor-element elementor-element-b19a94c elementor-widget elementor-widget-heading\" data-id=\"b19a94c\" data-element_type=\"widget\" data-e-type=\"widget\" data-widget_type=\"heading.default\">\n\t\t\t\t<div class=\"elementor-widget-container\">\n\t\t\t\t\t<h1 class=\"elementor-heading-title elementor-size-default\">POLITICA SULLA PRIVACY<\/h1>\t\t\t\t<\/div>\n\t\t\t\t<\/div>\n\t\t\t\t\t<\/div>\n\t\t\t\t<\/div>\n\t\t\t\t\t<\/div>\n\t\t\t\t<\/div>\n\t\t<div class=\"elementor-element elementor-element-5552b02 e-flex e-con-boxed e-con e-parent\" data-id=\"5552b02\" data-element_type=\"container\" data-e-type=\"container\">\n\t\t\t\t\t<div class=\"e-con-inner\">\n\t\t\t\t<div class=\"elementor-element elementor-element-a8f9efe elementor-widget elementor-widget-text-editor\" data-id=\"a8f9efe\" data-element_type=\"widget\" data-e-type=\"widget\" data-widget_type=\"text-editor.default\">\n\t\t\t\t<div class=\"elementor-widget-container\">\n\t\t\t\t\t\t\t\t\t<p>MGS LUCIA RAPETTI attribuisce grande importanza alla protezione dei dati personali e desidera assicurare ai Clienti che visitano il Sito la tutela della loro privacy. Lo scopo di questo articolo \u00e8 quello di informare il Cliente sul trattamento dei dati personali che lo riguardano, vale a dire i dati che consentono di identificarlo, direttamente o indirettamente, nonch\u00e9 sui suoi diritti in relazione a tale trattamento.<\/p><p>Il Cliente \u00e8 informato che la registrazione e l'utilizzo del Sito danno luogo, per MGS LUCIA RAPETTI, alla raccolta e al trattamento automatico dei dati personali che lo riguardano, il cui utilizzo \u00e8 soggetto alle disposizioni della Legge n. 78-17 del 6 gennaio 1978 relativa all'informatica, agli archivi e alle libert\u00e0 individuali, modificata dalla Legge n. 2004-801 del 6 agosto 2004.<\/p><p>I dati personali raccolti e trattati in questo modo sono, in particolare, i seguenti:<\/p><p>(i) le informazioni fornite al momento della registrazione;<\/p><p>(ii) informazioni relative alle interazioni del Cliente con il Sito;<\/p><p>(iii) contenuti salvati nell'area \"Il mio account\";<\/p><p>(iv) dati tecnici come, ad esempio, l'URL utilizzato dal Cliente o il suo indirizzo IP.<\/p><p>Le risposte obbligatorie, senza le quali il Cliente non potr\u00e0 accedere al Sito, sono indicate come tali nel modulo di registrazione al Sito.<\/p><p>Le informazioni cos\u00ec raccolte sono oggetto di un'elaborazione informatica, il cui scopo \u00e8 quello di consentire al Cliente di utilizzare al meglio il Sito accedendo ai servizi, contattando MGS LUCIA RAPETTI o effettuando un ordine.<\/p><p>Il Cliente dispone di un diritto di accesso e di rettifica dei dati che lo riguardano, nonch\u00e9 di un diritto di opposizione, per motivi legittimi, al trattamento di tali dati, che pu\u00f2 esercitare scrivendo al seguente indirizzo:\u00a0<b>MGS LUCIA RAPETTI 170 AVENUE DE SAINT EST\u00c8VE 06640 SAINT JEANNET.<span class=\"Apple-converted-space\">\u00a0 <\/span>La richiesta deve essere firmata dal Cliente e indicare i suoi dati di contatto.<\/b><\/p><p>Inoltre, MGS LUCIA RAPETTI offre a tutti i suoi Clienti l'invio di newsletter via e-mail, alle quali possono iscriversi inserendo il proprio indirizzo e-mail nell'apposita casella. Se un Cliente non desidera pi\u00f9 ricevere tali messaggi, pu\u00f2 opporsi in qualsiasi momento cliccando sul link fornito a tale scopo in ogni newsletter.<\/p><p>Gli indirizzi e-mail cos\u00ec raccolti sono trattati per l'invio della newsletter di MGS LUCIA RAPETTI. Gli iscritti alla newsletter hanno il diritto di accedere e rettificare i propri dati personali scrivendo al seguente indirizzo:\u00a0<b>MGS LUCIA RAPETTI 170 AVENUE DE SAINT EST\u00c8VE 06640 SAINT JEANNET.<\/b><\/p><p>Questi dati saranno utilizzati esclusivamente da MGS LUCIA RAPETTI.<\/p><p>Il rispetto della privacy e la protezione delle informazioni personali che il Cliente invia a MGS LUCIA RAPETTI sono essenziali e MGS LUCIA RAPETTI compie ogni sforzo per proteggere tali informazioni mettendo in atto tutti i mezzi a sua disposizione per preservare la sicurezza dei dati e, in particolare, per evitare che vengano deformati, danneggiati o che terzi non autorizzati vi accedano.<\/p><p>Al fine di soddisfare al meglio le aspettative del Cliente, MGS LUCIA RAPETTI pu\u00f2 condividere alcune informazioni con i suoi fornitori di servizi, qualificati come \"subappaltatori\" ai sensi della suddetta legge (ad esempio, per la fornitura di servizi informatici, servizi ai clienti). In tutti gli altri casi, i dati personali non possono essere divulgati a terzi senza il previo consenso del Cliente.<\/p><p><b>MGS LUCIA RAPETTI precisa che non intende vendere o commercializzare i dati personali del Cliente.<\/b><\/p><p>I dati personali raccolti da MGS LUCIA RAPETTI nel contesto della creazione di un account cliente e dell'inoltro di un ordine di prodotti sono conservati per il tempo necessario alla gestione degli ordini e dei diritti ad essi associati (garanzie, ecc.), alla gestione della prospezione commerciale, ecc.<\/p><p>Alcuni di questi dati personali saranno inoltre conservati da MGS LUCIA RAPETTI per i periodi richiesti dalla legge al fine di adempiere ai propri obblighi legali.<\/p><p><b>Per quanto tempo MGS LUCIA RAPETTI conserva i suoi dati personali?<span class=\"Apple-converted-space\">\u00a0<\/span><\/b><\/p><p>Il periodo indicato copre il periodo di archiviazione nel database attivo e negli archivi interni:<\/p><p><b>- Informazioni sul conto del cliente:\u00a0<\/b>3 anni dalla data del suo ultimo contatto con MGS LUCIA RAPETTI<\/p><p><b>- I dati del suo ordine:\u00a0<\/b>10 anni dopo l'invio dell'ordine<\/p><p><b>- Prova dell'identit\u00e0 fornita per esercitare il diritto di interrogazione, accesso, rettifica e opposizione:\u00a0<\/b>1 anno dalla data di ricezione da parte di MGS LUCIA RAPETTI.<span class=\"Apple-converted-space\">\u00a0<\/span><\/p><p><b>- Dati della carta di credito che ha scelto di memorizzare sul nostro sito (escluso il crittogramma):\u00a0<\/b>Data di scadenza + 1 giorno (soggetta ai periodi di conservazione indicati di seguito)<\/p><p><b>- Dati della carta di credito, memorizzati o meno (esclusi i crittogrammi), ai fini della gestione di eventuali reclami:\u00a0<\/b><\/p><p>Per le carte di addebito immediato: 13 mesi dalla data di pagamento<\/p><p>Per le carte di debito differite: 15 mesi dalla data di emissione.<\/p><p><b>L'uso dei cookies<\/b><\/p><p>MGS LUCIA RAPETTI utilizza i \"cookie\" per ottimizzare l'utilizzo del Sito da parte del Cliente.<\/p><p>Un \"cookie\" \u00e8 un piccolo file di testo depositato da MGS LUCIA RAPETTI sul disco rigido del Cliente. Consente al sistema di MGS LUCIA RAPETTI di ricordare il dispositivo del Cliente quando visita il Sito. I \"cookie\" utilizzati da MGS LUCIA RAPETTI non contengono dati personali ma solo un numero di identificazione anonimo e informazioni relative alla navigazione del computer interessato sul Sito (le pagine consultate, la data e l'ora della consultazione, ecc.) che MGS LUCIA RAPETTI potr\u00e0 leggere durante le visite successive.<\/p><p>MGS LUCIA RAPETTI utilizza i \"cookie\" al fine di ottimizzare l'utilizzo del Sito e dei servizi da parte del Cliente. In particolare, MGS LUCIA RAPETTI utilizza i \"cookie\" per i seguenti scopi:<\/p><p>- Personalizzare il contenuto del Sito memorizzando le preferenze del Cliente;<\/p><p>- Stabilire i volumi di traffico e di utilizzo dei vari elementi che compongono il Sito;<\/p><p>- Per migliorare il Sito utilizzando le informazioni fornite dai servizi di misurazione dell'audience. I cookie utilizzati nell'ambito di questo servizio consentono di analizzare il comportamento del Cliente in modo globale e anonimo. Le informazioni sull'utilizzo del Sito da parte del Cliente vengono trasmesse in forma anonima a questo servizio (indirizzo IP troncato).<\/p><p>I dati comportamentali vengono raccolti al fine di compilare rapporti statistici sull'attivit\u00e0 del Sito, il cui scopo \u00e8 quello di guidare MGS LUCIA RAPETTI nel processo decisionale relativo ai miglioramenti del Sito. Pertanto, il Sito non associa l'indirizzo IP del Cliente a informazioni che ne consentano l'identificazione.<\/p><p>I clienti sono informati che possono ritirare il loro consenso all'uso dei cookie emessi dal Sito o da siti di terzi in qualsiasi momento, sia per tutti i cookie che per determinate categorie di scopi.<\/p><p>Ad esempio, i Clienti possono facilmente ritirare il loro consenso utilizzando i seguenti mezzi:<\/p><p>Per Mozilla Firefox:\u00a0<a href=\"https:\/\/support.mozilla.org\/fr\/kb\/effacer-cookies-supprimer-infos-sites-enregistrees\">https:\/\/support.mozilla.org\/fr\/kb\/effacer-cookies-supprimer-infos-sites-enregistrees<\/a><\/p><p>- Per Microsoft Internet Explorer:\u00a0<a href=\"http:\/\/windows.microsoft.com\/fr-fr\/internet-explorer\/delete-manage-cookies#ie=ie-9\">http:\/\/windows.microsoft.com\/fr-fr\/internet-explorer\/delete-manage-cookies#ie=ie-9<\/a><\/p><p>- Per Opera:\u00a0<a href=\"http:\/\/help.opera.com\/Windows\/10.20\/fr\/cookies.html\">http:\/\/help.opera.com\/Windows\/10.20\/fr\/cookies.html<\/a><\/p><p>- Per Chrome:\u00a0<a href=\"https:\/\/support.google.com\/chrome\/answer\/95647?hl=fr\">https:\/\/support.google.com\/chrome\/answer\/95647?hl=fr<\/a><\/p><p>Per quanto riguarda i \"cookies di terze parti\", il Cliente pu\u00f2 anche disattivarli sui siti delle aziende che li rilasciano, utilizzando i link corrispondenti indicati sopra.<\/p><p>\u00c8 inoltre possibile annullare l'iscrizione (i) a qualsiasi rete pubblicitaria cliccando sul seguente link:<\/p><p><a href=\"http:\/\/www.youronlinechoices.com\/fr\/foire-aux-questions\/\">http:\/\/www.youronlinechoices.com\/fr\/foire-aux-questions\/<\/a>\u00a0e (ii) pubblicit\u00e0 comportamentale, cliccando sul seguente link:\u00a0<a href=\"http:\/\/www.aboutads.info\/choices\/\">http:\/\/www.aboutads.info\/choices\/<\/a>.<\/p><p>I clienti possono anche trovare alcuni consigli della CNIL cliccando sul link sottostante:\u00a0<a href=\"http:\/\/www.cnil.fr\/vos-droits\/vos-traces\/les-cookies\/conseils-aux-internautes\/\">http:\/\/www.cnil.fr\/vos-droits\/vos-traces\/les-cookies\/conseils-aux-internautes\/<\/a>.<\/p><p>Il consenso ottenuto da MGS LUCIA RAPETTI dal Cliente per l'utilizzo dei \"cookies\" \u00e8 valido per tredici (13) mesi dalla data di deposito dei \"cookie\". Al termine di questo periodo, MGS LUCIA RAPETTI dovr\u00e0 ottenere nuovamente il consenso del Cliente.<\/p>\t\t\t\t\t\t\t\t<\/div>\n\t\t\t\t<\/div>\n\t\t\t\t\t<\/div>\n\t\t\t\t<\/div>\n\t\t\t\t<\/div>","protected":false},"excerpt":{"rendered":"<p>Politique de confidentialit\u00e9 MGS LUCIA RAPETTI accorde une grande importance \u00e0 la protection des donn\u00e9es \u00e0 caract\u00e8re personnel et tient \u00e0 assurer au Client visitant le Site que sa vie priv\u00e9e est prot\u00e9g\u00e9e. Le pr\u00e9sent article vise \u00e0 informer le Client des traitements de donn\u00e9es \u00e0 caract\u00e8re personnel le concernant, c\u2019est-\u00e0-dire des donn\u00e9es permettant de [&hellip;]<\/p>\n","protected":false},"author":2,"featured_media":0,"parent":0,"menu_order":0,"comment_status":"closed","ping_status":"closed","template":"","meta":{"_acf_changed":false,"site-sidebar-layout":"no-sidebar","site-content-layout":"page-builder","ast-site-content-layout":"default","site-content-style":"default","site-sidebar-style":"default","ast-global-header-display":"","ast-banner-title-visibility":"","ast-main-header-display":"","ast-hfb-above-header-display":"","ast-hfb-below-header-display":"","ast-hfb-mobile-header-display":"","site-post-title":"disabled","ast-breadcrumbs-content":"","ast-featured-img":"disabled","footer-sml-layout":"","ast-disable-related-posts":"","theme-transparent-header-meta":"disabled","adv-header-id-meta":"","stick-header-meta":"","header-above-stick-meta":"","header-main-stick-meta":"","header-below-stick-meta":"","astra-migrate-meta-layouts":"default","ast-page-background-enabled":"default","ast-page-background-meta":{"desktop":{"background-color":"var(--ast-global-color-4)","background-image":"","background-repeat":"repeat","background-position":"center center","background-size":"auto","background-attachment":"scroll","background-type":"","background-media":"","overlay-type":"","overlay-color":"","overlay-opacity":"","overlay-gradient":""},"tablet":{"background-color":"","background-image":"","background-repeat":"repeat","background-position":"center center","background-size":"auto","background-attachment":"scroll","background-type":"","background-media":"","overlay-type":"","overlay-color":"","overlay-opacity":"","overlay-gradient":""},"mobile":{"background-color":"","background-image":"","background-repeat":"repeat","background-position":"center center","background-size":"auto","background-attachment":"scroll","background-type":"","background-media":"","overlay-type":"","overlay-color":"","overlay-opacity":"","overlay-gradient":""}},"ast-content-background-meta":{"desktop":{"background-color":"var(--ast-global-color-5)","background-image":"","background-repeat":"repeat","background-position":"center center","background-size":"auto","background-attachment":"scroll","background-type":"","background-media":"","overlay-type":"","overlay-color":"","overlay-opacity":"","overlay-gradient":""},"tablet":{"background-color":"var(--ast-global-color-5)","background-image":"","background-repeat":"repeat","background-position":"center center","background-size":"auto","background-attachment":"scroll","background-type":"","background-media":"","overlay-type":"","overlay-color":"","overlay-opacity":"","overlay-gradient":""},"mobile":{"background-color":"var(--ast-global-color-5)","background-image":"","background-repeat":"repeat","background-position":"center center","background-size":"auto","background-attachment":"scroll","background-type":"","background-media":"","overlay-type":"","overlay-color":"","overlay-opacity":"","overlay-gradient":""}},"footnotes":""},"class_list":["post-3445","page","type-page","status-publish","hentry"],"acf":[],"yoast_head":"<!-- This site is optimized with the Yoast SEO plugin v27.3 - https:\/\/yoast.com\/product\/yoast-seo-wordpress\/ -->\n<title>Politique de Confidentialit\u00e9 et Cookies - Lucia Rapetti Laboratoire Naturel<\/title>\n<meta name=\"robots\" content=\"index, follow, max-snippet:-1, max-image-preview:large, max-video-preview:-1\" \/>\n<link rel=\"canonical\" href=\"https:\/\/lucia-rapetti.com\/it\/informativa-sulla-privacy-e-cookie\/\" \/>\n<meta property=\"og:locale\" content=\"it_IT\" \/>\n<meta property=\"og:type\" content=\"article\" \/>\n<meta property=\"og:title\" content=\"Politique de Confidentialit\u00e9 et Cookies - Lucia Rapetti Laboratoire Naturel\" \/>\n<meta property=\"og:description\" content=\"Politique de confidentialit\u00e9 MGS LUCIA RAPETTI accorde une grande importance \u00e0 la protection des donn\u00e9es \u00e0 caract\u00e8re personnel et tient \u00e0 assurer au Client visitant le Site que sa vie priv\u00e9e est prot\u00e9g\u00e9e. Le pr\u00e9sent article vise \u00e0 informer le Client des traitements de donn\u00e9es \u00e0 caract\u00e8re personnel le concernant, c\u2019est-\u00e0-dire des donn\u00e9es permettant de [&hellip;]\" \/>\n<meta property=\"og:url\" content=\"https:\/\/lucia-rapetti.com\/it\/informativa-sulla-privacy-e-cookie\/\" \/>\n<meta property=\"og:site_name\" content=\"Lucia Rapetti Laboratoire Naturel\" \/>\n<meta property=\"article:publisher\" content=\"https:\/\/www.facebook.com\/luciarapettiofficial\" \/>\n<meta property=\"article:modified_time\" content=\"2024-01-29T09:09:05+00:00\" \/>\n<meta name=\"twitter:card\" content=\"summary_large_image\" \/>\n<meta name=\"twitter:label1\" content=\"Tempo di lettura stimato\" \/>\n\t<meta name=\"twitter:data1\" content=\"7 minuti\" \/>\n<script type=\"application\/ld+json\" class=\"yoast-schema-graph\">{\"@context\":\"https:\\\/\\\/schema.org\",\"@graph\":[{\"@type\":\"WebPage\",\"@id\":\"https:\\\/\\\/lucia-rapetti.com\\\/politique-de-confidentialite-et-cookies\\\/\",\"url\":\"https:\\\/\\\/lucia-rapetti.com\\\/politique-de-confidentialite-et-cookies\\\/\",\"name\":\"Politique de Confidentialit\u00e9 et Cookies - Lucia Rapetti Laboratoire Naturel\",\"isPartOf\":{\"@id\":\"https:\\\/\\\/lucia-rapetti.com\\\/#website\"},\"datePublished\":\"2023-11-23T13:47:01+00:00\",\"dateModified\":\"2024-01-29T09:09:05+00:00\",\"breadcrumb\":{\"@id\":\"https:\\\/\\\/lucia-rapetti.com\\\/politique-de-confidentialite-et-cookies\\\/#breadcrumb\"},\"inLanguage\":\"it-IT\",\"potentialAction\":[{\"@type\":\"ReadAction\",\"target\":[\"https:\\\/\\\/lucia-rapetti.com\\\/politique-de-confidentialite-et-cookies\\\/\"]}]},{\"@type\":\"BreadcrumbList\",\"@id\":\"https:\\\/\\\/lucia-rapetti.com\\\/politique-de-confidentialite-et-cookies\\\/#breadcrumb\",\"itemListElement\":[{\"@type\":\"ListItem\",\"position\":1,\"name\":\"Lucia Rapetti\",\"item\":\"https:\\\/\\\/lucia-rapetti.com\\\/\"},{\"@type\":\"ListItem\",\"position\":2,\"name\":\"Politique de Confidentialit\u00e9 et Cookies\"}]},{\"@type\":\"WebSite\",\"@id\":\"https:\\\/\\\/lucia-rapetti.com\\\/#website\",\"url\":\"https:\\\/\\\/lucia-rapetti.com\\\/\",\"name\":\"Lucia Rapetti Laboratoire Naturel\",\"description\":\"Laboratoire de cosm\u00e9tique naturel et beaut\u00e9\",\"publisher\":{\"@id\":\"https:\\\/\\\/lucia-rapetti.com\\\/#organization\"},\"potentialAction\":[{\"@type\":\"SearchAction\",\"target\":{\"@type\":\"EntryPoint\",\"urlTemplate\":\"https:\\\/\\\/lucia-rapetti.com\\\/?s={search_term_string}\"},\"query-input\":{\"@type\":\"PropertyValueSpecification\",\"valueRequired\":true,\"valueName\":\"search_term_string\"}}],\"inLanguage\":\"it-IT\"},{\"@type\":\"Organization\",\"@id\":\"https:\\\/\\\/lucia-rapetti.com\\\/#organization\",\"name\":\"Lucia Rapetti Laboratoire Naturel\",\"alternateName\":\"LR\",\"url\":\"https:\\\/\\\/lucia-rapetti.com\\\/\",\"logo\":{\"@type\":\"ImageObject\",\"inLanguage\":\"it-IT\",\"@id\":\"https:\\\/\\\/lucia-rapetti.com\\\/#\\\/schema\\\/logo\\\/image\\\/\",\"url\":\"https:\\\/\\\/lucia-rapetti.com\\\/wp-content\\\/uploads\\\/2023\\\/04\\\/cropped-lucia-rapetti-logo-1.png\",\"contentUrl\":\"https:\\\/\\\/lucia-rapetti.com\\\/wp-content\\\/uploads\\\/2023\\\/04\\\/cropped-lucia-rapetti-logo-1.png\",\"width\":850,\"height\":142,\"caption\":\"Lucia Rapetti Laboratoire Naturel\"},\"image\":{\"@id\":\"https:\\\/\\\/lucia-rapetti.com\\\/#\\\/schema\\\/logo\\\/image\\\/\"},\"sameAs\":[\"https:\\\/\\\/www.facebook.com\\\/luciarapettiofficial\",\"https:\\\/\\\/www.instagram.com\\\/luciarapettiofficial\\\/\"]}]}<\/script>\n<!-- \/ Yoast SEO plugin. -->","yoast_head_json":{"title":"Informativa sulla privacy e sui cookie - Lucia Rapetti Laboratoire Naturel","robots":{"index":"index","follow":"follow","max-snippet":"max-snippet:-1","max-image-preview":"max-image-preview:large","max-video-preview":"max-video-preview:-1"},"canonical":"https:\/\/lucia-rapetti.com\/it\/informativa-sulla-privacy-e-cookie\/","og_locale":"it_IT","og_type":"article","og_title":"Politique de Confidentialit\u00e9 et Cookies - Lucia Rapetti Laboratoire Naturel","og_description":"Politique de confidentialit\u00e9 MGS LUCIA RAPETTI accorde une grande importance \u00e0 la protection des donn\u00e9es \u00e0 caract\u00e8re personnel et tient \u00e0 assurer au Client visitant le Site que sa vie priv\u00e9e est prot\u00e9g\u00e9e. Le pr\u00e9sent article vise \u00e0 informer le Client des traitements de donn\u00e9es \u00e0 caract\u00e8re personnel le concernant, c\u2019est-\u00e0-dire des donn\u00e9es permettant de [&hellip;]","og_url":"https:\/\/lucia-rapetti.com\/it\/informativa-sulla-privacy-e-cookie\/","og_site_name":"Lucia Rapetti Laboratoire Naturel","article_publisher":"https:\/\/www.facebook.com\/luciarapettiofficial","article_modified_time":"2024-01-29T09:09:05+00:00","twitter_card":"summary_large_image","twitter_misc":{"Tempo di lettura stimato":"7 minuti"},"schema":{"@context":"https:\/\/schema.org","@graph":[{"@type":"WebPage","@id":"https:\/\/lucia-rapetti.com\/politique-de-confidentialite-et-cookies\/","url":"https:\/\/lucia-rapetti.com\/politique-de-confidentialite-et-cookies\/","name":"Informativa sulla privacy e sui cookie - Lucia Rapetti Laboratoire Naturel","isPartOf":{"@id":"https:\/\/lucia-rapetti.com\/#website"},"datePublished":"2023-11-23T13:47:01+00:00","dateModified":"2024-01-29T09:09:05+00:00","breadcrumb":{"@id":"https:\/\/lucia-rapetti.com\/politique-de-confidentialite-et-cookies\/#breadcrumb"},"inLanguage":"it-IT","potentialAction":[{"@type":"ReadAction","target":["https:\/\/lucia-rapetti.com\/politique-de-confidentialite-et-cookies\/"]}]},{"@type":"BreadcrumbList","@id":"https:\/\/lucia-rapetti.com\/politique-de-confidentialite-et-cookies\/#breadcrumb","itemListElement":[{"@type":"ListItem","position":1,"name":"Lucia Rapetti","item":"https:\/\/lucia-rapetti.com\/"},{"@type":"ListItem","position":2,"name":"Politique de Confidentialit\u00e9 et Cookies"}]},{"@type":"WebSite","@id":"https:\/\/lucia-rapetti.com\/#website","url":"https:\/\/lucia-rapetti.com\/","name":"Laboratorio Naturale Lucia Rapetti","description":"Laboratorio di cosmetica naturale e di bellezza","publisher":{"@id":"https:\/\/lucia-rapetti.com\/#organization"},"potentialAction":[{"@type":"SearchAction","target":{"@type":"EntryPoint","urlTemplate":"https:\/\/lucia-rapetti.com\/?s={search_term_string}"},"query-input":{"@type":"PropertyValueSpecification","valueRequired":true,"valueName":"search_term_string"}}],"inLanguage":"it-IT"},{"@type":"Organization","@id":"https:\/\/lucia-rapetti.com\/#organization","name":"Laboratorio Naturale Lucia Rapetti","alternateName":"LR","url":"https:\/\/lucia-rapetti.com\/","logo":{"@type":"ImageObject","inLanguage":"it-IT","@id":"https:\/\/lucia-rapetti.com\/#\/schema\/logo\/image\/","url":"https:\/\/lucia-rapetti.com\/wp-content\/uploads\/2023\/04\/cropped-lucia-rapetti-logo-1.png","contentUrl":"https:\/\/lucia-rapetti.com\/wp-content\/uploads\/2023\/04\/cropped-lucia-rapetti-logo-1.png","width":850,"height":142,"caption":"Lucia Rapetti Laboratoire Naturel"},"image":{"@id":"https:\/\/lucia-rapetti.com\/#\/schema\/logo\/image\/"},"sameAs":["https:\/\/www.facebook.com\/luciarapettiofficial","https:\/\/www.instagram.com\/luciarapettiofficial\/"]}]}},"_links":{"self":[{"href":"https:\/\/lucia-rapetti.com\/it\/wp-json\/wp\/v2\/pages\/3445","targetHints":{"allow":["GET"]}}],"collection":[{"href":"https:\/\/lucia-rapetti.com\/it\/wp-json\/wp\/v2\/pages"}],"about":[{"href":"https:\/\/lucia-rapetti.com\/it\/wp-json\/wp\/v2\/types\/page"}],"author":[{"embeddable":true,"href":"https:\/\/lucia-rapetti.com\/it\/wp-json\/wp\/v2\/users\/2"}],"replies":[{"embeddable":true,"href":"https:\/\/lucia-rapetti.com\/it\/wp-json\/wp\/v2\/comments?post=3445"}],"version-history":[{"count":0,"href":"https:\/\/lucia-rapetti.com\/it\/wp-json\/wp\/v2\/pages\/3445\/revisions"}],"wp:attachment":[{"href":"https:\/\/lucia-rapetti.com\/it\/wp-json\/wp\/v2\/media?parent=3445"}],"curies":[{"name":"wp","href":"https:\/\/api.w.org\/{rel}","templated":true}]}}