{"id":2735,"date":"2023-09-12T11:39:21","date_gmt":"2023-09-12T09:39:21","guid":{"rendered":"https:\/\/client.comanddesign.com\/?page_id=2735"},"modified":"2024-04-30T15:17:26","modified_gmt":"2024-04-30T13:17:26","slug":"integratori-alimentari-biotype","status":"publish","type":"page","link":"https:\/\/lucia-rapetti.com\/it\/integratori-alimentari-biotype\/","title":{"rendered":"Integratori Alimentari Biotipologie"},"content":{"rendered":"<div data-elementor-type=\"wp-page\" data-elementor-id=\"2735\" class=\"elementor elementor-2735\" data-elementor-post-type=\"page\">\n\t\t\t\t<div class=\"elementor-element elementor-element-f9f8404 e-flex e-con-boxed e-con e-parent\" data-id=\"f9f8404\" data-element_type=\"container\" data-e-type=\"container\">\n\t\t\t\t\t<div class=\"e-con-inner\">\n\t\t<div class=\"elementor-element elementor-element-aff1ec5 e-con-full e-flex e-con e-child\" data-id=\"aff1ec5\" data-element_type=\"container\" data-e-type=\"container\">\n\t\t\t\t<div class=\"elementor-element elementor-element-6ed9b998 elementor-widget elementor-widget-heading\" data-id=\"6ed9b998\" data-element_type=\"widget\" data-e-type=\"widget\" data-widget_type=\"heading.default\">\n\t\t\t\t<div class=\"elementor-widget-container\">\n\t\t\t\t\t<h1 class=\"elementor-heading-title elementor-size-default\">Biotipi<\/h1>\t\t\t\t<\/div>\n\t\t\t\t<\/div>\n\t\t\t\t<div class=\"elementor-element elementor-element-6daab446 elementor-widget elementor-widget-heading\" data-id=\"6daab446\" data-element_type=\"widget\" data-e-type=\"widget\" data-widget_type=\"heading.default\">\n\t\t\t\t<div class=\"elementor-widget-container\">\n\t\t\t\t\t<h2 class=\"elementor-heading-title elementor-size-default\">Integratori Alimentari<\/h2>\t\t\t\t<\/div>\n\t\t\t\t<\/div>\n\t\t\t\t<\/div>\n\t\t\t\t\t<\/div>\n\t\t\t\t<\/div>\n\t\t<div class=\"elementor-element elementor-element-4e923183 e-flex e-con-boxed e-con e-parent\" data-id=\"4e923183\" data-element_type=\"container\" data-e-type=\"container\">\n\t\t\t\t\t<div class=\"e-con-inner\">\n\t\t\t\t<div class=\"elementor-element elementor-element-b7b9018 uael-woo-pagination-align-left uael-woo--align-left uael-sale-flash-custom elementor-widget elementor-widget-uael-woo-products\" data-id=\"b7b9018\" data-element_type=\"widget\" data-e-type=\"widget\" data-settings=\"{&quot;products_columns&quot;:&quot;3&quot;,&quot;products_columns_tablet&quot;:&quot;2&quot;,&quot;pagination_align&quot;:&quot;left&quot;,&quot;products_columns_mobile&quot;:&quot;1&quot;}\" data-widget_type=\"uael-woo-products.grid-franko\">\n\t\t\t\t<div class=\"elementor-widget-container\">\n\t\t\t\t\t<div class=\"uael-woocommerce uael-woo-products-grid uael-woo-skin-grid-franko uael-woo-query-custom\" data-page=\"2735\" data-skin=\"grid_franko\"><div class=\"columns-3 uael-woo-products-inner uael-woo-product__column-3 uael-woo-product__column-tablet-2 uael-woo-product__column-mobile-1 uael-woo-product__hover-swap\"><ul class=\"products columns-3\">\n\n<li class=\"compl\u00e9ments alimentaires pour biotypologies post-2693 product first outofstock taxable shipping-taxable purchasable product-type-simple\">\n\t<div class=\"uael-woo-product-wrapper\">\n\t\t<div class=\"uael-woo-products-thumbnail-wrap\"><div class=\"uael-flash-container\"><\/div><a href=\"https:\/\/lucia-rapetti.com\/it\/prodotto-2\/biotipo-s-60-capsule\/\" class=\"woocommerce-LoopProduct-link woocommerce-loop-product__link\"><img fetchpriority=\"high\" decoding=\"async\" width=\"600\" height=\"600\" src=\"https:\/\/lucia-rapetti.com\/wp-content\/uploads\/2023\/09\/LR-sito-biotypes-S-600x600.png\" class=\"attachment-woocommerce_thumbnail size-woocommerce_thumbnail\" alt=\"s-biotipi\" \/><\/a><span class=\"uael-out-of-stock\">Esaurito<\/span><div class=\"uael-product-actions\"><\/div><\/div><div class=\"uael-woo-products-summary-wrap\"><a href=\"https:\/\/lucia-rapetti.com\/it\/prodotto-2\/biotipo-s-60-capsule\/\" class=\"uael-loop-product__link\"><h2 class=\"woocommerce-loop-product__title\" data-no-translation=\"\">Biotype-S 60 G\u00e9lules<\/h2><\/a>\n\t<span class=\"price\"><span class=\"woocommerce-Price-amount amount\"><bdi>40,00<span class=\"woocommerce-Price-currencySymbol\">\u20ac<\/span><\/bdi><\/span><\/span>\n<\/div>\t<\/div>\n<\/li>\n\n<li class=\"compl\u00e9ments alimentaires pour biotypologies post-2689 product  outofstock taxable shipping-taxable purchasable product-type-simple\">\n\t<div class=\"uael-woo-product-wrapper\">\n\t\t<div class=\"uael-woo-products-thumbnail-wrap\"><div class=\"uael-flash-container\"><\/div><a href=\"https:\/\/lucia-rapetti.com\/it\/prodotto-2\/biotipo-c-60-capsule\/\" class=\"woocommerce-LoopProduct-link woocommerce-loop-product__link\"><img decoding=\"async\" width=\"600\" height=\"600\" src=\"https:\/\/lucia-rapetti.com\/wp-content\/uploads\/2023\/09\/LR-sito-biotypes-C-600x600.png\" class=\"attachment-woocommerce_thumbnail size-woocommerce_thumbnail\" alt=\"biotipi-c\" \/><\/a><span class=\"uael-out-of-stock\">Esaurito<\/span><div class=\"uael-product-actions\"><\/div><\/div><div class=\"uael-woo-products-summary-wrap\"><a href=\"https:\/\/lucia-rapetti.com\/it\/prodotto-2\/biotipo-c-60-capsule\/\" class=\"uael-loop-product__link\"><h2 class=\"woocommerce-loop-product__title\" data-no-translation=\"\">Biotype-C 60 G\u00e9lules<\/h2><\/a>\n\t<span class=\"price\"><span class=\"woocommerce-Price-amount amount\"><bdi>40,00<span class=\"woocommerce-Price-currencySymbol\">\u20ac<\/span><\/bdi><\/span><\/span>\n<\/div>\t<\/div>\n<\/li>\n\n<li class=\"compl\u00e9ments alimentaires pour biotypologies post-2696 product last outofstock taxable shipping-taxable purchasable product-type-simple\">\n\t<div class=\"uael-woo-product-wrapper\">\n\t\t<div class=\"uael-woo-products-thumbnail-wrap\"><div class=\"uael-flash-container\"><\/div><a href=\"https:\/\/lucia-rapetti.com\/it\/prodotto-2\/biotipo-m-p-60-capsule\/\" class=\"woocommerce-LoopProduct-link woocommerce-loop-product__link\"><img decoding=\"async\" width=\"600\" height=\"600\" src=\"https:\/\/lucia-rapetti.com\/wp-content\/uploads\/2023\/09\/LR-sito-biotypes-MP-600x600.png\" class=\"attachment-woocommerce_thumbnail size-woocommerce_thumbnail\" alt=\"biotipi m\/p\" \/><\/a><span class=\"uael-out-of-stock\">Esaurito<\/span><div class=\"uael-product-actions\"><\/div><\/div><div class=\"uael-woo-products-summary-wrap\"><a href=\"https:\/\/lucia-rapetti.com\/it\/prodotto-2\/biotipo-m-p-60-capsule\/\" class=\"uael-loop-product__link\"><h2 class=\"woocommerce-loop-product__title\" data-no-translation=\"\">Biotype-M\/P 60 G\u00e9lules<\/h2><\/a>\n\t<span class=\"price\"><span class=\"woocommerce-Price-amount amount\"><bdi>40,00<span class=\"woocommerce-Price-currencySymbol\">\u20ac<\/span><\/bdi><\/span><\/span>\n<\/div>\t<\/div>\n<\/li>\n<\/ul>\n<\/div><\/div>\t\t\t\t<\/div>\n\t\t\t\t<\/div>\n\t\t\t\t\t<\/div>\n\t\t\t\t<\/div>\n\t\t\t\t<\/div>","protected":false},"excerpt":{"rendered":"<p>Biotypes Compl\u00e9ments Alimentaires Biotypes-C 60 G\u00e9lules 39,00&euro; Biotypes-M\/P 60 G\u00e9lules 39,00&euro; Biotypes-S 60 G\u00e9lules 39,00&euro;<\/p>","protected":false},"author":2,"featured_media":0,"parent":0,"menu_order":0,"comment_status":"closed","ping_status":"closed","template":"","meta":{"_acf_changed":false,"site-sidebar-layout":"no-sidebar","site-content-layout":"page-builder","ast-site-content-layout":"full-width-container","site-content-style":"unboxed","site-sidebar-style":"unboxed","ast-global-header-display":"","ast-banner-title-visibility":"","ast-main-header-display":"","ast-hfb-above-header-display":"","ast-hfb-below-header-display":"","ast-hfb-mobile-header-display":"","site-post-title":"disabled","ast-breadcrumbs-content":"","ast-featured-img":"disabled","footer-sml-layout":"","ast-disable-related-posts":"","theme-transparent-header-meta":"","adv-header-id-meta":"","stick-header-meta":"","header-above-stick-meta":"","header-main-stick-meta":"","header-below-stick-meta":"","astra-migrate-meta-layouts":"set","ast-page-background-enabled":"default","ast-page-background-meta":{"desktop":{"background-color":"var(--ast-global-color-4)","background-image":"","background-repeat":"repeat","background-position":"center center","background-size":"auto","background-attachment":"scroll","background-type":"","background-media":"","overlay-type":"","overlay-color":"","overlay-opacity":"","overlay-gradient":""},"tablet":{"background-color":"","background-image":"","background-repeat":"repeat","background-position":"center center","background-size":"auto","background-attachment":"scroll","background-type":"","background-media":"","overlay-type":"","overlay-color":"","overlay-opacity":"","overlay-gradient":""},"mobile":{"background-color":"","background-image":"","background-repeat":"repeat","background-position":"center center","background-size":"auto","background-attachment":"scroll","background-type":"","background-media":"","overlay-type":"","overlay-color":"","overlay-opacity":"","overlay-gradient":""}},"ast-content-background-meta":{"desktop":{"background-color":"var(--ast-global-color-5)","background-image":"","background-repeat":"repeat","background-position":"center center","background-size":"auto","background-attachment":"scroll","background-type":"","background-media":"","overlay-type":"","overlay-color":"","overlay-opacity":"","overlay-gradient":""},"tablet":{"background-color":"var(--ast-global-color-5)","background-image":"","background-repeat":"repeat","background-position":"center center","background-size":"auto","background-attachment":"scroll","background-type":"","background-media":"","overlay-type":"","overlay-color":"","overlay-opacity":"","overlay-gradient":""},"mobile":{"background-color":"var(--ast-global-color-5)","background-image":"","background-repeat":"repeat","background-position":"center center","background-size":"auto","background-attachment":"scroll","background-type":"","background-media":"","overlay-type":"","overlay-color":"","overlay-opacity":"","overlay-gradient":""}},"footnotes":""},"class_list":["post-2735","page","type-page","status-publish","hentry","desktop-align-left","tablet-align-left","mobile-align-left","ast-product-gallery-layout-vertical-slider","ast-product-gallery-with-no-image","ast-product-tabs-layout-horizontal","ast-qv-on-image"],"acf":[],"yoast_head":"<!-- This site is optimized with the Yoast SEO plugin v27.3 - https:\/\/yoast.com\/product\/yoast-seo-wordpress\/ -->\n<title>Biotypes : Compl\u00e9ments Alimentaires Sant\u00e9 - Lucia Rapetti<\/title>\n<meta name=\"description\" content=\"Explorez notre gamme de compl\u00e9ments alimentaires Biotypes pour une sant\u00e9 optimale et un bien-\u00eatre naturel.\" \/>\n<meta name=\"robots\" content=\"index, follow, max-snippet:-1, max-image-preview:large, max-video-preview:-1\" \/>\n<link rel=\"canonical\" href=\"https:\/\/lucia-rapetti.com\/it\/integratori-alimentari-biotype\/\" \/>\n<meta property=\"og:locale\" content=\"it_IT\" \/>\n<meta property=\"og:type\" content=\"article\" \/>\n<meta property=\"og:title\" content=\"Biotypes : Compl\u00e9ments Alimentaires Sant\u00e9 - Lucia Rapetti\" \/>\n<meta property=\"og:description\" content=\"Explorez notre gamme de compl\u00e9ments alimentaires Biotypes pour une sant\u00e9 optimale et un bien-\u00eatre naturel.\" \/>\n<meta property=\"og:url\" content=\"https:\/\/lucia-rapetti.com\/it\/integratori-alimentari-biotype\/\" \/>\n<meta property=\"og:site_name\" content=\"Lucia Rapetti Laboratoire Naturel\" \/>\n<meta property=\"article:publisher\" content=\"https:\/\/www.facebook.com\/luciarapettiofficial\" \/>\n<meta property=\"article:modified_time\" content=\"2024-04-30T13:17:26+00:00\" \/>\n<meta property=\"og:image\" content=\"https:\/\/nouveau.lucia-rapetti.com\/wp-content\/uploads\/2023\/09\/LR-sito-biotypes-C-600x600.png\" \/>\n<meta name=\"twitter:card\" content=\"summary_large_image\" \/>\n<meta name=\"twitter:label1\" content=\"Tempo di lettura stimato\" \/>\n\t<meta name=\"twitter:data1\" content=\"1 minuto\" \/>\n<script type=\"application\/ld+json\" class=\"yoast-schema-graph\">{\"@context\":\"https:\\\/\\\/schema.org\",\"@graph\":[{\"@type\":\"WebPage\",\"@id\":\"https:\\\/\\\/lucia-rapetti.com\\\/complements-alimentaires-biotypes\\\/\",\"url\":\"https:\\\/\\\/lucia-rapetti.com\\\/complements-alimentaires-biotypes\\\/\",\"name\":\"Biotypes : Compl\u00e9ments Alimentaires Sant\u00e9 - Lucia Rapetti\",\"isPartOf\":{\"@id\":\"https:\\\/\\\/lucia-rapetti.com\\\/#website\"},\"primaryImageOfPage\":{\"@id\":\"https:\\\/\\\/lucia-rapetti.com\\\/complements-alimentaires-biotypes\\\/#primaryimage\"},\"image\":{\"@id\":\"https:\\\/\\\/lucia-rapetti.com\\\/complements-alimentaires-biotypes\\\/#primaryimage\"},\"thumbnailUrl\":\"https:\\\/\\\/nouveau.lucia-rapetti.com\\\/wp-content\\\/uploads\\\/2023\\\/09\\\/LR-sito-biotypes-C-600x600.png\",\"datePublished\":\"2023-09-12T09:39:21+00:00\",\"dateModified\":\"2024-04-30T13:17:26+00:00\",\"description\":\"Explorez notre gamme de compl\u00e9ments alimentaires Biotypes pour une sant\u00e9 optimale et un bien-\u00eatre naturel.\",\"breadcrumb\":{\"@id\":\"https:\\\/\\\/lucia-rapetti.com\\\/complements-alimentaires-biotypes\\\/#breadcrumb\"},\"inLanguage\":\"it-IT\",\"potentialAction\":[{\"@type\":\"ReadAction\",\"target\":[\"https:\\\/\\\/lucia-rapetti.com\\\/complements-alimentaires-biotypes\\\/\"]}]},{\"@type\":\"ImageObject\",\"inLanguage\":\"it-IT\",\"@id\":\"https:\\\/\\\/lucia-rapetti.com\\\/complements-alimentaires-biotypes\\\/#primaryimage\",\"url\":\"https:\\\/\\\/nouveau.lucia-rapetti.com\\\/wp-content\\\/uploads\\\/2023\\\/09\\\/LR-sito-biotypes-C-600x600.png\",\"contentUrl\":\"https:\\\/\\\/nouveau.lucia-rapetti.com\\\/wp-content\\\/uploads\\\/2023\\\/09\\\/LR-sito-biotypes-C-600x600.png\"},{\"@type\":\"BreadcrumbList\",\"@id\":\"https:\\\/\\\/lucia-rapetti.com\\\/complements-alimentaires-biotypes\\\/#breadcrumb\",\"itemListElement\":[{\"@type\":\"ListItem\",\"position\":1,\"name\":\"Lucia Rapetti\",\"item\":\"https:\\\/\\\/lucia-rapetti.com\\\/\"},{\"@type\":\"ListItem\",\"position\":2,\"name\":\"Compl\u00e9ments Alimentaires Biotypes\"}]},{\"@type\":\"WebSite\",\"@id\":\"https:\\\/\\\/lucia-rapetti.com\\\/#website\",\"url\":\"https:\\\/\\\/lucia-rapetti.com\\\/\",\"name\":\"Lucia Rapetti Laboratoire Naturel\",\"description\":\"Laboratoire de cosm\u00e9tique naturel et beaut\u00e9\",\"publisher\":{\"@id\":\"https:\\\/\\\/lucia-rapetti.com\\\/#organization\"},\"potentialAction\":[{\"@type\":\"SearchAction\",\"target\":{\"@type\":\"EntryPoint\",\"urlTemplate\":\"https:\\\/\\\/lucia-rapetti.com\\\/?s={search_term_string}\"},\"query-input\":{\"@type\":\"PropertyValueSpecification\",\"valueRequired\":true,\"valueName\":\"search_term_string\"}}],\"inLanguage\":\"it-IT\"},{\"@type\":\"Organization\",\"@id\":\"https:\\\/\\\/lucia-rapetti.com\\\/#organization\",\"name\":\"Lucia Rapetti Laboratoire Naturel\",\"alternateName\":\"LR\",\"url\":\"https:\\\/\\\/lucia-rapetti.com\\\/\",\"logo\":{\"@type\":\"ImageObject\",\"inLanguage\":\"it-IT\",\"@id\":\"https:\\\/\\\/lucia-rapetti.com\\\/#\\\/schema\\\/logo\\\/image\\\/\",\"url\":\"https:\\\/\\\/lucia-rapetti.com\\\/wp-content\\\/uploads\\\/2023\\\/04\\\/cropped-lucia-rapetti-logo-1.png\",\"contentUrl\":\"https:\\\/\\\/lucia-rapetti.com\\\/wp-content\\\/uploads\\\/2023\\\/04\\\/cropped-lucia-rapetti-logo-1.png\",\"width\":850,\"height\":142,\"caption\":\"Lucia Rapetti Laboratoire Naturel\"},\"image\":{\"@id\":\"https:\\\/\\\/lucia-rapetti.com\\\/#\\\/schema\\\/logo\\\/image\\\/\"},\"sameAs\":[\"https:\\\/\\\/www.facebook.com\\\/luciarapettiofficial\",\"https:\\\/\\\/www.instagram.com\\\/luciarapettiofficial\\\/\"]}]}<\/script>\n<!-- \/ Yoast SEO plugin. -->","yoast_head_json":{"title":"Biotipi : Integratori alimentari per la salute - Lucia Rapetti","description":"Esplorate la nostra gamma di integratori alimentari Biotypes per una salute ottimale e un benessere naturale.","robots":{"index":"index","follow":"follow","max-snippet":"max-snippet:-1","max-image-preview":"max-image-preview:large","max-video-preview":"max-video-preview:-1"},"canonical":"https:\/\/lucia-rapetti.com\/it\/integratori-alimentari-biotype\/","og_locale":"it_IT","og_type":"article","og_title":"Biotypes : Compl\u00e9ments Alimentaires Sant\u00e9 - Lucia Rapetti","og_description":"Explorez notre gamme de compl\u00e9ments alimentaires Biotypes pour une sant\u00e9 optimale et un bien-\u00eatre naturel.","og_url":"https:\/\/lucia-rapetti.com\/it\/integratori-alimentari-biotype\/","og_site_name":"Lucia Rapetti Laboratoire Naturel","article_publisher":"https:\/\/www.facebook.com\/luciarapettiofficial","article_modified_time":"2024-04-30T13:17:26+00:00","og_image":[{"url":"https:\/\/nouveau.lucia-rapetti.com\/wp-content\/uploads\/2023\/09\/LR-sito-biotypes-C-600x600.png","type":"","width":"","height":""}],"twitter_card":"summary_large_image","twitter_misc":{"Tempo di lettura stimato":"1 minuto"},"schema":{"@context":"https:\/\/schema.org","@graph":[{"@type":"WebPage","@id":"https:\/\/lucia-rapetti.com\/complements-alimentaires-biotypes\/","url":"https:\/\/lucia-rapetti.com\/complements-alimentaires-biotypes\/","name":"Biotipi : Integratori alimentari per la salute - Lucia Rapetti","isPartOf":{"@id":"https:\/\/lucia-rapetti.com\/#website"},"primaryImageOfPage":{"@id":"https:\/\/lucia-rapetti.com\/complements-alimentaires-biotypes\/#primaryimage"},"image":{"@id":"https:\/\/lucia-rapetti.com\/complements-alimentaires-biotypes\/#primaryimage"},"thumbnailUrl":"https:\/\/nouveau.lucia-rapetti.com\/wp-content\/uploads\/2023\/09\/LR-sito-biotypes-C-600x600.png","datePublished":"2023-09-12T09:39:21+00:00","dateModified":"2024-04-30T13:17:26+00:00","description":"Esplorate la nostra gamma di integratori alimentari Biotypes per una salute ottimale e un benessere naturale.","breadcrumb":{"@id":"https:\/\/lucia-rapetti.com\/complements-alimentaires-biotypes\/#breadcrumb"},"inLanguage":"it-IT","potentialAction":[{"@type":"ReadAction","target":["https:\/\/lucia-rapetti.com\/complements-alimentaires-biotypes\/"]}]},{"@type":"ImageObject","inLanguage":"it-IT","@id":"https:\/\/lucia-rapetti.com\/complements-alimentaires-biotypes\/#primaryimage","url":"https:\/\/nouveau.lucia-rapetti.com\/wp-content\/uploads\/2023\/09\/LR-sito-biotypes-C-600x600.png","contentUrl":"https:\/\/nouveau.lucia-rapetti.com\/wp-content\/uploads\/2023\/09\/LR-sito-biotypes-C-600x600.png"},{"@type":"BreadcrumbList","@id":"https:\/\/lucia-rapetti.com\/complements-alimentaires-biotypes\/#breadcrumb","itemListElement":[{"@type":"ListItem","position":1,"name":"Lucia Rapetti","item":"https:\/\/lucia-rapetti.com\/"},{"@type":"ListItem","position":2,"name":"Compl\u00e9ments Alimentaires Biotypes"}]},{"@type":"WebSite","@id":"https:\/\/lucia-rapetti.com\/#website","url":"https:\/\/lucia-rapetti.com\/","name":"Laboratorio Naturale Lucia Rapetti","description":"Laboratorio di cosmetica naturale e di bellezza","publisher":{"@id":"https:\/\/lucia-rapetti.com\/#organization"},"potentialAction":[{"@type":"SearchAction","target":{"@type":"EntryPoint","urlTemplate":"https:\/\/lucia-rapetti.com\/?s={search_term_string}"},"query-input":{"@type":"PropertyValueSpecification","valueRequired":true,"valueName":"search_term_string"}}],"inLanguage":"it-IT"},{"@type":"Organization","@id":"https:\/\/lucia-rapetti.com\/#organization","name":"Laboratorio Naturale Lucia Rapetti","alternateName":"LR","url":"https:\/\/lucia-rapetti.com\/","logo":{"@type":"ImageObject","inLanguage":"it-IT","@id":"https:\/\/lucia-rapetti.com\/#\/schema\/logo\/image\/","url":"https:\/\/lucia-rapetti.com\/wp-content\/uploads\/2023\/04\/cropped-lucia-rapetti-logo-1.png","contentUrl":"https:\/\/lucia-rapetti.com\/wp-content\/uploads\/2023\/04\/cropped-lucia-rapetti-logo-1.png","width":850,"height":142,"caption":"Lucia Rapetti Laboratoire Naturel"},"image":{"@id":"https:\/\/lucia-rapetti.com\/#\/schema\/logo\/image\/"},"sameAs":["https:\/\/www.facebook.com\/luciarapettiofficial","https:\/\/www.instagram.com\/luciarapettiofficial\/"]}]}},"_links":{"self":[{"href":"https:\/\/lucia-rapetti.com\/it\/wp-json\/wp\/v2\/pages\/2735","targetHints":{"allow":["GET"]}}],"collection":[{"href":"https:\/\/lucia-rapetti.com\/it\/wp-json\/wp\/v2\/pages"}],"about":[{"href":"https:\/\/lucia-rapetti.com\/it\/wp-json\/wp\/v2\/types\/page"}],"author":[{"embeddable":true,"href":"https:\/\/lucia-rapetti.com\/it\/wp-json\/wp\/v2\/users\/2"}],"replies":[{"embeddable":true,"href":"https:\/\/lucia-rapetti.com\/it\/wp-json\/wp\/v2\/comments?post=2735"}],"version-history":[{"count":0,"href":"https:\/\/lucia-rapetti.com\/it\/wp-json\/wp\/v2\/pages\/2735\/revisions"}],"wp:attachment":[{"href":"https:\/\/lucia-rapetti.com\/it\/wp-json\/wp\/v2\/media?parent=2735"}],"curies":[{"name":"wp","href":"https:\/\/api.w.org\/{rel}","templated":true}]}}