{"id":15194,"date":"2024-04-17T16:08:16","date_gmt":"2024-04-17T14:08:16","guid":{"rendered":"https:\/\/lucia-rapetti.com\/?page_id=15194"},"modified":"2024-04-19T10:27:09","modified_gmt":"2024-04-19T08:27:09","slug":"come-fare-un-anti-naturale","status":"publish","type":"page","link":"https:\/\/lucia-rapetti.com\/it\/cura-viso-anti-eta-naturale\/come-fare-un-anti-naturale\/","title":{"rendered":"Come si realizza un prodotto antirughe naturale?"},"content":{"rendered":"<div data-elementor-type=\"wp-page\" data-elementor-id=\"15194\" class=\"elementor elementor-15194\" data-elementor-post-type=\"page\">\n\t\t\t\t<div class=\"elementor-element elementor-element-776b3e2 e-flex e-con-boxed e-con e-parent\" data-id=\"776b3e2\" data-element_type=\"container\" data-e-type=\"container\">\n\t\t\t\t\t<div class=\"e-con-inner\">\n\t\t\t\t<div class=\"elementor-element elementor-element-2b78594 elementor-widget elementor-widget-heading\" data-id=\"2b78594\" data-element_type=\"widget\" data-e-type=\"widget\" data-widget_type=\"heading.default\">\n\t\t\t\t<div class=\"elementor-widget-container\">\n\t\t\t\t\t<h1 class=\"elementor-heading-title elementor-size-default\">Come creare la tua antirughe naturale: una guida completa dal nostro salone di bellezza<\/h1>\t\t\t\t<\/div>\n\t\t\t\t<\/div>\n\t\t\t\t\t<\/div>\n\t\t\t\t<\/div>\n\t\t\t\t<section class=\"elementor-section elementor-top-section elementor-element elementor-element-90662db elementor-section-content-middle elementor-section-boxed elementor-section-height-default elementor-section-height-default\" data-id=\"90662db\" data-element_type=\"section\" data-e-type=\"section\" data-settings=\"{&quot;background_background&quot;:&quot;classic&quot;}\">\n\t\t\t\t\t\t<div class=\"elementor-container elementor-column-gap-no\">\n\t\t\t\t\t<div class=\"elementor-column elementor-col-50 elementor-top-column elementor-element elementor-element-88058b7\" data-id=\"88058b7\" data-element_type=\"column\" data-e-type=\"column\">\n\t\t\t<div class=\"elementor-widget-wrap elementor-element-populated\">\n\t\t\t\t\t\t<div class=\"elementor-element elementor-element-6c65afb elementor-widget elementor-widget-text-editor\" data-id=\"6c65afb\" data-element_type=\"widget\" data-e-type=\"widget\" data-widget_type=\"text-editor.default\">\n\t\t\t\t<div class=\"elementor-widget-container\">\n\t\t\t\t\t\t\t\t\t<p class=\"translation-block\"><span style=\"font-size: 16px\">Gli ingredienti naturali sono diventati essenziali nel settore della bellezza, e per una buona ragione! Il loro utilizzo offre un'alternativa sana e rispettosa <\/span><a style=\"font-size: 16px;background-color: #ffffff\" href=\"https:\/\/lucia-rapetti.com\/it\/cura-viso-anti-eta-naturale\/\" target=\"_self\">pelle<\/a><span style=\"font-size: 16px\">, allontanando cos\u00ec le paure legate alle sostanze chimiche aggressive. Optando per ingredienti di origine naturale, offri alla tua pelle una vera boccata di ossigeno, permettendole di rigenerarsi e ritrovare tutto il suo splendore naturale.<\/span><\/p><p>I prodotti di bellezza contenenti ingredienti naturali sono generalmente pi\u00f9 delicati sulla pelle, riducendo il rischio di irritazioni e allergie. Scegliendo ingredienti come l'olio di rosa canina, il gel di aloe vera o l'estratto di t\u00e8 verde, donerai alla tua pelle un vero e proprio restyling. Questi ingredienti idratano in profondit\u00e0, stimolano la produzione di collagene e proteggono la pelle dai radicali liberi responsabili dell'invecchiamento cutaneo.<\/p><p>La natura \u00e8 piena di tesori dalle virt\u00f9 straordinarie per la nostra pelle. Incorporando ingredienti naturali ricchi di antiossidanti, come la vitamina E o l'olio di jojoba, offri alla tua pelle protezione dalle aggressioni esterne e dai segni dell'invecchiamento precoce. Questi preziosi alleati agiscono in profondit\u00e0 per rafforzare la barriera cutanea e preservare la giovinezza della tua pelle in modo naturale ed efficace.<\/p>\t\t\t\t\t\t\t\t<\/div>\n\t\t\t\t<\/div>\n\t\t\t\t<div class=\"elementor-element elementor-element-b7978ca elementor-mobile-align-center elementor-align-left elementor-widget elementor-widget-button\" data-id=\"b7978ca\" data-element_type=\"widget\" data-e-type=\"widget\" data-widget_type=\"button.default\">\n\t\t\t\t<div class=\"elementor-widget-container\">\n\t\t\t\t\t\t\t\t\t<div class=\"elementor-button-wrapper\">\n\t\t\t\t\t<a class=\"elementor-button elementor-button-link elementor-size-sm\" href=\"\/it\/intervalli\/\">\n\t\t\t\t\t\t<span class=\"elementor-button-content-wrapper\">\n\t\t\t\t\t\t\t\t\t<span class=\"elementor-button-text\">Scopri i prodotti<\/span>\n\t\t\t\t\t<\/span>\n\t\t\t\t\t<\/a>\n\t\t\t\t<\/div>\n\t\t\t\t\t\t\t\t<\/div>\n\t\t\t\t<\/div>\n\t\t\t\t\t<\/div>\n\t\t<\/div>\n\t\t\t\t<div class=\"elementor-column elementor-col-50 elementor-top-column elementor-element elementor-element-2148a65\" data-id=\"2148a65\" data-element_type=\"column\" data-e-type=\"column\">\n\t\t\t<div class=\"elementor-widget-wrap elementor-element-populated\">\n\t\t\t\t\t\t<div class=\"elementor-element elementor-element-14e5c50 elementor-widget-tablet__width-initial elementor-widget elementor-widget-image\" data-id=\"14e5c50\" data-element_type=\"widget\" data-e-type=\"widget\" data-widget_type=\"image.default\">\n\t\t\t\t<div class=\"elementor-widget-container\">\n\t\t\t\t\t\t\t\t\t\t\t\t\t\t\t<img fetchpriority=\"high\" decoding=\"async\" width=\"534\" height=\"650\" src=\"https:\/\/lucia-rapetti.com\/wp-content\/uploads\/2023\/07\/LR-sito-hp-clean-beauty2.jpg\" class=\"attachment-full size-full wp-image-1850\" alt=\"prodotto di bellezza pulito\" srcset=\"https:\/\/lucia-rapetti.com\/wp-content\/uploads\/2023\/07\/LR-sito-hp-clean-beauty2.jpg 534w, https:\/\/lucia-rapetti.com\/wp-content\/uploads\/2023\/07\/LR-sito-hp-clean-beauty2-246x300.jpg 246w\" sizes=\"(max-width: 534px) 100vw, 534px\" \/>\t\t\t\t\t\t\t\t\t\t\t\t\t\t\t<\/div>\n\t\t\t\t<\/div>\n\t\t\t\t\t<\/div>\n\t\t<\/div>\n\t\t\t\t\t<\/div>\n\t\t<\/section>\n\t\t\t\t<section class=\"elementor-section elementor-top-section elementor-element elementor-element-0df5397 elementor-section-content-middle elementor-reverse-mobile elementor-section-boxed elementor-section-height-default elementor-section-height-default\" data-id=\"0df5397\" data-element_type=\"section\" data-e-type=\"section\" data-settings=\"{&quot;background_background&quot;:&quot;classic&quot;}\">\n\t\t\t\t\t\t<div class=\"elementor-container elementor-column-gap-no\">\n\t\t\t\t\t<div class=\"elementor-column elementor-col-50 elementor-top-column elementor-element elementor-element-9ec4c81\" data-id=\"9ec4c81\" data-element_type=\"column\" data-e-type=\"column\">\n\t\t\t<div class=\"elementor-widget-wrap elementor-element-populated\">\n\t\t\t\t\t\t<div class=\"elementor-element elementor-element-d24726b elementor-widget elementor-widget-image\" data-id=\"d24726b\" data-element_type=\"widget\" data-e-type=\"widget\" data-widget_type=\"image.default\">\n\t\t\t\t<div class=\"elementor-widget-container\">\n\t\t\t\t\t\t\t\t\t\t\t\t\t\t\t<img decoding=\"async\" width=\"534\" height=\"650\" src=\"https:\/\/lucia-rapetti.com\/wp-content\/uploads\/2023\/07\/LR-sito-estetista.jpg\" class=\"attachment-full size-full wp-image-2045\" alt=\"cure estetiche naturali\" srcset=\"https:\/\/lucia-rapetti.com\/wp-content\/uploads\/2023\/07\/LR-sito-estetista.jpg 534w, https:\/\/lucia-rapetti.com\/wp-content\/uploads\/2023\/07\/LR-sito-estetista-246x300.jpg 246w\" sizes=\"(max-width: 534px) 100vw, 534px\" \/>\t\t\t\t\t\t\t\t\t\t\t\t\t\t\t<\/div>\n\t\t\t\t<\/div>\n\t\t\t\t\t<\/div>\n\t\t<\/div>\n\t\t\t\t<div class=\"elementor-column elementor-col-50 elementor-top-column elementor-element elementor-element-21dc53e\" data-id=\"21dc53e\" data-element_type=\"column\" data-e-type=\"column\">\n\t\t\t<div class=\"elementor-widget-wrap elementor-element-populated\">\n\t\t\t\t\t\t<div class=\"elementor-element elementor-element-47ee3c5 elementor-widget elementor-widget-text-editor\" data-id=\"47ee3c5\" data-element_type=\"widget\" data-e-type=\"widget\" data-widget_type=\"text-editor.default\">\n\t\t\t\t<div class=\"elementor-widget-container\">\n\t\t\t\t\t\t\t\t\t<h2>I passaggi per realizzare un antirughe naturale<\/h2><p>In questa sezione ti guideremo attraverso i passaggi necessari per creare il tuo prodotto antirughe naturale. Segui attentamente queste istruzioni per ottenere un prodotto efficace e sicuro per i tuoi clienti assetati di cura naturale della pelle.<\/p><p class=\"translation-block\"><strong>Scegliere gli ingredienti giusti:<\/strong> inizia ricercando ingredienti naturali noti per le loro propriet\u00e0 antirughe. Ingredienti come olio di rosa canina, gel di aloe vera, estratto di t\u00e8 verde, olio di jojoba e vitamina E sono scelte popolari per ridurre le rughe e migliorare la salute della pelle.<\/p><p class=\"translation-block\"><strong>Misurare e combinare gli ingredienti:<\/strong> una volta selezionati gli ingredienti, misurarli accuratamente e combinarli nelle proporzioni appropriate. \u00c8 fondamentale rispettare i dosaggi consigliati per ciascun ingrediente per garantire la sicurezza e l'efficacia del prodotto finale.<\/p><p class=\"translation-block\"><strong>Mescolare e frullare gli ingredienti:<\/strong> utilizza un frullatore o un mixer per mescolare accuratamente gli ingredienti insieme. Questo passaggio garantisce una texture liscia e uniforme al tuo prodotto antirughe naturale, assicurando un'applicazione piacevole ed efficace sulla pelle.<\/p><p class=\"translation-block\"><strong>Conservazione del prodotto:<\/strong> trasferisci il prodotto finito in un contenitore pulito e ermetico. Per mantenerne l'efficacia, conservarlo in un luogo fresco, asciutto e lontano dalla luce solare diretta. Una corretta conservazione garantisce la longevit\u00e0 e la qualit\u00e0 del tuo prodotto antirughe naturale, offrendo ai tuoi clienti un'esperienza di cura della pelle ottimale.<\/p>\t\t\t\t\t\t\t\t<\/div>\n\t\t\t\t<\/div>\n\t\t\t\t\t<\/div>\n\t\t<\/div>\n\t\t\t\t\t<\/div>\n\t\t<\/section>\n\t\t<div class=\"elementor-element elementor-element-0dc4c79 e-flex e-con-boxed e-con e-parent\" data-id=\"0dc4c79\" data-element_type=\"container\" data-e-type=\"container\" data-settings=\"{&quot;background_background&quot;:&quot;classic&quot;}\">\n\t\t\t\t\t<div class=\"e-con-inner\">\n\t\t\t\t\t<\/div>\n\t\t\t\t<\/div>\n\t\t<div class=\"elementor-element elementor-element-cd7c6cf e-flex e-con-boxed e-con e-parent\" data-id=\"cd7c6cf\" data-element_type=\"container\" data-e-type=\"container\">\n\t\t\t\t\t<div class=\"e-con-inner\">\n\t\t\t\t<div class=\"elementor-element elementor-element-1a4998b elementor-widget elementor-widget-text-editor\" data-id=\"1a4998b\" data-element_type=\"widget\" data-e-type=\"widget\" data-widget_type=\"text-editor.default\">\n\t\t\t\t<div class=\"elementor-widget-container\">\n\t\t\t\t\t\t\t\t\t<h2>Etichettatura e istruzioni per l'uso<\/h2><p>Per garantire che il tuo prodotto antirughe naturale sia perfettamente pronto per l'uso da parte dei tuoi clienti, non deve essere trascurato il passaggio essenziale dell'etichettatura e delle istruzioni per l'uso. Quando crei l'etichetta del tuo prodotto, assicurati di includere un elenco dettagliato degli ingredienti utilizzati, la loro provenienza naturale e i benefici che offrono alla pelle. Ci\u00f2 consentir\u00e0 ai tuoi clienti di sapere esattamente cosa stanno applicando sulla loro pelle e li rassicurer\u00e0 sulla qualit\u00e0 del tuo prodotto.<\/p><p>Sull\u2019etichetta del tuo prodotto antirughe naturale, oltre all\u2019elenco degli ingredienti, dovrebbe essere chiaramente indicata anche la data di scadenza. I prodotti naturali hanno una durata di conservazione pi\u00f9 limitata rispetto ai prodotti chimici, quindi \u00e8 fondamentale garantire la freschezza e l'efficacia del proprio prodotto indicando chiaramente la data entro la quale \u00e8 meglio utilizzarlo. Ci\u00f2 aiuter\u00e0 i tuoi clienti a utilizzare il prodotto nel periodo di massima prestazione per ottenere risultati ottimali.<\/p><p>Le istruzioni per l'uso del tuo prodotto antirughe naturale sono importanti tanto quanto la sua etichettatura. Assicurati di includere linee guida chiare su quanto spesso utilizzare il prodotto, quanto applicarne sulla pelle e come incorporarlo nella routine di cura della pelle. Fornendo istruzioni dettagliate, aiuti i tuoi clienti a massimizzare i vantaggi del tuo prodotto e ad ottenerne il massimo per la loro pelle.<\/p>\t\t\t\t\t\t\t\t<\/div>\n\t\t\t\t<\/div>\n\t\t\t\t<div class=\"elementor-element elementor-element-6112ef5 elementor-widget elementor-widget-spacer\" data-id=\"6112ef5\" data-element_type=\"widget\" data-e-type=\"widget\" data-widget_type=\"spacer.default\">\n\t\t\t\t<div class=\"elementor-widget-container\">\n\t\t\t\t\t\t\t<div class=\"elementor-spacer\">\n\t\t\t<div class=\"elementor-spacer-inner\"><\/div>\n\t\t<\/div>\n\t\t\t\t\t\t<\/div>\n\t\t\t\t<\/div>\n\t\t\t\t\t<\/div>\n\t\t\t\t<\/div>\n\t\t\t\t<\/div>","protected":false},"excerpt":{"rendered":"<p>Comment cr\u00e9er votre propre anti-ride naturel : un guide complet de notre institut de beaut\u00e9 Les ingr\u00e9dients naturels sont devenus incontournables dans le domaine de la beaut\u00e9, et pour cause ! Leur utilisation offre une alternative saine et respectueuse de la peau, \u00e9loignant ainsi les craintes li\u00e9es aux produits chimiques agressifs. En optant pour des [&hellip;]<\/p>\n","protected":false},"author":3,"featured_media":0,"parent":2139,"menu_order":0,"comment_status":"closed","ping_status":"closed","template":"","meta":{"_acf_changed":false,"site-sidebar-layout":"no-sidebar","site-content-layout":"page-builder","ast-site-content-layout":"full-width-container","site-content-style":"unboxed","site-sidebar-style":"unboxed","ast-global-header-display":"","ast-banner-title-visibility":"","ast-main-header-display":"","ast-hfb-above-header-display":"","ast-hfb-below-header-display":"","ast-hfb-mobile-header-display":"","site-post-title":"disabled","ast-breadcrumbs-content":"","ast-featured-img":"disabled","footer-sml-layout":"","ast-disable-related-posts":"","theme-transparent-header-meta":"disabled","adv-header-id-meta":"","stick-header-meta":"","header-above-stick-meta":"","header-main-stick-meta":"","header-below-stick-meta":"","astra-migrate-meta-layouts":"set","ast-page-background-enabled":"default","ast-page-background-meta":{"desktop":{"background-color":"var(--ast-global-color-4)","background-image":"","background-repeat":"repeat","background-position":"center center","background-size":"auto","background-attachment":"scroll","background-type":"","background-media":"","overlay-type":"","overlay-color":"","overlay-opacity":"","overlay-gradient":""},"tablet":{"background-color":"","background-image":"","background-repeat":"repeat","background-position":"center center","background-size":"auto","background-attachment":"scroll","background-type":"","background-media":"","overlay-type":"","overlay-color":"","overlay-opacity":"","overlay-gradient":""},"mobile":{"background-color":"","background-image":"","background-repeat":"repeat","background-position":"center center","background-size":"auto","background-attachment":"scroll","background-type":"","background-media":"","overlay-type":"","overlay-color":"","overlay-opacity":"","overlay-gradient":""}},"ast-content-background-meta":{"desktop":{"background-color":"var(--ast-global-color-5)","background-image":"","background-repeat":"repeat","background-position":"center center","background-size":"auto","background-attachment":"scroll","background-type":"","background-media":"","overlay-type":"","overlay-color":"","overlay-opacity":"","overlay-gradient":""},"tablet":{"background-color":"var(--ast-global-color-5)","background-image":"","background-repeat":"repeat","background-position":"center center","background-size":"auto","background-attachment":"scroll","background-type":"","background-media":"","overlay-type":"","overlay-color":"","overlay-opacity":"","overlay-gradient":""},"mobile":{"background-color":"var(--ast-global-color-5)","background-image":"","background-repeat":"repeat","background-position":"center center","background-size":"auto","background-attachment":"scroll","background-type":"","background-media":"","overlay-type":"","overlay-color":"","overlay-opacity":"","overlay-gradient":""}},"footnotes":""},"class_list":["post-15194","page","type-page","status-publish","hentry"],"acf":[],"yoast_head":"<!-- This site is optimized with the Yoast SEO plugin v27.3 - https:\/\/yoast.com\/product\/yoast-seo-wordpress\/ -->\n<title>Comment fabriquer un anti-ride naturel ? Laboratoire Lucia Rapetti<\/title>\n<meta name=\"description\" content=\"Les anti-rides naturels offrent une nouvelle alternative douce et efficace aux produits cosm\u00e9tiques classiques.\" \/>\n<meta name=\"robots\" content=\"index, follow, max-snippet:-1, max-image-preview:large, max-video-preview:-1\" \/>\n<link rel=\"canonical\" href=\"https:\/\/lucia-rapetti.com\/it\/cura-viso-anti-eta-naturale\/come-fare-un-anti-naturale\/\" \/>\n<meta property=\"og:locale\" content=\"it_IT\" \/>\n<meta property=\"og:type\" content=\"article\" \/>\n<meta property=\"og:title\" content=\"Comment fabriquer un anti-ride naturel ? Laboratoire Lucia Rapetti\" \/>\n<meta property=\"og:description\" content=\"Les anti-rides naturels offrent une nouvelle alternative douce et efficace aux produits cosm\u00e9tiques classiques.\" \/>\n<meta property=\"og:url\" content=\"https:\/\/lucia-rapetti.com\/it\/cura-viso-anti-eta-naturale\/come-fare-un-anti-naturale\/\" \/>\n<meta property=\"og:site_name\" content=\"Lucia Rapetti Laboratoire Naturel\" \/>\n<meta property=\"article:publisher\" content=\"https:\/\/www.facebook.com\/luciarapettiofficial\" \/>\n<meta property=\"article:modified_time\" content=\"2024-04-19T08:27:09+00:00\" \/>\n<meta property=\"og:image\" content=\"https:\/\/lucia-rapetti.com\/wp-content\/uploads\/2023\/07\/LR-sito-hp-clean-beauty2.jpg\" \/>\n<meta name=\"twitter:card\" content=\"summary_large_image\" \/>\n<meta name=\"twitter:label1\" content=\"Tempo di lettura stimato\" \/>\n\t<meta name=\"twitter:data1\" content=\"4 minuti\" \/>\n<script type=\"application\/ld+json\" class=\"yoast-schema-graph\">{\"@context\":\"https:\\\/\\\/schema.org\",\"@graph\":[{\"@type\":\"WebPage\",\"@id\":\"https:\\\/\\\/lucia-rapetti.com\\\/soins-visage-anti-age-naturel\\\/comment-fabriquer-un-anti-naturel\\\/\",\"url\":\"https:\\\/\\\/lucia-rapetti.com\\\/soins-visage-anti-age-naturel\\\/comment-fabriquer-un-anti-naturel\\\/\",\"name\":\"Comment fabriquer un anti-ride naturel ? Laboratoire Lucia Rapetti\",\"isPartOf\":{\"@id\":\"https:\\\/\\\/lucia-rapetti.com\\\/#website\"},\"primaryImageOfPage\":{\"@id\":\"https:\\\/\\\/lucia-rapetti.com\\\/soins-visage-anti-age-naturel\\\/comment-fabriquer-un-anti-naturel\\\/#primaryimage\"},\"image\":{\"@id\":\"https:\\\/\\\/lucia-rapetti.com\\\/soins-visage-anti-age-naturel\\\/comment-fabriquer-un-anti-naturel\\\/#primaryimage\"},\"thumbnailUrl\":\"https:\\\/\\\/lucia-rapetti.com\\\/wp-content\\\/uploads\\\/2023\\\/07\\\/LR-sito-hp-clean-beauty2.jpg\",\"datePublished\":\"2024-04-17T14:08:16+00:00\",\"dateModified\":\"2024-04-19T08:27:09+00:00\",\"description\":\"Les anti-rides naturels offrent une nouvelle alternative douce et efficace aux produits cosm\u00e9tiques classiques.\",\"breadcrumb\":{\"@id\":\"https:\\\/\\\/lucia-rapetti.com\\\/soins-visage-anti-age-naturel\\\/comment-fabriquer-un-anti-naturel\\\/#breadcrumb\"},\"inLanguage\":\"it-IT\",\"potentialAction\":[{\"@type\":\"ReadAction\",\"target\":[\"https:\\\/\\\/lucia-rapetti.com\\\/soins-visage-anti-age-naturel\\\/comment-fabriquer-un-anti-naturel\\\/\"]}]},{\"@type\":\"ImageObject\",\"inLanguage\":\"it-IT\",\"@id\":\"https:\\\/\\\/lucia-rapetti.com\\\/soins-visage-anti-age-naturel\\\/comment-fabriquer-un-anti-naturel\\\/#primaryimage\",\"url\":\"https:\\\/\\\/lucia-rapetti.com\\\/wp-content\\\/uploads\\\/2023\\\/07\\\/LR-sito-hp-clean-beauty2.jpg\",\"contentUrl\":\"https:\\\/\\\/lucia-rapetti.com\\\/wp-content\\\/uploads\\\/2023\\\/07\\\/LR-sito-hp-clean-beauty2.jpg\"},{\"@type\":\"BreadcrumbList\",\"@id\":\"https:\\\/\\\/lucia-rapetti.com\\\/soins-visage-anti-age-naturel\\\/comment-fabriquer-un-anti-naturel\\\/#breadcrumb\",\"itemListElement\":[{\"@type\":\"ListItem\",\"position\":1,\"name\":\"Lucia Rapetti\",\"item\":\"https:\\\/\\\/lucia-rapetti.com\\\/\"},{\"@type\":\"ListItem\",\"position\":2,\"name\":\"Soins Visage\",\"item\":\"https:\\\/\\\/lucia-rapetti.com\\\/soins-visage-anti-age-naturel\\\/\"},{\"@type\":\"ListItem\",\"position\":3,\"name\":\"Comment fabriquer un anti-ride naturel ?\"}]},{\"@type\":\"WebSite\",\"@id\":\"https:\\\/\\\/lucia-rapetti.com\\\/#website\",\"url\":\"https:\\\/\\\/lucia-rapetti.com\\\/\",\"name\":\"Lucia Rapetti Laboratoire Naturel\",\"description\":\"Laboratoire de cosm\u00e9tique naturel et beaut\u00e9\",\"publisher\":{\"@id\":\"https:\\\/\\\/lucia-rapetti.com\\\/#organization\"},\"potentialAction\":[{\"@type\":\"SearchAction\",\"target\":{\"@type\":\"EntryPoint\",\"urlTemplate\":\"https:\\\/\\\/lucia-rapetti.com\\\/?s={search_term_string}\"},\"query-input\":{\"@type\":\"PropertyValueSpecification\",\"valueRequired\":true,\"valueName\":\"search_term_string\"}}],\"inLanguage\":\"it-IT\"},{\"@type\":\"Organization\",\"@id\":\"https:\\\/\\\/lucia-rapetti.com\\\/#organization\",\"name\":\"Lucia Rapetti Laboratoire Naturel\",\"alternateName\":\"LR\",\"url\":\"https:\\\/\\\/lucia-rapetti.com\\\/\",\"logo\":{\"@type\":\"ImageObject\",\"inLanguage\":\"it-IT\",\"@id\":\"https:\\\/\\\/lucia-rapetti.com\\\/#\\\/schema\\\/logo\\\/image\\\/\",\"url\":\"https:\\\/\\\/lucia-rapetti.com\\\/wp-content\\\/uploads\\\/2023\\\/04\\\/cropped-lucia-rapetti-logo-1.png\",\"contentUrl\":\"https:\\\/\\\/lucia-rapetti.com\\\/wp-content\\\/uploads\\\/2023\\\/04\\\/cropped-lucia-rapetti-logo-1.png\",\"width\":850,\"height\":142,\"caption\":\"Lucia Rapetti Laboratoire Naturel\"},\"image\":{\"@id\":\"https:\\\/\\\/lucia-rapetti.com\\\/#\\\/schema\\\/logo\\\/image\\\/\"},\"sameAs\":[\"https:\\\/\\\/www.facebook.com\\\/luciarapettiofficial\",\"https:\\\/\\\/www.instagram.com\\\/luciarapettiofficial\\\/\"]}]}<\/script>\n<!-- \/ Yoast SEO plugin. -->","yoast_head_json":{"title":"Come realizzare un antirughe naturale? Laboratorio Lucia Rapetti","description":"I prodotti naturali antirughe offrono una nuova alternativa delicata ed efficace ai classici prodotti cosmetici.","robots":{"index":"index","follow":"follow","max-snippet":"max-snippet:-1","max-image-preview":"max-image-preview:large","max-video-preview":"max-video-preview:-1"},"canonical":"https:\/\/lucia-rapetti.com\/it\/cura-viso-anti-eta-naturale\/come-fare-un-anti-naturale\/","og_locale":"it_IT","og_type":"article","og_title":"Comment fabriquer un anti-ride naturel ? Laboratoire Lucia Rapetti","og_description":"Les anti-rides naturels offrent une nouvelle alternative douce et efficace aux produits cosm\u00e9tiques classiques.","og_url":"https:\/\/lucia-rapetti.com\/it\/cura-viso-anti-eta-naturale\/come-fare-un-anti-naturale\/","og_site_name":"Lucia Rapetti Laboratoire Naturel","article_publisher":"https:\/\/www.facebook.com\/luciarapettiofficial","article_modified_time":"2024-04-19T08:27:09+00:00","og_image":[{"url":"https:\/\/lucia-rapetti.com\/wp-content\/uploads\/2023\/07\/LR-sito-hp-clean-beauty2.jpg","type":"","width":"","height":""}],"twitter_card":"summary_large_image","twitter_misc":{"Tempo di lettura stimato":"4 minuti"},"schema":{"@context":"https:\/\/schema.org","@graph":[{"@type":"WebPage","@id":"https:\/\/lucia-rapetti.com\/soins-visage-anti-age-naturel\/comment-fabriquer-un-anti-naturel\/","url":"https:\/\/lucia-rapetti.com\/soins-visage-anti-age-naturel\/comment-fabriquer-un-anti-naturel\/","name":"Come realizzare un antirughe naturale? Laboratorio Lucia Rapetti","isPartOf":{"@id":"https:\/\/lucia-rapetti.com\/#website"},"primaryImageOfPage":{"@id":"https:\/\/lucia-rapetti.com\/soins-visage-anti-age-naturel\/comment-fabriquer-un-anti-naturel\/#primaryimage"},"image":{"@id":"https:\/\/lucia-rapetti.com\/soins-visage-anti-age-naturel\/comment-fabriquer-un-anti-naturel\/#primaryimage"},"thumbnailUrl":"https:\/\/lucia-rapetti.com\/wp-content\/uploads\/2023\/07\/LR-sito-hp-clean-beauty2.jpg","datePublished":"2024-04-17T14:08:16+00:00","dateModified":"2024-04-19T08:27:09+00:00","description":"I prodotti naturali antirughe offrono una nuova alternativa delicata ed efficace ai classici prodotti cosmetici.","breadcrumb":{"@id":"https:\/\/lucia-rapetti.com\/soins-visage-anti-age-naturel\/comment-fabriquer-un-anti-naturel\/#breadcrumb"},"inLanguage":"it-IT","potentialAction":[{"@type":"ReadAction","target":["https:\/\/lucia-rapetti.com\/soins-visage-anti-age-naturel\/comment-fabriquer-un-anti-naturel\/"]}]},{"@type":"ImageObject","inLanguage":"it-IT","@id":"https:\/\/lucia-rapetti.com\/soins-visage-anti-age-naturel\/comment-fabriquer-un-anti-naturel\/#primaryimage","url":"https:\/\/lucia-rapetti.com\/wp-content\/uploads\/2023\/07\/LR-sito-hp-clean-beauty2.jpg","contentUrl":"https:\/\/lucia-rapetti.com\/wp-content\/uploads\/2023\/07\/LR-sito-hp-clean-beauty2.jpg"},{"@type":"BreadcrumbList","@id":"https:\/\/lucia-rapetti.com\/soins-visage-anti-age-naturel\/comment-fabriquer-un-anti-naturel\/#breadcrumb","itemListElement":[{"@type":"ListItem","position":1,"name":"Lucia Rapetti","item":"https:\/\/lucia-rapetti.com\/"},{"@type":"ListItem","position":2,"name":"Soins Visage","item":"https:\/\/lucia-rapetti.com\/soins-visage-anti-age-naturel\/"},{"@type":"ListItem","position":3,"name":"Comment fabriquer un anti-ride naturel ?"}]},{"@type":"WebSite","@id":"https:\/\/lucia-rapetti.com\/#website","url":"https:\/\/lucia-rapetti.com\/","name":"Laboratorio Naturale Lucia Rapetti","description":"Laboratorio di cosmetica naturale e di bellezza","publisher":{"@id":"https:\/\/lucia-rapetti.com\/#organization"},"potentialAction":[{"@type":"SearchAction","target":{"@type":"EntryPoint","urlTemplate":"https:\/\/lucia-rapetti.com\/?s={search_term_string}"},"query-input":{"@type":"PropertyValueSpecification","valueRequired":true,"valueName":"search_term_string"}}],"inLanguage":"it-IT"},{"@type":"Organization","@id":"https:\/\/lucia-rapetti.com\/#organization","name":"Laboratorio Naturale Lucia Rapetti","alternateName":"LR","url":"https:\/\/lucia-rapetti.com\/","logo":{"@type":"ImageObject","inLanguage":"it-IT","@id":"https:\/\/lucia-rapetti.com\/#\/schema\/logo\/image\/","url":"https:\/\/lucia-rapetti.com\/wp-content\/uploads\/2023\/04\/cropped-lucia-rapetti-logo-1.png","contentUrl":"https:\/\/lucia-rapetti.com\/wp-content\/uploads\/2023\/04\/cropped-lucia-rapetti-logo-1.png","width":850,"height":142,"caption":"Lucia Rapetti Laboratoire Naturel"},"image":{"@id":"https:\/\/lucia-rapetti.com\/#\/schema\/logo\/image\/"},"sameAs":["https:\/\/www.facebook.com\/luciarapettiofficial","https:\/\/www.instagram.com\/luciarapettiofficial\/"]}]}},"_links":{"self":[{"href":"https:\/\/lucia-rapetti.com\/it\/wp-json\/wp\/v2\/pages\/15194","targetHints":{"allow":["GET"]}}],"collection":[{"href":"https:\/\/lucia-rapetti.com\/it\/wp-json\/wp\/v2\/pages"}],"about":[{"href":"https:\/\/lucia-rapetti.com\/it\/wp-json\/wp\/v2\/types\/page"}],"author":[{"embeddable":true,"href":"https:\/\/lucia-rapetti.com\/it\/wp-json\/wp\/v2\/users\/3"}],"replies":[{"embeddable":true,"href":"https:\/\/lucia-rapetti.com\/it\/wp-json\/wp\/v2\/comments?post=15194"}],"version-history":[{"count":0,"href":"https:\/\/lucia-rapetti.com\/it\/wp-json\/wp\/v2\/pages\/15194\/revisions"}],"up":[{"embeddable":true,"href":"https:\/\/lucia-rapetti.com\/it\/wp-json\/wp\/v2\/pages\/2139"}],"wp:attachment":[{"href":"https:\/\/lucia-rapetti.com\/it\/wp-json\/wp\/v2\/media?parent=15194"}],"curies":[{"name":"wp","href":"https:\/\/api.w.org\/{rel}","templated":true}]}}