{"id":15160,"date":"2024-04-17T15:10:13","date_gmt":"2024-04-17T13:10:13","guid":{"rendered":"https:\/\/lucia-rapetti.com\/?page_id=15160"},"modified":"2024-04-19T10:21:29","modified_gmt":"2024-04-19T08:21:29","slug":"qual-il-miglior-antirughe-naturale","status":"publish","type":"page","link":"https:\/\/lucia-rapetti.com\/it\/cura-viso-anti-eta-naturale\/qual-il-miglior-antirughe-naturale\/","title":{"rendered":"Qual \u00e8 il miglior prodotto antirughe naturale?"},"content":{"rendered":"<div data-elementor-type=\"wp-page\" data-elementor-id=\"15160\" class=\"elementor elementor-15160\" data-elementor-post-type=\"page\">\n\t\t\t\t<div class=\"elementor-element elementor-element-776b3e2 e-flex e-con-boxed e-con e-parent\" data-id=\"776b3e2\" data-element_type=\"container\" data-e-type=\"container\">\n\t\t\t\t\t<div class=\"e-con-inner\">\n\t\t\t\t<div class=\"elementor-element elementor-element-2b78594 elementor-widget elementor-widget-heading\" data-id=\"2b78594\" data-element_type=\"widget\" data-e-type=\"widget\" data-widget_type=\"heading.default\">\n\t\t\t\t<div class=\"elementor-widget-container\">\n\t\t\t\t\t<h1 class=\"elementor-heading-title elementor-size-default\">Scopri i migliori antirughe naturali per una pelle luminosa!<\/h1>\t\t\t\t<\/div>\n\t\t\t\t<\/div>\n\t\t\t\t\t<\/div>\n\t\t\t\t<\/div>\n\t\t\t\t<section class=\"elementor-section elementor-top-section elementor-element elementor-element-90662db elementor-section-content-middle elementor-section-boxed elementor-section-height-default elementor-section-height-default\" data-id=\"90662db\" data-element_type=\"section\" data-e-type=\"section\" data-settings=\"{&quot;background_background&quot;:&quot;classic&quot;}\">\n\t\t\t\t\t\t<div class=\"elementor-container elementor-column-gap-no\">\n\t\t\t\t\t<div class=\"elementor-column elementor-col-50 elementor-top-column elementor-element elementor-element-88058b7\" data-id=\"88058b7\" data-element_type=\"column\" data-e-type=\"column\">\n\t\t\t<div class=\"elementor-widget-wrap elementor-element-populated\">\n\t\t\t\t\t\t<div class=\"elementor-element elementor-element-6c65afb elementor-widget elementor-widget-text-editor\" data-id=\"6c65afb\" data-element_type=\"widget\" data-e-type=\"widget\" data-widget_type=\"text-editor.default\">\n\t\t\t\t<div class=\"elementor-widget-container\">\n\t\t\t\t\t\t\t\t\t<p class=\"translation-block\">Quando si cerca di mantenere una pelle giovane e luminosa, \u00e8 importante considerare i benefici degli ingredienti naturali. Questi tesori della natura sono ricchi di <strong>propriet\u00e0 benefiche per la nostra pelle<\/strong>, che vanno dall'idratazione alla stimolazione della produzione di collagene. Optando per ingredienti naturali, possiamo nutrire in profondit\u00e0 la nostra pelle e combattere efficacemente i segni dell'invecchiamento cutaneo.<\/p><p class=\"translation-block\">Oli come l'olio di argan e l'olio di rosa canina sono preziosi alleati nella nostra ricerca dell'eterna giovinezza. La loro ricchezza di acidi grassi, vitamine e antiossidanti li rendono <a href=\"https:\/\/lucia-rapetti.com\/it\/cura-viso-anti-eta-naturale\/\" target=\"_self\">antirughe naturali<\/a> di prima scelta. Inoltre, ingredienti come l'aloe vera e il t\u00e8 verde forniscono propriet\u00e0 lenitive, idratanti e protettive, per mantenere l'elasticit\u00e0 della pelle e prevenire i danni causati dai radicali liberi.<\/p><p class=\"translation-block\">Esplorando queste opzioni naturali, possiamo scoprire <strong>soluzioni semplici ed efficaci<\/strong> per prenderci cura della nostra pelle e combattere le rughe in modo naturale. Unisciti a noi in questa avventura verso una pelle radiosa e luminosa, grazie ai benefici degli ingredienti naturali.<\/p>\t\t\t\t\t\t\t\t<\/div>\n\t\t\t\t<\/div>\n\t\t\t\t<div class=\"elementor-element elementor-element-b7978ca elementor-mobile-align-center elementor-align-left elementor-widget elementor-widget-button\" data-id=\"b7978ca\" data-element_type=\"widget\" data-e-type=\"widget\" data-widget_type=\"button.default\">\n\t\t\t\t<div class=\"elementor-widget-container\">\n\t\t\t\t\t\t\t\t\t<div class=\"elementor-button-wrapper\">\n\t\t\t\t\t<a class=\"elementor-button elementor-button-link elementor-size-sm\" href=\"\/it\/intervalli\/\">\n\t\t\t\t\t\t<span class=\"elementor-button-content-wrapper\">\n\t\t\t\t\t\t\t\t\t<span class=\"elementor-button-text\">Scopri i prodotti<\/span>\n\t\t\t\t\t<\/span>\n\t\t\t\t\t<\/a>\n\t\t\t\t<\/div>\n\t\t\t\t\t\t\t\t<\/div>\n\t\t\t\t<\/div>\n\t\t\t\t\t<\/div>\n\t\t<\/div>\n\t\t\t\t<div class=\"elementor-column elementor-col-50 elementor-top-column elementor-element elementor-element-2148a65\" data-id=\"2148a65\" data-element_type=\"column\" data-e-type=\"column\">\n\t\t\t<div class=\"elementor-widget-wrap elementor-element-populated\">\n\t\t\t\t\t\t<div class=\"elementor-element elementor-element-14e5c50 elementor-widget-tablet__width-initial elementor-widget elementor-widget-image\" data-id=\"14e5c50\" data-element_type=\"widget\" data-e-type=\"widget\" data-widget_type=\"image.default\">\n\t\t\t\t<div class=\"elementor-widget-container\">\n\t\t\t\t\t\t\t\t\t\t\t\t\t\t\t<img fetchpriority=\"high\" decoding=\"async\" width=\"534\" height=\"650\" src=\"https:\/\/lucia-rapetti.com\/wp-content\/uploads\/2023\/07\/LR-sito-hp-clean-beauty2.jpg\" class=\"attachment-full size-full wp-image-1850\" alt=\"prodotto di bellezza pulito\" srcset=\"https:\/\/lucia-rapetti.com\/wp-content\/uploads\/2023\/07\/LR-sito-hp-clean-beauty2.jpg 534w, https:\/\/lucia-rapetti.com\/wp-content\/uploads\/2023\/07\/LR-sito-hp-clean-beauty2-246x300.jpg 246w\" sizes=\"(max-width: 534px) 100vw, 534px\" \/>\t\t\t\t\t\t\t\t\t\t\t\t\t\t\t<\/div>\n\t\t\t\t<\/div>\n\t\t\t\t\t<\/div>\n\t\t<\/div>\n\t\t\t\t\t<\/div>\n\t\t<\/section>\n\t\t\t\t<section class=\"elementor-section elementor-top-section elementor-element elementor-element-0df5397 elementor-section-content-middle elementor-reverse-mobile elementor-section-boxed elementor-section-height-default elementor-section-height-default\" data-id=\"0df5397\" data-element_type=\"section\" data-e-type=\"section\" data-settings=\"{&quot;background_background&quot;:&quot;classic&quot;}\">\n\t\t\t\t\t\t<div class=\"elementor-container elementor-column-gap-no\">\n\t\t\t\t\t<div class=\"elementor-column elementor-col-50 elementor-top-column elementor-element elementor-element-9ec4c81\" data-id=\"9ec4c81\" data-element_type=\"column\" data-e-type=\"column\">\n\t\t\t<div class=\"elementor-widget-wrap elementor-element-populated\">\n\t\t\t\t\t\t<div class=\"elementor-element elementor-element-d24726b elementor-widget elementor-widget-image\" data-id=\"d24726b\" data-element_type=\"widget\" data-e-type=\"widget\" data-widget_type=\"image.default\">\n\t\t\t\t<div class=\"elementor-widget-container\">\n\t\t\t\t\t\t\t\t\t\t\t\t\t\t\t<img decoding=\"async\" width=\"534\" height=\"650\" src=\"https:\/\/lucia-rapetti.com\/wp-content\/uploads\/2023\/07\/LR-sito-estetista.jpg\" class=\"attachment-full size-full wp-image-2045\" alt=\"cure estetiche naturali\" srcset=\"https:\/\/lucia-rapetti.com\/wp-content\/uploads\/2023\/07\/LR-sito-estetista.jpg 534w, https:\/\/lucia-rapetti.com\/wp-content\/uploads\/2023\/07\/LR-sito-estetista-246x300.jpg 246w\" sizes=\"(max-width: 534px) 100vw, 534px\" \/>\t\t\t\t\t\t\t\t\t\t\t\t\t\t\t<\/div>\n\t\t\t\t<\/div>\n\t\t\t\t\t<\/div>\n\t\t<\/div>\n\t\t\t\t<div class=\"elementor-column elementor-col-50 elementor-top-column elementor-element elementor-element-21dc53e\" data-id=\"21dc53e\" data-element_type=\"column\" data-e-type=\"column\">\n\t\t\t<div class=\"elementor-widget-wrap elementor-element-populated\">\n\t\t\t\t\t\t<div class=\"elementor-element elementor-element-47ee3c5 elementor-widget elementor-widget-text-editor\" data-id=\"47ee3c5\" data-element_type=\"widget\" data-e-type=\"widget\" data-widget_type=\"text-editor.default\">\n\t\t\t\t<div class=\"elementor-widget-container\">\n\t\t\t\t\t\t\t\t\t<h2>Opzioni antirughe naturali<\/h2><p class=\"translation-block\"><strong>Olio di rosa canina:<\/strong> L'olio di rosa canina \u00e8 un vero tesoro della natura per combattere le rughe. Grazie alla sua ricchezza di acidi grassi e vitamina A, pu\u00f2 ridurre i segni dell'invecchiamento cutaneo. Gli studi hanno dimostrato che la sua applicazione topica pu\u00f2 migliorare la struttura della pelle e ridurre le rughe. Optando per l'olio di rosa canina, regali alla tua pelle un vero trattamento di ringiovanimento, naturale ed efficace.<\/p><p class=\"translation-block\"><strong>Olio di argan:<\/strong> l'olio di argan \u00e8 un altro grande alleato nella lotta contro le rughe. Con la sua ricchezza di antiossidanti, vitamina E e acidi grassi, nutre in profondit\u00e0 la pelle e aiuta a ridurre la comparsa delle rughe. Inoltre, la sua consistenza non grassa e il facile assorbimento lo rendono la scelta ideale per tutti i tipi di pelle, anche per quelle grasse o a tendenza acneica. Optare per l'olio di argan significa offrire alla pelle una protezione naturale contro i segni dell'invecchiamento.<\/p><p class=\"translation-block\"><strong>Aloe vera:<\/strong> L'aloe vera, famosa per le sue propriet\u00e0 lenitive e idratanti, \u00e8 anche un ottimo antirughe naturale. Oltre a ridurre le linee sottili e le rughe, migliora l'elasticit\u00e0 della pelle grazie ai suoi antiossidanti e vitamine. Integrare l'aloe vera nella propria routine di bellezza significa offrire alla propria pelle idratazione profonda e protezione dalle aggressioni esterne, per una pelle visibilmente pi\u00f9 giovane e luminosa.<\/p><p class=\"translation-block\"><strong>T\u00e8 verde:<\/strong> il t\u00e8 verde, ricco di antiossidanti come le catechine, \u00e8 un vero alleato nel combattere i segni dell'invecchiamento cutaneo. Proteggendo la pelle dai radicali liberi e prevenendo l'invecchiamento precoce, il t\u00e8 verde aiuta a ridurre la comparsa delle rughe e a migliorare la struttura della pelle. Integrare il t\u00e8 verde nella propria skincare routine significa offrire alla propria pelle una protezione naturale ed efficace contro gli effetti del tempo, per una pelle luminosa e radiosa.<\/p>\t\t\t\t\t\t\t\t<\/div>\n\t\t\t\t<\/div>\n\t\t\t\t\t<\/div>\n\t\t<\/div>\n\t\t\t\t\t<\/div>\n\t\t<\/section>\n\t\t<div class=\"elementor-element elementor-element-0dc4c79 e-flex e-con-boxed e-con e-parent\" data-id=\"0dc4c79\" data-element_type=\"container\" data-e-type=\"container\" data-settings=\"{&quot;background_background&quot;:&quot;classic&quot;}\">\n\t\t\t\t\t<div class=\"e-con-inner\">\n\t\t\t\t\t<\/div>\n\t\t\t\t<\/div>\n\t\t<div class=\"elementor-element elementor-element-cd7c6cf e-flex e-con-boxed e-con e-parent\" data-id=\"cd7c6cf\" data-element_type=\"container\" data-e-type=\"container\">\n\t\t\t\t\t<div class=\"e-con-inner\">\n\t\t\t\t<div class=\"elementor-element elementor-element-1a4998b elementor-widget elementor-widget-text-editor\" data-id=\"1a4998b\" data-element_type=\"widget\" data-e-type=\"widget\" data-widget_type=\"text-editor.default\">\n\t\t\t\t<div class=\"elementor-widget-container\">\n\t\t\t\t\t\t\t\t\t<h2>Esercizio facciale<\/h2><p>Gli esercizi facciali sono un modo naturale ed efficace per tonificare i muscoli facciali, che possono aiutare a ridurre la comparsa delle rughe e mantenere la pelle soda e giovane. Dedicando qualche minuto ogni giorno alla pratica di semplici esercizi, puoi stimolare la circolazione sanguigna, rafforzare i muscoli sottocutanei e migliorare l'elasticit\u00e0 della pelle.<\/p><p>Incorporando ingredienti naturali come olio di argan, olio di rosa canina, aloe vera e t\u00e8 verde nella tua routine di cura della pelle, puoi massimizzare i benefici antirughe di questi preziosi ingredienti. Il loro potere idratante, rigenerante e protettivo pu\u00f2 aiutare a prevenire i segni dell'invecchiamento cutaneo e favorire una pelle radiosa e luminosa.<\/p><p>Esplorando le molteplici opzioni naturali disponibili, puoi trovare la combinazione perfetta per soddisfare le esigenze specifiche della tua pelle e rendere la lotta contro le rughe un'esperienza piacevole e gratificante. Prenditi cura della tua pelle con ingredienti naturali e riscopri la bellezza della tua pelle, giorno dopo giorno.<\/p>\t\t\t\t\t\t\t\t<\/div>\n\t\t\t\t<\/div>\n\t\t\t\t<div class=\"elementor-element elementor-element-6112ef5 elementor-widget elementor-widget-spacer\" data-id=\"6112ef5\" data-element_type=\"widget\" data-e-type=\"widget\" data-widget_type=\"spacer.default\">\n\t\t\t\t<div class=\"elementor-widget-container\">\n\t\t\t\t\t\t\t<div class=\"elementor-spacer\">\n\t\t\t<div class=\"elementor-spacer-inner\"><\/div>\n\t\t<\/div>\n\t\t\t\t\t\t<\/div>\n\t\t\t\t<\/div>\n\t\t\t\t\t<\/div>\n\t\t\t\t<\/div>\n\t\t\t\t<\/div>","protected":false},"excerpt":{"rendered":"<p>D\u00e9couvrez le meilleur anti-ride naturel pour une peau \u00e9clatante ! Lorsque l&rsquo;on cherche \u00e0 maintenir une peau jeune et \u00e9clatante, il est important de se tourner vers les bienfaits des ingr\u00e9dients naturels. Ces tr\u00e9sors de la nature regorgent de propri\u00e9t\u00e9s b\u00e9n\u00e9fiques pour notre peau, allant de l&rsquo;hydratation \u00e0 la stimulation de la production de collag\u00e8ne. [&hellip;]<\/p>\n","protected":false},"author":3,"featured_media":0,"parent":2139,"menu_order":0,"comment_status":"closed","ping_status":"closed","template":"","meta":{"_acf_changed":false,"site-sidebar-layout":"no-sidebar","site-content-layout":"page-builder","ast-site-content-layout":"full-width-container","site-content-style":"unboxed","site-sidebar-style":"unboxed","ast-global-header-display":"","ast-banner-title-visibility":"","ast-main-header-display":"","ast-hfb-above-header-display":"","ast-hfb-below-header-display":"","ast-hfb-mobile-header-display":"","site-post-title":"disabled","ast-breadcrumbs-content":"","ast-featured-img":"disabled","footer-sml-layout":"","ast-disable-related-posts":"","theme-transparent-header-meta":"disabled","adv-header-id-meta":"","stick-header-meta":"","header-above-stick-meta":"","header-main-stick-meta":"","header-below-stick-meta":"","astra-migrate-meta-layouts":"set","ast-page-background-enabled":"default","ast-page-background-meta":{"desktop":{"background-color":"var(--ast-global-color-4)","background-image":"","background-repeat":"repeat","background-position":"center center","background-size":"auto","background-attachment":"scroll","background-type":"","background-media":"","overlay-type":"","overlay-color":"","overlay-opacity":"","overlay-gradient":""},"tablet":{"background-color":"","background-image":"","background-repeat":"repeat","background-position":"center center","background-size":"auto","background-attachment":"scroll","background-type":"","background-media":"","overlay-type":"","overlay-color":"","overlay-opacity":"","overlay-gradient":""},"mobile":{"background-color":"","background-image":"","background-repeat":"repeat","background-position":"center center","background-size":"auto","background-attachment":"scroll","background-type":"","background-media":"","overlay-type":"","overlay-color":"","overlay-opacity":"","overlay-gradient":""}},"ast-content-background-meta":{"desktop":{"background-color":"var(--ast-global-color-5)","background-image":"","background-repeat":"repeat","background-position":"center center","background-size":"auto","background-attachment":"scroll","background-type":"","background-media":"","overlay-type":"","overlay-color":"","overlay-opacity":"","overlay-gradient":""},"tablet":{"background-color":"var(--ast-global-color-5)","background-image":"","background-repeat":"repeat","background-position":"center center","background-size":"auto","background-attachment":"scroll","background-type":"","background-media":"","overlay-type":"","overlay-color":"","overlay-opacity":"","overlay-gradient":""},"mobile":{"background-color":"var(--ast-global-color-5)","background-image":"","background-repeat":"repeat","background-position":"center center","background-size":"auto","background-attachment":"scroll","background-type":"","background-media":"","overlay-type":"","overlay-color":"","overlay-opacity":"","overlay-gradient":""}},"footnotes":""},"class_list":["post-15160","page","type-page","status-publish","hentry"],"acf":[],"yoast_head":"<!-- This site is optimized with the Yoast SEO plugin v27.3 - https:\/\/yoast.com\/product\/yoast-seo-wordpress\/ -->\n<title>Quelle est le meilleur anti-ride naturel ? Laboratoire Lucia Rapetti<\/title>\n<meta name=\"description\" content=\"La nature regorge d&#039;ingr\u00e9dients aux vertus anti-rides redoutables, pour une beaut\u00e9 authentique et durable.\" \/>\n<meta name=\"robots\" content=\"index, follow, max-snippet:-1, max-image-preview:large, max-video-preview:-1\" \/>\n<link rel=\"canonical\" href=\"https:\/\/lucia-rapetti.com\/it\/cura-viso-anti-eta-naturale\/qual-il-miglior-antirughe-naturale\/\" \/>\n<meta property=\"og:locale\" content=\"it_IT\" \/>\n<meta property=\"og:type\" content=\"article\" \/>\n<meta property=\"og:title\" content=\"Quelle est le meilleur anti-ride naturel ? Laboratoire Lucia Rapetti\" \/>\n<meta property=\"og:description\" content=\"La nature regorge d&#039;ingr\u00e9dients aux vertus anti-rides redoutables, pour une beaut\u00e9 authentique et durable.\" \/>\n<meta property=\"og:url\" content=\"https:\/\/lucia-rapetti.com\/it\/cura-viso-anti-eta-naturale\/qual-il-miglior-antirughe-naturale\/\" \/>\n<meta property=\"og:site_name\" content=\"Lucia Rapetti Laboratoire Naturel\" \/>\n<meta property=\"article:publisher\" content=\"https:\/\/www.facebook.com\/luciarapettiofficial\" \/>\n<meta property=\"article:modified_time\" content=\"2024-04-19T08:21:29+00:00\" \/>\n<meta property=\"og:image\" content=\"https:\/\/lucia-rapetti.com\/wp-content\/uploads\/2023\/07\/LR-sito-hp-clean-beauty2.jpg\" \/>\n<meta name=\"twitter:card\" content=\"summary_large_image\" \/>\n<meta name=\"twitter:label1\" content=\"Tempo di lettura stimato\" \/>\n\t<meta name=\"twitter:data1\" content=\"4 minuti\" \/>\n<script type=\"application\/ld+json\" class=\"yoast-schema-graph\">{\"@context\":\"https:\\\/\\\/schema.org\",\"@graph\":[{\"@type\":\"WebPage\",\"@id\":\"https:\\\/\\\/lucia-rapetti.com\\\/soins-visage-anti-age-naturel\\\/quelle-est-le-meilleur-anti-ride-naturel\\\/\",\"url\":\"https:\\\/\\\/lucia-rapetti.com\\\/soins-visage-anti-age-naturel\\\/quelle-est-le-meilleur-anti-ride-naturel\\\/\",\"name\":\"Quelle est le meilleur anti-ride naturel ? Laboratoire Lucia Rapetti\",\"isPartOf\":{\"@id\":\"https:\\\/\\\/lucia-rapetti.com\\\/#website\"},\"primaryImageOfPage\":{\"@id\":\"https:\\\/\\\/lucia-rapetti.com\\\/soins-visage-anti-age-naturel\\\/quelle-est-le-meilleur-anti-ride-naturel\\\/#primaryimage\"},\"image\":{\"@id\":\"https:\\\/\\\/lucia-rapetti.com\\\/soins-visage-anti-age-naturel\\\/quelle-est-le-meilleur-anti-ride-naturel\\\/#primaryimage\"},\"thumbnailUrl\":\"https:\\\/\\\/lucia-rapetti.com\\\/wp-content\\\/uploads\\\/2023\\\/07\\\/LR-sito-hp-clean-beauty2.jpg\",\"datePublished\":\"2024-04-17T13:10:13+00:00\",\"dateModified\":\"2024-04-19T08:21:29+00:00\",\"description\":\"La nature regorge d'ingr\u00e9dients aux vertus anti-rides redoutables, pour une beaut\u00e9 authentique et durable.\",\"breadcrumb\":{\"@id\":\"https:\\\/\\\/lucia-rapetti.com\\\/soins-visage-anti-age-naturel\\\/quelle-est-le-meilleur-anti-ride-naturel\\\/#breadcrumb\"},\"inLanguage\":\"it-IT\",\"potentialAction\":[{\"@type\":\"ReadAction\",\"target\":[\"https:\\\/\\\/lucia-rapetti.com\\\/soins-visage-anti-age-naturel\\\/quelle-est-le-meilleur-anti-ride-naturel\\\/\"]}]},{\"@type\":\"ImageObject\",\"inLanguage\":\"it-IT\",\"@id\":\"https:\\\/\\\/lucia-rapetti.com\\\/soins-visage-anti-age-naturel\\\/quelle-est-le-meilleur-anti-ride-naturel\\\/#primaryimage\",\"url\":\"https:\\\/\\\/lucia-rapetti.com\\\/wp-content\\\/uploads\\\/2023\\\/07\\\/LR-sito-hp-clean-beauty2.jpg\",\"contentUrl\":\"https:\\\/\\\/lucia-rapetti.com\\\/wp-content\\\/uploads\\\/2023\\\/07\\\/LR-sito-hp-clean-beauty2.jpg\"},{\"@type\":\"BreadcrumbList\",\"@id\":\"https:\\\/\\\/lucia-rapetti.com\\\/soins-visage-anti-age-naturel\\\/quelle-est-le-meilleur-anti-ride-naturel\\\/#breadcrumb\",\"itemListElement\":[{\"@type\":\"ListItem\",\"position\":1,\"name\":\"Lucia Rapetti\",\"item\":\"https:\\\/\\\/lucia-rapetti.com\\\/\"},{\"@type\":\"ListItem\",\"position\":2,\"name\":\"Soins Visage\",\"item\":\"https:\\\/\\\/lucia-rapetti.com\\\/soins-visage-anti-age-naturel\\\/\"},{\"@type\":\"ListItem\",\"position\":3,\"name\":\"Quelle est le meilleur anti-ride naturel ?\"}]},{\"@type\":\"WebSite\",\"@id\":\"https:\\\/\\\/lucia-rapetti.com\\\/#website\",\"url\":\"https:\\\/\\\/lucia-rapetti.com\\\/\",\"name\":\"Lucia Rapetti Laboratoire Naturel\",\"description\":\"Laboratoire de cosm\u00e9tique naturel et beaut\u00e9\",\"publisher\":{\"@id\":\"https:\\\/\\\/lucia-rapetti.com\\\/#organization\"},\"potentialAction\":[{\"@type\":\"SearchAction\",\"target\":{\"@type\":\"EntryPoint\",\"urlTemplate\":\"https:\\\/\\\/lucia-rapetti.com\\\/?s={search_term_string}\"},\"query-input\":{\"@type\":\"PropertyValueSpecification\",\"valueRequired\":true,\"valueName\":\"search_term_string\"}}],\"inLanguage\":\"it-IT\"},{\"@type\":\"Organization\",\"@id\":\"https:\\\/\\\/lucia-rapetti.com\\\/#organization\",\"name\":\"Lucia Rapetti Laboratoire Naturel\",\"alternateName\":\"LR\",\"url\":\"https:\\\/\\\/lucia-rapetti.com\\\/\",\"logo\":{\"@type\":\"ImageObject\",\"inLanguage\":\"it-IT\",\"@id\":\"https:\\\/\\\/lucia-rapetti.com\\\/#\\\/schema\\\/logo\\\/image\\\/\",\"url\":\"https:\\\/\\\/lucia-rapetti.com\\\/wp-content\\\/uploads\\\/2023\\\/04\\\/cropped-lucia-rapetti-logo-1.png\",\"contentUrl\":\"https:\\\/\\\/lucia-rapetti.com\\\/wp-content\\\/uploads\\\/2023\\\/04\\\/cropped-lucia-rapetti-logo-1.png\",\"width\":850,\"height\":142,\"caption\":\"Lucia Rapetti Laboratoire Naturel\"},\"image\":{\"@id\":\"https:\\\/\\\/lucia-rapetti.com\\\/#\\\/schema\\\/logo\\\/image\\\/\"},\"sameAs\":[\"https:\\\/\\\/www.facebook.com\\\/luciarapettiofficial\",\"https:\\\/\\\/www.instagram.com\\\/luciarapettiofficial\\\/\"]}]}<\/script>\n<!-- \/ Yoast SEO plugin. -->","yoast_head_json":{"title":"Qual \u00e8 il miglior antirughe naturale? Laboratorio Lucia Rapetti","description":"La natura abbonda di ingredienti dalle formidabili propriet\u00e0 antirughe, per una bellezza autentica e duratura.","robots":{"index":"index","follow":"follow","max-snippet":"max-snippet:-1","max-image-preview":"max-image-preview:large","max-video-preview":"max-video-preview:-1"},"canonical":"https:\/\/lucia-rapetti.com\/it\/cura-viso-anti-eta-naturale\/qual-il-miglior-antirughe-naturale\/","og_locale":"it_IT","og_type":"article","og_title":"Quelle est le meilleur anti-ride naturel ? Laboratoire Lucia Rapetti","og_description":"La nature regorge d'ingr\u00e9dients aux vertus anti-rides redoutables, pour une beaut\u00e9 authentique et durable.","og_url":"https:\/\/lucia-rapetti.com\/it\/cura-viso-anti-eta-naturale\/qual-il-miglior-antirughe-naturale\/","og_site_name":"Lucia Rapetti Laboratoire Naturel","article_publisher":"https:\/\/www.facebook.com\/luciarapettiofficial","article_modified_time":"2024-04-19T08:21:29+00:00","og_image":[{"url":"https:\/\/lucia-rapetti.com\/wp-content\/uploads\/2023\/07\/LR-sito-hp-clean-beauty2.jpg","type":"","width":"","height":""}],"twitter_card":"summary_large_image","twitter_misc":{"Tempo di lettura stimato":"4 minuti"},"schema":{"@context":"https:\/\/schema.org","@graph":[{"@type":"WebPage","@id":"https:\/\/lucia-rapetti.com\/soins-visage-anti-age-naturel\/quelle-est-le-meilleur-anti-ride-naturel\/","url":"https:\/\/lucia-rapetti.com\/soins-visage-anti-age-naturel\/quelle-est-le-meilleur-anti-ride-naturel\/","name":"Qual \u00e8 il miglior antirughe naturale? Laboratorio Lucia Rapetti","isPartOf":{"@id":"https:\/\/lucia-rapetti.com\/#website"},"primaryImageOfPage":{"@id":"https:\/\/lucia-rapetti.com\/soins-visage-anti-age-naturel\/quelle-est-le-meilleur-anti-ride-naturel\/#primaryimage"},"image":{"@id":"https:\/\/lucia-rapetti.com\/soins-visage-anti-age-naturel\/quelle-est-le-meilleur-anti-ride-naturel\/#primaryimage"},"thumbnailUrl":"https:\/\/lucia-rapetti.com\/wp-content\/uploads\/2023\/07\/LR-sito-hp-clean-beauty2.jpg","datePublished":"2024-04-17T13:10:13+00:00","dateModified":"2024-04-19T08:21:29+00:00","description":"La natura abbonda di ingredienti dalle formidabili propriet\u00e0 antirughe, per una bellezza autentica e duratura.","breadcrumb":{"@id":"https:\/\/lucia-rapetti.com\/soins-visage-anti-age-naturel\/quelle-est-le-meilleur-anti-ride-naturel\/#breadcrumb"},"inLanguage":"it-IT","potentialAction":[{"@type":"ReadAction","target":["https:\/\/lucia-rapetti.com\/soins-visage-anti-age-naturel\/quelle-est-le-meilleur-anti-ride-naturel\/"]}]},{"@type":"ImageObject","inLanguage":"it-IT","@id":"https:\/\/lucia-rapetti.com\/soins-visage-anti-age-naturel\/quelle-est-le-meilleur-anti-ride-naturel\/#primaryimage","url":"https:\/\/lucia-rapetti.com\/wp-content\/uploads\/2023\/07\/LR-sito-hp-clean-beauty2.jpg","contentUrl":"https:\/\/lucia-rapetti.com\/wp-content\/uploads\/2023\/07\/LR-sito-hp-clean-beauty2.jpg"},{"@type":"BreadcrumbList","@id":"https:\/\/lucia-rapetti.com\/soins-visage-anti-age-naturel\/quelle-est-le-meilleur-anti-ride-naturel\/#breadcrumb","itemListElement":[{"@type":"ListItem","position":1,"name":"Lucia Rapetti","item":"https:\/\/lucia-rapetti.com\/"},{"@type":"ListItem","position":2,"name":"Soins Visage","item":"https:\/\/lucia-rapetti.com\/soins-visage-anti-age-naturel\/"},{"@type":"ListItem","position":3,"name":"Quelle est le meilleur anti-ride naturel ?"}]},{"@type":"WebSite","@id":"https:\/\/lucia-rapetti.com\/#website","url":"https:\/\/lucia-rapetti.com\/","name":"Laboratorio Naturale Lucia Rapetti","description":"Laboratorio di cosmetica naturale e di bellezza","publisher":{"@id":"https:\/\/lucia-rapetti.com\/#organization"},"potentialAction":[{"@type":"SearchAction","target":{"@type":"EntryPoint","urlTemplate":"https:\/\/lucia-rapetti.com\/?s={search_term_string}"},"query-input":{"@type":"PropertyValueSpecification","valueRequired":true,"valueName":"search_term_string"}}],"inLanguage":"it-IT"},{"@type":"Organization","@id":"https:\/\/lucia-rapetti.com\/#organization","name":"Laboratorio Naturale Lucia Rapetti","alternateName":"LR","url":"https:\/\/lucia-rapetti.com\/","logo":{"@type":"ImageObject","inLanguage":"it-IT","@id":"https:\/\/lucia-rapetti.com\/#\/schema\/logo\/image\/","url":"https:\/\/lucia-rapetti.com\/wp-content\/uploads\/2023\/04\/cropped-lucia-rapetti-logo-1.png","contentUrl":"https:\/\/lucia-rapetti.com\/wp-content\/uploads\/2023\/04\/cropped-lucia-rapetti-logo-1.png","width":850,"height":142,"caption":"Lucia Rapetti Laboratoire Naturel"},"image":{"@id":"https:\/\/lucia-rapetti.com\/#\/schema\/logo\/image\/"},"sameAs":["https:\/\/www.facebook.com\/luciarapettiofficial","https:\/\/www.instagram.com\/luciarapettiofficial\/"]}]}},"_links":{"self":[{"href":"https:\/\/lucia-rapetti.com\/it\/wp-json\/wp\/v2\/pages\/15160","targetHints":{"allow":["GET"]}}],"collection":[{"href":"https:\/\/lucia-rapetti.com\/it\/wp-json\/wp\/v2\/pages"}],"about":[{"href":"https:\/\/lucia-rapetti.com\/it\/wp-json\/wp\/v2\/types\/page"}],"author":[{"embeddable":true,"href":"https:\/\/lucia-rapetti.com\/it\/wp-json\/wp\/v2\/users\/3"}],"replies":[{"embeddable":true,"href":"https:\/\/lucia-rapetti.com\/it\/wp-json\/wp\/v2\/comments?post=15160"}],"version-history":[{"count":0,"href":"https:\/\/lucia-rapetti.com\/it\/wp-json\/wp\/v2\/pages\/15160\/revisions"}],"up":[{"embeddable":true,"href":"https:\/\/lucia-rapetti.com\/it\/wp-json\/wp\/v2\/pages\/2139"}],"wp:attachment":[{"href":"https:\/\/lucia-rapetti.com\/it\/wp-json\/wp\/v2\/media?parent=15160"}],"curies":[{"name":"wp","href":"https:\/\/api.w.org\/{rel}","templated":true}]}}