{"id":15121,"date":"2024-04-17T12:27:15","date_gmt":"2024-04-17T10:27:15","guid":{"rendered":"https:\/\/lucia-rapetti.com\/?page_id=15121"},"modified":"2025-05-16T09:54:10","modified_gmt":"2025-05-16T07:54:10","slug":"come-riconoscere-un-buon-estetista","status":"publish","type":"page","link":"https:\/\/lucia-rapetti.com\/it\/istituto-di-bellezza-naturale\/come-riconoscere-un-buon-estetista\/","title":{"rendered":"Come riconoscere una buona estetista?"},"content":{"rendered":"<div data-elementor-type=\"wp-page\" data-elementor-id=\"15121\" class=\"elementor elementor-15121\" data-elementor-post-type=\"page\">\n\t\t\t\t<div class=\"elementor-element elementor-element-776b3e2 e-flex e-con-boxed e-con e-parent\" data-id=\"776b3e2\" data-element_type=\"container\" data-e-type=\"container\">\n\t\t\t\t\t<div class=\"e-con-inner\">\n\t\t\t\t<div class=\"elementor-element elementor-element-2b78594 elementor-widget elementor-widget-heading\" data-id=\"2b78594\" data-element_type=\"widget\" data-e-type=\"widget\" data-widget_type=\"heading.default\">\n\t\t\t\t<div class=\"elementor-widget-container\">\n\t\t\t\t\t<h1 class=\"elementor-heading-title elementor-size-default\">Come riconoscere una brava estetista nel tuo salone di bellezza?<\/h1>\t\t\t\t<\/div>\n\t\t\t\t<\/div>\n\t\t\t\t\t<\/div>\n\t\t\t\t<\/div>\n\t\t\t\t<section class=\"elementor-section elementor-top-section elementor-element elementor-element-90662db elementor-section-content-middle elementor-section-boxed elementor-section-height-default elementor-section-height-default\" data-id=\"90662db\" data-element_type=\"section\" data-e-type=\"section\" data-settings=\"{&quot;background_background&quot;:&quot;classic&quot;}\">\n\t\t\t\t\t\t<div class=\"elementor-container elementor-column-gap-no\">\n\t\t\t\t\t<div class=\"elementor-column elementor-col-50 elementor-top-column elementor-element elementor-element-88058b7\" data-id=\"88058b7\" data-element_type=\"column\" data-e-type=\"column\">\n\t\t\t<div class=\"elementor-widget-wrap elementor-element-populated\">\n\t\t\t\t\t\t<div class=\"elementor-element elementor-element-6c65afb elementor-widget elementor-widget-text-editor\" data-id=\"6c65afb\" data-element_type=\"widget\" data-e-type=\"widget\" data-widget_type=\"text-editor.default\">\n\t\t\t\t<div class=\"elementor-widget-container\">\n\t\t\t\t\t\t\t\t\t<p>La passione per il lavoro \u00e8 un elemento essenziale di un'eccellente estetista. L'entusiasmo e l'amore genuino per aiutare i clienti ad apparire e sentirsi al meglio sono qualit\u00e0 che spiccano in una buona estetista. Questa passione si riflette nell'atmosfera positiva che crea nel salone. <a href=\"https:\/\/lucia-rapetti.com\/it\/istituto-di-bellezza-naturale\/\">il salone di bellezza<\/a>ispirare fiducia e benessere ai clienti.<\/p><p class=\"translation-block\">Per un'estetista di qualit\u00e0, la passione non si limita alla pratica quotidiana, ma si estende a <strong>una voglia costante di imparare e migliorare<\/strong>. La formazione continua \u00e8 un pilastro fondamentale del suo impegno nei confronti dei clienti e della sua professione. Sempre alla ricerca degli ultimi progressi e delle tecniche nel settore dell'estetica, si sforza di rimanere aggiornata per offrire servizi innovativi e di alta qualit\u00e0.<\/p><p class=\"translation-block\">Grazie alla passione per la professione, una brava estetista non \u00e8 solo competente, ma anche fonte di ispirazione per il suo team e le sue clienti. La sua energia contagiosa e la dedizione nel migliorare la vita di chi incontra fanno di lei una professionista eccezionale, pronta ad affrontare qualsiasi sfida per fornire trattamenti di bellezza eccezionali.<\/p>\t\t\t\t\t\t\t\t<\/div>\n\t\t\t\t<\/div>\n\t\t\t\t<div class=\"elementor-element elementor-element-b7978ca elementor-mobile-align-center elementor-align-left elementor-widget elementor-widget-button\" data-id=\"b7978ca\" data-element_type=\"widget\" data-e-type=\"widget\" data-widget_type=\"button.default\">\n\t\t\t\t<div class=\"elementor-widget-container\">\n\t\t\t\t\t\t\t\t\t<div class=\"elementor-button-wrapper\">\n\t\t\t\t\t<a class=\"elementor-button elementor-button-link elementor-size-sm\" href=\"\/it\/intervalli\/\">\n\t\t\t\t\t\t<span class=\"elementor-button-content-wrapper\">\n\t\t\t\t\t\t\t\t\t<span class=\"elementor-button-text\">Scopri i prodotti<\/span>\n\t\t\t\t\t<\/span>\n\t\t\t\t\t<\/a>\n\t\t\t\t<\/div>\n\t\t\t\t\t\t\t\t<\/div>\n\t\t\t\t<\/div>\n\t\t\t\t\t<\/div>\n\t\t<\/div>\n\t\t\t\t<div class=\"elementor-column elementor-col-50 elementor-top-column elementor-element elementor-element-2148a65\" data-id=\"2148a65\" data-element_type=\"column\" data-e-type=\"column\">\n\t\t\t<div class=\"elementor-widget-wrap elementor-element-populated\">\n\t\t\t\t\t\t<div class=\"elementor-element elementor-element-14e5c50 elementor-widget-tablet__width-initial elementor-widget elementor-widget-image\" data-id=\"14e5c50\" data-element_type=\"widget\" data-e-type=\"widget\" data-widget_type=\"image.default\">\n\t\t\t\t<div class=\"elementor-widget-container\">\n\t\t\t\t\t\t\t\t\t\t\t\t\t\t\t<img fetchpriority=\"high\" decoding=\"async\" width=\"534\" height=\"650\" src=\"https:\/\/lucia-rapetti.com\/wp-content\/uploads\/2023\/07\/LR-sito-hp-clean-beauty2.jpg\" class=\"attachment-full size-full wp-image-1850\" alt=\"prodotto di bellezza pulito\" srcset=\"https:\/\/lucia-rapetti.com\/wp-content\/uploads\/2023\/07\/LR-sito-hp-clean-beauty2.jpg 534w, https:\/\/lucia-rapetti.com\/wp-content\/uploads\/2023\/07\/LR-sito-hp-clean-beauty2-246x300.jpg 246w\" sizes=\"(max-width: 534px) 100vw, 534px\" \/>\t\t\t\t\t\t\t\t\t\t\t\t\t\t\t<\/div>\n\t\t\t\t<\/div>\n\t\t\t\t\t<\/div>\n\t\t<\/div>\n\t\t\t\t\t<\/div>\n\t\t<\/section>\n\t\t\t\t<section class=\"elementor-section elementor-top-section elementor-element elementor-element-0df5397 elementor-section-content-middle elementor-reverse-mobile elementor-section-boxed elementor-section-height-default elementor-section-height-default\" data-id=\"0df5397\" data-element_type=\"section\" data-e-type=\"section\" data-settings=\"{&quot;background_background&quot;:&quot;classic&quot;}\">\n\t\t\t\t\t\t<div class=\"elementor-container elementor-column-gap-no\">\n\t\t\t\t\t<div class=\"elementor-column elementor-col-50 elementor-top-column elementor-element elementor-element-9ec4c81\" data-id=\"9ec4c81\" data-element_type=\"column\" data-e-type=\"column\">\n\t\t\t<div class=\"elementor-widget-wrap elementor-element-populated\">\n\t\t\t\t\t\t<div class=\"elementor-element elementor-element-d24726b elementor-widget elementor-widget-image\" data-id=\"d24726b\" data-element_type=\"widget\" data-e-type=\"widget\" data-widget_type=\"image.default\">\n\t\t\t\t<div class=\"elementor-widget-container\">\n\t\t\t\t\t\t\t\t\t\t\t\t\t\t\t<img decoding=\"async\" width=\"534\" height=\"650\" src=\"https:\/\/lucia-rapetti.com\/wp-content\/uploads\/2023\/07\/LR-sito-estetista.jpg\" class=\"attachment-full size-full wp-image-2045\" alt=\"cure estetiche naturali\" srcset=\"https:\/\/lucia-rapetti.com\/wp-content\/uploads\/2023\/07\/LR-sito-estetista.jpg 534w, https:\/\/lucia-rapetti.com\/wp-content\/uploads\/2023\/07\/LR-sito-estetista-246x300.jpg 246w\" sizes=\"(max-width: 534px) 100vw, 534px\" \/>\t\t\t\t\t\t\t\t\t\t\t\t\t\t\t<\/div>\n\t\t\t\t<\/div>\n\t\t\t\t\t<\/div>\n\t\t<\/div>\n\t\t\t\t<div class=\"elementor-column elementor-col-50 elementor-top-column elementor-element elementor-element-21dc53e\" data-id=\"21dc53e\" data-element_type=\"column\" data-e-type=\"column\">\n\t\t\t<div class=\"elementor-widget-wrap elementor-element-populated\">\n\t\t\t\t\t\t<div class=\"elementor-element elementor-element-47ee3c5 elementor-widget elementor-widget-text-editor\" data-id=\"47ee3c5\" data-element_type=\"widget\" data-e-type=\"widget\" data-widget_type=\"text-editor.default\">\n\t\t\t\t<div class=\"elementor-widget-container\">\n\t\t\t\t\t\t\t\t\t<h2>Qualit\u00e0 di una brava estetista<\/h2><p class=\"translation-block\"><strong>Passione per la professione:<\/strong> Crediamo fermamente che la passione sia al centro di ogni brava estetista. Un'estetista appassionata del suo lavoro non solo eccelle nei suoi trattamenti, ma crea anche un'atmosfera positiva e accogliente nel salone. La sua passione nell'aiutare i clienti a sentirsi e ad apparire al meglio si riflette in ogni servizio che offre.<\/p><p class=\"translation-block\"><strong>Formazione continua:<\/strong> nella nostra azienda diamo valore alla formazione continua in estetica. Crediamo che una brava estetista sia sempre alla ricerca di nuove tecniche, tendenze e prodotti per migliorare le proprie competenze. Investe tempo e impegno per rimanere al passo con gli ultimi progressi del settore per garantire servizi di qualit\u00e0 superiore ai nostri clienti.<\/p><p class=\"translation-block\"><strong>Curiosit\u00e0 e interesse per le ultime tendenze:<\/strong> un'estetista eccezionale \u00e8 curiosa e appassionata delle ultime tendenze di bellezza. Cerca attivamente nuove informazioni ed \u00e8 desiderosa di incorporare tecniche innovative nella sua pratica. Questa curiosit\u00e0 ci permette di rimanere all\u2019avanguardia nel settore e di offrire trattamenti moderni ed efficaci ai nostri clienti.<\/p><p class=\"translation-block\"><strong>Aspetto e igiene professionale:<\/strong> Nel nostro istituto attribuiamo grande importanza all'aspetto e all'igiene professionale. Una brava estetista comprende l'importanza di mantenere un aspetto professionale impeccabile e un'igiene impeccabile. Si prende cura del suo aspetto personale e si assicura che la sua immagine rifletta gli elevati standard del settore della bellezza.<\/p>\t\t\t\t\t\t\t\t<\/div>\n\t\t\t\t<\/div>\n\t\t\t\t\t<\/div>\n\t\t<\/div>\n\t\t\t\t\t<\/div>\n\t\t<\/section>\n\t\t<div class=\"elementor-element elementor-element-0dc4c79 e-flex e-con-boxed e-con e-parent\" data-id=\"0dc4c79\" data-element_type=\"container\" data-e-type=\"container\" data-settings=\"{&quot;background_background&quot;:&quot;classic&quot;}\">\n\t\t\t\t\t<div class=\"e-con-inner\">\n\t\t\t\t\t<\/div>\n\t\t\t\t<\/div>\n\t\t<div class=\"elementor-element elementor-element-cd7c6cf e-flex e-con-boxed e-con e-parent\" data-id=\"cd7c6cf\" data-element_type=\"container\" data-e-type=\"container\">\n\t\t\t\t\t<div class=\"e-con-inner\">\n\t\t\t\t<div class=\"elementor-element elementor-element-1a4998b elementor-widget elementor-widget-text-editor\" data-id=\"1a4998b\" data-element_type=\"widget\" data-e-type=\"widget\" data-widget_type=\"text-editor.default\">\n\t\t\t\t<div class=\"elementor-widget-container\">\n\t\t\t\t\t\t\t\t\t<h2>Attenzione ai dettagli<\/h2><p>L'attenzione ai dettagli \u00e8 una qualit\u00e0 per ogni estetista che desidera fornire servizi di qualit\u00e0 superiore ai propri clienti. Un'estetista attenta ai dettagli garantisce che ogni trattamento venga eseguito con precisione e scrupolosit\u00e0, garantendo la soddisfazione del cliente.<\/p><p>Per riconoscere una brava estetista \u00e8 importante notare la sua capacit\u00e0 di concentrarsi sui pi\u00f9 piccoli dettagli. Un'estetista attenta ai dettagli sa che ogni piccola cosa conta quando si tratta di abbellire la pelle o creare una manicure perfetta.<\/p><p>Estetiste attente ai dettagli sono in grado di personalizzare ogni trattamento in base alle esigenze specifiche di ogni cliente. La loro capacit\u00e0 di notare sottili sfumature e adattare di conseguenza le loro tecniche parla del loro alto livello di professionalit\u00e0.<\/p><p>In definitiva, un'estetista che eccelle nell'attenzione ai dettagli non solo \u00e8 in grado di fornire servizi di bellezza impeccabili, ma crea anche un'esperienza cliente indimenticabile. \u00c8 questa attenzione ai dettagli che fa la differenza e permette ad un'estetista di distinguersi nel settore della bellezza.<\/p>\t\t\t\t\t\t\t\t<\/div>\n\t\t\t\t<\/div>\n\t\t\t\t<div class=\"elementor-element elementor-element-6112ef5 elementor-widget elementor-widget-spacer\" data-id=\"6112ef5\" data-element_type=\"widget\" data-e-type=\"widget\" data-widget_type=\"spacer.default\">\n\t\t\t\t<div class=\"elementor-widget-container\">\n\t\t\t\t\t\t\t<div class=\"elementor-spacer\">\n\t\t\t<div class=\"elementor-spacer-inner\"><\/div>\n\t\t<\/div>\n\t\t\t\t\t\t<\/div>\n\t\t\t\t<\/div>\n\t\t\t\t\t<\/div>\n\t\t\t\t<\/div>\n\t\t\t\t<\/div>","protected":false},"excerpt":{"rendered":"<p>Comment reconna\u00eetre une bonne esth\u00e9ticienne dans votre institut de beaut\u00e9 ? La passion pour le m\u00e9tier est un \u00e9l\u00e9ment primordial pour une esth\u00e9ticienne d&rsquo;excellence. L&rsquo;enthousiasme et l&rsquo;amour sinc\u00e8re pour aider les clients \u00e0 se sentir et \u00e0 para\u00eetre au mieux sont des qualit\u00e9s qui se d\u00e9marquent chez une bonne esth\u00e9ticienne. Cette passion se refl\u00e8te dans [&hellip;]<\/p>\n","protected":false},"author":3,"featured_media":0,"parent":4280,"menu_order":0,"comment_status":"closed","ping_status":"closed","template":"","meta":{"_acf_changed":false,"site-sidebar-layout":"no-sidebar","site-content-layout":"page-builder","ast-site-content-layout":"full-width-container","site-content-style":"unboxed","site-sidebar-style":"unboxed","ast-global-header-display":"","ast-banner-title-visibility":"","ast-main-header-display":"","ast-hfb-above-header-display":"","ast-hfb-below-header-display":"","ast-hfb-mobile-header-display":"","site-post-title":"disabled","ast-breadcrumbs-content":"","ast-featured-img":"disabled","footer-sml-layout":"","ast-disable-related-posts":"","theme-transparent-header-meta":"disabled","adv-header-id-meta":"","stick-header-meta":"","header-above-stick-meta":"","header-main-stick-meta":"","header-below-stick-meta":"","astra-migrate-meta-layouts":"set","ast-page-background-enabled":"default","ast-page-background-meta":{"desktop":{"background-color":"var(--ast-global-color-4)","background-image":"","background-repeat":"repeat","background-position":"center center","background-size":"auto","background-attachment":"scroll","background-type":"","background-media":"","overlay-type":"","overlay-color":"","overlay-opacity":"","overlay-gradient":""},"tablet":{"background-color":"","background-image":"","background-repeat":"repeat","background-position":"center center","background-size":"auto","background-attachment":"scroll","background-type":"","background-media":"","overlay-type":"","overlay-color":"","overlay-opacity":"","overlay-gradient":""},"mobile":{"background-color":"","background-image":"","background-repeat":"repeat","background-position":"center center","background-size":"auto","background-attachment":"scroll","background-type":"","background-media":"","overlay-type":"","overlay-color":"","overlay-opacity":"","overlay-gradient":""}},"ast-content-background-meta":{"desktop":{"background-color":"var(--ast-global-color-5)","background-image":"","background-repeat":"repeat","background-position":"center center","background-size":"auto","background-attachment":"scroll","background-type":"","background-media":"","overlay-type":"","overlay-color":"","overlay-opacity":"","overlay-gradient":""},"tablet":{"background-color":"var(--ast-global-color-5)","background-image":"","background-repeat":"repeat","background-position":"center center","background-size":"auto","background-attachment":"scroll","background-type":"","background-media":"","overlay-type":"","overlay-color":"","overlay-opacity":"","overlay-gradient":""},"mobile":{"background-color":"var(--ast-global-color-5)","background-image":"","background-repeat":"repeat","background-position":"center center","background-size":"auto","background-attachment":"scroll","background-type":"","background-media":"","overlay-type":"","overlay-color":"","overlay-opacity":"","overlay-gradient":""}},"footnotes":""},"class_list":["post-15121","page","type-page","status-publish","hentry"],"acf":[],"yoast_head":"<!-- This site is optimized with the Yoast SEO plugin v27.4 - https:\/\/yoast.com\/product\/yoast-seo-wordpress\/ -->\n<title>Comment reconnaitre une bonne esth\u00e9ticienne ? Lucia Rapetti<\/title>\n<meta name=\"description\" content=\"Pour b\u00e9n\u00e9ficier de soins du visage, d&#039;\u00e9pilations ou de modelages, s\u00e9lectionner une professionnelle qui soit \u00e0 l&#039;\u00e9coute est primordial.\" \/>\n<meta name=\"robots\" content=\"index, follow, max-snippet:-1, max-image-preview:large, max-video-preview:-1\" \/>\n<link rel=\"canonical\" href=\"https:\/\/lucia-rapetti.com\/it\/istituto-di-bellezza-naturale\/come-riconoscere-un-buon-estetista\/\" \/>\n<meta property=\"og:locale\" content=\"it_IT\" \/>\n<meta property=\"og:type\" content=\"article\" \/>\n<meta property=\"og:title\" content=\"Comment reconnaitre une bonne esth\u00e9ticienne ? Lucia Rapetti\" \/>\n<meta property=\"og:description\" content=\"Pour b\u00e9n\u00e9ficier de soins du visage, d&#039;\u00e9pilations ou de modelages, s\u00e9lectionner une professionnelle qui soit \u00e0 l&#039;\u00e9coute est primordial.\" \/>\n<meta property=\"og:url\" content=\"https:\/\/lucia-rapetti.com\/it\/istituto-di-bellezza-naturale\/come-riconoscere-un-buon-estetista\/\" \/>\n<meta property=\"og:site_name\" content=\"Lucia Rapetti Laboratoire Naturel\" \/>\n<meta property=\"article:publisher\" content=\"https:\/\/www.facebook.com\/luciarapettiofficial\" \/>\n<meta property=\"article:modified_time\" content=\"2025-05-16T07:54:10+00:00\" \/>\n<meta property=\"og:image\" content=\"https:\/\/lucia-rapetti.com\/wp-content\/uploads\/2023\/07\/LR-sito-hp-clean-beauty2.jpg\" \/>\n\t<meta property=\"og:image:width\" content=\"534\" \/>\n\t<meta property=\"og:image:height\" content=\"650\" \/>\n\t<meta property=\"og:image:type\" content=\"image\/jpeg\" \/>\n<meta name=\"twitter:card\" content=\"summary_large_image\" \/>\n<meta name=\"twitter:label1\" content=\"Tempo di lettura stimato\" \/>\n\t<meta name=\"twitter:data1\" content=\"4 minuti\" \/>\n<script type=\"application\/ld+json\" class=\"yoast-schema-graph\">{\"@context\":\"https:\\\/\\\/schema.org\",\"@graph\":[{\"@type\":\"WebPage\",\"@id\":\"https:\\\/\\\/lucia-rapetti.com\\\/institut-de-beaute-naturel\\\/comment-reconnaitre-une-bonne-estheticienne\\\/\",\"url\":\"https:\\\/\\\/lucia-rapetti.com\\\/institut-de-beaute-naturel\\\/comment-reconnaitre-une-bonne-estheticienne\\\/\",\"name\":\"Comment reconnaitre une bonne esth\u00e9ticienne ? Lucia Rapetti\",\"isPartOf\":{\"@id\":\"https:\\\/\\\/lucia-rapetti.com\\\/#website\"},\"primaryImageOfPage\":{\"@id\":\"https:\\\/\\\/lucia-rapetti.com\\\/institut-de-beaute-naturel\\\/comment-reconnaitre-une-bonne-estheticienne\\\/#primaryimage\"},\"image\":{\"@id\":\"https:\\\/\\\/lucia-rapetti.com\\\/institut-de-beaute-naturel\\\/comment-reconnaitre-une-bonne-estheticienne\\\/#primaryimage\"},\"thumbnailUrl\":\"https:\\\/\\\/lucia-rapetti.com\\\/wp-content\\\/uploads\\\/2023\\\/07\\\/LR-sito-hp-clean-beauty2.jpg\",\"datePublished\":\"2024-04-17T10:27:15+00:00\",\"dateModified\":\"2025-05-16T07:54:10+00:00\",\"description\":\"Pour b\u00e9n\u00e9ficier de soins du visage, d'\u00e9pilations ou de modelages, s\u00e9lectionner une professionnelle qui soit \u00e0 l'\u00e9coute est primordial.\",\"breadcrumb\":{\"@id\":\"https:\\\/\\\/lucia-rapetti.com\\\/institut-de-beaute-naturel\\\/comment-reconnaitre-une-bonne-estheticienne\\\/#breadcrumb\"},\"inLanguage\":\"it-IT\",\"potentialAction\":[{\"@type\":\"ReadAction\",\"target\":[\"https:\\\/\\\/lucia-rapetti.com\\\/institut-de-beaute-naturel\\\/comment-reconnaitre-une-bonne-estheticienne\\\/\"]}]},{\"@type\":\"ImageObject\",\"inLanguage\":\"it-IT\",\"@id\":\"https:\\\/\\\/lucia-rapetti.com\\\/institut-de-beaute-naturel\\\/comment-reconnaitre-une-bonne-estheticienne\\\/#primaryimage\",\"url\":\"https:\\\/\\\/lucia-rapetti.com\\\/wp-content\\\/uploads\\\/2023\\\/07\\\/LR-sito-hp-clean-beauty2.jpg\",\"contentUrl\":\"https:\\\/\\\/lucia-rapetti.com\\\/wp-content\\\/uploads\\\/2023\\\/07\\\/LR-sito-hp-clean-beauty2.jpg\"},{\"@type\":\"BreadcrumbList\",\"@id\":\"https:\\\/\\\/lucia-rapetti.com\\\/institut-de-beaute-naturel\\\/comment-reconnaitre-une-bonne-estheticienne\\\/#breadcrumb\",\"itemListElement\":[{\"@type\":\"ListItem\",\"position\":1,\"name\":\"Lucia Rapetti\",\"item\":\"https:\\\/\\\/lucia-rapetti.com\\\/\"},{\"@type\":\"ListItem\",\"position\":2,\"name\":\"Trouvez un institut de beaut\u00e9 au naturel\",\"item\":\"https:\\\/\\\/lucia-rapetti.com\\\/institut-de-beaute-naturel\\\/\"},{\"@type\":\"ListItem\",\"position\":3,\"name\":\"Comment reconnaitre une bonne esth\u00e9ticienne ?\"}]},{\"@type\":\"WebSite\",\"@id\":\"https:\\\/\\\/lucia-rapetti.com\\\/#website\",\"url\":\"https:\\\/\\\/lucia-rapetti.com\\\/\",\"name\":\"Lucia Rapetti Laboratoire Naturel\",\"description\":\"Laboratoire de cosm\u00e9tique naturel et beaut\u00e9\",\"publisher\":{\"@id\":\"https:\\\/\\\/lucia-rapetti.com\\\/#organization\"},\"potentialAction\":[{\"@type\":\"SearchAction\",\"target\":{\"@type\":\"EntryPoint\",\"urlTemplate\":\"https:\\\/\\\/lucia-rapetti.com\\\/?s={search_term_string}\"},\"query-input\":{\"@type\":\"PropertyValueSpecification\",\"valueRequired\":true,\"valueName\":\"search_term_string\"}}],\"inLanguage\":\"it-IT\"},{\"@type\":\"Organization\",\"@id\":\"https:\\\/\\\/lucia-rapetti.com\\\/#organization\",\"name\":\"Lucia Rapetti Laboratoire Naturel\",\"alternateName\":\"LR\",\"url\":\"https:\\\/\\\/lucia-rapetti.com\\\/\",\"logo\":{\"@type\":\"ImageObject\",\"inLanguage\":\"it-IT\",\"@id\":\"https:\\\/\\\/lucia-rapetti.com\\\/#\\\/schema\\\/logo\\\/image\\\/\",\"url\":\"https:\\\/\\\/lucia-rapetti.com\\\/wp-content\\\/uploads\\\/2023\\\/04\\\/cropped-lucia-rapetti-logo-1.png\",\"contentUrl\":\"https:\\\/\\\/lucia-rapetti.com\\\/wp-content\\\/uploads\\\/2023\\\/04\\\/cropped-lucia-rapetti-logo-1.png\",\"width\":850,\"height\":142,\"caption\":\"Lucia Rapetti Laboratoire Naturel\"},\"image\":{\"@id\":\"https:\\\/\\\/lucia-rapetti.com\\\/#\\\/schema\\\/logo\\\/image\\\/\"},\"sameAs\":[\"https:\\\/\\\/www.facebook.com\\\/luciarapettiofficial\",\"https:\\\/\\\/www.instagram.com\\\/luciarapettiofficial\\\/\"]}]}<\/script>\n<!-- \/ Yoast SEO plugin. -->","yoast_head_json":{"title":"Come riconoscere una brava estetista? Lucia Rapetti","description":"Quando si tratta di trattamenti per il viso, cerette e sculture, \u00e8 essenziale scegliere un professionista che sappia ascoltare.","robots":{"index":"index","follow":"follow","max-snippet":"max-snippet:-1","max-image-preview":"max-image-preview:large","max-video-preview":"max-video-preview:-1"},"canonical":"https:\/\/lucia-rapetti.com\/it\/istituto-di-bellezza-naturale\/come-riconoscere-un-buon-estetista\/","og_locale":"it_IT","og_type":"article","og_title":"Comment reconnaitre une bonne esth\u00e9ticienne ? Lucia Rapetti","og_description":"Pour b\u00e9n\u00e9ficier de soins du visage, d'\u00e9pilations ou de modelages, s\u00e9lectionner une professionnelle qui soit \u00e0 l'\u00e9coute est primordial.","og_url":"https:\/\/lucia-rapetti.com\/it\/istituto-di-bellezza-naturale\/come-riconoscere-un-buon-estetista\/","og_site_name":"Lucia Rapetti Laboratoire Naturel","article_publisher":"https:\/\/www.facebook.com\/luciarapettiofficial","article_modified_time":"2025-05-16T07:54:10+00:00","og_image":[{"width":534,"height":650,"url":"https:\/\/lucia-rapetti.com\/wp-content\/uploads\/2023\/07\/LR-sito-hp-clean-beauty2.jpg","type":"image\/jpeg"}],"twitter_card":"summary_large_image","twitter_misc":{"Tempo di lettura stimato":"4 minuti"},"schema":{"@context":"https:\/\/schema.org","@graph":[{"@type":"WebPage","@id":"https:\/\/lucia-rapetti.com\/institut-de-beaute-naturel\/comment-reconnaitre-une-bonne-estheticienne\/","url":"https:\/\/lucia-rapetti.com\/institut-de-beaute-naturel\/comment-reconnaitre-une-bonne-estheticienne\/","name":"Come riconoscere una brava estetista? Lucia Rapetti","isPartOf":{"@id":"https:\/\/lucia-rapetti.com\/#website"},"primaryImageOfPage":{"@id":"https:\/\/lucia-rapetti.com\/institut-de-beaute-naturel\/comment-reconnaitre-une-bonne-estheticienne\/#primaryimage"},"image":{"@id":"https:\/\/lucia-rapetti.com\/institut-de-beaute-naturel\/comment-reconnaitre-une-bonne-estheticienne\/#primaryimage"},"thumbnailUrl":"https:\/\/lucia-rapetti.com\/wp-content\/uploads\/2023\/07\/LR-sito-hp-clean-beauty2.jpg","datePublished":"2024-04-17T10:27:15+00:00","dateModified":"2025-05-16T07:54:10+00:00","description":"Quando si tratta di trattamenti per il viso, cerette e sculture, \u00e8 essenziale scegliere un professionista che sappia ascoltare.","breadcrumb":{"@id":"https:\/\/lucia-rapetti.com\/institut-de-beaute-naturel\/comment-reconnaitre-une-bonne-estheticienne\/#breadcrumb"},"inLanguage":"it-IT","potentialAction":[{"@type":"ReadAction","target":["https:\/\/lucia-rapetti.com\/institut-de-beaute-naturel\/comment-reconnaitre-une-bonne-estheticienne\/"]}]},{"@type":"ImageObject","inLanguage":"it-IT","@id":"https:\/\/lucia-rapetti.com\/institut-de-beaute-naturel\/comment-reconnaitre-une-bonne-estheticienne\/#primaryimage","url":"https:\/\/lucia-rapetti.com\/wp-content\/uploads\/2023\/07\/LR-sito-hp-clean-beauty2.jpg","contentUrl":"https:\/\/lucia-rapetti.com\/wp-content\/uploads\/2023\/07\/LR-sito-hp-clean-beauty2.jpg"},{"@type":"BreadcrumbList","@id":"https:\/\/lucia-rapetti.com\/institut-de-beaute-naturel\/comment-reconnaitre-une-bonne-estheticienne\/#breadcrumb","itemListElement":[{"@type":"ListItem","position":1,"name":"Lucia Rapetti","item":"https:\/\/lucia-rapetti.com\/"},{"@type":"ListItem","position":2,"name":"Trouvez un institut de beaut\u00e9 au naturel","item":"https:\/\/lucia-rapetti.com\/institut-de-beaute-naturel\/"},{"@type":"ListItem","position":3,"name":"Comment reconnaitre une bonne esth\u00e9ticienne ?"}]},{"@type":"WebSite","@id":"https:\/\/lucia-rapetti.com\/#website","url":"https:\/\/lucia-rapetti.com\/","name":"Laboratorio Naturale Lucia Rapetti","description":"Laboratorio di cosmetica naturale e di bellezza","publisher":{"@id":"https:\/\/lucia-rapetti.com\/#organization"},"potentialAction":[{"@type":"SearchAction","target":{"@type":"EntryPoint","urlTemplate":"https:\/\/lucia-rapetti.com\/?s={search_term_string}"},"query-input":{"@type":"PropertyValueSpecification","valueRequired":true,"valueName":"search_term_string"}}],"inLanguage":"it-IT"},{"@type":"Organization","@id":"https:\/\/lucia-rapetti.com\/#organization","name":"Laboratorio Naturale Lucia Rapetti","alternateName":"LR","url":"https:\/\/lucia-rapetti.com\/","logo":{"@type":"ImageObject","inLanguage":"it-IT","@id":"https:\/\/lucia-rapetti.com\/#\/schema\/logo\/image\/","url":"https:\/\/lucia-rapetti.com\/wp-content\/uploads\/2023\/04\/cropped-lucia-rapetti-logo-1.png","contentUrl":"https:\/\/lucia-rapetti.com\/wp-content\/uploads\/2023\/04\/cropped-lucia-rapetti-logo-1.png","width":850,"height":142,"caption":"Lucia Rapetti Laboratoire Naturel"},"image":{"@id":"https:\/\/lucia-rapetti.com\/#\/schema\/logo\/image\/"},"sameAs":["https:\/\/www.facebook.com\/luciarapettiofficial","https:\/\/www.instagram.com\/luciarapettiofficial\/"]}]}},"_links":{"self":[{"href":"https:\/\/lucia-rapetti.com\/it\/wp-json\/wp\/v2\/pages\/15121","targetHints":{"allow":["GET"]}}],"collection":[{"href":"https:\/\/lucia-rapetti.com\/it\/wp-json\/wp\/v2\/pages"}],"about":[{"href":"https:\/\/lucia-rapetti.com\/it\/wp-json\/wp\/v2\/types\/page"}],"author":[{"embeddable":true,"href":"https:\/\/lucia-rapetti.com\/it\/wp-json\/wp\/v2\/users\/3"}],"replies":[{"embeddable":true,"href":"https:\/\/lucia-rapetti.com\/it\/wp-json\/wp\/v2\/comments?post=15121"}],"version-history":[{"count":0,"href":"https:\/\/lucia-rapetti.com\/it\/wp-json\/wp\/v2\/pages\/15121\/revisions"}],"up":[{"embeddable":true,"href":"https:\/\/lucia-rapetti.com\/it\/wp-json\/wp\/v2\/pages\/4280"}],"wp:attachment":[{"href":"https:\/\/lucia-rapetti.com\/it\/wp-json\/wp\/v2\/media?parent=15121"}],"curies":[{"name":"wp","href":"https:\/\/api.w.org\/{rel}","templated":true}]}}