{"id":2713,"date":"2023-09-12T11:05:30","date_gmt":"2023-09-12T09:05:30","guid":{"rendered":"https:\/\/client.comanddesign.com\/?post_type=product&#038;p=2713"},"modified":"2025-07-08T08:27:36","modified_gmt":"2025-07-08T06:27:36","slug":"slim-complex-60-capsulas","status":"publish","type":"product","link":"https:\/\/lucia-rapetti.com\/es\/producto\/slim-complex-60-capsulas\/","title":{"rendered":"Slim Complex 60 C\u00e1psulas"},"content":{"rendered":"<p class=\"p1\">INULINA DE \u00c1GAVA BIO: fibra alimentaria prebi\u00f3tica, nutriente de alto rendimiento<span class=\"Apple-converted-space\">\u00a0 <\/span>para las bacterias buenas de la flora intestinal.<br \/>\nHIGO DE BARBERO BIO: rico en fibra, buena salud digestiva e intestinal.<br \/>\nNOPAL BIO: excelentes propiedades adelgazantes, efecto supresor natural del apetito. <span class=\"Apple-converted-space\"><br \/>\n<\/span>LACTOBACILLUS HELVETICUS: una cepa eficaz para mejorar la microbiota intestinal. <span class=\"Apple-converted-space\"><br \/>\nBIFIDOBACTERIUM LONGUM: equilibra la flora intestinal.<\/span><span class=\"Apple-converted-space\">\u00a0<\/span><br \/>\nLACTOBACILLUR RHAMNOSUS: eficaz para mejorar la microbiota intestinal.<\/p>","protected":false},"excerpt":{"rendered":"<p class=\"p1\">Un equilibrio ganador \u00abhambre-saciedad\u00bb es una ayuda preciosa en las curas de adelgazamiento, evitando el peligroso efecto yo-yo para obtener resultados de adelgazamiento duraderos en el tiempo.<\/p>","protected":false},"featured_media":2653,"comment_status":"open","ping_status":"closed","template":"","meta":{"_acf_changed":false,"site-sidebar-layout":"default","site-content-layout":"default","ast-site-content-layout":"default","site-content-style":"default","site-sidebar-style":"default","ast-global-header-display":"","ast-banner-title-visibility":"","ast-main-header-display":"","ast-hfb-above-header-display":"","ast-hfb-below-header-display":"","ast-hfb-mobile-header-display":"","site-post-title":"","ast-breadcrumbs-content":"","ast-featured-img":"","footer-sml-layout":"","ast-disable-related-posts":"","theme-transparent-header-meta":"default","adv-header-id-meta":"","stick-header-meta":"","header-above-stick-meta":"","header-main-stick-meta":"","header-below-stick-meta":"","astra-migrate-meta-layouts":"set","ast-page-background-enabled":"default","ast-page-background-meta":{"desktop":{"background-color":"var(--ast-global-color-4)","background-image":"","background-repeat":"repeat","background-position":"center center","background-size":"auto","background-attachment":"scroll","background-type":"","background-media":"","overlay-type":"","overlay-color":"","overlay-opacity":"","overlay-gradient":""},"tablet":{"background-color":"","background-image":"","background-repeat":"repeat","background-position":"center center","background-size":"auto","background-attachment":"scroll","background-type":"","background-media":"","overlay-type":"","overlay-color":"","overlay-opacity":"","overlay-gradient":""},"mobile":{"background-color":"","background-image":"","background-repeat":"repeat","background-position":"center center","background-size":"auto","background-attachment":"scroll","background-type":"","background-media":"","overlay-type":"","overlay-color":"","overlay-opacity":"","overlay-gradient":""}},"ast-content-background-meta":{"desktop":{"background-color":"var(--ast-global-color-5)","background-image":"","background-repeat":"repeat","background-position":"center center","background-size":"auto","background-attachment":"scroll","background-type":"","background-media":"","overlay-type":"","overlay-color":"","overlay-opacity":"","overlay-gradient":""},"tablet":{"background-color":"var(--ast-global-color-5)","background-image":"","background-repeat":"repeat","background-position":"center center","background-size":"auto","background-attachment":"scroll","background-type":"","background-media":"","overlay-type":"","overlay-color":"","overlay-opacity":"","overlay-gradient":""},"mobile":{"background-color":"var(--ast-global-color-5)","background-image":"","background-repeat":"repeat","background-position":"center center","background-size":"auto","background-attachment":"scroll","background-type":"","background-media":"","overlay-type":"","overlay-color":"","overlay-opacity":"","overlay-gradient":""}}},"product_brand":[],"product_cat":[82],"product_tag":[],"class_list":{"0":"post-2713","1":"product","2":"type-product","3":"status-publish","4":"has-post-thumbnail","6":"product_cat-complements-alimentaires-minceur-cellulite","7":"desktop-align-left","8":"tablet-align-left","9":"mobile-align-left","10":"ast-product-gallery-layout-vertical-slider","11":"ast-product-gallery-with-no-image","12":"ast-product-tabs-layout-horizontal","13":"ast-qv-on-image","15":"first","16":"outofstock","17":"taxable","18":"shipping-taxable","19":"purchasable","20":"product-type-simple"},"acf":[],"yoast_head":"<!-- This site is optimized with the Yoast SEO plugin v27.3 - https:\/\/yoast.com\/product\/yoast-seo-wordpress\/ -->\n<title>Compl\u00e9ments Alimentaires Slim Complex 60 G\u00e9lules Lucia Rapetti<\/title>\n<meta name=\"description\" content=\"Aide pr\u00e9cieuse dans les cures amincissantes, \u00e9vite le dangereux effets yo-yo pour un r\u00e9sultat minceur durable dans le temps.\" \/>\n<meta name=\"robots\" content=\"index, follow, max-snippet:-1, max-image-preview:large, max-video-preview:-1\" \/>\n<link rel=\"canonical\" href=\"https:\/\/lucia-rapetti.com\/es\/producto\/slim-complex-60-capsulas\/\" \/>\n<meta property=\"og:locale\" content=\"es_ES\" \/>\n<meta property=\"og:type\" content=\"article\" \/>\n<meta property=\"og:title\" content=\"Compl\u00e9ments Alimentaires Slim Complex 60 G\u00e9lules Lucia Rapetti\" \/>\n<meta property=\"og:description\" content=\"Aide pr\u00e9cieuse dans les cures amincissantes, \u00e9vite le dangereux effets yo-yo pour un r\u00e9sultat minceur durable dans le temps.\" \/>\n<meta property=\"og:url\" content=\"https:\/\/lucia-rapetti.com\/es\/producto\/slim-complex-60-capsulas\/\" \/>\n<meta property=\"og:site_name\" content=\"Lucia Rapetti Laboratoire Naturel\" \/>\n<meta property=\"article:publisher\" content=\"https:\/\/www.facebook.com\/luciarapettiofficial\" \/>\n<meta property=\"article:modified_time\" content=\"2025-07-08T06:27:36+00:00\" \/>\n<meta property=\"og:image\" content=\"https:\/\/lucia-rapetti.com\/wp-content\/uploads\/2023\/09\/LR-sito-slim-complex.png\" \/>\n\t<meta property=\"og:image:width\" content=\"1200\" \/>\n\t<meta property=\"og:image:height\" content=\"1200\" \/>\n\t<meta property=\"og:image:type\" content=\"image\/png\" \/>\n<meta name=\"twitter:card\" content=\"summary_large_image\" \/>\n<meta name=\"twitter:label1\" content=\"Tiempo de lectura\" \/>\n\t<meta name=\"twitter:data1\" content=\"1 minuto\" \/>\n<script type=\"application\/ld+json\" class=\"yoast-schema-graph\">{\"@context\":\"https:\\\/\\\/schema.org\",\"@graph\":[{\"@type\":\"WebPage\",\"@id\":\"https:\\\/\\\/lucia-rapetti.com\\\/product\\\/slim-complex-60-gelules\\\/\",\"url\":\"https:\\\/\\\/lucia-rapetti.com\\\/product\\\/slim-complex-60-gelules\\\/\",\"name\":\"Compl\u00e9ments Alimentaires Slim Complex 60 G\u00e9lules Lucia Rapetti\",\"isPartOf\":{\"@id\":\"https:\\\/\\\/lucia-rapetti.com\\\/#website\"},\"primaryImageOfPage\":{\"@id\":\"https:\\\/\\\/lucia-rapetti.com\\\/product\\\/slim-complex-60-gelules\\\/#primaryimage\"},\"image\":{\"@id\":\"https:\\\/\\\/lucia-rapetti.com\\\/product\\\/slim-complex-60-gelules\\\/#primaryimage\"},\"thumbnailUrl\":\"https:\\\/\\\/lucia-rapetti.com\\\/wp-content\\\/uploads\\\/2023\\\/09\\\/LR-sito-slim-complex.png\",\"datePublished\":\"2023-09-12T09:05:30+00:00\",\"dateModified\":\"2025-07-08T06:27:36+00:00\",\"description\":\"Aide pr\u00e9cieuse dans les cures amincissantes, \u00e9vite le dangereux effets yo-yo pour un r\u00e9sultat minceur durable dans le temps.\",\"breadcrumb\":{\"@id\":\"https:\\\/\\\/lucia-rapetti.com\\\/product\\\/slim-complex-60-gelules\\\/#breadcrumb\"},\"inLanguage\":\"es\",\"potentialAction\":[{\"@type\":\"ReadAction\",\"target\":[\"https:\\\/\\\/lucia-rapetti.com\\\/product\\\/slim-complex-60-gelules\\\/\"]}]},{\"@type\":\"ImageObject\",\"inLanguage\":\"es\",\"@id\":\"https:\\\/\\\/lucia-rapetti.com\\\/product\\\/slim-complex-60-gelules\\\/#primaryimage\",\"url\":\"https:\\\/\\\/lucia-rapetti.com\\\/wp-content\\\/uploads\\\/2023\\\/09\\\/LR-sito-slim-complex.png\",\"contentUrl\":\"https:\\\/\\\/lucia-rapetti.com\\\/wp-content\\\/uploads\\\/2023\\\/09\\\/LR-sito-slim-complex.png\",\"width\":1200,\"height\":1200,\"caption\":\"slim complex\"},{\"@type\":\"BreadcrumbList\",\"@id\":\"https:\\\/\\\/lucia-rapetti.com\\\/product\\\/slim-complex-60-gelules\\\/#breadcrumb\",\"itemListElement\":[{\"@type\":\"ListItem\",\"position\":1,\"name\":\"Lucia Rapetti\",\"item\":\"https:\\\/\\\/lucia-rapetti.com\\\/\"},{\"@type\":\"ListItem\",\"position\":2,\"name\":\"Shop\",\"item\":\"https:\\\/\\\/lucia-rapetti.com\\\/shop\\\/\"},{\"@type\":\"ListItem\",\"position\":3,\"name\":\"Compl\u00e9ments Alimentaires\",\"item\":\"https:\\\/\\\/lucia-rapetti.com\\\/product-category\\\/complements-alimentaires\\\/\"},{\"@type\":\"ListItem\",\"position\":4,\"name\":\"Compl\u00e9ments Alimentaires Minceur &amp; Cellulite\",\"item\":\"https:\\\/\\\/lucia-rapetti.com\\\/product-category\\\/complements-alimentaires\\\/complements-alimentaires-minceur-cellulite\\\/\"},{\"@type\":\"ListItem\",\"position\":5,\"name\":\"Slim Complex 60 G\u00e9lules\"}]},{\"@type\":\"WebSite\",\"@id\":\"https:\\\/\\\/lucia-rapetti.com\\\/#website\",\"url\":\"https:\\\/\\\/lucia-rapetti.com\\\/\",\"name\":\"Lucia Rapetti Laboratoire Naturel\",\"description\":\"Laboratoire de cosm\u00e9tique naturel et beaut\u00e9\",\"publisher\":{\"@id\":\"https:\\\/\\\/lucia-rapetti.com\\\/#organization\"},\"potentialAction\":[{\"@type\":\"SearchAction\",\"target\":{\"@type\":\"EntryPoint\",\"urlTemplate\":\"https:\\\/\\\/lucia-rapetti.com\\\/?s={search_term_string}\"},\"query-input\":{\"@type\":\"PropertyValueSpecification\",\"valueRequired\":true,\"valueName\":\"search_term_string\"}}],\"inLanguage\":\"es\"},{\"@type\":\"Organization\",\"@id\":\"https:\\\/\\\/lucia-rapetti.com\\\/#organization\",\"name\":\"Lucia Rapetti Laboratoire Naturel\",\"alternateName\":\"LR\",\"url\":\"https:\\\/\\\/lucia-rapetti.com\\\/\",\"logo\":{\"@type\":\"ImageObject\",\"inLanguage\":\"es\",\"@id\":\"https:\\\/\\\/lucia-rapetti.com\\\/#\\\/schema\\\/logo\\\/image\\\/\",\"url\":\"https:\\\/\\\/lucia-rapetti.com\\\/wp-content\\\/uploads\\\/2023\\\/04\\\/cropped-lucia-rapetti-logo-1.png\",\"contentUrl\":\"https:\\\/\\\/lucia-rapetti.com\\\/wp-content\\\/uploads\\\/2023\\\/04\\\/cropped-lucia-rapetti-logo-1.png\",\"width\":850,\"height\":142,\"caption\":\"Lucia Rapetti Laboratoire Naturel\"},\"image\":{\"@id\":\"https:\\\/\\\/lucia-rapetti.com\\\/#\\\/schema\\\/logo\\\/image\\\/\"},\"sameAs\":[\"https:\\\/\\\/www.facebook.com\\\/luciarapettiofficial\",\"https:\\\/\\\/www.instagram.com\\\/luciarapettiofficial\\\/\"]}]}<\/script>\n<!-- \/ Yoast SEO plugin. -->","yoast_head_json":{"title":"Complementos Alimenticios Slim Complex 60 c\u00e1psulas Lucia Rapetti","description":"Una valiosa ayuda en las curas de adelgazamiento, evita el peligroso efecto yo-yo para obtener resultados de adelgazamiento duraderos en el tiempo.","robots":{"index":"index","follow":"follow","max-snippet":"max-snippet:-1","max-image-preview":"max-image-preview:large","max-video-preview":"max-video-preview:-1"},"canonical":"https:\/\/lucia-rapetti.com\/es\/producto\/slim-complex-60-capsulas\/","og_locale":"es_ES","og_type":"article","og_title":"Compl\u00e9ments Alimentaires Slim Complex 60 G\u00e9lules Lucia Rapetti","og_description":"Aide pr\u00e9cieuse dans les cures amincissantes, \u00e9vite le dangereux effets yo-yo pour un r\u00e9sultat minceur durable dans le temps.","og_url":"https:\/\/lucia-rapetti.com\/es\/producto\/slim-complex-60-capsulas\/","og_site_name":"Lucia Rapetti Laboratoire Naturel","article_publisher":"https:\/\/www.facebook.com\/luciarapettiofficial","article_modified_time":"2025-07-08T06:27:36+00:00","og_image":[{"width":1200,"height":1200,"url":"https:\/\/lucia-rapetti.com\/wp-content\/uploads\/2023\/09\/LR-sito-slim-complex.png","type":"image\/png"}],"twitter_card":"summary_large_image","twitter_misc":{"Tiempo de lectura":"1 minuto"},"schema":{"@context":"https:\/\/schema.org","@graph":[{"@type":"WebPage","@id":"https:\/\/lucia-rapetti.com\/product\/slim-complex-60-gelules\/","url":"https:\/\/lucia-rapetti.com\/product\/slim-complex-60-gelules\/","name":"Complementos Alimenticios Slim Complex 60 c\u00e1psulas Lucia Rapetti","isPartOf":{"@id":"https:\/\/lucia-rapetti.com\/#website"},"primaryImageOfPage":{"@id":"https:\/\/lucia-rapetti.com\/product\/slim-complex-60-gelules\/#primaryimage"},"image":{"@id":"https:\/\/lucia-rapetti.com\/product\/slim-complex-60-gelules\/#primaryimage"},"thumbnailUrl":"https:\/\/lucia-rapetti.com\/wp-content\/uploads\/2023\/09\/LR-sito-slim-complex.png","datePublished":"2023-09-12T09:05:30+00:00","dateModified":"2025-07-08T06:27:36+00:00","description":"Una valiosa ayuda en las curas de adelgazamiento, evita el peligroso efecto yo-yo para obtener resultados de adelgazamiento duraderos en el tiempo.","breadcrumb":{"@id":"https:\/\/lucia-rapetti.com\/product\/slim-complex-60-gelules\/#breadcrumb"},"inLanguage":"es","potentialAction":[{"@type":"ReadAction","target":["https:\/\/lucia-rapetti.com\/product\/slim-complex-60-gelules\/"]}]},{"@type":"ImageObject","inLanguage":"es","@id":"https:\/\/lucia-rapetti.com\/product\/slim-complex-60-gelules\/#primaryimage","url":"https:\/\/lucia-rapetti.com\/wp-content\/uploads\/2023\/09\/LR-sito-slim-complex.png","contentUrl":"https:\/\/lucia-rapetti.com\/wp-content\/uploads\/2023\/09\/LR-sito-slim-complex.png","width":1200,"height":1200,"caption":"slim complex"},{"@type":"BreadcrumbList","@id":"https:\/\/lucia-rapetti.com\/product\/slim-complex-60-gelules\/#breadcrumb","itemListElement":[{"@type":"ListItem","position":1,"name":"Lucia Rapetti","item":"https:\/\/lucia-rapetti.com\/"},{"@type":"ListItem","position":2,"name":"Shop","item":"https:\/\/lucia-rapetti.com\/shop\/"},{"@type":"ListItem","position":3,"name":"Compl\u00e9ments Alimentaires","item":"https:\/\/lucia-rapetti.com\/product-category\/complements-alimentaires\/"},{"@type":"ListItem","position":4,"name":"Compl\u00e9ments Alimentaires Minceur &amp; Cellulite","item":"https:\/\/lucia-rapetti.com\/product-category\/complements-alimentaires\/complements-alimentaires-minceur-cellulite\/"},{"@type":"ListItem","position":5,"name":"Slim Complex 60 G\u00e9lules"}]},{"@type":"WebSite","@id":"https:\/\/lucia-rapetti.com\/#website","url":"https:\/\/lucia-rapetti.com\/","name":"Lucia Rapetti Laboratorio Natural","description":"Laboratorio de cosm\u00e9tica natural y belleza","publisher":{"@id":"https:\/\/lucia-rapetti.com\/#organization"},"potentialAction":[{"@type":"SearchAction","target":{"@type":"EntryPoint","urlTemplate":"https:\/\/lucia-rapetti.com\/?s={search_term_string}"},"query-input":{"@type":"PropertyValueSpecification","valueRequired":true,"valueName":"search_term_string"}}],"inLanguage":"es"},{"@type":"Organization","@id":"https:\/\/lucia-rapetti.com\/#organization","name":"Lucia Rapetti Laboratorio Natural","alternateName":"LR","url":"https:\/\/lucia-rapetti.com\/","logo":{"@type":"ImageObject","inLanguage":"es","@id":"https:\/\/lucia-rapetti.com\/#\/schema\/logo\/image\/","url":"https:\/\/lucia-rapetti.com\/wp-content\/uploads\/2023\/04\/cropped-lucia-rapetti-logo-1.png","contentUrl":"https:\/\/lucia-rapetti.com\/wp-content\/uploads\/2023\/04\/cropped-lucia-rapetti-logo-1.png","width":850,"height":142,"caption":"Lucia Rapetti Laboratoire Naturel"},"image":{"@id":"https:\/\/lucia-rapetti.com\/#\/schema\/logo\/image\/"},"sameAs":["https:\/\/www.facebook.com\/luciarapettiofficial","https:\/\/www.instagram.com\/luciarapettiofficial\/"]}]}},"_links":{"self":[{"href":"https:\/\/lucia-rapetti.com\/es\/wp-json\/wp\/v2\/product\/2713","targetHints":{"allow":["GET"]}}],"collection":[{"href":"https:\/\/lucia-rapetti.com\/es\/wp-json\/wp\/v2\/product"}],"about":[{"href":"https:\/\/lucia-rapetti.com\/es\/wp-json\/wp\/v2\/types\/product"}],"replies":[{"embeddable":true,"href":"https:\/\/lucia-rapetti.com\/es\/wp-json\/wp\/v2\/comments?post=2713"}],"version-history":[{"count":0,"href":"https:\/\/lucia-rapetti.com\/es\/wp-json\/wp\/v2\/product\/2713\/revisions"}],"wp:featuredmedia":[{"embeddable":true,"href":"https:\/\/lucia-rapetti.com\/es\/wp-json\/wp\/v2\/media\/2653"}],"wp:attachment":[{"href":"https:\/\/lucia-rapetti.com\/es\/wp-json\/wp\/v2\/media?parent=2713"}],"wp:term":[{"taxonomy":"product_brand","embeddable":true,"href":"https:\/\/lucia-rapetti.com\/es\/wp-json\/wp\/v2\/product_brand?post=2713"},{"taxonomy":"product_cat","embeddable":true,"href":"https:\/\/lucia-rapetti.com\/es\/wp-json\/wp\/v2\/product_cat?post=2713"},{"taxonomy":"product_tag","embeddable":true,"href":"https:\/\/lucia-rapetti.com\/es\/wp-json\/wp\/v2\/product_tag?post=2713"}],"curies":[{"name":"wp","href":"https:\/\/api.w.org\/{rel}","templated":true}]}}