{"id":1365,"date":"2023-06-30T10:27:46","date_gmt":"2023-06-30T08:27:46","guid":{"rendered":"https:\/\/client.comanddesign.com\/?post_type=product&#038;p=1365"},"modified":"2026-03-06T14:41:33","modified_gmt":"2026-03-06T13:41:33","slug":"sensitive-sun-proteccion-corporal-30-200ml","status":"publish","type":"product","link":"https:\/\/lucia-rapetti.com\/es\/producto\/sensitive-sun-proteccion-corporal-30-200ml\/","title":{"rendered":"Sensitive Sun Protecci\u00f3n Corporal SPF 30 200ml"},"content":{"rendered":"<p class=\"p1\">CITRUS AURANTIUM DULCIS: acci\u00f3n dermoprotectora.<br \/>\nKRAMERIA TRIANDRA: acci\u00f3n antiedad.<br \/>\nBETAIN:<span class=\"Apple-converted-space\">\u00a0 <\/span>Protege contra los radicales libres y las agresiones UVB-UVA.<br \/>\nACETATO DE TOCOFERILO ( VIT.E): Importante antioxidante, combate el estr\u00e9s oxidativo de las c\u00e9lulas y act\u00faa como barrera contra el envejecimiento prematuro.<br \/>\nACEITE DE GERMEN Z\u00c9A MAIS: protege, nutre y suaviza la piel.<br \/>\nBETA-CAROTENO: protege y estimula el bronceado.<\/p>","protected":false},"excerpt":{"rendered":"<p class=\"translation-block\">Alta protecci\u00f3n para pieles delicadas. Facilita un bronceado uniforme y<span class=\"Apple-converted-space\"> <\/span>previene rojeces y quemaduras solares. Protege la piel del envejecimiento fotoinducido.<\/p>","protected":false},"featured_media":1349,"comment_status":"open","ping_status":"closed","template":"","meta":{"_acf_changed":false,"site-sidebar-layout":"default","site-content-layout":"default","ast-site-content-layout":"default","site-content-style":"default","site-sidebar-style":"default","ast-global-header-display":"","ast-banner-title-visibility":"","ast-main-header-display":"","ast-hfb-above-header-display":"","ast-hfb-below-header-display":"","ast-hfb-mobile-header-display":"","site-post-title":"","ast-breadcrumbs-content":"","ast-featured-img":"","footer-sml-layout":"","ast-disable-related-posts":"","theme-transparent-header-meta":"default","adv-header-id-meta":"","stick-header-meta":"","header-above-stick-meta":"","header-main-stick-meta":"","header-below-stick-meta":"","astra-migrate-meta-layouts":"set","ast-page-background-enabled":"default","ast-page-background-meta":{"desktop":{"background-color":"var(--ast-global-color-4)","background-image":"","background-repeat":"repeat","background-position":"center center","background-size":"auto","background-attachment":"scroll","background-type":"","background-media":"","overlay-type":"","overlay-color":"","overlay-opacity":"","overlay-gradient":""},"tablet":{"background-color":"","background-image":"","background-repeat":"repeat","background-position":"center center","background-size":"auto","background-attachment":"scroll","background-type":"","background-media":"","overlay-type":"","overlay-color":"","overlay-opacity":"","overlay-gradient":""},"mobile":{"background-color":"","background-image":"","background-repeat":"repeat","background-position":"center center","background-size":"auto","background-attachment":"scroll","background-type":"","background-media":"","overlay-type":"","overlay-color":"","overlay-opacity":"","overlay-gradient":""}},"ast-content-background-meta":{"desktop":{"background-color":"var(--ast-global-color-5)","background-image":"","background-repeat":"repeat","background-position":"center center","background-size":"auto","background-attachment":"scroll","background-type":"","background-media":"","overlay-type":"","overlay-color":"","overlay-opacity":"","overlay-gradient":""},"tablet":{"background-color":"var(--ast-global-color-5)","background-image":"","background-repeat":"repeat","background-position":"center center","background-size":"auto","background-attachment":"scroll","background-type":"","background-media":"","overlay-type":"","overlay-color":"","overlay-opacity":"","overlay-gradient":""},"mobile":{"background-color":"var(--ast-global-color-5)","background-image":"","background-repeat":"repeat","background-position":"center center","background-size":"auto","background-attachment":"scroll","background-type":"","background-media":"","overlay-type":"","overlay-color":"","overlay-opacity":"","overlay-gradient":""}}},"product_brand":[],"product_cat":[71],"product_tag":[],"class_list":{"0":"post-1365","1":"product","2":"type-product","3":"status-publish","4":"has-post-thumbnail","6":"product_cat-peaux-claires-et-sensibles-phototype-ii-iii","7":"desktop-align-left","8":"tablet-align-left","9":"mobile-align-left","10":"ast-product-gallery-layout-vertical-slider","11":"ast-product-tabs-layout-horizontal","12":"ast-qv-on-image","14":"first","15":"instock","16":"taxable","17":"shipping-taxable","18":"purchasable","19":"product-type-simple"},"acf":[],"yoast_head":"<!-- This site is optimized with the Yoast SEO plugin v27.3 - https:\/\/yoast.com\/product\/yoast-seo-wordpress\/ -->\n<title>Sensitive Sun Body Protection SPF 30 200ml - Lucia Rapetti<\/title>\n<meta name=\"description\" content=\"Haute protection peau d\u00e9licate. Facilite un bronzage uniforme et\u00a0 \u00e9vite les rougeurs et les coups de soleil. Prot\u00e8ge la peau du vieillissement photo-induit.\" \/>\n<meta name=\"robots\" content=\"index, follow, max-snippet:-1, max-image-preview:large, max-video-preview:-1\" \/>\n<link rel=\"canonical\" href=\"https:\/\/lucia-rapetti.com\/es\/producto\/sensitive-sun-proteccion-corporal-30-200ml\/\" \/>\n<meta property=\"og:locale\" content=\"es_ES\" \/>\n<meta property=\"og:type\" content=\"article\" \/>\n<meta property=\"og:title\" content=\"Sensitive Sun Body Protection SPF 30 200ml - Lucia Rapetti\" \/>\n<meta property=\"og:description\" content=\"Haute protection peau d\u00e9licate. Facilite un bronzage uniforme et\u00a0 \u00e9vite les rougeurs et les coups de soleil. Prot\u00e8ge la peau du vieillissement photo-induit.\" \/>\n<meta property=\"og:url\" content=\"https:\/\/lucia-rapetti.com\/es\/producto\/sensitive-sun-proteccion-corporal-30-200ml\/\" \/>\n<meta property=\"og:site_name\" content=\"Lucia Rapetti Laboratoire Naturel\" \/>\n<meta property=\"article:publisher\" content=\"https:\/\/www.facebook.com\/luciarapettiofficial\" \/>\n<meta property=\"article:modified_time\" content=\"2026-03-06T13:41:33+00:00\" \/>\n<meta property=\"og:image\" content=\"https:\/\/lucia-rapetti.com\/wp-content\/uploads\/2023\/06\/LR-sito-sensitive-sun-corps.png\" \/>\n\t<meta property=\"og:image:width\" content=\"1200\" \/>\n\t<meta property=\"og:image:height\" content=\"1200\" \/>\n\t<meta property=\"og:image:type\" content=\"image\/png\" \/>\n<meta name=\"twitter:card\" content=\"summary_large_image\" \/>\n<meta name=\"twitter:label1\" content=\"Tiempo de lectura\" \/>\n\t<meta name=\"twitter:data1\" content=\"1 minuto\" \/>\n<script type=\"application\/ld+json\" class=\"yoast-schema-graph\">{\"@context\":\"https:\\\/\\\/schema.org\",\"@graph\":[{\"@type\":\"WebPage\",\"@id\":\"https:\\\/\\\/lucia-rapetti.com\\\/product\\\/sensitive-sun-body-protection-30-200ml\\\/\",\"url\":\"https:\\\/\\\/lucia-rapetti.com\\\/product\\\/sensitive-sun-body-protection-30-200ml\\\/\",\"name\":\"Sensitive Sun Body Protection SPF 30 200ml - Lucia Rapetti\",\"isPartOf\":{\"@id\":\"https:\\\/\\\/lucia-rapetti.com\\\/#website\"},\"primaryImageOfPage\":{\"@id\":\"https:\\\/\\\/lucia-rapetti.com\\\/product\\\/sensitive-sun-body-protection-30-200ml\\\/#primaryimage\"},\"image\":{\"@id\":\"https:\\\/\\\/lucia-rapetti.com\\\/product\\\/sensitive-sun-body-protection-30-200ml\\\/#primaryimage\"},\"thumbnailUrl\":\"https:\\\/\\\/lucia-rapetti.com\\\/wp-content\\\/uploads\\\/2023\\\/06\\\/LR-sito-sensitive-sun-corps.png\",\"datePublished\":\"2023-06-30T08:27:46+00:00\",\"dateModified\":\"2026-03-06T13:41:33+00:00\",\"description\":\"Haute protection peau d\u00e9licate. Facilite un bronzage uniforme et\u00a0 \u00e9vite les rougeurs et les coups de soleil. Prot\u00e8ge la peau du vieillissement photo-induit.\",\"breadcrumb\":{\"@id\":\"https:\\\/\\\/lucia-rapetti.com\\\/product\\\/sensitive-sun-body-protection-30-200ml\\\/#breadcrumb\"},\"inLanguage\":\"es\",\"potentialAction\":[{\"@type\":\"ReadAction\",\"target\":[\"https:\\\/\\\/lucia-rapetti.com\\\/product\\\/sensitive-sun-body-protection-30-200ml\\\/\"]}]},{\"@type\":\"ImageObject\",\"inLanguage\":\"es\",\"@id\":\"https:\\\/\\\/lucia-rapetti.com\\\/product\\\/sensitive-sun-body-protection-30-200ml\\\/#primaryimage\",\"url\":\"https:\\\/\\\/lucia-rapetti.com\\\/wp-content\\\/uploads\\\/2023\\\/06\\\/LR-sito-sensitive-sun-corps.png\",\"contentUrl\":\"https:\\\/\\\/lucia-rapetti.com\\\/wp-content\\\/uploads\\\/2023\\\/06\\\/LR-sito-sensitive-sun-corps.png\",\"width\":1200,\"height\":1200,\"caption\":\"sensitive sun body protection\"},{\"@type\":\"BreadcrumbList\",\"@id\":\"https:\\\/\\\/lucia-rapetti.com\\\/product\\\/sensitive-sun-body-protection-30-200ml\\\/#breadcrumb\",\"itemListElement\":[{\"@type\":\"ListItem\",\"position\":1,\"name\":\"Lucia Rapetti\",\"item\":\"https:\\\/\\\/lucia-rapetti.com\\\/\"},{\"@type\":\"ListItem\",\"position\":2,\"name\":\"Shop\",\"item\":\"https:\\\/\\\/lucia-rapetti.com\\\/shop\\\/\"},{\"@type\":\"ListItem\",\"position\":3,\"name\":\"Protection Solaire\",\"item\":\"https:\\\/\\\/lucia-rapetti.com\\\/product-category\\\/protection-solaire\\\/\"},{\"@type\":\"ListItem\",\"position\":4,\"name\":\"Peaux claires et sensibles &gt; Phototype II-III\",\"item\":\"https:\\\/\\\/lucia-rapetti.com\\\/product-category\\\/protection-solaire\\\/peaux-claires-et-sensibles-phototype-ii-iii\\\/\"},{\"@type\":\"ListItem\",\"position\":5,\"name\":\"Sensitive Sun Body Protection SPF 30 200ml\"}]},{\"@type\":\"WebSite\",\"@id\":\"https:\\\/\\\/lucia-rapetti.com\\\/#website\",\"url\":\"https:\\\/\\\/lucia-rapetti.com\\\/\",\"name\":\"Lucia Rapetti Laboratoire Naturel\",\"description\":\"Laboratoire de cosm\u00e9tique naturel et beaut\u00e9\",\"publisher\":{\"@id\":\"https:\\\/\\\/lucia-rapetti.com\\\/#organization\"},\"potentialAction\":[{\"@type\":\"SearchAction\",\"target\":{\"@type\":\"EntryPoint\",\"urlTemplate\":\"https:\\\/\\\/lucia-rapetti.com\\\/?s={search_term_string}\"},\"query-input\":{\"@type\":\"PropertyValueSpecification\",\"valueRequired\":true,\"valueName\":\"search_term_string\"}}],\"inLanguage\":\"es\"},{\"@type\":\"Organization\",\"@id\":\"https:\\\/\\\/lucia-rapetti.com\\\/#organization\",\"name\":\"Lucia Rapetti Laboratoire Naturel\",\"alternateName\":\"LR\",\"url\":\"https:\\\/\\\/lucia-rapetti.com\\\/\",\"logo\":{\"@type\":\"ImageObject\",\"inLanguage\":\"es\",\"@id\":\"https:\\\/\\\/lucia-rapetti.com\\\/#\\\/schema\\\/logo\\\/image\\\/\",\"url\":\"https:\\\/\\\/lucia-rapetti.com\\\/wp-content\\\/uploads\\\/2023\\\/04\\\/cropped-lucia-rapetti-logo-1.png\",\"contentUrl\":\"https:\\\/\\\/lucia-rapetti.com\\\/wp-content\\\/uploads\\\/2023\\\/04\\\/cropped-lucia-rapetti-logo-1.png\",\"width\":850,\"height\":142,\"caption\":\"Lucia Rapetti Laboratoire Naturel\"},\"image\":{\"@id\":\"https:\\\/\\\/lucia-rapetti.com\\\/#\\\/schema\\\/logo\\\/image\\\/\"},\"sameAs\":[\"https:\\\/\\\/www.facebook.com\\\/luciarapettiofficial\",\"https:\\\/\\\/www.instagram.com\\\/luciarapettiofficial\\\/\"]}]}<\/script>\n<!-- \/ Yoast SEO plugin. -->","yoast_head_json":{"title":"Sensitive Sun Protecci\u00f3n Corporal SPF 30 200ml - Lucia Rapetti","description":"Alta protecci\u00f3n para pieles delicadas. Favorece un bronceado uniforme y previene el enrojecimiento y las quemaduras solares. Protege la piel del envejecimiento fotoinducido.","robots":{"index":"index","follow":"follow","max-snippet":"max-snippet:-1","max-image-preview":"max-image-preview:large","max-video-preview":"max-video-preview:-1"},"canonical":"https:\/\/lucia-rapetti.com\/es\/producto\/sensitive-sun-proteccion-corporal-30-200ml\/","og_locale":"es_ES","og_type":"article","og_title":"Sensitive Sun Body Protection SPF 30 200ml - Lucia Rapetti","og_description":"Haute protection peau d\u00e9licate. Facilite un bronzage uniforme et\u00a0 \u00e9vite les rougeurs et les coups de soleil. Prot\u00e8ge la peau du vieillissement photo-induit.","og_url":"https:\/\/lucia-rapetti.com\/es\/producto\/sensitive-sun-proteccion-corporal-30-200ml\/","og_site_name":"Lucia Rapetti Laboratoire Naturel","article_publisher":"https:\/\/www.facebook.com\/luciarapettiofficial","article_modified_time":"2026-03-06T13:41:33+00:00","og_image":[{"width":1200,"height":1200,"url":"https:\/\/lucia-rapetti.com\/wp-content\/uploads\/2023\/06\/LR-sito-sensitive-sun-corps.png","type":"image\/png"}],"twitter_card":"summary_large_image","twitter_misc":{"Tiempo de lectura":"1 minuto"},"schema":{"@context":"https:\/\/schema.org","@graph":[{"@type":"WebPage","@id":"https:\/\/lucia-rapetti.com\/product\/sensitive-sun-body-protection-30-200ml\/","url":"https:\/\/lucia-rapetti.com\/product\/sensitive-sun-body-protection-30-200ml\/","name":"Sensitive Sun Protecci\u00f3n Corporal SPF 30 200ml - Lucia Rapetti","isPartOf":{"@id":"https:\/\/lucia-rapetti.com\/#website"},"primaryImageOfPage":{"@id":"https:\/\/lucia-rapetti.com\/product\/sensitive-sun-body-protection-30-200ml\/#primaryimage"},"image":{"@id":"https:\/\/lucia-rapetti.com\/product\/sensitive-sun-body-protection-30-200ml\/#primaryimage"},"thumbnailUrl":"https:\/\/lucia-rapetti.com\/wp-content\/uploads\/2023\/06\/LR-sito-sensitive-sun-corps.png","datePublished":"2023-06-30T08:27:46+00:00","dateModified":"2026-03-06T13:41:33+00:00","description":"Alta protecci\u00f3n para pieles delicadas. Favorece un bronceado uniforme y previene el enrojecimiento y las quemaduras solares. Protege la piel del envejecimiento fotoinducido.","breadcrumb":{"@id":"https:\/\/lucia-rapetti.com\/product\/sensitive-sun-body-protection-30-200ml\/#breadcrumb"},"inLanguage":"es","potentialAction":[{"@type":"ReadAction","target":["https:\/\/lucia-rapetti.com\/product\/sensitive-sun-body-protection-30-200ml\/"]}]},{"@type":"ImageObject","inLanguage":"es","@id":"https:\/\/lucia-rapetti.com\/product\/sensitive-sun-body-protection-30-200ml\/#primaryimage","url":"https:\/\/lucia-rapetti.com\/wp-content\/uploads\/2023\/06\/LR-sito-sensitive-sun-corps.png","contentUrl":"https:\/\/lucia-rapetti.com\/wp-content\/uploads\/2023\/06\/LR-sito-sensitive-sun-corps.png","width":1200,"height":1200,"caption":"sensitive sun body protection"},{"@type":"BreadcrumbList","@id":"https:\/\/lucia-rapetti.com\/product\/sensitive-sun-body-protection-30-200ml\/#breadcrumb","itemListElement":[{"@type":"ListItem","position":1,"name":"Lucia Rapetti","item":"https:\/\/lucia-rapetti.com\/"},{"@type":"ListItem","position":2,"name":"Shop","item":"https:\/\/lucia-rapetti.com\/shop\/"},{"@type":"ListItem","position":3,"name":"Protection Solaire","item":"https:\/\/lucia-rapetti.com\/product-category\/protection-solaire\/"},{"@type":"ListItem","position":4,"name":"Peaux claires et sensibles &gt; Phototype II-III","item":"https:\/\/lucia-rapetti.com\/product-category\/protection-solaire\/peaux-claires-et-sensibles-phototype-ii-iii\/"},{"@type":"ListItem","position":5,"name":"Sensitive Sun Body Protection SPF 30 200ml"}]},{"@type":"WebSite","@id":"https:\/\/lucia-rapetti.com\/#website","url":"https:\/\/lucia-rapetti.com\/","name":"Lucia Rapetti Laboratorio Natural","description":"Laboratorio de cosm\u00e9tica natural y belleza","publisher":{"@id":"https:\/\/lucia-rapetti.com\/#organization"},"potentialAction":[{"@type":"SearchAction","target":{"@type":"EntryPoint","urlTemplate":"https:\/\/lucia-rapetti.com\/?s={search_term_string}"},"query-input":{"@type":"PropertyValueSpecification","valueRequired":true,"valueName":"search_term_string"}}],"inLanguage":"es"},{"@type":"Organization","@id":"https:\/\/lucia-rapetti.com\/#organization","name":"Lucia Rapetti Laboratorio Natural","alternateName":"LR","url":"https:\/\/lucia-rapetti.com\/","logo":{"@type":"ImageObject","inLanguage":"es","@id":"https:\/\/lucia-rapetti.com\/#\/schema\/logo\/image\/","url":"https:\/\/lucia-rapetti.com\/wp-content\/uploads\/2023\/04\/cropped-lucia-rapetti-logo-1.png","contentUrl":"https:\/\/lucia-rapetti.com\/wp-content\/uploads\/2023\/04\/cropped-lucia-rapetti-logo-1.png","width":850,"height":142,"caption":"Lucia Rapetti Laboratoire Naturel"},"image":{"@id":"https:\/\/lucia-rapetti.com\/#\/schema\/logo\/image\/"},"sameAs":["https:\/\/www.facebook.com\/luciarapettiofficial","https:\/\/www.instagram.com\/luciarapettiofficial\/"]}]}},"_links":{"self":[{"href":"https:\/\/lucia-rapetti.com\/es\/wp-json\/wp\/v2\/product\/1365","targetHints":{"allow":["GET"]}}],"collection":[{"href":"https:\/\/lucia-rapetti.com\/es\/wp-json\/wp\/v2\/product"}],"about":[{"href":"https:\/\/lucia-rapetti.com\/es\/wp-json\/wp\/v2\/types\/product"}],"replies":[{"embeddable":true,"href":"https:\/\/lucia-rapetti.com\/es\/wp-json\/wp\/v2\/comments?post=1365"}],"version-history":[{"count":0,"href":"https:\/\/lucia-rapetti.com\/es\/wp-json\/wp\/v2\/product\/1365\/revisions"}],"wp:featuredmedia":[{"embeddable":true,"href":"https:\/\/lucia-rapetti.com\/es\/wp-json\/wp\/v2\/media\/1349"}],"wp:attachment":[{"href":"https:\/\/lucia-rapetti.com\/es\/wp-json\/wp\/v2\/media?parent=1365"}],"wp:term":[{"taxonomy":"product_brand","embeddable":true,"href":"https:\/\/lucia-rapetti.com\/es\/wp-json\/wp\/v2\/product_brand?post=1365"},{"taxonomy":"product_cat","embeddable":true,"href":"https:\/\/lucia-rapetti.com\/es\/wp-json\/wp\/v2\/product_cat?post=1365"},{"taxonomy":"product_tag","embeddable":true,"href":"https:\/\/lucia-rapetti.com\/es\/wp-json\/wp\/v2\/product_tag?post=1365"}],"curies":[{"name":"wp","href":"https:\/\/api.w.org\/{rel}","templated":true}]}}