{"id":4186,"date":"2024-01-29T10:10:44","date_gmt":"2024-01-29T09:10:44","guid":{"rendered":"https:\/\/nouveau.lucia-rapetti.com\/?page_id=4186"},"modified":"2025-09-10T17:32:32","modified_gmt":"2025-09-10T15:32:32","slug":"informacion-legal","status":"publish","type":"page","link":"https:\/\/lucia-rapetti.com\/es\/informacion-legal\/","title":{"rendered":"Informaci\u00f3n jur\u00eddica"},"content":{"rendered":"<div data-elementor-type=\"wp-page\" data-elementor-id=\"4186\" class=\"elementor elementor-4186\" data-elementor-post-type=\"page\">\n\t\t\t\t<div class=\"elementor-element elementor-element-7762e9b e-flex e-con-boxed e-con e-parent\" data-id=\"7762e9b\" data-element_type=\"container\" data-e-type=\"container\">\n\t\t\t\t\t<div class=\"e-con-inner\">\n\t\t<div class=\"elementor-element elementor-element-ffdfaf4 e-flex e-con-boxed e-con e-child\" data-id=\"ffdfaf4\" data-element_type=\"container\" data-e-type=\"container\">\n\t\t\t\t\t<div class=\"e-con-inner\">\n\t\t\t\t<div class=\"elementor-element elementor-element-b19a94c elementor-widget elementor-widget-heading\" data-id=\"b19a94c\" data-element_type=\"widget\" data-e-type=\"widget\" data-widget_type=\"heading.default\">\n\t\t\t\t<div class=\"elementor-widget-container\">\n\t\t\t\t\t<h1 class=\"elementor-heading-title elementor-size-default\">Informaci\u00f3n jur\u00eddica<\/h1>\t\t\t\t<\/div>\n\t\t\t\t<\/div>\n\t\t\t\t\t<\/div>\n\t\t\t\t<\/div>\n\t\t\t\t\t<\/div>\n\t\t\t\t<\/div>\n\t\t<div class=\"elementor-element elementor-element-5552b02 e-flex e-con-boxed e-con e-parent\" data-id=\"5552b02\" data-element_type=\"container\" data-e-type=\"container\">\n\t\t\t\t\t<div class=\"e-con-inner\">\n\t\t\t\t<div class=\"elementor-element elementor-element-a8f9efe elementor-widget elementor-widget-text-editor\" data-id=\"a8f9efe\" data-element_type=\"widget\" data-e-type=\"widget\" data-widget_type=\"text-editor.default\">\n\t\t\t\t<div class=\"elementor-widget-container\">\n\t\t\t\t\t\t\t\t\t<p class=\"p1\">Las presentes condiciones generales determinan los t\u00e9rminos y condiciones de uso del sitio web de LABORATOIRES LUCIA RAPETTI, que usted acepta por el mero hecho de consultar este sitio. Si no las acepta, le rogamos que abandone este sitio. Si es usted menor de edad, se compromete a consultar este sitio \u00fanicamente en presencia de sus padres o de su tutor, quienes habr\u00e1n aceptado previamente las presentes condiciones. Estas condiciones podr\u00e1n modificarse en cualquier momento sin previo aviso.<\/p><p class=\"p1\">Objetos del sitio<br \/>Este sitio ha sido creado para proporcionarle informaci\u00f3n sobre LABORATOIRE LUCIA RAPETTI , presentaci\u00f3n y venta en l\u00ednea de productos cosm\u00e9ticos.<\/p><p class=\"p1\"><b>ALOJAMIENTO<\/b><\/p><p>El sitio est\u00e1 alojado en : OVH<br \/>Direcci\u00f3n: 2 Rue Kellermann, 59100 Roubaix<br \/>P\u00e1gina web: www.ovh.com<\/p><p><b>DISE\u00d1O<\/b><\/p><p><a href=\"https:\/\/agencecommunicationarras.com\/\">Com And Design - Agencia de comunicaci\u00f3n en Arras<\/a><\/p><p class=\"p1\"><b>PROPIEDAD INTELECTUAL<\/b><\/p><p class=\"p2\">Los textos, dibujos y todos los dem\u00e1s signos, nombres o s\u00edmbolos que lo componen son propiedad exclusiva de LUCIA RAPETTI. De conformidad con las leyes que rigen la propiedad intelectual u otros derechos similares, queda estrictamente prohibida cualquier reproducci\u00f3n o representaci\u00f3n, total o parcial, del Sitio o de cualquiera de sus partes integrantes, as\u00ed como cualquier alteraci\u00f3n del mismo. Se autoriza la reproducci\u00f3n de la informaci\u00f3n o los documentos publicados en el Sitio con el \u00fanico fin de proporcionar informaci\u00f3n para un uso estrictamente personal y privado.<br \/>Queda estrictamente prohibida la utilizaci\u00f3n de la totalidad o parte del Sitio, en cualquier soporte, de cualquier forma, en particular mediante descarga, reproducci\u00f3n, transmisi\u00f3n o representaci\u00f3n con otros fines, y en particular con fines comerciales.<\/p><p class=\"p1\"><b>USO DE LA INFORMACI\u00d3N FACILITADA<\/b><\/p><p class=\"p3\">Cuando se pone en contacto con nosotros, participa en concursos o responde a cuestionarios, puede dejarnos sus datos de contacto e informaci\u00f3n personal sobre usted. Podremos utilizar estos datos para mantenerle mejor informado sobre nuestros productos, lanzar ofertas, comunicarle cualquier operaci\u00f3n relacionada con concursos, etc.<br \/>Sin embargo, puede no dejar ninguna informaci\u00f3n, lo que podr\u00eda eventualmente privarle de ciertas funciones del sitio y\/o de ofertas comerciales. La informaci\u00f3n recogida de esta manera ser\u00e1 estrictamente confidencial por LABORATOIRE LUCIA RAPETTI, que s\u00f3lo la utilizar\u00e1 para sus propios fines exclusivos.<br \/>Cuando se registra en este Sitio, puede optar por no recibir mensajes comerciales nuestros. Puede cambiar sus preferencias en cualquier momento modificando su perfil.<br \/>Adem\u00e1s, tanto si es un usuario registrado como si no, tambi\u00e9n puede optar en cualquier momento por no recibir m\u00e1s mensajes comerciales nuestros haciendo clic en el enlace (\u201cdarse de baja\u201d) que aparece al final de cada correo electr\u00f3nico que reciba de nosotros, o envi\u00e1ndonos un correo electr\u00f3nico a\u00a0<a href=\"http:\/\/web.archive.org\/web\/20160427110343\/mailto:commandes@lucia-rapetti.com\"><span class=\"s1\">commandes@lucia-rapetti.com<\/span><\/a><br \/>De conformidad con el art\u00edculo 27 de la Ley francesa de Protecci\u00f3n de Datos de 6 de enero de 1978, usted tiene derecho a acceder a los datos que le conciernen y a rectificarlos. Puede ejercer este derecho escribiendo a :<\/p><p class=\"p2\">LABORATOIRE MGS LUCIA RAPETTI, 196 Route de la Baronne, ZAC de St Est\u00e8ve, 06640 St Jeannet les plans - Francia.<\/p><p class=\"p1\"><b>RESPONSABILIDADES<\/b><\/p><p class=\"p2\">El LABORATORIO LUCIA RAPETTI declina toda responsabilidad en cuanto a las posibles inexactitudes, imprecisiones u omisiones relativas a las informaciones presentes en su Sitio. El LABORATORIO LUCIA RAPETTI declina toda responsabilidad por las dificultades encontradas en el momento del acceso a su Sitio o por cualquier fallo de comunicaci\u00f3n y las consecuencias que puedan resultar de ello.<\/p><p class=\"p2\">El LABORATOIRE LUCIA RAPETTI no podr\u00e1 ser considerado responsable:<br \/>- da\u00f1os resultantes directa o indirectamente de la consulta de este sitio o del uso de la informaci\u00f3n disponible en \u00e9l.<br \/>- los da\u00f1os directos o indirectos resultantes del uso de este sitio, y en particular cualquier p\u00e9rdida operativa, financiera o comercial o p\u00e9rdida de programas o datos en cualquier sistema de informaci\u00f3n, incluso si LABORATOIRE LUCIA RAPETTI ha sido informado de la posibilidad de tales da\u00f1os.<\/p><p class=\"p2\">LABORATOIRES LUCIA RAPETTI no acepta ninguna responsabilidad en relaci\u00f3n con los enlaces a otros sitios, que se proporcionan \u00fanicamente con fines informativos. Usted es el \u00fanico responsable del enlace a cualquier otro sitio. El LABORATOIRES LUCIA RAPETTI no da ninguna garant\u00eda a la informaci\u00f3n disponible en estos otros sitios y no asumir\u00e1 ninguna responsabilidad relacionada con su contenido.<\/p><p class=\"p1\"><b>RESPONSABILIDAD DEL USUARIO DEL SITIO<\/b><\/p><p class=\"p2\">Al acceder a este Sitio y utilizarlo, deber\u00e1 cumplir estas condiciones y las advertencias e instrucciones de acceso y uso contenidas en el mismo. Usted deber\u00e1 actuar en todo caso de buena fe, conforme a la ley y a los usos y costumbres y con toda la diligencia requerida por la naturaleza de las informaciones, declaraciones y cualesquiera contenidos o servicios de los que se beneficie.\u00a0<br \/>No deber\u00e1 modificar o alterar la informaci\u00f3n, declaraciones o cualquier otro contenido o servicios que puedan aparecer en este Sitio y no deber\u00e1 socavar la integridad o el funcionamiento del Sitio en modo alguno.<\/p><p class=\"p1\"><b>APLICACI\u00d3N Y MODIFICACI\u00d3N DE LAS PRESENTES CONDICIONES<\/b><\/p><p class=\"p2\">Estas condiciones de acceso y uso del Sitio se consideran aceptadas sin reservas por cualquier visitante que acceda al Sitio despu\u00e9s de haber sido puestas en l\u00ednea. Le informamos de que estas condiciones pueden ser modificadas en cualquier momento. Estas modificaciones se publicar\u00e1n en l\u00ednea y se considerar\u00e1n aceptadas en las mismas condiciones que las mencionadas anteriormente.<\/p><p class=\"p1\"><b>LEGISLACI\u00d3N APLICABLE<\/b><\/p><p class=\"p2\">Las presentes condiciones se rigen por la legislaci\u00f3n francesa. Los tribunales franceses tendr\u00e1n jurisdicci\u00f3n exclusiva sobre cualquier litigio relacionado directa o indirectamente con el acceso o el uso de este Sitio.<\/p><p class=\"p1\"><b>GARANT\u00cdA CONTRA VICIOS OCULTOS Y RESPONSABILIDAD<\/b><\/p><p class=\"p2\">- LABORATOIRES LUCIA RAPETTI se compromete a comprobar que el contenido de su sitio web es conforme a las disposiciones legales francesas en vigor. En particular, se comprometen a no difundir datos que atenten contra los derechos de terceros, de car\u00e1cter violento, pornogr\u00e1fico o difamatorio y a no difundir contenidos il\u00edcitos, en particular de car\u00e1cter racista, xen\u00f3fobo, ped\u00f3filo o que atenten de cualquier otro modo contra la dignidad humana.<\/p><p class=\"p2\">- Los productos ofrecidos cumplen la legislaci\u00f3n francesa vigente.<br \/>- Las fotograf\u00edas y textos reproducidos e ilustrativos de los productos presentados no son contractuales. En consecuencia, LABORATOIRE LUCIA RAPETTI no podr\u00e1 ser considerado responsable en caso de error en una de estas fotograf\u00edas o textos. El LABORATOIRE LUCIA RAPETTI no podr\u00e1 ser considerado responsable de la no ejecuci\u00f3n del contrato celebrado en caso de ruptura de existencias o indisponibilidad del producto, fuerza mayor, perturbaci\u00f3n o huelga total o parcial, en particular de los servicios postales y medios de transporte y\/o comunicaciones. El LABORATOIRE LUCIA RAPETTI no incurrir\u00e1 en responsabilidad alguna por todo da\u00f1o indirecto debido al presente, p\u00e9rdida de explotaci\u00f3n, lucro cesante, p\u00e9rdida de oportunidad, da\u00f1os o gastos.<br \/>- LABORATOIRE LUCIA RAPETTI le recuerda que, en aplicaci\u00f3n del art\u00edculo 1124 del C\u00f3digo Civil, los menores no emancipados son incapaces de contratar. En consecuencia, los pedidos destinados a menores de edad deben ser realizados por la autoridad parental. En caso de recogida accidental de datos nominativos relativos a un menor, la autoridad parental tiene la capacidad de oponerse a su conservaci\u00f3n y\/o transmisi\u00f3n a terceros.<\/p><p class=\"p3\">- Los enlaces de hipertexto pueden conducir a sitios web distintos de \u00e9ste. El LABORATORIO LUCIA RAPETTI declina toda responsabilidad en caso de que el contenido de estos sitios web contravenga las disposiciones legales y reglamentarias vigentes.<br \/>Adem\u00e1s, el LABORATORIO LUCIA RAPETTI le recuerda que cualquier creaci\u00f3n de un enlace de hipertexto hacia la p\u00e1gina de inicio de este Sitio o hacia cualquier otra p\u00e1gina del Sitio est\u00e1 sometida al acuerdo expreso, previo y escrito del laboratorio LUCIA RAPETTI.<\/p>\t\t\t\t\t\t\t\t<\/div>\n\t\t\t\t<\/div>\n\t\t\t\t\t<\/div>\n\t\t\t\t<\/div>\n\t\t\t\t<\/div>","protected":false},"excerpt":{"rendered":"<p>Mentions l\u00e9gales Les pr\u00e9sentes conditions g\u00e9n\u00e9rales d\u00e9terminent les conditions d\u2019utilisation du site internet du LABORATOIRES LUCIA RAPETTI que vous acceptez du seul fait de la consultation de ce site. Si vous ne les acceptez pas, nous vous demandons de quitter ce site. Si vous \u00eates mineur, vous vous engagez \u00e0 ne consulter ce site qu\u2019en [&hellip;]<\/p>\n","protected":false},"author":1,"featured_media":0,"parent":0,"menu_order":0,"comment_status":"closed","ping_status":"closed","template":"","meta":{"_acf_changed":false,"site-sidebar-layout":"no-sidebar","site-content-layout":"page-builder","ast-site-content-layout":"full-width-container","site-content-style":"unboxed","site-sidebar-style":"unboxed","ast-global-header-display":"","ast-banner-title-visibility":"","ast-main-header-display":"","ast-hfb-above-header-display":"","ast-hfb-below-header-display":"","ast-hfb-mobile-header-display":"","site-post-title":"disabled","ast-breadcrumbs-content":"","ast-featured-img":"disabled","footer-sml-layout":"","ast-disable-related-posts":"","theme-transparent-header-meta":"disabled","adv-header-id-meta":"","stick-header-meta":"","header-above-stick-meta":"","header-main-stick-meta":"","header-below-stick-meta":"","astra-migrate-meta-layouts":"set","ast-page-background-enabled":"default","ast-page-background-meta":{"desktop":{"background-color":"var(--ast-global-color-4)","background-image":"","background-repeat":"repeat","background-position":"center center","background-size":"auto","background-attachment":"scroll","background-type":"","background-media":"","overlay-type":"","overlay-color":"","overlay-opacity":"","overlay-gradient":""},"tablet":{"background-color":"","background-image":"","background-repeat":"repeat","background-position":"center center","background-size":"auto","background-attachment":"scroll","background-type":"","background-media":"","overlay-type":"","overlay-color":"","overlay-opacity":"","overlay-gradient":""},"mobile":{"background-color":"","background-image":"","background-repeat":"repeat","background-position":"center center","background-size":"auto","background-attachment":"scroll","background-type":"","background-media":"","overlay-type":"","overlay-color":"","overlay-opacity":"","overlay-gradient":""}},"ast-content-background-meta":{"desktop":{"background-color":"var(--ast-global-color-5)","background-image":"","background-repeat":"repeat","background-position":"center center","background-size":"auto","background-attachment":"scroll","background-type":"","background-media":"","overlay-type":"","overlay-color":"","overlay-opacity":"","overlay-gradient":""},"tablet":{"background-color":"var(--ast-global-color-5)","background-image":"","background-repeat":"repeat","background-position":"center center","background-size":"auto","background-attachment":"scroll","background-type":"","background-media":"","overlay-type":"","overlay-color":"","overlay-opacity":"","overlay-gradient":""},"mobile":{"background-color":"var(--ast-global-color-5)","background-image":"","background-repeat":"repeat","background-position":"center center","background-size":"auto","background-attachment":"scroll","background-type":"","background-media":"","overlay-type":"","overlay-color":"","overlay-opacity":"","overlay-gradient":""}},"footnotes":""},"class_list":["post-4186","page","type-page","status-publish","hentry"],"acf":[],"yoast_head":"<!-- This site is optimized with the Yoast SEO plugin v27.4 - https:\/\/yoast.com\/product\/yoast-seo-wordpress\/ -->\n<title>Mentions l\u00e9gales - Lucia Rapetti Laboratoire Naturel<\/title>\n<meta name=\"robots\" content=\"index, follow, max-snippet:-1, max-image-preview:large, max-video-preview:-1\" \/>\n<link rel=\"canonical\" href=\"https:\/\/lucia-rapetti.com\/es\/informacion-legal\/\" \/>\n<meta property=\"og:locale\" content=\"es_ES\" \/>\n<meta property=\"og:type\" content=\"article\" \/>\n<meta property=\"og:title\" content=\"Mentions l\u00e9gales - Lucia Rapetti Laboratoire Naturel\" \/>\n<meta property=\"og:description\" content=\"Mentions l\u00e9gales Les pr\u00e9sentes conditions g\u00e9n\u00e9rales d\u00e9terminent les conditions d\u2019utilisation du site internet du LABORATOIRES LUCIA RAPETTI que vous acceptez du seul fait de la consultation de ce site. Si vous ne les acceptez pas, nous vous demandons de quitter ce site. Si vous \u00eates mineur, vous vous engagez \u00e0 ne consulter ce site qu\u2019en [&hellip;]\" \/>\n<meta property=\"og:url\" content=\"https:\/\/lucia-rapetti.com\/es\/informacion-legal\/\" \/>\n<meta property=\"og:site_name\" content=\"Lucia Rapetti Laboratoire Naturel\" \/>\n<meta property=\"article:publisher\" content=\"https:\/\/www.facebook.com\/luciarapettiofficial\" \/>\n<meta property=\"article:modified_time\" content=\"2025-09-10T15:32:32+00:00\" \/>\n<meta name=\"twitter:card\" content=\"summary_large_image\" \/>\n<meta name=\"twitter:label1\" content=\"Tiempo de lectura\" \/>\n\t<meta name=\"twitter:data1\" content=\"7 minutos\" \/>\n<script type=\"application\/ld+json\" class=\"yoast-schema-graph\">{\"@context\":\"https:\\\/\\\/schema.org\",\"@graph\":[{\"@type\":\"WebPage\",\"@id\":\"https:\\\/\\\/lucia-rapetti.com\\\/mentions-legales\\\/\",\"url\":\"https:\\\/\\\/lucia-rapetti.com\\\/mentions-legales\\\/\",\"name\":\"Mentions l\u00e9gales - Lucia Rapetti Laboratoire Naturel\",\"isPartOf\":{\"@id\":\"https:\\\/\\\/lucia-rapetti.com\\\/#website\"},\"datePublished\":\"2024-01-29T09:10:44+00:00\",\"dateModified\":\"2025-09-10T15:32:32+00:00\",\"breadcrumb\":{\"@id\":\"https:\\\/\\\/lucia-rapetti.com\\\/mentions-legales\\\/#breadcrumb\"},\"inLanguage\":\"es\",\"potentialAction\":[{\"@type\":\"ReadAction\",\"target\":[\"https:\\\/\\\/lucia-rapetti.com\\\/mentions-legales\\\/\"]}]},{\"@type\":\"BreadcrumbList\",\"@id\":\"https:\\\/\\\/lucia-rapetti.com\\\/mentions-legales\\\/#breadcrumb\",\"itemListElement\":[{\"@type\":\"ListItem\",\"position\":1,\"name\":\"Lucia Rapetti\",\"item\":\"https:\\\/\\\/lucia-rapetti.com\\\/\"},{\"@type\":\"ListItem\",\"position\":2,\"name\":\"Mentions l\u00e9gales\"}]},{\"@type\":\"WebSite\",\"@id\":\"https:\\\/\\\/lucia-rapetti.com\\\/#website\",\"url\":\"https:\\\/\\\/lucia-rapetti.com\\\/\",\"name\":\"Lucia Rapetti Laboratoire Naturel\",\"description\":\"Laboratoire de cosm\u00e9tique naturel et beaut\u00e9\",\"publisher\":{\"@id\":\"https:\\\/\\\/lucia-rapetti.com\\\/#organization\"},\"potentialAction\":[{\"@type\":\"SearchAction\",\"target\":{\"@type\":\"EntryPoint\",\"urlTemplate\":\"https:\\\/\\\/lucia-rapetti.com\\\/?s={search_term_string}\"},\"query-input\":{\"@type\":\"PropertyValueSpecification\",\"valueRequired\":true,\"valueName\":\"search_term_string\"}}],\"inLanguage\":\"es\"},{\"@type\":\"Organization\",\"@id\":\"https:\\\/\\\/lucia-rapetti.com\\\/#organization\",\"name\":\"Lucia Rapetti Laboratoire Naturel\",\"alternateName\":\"LR\",\"url\":\"https:\\\/\\\/lucia-rapetti.com\\\/\",\"logo\":{\"@type\":\"ImageObject\",\"inLanguage\":\"es\",\"@id\":\"https:\\\/\\\/lucia-rapetti.com\\\/#\\\/schema\\\/logo\\\/image\\\/\",\"url\":\"https:\\\/\\\/lucia-rapetti.com\\\/wp-content\\\/uploads\\\/2023\\\/04\\\/cropped-lucia-rapetti-logo-1.png\",\"contentUrl\":\"https:\\\/\\\/lucia-rapetti.com\\\/wp-content\\\/uploads\\\/2023\\\/04\\\/cropped-lucia-rapetti-logo-1.png\",\"width\":850,\"height\":142,\"caption\":\"Lucia Rapetti Laboratoire Naturel\"},\"image\":{\"@id\":\"https:\\\/\\\/lucia-rapetti.com\\\/#\\\/schema\\\/logo\\\/image\\\/\"},\"sameAs\":[\"https:\\\/\\\/www.facebook.com\\\/luciarapettiofficial\",\"https:\\\/\\\/www.instagram.com\\\/luciarapettiofficial\\\/\"]}]}<\/script>\n<!-- \/ Yoast SEO plugin. -->","yoast_head_json":{"title":"Menciones legales - Lucia Rapetti Laboratoire Naturel","robots":{"index":"index","follow":"follow","max-snippet":"max-snippet:-1","max-image-preview":"max-image-preview:large","max-video-preview":"max-video-preview:-1"},"canonical":"https:\/\/lucia-rapetti.com\/es\/informacion-legal\/","og_locale":"es_ES","og_type":"article","og_title":"Mentions l\u00e9gales - Lucia Rapetti Laboratoire Naturel","og_description":"Mentions l\u00e9gales Les pr\u00e9sentes conditions g\u00e9n\u00e9rales d\u00e9terminent les conditions d\u2019utilisation du site internet du LABORATOIRES LUCIA RAPETTI que vous acceptez du seul fait de la consultation de ce site. Si vous ne les acceptez pas, nous vous demandons de quitter ce site. Si vous \u00eates mineur, vous vous engagez \u00e0 ne consulter ce site qu\u2019en [&hellip;]","og_url":"https:\/\/lucia-rapetti.com\/es\/informacion-legal\/","og_site_name":"Lucia Rapetti Laboratoire Naturel","article_publisher":"https:\/\/www.facebook.com\/luciarapettiofficial","article_modified_time":"2025-09-10T15:32:32+00:00","twitter_card":"summary_large_image","twitter_misc":{"Tiempo de lectura":"7 minutos"},"schema":{"@context":"https:\/\/schema.org","@graph":[{"@type":"WebPage","@id":"https:\/\/lucia-rapetti.com\/mentions-legales\/","url":"https:\/\/lucia-rapetti.com\/mentions-legales\/","name":"Menciones legales - Lucia Rapetti Laboratoire Naturel","isPartOf":{"@id":"https:\/\/lucia-rapetti.com\/#website"},"datePublished":"2024-01-29T09:10:44+00:00","dateModified":"2025-09-10T15:32:32+00:00","breadcrumb":{"@id":"https:\/\/lucia-rapetti.com\/mentions-legales\/#breadcrumb"},"inLanguage":"es","potentialAction":[{"@type":"ReadAction","target":["https:\/\/lucia-rapetti.com\/mentions-legales\/"]}]},{"@type":"BreadcrumbList","@id":"https:\/\/lucia-rapetti.com\/mentions-legales\/#breadcrumb","itemListElement":[{"@type":"ListItem","position":1,"name":"Lucia Rapetti","item":"https:\/\/lucia-rapetti.com\/"},{"@type":"ListItem","position":2,"name":"Mentions l\u00e9gales"}]},{"@type":"WebSite","@id":"https:\/\/lucia-rapetti.com\/#website","url":"https:\/\/lucia-rapetti.com\/","name":"Lucia Rapetti Laboratorio Natural","description":"Laboratorio de cosm\u00e9tica natural y belleza","publisher":{"@id":"https:\/\/lucia-rapetti.com\/#organization"},"potentialAction":[{"@type":"SearchAction","target":{"@type":"EntryPoint","urlTemplate":"https:\/\/lucia-rapetti.com\/?s={search_term_string}"},"query-input":{"@type":"PropertyValueSpecification","valueRequired":true,"valueName":"search_term_string"}}],"inLanguage":"es"},{"@type":"Organization","@id":"https:\/\/lucia-rapetti.com\/#organization","name":"Lucia Rapetti Laboratorio Natural","alternateName":"LR","url":"https:\/\/lucia-rapetti.com\/","logo":{"@type":"ImageObject","inLanguage":"es","@id":"https:\/\/lucia-rapetti.com\/#\/schema\/logo\/image\/","url":"https:\/\/lucia-rapetti.com\/wp-content\/uploads\/2023\/04\/cropped-lucia-rapetti-logo-1.png","contentUrl":"https:\/\/lucia-rapetti.com\/wp-content\/uploads\/2023\/04\/cropped-lucia-rapetti-logo-1.png","width":850,"height":142,"caption":"Lucia Rapetti Laboratoire Naturel"},"image":{"@id":"https:\/\/lucia-rapetti.com\/#\/schema\/logo\/image\/"},"sameAs":["https:\/\/www.facebook.com\/luciarapettiofficial","https:\/\/www.instagram.com\/luciarapettiofficial\/"]}]}},"_links":{"self":[{"href":"https:\/\/lucia-rapetti.com\/es\/wp-json\/wp\/v2\/pages\/4186","targetHints":{"allow":["GET"]}}],"collection":[{"href":"https:\/\/lucia-rapetti.com\/es\/wp-json\/wp\/v2\/pages"}],"about":[{"href":"https:\/\/lucia-rapetti.com\/es\/wp-json\/wp\/v2\/types\/page"}],"author":[{"embeddable":true,"href":"https:\/\/lucia-rapetti.com\/es\/wp-json\/wp\/v2\/users\/1"}],"replies":[{"embeddable":true,"href":"https:\/\/lucia-rapetti.com\/es\/wp-json\/wp\/v2\/comments?post=4186"}],"version-history":[{"count":0,"href":"https:\/\/lucia-rapetti.com\/es\/wp-json\/wp\/v2\/pages\/4186\/revisions"}],"wp:attachment":[{"href":"https:\/\/lucia-rapetti.com\/es\/wp-json\/wp\/v2\/media?parent=4186"}],"curies":[{"name":"wp","href":"https:\/\/api.w.org\/{rel}","templated":true}]}}