{"id":3454,"date":"2023-11-23T14:51:15","date_gmt":"2023-11-23T13:51:15","guid":{"rendered":"https:\/\/client.comanddesign.com\/?page_id=3454"},"modified":"2024-02-06T15:48:11","modified_gmt":"2024-02-06T14:48:11","slug":"condiciones-generales-de-venta","status":"publish","type":"page","link":"https:\/\/lucia-rapetti.com\/es\/condiciones-generales-de-venta\/","title":{"rendered":"Condiciones generales de venta"},"content":{"rendered":"<div data-elementor-type=\"wp-page\" data-elementor-id=\"3454\" class=\"elementor elementor-3454\" data-elementor-post-type=\"page\">\n\t\t\t\t<div class=\"elementor-element elementor-element-db7d2f9 e-flex e-con-boxed e-con e-parent\" data-id=\"db7d2f9\" data-element_type=\"container\" data-e-type=\"container\">\n\t\t\t\t\t<div class=\"e-con-inner\">\n\t\t<div class=\"elementor-element elementor-element-f430240 e-flex e-con-boxed e-con e-child\" data-id=\"f430240\" data-element_type=\"container\" data-e-type=\"container\">\n\t\t\t\t\t<div class=\"e-con-inner\">\n\t\t\t\t<div class=\"elementor-element elementor-element-2242a9f elementor-widget elementor-widget-heading\" data-id=\"2242a9f\" data-element_type=\"widget\" data-e-type=\"widget\" data-widget_type=\"heading.default\">\n\t\t\t\t<div class=\"elementor-widget-container\">\n\t\t\t\t\t<h1 class=\"elementor-heading-title elementor-size-default\">Condiciones generales de venta<\/h1>\t\t\t\t<\/div>\n\t\t\t\t<\/div>\n\t\t\t\t\t<\/div>\n\t\t\t\t<\/div>\n\t\t\t\t\t<\/div>\n\t\t\t\t<\/div>\n\t\t<div class=\"elementor-element elementor-element-5552b02 e-flex e-con-boxed e-con e-parent\" data-id=\"5552b02\" data-element_type=\"container\" data-e-type=\"container\">\n\t\t\t\t\t<div class=\"e-con-inner\">\n\t\t\t\t<div class=\"elementor-element elementor-element-a8f9efe elementor-widget elementor-widget-text-editor\" data-id=\"a8f9efe\" data-element_type=\"widget\" data-e-type=\"widget\" data-widget_type=\"text-editor.default\">\n\t\t\t\t<div class=\"elementor-widget-container\">\n\t\t\t\t\t\t\t\t\t<p class=\"p1\">Esperamos darle la bienvenida a nuestro sitio web\u00a0<a href=\"http:\/\/web.archive.org\/web\/20160427110343\/https:\/www.lucia-rapetti.com\/\"><span class=\"s1\">www.lucia-rapetti.com<\/span><\/a>. Nuestro sitio le propone un cat\u00e1logo de productos cosm\u00e9ticos, vendidos bajo la marca \u00abLUCIA RAPETTI\u00bb, fabricados y comercializados por LUCIA RAPETTI, sociedad an\u00f3nima con capital de \u20ac, con domicilio social en 4, rue Beaulieu, 06800 Cagnes sur mer - Francia, inscrita en el RCS con el n\u00famero 420 223 836.<\/p><p>Las presentes Condiciones Generales de Venta se ponen sistem\u00e1ticamente en conocimiento de cada cliente potencial para que pueda realizar un pedido en este sitio web, por fax o por tel\u00e9fono.<br \/>Por consiguiente, la realizaci\u00f3n de un pedido implica la aceptaci\u00f3n plena y sin reservas por parte del cliente de las presentes Condiciones Generales de Venta, con exclusi\u00f3n de cualquier otro documento, como folletos o cat\u00e1logos emitidos por LUCIA RAPETTI, que tienen un car\u00e1cter meramente informativo.<br \/>Todo pedido de un Producto propuesto en el Sitio implica la consulta y la aceptaci\u00f3n expresa de las presentes condiciones generales de venta, sin que esta aceptaci\u00f3n est\u00e9 supeditada a la firma manuscrita del usuario. De conformidad con lo dispuesto en los art\u00edculos 1316 a 1316-4 del C\u00f3digo Civil franc\u00e9s, completados por el Decreto n\u00ba 2001-272 de 30 de marzo de 2001, dictado para la aplicaci\u00f3n del art\u00edculo 1316-4 del C\u00f3digo Civil franc\u00e9s y relativo a la firma electr\u00f3nica, cabe se\u00f1alar que la validaci\u00f3n del formulario de pedido constituye una firma electr\u00f3nica que tiene, entre las partes, el mismo valor que una firma manuscrita y constituye la prueba de la integridad del pedido y de la exigibilidad de las sumas debidas en ejecuci\u00f3n de dicho pedido.<\/p><p class=\"p2\"><b>ART\u00cdCULO 1. OFERTAS Y PRECIOS<\/b><\/p><p class=\"p1\">Nuestras ofertas de productos s\u00f3lo son v\u00e1lidas durante la duraci\u00f3n de la oferta en cuesti\u00f3n y est\u00e1n sujetas a disponibilidad.<br \/>Si un producto no est\u00e1 disponible despu\u00e9s de que haya realizado su pedido, le informaremos por correo electr\u00f3nico lo antes posible, en cuyo caso podr\u00e1 solicitar su anulaci\u00f3n o cambio llamando al 04 92 12 30 60 o poni\u00e9ndose en contacto con nosotros por correo electr\u00f3nico en la direcci\u00f3n :\u00a0<a href=\"http:\/\/web.archive.org\/web\/20160427110343\/mailto:commandes@lucia-rapetti.com\"><span class=\"s1\">commandes@lucia-rapetti.com<\/span><\/a><br \/>Se especifica que las promociones concedidas en forma de vales de descuento s\u00f3lo son v\u00e1lidas para un pedido por hogar y durante un periodo de validez determinado.<br \/>Los precios de nuestros productos que aparecen en este Sitio se indican en euros, impuestos incluidos, sin incluir los gastos de env\u00edo, que se facturar\u00e1n aparte y se especificar\u00e1n en el momento de la confirmaci\u00f3n definitiva del pedido.<br \/>Los precios pueden variar a lo largo del a\u00f1o, entendi\u00e9ndose que los productos pedidos se facturan a los precios vigentes en el momento del registro del pedido.<\/p><p class=\"p2\"><b>ART\u00cdCULO 2. PEDIDO Y VALIDACI\u00d3N<\/b><\/p><p class=\"p1\">Puede hacer sus pedidos aqu\u00ed:<br \/>en Internet :\u00a0<a href=\"http:\/\/web.archive.org\/web\/20160427110343\/https:\/www.lucia-rapetti.com\/\"><span class=\"s1\">www.lucia-rapetti.com<\/span><\/a><br \/>Al realizar su pedido, declara asimismo aceptar las presentes Condiciones Generales de Venta en su totalidad, sin la menor reserva.<br \/>Este pedido y los datos registrados por LUCIA RAPETTI constituyen la prueba de las transacciones realizadas con usted.<br \/>No obstante, nos reservamos el derecho a cancelar cualquier pedido de un cliente con el que exista un litigio relacionado con el pago de un pedido anterior.<\/p><p class=\"p2\"><b>ART\u00cdCULO 3. FORMAS DE PAGO<\/b><\/p><p class=\"p3\">En cuanto se valida el pago, el pedido queda registrado y pasa a ser irrevocable.<br \/>La orden de pedido se inscribir\u00e1 en registros inform\u00e1ticos, conservados a su vez en un soporte fiable y duradero, y se considerar\u00e1 prueba de las relaciones contractuales entre las Partes.<br \/>El pago de sus compras en el Sitio se realiza exclusivamente en euros y s\u00f3lo puede efectuarse con tarjeta de cr\u00e9dito.<br \/>Pago con tarjeta de cr\u00e9dito: se realiza en l\u00ednea al hacer el pedido y es totalmente seguro. Usted realiza sus compras con total seguridad. Toda la transacci\u00f3n se encripta y se env\u00eda a un servidor de validaci\u00f3n bancaria.<\/p><p class=\"p2\"><b>ART\u00cdCULO 4. ENTREGA<\/b><\/p><p class=\"p1\">Los productos se entregan en la direcci\u00f3n de su elecci\u00f3n indicada durante el proceso de pedido. Es su responsabilidad facilitarnos todos los datos necesarios para la correcta entrega de su pedido.<br \/>Adem\u00e1s, los pedidos deber\u00e1n haber sido validados y pagados en el Sitio mediante tarjeta de cr\u00e9dito, antes de las 12.00 horas, para que los productos puedan ser enviados el mismo d\u00eda, en cuyo caso se entregar\u00e1n al d\u00eda siguiente. As\u00ed las cosas, a pesar de todo el cuidado puesto por LE LABORATOIRE LUCIA RAPETTI en la preparaci\u00f3n de los paquetes, es posible que falte alg\u00fan Producto.<br \/>Asimismo, una vez transportado el paquete, uno de los Productos puede resultar defectuoso o da\u00f1ado.<br \/>Por ello, al recibir su pedido, deber\u00e1 comprobar que los productos que ha recibido son conformes al mismo. Cualquier anomal\u00eda relativa a la entrega (Producto faltante o roto, paquete da\u00f1ado,) deber\u00e1 imperativamente ser notificada, el mismo d\u00eda de la recepci\u00f3n o a m\u00e1s tardar el primer d\u00eda laborable siguiente a la recepci\u00f3n, por correo dirigido a LABORATOIRE MGS LUCIA RAPETTI, 170 Avenue de Saint-Est\u00e8ve , ZAC de St Est\u00e8ve, 06640 St Jeannet les plans - Francia, por correo electr\u00f3nico dirigido a\u00a0<a href=\"http:\/\/web.archive.org\/web\/20160427110343\/mailto:commandes@lucia-rapetti.com\"><span class=\"s1\">commandes@lucia-rapetti.com<\/span><\/a>\u00a0por tel\u00e9fono en el 04 92 12 30 60 (de 9.00 a 17.00 horas, de lunes a viernes. Toda reclamaci\u00f3n efectuada fuera de este plazo ser\u00e1 rechazada y el laboratorio LUCIA RAPETTI quedar\u00e1 exento de toda responsabilidad. El laboratorio LUCIA RAPETTI se reserva el derecho de solicitar la devoluci\u00f3n del Producto defectuoso.<br \/>Si se cumplen dichas condiciones, LE LABORATOIRE LUCIA RAPETTI proceder\u00e1 al cambio o al reembolso del Producto o Productos defectuosos, o al reenv\u00edo del Producto faltante (a reserva de la validez de la solicitud del comprador).<\/p><p class=\"p2\"><b>ART\u00cdCULO 5. DEVOLUCIONES Y REEMBOLSOS<\/b><\/p><p class=\"p3\">Tienen la facultad, en un plazo de 15 d\u00edas a partir de la recepci\u00f3n de los productos pedidos, de devolver en su embalaje completo de origen, con sus gastos, el producto que no les convendr\u00eda, a la direcci\u00f3n: LABORATOIRE MGS LUCIA RAPETTI, 170 Avenue de Saint-Est\u00e8ve, ZAC de St Est\u00e8ve, 06640 St Jeannet les plans - Francia.<br \/>Si se cumplen dichas condiciones, el LABORATOIRE MGS LUCIA RAPETTI se lo cambiar\u00e1 o se lo reembolsar\u00e1, seg\u00fan su elecci\u00f3n.<br \/>El reembolso se efectuar\u00e1 mediante cheque bancario, en el plazo de un mes a partir de la recepci\u00f3n del paquete devuelto, a la direcci\u00f3n de facturaci\u00f3n y a nombre del cliente que realiz\u00f3 el pedido, de conformidad con las siguientes condiciones:<br \/>-Si desea devolver el producto, le reembolsaremos el precio del mismo.<br \/>Si el producto se devuelve por motivos de los que somos responsables, le reembolsaremos el producto y los gastos de env\u00edo y devoluci\u00f3n. No se aceptar\u00e1n devoluciones contra reembolso, sea cual sea el motivo.<\/p><p class=\"p2\"><b>ART\u00cdCULO 6. SERVICIO DE ATENCI\u00d3N AL CLIENTE :<\/b><\/p><p class=\"p1\">Para m\u00e1s informaci\u00f3n o preguntas, p\u00f3ngase en contacto con nuestro Servicio de Atenci\u00f3n al Cliente:<br \/>Tel: 04 92 12 30 60 (de lunes a viernes, de 9.00 a 17.00 horas)<br \/>Internacional: 33 4 92 12 30 60<br \/>Direcci\u00f3n: LABORATOIRE MGS LUCIA RAPETTI, 170 Avenue de Saint Est\u00e8ve, ZAC de St Est\u00e8ve, 06640 St Jeannet les plans - Francia.<br \/>Correo electr\u00f3nico :\u00a0<a href=\"http:\/\/web.archive.org\/web\/20160427110343\/mailto:commandes@lucia-rapetti.com\"><span class=\"s1\">commandes@lucia-rapetti.com<\/span><\/a><\/p><p class=\"p4\"><b>Fuerza mayor<\/b><\/p><p class=\"p1\">El LABORATORIO LUCIA RAPETTI no ser\u00e1 responsable de la no ejecuci\u00f3n total o parcial de sus obligaciones en virtud del presente contrato, si esta no ejecuci\u00f3n es causada por un acontecimiento constitutivo de fuerza mayor, en particular en caso de perturbaci\u00f3n o huelga total o parcial en particular de los servicios postales y medios de transporte y\/o comunicaciones, inundaci\u00f3n, incendio.<br \/>Se considerar\u00e1n casos de fuerza mayor los que respondan a los criterios establecidos en la jurisprudencia de la 2\u00aa Sala de lo Civil del Tribunal de Casaci\u00f3n.<br \/>En caso de acontecimiento constitutivo de fuerza mayor, LABORATOIRE LUCIA RAPETTI lo notificar\u00e1 al usuario\/comprador dentro de los cinco (5) d\u00edas h\u00e1biles siguientes a la ocurrencia o amenaza de este acontecimiento.<br \/>Las partes acuerdan que deber\u00e1n consultarse lo antes posible para determinar conjuntamente c\u00f3mo se llevar\u00e1 a cabo el pedido durante el periodo de fuerza mayor.<br \/>Transcurrido un (1) mes de interrupci\u00f3n por causas de fuerza mayor, LABORATOIRE LUCIA RAPETTI podr\u00e1 no atender el pedido, siendo responsable del reembolso al comprador en su caso.<br \/><span class=\"s2\"><b>Nulidad parcial<\/b><\/span><\/p><p class=\"p1\">Si una o varias estipulaciones de las presentes condiciones generales de venta fueran declaradas nulas o declaradas como tales en aplicaci\u00f3n de una ley, de un reglamento o a ra\u00edz de una decisi\u00f3n definitiva de un tribunal competente, las dem\u00e1s estipulaciones conservar\u00e1n toda su fuerza y alcance.<br \/><span class=\"s2\"><b>Contrato completo<\/b><\/span><\/p><p class=\"p3\">Las presentes condiciones generales de venta y el resumen del pedido enviado al comprador forman un conjunto contractual y constituyen la totalidad de la relaci\u00f3n contractual entre las partes.<br \/>En caso de contradicci\u00f3n entre estos documentos, prevalecer\u00e1n las Condiciones Generales de Venta.<\/p><p class=\"p2\"><b>ART\u00cdCULO 7. ACEPTACI\u00d3N DE LAS PRESENTES CONDICIONES GENERALES<\/b><\/p><p class=\"p3\">Las presentes Condiciones Generales de Venta y los precios son expresamente aprobados y aceptados por el cliente, que declara y reconoce tener pleno conocimiento de los mismos, por lo que renuncia a invocar cualquier documento contradictorio; el acto de compra implica la aceptaci\u00f3n de las presentes Condiciones Generales de Venta.<br \/>Las presentes Condiciones Generales de Venta podr\u00e1n ser modificadas en cualquier momento sin previo aviso; cada nueva versi\u00f3n sustituir\u00e1 a la anterior.<\/p><p class=\"p2\"><b>ART\u00cdCULO 8. LEY APLICABLE Y JURISDICCI\u00d3N<\/b><\/p><p class=\"p1\">Las presentes Condiciones Generales de Venta se rigen exclusivamente por el derecho franc\u00e9s.<br \/>La lengua de este contrato es el franc\u00e9s.<br \/>Queda expresamente acordado entre las partes que cualquier litigio derivado de las presentes Condiciones Generales de Venta ser\u00e1 competencia exclusiva de los tribunales franceses competentes, en este caso nuestro domicilio social, cuya direcci\u00f3n se considera lugar de cumplimiento de la prestaci\u00f3n en el sentido del art\u00edculo 46 del Nuevo C\u00f3digo de Enjuiciamiento Civil.<\/p><p class=\"p5\"><span class=\"s3\"><b>LABORATORIO M.G.S<\/b><\/span><\/p><ul class=\"ul1\"><li class=\"li6\">Luc\u00eda Rapetti<\/li><li class=\"li6\">170 avenue de Saint-Est\u00e8ve<br \/>06640 Saint-Jeannet (Francia)<br \/>IVA FR59420223836<\/li><li class=\"li7\"><span class=\"s5\"><a href=\"tel:+%2033%20(0)4%2092%2012%2030%2060\"><span class=\"s6\">+ 33 (0)4 92 12 30 60<\/span><\/a><\/span><\/li><li class=\"li7\"><span class=\"s5\"><a href=\"mailto:info@lucia-rapetti.com\"><span class=\"s6\">info@lucia-rapetti.com<\/span><\/a><\/span><\/li><li class=\"li7\"><span class=\"s5\"><a href=\"https:\/\/lucia-rapetti.com\/es\/\"><span class=\"s6\">https:\/\/www.lucia-rapetti.com<\/span><\/a><\/span><\/li><\/ul>\t\t\t\t\t\t\t\t<\/div>\n\t\t\t\t<\/div>\n\t\t\t\t\t<\/div>\n\t\t\t\t<\/div>\n\t\t\t\t<\/div>","protected":false},"excerpt":{"rendered":"<p>Conditions g\u00e9n\u00e9rales de vente Nous sommes heureux de vous accueillir sur notre site web\u00a0www.lucia-rapetti.com. Notre site vous propose un catalogue de produits cosm\u00e9tiques, vendus sous la marque \u00ab LUCIA RAPETTI \u00bb fabriqu\u00e9s et commercialis\u00e9s par LUCIA RAPETTI, Soci\u00e9t\u00e9 SARL au capital de \u20ac, ayant son si\u00e8ge social au 4, rue Beaulieu, 06800 Cagnes sur mer [&hellip;]<\/p>\n","protected":false},"author":2,"featured_media":0,"parent":0,"menu_order":0,"comment_status":"closed","ping_status":"closed","template":"","meta":{"_acf_changed":false,"site-sidebar-layout":"no-sidebar","site-content-layout":"page-builder","ast-site-content-layout":"default","site-content-style":"default","site-sidebar-style":"default","ast-global-header-display":"","ast-banner-title-visibility":"","ast-main-header-display":"","ast-hfb-above-header-display":"","ast-hfb-below-header-display":"","ast-hfb-mobile-header-display":"","site-post-title":"disabled","ast-breadcrumbs-content":"","ast-featured-img":"disabled","footer-sml-layout":"","ast-disable-related-posts":"","theme-transparent-header-meta":"disabled","adv-header-id-meta":"","stick-header-meta":"","header-above-stick-meta":"","header-main-stick-meta":"","header-below-stick-meta":"","astra-migrate-meta-layouts":"default","ast-page-background-enabled":"default","ast-page-background-meta":{"desktop":{"background-color":"var(--ast-global-color-4)","background-image":"","background-repeat":"repeat","background-position":"center center","background-size":"auto","background-attachment":"scroll","background-type":"","background-media":"","overlay-type":"","overlay-color":"","overlay-opacity":"","overlay-gradient":""},"tablet":{"background-color":"","background-image":"","background-repeat":"repeat","background-position":"center center","background-size":"auto","background-attachment":"scroll","background-type":"","background-media":"","overlay-type":"","overlay-color":"","overlay-opacity":"","overlay-gradient":""},"mobile":{"background-color":"","background-image":"","background-repeat":"repeat","background-position":"center center","background-size":"auto","background-attachment":"scroll","background-type":"","background-media":"","overlay-type":"","overlay-color":"","overlay-opacity":"","overlay-gradient":""}},"ast-content-background-meta":{"desktop":{"background-color":"var(--ast-global-color-5)","background-image":"","background-repeat":"repeat","background-position":"center center","background-size":"auto","background-attachment":"scroll","background-type":"","background-media":"","overlay-type":"","overlay-color":"","overlay-opacity":"","overlay-gradient":""},"tablet":{"background-color":"var(--ast-global-color-5)","background-image":"","background-repeat":"repeat","background-position":"center center","background-size":"auto","background-attachment":"scroll","background-type":"","background-media":"","overlay-type":"","overlay-color":"","overlay-opacity":"","overlay-gradient":""},"mobile":{"background-color":"var(--ast-global-color-5)","background-image":"","background-repeat":"repeat","background-position":"center center","background-size":"auto","background-attachment":"scroll","background-type":"","background-media":"","overlay-type":"","overlay-color":"","overlay-opacity":"","overlay-gradient":""}},"footnotes":""},"class_list":["post-3454","page","type-page","status-publish","hentry"],"acf":[],"yoast_head":"<!-- This site is optimized with the Yoast SEO plugin v27.4 - https:\/\/yoast.com\/product\/yoast-seo-wordpress\/ -->\n<title>Conditions g\u00e9n\u00e9rales de vente - Lucia Rapetti Laboratoire Naturel<\/title>\n<meta name=\"robots\" content=\"index, follow, max-snippet:-1, max-image-preview:large, max-video-preview:-1\" \/>\n<link rel=\"canonical\" href=\"https:\/\/lucia-rapetti.com\/es\/condiciones-generales-de-venta\/\" \/>\n<meta property=\"og:locale\" content=\"es_ES\" \/>\n<meta property=\"og:type\" content=\"article\" \/>\n<meta property=\"og:title\" content=\"Conditions g\u00e9n\u00e9rales de vente - Lucia Rapetti Laboratoire Naturel\" \/>\n<meta property=\"og:description\" content=\"Conditions g\u00e9n\u00e9rales de vente Nous sommes heureux de vous accueillir sur notre site web\u00a0www.lucia-rapetti.com. Notre site vous propose un catalogue de produits cosm\u00e9tiques, vendus sous la marque \u00ab LUCIA RAPETTI \u00bb fabriqu\u00e9s et commercialis\u00e9s par LUCIA RAPETTI, Soci\u00e9t\u00e9 SARL au capital de \u20ac, ayant son si\u00e8ge social au 4, rue Beaulieu, 06800 Cagnes sur mer [&hellip;]\" \/>\n<meta property=\"og:url\" content=\"https:\/\/lucia-rapetti.com\/es\/condiciones-generales-de-venta\/\" \/>\n<meta property=\"og:site_name\" content=\"Lucia Rapetti Laboratoire Naturel\" \/>\n<meta property=\"article:publisher\" content=\"https:\/\/www.facebook.com\/luciarapettiofficial\" \/>\n<meta property=\"article:modified_time\" content=\"2024-02-06T14:48:11+00:00\" \/>\n<meta name=\"twitter:card\" content=\"summary_large_image\" \/>\n<meta name=\"twitter:label1\" content=\"Tiempo de lectura\" \/>\n\t<meta name=\"twitter:data1\" content=\"8 minutos\" \/>\n<script type=\"application\/ld+json\" class=\"yoast-schema-graph\">{\"@context\":\"https:\\\/\\\/schema.org\",\"@graph\":[{\"@type\":\"WebPage\",\"@id\":\"https:\\\/\\\/lucia-rapetti.com\\\/conditions-generales-de-vente\\\/\",\"url\":\"https:\\\/\\\/lucia-rapetti.com\\\/conditions-generales-de-vente\\\/\",\"name\":\"Conditions g\u00e9n\u00e9rales de vente - Lucia Rapetti Laboratoire Naturel\",\"isPartOf\":{\"@id\":\"https:\\\/\\\/lucia-rapetti.com\\\/#website\"},\"datePublished\":\"2023-11-23T13:51:15+00:00\",\"dateModified\":\"2024-02-06T14:48:11+00:00\",\"breadcrumb\":{\"@id\":\"https:\\\/\\\/lucia-rapetti.com\\\/conditions-generales-de-vente\\\/#breadcrumb\"},\"inLanguage\":\"es\",\"potentialAction\":[{\"@type\":\"ReadAction\",\"target\":[\"https:\\\/\\\/lucia-rapetti.com\\\/conditions-generales-de-vente\\\/\"]}]},{\"@type\":\"BreadcrumbList\",\"@id\":\"https:\\\/\\\/lucia-rapetti.com\\\/conditions-generales-de-vente\\\/#breadcrumb\",\"itemListElement\":[{\"@type\":\"ListItem\",\"position\":1,\"name\":\"Lucia Rapetti\",\"item\":\"https:\\\/\\\/lucia-rapetti.com\\\/\"},{\"@type\":\"ListItem\",\"position\":2,\"name\":\"Conditions g\u00e9n\u00e9rales de vente\"}]},{\"@type\":\"WebSite\",\"@id\":\"https:\\\/\\\/lucia-rapetti.com\\\/#website\",\"url\":\"https:\\\/\\\/lucia-rapetti.com\\\/\",\"name\":\"Lucia Rapetti Laboratoire Naturel\",\"description\":\"Laboratoire de cosm\u00e9tique naturel et beaut\u00e9\",\"publisher\":{\"@id\":\"https:\\\/\\\/lucia-rapetti.com\\\/#organization\"},\"potentialAction\":[{\"@type\":\"SearchAction\",\"target\":{\"@type\":\"EntryPoint\",\"urlTemplate\":\"https:\\\/\\\/lucia-rapetti.com\\\/?s={search_term_string}\"},\"query-input\":{\"@type\":\"PropertyValueSpecification\",\"valueRequired\":true,\"valueName\":\"search_term_string\"}}],\"inLanguage\":\"es\"},{\"@type\":\"Organization\",\"@id\":\"https:\\\/\\\/lucia-rapetti.com\\\/#organization\",\"name\":\"Lucia Rapetti Laboratoire Naturel\",\"alternateName\":\"LR\",\"url\":\"https:\\\/\\\/lucia-rapetti.com\\\/\",\"logo\":{\"@type\":\"ImageObject\",\"inLanguage\":\"es\",\"@id\":\"https:\\\/\\\/lucia-rapetti.com\\\/#\\\/schema\\\/logo\\\/image\\\/\",\"url\":\"https:\\\/\\\/lucia-rapetti.com\\\/wp-content\\\/uploads\\\/2023\\\/04\\\/cropped-lucia-rapetti-logo-1.png\",\"contentUrl\":\"https:\\\/\\\/lucia-rapetti.com\\\/wp-content\\\/uploads\\\/2023\\\/04\\\/cropped-lucia-rapetti-logo-1.png\",\"width\":850,\"height\":142,\"caption\":\"Lucia Rapetti Laboratoire Naturel\"},\"image\":{\"@id\":\"https:\\\/\\\/lucia-rapetti.com\\\/#\\\/schema\\\/logo\\\/image\\\/\"},\"sameAs\":[\"https:\\\/\\\/www.facebook.com\\\/luciarapettiofficial\",\"https:\\\/\\\/www.instagram.com\\\/luciarapettiofficial\\\/\"]}]}<\/script>\n<!-- \/ Yoast SEO plugin. -->","yoast_head_json":{"title":"Condiciones generales de venta - Lucia Rapetti Laboratoire Naturel","robots":{"index":"index","follow":"follow","max-snippet":"max-snippet:-1","max-image-preview":"max-image-preview:large","max-video-preview":"max-video-preview:-1"},"canonical":"https:\/\/lucia-rapetti.com\/es\/condiciones-generales-de-venta\/","og_locale":"es_ES","og_type":"article","og_title":"Conditions g\u00e9n\u00e9rales de vente - Lucia Rapetti Laboratoire Naturel","og_description":"Conditions g\u00e9n\u00e9rales de vente Nous sommes heureux de vous accueillir sur notre site web\u00a0www.lucia-rapetti.com. Notre site vous propose un catalogue de produits cosm\u00e9tiques, vendus sous la marque \u00ab LUCIA RAPETTI \u00bb fabriqu\u00e9s et commercialis\u00e9s par LUCIA RAPETTI, Soci\u00e9t\u00e9 SARL au capital de \u20ac, ayant son si\u00e8ge social au 4, rue Beaulieu, 06800 Cagnes sur mer [&hellip;]","og_url":"https:\/\/lucia-rapetti.com\/es\/condiciones-generales-de-venta\/","og_site_name":"Lucia Rapetti Laboratoire Naturel","article_publisher":"https:\/\/www.facebook.com\/luciarapettiofficial","article_modified_time":"2024-02-06T14:48:11+00:00","twitter_card":"summary_large_image","twitter_misc":{"Tiempo de lectura":"8 minutos"},"schema":{"@context":"https:\/\/schema.org","@graph":[{"@type":"WebPage","@id":"https:\/\/lucia-rapetti.com\/conditions-generales-de-vente\/","url":"https:\/\/lucia-rapetti.com\/conditions-generales-de-vente\/","name":"Condiciones generales de venta - Lucia Rapetti Laboratoire Naturel","isPartOf":{"@id":"https:\/\/lucia-rapetti.com\/#website"},"datePublished":"2023-11-23T13:51:15+00:00","dateModified":"2024-02-06T14:48:11+00:00","breadcrumb":{"@id":"https:\/\/lucia-rapetti.com\/conditions-generales-de-vente\/#breadcrumb"},"inLanguage":"es","potentialAction":[{"@type":"ReadAction","target":["https:\/\/lucia-rapetti.com\/conditions-generales-de-vente\/"]}]},{"@type":"BreadcrumbList","@id":"https:\/\/lucia-rapetti.com\/conditions-generales-de-vente\/#breadcrumb","itemListElement":[{"@type":"ListItem","position":1,"name":"Lucia Rapetti","item":"https:\/\/lucia-rapetti.com\/"},{"@type":"ListItem","position":2,"name":"Conditions g\u00e9n\u00e9rales de vente"}]},{"@type":"WebSite","@id":"https:\/\/lucia-rapetti.com\/#website","url":"https:\/\/lucia-rapetti.com\/","name":"Lucia Rapetti Laboratorio Natural","description":"Laboratorio de cosm\u00e9tica natural y belleza","publisher":{"@id":"https:\/\/lucia-rapetti.com\/#organization"},"potentialAction":[{"@type":"SearchAction","target":{"@type":"EntryPoint","urlTemplate":"https:\/\/lucia-rapetti.com\/?s={search_term_string}"},"query-input":{"@type":"PropertyValueSpecification","valueRequired":true,"valueName":"search_term_string"}}],"inLanguage":"es"},{"@type":"Organization","@id":"https:\/\/lucia-rapetti.com\/#organization","name":"Lucia Rapetti Laboratorio Natural","alternateName":"LR","url":"https:\/\/lucia-rapetti.com\/","logo":{"@type":"ImageObject","inLanguage":"es","@id":"https:\/\/lucia-rapetti.com\/#\/schema\/logo\/image\/","url":"https:\/\/lucia-rapetti.com\/wp-content\/uploads\/2023\/04\/cropped-lucia-rapetti-logo-1.png","contentUrl":"https:\/\/lucia-rapetti.com\/wp-content\/uploads\/2023\/04\/cropped-lucia-rapetti-logo-1.png","width":850,"height":142,"caption":"Lucia Rapetti Laboratoire Naturel"},"image":{"@id":"https:\/\/lucia-rapetti.com\/#\/schema\/logo\/image\/"},"sameAs":["https:\/\/www.facebook.com\/luciarapettiofficial","https:\/\/www.instagram.com\/luciarapettiofficial\/"]}]}},"_links":{"self":[{"href":"https:\/\/lucia-rapetti.com\/es\/wp-json\/wp\/v2\/pages\/3454","targetHints":{"allow":["GET"]}}],"collection":[{"href":"https:\/\/lucia-rapetti.com\/es\/wp-json\/wp\/v2\/pages"}],"about":[{"href":"https:\/\/lucia-rapetti.com\/es\/wp-json\/wp\/v2\/types\/page"}],"author":[{"embeddable":true,"href":"https:\/\/lucia-rapetti.com\/es\/wp-json\/wp\/v2\/users\/2"}],"replies":[{"embeddable":true,"href":"https:\/\/lucia-rapetti.com\/es\/wp-json\/wp\/v2\/comments?post=3454"}],"version-history":[{"count":0,"href":"https:\/\/lucia-rapetti.com\/es\/wp-json\/wp\/v2\/pages\/3454\/revisions"}],"wp:attachment":[{"href":"https:\/\/lucia-rapetti.com\/es\/wp-json\/wp\/v2\/media?parent=3454"}],"curies":[{"name":"wp","href":"https:\/\/api.w.org\/{rel}","templated":true}]}}