{"id":3445,"date":"2023-11-23T14:47:01","date_gmt":"2023-11-23T13:47:01","guid":{"rendered":"https:\/\/client.comanddesign.com\/?page_id=3445"},"modified":"2024-01-29T10:09:05","modified_gmt":"2024-01-29T09:09:05","slug":"politica-de-privacidad-y-cookies","status":"publish","type":"page","link":"https:\/\/lucia-rapetti.com\/es\/politica-de-privacidad-y-cookies\/","title":{"rendered":"Pol\u00edtica de privacidad y cookies"},"content":{"rendered":"<div data-elementor-type=\"wp-page\" data-elementor-id=\"3445\" class=\"elementor elementor-3445\" data-elementor-post-type=\"page\">\n\t\t\t\t<div class=\"elementor-element elementor-element-7762e9b e-flex e-con-boxed e-con e-parent\" data-id=\"7762e9b\" data-element_type=\"container\" data-e-type=\"container\">\n\t\t\t\t\t<div class=\"e-con-inner\">\n\t\t<div class=\"elementor-element elementor-element-ffdfaf4 e-flex e-con-boxed e-con e-child\" data-id=\"ffdfaf4\" data-element_type=\"container\" data-e-type=\"container\">\n\t\t\t\t\t<div class=\"e-con-inner\">\n\t\t\t\t<div class=\"elementor-element elementor-element-b19a94c elementor-widget elementor-widget-heading\" data-id=\"b19a94c\" data-element_type=\"widget\" data-e-type=\"widget\" data-widget_type=\"heading.default\">\n\t\t\t\t<div class=\"elementor-widget-container\">\n\t\t\t\t\t<h1 class=\"elementor-heading-title elementor-size-default\">Pol\u00edtica de privacidad<\/h1>\t\t\t\t<\/div>\n\t\t\t\t<\/div>\n\t\t\t\t\t<\/div>\n\t\t\t\t<\/div>\n\t\t\t\t\t<\/div>\n\t\t\t\t<\/div>\n\t\t<div class=\"elementor-element elementor-element-5552b02 e-flex e-con-boxed e-con e-parent\" data-id=\"5552b02\" data-element_type=\"container\" data-e-type=\"container\">\n\t\t\t\t\t<div class=\"e-con-inner\">\n\t\t\t\t<div class=\"elementor-element elementor-element-a8f9efe elementor-widget elementor-widget-text-editor\" data-id=\"a8f9efe\" data-element_type=\"widget\" data-e-type=\"widget\" data-widget_type=\"text-editor.default\">\n\t\t\t\t<div class=\"elementor-widget-container\">\n\t\t\t\t\t\t\t\t\t<p>MGS LUCIA RAPETTI concede gran importancia a la protecci\u00f3n de los datos personales y desea garantizar a los Clientes que visitan el Sitio que su privacidad est\u00e1 protegida. El presente art\u00edculo tiene por objeto informar al Cliente del tratamiento de los datos personales que le conciernen, es decir, los datos que permiten identificarle, directa o indirectamente, as\u00ed como de sus derechos en relaci\u00f3n con dicho tratamiento.<\/p><p>Se informa al Cliente de que el registro y el uso del Sitio dan lugar, para MGS LUCIA RAPETTI, a la recogida y al tratamiento automatizado de los datos de car\u00e1cter personal que le conciernen, cuyo uso est\u00e1 sujeto a las disposiciones de la Ley n\u00ba 78-17 de 6 de enero de 1978 relativa a la Inform\u00e1tica, a los Ficheros y a las Libertades, modificada por la Ley n\u00ba 2004-801 de 6 de agosto de 2004.<\/p><p>Los datos personales recogidos y tratados de este modo son, en particular, los siguientes:<\/p><p>(i) la informaci\u00f3n facilitada en el momento de la inscripci\u00f3n;<\/p><p>(ii) informaci\u00f3n relativa a las interacciones del Cliente con el Sitio;<\/p><p>(iii) contenidos guardados en el \u00e1rea \u00abMi cuenta\u00bb;<\/p><p>(iv) datos t\u00e9cnicos como, por ejemplo, la URL utilizada por el Cliente o su direcci\u00f3n IP.<\/p><p>Las respuestas obligatorias, sin las cuales el Cliente no podr\u00e1 acceder al Sitio, se indican como tales en el formulario de registro del Sitio.<\/p><p>La informaci\u00f3n recogida de este modo es objeto de un tratamiento inform\u00e1tico cuya finalidad es permitir al Cliente hacer un uso \u00f3ptimo del Sitio accediendo a los servicios, poni\u00e9ndose en contacto con MGS LUCIA RAPETTI o realizando un pedido.<\/p><p>Los clientes tienen derecho a acceder a los datos que les conciernen y a rectificarlos, as\u00ed como derecho a oponerse, por motivos leg\u00edtimos, a su tratamiento, que pueden ejercer escribiendo a la siguiente direcci\u00f3n:\u00a0<b>MGS LUCIA RAPETTI 196 ROUTE DE LA BARONNE 06640 SAINT JEANNET.<span class=\"Apple-converted-space\">\u00a0 <\/span>Esta solicitud debe ir firmada por el Cliente e incluir sus datos de contacto.<\/b><\/p><p>Adem\u00e1s, MGS LUCIA RAPETTI ofrece a todos sus Clientes el env\u00edo de boletines informativos por correo electr\u00f3nico, a los que pueden suscribirse introduciendo su direcci\u00f3n de correo electr\u00f3nico en la casilla correspondiente. Si un Cliente no desea seguir recibiendo estos mensajes, puede darse de baja en cualquier momento haciendo clic en el enlace previsto a tal efecto en cada bolet\u00edn.<\/p><p>Las direcciones de correo electr\u00f3nico recogidas de este modo se tratan con el fin de enviar el bolet\u00edn informativo de MGS LUCIA RAPETTI. Los suscriptores del bolet\u00edn disponen de un derecho de acceso y rectificaci\u00f3n de los datos que les conciernen, que pueden ejercer enviando una carta a la siguiente direcci\u00f3n\u00a0<b>MGS LUCIA RAPETTI 196 ROUTE DE LA BARONNE 06640 SAINT JEANNET.<\/b><\/p><p>El uso de estos datos est\u00e1 reservado exclusivamente a MGS LUCIA RAPETTI.<\/p><p>El respeto de la privacidad y la protecci\u00f3n de los datos personales que el Cliente env\u00eda a MGS LUCIA RAPETTI son esenciales y MGS LUCIA RAPETTI hace todo lo posible para asegurarlos implementando todos los medios a su alcance para preservar la seguridad de los datos y, en particular, para evitar que sean deformados, da\u00f1ados o que terceros no autorizados accedan a ellos.<\/p><p>Con el fin de responder mejor a las expectativas del Cliente, MGS LUCIA RAPETTI podr\u00e1 compartir determinada informaci\u00f3n con sus proveedores de servicios, calificados de \u00absubcontratistas\u00bb en el sentido de la ley antes mencionada (por ejemplo, para la prestaci\u00f3n de servicios inform\u00e1ticos, servicios de atenci\u00f3n al cliente). En todos los dem\u00e1s casos, los datos personales no podr\u00e1n ser comunicados a terceros sin el consentimiento previo del Cliente.<\/p><p><b>MGS LUCIA RAPETTI especifica que no tiene intenci\u00f3n de vender o comercializar los datos personales del Cliente.<\/b><\/p><p>Los datos personales recogidos por MGS LUCIA RAPETTI en el marco de la creaci\u00f3n de una cuenta de cliente y la realizaci\u00f3n de un pedido de productos se conservan durante el tiempo necesario para gestionar los pedidos y los derechos asociados a los mismos (garant\u00edas, etc.), gestionar la prospecci\u00f3n comercial, etc.<\/p><p>Algunos de estos datos personales tambi\u00e9n ser\u00e1n conservados por MGS LUCIA RAPETTI durante los periodos exigidos por la ley para cumplir con sus obligaciones legales.<\/p><p><b>\u00bfDurante cu\u00e1nto tiempo conserva MGS LUCIA RAPETTI sus datos personales?<span class=\"Apple-converted-space\">\u00a0<\/span><\/b><\/p><p>El periodo indicado abarca el periodo de almacenamiento en la base de datos activa y en los archivos internos:<\/p><p><b>- Datos de su cuenta de cliente :\u00a0<\/b>3 a\u00f1os desde su \u00faltimo contacto con MGS LUCIA RAPETTI<\/p><p><b>- Datos de su pedido :\u00a0<\/b>10 a\u00f1os despu\u00e9s del pedido<\/p><p><b>- Prueba de identidad facilitada para ejercer los derechos de consulta, acceso, rectificaci\u00f3n y oposici\u00f3n:\u00a0<\/b>1 a\u00f1o a partir de la fecha de recepci\u00f3n por la SGM LUCIA RAPETTI<span class=\"Apple-converted-space\">\u00a0<\/span><\/p><p><b>- Datos de la tarjeta de cr\u00e9dito que haya decidido almacenar en nuestro sitio (excluido el criptograma):\u00a0<\/b>Fecha de caducidad + 1 d\u00eda (sujeto a la caducidad indicada a continuaci\u00f3n)<\/p><p><b>- Datos de tarjetas de cr\u00e9dito, almacenados o no (excluidos los criptogramas), con el fin de gestionar posibles reclamaciones:\u00a0<\/b><\/p><p>Para las tarjetas de d\u00e9bito inmediato: 13 meses a partir de la fecha de pago<\/p><p>Para las tarjetas de d\u00e9bito diferido: 15 meses a partir de la fecha de emisi\u00f3n.<\/p><p><b>Uso de cookies\u00ab<\/b><\/p><p>MGS LUCIA RAPETTI utiliza \u00abcookies\u00bb para optimizar el uso del Sitio por parte del Cliente.<\/p><p>Una \u00abcookie\u00bb es un peque\u00f1o archivo de texto depositado por MGS LUCIA RAPETTI en el disco duro del Cliente. Permite al sistema de MGS LUCIA RAPETTI recordar el dispositivo del Cliente cuando visita el Sitio. Las \u00abcookies\u00bb utilizadas por MGS LUCIA RAPETTI no contienen ning\u00fan dato personal, sino \u00fanicamente un n\u00famero de identificaci\u00f3n an\u00f3nimo e informaci\u00f3n relativa a la navegaci\u00f3n del ordenador en cuesti\u00f3n en el Sitio (p\u00e1ginas consultadas, fecha y hora de la consulta, etc.) que MGS LUCIA RAPETTI podr\u00e1 leer en visitas posteriores.<\/p><p>MGS LUCIA RAPETTI utiliza \u00abcookies\u00bb con el fin de optimizar el uso por parte del Cliente del Sitio y de los eventuales servicios. En particular, MGS LUCIA RAPETTI utiliza \u00abcookies\u00bb para los siguientes fines:<\/p><p>- Personalizar el contenido del Sitio memorizando las preferencias del Cliente;<\/p><p>- Establecer los vol\u00famenes de tr\u00e1fico y utilizaci\u00f3n de los distintos elementos que componen el Sitio;<\/p><p>- Mejorar el Sitio utilizando la informaci\u00f3n proporcionada por los servicios de medici\u00f3n de audiencia. Las cookies utilizadas en el marco de este servicio permiten analizar globalmente y de forma an\u00f3nima el comportamiento del Cliente. La informaci\u00f3n sobre el uso del Sitio por parte del Cliente se transmite de forma an\u00f3nima a este servicio (direcci\u00f3n IP truncada).<\/p><p>Los datos relativos al comportamiento se recogen con el fin de elaborar informes estad\u00edsticos sobre la actividad del Sitio, cuya finalidad es orientar a MGS LUCIA RAPETTI en su toma de decisiones relativas a la mejora del Sitio. Por lo tanto, el Sitio no asocia la direcci\u00f3n IP del Cliente con informaci\u00f3n que permita identificarlo.<\/p><p>Se informa a los clientes de que pueden retirar en cualquier momento su consentimiento al uso de cookies emitidas por el Sitio o por sitios de terceros, ya sea para todas las cookies o para determinadas categor\u00edas de fines.<\/p><p>Por ejemplo, los clientes pueden retirar f\u00e1cilmente su consentimiento utilizando los siguientes medios:<\/p><p>- Para Mozilla Firefox :\u00a0<a href=\"https:\/\/support.mozilla.org\/fr\/kb\/effacer-cookies-supprimer-infos-sites-enregistrees\">https:\/\/support.mozilla.org\/fr\/kb\/effacer-cookies-supprimer-infos-sites-enregistrees<\/a><\/p><p>- Para Microsoft Internet Explorer :\u00a0<a href=\"http:\/\/windows.microsoft.com\/fr-fr\/internet-explorer\/delete-manage-cookies#ie=ie-9\">http:\/\/windows.microsoft.com\/fr-fr\/internet-explorer\/delete-manage-cookies#ie=ie-9<\/a><\/p><p>- Para Opera :\u00a0<a href=\"http:\/\/help.opera.com\/Windows\/10.20\/fr\/cookies.html\">http:\/\/help.opera.com\/Windows\/10.20\/fr\/cookies.html<\/a><\/p><p>- Para Chrome :\u00a0<a href=\"https:\/\/support.google.com\/chrome\/answer\/95647?hl=fr\">https:\/\/support.google.com\/chrome\/answer\/95647?hl=fr<\/a><\/p><p>Con respecto a las \u00abcookies de terceros\u00bb, el Cliente tambi\u00e9n puede desactivarlas en los sitios de las empresas que las emiten, utilizando los enlaces correspondientes que se muestran m\u00e1s arriba.<\/p><p>Tambi\u00e9n es posible darse de baja (i) de cualquier red publicitaria haciendo clic en el siguiente enlace:<\/p><p><a href=\"http:\/\/www.youronlinechoices.com\/fr\/foire-aux-questions\/\">http:\/\/www.youronlinechoices.com\/fr\/foire-aux-questions\/<\/a>\u00a0y (ii) publicidad comportamental haciendo clic en el siguiente enlace:\u00a0<a href=\"http:\/\/www.aboutads.info\/choices\/\">http:\/\/www.aboutads.info\/choices\/<\/a>.<\/p><p>Por \u00faltimo, los clientes pueden encontrar algunos consejos de la CNIL haciendo clic en el siguiente enlace:\u00a0<a href=\"http:\/\/www.cnil.fr\/vos-droits\/vos-traces\/les-cookies\/conseils-aux-internautes\/\">http:\/\/www.cnil.fr\/vos-droits\/vos-traces\/les-cookies\/conseils-aux-internautes\/<\/a>.<\/p><p>El consentimiento obtenido por MGS LUCIA RAPETTI del Cliente para el uso de \u00abcookies\u00bb tiene una validez de trece (13) meses a partir de la fecha de dep\u00f3sito de las \u00abcookies\u00bb. Transcurrido dicho plazo, MGS LUCIA RAPETTI deber\u00e1 obtener de nuevo el consentimiento del Cliente.<\/p>\t\t\t\t\t\t\t\t<\/div>\n\t\t\t\t<\/div>\n\t\t\t\t\t<\/div>\n\t\t\t\t<\/div>\n\t\t\t\t<\/div>","protected":false},"excerpt":{"rendered":"<p>Politique de confidentialit\u00e9 MGS LUCIA RAPETTI accorde une grande importance \u00e0 la protection des donn\u00e9es \u00e0 caract\u00e8re personnel et tient \u00e0 assurer au Client visitant le Site que sa vie priv\u00e9e est prot\u00e9g\u00e9e. Le pr\u00e9sent article vise \u00e0 informer le Client des traitements de donn\u00e9es \u00e0 caract\u00e8re personnel le concernant, c\u2019est-\u00e0-dire des donn\u00e9es permettant de [&hellip;]<\/p>\n","protected":false},"author":2,"featured_media":0,"parent":0,"menu_order":0,"comment_status":"closed","ping_status":"closed","template":"","meta":{"_acf_changed":false,"site-sidebar-layout":"no-sidebar","site-content-layout":"page-builder","ast-site-content-layout":"default","site-content-style":"default","site-sidebar-style":"default","ast-global-header-display":"","ast-banner-title-visibility":"","ast-main-header-display":"","ast-hfb-above-header-display":"","ast-hfb-below-header-display":"","ast-hfb-mobile-header-display":"","site-post-title":"disabled","ast-breadcrumbs-content":"","ast-featured-img":"disabled","footer-sml-layout":"","ast-disable-related-posts":"","theme-transparent-header-meta":"disabled","adv-header-id-meta":"","stick-header-meta":"","header-above-stick-meta":"","header-main-stick-meta":"","header-below-stick-meta":"","astra-migrate-meta-layouts":"default","ast-page-background-enabled":"default","ast-page-background-meta":{"desktop":{"background-color":"var(--ast-global-color-4)","background-image":"","background-repeat":"repeat","background-position":"center center","background-size":"auto","background-attachment":"scroll","background-type":"","background-media":"","overlay-type":"","overlay-color":"","overlay-opacity":"","overlay-gradient":""},"tablet":{"background-color":"","background-image":"","background-repeat":"repeat","background-position":"center center","background-size":"auto","background-attachment":"scroll","background-type":"","background-media":"","overlay-type":"","overlay-color":"","overlay-opacity":"","overlay-gradient":""},"mobile":{"background-color":"","background-image":"","background-repeat":"repeat","background-position":"center center","background-size":"auto","background-attachment":"scroll","background-type":"","background-media":"","overlay-type":"","overlay-color":"","overlay-opacity":"","overlay-gradient":""}},"ast-content-background-meta":{"desktop":{"background-color":"var(--ast-global-color-5)","background-image":"","background-repeat":"repeat","background-position":"center center","background-size":"auto","background-attachment":"scroll","background-type":"","background-media":"","overlay-type":"","overlay-color":"","overlay-opacity":"","overlay-gradient":""},"tablet":{"background-color":"var(--ast-global-color-5)","background-image":"","background-repeat":"repeat","background-position":"center center","background-size":"auto","background-attachment":"scroll","background-type":"","background-media":"","overlay-type":"","overlay-color":"","overlay-opacity":"","overlay-gradient":""},"mobile":{"background-color":"var(--ast-global-color-5)","background-image":"","background-repeat":"repeat","background-position":"center center","background-size":"auto","background-attachment":"scroll","background-type":"","background-media":"","overlay-type":"","overlay-color":"","overlay-opacity":"","overlay-gradient":""}},"footnotes":""},"class_list":["post-3445","page","type-page","status-publish","hentry"],"acf":[],"yoast_head":"<!-- This site is optimized with the Yoast SEO plugin v27.4 - https:\/\/yoast.com\/product\/yoast-seo-wordpress\/ -->\n<title>Politique de Confidentialit\u00e9 et Cookies - Lucia Rapetti Laboratoire Naturel<\/title>\n<meta name=\"robots\" content=\"index, follow, max-snippet:-1, max-image-preview:large, max-video-preview:-1\" \/>\n<link rel=\"canonical\" href=\"https:\/\/lucia-rapetti.com\/es\/politica-de-privacidad-y-cookies\/\" \/>\n<meta property=\"og:locale\" content=\"es_ES\" \/>\n<meta property=\"og:type\" content=\"article\" \/>\n<meta property=\"og:title\" content=\"Politique de Confidentialit\u00e9 et Cookies - Lucia Rapetti Laboratoire Naturel\" \/>\n<meta property=\"og:description\" content=\"Politique de confidentialit\u00e9 MGS LUCIA RAPETTI accorde une grande importance \u00e0 la protection des donn\u00e9es \u00e0 caract\u00e8re personnel et tient \u00e0 assurer au Client visitant le Site que sa vie priv\u00e9e est prot\u00e9g\u00e9e. Le pr\u00e9sent article vise \u00e0 informer le Client des traitements de donn\u00e9es \u00e0 caract\u00e8re personnel le concernant, c\u2019est-\u00e0-dire des donn\u00e9es permettant de [&hellip;]\" \/>\n<meta property=\"og:url\" content=\"https:\/\/lucia-rapetti.com\/es\/politica-de-privacidad-y-cookies\/\" \/>\n<meta property=\"og:site_name\" content=\"Lucia Rapetti Laboratoire Naturel\" \/>\n<meta property=\"article:publisher\" content=\"https:\/\/www.facebook.com\/luciarapettiofficial\" \/>\n<meta property=\"article:modified_time\" content=\"2024-01-29T09:09:05+00:00\" \/>\n<meta name=\"twitter:card\" content=\"summary_large_image\" \/>\n<meta name=\"twitter:label1\" content=\"Tiempo de lectura\" \/>\n\t<meta name=\"twitter:data1\" content=\"7 minutos\" \/>\n<script type=\"application\/ld+json\" class=\"yoast-schema-graph\">{\"@context\":\"https:\\\/\\\/schema.org\",\"@graph\":[{\"@type\":\"WebPage\",\"@id\":\"https:\\\/\\\/lucia-rapetti.com\\\/politique-de-confidentialite-et-cookies\\\/\",\"url\":\"https:\\\/\\\/lucia-rapetti.com\\\/politique-de-confidentialite-et-cookies\\\/\",\"name\":\"Politique de Confidentialit\u00e9 et Cookies - Lucia Rapetti Laboratoire Naturel\",\"isPartOf\":{\"@id\":\"https:\\\/\\\/lucia-rapetti.com\\\/#website\"},\"datePublished\":\"2023-11-23T13:47:01+00:00\",\"dateModified\":\"2024-01-29T09:09:05+00:00\",\"breadcrumb\":{\"@id\":\"https:\\\/\\\/lucia-rapetti.com\\\/politique-de-confidentialite-et-cookies\\\/#breadcrumb\"},\"inLanguage\":\"es\",\"potentialAction\":[{\"@type\":\"ReadAction\",\"target\":[\"https:\\\/\\\/lucia-rapetti.com\\\/politique-de-confidentialite-et-cookies\\\/\"]}]},{\"@type\":\"BreadcrumbList\",\"@id\":\"https:\\\/\\\/lucia-rapetti.com\\\/politique-de-confidentialite-et-cookies\\\/#breadcrumb\",\"itemListElement\":[{\"@type\":\"ListItem\",\"position\":1,\"name\":\"Lucia Rapetti\",\"item\":\"https:\\\/\\\/lucia-rapetti.com\\\/\"},{\"@type\":\"ListItem\",\"position\":2,\"name\":\"Politique de Confidentialit\u00e9 et Cookies\"}]},{\"@type\":\"WebSite\",\"@id\":\"https:\\\/\\\/lucia-rapetti.com\\\/#website\",\"url\":\"https:\\\/\\\/lucia-rapetti.com\\\/\",\"name\":\"Lucia Rapetti Laboratoire Naturel\",\"description\":\"Laboratoire de cosm\u00e9tique naturel et beaut\u00e9\",\"publisher\":{\"@id\":\"https:\\\/\\\/lucia-rapetti.com\\\/#organization\"},\"potentialAction\":[{\"@type\":\"SearchAction\",\"target\":{\"@type\":\"EntryPoint\",\"urlTemplate\":\"https:\\\/\\\/lucia-rapetti.com\\\/?s={search_term_string}\"},\"query-input\":{\"@type\":\"PropertyValueSpecification\",\"valueRequired\":true,\"valueName\":\"search_term_string\"}}],\"inLanguage\":\"es\"},{\"@type\":\"Organization\",\"@id\":\"https:\\\/\\\/lucia-rapetti.com\\\/#organization\",\"name\":\"Lucia Rapetti Laboratoire Naturel\",\"alternateName\":\"LR\",\"url\":\"https:\\\/\\\/lucia-rapetti.com\\\/\",\"logo\":{\"@type\":\"ImageObject\",\"inLanguage\":\"es\",\"@id\":\"https:\\\/\\\/lucia-rapetti.com\\\/#\\\/schema\\\/logo\\\/image\\\/\",\"url\":\"https:\\\/\\\/lucia-rapetti.com\\\/wp-content\\\/uploads\\\/2023\\\/04\\\/cropped-lucia-rapetti-logo-1.png\",\"contentUrl\":\"https:\\\/\\\/lucia-rapetti.com\\\/wp-content\\\/uploads\\\/2023\\\/04\\\/cropped-lucia-rapetti-logo-1.png\",\"width\":850,\"height\":142,\"caption\":\"Lucia Rapetti Laboratoire Naturel\"},\"image\":{\"@id\":\"https:\\\/\\\/lucia-rapetti.com\\\/#\\\/schema\\\/logo\\\/image\\\/\"},\"sameAs\":[\"https:\\\/\\\/www.facebook.com\\\/luciarapettiofficial\",\"https:\\\/\\\/www.instagram.com\\\/luciarapettiofficial\\\/\"]}]}<\/script>\n<!-- \/ Yoast SEO plugin. -->","yoast_head_json":{"title":"Pol\u00edtica de privacidad y cookies - Lucia Rapetti Laboratoire Naturel","robots":{"index":"index","follow":"follow","max-snippet":"max-snippet:-1","max-image-preview":"max-image-preview:large","max-video-preview":"max-video-preview:-1"},"canonical":"https:\/\/lucia-rapetti.com\/es\/politica-de-privacidad-y-cookies\/","og_locale":"es_ES","og_type":"article","og_title":"Politique de Confidentialit\u00e9 et Cookies - Lucia Rapetti Laboratoire Naturel","og_description":"Politique de confidentialit\u00e9 MGS LUCIA RAPETTI accorde une grande importance \u00e0 la protection des donn\u00e9es \u00e0 caract\u00e8re personnel et tient \u00e0 assurer au Client visitant le Site que sa vie priv\u00e9e est prot\u00e9g\u00e9e. Le pr\u00e9sent article vise \u00e0 informer le Client des traitements de donn\u00e9es \u00e0 caract\u00e8re personnel le concernant, c\u2019est-\u00e0-dire des donn\u00e9es permettant de [&hellip;]","og_url":"https:\/\/lucia-rapetti.com\/es\/politica-de-privacidad-y-cookies\/","og_site_name":"Lucia Rapetti Laboratoire Naturel","article_publisher":"https:\/\/www.facebook.com\/luciarapettiofficial","article_modified_time":"2024-01-29T09:09:05+00:00","twitter_card":"summary_large_image","twitter_misc":{"Tiempo de lectura":"7 minutos"},"schema":{"@context":"https:\/\/schema.org","@graph":[{"@type":"WebPage","@id":"https:\/\/lucia-rapetti.com\/politique-de-confidentialite-et-cookies\/","url":"https:\/\/lucia-rapetti.com\/politique-de-confidentialite-et-cookies\/","name":"Pol\u00edtica de privacidad y cookies - Lucia Rapetti Laboratoire Naturel","isPartOf":{"@id":"https:\/\/lucia-rapetti.com\/#website"},"datePublished":"2023-11-23T13:47:01+00:00","dateModified":"2024-01-29T09:09:05+00:00","breadcrumb":{"@id":"https:\/\/lucia-rapetti.com\/politique-de-confidentialite-et-cookies\/#breadcrumb"},"inLanguage":"es","potentialAction":[{"@type":"ReadAction","target":["https:\/\/lucia-rapetti.com\/politique-de-confidentialite-et-cookies\/"]}]},{"@type":"BreadcrumbList","@id":"https:\/\/lucia-rapetti.com\/politique-de-confidentialite-et-cookies\/#breadcrumb","itemListElement":[{"@type":"ListItem","position":1,"name":"Lucia Rapetti","item":"https:\/\/lucia-rapetti.com\/"},{"@type":"ListItem","position":2,"name":"Politique de Confidentialit\u00e9 et Cookies"}]},{"@type":"WebSite","@id":"https:\/\/lucia-rapetti.com\/#website","url":"https:\/\/lucia-rapetti.com\/","name":"Lucia Rapetti Laboratorio Natural","description":"Laboratorio de cosm\u00e9tica natural y belleza","publisher":{"@id":"https:\/\/lucia-rapetti.com\/#organization"},"potentialAction":[{"@type":"SearchAction","target":{"@type":"EntryPoint","urlTemplate":"https:\/\/lucia-rapetti.com\/?s={search_term_string}"},"query-input":{"@type":"PropertyValueSpecification","valueRequired":true,"valueName":"search_term_string"}}],"inLanguage":"es"},{"@type":"Organization","@id":"https:\/\/lucia-rapetti.com\/#organization","name":"Lucia Rapetti Laboratorio Natural","alternateName":"LR","url":"https:\/\/lucia-rapetti.com\/","logo":{"@type":"ImageObject","inLanguage":"es","@id":"https:\/\/lucia-rapetti.com\/#\/schema\/logo\/image\/","url":"https:\/\/lucia-rapetti.com\/wp-content\/uploads\/2023\/04\/cropped-lucia-rapetti-logo-1.png","contentUrl":"https:\/\/lucia-rapetti.com\/wp-content\/uploads\/2023\/04\/cropped-lucia-rapetti-logo-1.png","width":850,"height":142,"caption":"Lucia Rapetti Laboratoire Naturel"},"image":{"@id":"https:\/\/lucia-rapetti.com\/#\/schema\/logo\/image\/"},"sameAs":["https:\/\/www.facebook.com\/luciarapettiofficial","https:\/\/www.instagram.com\/luciarapettiofficial\/"]}]}},"_links":{"self":[{"href":"https:\/\/lucia-rapetti.com\/es\/wp-json\/wp\/v2\/pages\/3445","targetHints":{"allow":["GET"]}}],"collection":[{"href":"https:\/\/lucia-rapetti.com\/es\/wp-json\/wp\/v2\/pages"}],"about":[{"href":"https:\/\/lucia-rapetti.com\/es\/wp-json\/wp\/v2\/types\/page"}],"author":[{"embeddable":true,"href":"https:\/\/lucia-rapetti.com\/es\/wp-json\/wp\/v2\/users\/2"}],"replies":[{"embeddable":true,"href":"https:\/\/lucia-rapetti.com\/es\/wp-json\/wp\/v2\/comments?post=3445"}],"version-history":[{"count":0,"href":"https:\/\/lucia-rapetti.com\/es\/wp-json\/wp\/v2\/pages\/3445\/revisions"}],"wp:attachment":[{"href":"https:\/\/lucia-rapetti.com\/es\/wp-json\/wp\/v2\/media?parent=3445"}],"curies":[{"name":"wp","href":"https:\/\/api.w.org\/{rel}","templated":true}]}}