{"id":793,"date":"2023-06-22T18:39:12","date_gmt":"2023-06-22T16:39:12","guid":{"rendered":"https:\/\/client.comanddesign.com\/?post_type=product&#038;p=793"},"modified":"2026-03-06T15:26:57","modified_gmt":"2026-03-06T14:26:57","slug":"purifying-cream-50ml","status":"publish","type":"product","link":"https:\/\/lucia-rapetti.com\/en\/product\/purifying-cream-50ml\/","title":{"rendered":"Purifying Cream 50ml"},"content":{"rendered":"<p class=\"p1\">ALPHA-GLUCAN PREBIOTIC MICROBIOTA: skin microbiota defence complex.<br \/>\n3 -AMINO ACIDS BIOMIMETIC LIPOPEPTIDES: skin reactivity protection.<br \/>\nALLANTOIN: healing, protective, stimulates the skin's defences and cell turnover, moisturising, emollient.<span class=\"Apple-converted-space\"><br \/>\n<\/span>TOCOPHERYL ACETATE (VIT E): elasticizing antioxidant, improves the skin's barrier function, fights inflammation and protects cells from oxidative stress.<span class=\"Apple-converted-space\">\u00a0 \u00a0 \u00a0 \u00a0 \u00a0 \u00a0 \u00a0 \u00a0 \u00a0 \u00a0 \u00a0 \u00a0 \u00a0 \u00a0 \u00a0 \u00a0 \u00a0 \u00a0 \u00a0 \u00a0 \u00a0 \u00a0 \u00a0 \u00a0 \u00a0 \u00a0 \u00a0 \u00a0 \u00a0 \u00a0 \u00a0 \u00a0 \u00a0 \u00a0 \u00a0<\/span><\/p>","protected":false},"excerpt":{"rendered":"<p>An excellent purifying cream, it detoxifies and oxygenates the skin while rebalancing its pH. It helps to gradually eliminate impurities, blackheads and spots. Its anti-shine action leaves skin matte, with make-up that lasts longer.<br data-start=\"314\" data-end=\"317\" \/>Discover our <a href=\"https:\/\/lucia-rapetti.com\/en\/product-category\/face\/natural-face-creams\/\">natural face creams<\/a> for a complete beauty routine.<\/p>","protected":false},"featured_media":798,"comment_status":"open","ping_status":"closed","template":"","meta":{"_acf_changed":false,"site-sidebar-layout":"default","site-content-layout":"default","ast-site-content-layout":"default","site-content-style":"default","site-sidebar-style":"default","ast-global-header-display":"","ast-banner-title-visibility":"","ast-main-header-display":"","ast-hfb-above-header-display":"","ast-hfb-below-header-display":"","ast-hfb-mobile-header-display":"","site-post-title":"","ast-breadcrumbs-content":"","ast-featured-img":"","footer-sml-layout":"","ast-disable-related-posts":"","theme-transparent-header-meta":"default","adv-header-id-meta":"","stick-header-meta":"","header-above-stick-meta":"","header-main-stick-meta":"","header-below-stick-meta":"","astra-migrate-meta-layouts":"set","ast-page-background-enabled":"default","ast-page-background-meta":{"desktop":{"background-color":"var(--ast-global-color-4)","background-image":"","background-repeat":"repeat","background-position":"center center","background-size":"auto","background-attachment":"scroll","background-type":"","background-media":"","overlay-type":"","overlay-color":"","overlay-opacity":"","overlay-gradient":""},"tablet":{"background-color":"","background-image":"","background-repeat":"repeat","background-position":"center center","background-size":"auto","background-attachment":"scroll","background-type":"","background-media":"","overlay-type":"","overlay-color":"","overlay-opacity":"","overlay-gradient":""},"mobile":{"background-color":"","background-image":"","background-repeat":"repeat","background-position":"center center","background-size":"auto","background-attachment":"scroll","background-type":"","background-media":"","overlay-type":"","overlay-color":"","overlay-opacity":"","overlay-gradient":""}},"ast-content-background-meta":{"desktop":{"background-color":"var(--ast-global-color-5)","background-image":"","background-repeat":"repeat","background-position":"center center","background-size":"auto","background-attachment":"scroll","background-type":"","background-media":"","overlay-type":"","overlay-color":"","overlay-opacity":"","overlay-gradient":""},"tablet":{"background-color":"var(--ast-global-color-5)","background-image":"","background-repeat":"repeat","background-position":"center center","background-size":"auto","background-attachment":"scroll","background-type":"","background-media":"","overlay-type":"","overlay-color":"","overlay-opacity":"","overlay-gradient":""},"mobile":{"background-color":"var(--ast-global-color-5)","background-image":"","background-repeat":"repeat","background-position":"center center","background-size":"auto","background-attachment":"scroll","background-type":"","background-media":"","overlay-type":"","overlay-color":"","overlay-opacity":"","overlay-gradient":""}}},"product_brand":[],"product_cat":[36,28,164],"product_tag":[31,30],"class_list":{"0":"post-793","1":"product","2":"type-product","3":"status-publish","4":"has-post-thumbnail","6":"product_cat-cremes-jour-nuit","7":"product_cat-purifying-soins-purifiants","8":"product_cat-cremes-visage-naturelles","9":"product_tag-peaux-grasses","10":"product_tag-tout-type-de-peau","11":"desktop-align-left","12":"tablet-align-left","13":"mobile-align-left","14":"ast-product-gallery-layout-vertical-slider","15":"ast-product-tabs-layout-horizontal","16":"ast-qv-on-image","18":"first","19":"instock","20":"taxable","21":"shipping-taxable","22":"purchasable","23":"product-type-simple"},"acf":[],"yoast_head":"<!-- This site is optimized with the Yoast SEO plugin v27.5 - https:\/\/yoast.com\/product\/yoast-seo-wordpress\/ -->\n<title>Soins Purifiants Purifying Cr\u00e8me 50ml - Lucia Rapetti<\/title>\n<meta name=\"description\" content=\"Excellente cr\u00e8me purifiante, d\u00e9toxifiante et oxyg\u00e9nante, r\u00e9-acidifie la peau, \u00e9limine progressivement les impuret\u00e9s, les com\u00e9dons et les points noirs.\" \/>\n<meta name=\"robots\" content=\"index, follow, max-snippet:-1, max-image-preview:large, max-video-preview:-1\" \/>\n<link rel=\"canonical\" href=\"https:\/\/lucia-rapetti.com\/en\/product\/purifying-cream-50ml\/\" \/>\n<meta property=\"og:locale\" content=\"en_GB\" \/>\n<meta property=\"og:type\" content=\"article\" \/>\n<meta property=\"og:title\" content=\"Soins Purifiants Purifying Cr\u00e8me 50ml - Lucia Rapetti\" \/>\n<meta property=\"og:description\" content=\"Excellente cr\u00e8me purifiante, d\u00e9toxifiante et oxyg\u00e9nante, r\u00e9-acidifie la peau, \u00e9limine progressivement les impuret\u00e9s, les com\u00e9dons et les points noirs.\" \/>\n<meta property=\"og:url\" content=\"https:\/\/lucia-rapetti.com\/en\/product\/purifying-cream-50ml\/\" \/>\n<meta property=\"og:site_name\" content=\"Lucia Rapetti Laboratoire Naturel\" \/>\n<meta property=\"article:publisher\" content=\"https:\/\/www.facebook.com\/luciarapettiofficial\" \/>\n<meta property=\"article:modified_time\" content=\"2026-03-06T14:26:57+00:00\" \/>\n<meta property=\"og:image\" content=\"https:\/\/lucia-rapetti.com\/wp-content\/uploads\/2023\/06\/LR-sito-purifying-creme.png\" \/>\n\t<meta property=\"og:image:width\" content=\"1200\" \/>\n\t<meta property=\"og:image:height\" content=\"1200\" \/>\n\t<meta property=\"og:image:type\" content=\"image\/png\" \/>\n<meta name=\"twitter:card\" content=\"summary_large_image\" \/>\n<meta name=\"twitter:label1\" content=\"Estimated reading time\" \/>\n\t<meta name=\"twitter:data1\" content=\"1 minute\" \/>\n<script type=\"application\/ld+json\" class=\"yoast-schema-graph\">{\"@context\":\"https:\\\/\\\/schema.org\",\"@graph\":[{\"@type\":\"WebPage\",\"@id\":\"https:\\\/\\\/lucia-rapetti.com\\\/product\\\/purifying-creme-50ml\\\/\",\"url\":\"https:\\\/\\\/lucia-rapetti.com\\\/product\\\/purifying-creme-50ml\\\/\",\"name\":\"Soins Purifiants Purifying Cr\u00e8me 50ml - Lucia Rapetti\",\"isPartOf\":{\"@id\":\"https:\\\/\\\/lucia-rapetti.com\\\/#website\"},\"primaryImageOfPage\":{\"@id\":\"https:\\\/\\\/lucia-rapetti.com\\\/product\\\/purifying-creme-50ml\\\/#primaryimage\"},\"image\":{\"@id\":\"https:\\\/\\\/lucia-rapetti.com\\\/product\\\/purifying-creme-50ml\\\/#primaryimage\"},\"thumbnailUrl\":\"https:\\\/\\\/lucia-rapetti.com\\\/wp-content\\\/uploads\\\/2023\\\/06\\\/LR-sito-purifying-creme.png\",\"datePublished\":\"2023-06-22T16:39:12+00:00\",\"dateModified\":\"2026-03-06T14:26:57+00:00\",\"description\":\"Excellente cr\u00e8me purifiante, d\u00e9toxifiante et oxyg\u00e9nante, r\u00e9-acidifie la peau, \u00e9limine progressivement les impuret\u00e9s, les com\u00e9dons et les points noirs.\",\"breadcrumb\":{\"@id\":\"https:\\\/\\\/lucia-rapetti.com\\\/product\\\/purifying-creme-50ml\\\/#breadcrumb\"},\"inLanguage\":\"en-GB\",\"potentialAction\":[{\"@type\":\"ReadAction\",\"target\":[\"https:\\\/\\\/lucia-rapetti.com\\\/product\\\/purifying-creme-50ml\\\/\"]}]},{\"@type\":\"ImageObject\",\"inLanguage\":\"en-GB\",\"@id\":\"https:\\\/\\\/lucia-rapetti.com\\\/product\\\/purifying-creme-50ml\\\/#primaryimage\",\"url\":\"https:\\\/\\\/lucia-rapetti.com\\\/wp-content\\\/uploads\\\/2023\\\/06\\\/LR-sito-purifying-creme.png\",\"contentUrl\":\"https:\\\/\\\/lucia-rapetti.com\\\/wp-content\\\/uploads\\\/2023\\\/06\\\/LR-sito-purifying-creme.png\",\"width\":1200,\"height\":1200,\"caption\":\"purifying creme detoxifiante purifiante\"},{\"@type\":\"BreadcrumbList\",\"@id\":\"https:\\\/\\\/lucia-rapetti.com\\\/product\\\/purifying-creme-50ml\\\/#breadcrumb\",\"itemListElement\":[{\"@type\":\"ListItem\",\"position\":1,\"name\":\"Lucia Rapetti\",\"item\":\"https:\\\/\\\/lucia-rapetti.com\\\/\"},{\"@type\":\"ListItem\",\"position\":2,\"name\":\"Shop\",\"item\":\"https:\\\/\\\/lucia-rapetti.com\\\/shop\\\/\"},{\"@type\":\"ListItem\",\"position\":3,\"name\":\"Cr\u00e8mes Jour &amp; Nuit\",\"item\":\"https:\\\/\\\/lucia-rapetti.com\\\/product-category\\\/cremes-jour-nuit\\\/\"},{\"@type\":\"ListItem\",\"position\":4,\"name\":\"Purifying Cr\u00e8me 50ml\"}]},{\"@type\":\"WebSite\",\"@id\":\"https:\\\/\\\/lucia-rapetti.com\\\/#website\",\"url\":\"https:\\\/\\\/lucia-rapetti.com\\\/\",\"name\":\"Lucia Rapetti Laboratoire Naturel\",\"description\":\"Laboratoire de cosm\u00e9tique naturel et beaut\u00e9\",\"publisher\":{\"@id\":\"https:\\\/\\\/lucia-rapetti.com\\\/#organization\"},\"potentialAction\":[{\"@type\":\"SearchAction\",\"target\":{\"@type\":\"EntryPoint\",\"urlTemplate\":\"https:\\\/\\\/lucia-rapetti.com\\\/?s={search_term_string}\"},\"query-input\":{\"@type\":\"PropertyValueSpecification\",\"valueRequired\":true,\"valueName\":\"search_term_string\"}}],\"inLanguage\":\"en-GB\"},{\"@type\":\"Organization\",\"@id\":\"https:\\\/\\\/lucia-rapetti.com\\\/#organization\",\"name\":\"Lucia Rapetti Laboratoire Naturel\",\"alternateName\":\"LR\",\"url\":\"https:\\\/\\\/lucia-rapetti.com\\\/\",\"logo\":{\"@type\":\"ImageObject\",\"inLanguage\":\"en-GB\",\"@id\":\"https:\\\/\\\/lucia-rapetti.com\\\/#\\\/schema\\\/logo\\\/image\\\/\",\"url\":\"https:\\\/\\\/lucia-rapetti.com\\\/wp-content\\\/uploads\\\/2023\\\/04\\\/cropped-lucia-rapetti-logo-1.png\",\"contentUrl\":\"https:\\\/\\\/lucia-rapetti.com\\\/wp-content\\\/uploads\\\/2023\\\/04\\\/cropped-lucia-rapetti-logo-1.png\",\"width\":850,\"height\":142,\"caption\":\"Lucia Rapetti Laboratoire Naturel\"},\"image\":{\"@id\":\"https:\\\/\\\/lucia-rapetti.com\\\/#\\\/schema\\\/logo\\\/image\\\/\"},\"sameAs\":[\"https:\\\/\\\/www.facebook.com\\\/luciarapettiofficial\",\"https:\\\/\\\/www.instagram.com\\\/luciarapettiofficial\\\/\"]}]}<\/script>\n<!-- \/ Yoast SEO plugin. -->","yoast_head_json":{"title":"Purifying Cream 50ml - Lucia Rapetti","description":"An excellent purifying, detoxifying and oxygenating cream that re-acidifies the skin and gradually eliminates impurities, blackheads and spots.","robots":{"index":"index","follow":"follow","max-snippet":"max-snippet:-1","max-image-preview":"max-image-preview:large","max-video-preview":"max-video-preview:-1"},"canonical":"https:\/\/lucia-rapetti.com\/en\/product\/purifying-cream-50ml\/","og_locale":"en_GB","og_type":"article","og_title":"Soins Purifiants Purifying Cr\u00e8me 50ml - Lucia Rapetti","og_description":"Excellente cr\u00e8me purifiante, d\u00e9toxifiante et oxyg\u00e9nante, r\u00e9-acidifie la peau, \u00e9limine progressivement les impuret\u00e9s, les com\u00e9dons et les points noirs.","og_url":"https:\/\/lucia-rapetti.com\/en\/product\/purifying-cream-50ml\/","og_site_name":"Lucia Rapetti Laboratoire Naturel","article_publisher":"https:\/\/www.facebook.com\/luciarapettiofficial","article_modified_time":"2026-03-06T14:26:57+00:00","og_image":[{"width":1200,"height":1200,"url":"https:\/\/lucia-rapetti.com\/wp-content\/uploads\/2023\/06\/LR-sito-purifying-creme.png","type":"image\/png"}],"twitter_card":"summary_large_image","twitter_misc":{"Estimated reading time":"1 minute"},"schema":{"@context":"https:\/\/schema.org","@graph":[{"@type":"WebPage","@id":"https:\/\/lucia-rapetti.com\/product\/purifying-creme-50ml\/","url":"https:\/\/lucia-rapetti.com\/product\/purifying-creme-50ml\/","name":"Purifying Cream 50ml - Lucia Rapetti","isPartOf":{"@id":"https:\/\/lucia-rapetti.com\/#website"},"primaryImageOfPage":{"@id":"https:\/\/lucia-rapetti.com\/product\/purifying-creme-50ml\/#primaryimage"},"image":{"@id":"https:\/\/lucia-rapetti.com\/product\/purifying-creme-50ml\/#primaryimage"},"thumbnailUrl":"https:\/\/lucia-rapetti.com\/wp-content\/uploads\/2023\/06\/LR-sito-purifying-creme.png","datePublished":"2023-06-22T16:39:12+00:00","dateModified":"2026-03-06T14:26:57+00:00","description":"An excellent purifying, detoxifying and oxygenating cream that re-acidifies the skin and gradually eliminates impurities, blackheads and spots.","breadcrumb":{"@id":"https:\/\/lucia-rapetti.com\/product\/purifying-creme-50ml\/#breadcrumb"},"inLanguage":"en-GB","potentialAction":[{"@type":"ReadAction","target":["https:\/\/lucia-rapetti.com\/product\/purifying-creme-50ml\/"]}]},{"@type":"ImageObject","inLanguage":"en-GB","@id":"https:\/\/lucia-rapetti.com\/product\/purifying-creme-50ml\/#primaryimage","url":"https:\/\/lucia-rapetti.com\/wp-content\/uploads\/2023\/06\/LR-sito-purifying-creme.png","contentUrl":"https:\/\/lucia-rapetti.com\/wp-content\/uploads\/2023\/06\/LR-sito-purifying-creme.png","width":1200,"height":1200,"caption":"purifying creme detoxifiante purifiante"},{"@type":"BreadcrumbList","@id":"https:\/\/lucia-rapetti.com\/product\/purifying-creme-50ml\/#breadcrumb","itemListElement":[{"@type":"ListItem","position":1,"name":"Lucia Rapetti","item":"https:\/\/lucia-rapetti.com\/"},{"@type":"ListItem","position":2,"name":"Shop","item":"https:\/\/lucia-rapetti.com\/shop\/"},{"@type":"ListItem","position":3,"name":"Cr\u00e8mes Jour &amp; Nuit","item":"https:\/\/lucia-rapetti.com\/product-category\/cremes-jour-nuit\/"},{"@type":"ListItem","position":4,"name":"Purifying Cr\u00e8me 50ml"}]},{"@type":"WebSite","@id":"https:\/\/lucia-rapetti.com\/#website","url":"https:\/\/lucia-rapetti.com\/","name":"Lucia Rapetti Laboratoire Naturel","description":"Natural cosmetics and beauty laboratory","publisher":{"@id":"https:\/\/lucia-rapetti.com\/#organization"},"potentialAction":[{"@type":"SearchAction","target":{"@type":"EntryPoint","urlTemplate":"https:\/\/lucia-rapetti.com\/?s={search_term_string}"},"query-input":{"@type":"PropertyValueSpecification","valueRequired":true,"valueName":"search_term_string"}}],"inLanguage":"en-GB"},{"@type":"Organization","@id":"https:\/\/lucia-rapetti.com\/#organization","name":"Lucia Rapetti Laboratoire Naturel","alternateName":"LR","url":"https:\/\/lucia-rapetti.com\/","logo":{"@type":"ImageObject","inLanguage":"en-GB","@id":"https:\/\/lucia-rapetti.com\/#\/schema\/logo\/image\/","url":"https:\/\/lucia-rapetti.com\/wp-content\/uploads\/2023\/04\/cropped-lucia-rapetti-logo-1.png","contentUrl":"https:\/\/lucia-rapetti.com\/wp-content\/uploads\/2023\/04\/cropped-lucia-rapetti-logo-1.png","width":850,"height":142,"caption":"Lucia Rapetti Laboratoire Naturel"},"image":{"@id":"https:\/\/lucia-rapetti.com\/#\/schema\/logo\/image\/"},"sameAs":["https:\/\/www.facebook.com\/luciarapettiofficial","https:\/\/www.instagram.com\/luciarapettiofficial\/"]}]}},"_links":{"self":[{"href":"https:\/\/lucia-rapetti.com\/en\/wp-json\/wp\/v2\/product\/793","targetHints":{"allow":["GET"]}}],"collection":[{"href":"https:\/\/lucia-rapetti.com\/en\/wp-json\/wp\/v2\/product"}],"about":[{"href":"https:\/\/lucia-rapetti.com\/en\/wp-json\/wp\/v2\/types\/product"}],"replies":[{"embeddable":true,"href":"https:\/\/lucia-rapetti.com\/en\/wp-json\/wp\/v2\/comments?post=793"}],"version-history":[{"count":0,"href":"https:\/\/lucia-rapetti.com\/en\/wp-json\/wp\/v2\/product\/793\/revisions"}],"wp:featuredmedia":[{"embeddable":true,"href":"https:\/\/lucia-rapetti.com\/en\/wp-json\/wp\/v2\/media\/798"}],"wp:attachment":[{"href":"https:\/\/lucia-rapetti.com\/en\/wp-json\/wp\/v2\/media?parent=793"}],"wp:term":[{"taxonomy":"product_brand","embeddable":true,"href":"https:\/\/lucia-rapetti.com\/en\/wp-json\/wp\/v2\/product_brand?post=793"},{"taxonomy":"product_cat","embeddable":true,"href":"https:\/\/lucia-rapetti.com\/en\/wp-json\/wp\/v2\/product_cat?post=793"},{"taxonomy":"product_tag","embeddable":true,"href":"https:\/\/lucia-rapetti.com\/en\/wp-json\/wp\/v2\/product_tag?post=793"}],"curies":[{"name":"wp","href":"https:\/\/api.w.org\/{rel}","templated":true}]}}