{"id":2725,"date":"2023-09-12T11:24:54","date_gmt":"2023-09-12T09:24:54","guid":{"rendered":"https:\/\/client.comanddesign.com\/?post_type=product&#038;p=2725"},"modified":"2025-07-08T08:25:27","modified_gmt":"2025-07-08T06:25:27","slug":"pro-age-skin-60-gelules","status":"publish","type":"product","link":"https:\/\/lucia-rapetti.com\/en\/product\/pro-age-skin-60-gelules\/","title":{"rendered":"Pro Age Skin 60 Capsules"},"content":{"rendered":"<p class=\"p1\">HYDROLYSED MARINE COLLAGEN: amino acids for rebuilding skin collagen.<span class=\"Apple-converted-space\"><br \/>\n<\/span>HYALURONIC ACID: deep hydration, skin elasticity.<br \/>\nOMEGA-3PHOSPHOLIPIDS: cell balance.<br \/>\nDHA, EPA:<span class=\"Apple-converted-space\">\u00a0 <\/span>powerful natural antioxidants.<span class=\"Apple-converted-space\"><br \/>\n<\/span>RESVERATROL-rich RASIN PEPIN: a powerful natural antioxidant.<br \/>\n<span class=\"Apple-converted-space\">LACTOBACILLUR RHAMNOSUS: helps protect the skin from pathogens.\u00a0 \u00a0 \u00a0 \u00a0 \u00a0 \u00a0 \u00a0 \u00a0 \u00a0 \u00a0 \u00a0 \u00a0 \u00a0 \u00a0 \u00a0 \u00a0 \u00a0 \u00a0 \u00a0 \u00a0 \u00a0 \u00a0 \u00a0 \u00a0 \u00a0 \u00a0 \u00a0 \u00a0 \u00a0 \u00a0 \u00a0 \u00a0 \u00a0 \u00a0 \u00a0 \u00a0 \u00a0<\/span><\/p>","protected":false},"excerpt":{"rendered":"<p class=\"p1\">Helps the skin to defend itself against environmental aggression, protecting it from oxidative stress and acting as a barrier to premature ageing.<\/p>","protected":false},"featured_media":14674,"comment_status":"open","ping_status":"closed","template":"","meta":{"_acf_changed":false,"site-sidebar-layout":"default","site-content-layout":"default","ast-site-content-layout":"default","site-content-style":"default","site-sidebar-style":"default","ast-global-header-display":"","ast-banner-title-visibility":"","ast-main-header-display":"","ast-hfb-above-header-display":"","ast-hfb-below-header-display":"","ast-hfb-mobile-header-display":"","site-post-title":"","ast-breadcrumbs-content":"","ast-featured-img":"","footer-sml-layout":"","ast-disable-related-posts":"","theme-transparent-header-meta":"default","adv-header-id-meta":"","stick-header-meta":"","header-above-stick-meta":"","header-main-stick-meta":"","header-below-stick-meta":"","astra-migrate-meta-layouts":"set","ast-page-background-enabled":"default","ast-page-background-meta":{"desktop":{"background-color":"var(--ast-global-color-4)","background-image":"","background-repeat":"repeat","background-position":"center center","background-size":"auto","background-attachment":"scroll","background-type":"","background-media":"","overlay-type":"","overlay-color":"","overlay-opacity":"","overlay-gradient":""},"tablet":{"background-color":"","background-image":"","background-repeat":"repeat","background-position":"center center","background-size":"auto","background-attachment":"scroll","background-type":"","background-media":"","overlay-type":"","overlay-color":"","overlay-opacity":"","overlay-gradient":""},"mobile":{"background-color":"","background-image":"","background-repeat":"repeat","background-position":"center center","background-size":"auto","background-attachment":"scroll","background-type":"","background-media":"","overlay-type":"","overlay-color":"","overlay-opacity":"","overlay-gradient":""}},"ast-content-background-meta":{"desktop":{"background-color":"var(--ast-global-color-5)","background-image":"","background-repeat":"repeat","background-position":"center center","background-size":"auto","background-attachment":"scroll","background-type":"","background-media":"","overlay-type":"","overlay-color":"","overlay-opacity":"","overlay-gradient":""},"tablet":{"background-color":"var(--ast-global-color-5)","background-image":"","background-repeat":"repeat","background-position":"center center","background-size":"auto","background-attachment":"scroll","background-type":"","background-media":"","overlay-type":"","overlay-color":"","overlay-opacity":"","overlay-gradient":""},"mobile":{"background-color":"var(--ast-global-color-5)","background-image":"","background-repeat":"repeat","background-position":"center center","background-size":"auto","background-attachment":"scroll","background-type":"","background-media":"","overlay-type":"","overlay-color":"","overlay-opacity":"","overlay-gradient":""}}},"product_brand":[],"product_cat":[83,91,95],"product_tag":[],"class_list":{"0":"post-2725","1":"product","2":"type-product","3":"status-publish","4":"has-post-thumbnail","6":"product_cat-complements-alimentaires-age-soleil","7":"product_cat-complements-alimentaires-skin","8":"product_cat-pro-age-skin","9":"desktop-align-left","10":"tablet-align-left","11":"mobile-align-left","12":"ast-product-gallery-layout-vertical-slider","13":"ast-product-gallery-with-no-image","14":"ast-product-tabs-layout-horizontal","15":"ast-qv-on-image","17":"first","18":"outofstock","19":"taxable","20":"shipping-taxable","21":"purchasable","22":"product-type-simple"},"acf":[],"yoast_head":"<!-- This site is optimized with the Yoast SEO plugin v27.4 - https:\/\/yoast.com\/product\/yoast-seo-wordpress\/ -->\n<title>Pro Age Skin 60 G\u00e9lules - Lucia Rapetti<\/title>\n<meta name=\"description\" content=\"Aide la peu \u00e0 se d\u00e9fendre des agressions environnantes, la prot\u00e8ge du stress oxydatif faisant barri\u00e8re au vieillissement pr\u00e9matur\u00e9.\" \/>\n<meta name=\"robots\" content=\"index, follow, max-snippet:-1, max-image-preview:large, max-video-preview:-1\" \/>\n<link rel=\"canonical\" href=\"https:\/\/lucia-rapetti.com\/en\/product\/pro-age-skin-60-gelules\/\" \/>\n<meta property=\"og:locale\" content=\"en_GB\" \/>\n<meta property=\"og:type\" content=\"article\" \/>\n<meta property=\"og:title\" content=\"Pro Age Skin 60 G\u00e9lules - Lucia Rapetti\" \/>\n<meta property=\"og:description\" content=\"Aide la peu \u00e0 se d\u00e9fendre des agressions environnantes, la prot\u00e8ge du stress oxydatif faisant barri\u00e8re au vieillissement pr\u00e9matur\u00e9.\" \/>\n<meta property=\"og:url\" content=\"https:\/\/lucia-rapetti.com\/en\/product\/pro-age-skin-60-gelules\/\" \/>\n<meta property=\"og:site_name\" content=\"Lucia Rapetti Laboratoire Naturel\" \/>\n<meta property=\"article:publisher\" content=\"https:\/\/www.facebook.com\/luciarapettiofficial\" \/>\n<meta property=\"article:modified_time\" content=\"2025-07-08T06:25:27+00:00\" \/>\n<meta property=\"og:image\" content=\"https:\/\/lucia-rapetti.com\/wp-content\/uploads\/2024\/03\/LR-sito-pro-age-skin2.png\" \/>\n\t<meta property=\"og:image:width\" content=\"1200\" \/>\n\t<meta property=\"og:image:height\" content=\"1200\" \/>\n\t<meta property=\"og:image:type\" content=\"image\/png\" \/>\n<meta name=\"twitter:card\" content=\"summary_large_image\" \/>\n<meta name=\"twitter:label1\" content=\"Estimated reading time\" \/>\n\t<meta name=\"twitter:data1\" content=\"1 minute\" \/>\n<script type=\"application\/ld+json\" class=\"yoast-schema-graph\">{\"@context\":\"https:\\\/\\\/schema.org\",\"@graph\":[{\"@type\":\"WebPage\",\"@id\":\"https:\\\/\\\/lucia-rapetti.com\\\/product\\\/pro-age-skin-60-gelules\\\/\",\"url\":\"https:\\\/\\\/lucia-rapetti.com\\\/product\\\/pro-age-skin-60-gelules\\\/\",\"name\":\"Pro Age Skin 60 G\u00e9lules - Lucia Rapetti\",\"isPartOf\":{\"@id\":\"https:\\\/\\\/lucia-rapetti.com\\\/#website\"},\"primaryImageOfPage\":{\"@id\":\"https:\\\/\\\/lucia-rapetti.com\\\/product\\\/pro-age-skin-60-gelules\\\/#primaryimage\"},\"image\":{\"@id\":\"https:\\\/\\\/lucia-rapetti.com\\\/product\\\/pro-age-skin-60-gelules\\\/#primaryimage\"},\"thumbnailUrl\":\"https:\\\/\\\/lucia-rapetti.com\\\/wp-content\\\/uploads\\\/2024\\\/03\\\/LR-sito-pro-age-skin2.png\",\"datePublished\":\"2023-09-12T09:24:54+00:00\",\"dateModified\":\"2025-07-08T06:25:27+00:00\",\"description\":\"Aide la peu \u00e0 se d\u00e9fendre des agressions environnantes, la prot\u00e8ge du stress oxydatif faisant barri\u00e8re au vieillissement pr\u00e9matur\u00e9.\",\"breadcrumb\":{\"@id\":\"https:\\\/\\\/lucia-rapetti.com\\\/product\\\/pro-age-skin-60-gelules\\\/#breadcrumb\"},\"inLanguage\":\"en-GB\",\"potentialAction\":[{\"@type\":\"ReadAction\",\"target\":[\"https:\\\/\\\/lucia-rapetti.com\\\/product\\\/pro-age-skin-60-gelules\\\/\"]}]},{\"@type\":\"ImageObject\",\"inLanguage\":\"en-GB\",\"@id\":\"https:\\\/\\\/lucia-rapetti.com\\\/product\\\/pro-age-skin-60-gelules\\\/#primaryimage\",\"url\":\"https:\\\/\\\/lucia-rapetti.com\\\/wp-content\\\/uploads\\\/2024\\\/03\\\/LR-sito-pro-age-skin2.png\",\"contentUrl\":\"https:\\\/\\\/lucia-rapetti.com\\\/wp-content\\\/uploads\\\/2024\\\/03\\\/LR-sito-pro-age-skin2.png\",\"width\":1200,\"height\":1200,\"caption\":\"pro age skin\"},{\"@type\":\"BreadcrumbList\",\"@id\":\"https:\\\/\\\/lucia-rapetti.com\\\/product\\\/pro-age-skin-60-gelules\\\/#breadcrumb\",\"itemListElement\":[{\"@type\":\"ListItem\",\"position\":1,\"name\":\"Lucia Rapetti\",\"item\":\"https:\\\/\\\/lucia-rapetti.com\\\/\"},{\"@type\":\"ListItem\",\"position\":2,\"name\":\"Shop\",\"item\":\"https:\\\/\\\/lucia-rapetti.com\\\/shop\\\/\"},{\"@type\":\"ListItem\",\"position\":3,\"name\":\"Compl\u00e9ments Alimentaires\",\"item\":\"https:\\\/\\\/lucia-rapetti.com\\\/product-category\\\/complements-alimentaires\\\/\"},{\"@type\":\"ListItem\",\"position\":4,\"name\":\"Compl\u00e9ments Alimentaires Age &amp; Soleil\",\"item\":\"https:\\\/\\\/lucia-rapetti.com\\\/product-category\\\/complements-alimentaires\\\/complements-alimentaires-age-soleil\\\/\"},{\"@type\":\"ListItem\",\"position\":5,\"name\":\"Pro Age Skin 60 G\u00e9lules\"}]},{\"@type\":\"WebSite\",\"@id\":\"https:\\\/\\\/lucia-rapetti.com\\\/#website\",\"url\":\"https:\\\/\\\/lucia-rapetti.com\\\/\",\"name\":\"Lucia Rapetti Laboratoire Naturel\",\"description\":\"Laboratoire de cosm\u00e9tique naturel et beaut\u00e9\",\"publisher\":{\"@id\":\"https:\\\/\\\/lucia-rapetti.com\\\/#organization\"},\"potentialAction\":[{\"@type\":\"SearchAction\",\"target\":{\"@type\":\"EntryPoint\",\"urlTemplate\":\"https:\\\/\\\/lucia-rapetti.com\\\/?s={search_term_string}\"},\"query-input\":{\"@type\":\"PropertyValueSpecification\",\"valueRequired\":true,\"valueName\":\"search_term_string\"}}],\"inLanguage\":\"en-GB\"},{\"@type\":\"Organization\",\"@id\":\"https:\\\/\\\/lucia-rapetti.com\\\/#organization\",\"name\":\"Lucia Rapetti Laboratoire Naturel\",\"alternateName\":\"LR\",\"url\":\"https:\\\/\\\/lucia-rapetti.com\\\/\",\"logo\":{\"@type\":\"ImageObject\",\"inLanguage\":\"en-GB\",\"@id\":\"https:\\\/\\\/lucia-rapetti.com\\\/#\\\/schema\\\/logo\\\/image\\\/\",\"url\":\"https:\\\/\\\/lucia-rapetti.com\\\/wp-content\\\/uploads\\\/2023\\\/04\\\/cropped-lucia-rapetti-logo-1.png\",\"contentUrl\":\"https:\\\/\\\/lucia-rapetti.com\\\/wp-content\\\/uploads\\\/2023\\\/04\\\/cropped-lucia-rapetti-logo-1.png\",\"width\":850,\"height\":142,\"caption\":\"Lucia Rapetti Laboratoire Naturel\"},\"image\":{\"@id\":\"https:\\\/\\\/lucia-rapetti.com\\\/#\\\/schema\\\/logo\\\/image\\\/\"},\"sameAs\":[\"https:\\\/\\\/www.facebook.com\\\/luciarapettiofficial\",\"https:\\\/\\\/www.instagram.com\\\/luciarapettiofficial\\\/\"]}]}<\/script>\n<!-- \/ Yoast SEO plugin. -->","yoast_head_json":{"title":"Pro Age Skin 60 Capsules - Lucia Rapetti","description":"Helps the skin to defend itself against environmental aggression, protecting it from oxidative stress and acting as a barrier to premature ageing.","robots":{"index":"index","follow":"follow","max-snippet":"max-snippet:-1","max-image-preview":"max-image-preview:large","max-video-preview":"max-video-preview:-1"},"canonical":"https:\/\/lucia-rapetti.com\/en\/product\/pro-age-skin-60-gelules\/","og_locale":"en_GB","og_type":"article","og_title":"Pro Age Skin 60 G\u00e9lules - Lucia Rapetti","og_description":"Aide la peu \u00e0 se d\u00e9fendre des agressions environnantes, la prot\u00e8ge du stress oxydatif faisant barri\u00e8re au vieillissement pr\u00e9matur\u00e9.","og_url":"https:\/\/lucia-rapetti.com\/en\/product\/pro-age-skin-60-gelules\/","og_site_name":"Lucia Rapetti Laboratoire Naturel","article_publisher":"https:\/\/www.facebook.com\/luciarapettiofficial","article_modified_time":"2025-07-08T06:25:27+00:00","og_image":[{"width":1200,"height":1200,"url":"https:\/\/lucia-rapetti.com\/wp-content\/uploads\/2024\/03\/LR-sito-pro-age-skin2.png","type":"image\/png"}],"twitter_card":"summary_large_image","twitter_misc":{"Estimated reading time":"1 minute"},"schema":{"@context":"https:\/\/schema.org","@graph":[{"@type":"WebPage","@id":"https:\/\/lucia-rapetti.com\/product\/pro-age-skin-60-gelules\/","url":"https:\/\/lucia-rapetti.com\/product\/pro-age-skin-60-gelules\/","name":"Pro Age Skin 60 Capsules - Lucia Rapetti","isPartOf":{"@id":"https:\/\/lucia-rapetti.com\/#website"},"primaryImageOfPage":{"@id":"https:\/\/lucia-rapetti.com\/product\/pro-age-skin-60-gelules\/#primaryimage"},"image":{"@id":"https:\/\/lucia-rapetti.com\/product\/pro-age-skin-60-gelules\/#primaryimage"},"thumbnailUrl":"https:\/\/lucia-rapetti.com\/wp-content\/uploads\/2024\/03\/LR-sito-pro-age-skin2.png","datePublished":"2023-09-12T09:24:54+00:00","dateModified":"2025-07-08T06:25:27+00:00","description":"Helps the skin to defend itself against environmental aggression, protecting it from oxidative stress and acting as a barrier to premature ageing.","breadcrumb":{"@id":"https:\/\/lucia-rapetti.com\/product\/pro-age-skin-60-gelules\/#breadcrumb"},"inLanguage":"en-GB","potentialAction":[{"@type":"ReadAction","target":["https:\/\/lucia-rapetti.com\/product\/pro-age-skin-60-gelules\/"]}]},{"@type":"ImageObject","inLanguage":"en-GB","@id":"https:\/\/lucia-rapetti.com\/product\/pro-age-skin-60-gelules\/#primaryimage","url":"https:\/\/lucia-rapetti.com\/wp-content\/uploads\/2024\/03\/LR-sito-pro-age-skin2.png","contentUrl":"https:\/\/lucia-rapetti.com\/wp-content\/uploads\/2024\/03\/LR-sito-pro-age-skin2.png","width":1200,"height":1200,"caption":"pro age skin"},{"@type":"BreadcrumbList","@id":"https:\/\/lucia-rapetti.com\/product\/pro-age-skin-60-gelules\/#breadcrumb","itemListElement":[{"@type":"ListItem","position":1,"name":"Lucia Rapetti","item":"https:\/\/lucia-rapetti.com\/"},{"@type":"ListItem","position":2,"name":"Shop","item":"https:\/\/lucia-rapetti.com\/shop\/"},{"@type":"ListItem","position":3,"name":"Compl\u00e9ments Alimentaires","item":"https:\/\/lucia-rapetti.com\/product-category\/complements-alimentaires\/"},{"@type":"ListItem","position":4,"name":"Compl\u00e9ments Alimentaires Age &amp; Soleil","item":"https:\/\/lucia-rapetti.com\/product-category\/complements-alimentaires\/complements-alimentaires-age-soleil\/"},{"@type":"ListItem","position":5,"name":"Pro Age Skin 60 G\u00e9lules"}]},{"@type":"WebSite","@id":"https:\/\/lucia-rapetti.com\/#website","url":"https:\/\/lucia-rapetti.com\/","name":"Lucia Rapetti Laboratoire Naturel","description":"Natural cosmetics and beauty laboratory","publisher":{"@id":"https:\/\/lucia-rapetti.com\/#organization"},"potentialAction":[{"@type":"SearchAction","target":{"@type":"EntryPoint","urlTemplate":"https:\/\/lucia-rapetti.com\/?s={search_term_string}"},"query-input":{"@type":"PropertyValueSpecification","valueRequired":true,"valueName":"search_term_string"}}],"inLanguage":"en-GB"},{"@type":"Organization","@id":"https:\/\/lucia-rapetti.com\/#organization","name":"Lucia Rapetti Laboratoire Naturel","alternateName":"LR","url":"https:\/\/lucia-rapetti.com\/","logo":{"@type":"ImageObject","inLanguage":"en-GB","@id":"https:\/\/lucia-rapetti.com\/#\/schema\/logo\/image\/","url":"https:\/\/lucia-rapetti.com\/wp-content\/uploads\/2023\/04\/cropped-lucia-rapetti-logo-1.png","contentUrl":"https:\/\/lucia-rapetti.com\/wp-content\/uploads\/2023\/04\/cropped-lucia-rapetti-logo-1.png","width":850,"height":142,"caption":"Lucia Rapetti Laboratoire Naturel"},"image":{"@id":"https:\/\/lucia-rapetti.com\/#\/schema\/logo\/image\/"},"sameAs":["https:\/\/www.facebook.com\/luciarapettiofficial","https:\/\/www.instagram.com\/luciarapettiofficial\/"]}]}},"_links":{"self":[{"href":"https:\/\/lucia-rapetti.com\/en\/wp-json\/wp\/v2\/product\/2725","targetHints":{"allow":["GET"]}}],"collection":[{"href":"https:\/\/lucia-rapetti.com\/en\/wp-json\/wp\/v2\/product"}],"about":[{"href":"https:\/\/lucia-rapetti.com\/en\/wp-json\/wp\/v2\/types\/product"}],"replies":[{"embeddable":true,"href":"https:\/\/lucia-rapetti.com\/en\/wp-json\/wp\/v2\/comments?post=2725"}],"version-history":[{"count":0,"href":"https:\/\/lucia-rapetti.com\/en\/wp-json\/wp\/v2\/product\/2725\/revisions"}],"wp:featuredmedia":[{"embeddable":true,"href":"https:\/\/lucia-rapetti.com\/en\/wp-json\/wp\/v2\/media\/14674"}],"wp:attachment":[{"href":"https:\/\/lucia-rapetti.com\/en\/wp-json\/wp\/v2\/media?parent=2725"}],"wp:term":[{"taxonomy":"product_brand","embeddable":true,"href":"https:\/\/lucia-rapetti.com\/en\/wp-json\/wp\/v2\/product_brand?post=2725"},{"taxonomy":"product_cat","embeddable":true,"href":"https:\/\/lucia-rapetti.com\/en\/wp-json\/wp\/v2\/product_cat?post=2725"},{"taxonomy":"product_tag","embeddable":true,"href":"https:\/\/lucia-rapetti.com\/en\/wp-json\/wp\/v2\/product_tag?post=2725"}],"curies":[{"name":"wp","href":"https:\/\/api.w.org\/{rel}","templated":true}]}}