{"id":1306,"date":"2023-06-29T20:33:04","date_gmt":"2023-06-29T18:33:04","guid":{"rendered":"https:\/\/client.comanddesign.com\/?post_type=product&#038;p=1306"},"modified":"2026-03-06T14:44:15","modified_gmt":"2026-03-06T13:44:15","slug":"lipoactive-slimming-cream-200ml","status":"publish","type":"product","link":"https:\/\/lucia-rapetti.com\/en\/product\/lipoactive-slimming-cream-200ml\/","title":{"rendered":"Lipoactive Slimming Cream 200ml"},"content":{"rendered":"<p class=\"p1\">CRICTUM MARITIMUM: slimming, decongesting.<br \/>\nPALMARIA PALMATA: stimulates micro-circulation.<br \/>\nPOGOSTEMON CABLIN: draining, decongesting.<br \/>\nSPACELARIA<span class=\"Apple-converted-space\">\u00a0 <\/span>SCOPARIA: slimming.<\/p>","protected":false},"excerpt":{"rendered":"<p class=\"p1\">A unique complex of marine and terrestrial plant extracts, essential oils and slimming active ingredients. Acts directly on superfluous fat, reduces dimpled skin and shapes the figure in just one daily step.<\/p>","protected":false},"featured_media":14635,"comment_status":"open","ping_status":"closed","template":"","meta":{"_acf_changed":false,"site-sidebar-layout":"default","site-content-layout":"default","ast-site-content-layout":"default","site-content-style":"default","site-sidebar-style":"default","ast-global-header-display":"","ast-banner-title-visibility":"","ast-main-header-display":"","ast-hfb-above-header-display":"","ast-hfb-below-header-display":"","ast-hfb-mobile-header-display":"","site-post-title":"","ast-breadcrumbs-content":"","ast-featured-img":"","footer-sml-layout":"","ast-disable-related-posts":"","theme-transparent-header-meta":"default","adv-header-id-meta":"","stick-header-meta":"","header-above-stick-meta":"","header-main-stick-meta":"","header-below-stick-meta":"","astra-migrate-meta-layouts":"set","ast-page-background-enabled":"default","ast-page-background-meta":{"desktop":{"background-color":"var(--ast-global-color-4)","background-image":"","background-repeat":"repeat","background-position":"center center","background-size":"auto","background-attachment":"scroll","background-type":"","background-media":"","overlay-type":"","overlay-color":"","overlay-opacity":"","overlay-gradient":""},"tablet":{"background-color":"","background-image":"","background-repeat":"repeat","background-position":"center center","background-size":"auto","background-attachment":"scroll","background-type":"","background-media":"","overlay-type":"","overlay-color":"","overlay-opacity":"","overlay-gradient":""},"mobile":{"background-color":"","background-image":"","background-repeat":"repeat","background-position":"center center","background-size":"auto","background-attachment":"scroll","background-type":"","background-media":"","overlay-type":"","overlay-color":"","overlay-opacity":"","overlay-gradient":""}},"ast-content-background-meta":{"desktop":{"background-color":"var(--ast-global-color-5)","background-image":"","background-repeat":"repeat","background-position":"center center","background-size":"auto","background-attachment":"scroll","background-type":"","background-media":"","overlay-type":"","overlay-color":"","overlay-opacity":"","overlay-gradient":""},"tablet":{"background-color":"var(--ast-global-color-5)","background-image":"","background-repeat":"repeat","background-position":"center center","background-size":"auto","background-attachment":"scroll","background-type":"","background-media":"","overlay-type":"","overlay-color":"","overlay-opacity":"","overlay-gradient":""},"mobile":{"background-color":"var(--ast-global-color-5)","background-image":"","background-repeat":"repeat","background-position":"center center","background-size":"auto","background-attachment":"scroll","background-type":"","background-media":"","overlay-type":"","overlay-color":"","overlay-opacity":"","overlay-gradient":""}}},"product_brand":[],"product_cat":[39],"product_tag":[],"class_list":{"0":"post-1306","1":"product","2":"type-product","3":"status-publish","4":"has-post-thumbnail","6":"product_cat-amincissants-anti-cellulite","7":"desktop-align-left","8":"tablet-align-left","9":"mobile-align-left","10":"ast-product-gallery-layout-vertical-slider","11":"ast-product-tabs-layout-horizontal","12":"ast-qv-on-image","14":"first","15":"instock","16":"taxable","17":"shipping-taxable","18":"purchasable","19":"product-type-simple"},"acf":[],"yoast_head":"<!-- This site is optimized with the Yoast SEO plugin v27.5 - https:\/\/yoast.com\/product\/yoast-seo-wordpress\/ -->\n<title>Amincissant Cr\u00e8me Lipoactif Minceur 200ml - Lucia Rapetti<\/title>\n<meta name=\"description\" content=\"Complexe d\u2019extraits v\u00e9g\u00e9taux marins et terrestres, huiles essentielles et actifs amincissants. Agit sur les graisses superflues et mod\u00e8le la silhouette.\" \/>\n<meta name=\"robots\" content=\"index, follow, max-snippet:-1, max-image-preview:large, max-video-preview:-1\" \/>\n<link rel=\"canonical\" href=\"https:\/\/lucia-rapetti.com\/en\/product\/lipoactive-slimming-cream-200ml\/\" \/>\n<meta property=\"og:locale\" content=\"en_GB\" \/>\n<meta property=\"og:type\" content=\"article\" \/>\n<meta property=\"og:title\" content=\"Amincissant Cr\u00e8me Lipoactif Minceur 200ml - Lucia Rapetti\" \/>\n<meta property=\"og:description\" content=\"Complexe d\u2019extraits v\u00e9g\u00e9taux marins et terrestres, huiles essentielles et actifs amincissants. Agit sur les graisses superflues et mod\u00e8le la silhouette.\" \/>\n<meta property=\"og:url\" content=\"https:\/\/lucia-rapetti.com\/en\/product\/lipoactive-slimming-cream-200ml\/\" \/>\n<meta property=\"og:site_name\" content=\"Lucia Rapetti Laboratoire Naturel\" \/>\n<meta property=\"article:publisher\" content=\"https:\/\/www.facebook.com\/luciarapettiofficial\" \/>\n<meta property=\"article:modified_time\" content=\"2026-03-06T13:44:15+00:00\" \/>\n<meta property=\"og:image\" content=\"https:\/\/lucia-rapetti.com\/wp-content\/uploads\/2023\/06\/LR-sito-creme-lipoactif-1-1.png\" \/>\n\t<meta property=\"og:image:width\" content=\"1200\" \/>\n\t<meta property=\"og:image:height\" content=\"1200\" \/>\n\t<meta property=\"og:image:type\" content=\"image\/png\" \/>\n<meta name=\"twitter:card\" content=\"summary_large_image\" \/>\n<meta name=\"twitter:label1\" content=\"Estimated reading time\" \/>\n\t<meta name=\"twitter:data1\" content=\"1 minute\" \/>\n<script type=\"application\/ld+json\" class=\"yoast-schema-graph\">{\"@context\":\"https:\\\/\\\/schema.org\",\"@graph\":[{\"@type\":\"WebPage\",\"@id\":\"https:\\\/\\\/lucia-rapetti.com\\\/product\\\/creme-lipoactif-minceur-200ml\\\/\",\"url\":\"https:\\\/\\\/lucia-rapetti.com\\\/product\\\/creme-lipoactif-minceur-200ml\\\/\",\"name\":\"Amincissant Cr\u00e8me Lipoactif Minceur 200ml - Lucia Rapetti\",\"isPartOf\":{\"@id\":\"https:\\\/\\\/lucia-rapetti.com\\\/#website\"},\"primaryImageOfPage\":{\"@id\":\"https:\\\/\\\/lucia-rapetti.com\\\/product\\\/creme-lipoactif-minceur-200ml\\\/#primaryimage\"},\"image\":{\"@id\":\"https:\\\/\\\/lucia-rapetti.com\\\/product\\\/creme-lipoactif-minceur-200ml\\\/#primaryimage\"},\"thumbnailUrl\":\"https:\\\/\\\/lucia-rapetti.com\\\/wp-content\\\/uploads\\\/2023\\\/06\\\/LR-sito-creme-lipoactif-1-1.png\",\"datePublished\":\"2023-06-29T18:33:04+00:00\",\"dateModified\":\"2026-03-06T13:44:15+00:00\",\"description\":\"Complexe d\u2019extraits v\u00e9g\u00e9taux marins et terrestres, huiles essentielles et actifs amincissants. Agit sur les graisses superflues et mod\u00e8le la silhouette.\",\"breadcrumb\":{\"@id\":\"https:\\\/\\\/lucia-rapetti.com\\\/product\\\/creme-lipoactif-minceur-200ml\\\/#breadcrumb\"},\"inLanguage\":\"en-GB\",\"potentialAction\":[{\"@type\":\"ReadAction\",\"target\":[\"https:\\\/\\\/lucia-rapetti.com\\\/product\\\/creme-lipoactif-minceur-200ml\\\/\"]}]},{\"@type\":\"ImageObject\",\"inLanguage\":\"en-GB\",\"@id\":\"https:\\\/\\\/lucia-rapetti.com\\\/product\\\/creme-lipoactif-minceur-200ml\\\/#primaryimage\",\"url\":\"https:\\\/\\\/lucia-rapetti.com\\\/wp-content\\\/uploads\\\/2023\\\/06\\\/LR-sito-creme-lipoactif-1-1.png\",\"contentUrl\":\"https:\\\/\\\/lucia-rapetti.com\\\/wp-content\\\/uploads\\\/2023\\\/06\\\/LR-sito-creme-lipoactif-1-1.png\",\"width\":1200,\"height\":1200,\"caption\":\"creme lipoactif minceur\"},{\"@type\":\"BreadcrumbList\",\"@id\":\"https:\\\/\\\/lucia-rapetti.com\\\/product\\\/creme-lipoactif-minceur-200ml\\\/#breadcrumb\",\"itemListElement\":[{\"@type\":\"ListItem\",\"position\":1,\"name\":\"Lucia Rapetti\",\"item\":\"https:\\\/\\\/lucia-rapetti.com\\\/\"},{\"@type\":\"ListItem\",\"position\":2,\"name\":\"Shop\",\"item\":\"https:\\\/\\\/lucia-rapetti.com\\\/shop\\\/\"},{\"@type\":\"ListItem\",\"position\":3,\"name\":\"Ecologica \u2013 Soins Corps\",\"item\":\"https:\\\/\\\/lucia-rapetti.com\\\/product-category\\\/ecologica-soins-corps\\\/\"},{\"@type\":\"ListItem\",\"position\":4,\"name\":\"Soins Amincissants \\\/ Anti-Cellulite\",\"item\":\"https:\\\/\\\/lucia-rapetti.com\\\/product-category\\\/ecologica-soins-corps\\\/amincissants-anti-cellulite\\\/\"},{\"@type\":\"ListItem\",\"position\":5,\"name\":\"Cr\u00e8me Lipoactif Minceur 200ml\"}]},{\"@type\":\"WebSite\",\"@id\":\"https:\\\/\\\/lucia-rapetti.com\\\/#website\",\"url\":\"https:\\\/\\\/lucia-rapetti.com\\\/\",\"name\":\"Lucia Rapetti Laboratoire Naturel\",\"description\":\"Laboratoire de cosm\u00e9tique naturel et beaut\u00e9\",\"publisher\":{\"@id\":\"https:\\\/\\\/lucia-rapetti.com\\\/#organization\"},\"potentialAction\":[{\"@type\":\"SearchAction\",\"target\":{\"@type\":\"EntryPoint\",\"urlTemplate\":\"https:\\\/\\\/lucia-rapetti.com\\\/?s={search_term_string}\"},\"query-input\":{\"@type\":\"PropertyValueSpecification\",\"valueRequired\":true,\"valueName\":\"search_term_string\"}}],\"inLanguage\":\"en-GB\"},{\"@type\":\"Organization\",\"@id\":\"https:\\\/\\\/lucia-rapetti.com\\\/#organization\",\"name\":\"Lucia Rapetti Laboratoire Naturel\",\"alternateName\":\"LR\",\"url\":\"https:\\\/\\\/lucia-rapetti.com\\\/\",\"logo\":{\"@type\":\"ImageObject\",\"inLanguage\":\"en-GB\",\"@id\":\"https:\\\/\\\/lucia-rapetti.com\\\/#\\\/schema\\\/logo\\\/image\\\/\",\"url\":\"https:\\\/\\\/lucia-rapetti.com\\\/wp-content\\\/uploads\\\/2023\\\/04\\\/cropped-lucia-rapetti-logo-1.png\",\"contentUrl\":\"https:\\\/\\\/lucia-rapetti.com\\\/wp-content\\\/uploads\\\/2023\\\/04\\\/cropped-lucia-rapetti-logo-1.png\",\"width\":850,\"height\":142,\"caption\":\"Lucia Rapetti Laboratoire Naturel\"},\"image\":{\"@id\":\"https:\\\/\\\/lucia-rapetti.com\\\/#\\\/schema\\\/logo\\\/image\\\/\"},\"sameAs\":[\"https:\\\/\\\/www.facebook.com\\\/luciarapettiofficial\",\"https:\\\/\\\/www.instagram.com\\\/luciarapettiofficial\\\/\"]}]}<\/script>\n<!-- \/ Yoast SEO plugin. -->","yoast_head_json":{"title":"Slimming Lipoactive Cream 200ml - Lucia Rapetti","description":"Complex of marine and terrestrial plant extracts, essential oils and slimming active ingredients. Acts on superfluous fat and shapes the figure.","robots":{"index":"index","follow":"follow","max-snippet":"max-snippet:-1","max-image-preview":"max-image-preview:large","max-video-preview":"max-video-preview:-1"},"canonical":"https:\/\/lucia-rapetti.com\/en\/product\/lipoactive-slimming-cream-200ml\/","og_locale":"en_GB","og_type":"article","og_title":"Amincissant Cr\u00e8me Lipoactif Minceur 200ml - Lucia Rapetti","og_description":"Complexe d\u2019extraits v\u00e9g\u00e9taux marins et terrestres, huiles essentielles et actifs amincissants. Agit sur les graisses superflues et mod\u00e8le la silhouette.","og_url":"https:\/\/lucia-rapetti.com\/en\/product\/lipoactive-slimming-cream-200ml\/","og_site_name":"Lucia Rapetti Laboratoire Naturel","article_publisher":"https:\/\/www.facebook.com\/luciarapettiofficial","article_modified_time":"2026-03-06T13:44:15+00:00","og_image":[{"width":1200,"height":1200,"url":"https:\/\/lucia-rapetti.com\/wp-content\/uploads\/2023\/06\/LR-sito-creme-lipoactif-1-1.png","type":"image\/png"}],"twitter_card":"summary_large_image","twitter_misc":{"Estimated reading time":"1 minute"},"schema":{"@context":"https:\/\/schema.org","@graph":[{"@type":"WebPage","@id":"https:\/\/lucia-rapetti.com\/product\/creme-lipoactif-minceur-200ml\/","url":"https:\/\/lucia-rapetti.com\/product\/creme-lipoactif-minceur-200ml\/","name":"Slimming Lipoactive Cream 200ml - Lucia Rapetti","isPartOf":{"@id":"https:\/\/lucia-rapetti.com\/#website"},"primaryImageOfPage":{"@id":"https:\/\/lucia-rapetti.com\/product\/creme-lipoactif-minceur-200ml\/#primaryimage"},"image":{"@id":"https:\/\/lucia-rapetti.com\/product\/creme-lipoactif-minceur-200ml\/#primaryimage"},"thumbnailUrl":"https:\/\/lucia-rapetti.com\/wp-content\/uploads\/2023\/06\/LR-sito-creme-lipoactif-1-1.png","datePublished":"2023-06-29T18:33:04+00:00","dateModified":"2026-03-06T13:44:15+00:00","description":"Complex of marine and terrestrial plant extracts, essential oils and slimming active ingredients. Acts on superfluous fat and shapes the figure.","breadcrumb":{"@id":"https:\/\/lucia-rapetti.com\/product\/creme-lipoactif-minceur-200ml\/#breadcrumb"},"inLanguage":"en-GB","potentialAction":[{"@type":"ReadAction","target":["https:\/\/lucia-rapetti.com\/product\/creme-lipoactif-minceur-200ml\/"]}]},{"@type":"ImageObject","inLanguage":"en-GB","@id":"https:\/\/lucia-rapetti.com\/product\/creme-lipoactif-minceur-200ml\/#primaryimage","url":"https:\/\/lucia-rapetti.com\/wp-content\/uploads\/2023\/06\/LR-sito-creme-lipoactif-1-1.png","contentUrl":"https:\/\/lucia-rapetti.com\/wp-content\/uploads\/2023\/06\/LR-sito-creme-lipoactif-1-1.png","width":1200,"height":1200,"caption":"creme lipoactif minceur"},{"@type":"BreadcrumbList","@id":"https:\/\/lucia-rapetti.com\/product\/creme-lipoactif-minceur-200ml\/#breadcrumb","itemListElement":[{"@type":"ListItem","position":1,"name":"Lucia Rapetti","item":"https:\/\/lucia-rapetti.com\/"},{"@type":"ListItem","position":2,"name":"Shop","item":"https:\/\/lucia-rapetti.com\/shop\/"},{"@type":"ListItem","position":3,"name":"Ecologica \u2013 Soins Corps","item":"https:\/\/lucia-rapetti.com\/product-category\/ecologica-soins-corps\/"},{"@type":"ListItem","position":4,"name":"Soins Amincissants \/ Anti-Cellulite","item":"https:\/\/lucia-rapetti.com\/product-category\/ecologica-soins-corps\/amincissants-anti-cellulite\/"},{"@type":"ListItem","position":5,"name":"Cr\u00e8me Lipoactif Minceur 200ml"}]},{"@type":"WebSite","@id":"https:\/\/lucia-rapetti.com\/#website","url":"https:\/\/lucia-rapetti.com\/","name":"Lucia Rapetti Laboratoire Naturel","description":"Natural cosmetics and beauty laboratory","publisher":{"@id":"https:\/\/lucia-rapetti.com\/#organization"},"potentialAction":[{"@type":"SearchAction","target":{"@type":"EntryPoint","urlTemplate":"https:\/\/lucia-rapetti.com\/?s={search_term_string}"},"query-input":{"@type":"PropertyValueSpecification","valueRequired":true,"valueName":"search_term_string"}}],"inLanguage":"en-GB"},{"@type":"Organization","@id":"https:\/\/lucia-rapetti.com\/#organization","name":"Lucia Rapetti Laboratoire Naturel","alternateName":"LR","url":"https:\/\/lucia-rapetti.com\/","logo":{"@type":"ImageObject","inLanguage":"en-GB","@id":"https:\/\/lucia-rapetti.com\/#\/schema\/logo\/image\/","url":"https:\/\/lucia-rapetti.com\/wp-content\/uploads\/2023\/04\/cropped-lucia-rapetti-logo-1.png","contentUrl":"https:\/\/lucia-rapetti.com\/wp-content\/uploads\/2023\/04\/cropped-lucia-rapetti-logo-1.png","width":850,"height":142,"caption":"Lucia Rapetti Laboratoire Naturel"},"image":{"@id":"https:\/\/lucia-rapetti.com\/#\/schema\/logo\/image\/"},"sameAs":["https:\/\/www.facebook.com\/luciarapettiofficial","https:\/\/www.instagram.com\/luciarapettiofficial\/"]}]}},"_links":{"self":[{"href":"https:\/\/lucia-rapetti.com\/en\/wp-json\/wp\/v2\/product\/1306","targetHints":{"allow":["GET"]}}],"collection":[{"href":"https:\/\/lucia-rapetti.com\/en\/wp-json\/wp\/v2\/product"}],"about":[{"href":"https:\/\/lucia-rapetti.com\/en\/wp-json\/wp\/v2\/types\/product"}],"replies":[{"embeddable":true,"href":"https:\/\/lucia-rapetti.com\/en\/wp-json\/wp\/v2\/comments?post=1306"}],"version-history":[{"count":0,"href":"https:\/\/lucia-rapetti.com\/en\/wp-json\/wp\/v2\/product\/1306\/revisions"}],"wp:featuredmedia":[{"embeddable":true,"href":"https:\/\/lucia-rapetti.com\/en\/wp-json\/wp\/v2\/media\/14635"}],"wp:attachment":[{"href":"https:\/\/lucia-rapetti.com\/en\/wp-json\/wp\/v2\/media?parent=1306"}],"wp:term":[{"taxonomy":"product_brand","embeddable":true,"href":"https:\/\/lucia-rapetti.com\/en\/wp-json\/wp\/v2\/product_brand?post=1306"},{"taxonomy":"product_cat","embeddable":true,"href":"https:\/\/lucia-rapetti.com\/en\/wp-json\/wp\/v2\/product_cat?post=1306"},{"taxonomy":"product_tag","embeddable":true,"href":"https:\/\/lucia-rapetti.com\/en\/wp-json\/wp\/v2\/product_tag?post=1306"}],"curies":[{"name":"wp","href":"https:\/\/api.w.org\/{rel}","templated":true}]}}