{"id":3454,"date":"2023-11-23T14:51:15","date_gmt":"2023-11-23T13:51:15","guid":{"rendered":"https:\/\/client.comanddesign.com\/?page_id=3454"},"modified":"2024-02-06T15:48:11","modified_gmt":"2024-02-06T14:48:11","slug":"general-terms-and-conditions-of-sale","status":"publish","type":"page","link":"https:\/\/lucia-rapetti.com\/en\/general-terms-and-conditions-of-sale\/","title":{"rendered":"General terms and conditions of sale"},"content":{"rendered":"<div data-elementor-type=\"wp-page\" data-elementor-id=\"3454\" class=\"elementor elementor-3454\" data-elementor-post-type=\"page\">\n\t\t\t\t<div class=\"elementor-element elementor-element-db7d2f9 e-flex e-con-boxed e-con e-parent\" data-id=\"db7d2f9\" data-element_type=\"container\" data-e-type=\"container\">\n\t\t\t\t\t<div class=\"e-con-inner\">\n\t\t<div class=\"elementor-element elementor-element-f430240 e-flex e-con-boxed e-con e-child\" data-id=\"f430240\" data-element_type=\"container\" data-e-type=\"container\">\n\t\t\t\t\t<div class=\"e-con-inner\">\n\t\t\t\t<div class=\"elementor-element elementor-element-2242a9f elementor-widget elementor-widget-heading\" data-id=\"2242a9f\" data-element_type=\"widget\" data-e-type=\"widget\" data-widget_type=\"heading.default\">\n\t\t\t\t<div class=\"elementor-widget-container\">\n\t\t\t\t\t<h1 class=\"elementor-heading-title elementor-size-default\">General terms and conditions of sale<\/h1>\t\t\t\t<\/div>\n\t\t\t\t<\/div>\n\t\t\t\t\t<\/div>\n\t\t\t\t<\/div>\n\t\t\t\t\t<\/div>\n\t\t\t\t<\/div>\n\t\t<div class=\"elementor-element elementor-element-5552b02 e-flex e-con-boxed e-con e-parent\" data-id=\"5552b02\" data-element_type=\"container\" data-e-type=\"container\">\n\t\t\t\t\t<div class=\"e-con-inner\">\n\t\t\t\t<div class=\"elementor-element elementor-element-a8f9efe elementor-widget elementor-widget-text-editor\" data-id=\"a8f9efe\" data-element_type=\"widget\" data-e-type=\"widget\" data-widget_type=\"text-editor.default\">\n\t\t\t\t<div class=\"elementor-widget-container\">\n\t\t\t\t\t\t\t\t\t<p class=\"p1\">We look forward to welcoming you to our website\u00a0<a href=\"http:\/\/web.archive.org\/web\/20160427110343\/https:\/www.lucia-rapetti.com\/\"><span class=\"s1\">www.lucia-rapetti.com<\/span><\/a>. Our site offers you a catalogue of cosmetic products, sold under the brand name \u00abLUCIA RAPETTI\u00bb, manufactured and marketed by LUCIA RAPETTI, a limited liability company with capital of \u20ac, having its registered office at 4, rue Beaulieu, 06800 Cagnes sur mer - France, registered with the RCS under number 420 223 836.<\/p><p>These General Terms and Conditions of Sale are systematically brought to the attention of each potential customer to enable them to place an order on this website, by fax or by telephone.<br \/>Consequently, placing an order implies the customer's full and unreserved acceptance of these General Terms and Conditions of Sale, to the exclusion of any other documents, such as brochures or catalogues issued by LUCIA RAPETTI, which are for information purposes only.<br \/>Any order for a Product offered on the Site implies consultation and express acceptance of these general terms and conditions of sale, without this acceptance being conditional on a handwritten signature by the user. In accordance with the provisions of articles 1316 to 1316-4 of the French Civil Code, supplemented by Decree no. 2001-272 of 30 March 2001, issued for the application of article 1316-4 of the French Civil Code and relating to electronic signatures, it should be noted that validation of the order form constitutes an electronic signature which has, between the parties, the same value as a handwritten signature and is proof of the completeness of the order and of the payability of the sums due in execution of the said order.<\/p><p class=\"p2\"><b>ARTICLE 1. OFFERS AND PRICES<\/b><\/p><p class=\"p1\">Our product offers are only valid for the duration of the offer in question and are subject to availability.<br \/>If a product is unavailable after you have placed your order, we will inform you by e-mail as soon as possible, in which case you may request its cancellation or exchange by calling 04 92 12 30 60 or by contacting us by e-mail at :\u00a0<a href=\"http:\/\/web.archive.org\/web\/20160427110343\/mailto:commandes@lucia-rapetti.com\"><span class=\"s1\">commandes@lucia-rapetti.com<\/span><\/a><br \/>It is specified that any promotions granted in the form of discount vouchers are only valid for one order per household and for a given period of validity.<br \/>The prices of our products appearing on this Site are indicated in Euros, inclusive of all taxes but excluding delivery charges, which will be invoiced in addition and will be specified when the order is definitively confirmed.<br \/>Prices may vary during the year, it being understood that the products ordered are invoiced at the prices in force when the order is registered.<\/p><p class=\"p2\"><b>ARTICLE 2. ORDERING AND VALIDATION<\/b><\/p><p class=\"p1\">You can place your orders here:<br \/>on the Internet :\u00a0<a href=\"http:\/\/web.archive.org\/web\/20160427110343\/https:\/www.lucia-rapetti.com\/\"><span class=\"s1\">www.lucia-rapetti.com<\/span><\/a><br \/>By placing your order, you also declare that you accept these General Terms and Conditions of Sale in their entirety, without the slightest reservation.<br \/>This order and the data recorded by LUCIA RAPETTI constitute proof of the transactions made with you.<br \/>However, we reserve the right to cancel any order from a customer with whom there is a dispute relating to the payment of a previous order.<\/p><p class=\"p2\"><b>ARTICLE 3. METHODS OF PAYMENT<\/b><\/p><p class=\"p3\">As soon as payment is validated, the order is recorded and becomes irrevocable.<br \/>The order form will be recorded on computer registers, which are themselves kept on a reliable and durable medium, and will be considered as proof of the contractual relations between the Parties.<br \/>Payment for your purchases on the Site is exclusively in Euros and can only be made by credit card.<br \/>Payment by credit card: this is done online when you place your order and is completely secure. You make your purchases in complete security. The entire transaction is encrypted and sent to a bank validation server.<\/p><p class=\"p2\"><b>ARTICLE 4. DELIVERY<\/b><\/p><p class=\"p1\">Products are delivered to the address of your choice as indicated during the ordering process. It is your responsibility to provide us with all the details necessary for the correct delivery of your order.<br \/>Furthermore, orders must have been validated and paid for on the Site by credit card, before 12 noon, to enable the products to be dispatched the same day, in which case they will be delivered the following day. This being the case, despite all the care taken by LE LABORATOIRE LUCIA RAPETTI in preparing the packages, it is possible that a Product may be missing.<br \/>Similarly, after the parcel has been transported, one of the Products may prove to be defective or damaged.<br \/>This is why, on receipt of your order, you should check that the products you have received conform to the order. Any anomaly concerning the delivery (missing or broken Product, damaged parcel,) will have imperatively to be notified, the same day of the reception or at the latest the first wrought day following the reception, by mail addressed to LABORATOIRE MGS LUCIA RAPETTI, 170 Avenue de Saint-Est\u00e8ve , ZAC de St Est\u00e8ve, 06640 St Jeannet les plans - France, by e-mail addressed to\u00a0<a href=\"http:\/\/web.archive.org\/web\/20160427110343\/mailto:commandes@lucia-rapetti.com\"><span class=\"s1\">commandes@lucia-rapetti.com<\/span><\/a>\u00a0by telephone on 04 92 12 30 60 (from 9.00 am to 5.00 pm, Monday to Friday. Any claim made after this time will be rejected and the LUCIA RAPETTI laboratory will be released from any liability. Laboratoire LUCIA RAPETTI reserves the right to request the return of the defective Product.<br \/>If the aforementioned conditions are met, LE LABORATOIRE LUCIA RAPETTI will then either exchange or reimburse the defective Product(s), or re-ship the missing Product (subject to the buyer's request being well-founded).<\/p><p class=\"p2\"><b>ARTICLE 5. RETURNS AND REFUNDS<\/b><\/p><p class=\"p3\">You have the faculty, within 15 days as from the reception of the ordered products, to turn over in its complete packing of origin, with your expenses, the product which would not be appropriate to you, with the address: LABORATOIRE MGS LUCIA RAPETTI, 170 Avenue de Saint-Est\u00e8ve, ZAC de St Est\u00e8ve, 06640 St Jeannet les plans - France.<br \/>If the aforementioned conditions are met, the LABORATOIRE MGS LUCIA RAPETTI will change it or reimburse you, depending on your choice.<br \/>The refund will be made by bank cheque, within one month of receipt of the returned parcel, to the billing address and in the name of the customer who placed the order, in accordance with the following terms and conditions:<br \/>-If you wish to return the product, we will refund the price of the product.<br \/>If the product is returned for reasons for which we are responsible, we will reimburse you for the product and any shipping and return costs. No returns for cash on delivery will be accepted, whatever the reason.<\/p><p class=\"p2\"><b>ARTICLE 6. CUSTOMER SERVICE :<\/b><\/p><p class=\"p1\">For further information or questions, please contact our Customer Service department:<br \/>Tel: 04 92 12 30 60 (Monday to Friday, 9am to 5pm)<br \/>International: 33 4 92 12 30 60<br \/>Address: LABORATOIRE MGS LUCIA RAPETTI, 170 Avenue de Saint Est\u00e8ve, ZAC de St Est\u00e8ve, 06640 St Jeannet les plans - France.<br \/>E-mail :\u00a0<a href=\"http:\/\/web.archive.org\/web\/20160427110343\/mailto:commandes@lucia-rapetti.com\"><span class=\"s1\">commandes@lucia-rapetti.com<\/span><\/a><\/p><p class=\"p4\"><b>Force majeure<\/b><\/p><p class=\"p1\">LABORATOIRE LUCIA RAPETTI will not be responsible for the total or partial non-execution of its obligations under this contract, if this non-execution is caused by an event constituting force majeure, in particular in the event of disturbance or total or partial strike in particular of the postal services and means of transport and\/or communications, flood, fire.<br \/>Events meeting the criteria set out in the case law of the 2nd Civil Chamber of the Cour de Cassation will be considered as force majeure.<br \/>In the event of an event constituting force majeure, LABORATOIRE LUCIA RAPETTI will notify the user\/purchaser within five (5) working days following the occurrence or threat of this event.<br \/>The parties agree that they shall consult each other as soon as possible in order to determine together how the order will be carried out during the period of force majeure.<br \/>After a period of one (1) month of interruption for reasons of force majeure, LABORATOIRE LUCIA RAPETTI may not honour the order, at its own expense to reimburse the purchaser if necessary.<br \/><span class=\"s2\"><b>Partial invalidity<\/b><\/span><\/p><p class=\"p1\">If one or more stipulations of these general terms and conditions of sale are held to be invalid or declared as such in application of a law, regulation or following a final decision by a competent court, the other stipulations will retain all their force and scope.<br \/><span class=\"s2\"><b>Entire contract<\/b><\/span><\/p><p class=\"p3\">These general terms and conditions of sale and the order summary sent to the buyer form a contractual whole and constitute the entire contractual relationship between the parties.<br \/>In the event of any contradiction between these documents, the General Terms and Conditions of Sale shall prevail.<\/p><p class=\"p2\"><b>ARTICLE 7. ACCEPTANCE OF THESE GENERAL TERMS AND CONDITIONS<\/b><\/p><p class=\"p3\">These General Terms and Conditions of Sale and the prices are expressly approved and accepted by the customer, who declares and acknowledges that he\/she is fully aware of them, and therefore waives the right to rely on any contradictory document; the act of purchasing implies acceptance of these General Terms and Conditions of Sale.<br \/>These General Terms and Conditions of Sale may be amended at any time without notice; each new version replaces the previous one.<\/p><p class=\"p2\"><b>ARTICLE 8. APPLICABLE LAW AND JURISDICTION<\/b><\/p><p class=\"p1\">These General Terms and Conditions of Sale are governed exclusively by French law.<br \/>The language of this contract is French.<br \/>It is expressly agreed between the parties that any dispute arising from these General Terms and Conditions of Sale shall fall within the exclusive jurisdiction of the competent French courts, in this case our registered office, the address of which is considered to be the place of performance of the service within the meaning of Article 46 of the New Code of Civil Procedure.<\/p><p class=\"p5\"><span class=\"s3\"><b>LABORATOIRE M.G.S<\/b><\/span><\/p><ul class=\"ul1\"><li class=\"li6\">Lucia Rapetti<\/li><li class=\"li6\">170 avenue de Saint-Est\u00e8ve<br \/>06640 Saint-Jeannet (France)<br \/>VAT FR59420223836<\/li><li class=\"li7\"><span class=\"s5\"><a href=\"tel:+%2033%20(0)4%2092%2012%2030%2060\"><span class=\"s6\">+ 33 (0)4 92 12 30 60<\/span><\/a><\/span><\/li><li class=\"li7\"><span class=\"s5\"><a href=\"mailto:info@lucia-rapetti.com\"><span class=\"s6\">info@lucia-rapetti.com<\/span><\/a><\/span><\/li><li class=\"li7\"><span class=\"s5\"><a href=\"https:\/\/lucia-rapetti.com\/en\/\"><span class=\"s6\">https:\/\/www.lucia-rapetti.com<\/span><\/a><\/span><\/li><\/ul>\t\t\t\t\t\t\t\t<\/div>\n\t\t\t\t<\/div>\n\t\t\t\t\t<\/div>\n\t\t\t\t<\/div>\n\t\t\t\t<\/div>","protected":false},"excerpt":{"rendered":"<p>Conditions g\u00e9n\u00e9rales de vente Nous sommes heureux de vous accueillir sur notre site web\u00a0www.lucia-rapetti.com. Notre site vous propose un catalogue de produits cosm\u00e9tiques, vendus sous la marque \u00ab LUCIA RAPETTI \u00bb fabriqu\u00e9s et commercialis\u00e9s par LUCIA RAPETTI, Soci\u00e9t\u00e9 SARL au capital de \u20ac, ayant son si\u00e8ge social au 4, rue Beaulieu, 06800 Cagnes sur mer [&hellip;]<\/p>\n","protected":false},"author":2,"featured_media":0,"parent":0,"menu_order":0,"comment_status":"closed","ping_status":"closed","template":"","meta":{"_acf_changed":false,"site-sidebar-layout":"no-sidebar","site-content-layout":"page-builder","ast-site-content-layout":"default","site-content-style":"default","site-sidebar-style":"default","ast-global-header-display":"","ast-banner-title-visibility":"","ast-main-header-display":"","ast-hfb-above-header-display":"","ast-hfb-below-header-display":"","ast-hfb-mobile-header-display":"","site-post-title":"disabled","ast-breadcrumbs-content":"","ast-featured-img":"disabled","footer-sml-layout":"","ast-disable-related-posts":"","theme-transparent-header-meta":"disabled","adv-header-id-meta":"","stick-header-meta":"","header-above-stick-meta":"","header-main-stick-meta":"","header-below-stick-meta":"","astra-migrate-meta-layouts":"default","ast-page-background-enabled":"default","ast-page-background-meta":{"desktop":{"background-color":"var(--ast-global-color-4)","background-image":"","background-repeat":"repeat","background-position":"center center","background-size":"auto","background-attachment":"scroll","background-type":"","background-media":"","overlay-type":"","overlay-color":"","overlay-opacity":"","overlay-gradient":""},"tablet":{"background-color":"","background-image":"","background-repeat":"repeat","background-position":"center center","background-size":"auto","background-attachment":"scroll","background-type":"","background-media":"","overlay-type":"","overlay-color":"","overlay-opacity":"","overlay-gradient":""},"mobile":{"background-color":"","background-image":"","background-repeat":"repeat","background-position":"center center","background-size":"auto","background-attachment":"scroll","background-type":"","background-media":"","overlay-type":"","overlay-color":"","overlay-opacity":"","overlay-gradient":""}},"ast-content-background-meta":{"desktop":{"background-color":"var(--ast-global-color-5)","background-image":"","background-repeat":"repeat","background-position":"center center","background-size":"auto","background-attachment":"scroll","background-type":"","background-media":"","overlay-type":"","overlay-color":"","overlay-opacity":"","overlay-gradient":""},"tablet":{"background-color":"var(--ast-global-color-5)","background-image":"","background-repeat":"repeat","background-position":"center center","background-size":"auto","background-attachment":"scroll","background-type":"","background-media":"","overlay-type":"","overlay-color":"","overlay-opacity":"","overlay-gradient":""},"mobile":{"background-color":"var(--ast-global-color-5)","background-image":"","background-repeat":"repeat","background-position":"center center","background-size":"auto","background-attachment":"scroll","background-type":"","background-media":"","overlay-type":"","overlay-color":"","overlay-opacity":"","overlay-gradient":""}},"footnotes":""},"class_list":["post-3454","page","type-page","status-publish","hentry"],"acf":[],"yoast_head":"<!-- This site is optimized with the Yoast SEO plugin v27.4 - https:\/\/yoast.com\/product\/yoast-seo-wordpress\/ -->\n<title>Conditions g\u00e9n\u00e9rales de vente - Lucia Rapetti Laboratoire Naturel<\/title>\n<meta name=\"robots\" content=\"index, follow, max-snippet:-1, max-image-preview:large, max-video-preview:-1\" \/>\n<link rel=\"canonical\" href=\"https:\/\/lucia-rapetti.com\/en\/general-terms-and-conditions-of-sale\/\" \/>\n<meta property=\"og:locale\" content=\"en_GB\" \/>\n<meta property=\"og:type\" content=\"article\" \/>\n<meta property=\"og:title\" content=\"Conditions g\u00e9n\u00e9rales de vente - Lucia Rapetti Laboratoire Naturel\" \/>\n<meta property=\"og:description\" content=\"Conditions g\u00e9n\u00e9rales de vente Nous sommes heureux de vous accueillir sur notre site web\u00a0www.lucia-rapetti.com. Notre site vous propose un catalogue de produits cosm\u00e9tiques, vendus sous la marque \u00ab LUCIA RAPETTI \u00bb fabriqu\u00e9s et commercialis\u00e9s par LUCIA RAPETTI, Soci\u00e9t\u00e9 SARL au capital de \u20ac, ayant son si\u00e8ge social au 4, rue Beaulieu, 06800 Cagnes sur mer [&hellip;]\" \/>\n<meta property=\"og:url\" content=\"https:\/\/lucia-rapetti.com\/en\/general-terms-and-conditions-of-sale\/\" \/>\n<meta property=\"og:site_name\" content=\"Lucia Rapetti Laboratoire Naturel\" \/>\n<meta property=\"article:publisher\" content=\"https:\/\/www.facebook.com\/luciarapettiofficial\" \/>\n<meta property=\"article:modified_time\" content=\"2024-02-06T14:48:11+00:00\" \/>\n<meta name=\"twitter:card\" content=\"summary_large_image\" \/>\n<meta name=\"twitter:label1\" content=\"Estimated reading time\" \/>\n\t<meta name=\"twitter:data1\" content=\"8 minutes\" \/>\n<script type=\"application\/ld+json\" class=\"yoast-schema-graph\">{\"@context\":\"https:\\\/\\\/schema.org\",\"@graph\":[{\"@type\":\"WebPage\",\"@id\":\"https:\\\/\\\/lucia-rapetti.com\\\/conditions-generales-de-vente\\\/\",\"url\":\"https:\\\/\\\/lucia-rapetti.com\\\/conditions-generales-de-vente\\\/\",\"name\":\"Conditions g\u00e9n\u00e9rales de vente - Lucia Rapetti Laboratoire Naturel\",\"isPartOf\":{\"@id\":\"https:\\\/\\\/lucia-rapetti.com\\\/#website\"},\"datePublished\":\"2023-11-23T13:51:15+00:00\",\"dateModified\":\"2024-02-06T14:48:11+00:00\",\"breadcrumb\":{\"@id\":\"https:\\\/\\\/lucia-rapetti.com\\\/conditions-generales-de-vente\\\/#breadcrumb\"},\"inLanguage\":\"en-GB\",\"potentialAction\":[{\"@type\":\"ReadAction\",\"target\":[\"https:\\\/\\\/lucia-rapetti.com\\\/conditions-generales-de-vente\\\/\"]}]},{\"@type\":\"BreadcrumbList\",\"@id\":\"https:\\\/\\\/lucia-rapetti.com\\\/conditions-generales-de-vente\\\/#breadcrumb\",\"itemListElement\":[{\"@type\":\"ListItem\",\"position\":1,\"name\":\"Lucia Rapetti\",\"item\":\"https:\\\/\\\/lucia-rapetti.com\\\/\"},{\"@type\":\"ListItem\",\"position\":2,\"name\":\"Conditions g\u00e9n\u00e9rales de vente\"}]},{\"@type\":\"WebSite\",\"@id\":\"https:\\\/\\\/lucia-rapetti.com\\\/#website\",\"url\":\"https:\\\/\\\/lucia-rapetti.com\\\/\",\"name\":\"Lucia Rapetti Laboratoire Naturel\",\"description\":\"Laboratoire de cosm\u00e9tique naturel et beaut\u00e9\",\"publisher\":{\"@id\":\"https:\\\/\\\/lucia-rapetti.com\\\/#organization\"},\"potentialAction\":[{\"@type\":\"SearchAction\",\"target\":{\"@type\":\"EntryPoint\",\"urlTemplate\":\"https:\\\/\\\/lucia-rapetti.com\\\/?s={search_term_string}\"},\"query-input\":{\"@type\":\"PropertyValueSpecification\",\"valueRequired\":true,\"valueName\":\"search_term_string\"}}],\"inLanguage\":\"en-GB\"},{\"@type\":\"Organization\",\"@id\":\"https:\\\/\\\/lucia-rapetti.com\\\/#organization\",\"name\":\"Lucia Rapetti Laboratoire Naturel\",\"alternateName\":\"LR\",\"url\":\"https:\\\/\\\/lucia-rapetti.com\\\/\",\"logo\":{\"@type\":\"ImageObject\",\"inLanguage\":\"en-GB\",\"@id\":\"https:\\\/\\\/lucia-rapetti.com\\\/#\\\/schema\\\/logo\\\/image\\\/\",\"url\":\"https:\\\/\\\/lucia-rapetti.com\\\/wp-content\\\/uploads\\\/2023\\\/04\\\/cropped-lucia-rapetti-logo-1.png\",\"contentUrl\":\"https:\\\/\\\/lucia-rapetti.com\\\/wp-content\\\/uploads\\\/2023\\\/04\\\/cropped-lucia-rapetti-logo-1.png\",\"width\":850,\"height\":142,\"caption\":\"Lucia Rapetti Laboratoire Naturel\"},\"image\":{\"@id\":\"https:\\\/\\\/lucia-rapetti.com\\\/#\\\/schema\\\/logo\\\/image\\\/\"},\"sameAs\":[\"https:\\\/\\\/www.facebook.com\\\/luciarapettiofficial\",\"https:\\\/\\\/www.instagram.com\\\/luciarapettiofficial\\\/\"]}]}<\/script>\n<!-- \/ Yoast SEO plugin. -->","yoast_head_json":{"title":"Terms and conditions of sale - Lucia Rapetti Laboratoire Naturel","robots":{"index":"index","follow":"follow","max-snippet":"max-snippet:-1","max-image-preview":"max-image-preview:large","max-video-preview":"max-video-preview:-1"},"canonical":"https:\/\/lucia-rapetti.com\/en\/general-terms-and-conditions-of-sale\/","og_locale":"en_GB","og_type":"article","og_title":"Conditions g\u00e9n\u00e9rales de vente - Lucia Rapetti Laboratoire Naturel","og_description":"Conditions g\u00e9n\u00e9rales de vente Nous sommes heureux de vous accueillir sur notre site web\u00a0www.lucia-rapetti.com. Notre site vous propose un catalogue de produits cosm\u00e9tiques, vendus sous la marque \u00ab LUCIA RAPETTI \u00bb fabriqu\u00e9s et commercialis\u00e9s par LUCIA RAPETTI, Soci\u00e9t\u00e9 SARL au capital de \u20ac, ayant son si\u00e8ge social au 4, rue Beaulieu, 06800 Cagnes sur mer [&hellip;]","og_url":"https:\/\/lucia-rapetti.com\/en\/general-terms-and-conditions-of-sale\/","og_site_name":"Lucia Rapetti Laboratoire Naturel","article_publisher":"https:\/\/www.facebook.com\/luciarapettiofficial","article_modified_time":"2024-02-06T14:48:11+00:00","twitter_card":"summary_large_image","twitter_misc":{"Estimated reading time":"8 minutes"},"schema":{"@context":"https:\/\/schema.org","@graph":[{"@type":"WebPage","@id":"https:\/\/lucia-rapetti.com\/conditions-generales-de-vente\/","url":"https:\/\/lucia-rapetti.com\/conditions-generales-de-vente\/","name":"Terms and conditions of sale - Lucia Rapetti Laboratoire Naturel","isPartOf":{"@id":"https:\/\/lucia-rapetti.com\/#website"},"datePublished":"2023-11-23T13:51:15+00:00","dateModified":"2024-02-06T14:48:11+00:00","breadcrumb":{"@id":"https:\/\/lucia-rapetti.com\/conditions-generales-de-vente\/#breadcrumb"},"inLanguage":"en-GB","potentialAction":[{"@type":"ReadAction","target":["https:\/\/lucia-rapetti.com\/conditions-generales-de-vente\/"]}]},{"@type":"BreadcrumbList","@id":"https:\/\/lucia-rapetti.com\/conditions-generales-de-vente\/#breadcrumb","itemListElement":[{"@type":"ListItem","position":1,"name":"Lucia Rapetti","item":"https:\/\/lucia-rapetti.com\/"},{"@type":"ListItem","position":2,"name":"Conditions g\u00e9n\u00e9rales de vente"}]},{"@type":"WebSite","@id":"https:\/\/lucia-rapetti.com\/#website","url":"https:\/\/lucia-rapetti.com\/","name":"Lucia Rapetti Laboratoire Naturel","description":"Natural cosmetics and beauty laboratory","publisher":{"@id":"https:\/\/lucia-rapetti.com\/#organization"},"potentialAction":[{"@type":"SearchAction","target":{"@type":"EntryPoint","urlTemplate":"https:\/\/lucia-rapetti.com\/?s={search_term_string}"},"query-input":{"@type":"PropertyValueSpecification","valueRequired":true,"valueName":"search_term_string"}}],"inLanguage":"en-GB"},{"@type":"Organization","@id":"https:\/\/lucia-rapetti.com\/#organization","name":"Lucia Rapetti Laboratoire Naturel","alternateName":"LR","url":"https:\/\/lucia-rapetti.com\/","logo":{"@type":"ImageObject","inLanguage":"en-GB","@id":"https:\/\/lucia-rapetti.com\/#\/schema\/logo\/image\/","url":"https:\/\/lucia-rapetti.com\/wp-content\/uploads\/2023\/04\/cropped-lucia-rapetti-logo-1.png","contentUrl":"https:\/\/lucia-rapetti.com\/wp-content\/uploads\/2023\/04\/cropped-lucia-rapetti-logo-1.png","width":850,"height":142,"caption":"Lucia Rapetti Laboratoire Naturel"},"image":{"@id":"https:\/\/lucia-rapetti.com\/#\/schema\/logo\/image\/"},"sameAs":["https:\/\/www.facebook.com\/luciarapettiofficial","https:\/\/www.instagram.com\/luciarapettiofficial\/"]}]}},"_links":{"self":[{"href":"https:\/\/lucia-rapetti.com\/en\/wp-json\/wp\/v2\/pages\/3454","targetHints":{"allow":["GET"]}}],"collection":[{"href":"https:\/\/lucia-rapetti.com\/en\/wp-json\/wp\/v2\/pages"}],"about":[{"href":"https:\/\/lucia-rapetti.com\/en\/wp-json\/wp\/v2\/types\/page"}],"author":[{"embeddable":true,"href":"https:\/\/lucia-rapetti.com\/en\/wp-json\/wp\/v2\/users\/2"}],"replies":[{"embeddable":true,"href":"https:\/\/lucia-rapetti.com\/en\/wp-json\/wp\/v2\/comments?post=3454"}],"version-history":[{"count":0,"href":"https:\/\/lucia-rapetti.com\/en\/wp-json\/wp\/v2\/pages\/3454\/revisions"}],"wp:attachment":[{"href":"https:\/\/lucia-rapetti.com\/en\/wp-json\/wp\/v2\/media?parent=3454"}],"curies":[{"name":"wp","href":"https:\/\/api.w.org\/{rel}","templated":true}]}}