{"id":1541,"date":"2023-06-30T17:33:27","date_gmt":"2023-06-30T15:33:27","guid":{"rendered":"https:\/\/client.comanddesign.com\/?page_id=1541"},"modified":"2024-04-30T12:00:41","modified_gmt":"2024-04-30T10:00:41","slug":"detoxifying","status":"publish","type":"page","link":"https:\/\/lucia-rapetti.com\/en\/detoxifying\/","title":{"rendered":"Detoxifying"},"content":{"rendered":"<div data-elementor-type=\"wp-page\" data-elementor-id=\"1541\" class=\"elementor elementor-1541\" data-elementor-post-type=\"page\">\n\t\t\t\t<div class=\"elementor-element elementor-element-f9f8404 e-flex e-con-boxed e-con e-parent\" data-id=\"f9f8404\" data-element_type=\"container\" data-e-type=\"container\">\n\t\t\t\t\t<div class=\"e-con-inner\">\n\t\t<div class=\"elementor-element elementor-element-aff1ec5 e-con-full e-flex e-con e-child\" data-id=\"aff1ec5\" data-element_type=\"container\" data-e-type=\"container\">\n\t\t\t\t<div class=\"elementor-element elementor-element-6ed9b998 elementor-widget elementor-widget-heading\" data-id=\"6ed9b998\" data-element_type=\"widget\" data-e-type=\"widget\" data-widget_type=\"heading.default\">\n\t\t\t\t<div class=\"elementor-widget-container\">\n\t\t\t\t\t<h1 class=\"elementor-heading-title elementor-size-default\">Body<\/h1>\t\t\t\t<\/div>\n\t\t\t\t<\/div>\n\t\t\t\t<div class=\"elementor-element elementor-element-6daab446 elementor-widget elementor-widget-heading\" data-id=\"6daab446\" data-element_type=\"widget\" data-e-type=\"widget\" data-widget_type=\"heading.default\">\n\t\t\t\t<div class=\"elementor-widget-container\">\n\t\t\t\t\t<h2 class=\"elementor-heading-title elementor-size-default\">Detoxifiers<\/h2>\t\t\t\t<\/div>\n\t\t\t\t<\/div>\n\t\t\t\t<\/div>\n\t\t\t\t\t<\/div>\n\t\t\t\t<\/div>\n\t\t<div class=\"elementor-element elementor-element-4e923183 e-flex e-con-boxed e-con e-parent\" data-id=\"4e923183\" data-element_type=\"container\" data-e-type=\"container\">\n\t\t\t\t\t<div class=\"e-con-inner\">\n\t\t\t\t<div class=\"elementor-element elementor-element-b7b9018 uael-woo-pagination-align-left uael-woo--align-left uael-sale-flash-custom elementor-widget elementor-widget-uael-woo-products\" data-id=\"b7b9018\" data-element_type=\"widget\" data-e-type=\"widget\" data-settings=\"{&quot;products_columns&quot;:&quot;3&quot;,&quot;products_columns_tablet&quot;:&quot;2&quot;,&quot;pagination_align&quot;:&quot;left&quot;,&quot;products_columns_mobile&quot;:&quot;1&quot;}\" data-widget_type=\"uael-woo-products.grid-franko\">\n\t\t\t\t<div class=\"elementor-widget-container\">\n\t\t\t\t\t<div class=\"uael-woocommerce uael-woo-products-grid uael-woo-skin-grid-franko uael-woo-query-custom\" data-page=\"1541\" data-skin=\"grid_franko\"><div class=\"columns-3 uael-woo-products-inner uael-woo-product__column-3 uael-woo-product__column-tablet-2 uael-woo-product__column-mobile-1 uael-woo-product__hover-swap\"><ul class=\"products columns-3\">\n\n<li class=\"d\u00e9toxifiants post-1296 product first outofstock taxable shipping-taxable purchasable product-type-simple\">\n\t<div class=\"uael-woo-product-wrapper\">\n\t\t<div class=\"uael-woo-products-thumbnail-wrap\"><div class=\"uael-flash-container\"><\/div><a href=\"https:\/\/lucia-rapetti.com\/en\/product\/spa-detox-250ml\/\" class=\"woocommerce-LoopProduct-link woocommerce-loop-product__link\"><img fetchpriority=\"high\" decoding=\"async\" width=\"600\" height=\"600\" src=\"https:\/\/lucia-rapetti.com\/wp-content\/uploads\/2023\/06\/LR-sito-spa-detox-600x600.png\" class=\"attachment-woocommerce_thumbnail size-woocommerce_thumbnail\" alt=\"detox spa\" \/><img decoding=\"async\" width=\"600\" height=\"600\" src=\"https:\/\/lucia-rapetti.com\/wp-content\/uploads\/2023\/06\/LR-texture-spa-2-600x600.jpg\" class=\"uael-show-on-hover\" alt=\"\" \/><\/a><span class=\"uael-out-of-stock\">Out of stock<\/span><div class=\"uael-product-actions\"><div class=\"uael-action-item-wrap uael-quick-view-btn\" data-product_id=\"1296\"><span class=\"uael-action-item fa fa-eye\"><\/span><span class=\"uael-action-tooltip\">Quick View<\/span><\/div><a href=\"https:\/\/lucia-rapetti.com\/en\/product\/spa-detox-250ml\/\" class=\"uael-action-item-wrap uael-cart-section  product_type_simple\" data-product_id=\"1296\"><span class=\"uael-action-item uael-ajax-add-cart-icon fa fa-shopping-cart\"><\/span><span class=\"uael-action-tooltip\" data-no-translation=\"\" data-trp-gettext=\"\">Read more<\/span><\/a><\/div><\/div><div class=\"uael-woo-products-summary-wrap\"><a href=\"https:\/\/lucia-rapetti.com\/en\/product\/spa-detox-250ml\/\" class=\"uael-loop-product__link\"><h2 class=\"woocommerce-loop-product__title\" data-no-translation=\"\">Spa d\u00e9tox 250ml<\/h2><\/a>\n\t<span class=\"price\"><span class=\"woocommerce-Price-amount amount\"><bdi>90,00<span class=\"woocommerce-Price-currencySymbol\">\u20ac<\/span><\/bdi><\/span><\/span>\n<\/div>\t<\/div>\n<\/li>\n<\/ul>\n<\/div><\/div><div class=\"uael-quick-view-b7b9018\">\n\t<div class=\"uael-quick-view-bg\"><div class=\"uael-quick-view-loader\"><\/div><\/div>\n\t<div id=\"uael-quick-view-modal\">\n\t\t<div class=\"uael-content-main-wrapper\"><!--\n\t\t--><div class=\"uael-content-main\">\n\t\t\t\t<div class=\"uael-lightbox-content\">\n\t\t\t\t\t<div class=\"uael-content-main-head\">\n\t\t\t\t\t\t<a href=\"#\" id=\"uael-quick-view-close\" class=\"uael-quick-view-close-btn fas fa-times\"><\/a>\n\t\t\t\t\t<\/div>\n\t\t\t\t\t<div id=\"uael-quick-view-content\" class=\"woocommerce single-product\"><\/div>\n\t\t\t\t<\/div>\n\t\t\t<\/div>\n\t\t<\/div>\n\t<\/div>\n<\/div>\n\t\t\t\t<\/div>\n\t\t\t\t<\/div>\n\t\t\t\t\t<\/div>\n\t\t\t\t<\/div>\n\t\t\t\t<\/div>","protected":false},"excerpt":{"rendered":"<p>Corps d\u00e9toxifiants Quick ViewAggiungi al carrello Spa detox 250ml &euro;84,00<\/p>","protected":false},"author":2,"featured_media":0,"parent":0,"menu_order":0,"comment_status":"closed","ping_status":"closed","template":"","meta":{"_acf_changed":false,"site-sidebar-layout":"no-sidebar","site-content-layout":"page-builder","ast-site-content-layout":"full-width-container","site-content-style":"unboxed","site-sidebar-style":"unboxed","ast-global-header-display":"","ast-banner-title-visibility":"","ast-main-header-display":"","ast-hfb-above-header-display":"","ast-hfb-below-header-display":"","ast-hfb-mobile-header-display":"","site-post-title":"disabled","ast-breadcrumbs-content":"","ast-featured-img":"disabled","footer-sml-layout":"","ast-disable-related-posts":"","theme-transparent-header-meta":"","adv-header-id-meta":"","stick-header-meta":"","header-above-stick-meta":"","header-main-stick-meta":"","header-below-stick-meta":"","astra-migrate-meta-layouts":"set","ast-page-background-enabled":"default","ast-page-background-meta":{"desktop":{"background-color":"var(--ast-global-color-4)","background-image":"","background-repeat":"repeat","background-position":"center center","background-size":"auto","background-attachment":"scroll","background-type":"","background-media":"","overlay-type":"","overlay-color":"","overlay-opacity":"","overlay-gradient":""},"tablet":{"background-color":"","background-image":"","background-repeat":"repeat","background-position":"center center","background-size":"auto","background-attachment":"scroll","background-type":"","background-media":"","overlay-type":"","overlay-color":"","overlay-opacity":"","overlay-gradient":""},"mobile":{"background-color":"","background-image":"","background-repeat":"repeat","background-position":"center center","background-size":"auto","background-attachment":"scroll","background-type":"","background-media":"","overlay-type":"","overlay-color":"","overlay-opacity":"","overlay-gradient":""}},"ast-content-background-meta":{"desktop":{"background-color":"var(--ast-global-color-5)","background-image":"","background-repeat":"repeat","background-position":"center center","background-size":"auto","background-attachment":"scroll","background-type":"","background-media":"","overlay-type":"","overlay-color":"","overlay-opacity":"","overlay-gradient":""},"tablet":{"background-color":"var(--ast-global-color-5)","background-image":"","background-repeat":"repeat","background-position":"center center","background-size":"auto","background-attachment":"scroll","background-type":"","background-media":"","overlay-type":"","overlay-color":"","overlay-opacity":"","overlay-gradient":""},"mobile":{"background-color":"var(--ast-global-color-5)","background-image":"","background-repeat":"repeat","background-position":"center center","background-size":"auto","background-attachment":"scroll","background-type":"","background-media":"","overlay-type":"","overlay-color":"","overlay-opacity":"","overlay-gradient":""}},"footnotes":""},"class_list":["post-1541","page","type-page","status-publish","hentry","desktop-align-left","tablet-align-left","mobile-align-left","ast-product-gallery-layout-vertical-slider","ast-product-tabs-layout-horizontal","ast-qv-on-image"],"acf":[],"yoast_head":"<!-- This site is optimized with the Yoast SEO plugin v27.3 - https:\/\/yoast.com\/product\/yoast-seo-wordpress\/ -->\n<title>D\u00e9toxifiants : Purifiez votre corps - Lucia Rapetti<\/title>\n<meta name=\"description\" content=\"Explorez nos produits d\u00e9toxifiants pour le corps. Lib\u00e9rez-vous des toxines et retrouvez une peau \u00e9clatante et saine.\" \/>\n<meta name=\"robots\" content=\"index, follow, max-snippet:-1, max-image-preview:large, max-video-preview:-1\" \/>\n<link rel=\"canonical\" href=\"https:\/\/lucia-rapetti.com\/en\/detoxifying\/\" \/>\n<meta property=\"og:locale\" content=\"en_GB\" \/>\n<meta property=\"og:type\" content=\"article\" \/>\n<meta property=\"og:title\" content=\"D\u00e9toxifiants : Purifiez votre corps - Lucia Rapetti\" \/>\n<meta property=\"og:description\" content=\"Explorez nos produits d\u00e9toxifiants pour le corps. Lib\u00e9rez-vous des toxines et retrouvez une peau \u00e9clatante et saine.\" \/>\n<meta property=\"og:url\" content=\"https:\/\/lucia-rapetti.com\/en\/detoxifying\/\" \/>\n<meta property=\"og:site_name\" content=\"Lucia Rapetti Laboratoire Naturel\" \/>\n<meta property=\"article:publisher\" content=\"https:\/\/www.facebook.com\/luciarapettiofficial\" \/>\n<meta property=\"article:modified_time\" content=\"2024-04-30T10:00:41+00:00\" \/>\n<meta property=\"og:image\" content=\"https:\/\/client.comanddesign.com\/wp-content\/uploads\/2023\/06\/LR-sito-spa-detox-600x600.png\" \/>\n<meta name=\"twitter:card\" content=\"summary_large_image\" \/>\n<meta name=\"twitter:label1\" content=\"Estimated reading time\" \/>\n\t<meta name=\"twitter:data1\" content=\"1 minute\" \/>\n<script type=\"application\/ld+json\" class=\"yoast-schema-graph\">{\"@context\":\"https:\\\/\\\/schema.org\",\"@graph\":[{\"@type\":\"WebPage\",\"@id\":\"https:\\\/\\\/lucia-rapetti.com\\\/detoxifiants\\\/\",\"url\":\"https:\\\/\\\/lucia-rapetti.com\\\/detoxifiants\\\/\",\"name\":\"D\u00e9toxifiants : Purifiez votre corps - Lucia Rapetti\",\"isPartOf\":{\"@id\":\"https:\\\/\\\/lucia-rapetti.com\\\/#website\"},\"primaryImageOfPage\":{\"@id\":\"https:\\\/\\\/lucia-rapetti.com\\\/detoxifiants\\\/#primaryimage\"},\"image\":{\"@id\":\"https:\\\/\\\/lucia-rapetti.com\\\/detoxifiants\\\/#primaryimage\"},\"thumbnailUrl\":\"https:\\\/\\\/client.comanddesign.com\\\/wp-content\\\/uploads\\\/2023\\\/06\\\/LR-sito-spa-detox-600x600.png\",\"datePublished\":\"2023-06-30T15:33:27+00:00\",\"dateModified\":\"2024-04-30T10:00:41+00:00\",\"description\":\"Explorez nos produits d\u00e9toxifiants pour le corps. Lib\u00e9rez-vous des toxines et retrouvez une peau \u00e9clatante et saine.\",\"breadcrumb\":{\"@id\":\"https:\\\/\\\/lucia-rapetti.com\\\/detoxifiants\\\/#breadcrumb\"},\"inLanguage\":\"en-GB\",\"potentialAction\":[{\"@type\":\"ReadAction\",\"target\":[\"https:\\\/\\\/lucia-rapetti.com\\\/detoxifiants\\\/\"]}]},{\"@type\":\"ImageObject\",\"inLanguage\":\"en-GB\",\"@id\":\"https:\\\/\\\/lucia-rapetti.com\\\/detoxifiants\\\/#primaryimage\",\"url\":\"https:\\\/\\\/client.comanddesign.com\\\/wp-content\\\/uploads\\\/2023\\\/06\\\/LR-sito-spa-detox-600x600.png\",\"contentUrl\":\"https:\\\/\\\/client.comanddesign.com\\\/wp-content\\\/uploads\\\/2023\\\/06\\\/LR-sito-spa-detox-600x600.png\"},{\"@type\":\"BreadcrumbList\",\"@id\":\"https:\\\/\\\/lucia-rapetti.com\\\/detoxifiants\\\/#breadcrumb\",\"itemListElement\":[{\"@type\":\"ListItem\",\"position\":1,\"name\":\"Lucia Rapetti\",\"item\":\"https:\\\/\\\/lucia-rapetti.com\\\/\"},{\"@type\":\"ListItem\",\"position\":2,\"name\":\"D\u00e9toxifiants\"}]},{\"@type\":\"WebSite\",\"@id\":\"https:\\\/\\\/lucia-rapetti.com\\\/#website\",\"url\":\"https:\\\/\\\/lucia-rapetti.com\\\/\",\"name\":\"Lucia Rapetti Laboratoire Naturel\",\"description\":\"Laboratoire de cosm\u00e9tique naturel et beaut\u00e9\",\"publisher\":{\"@id\":\"https:\\\/\\\/lucia-rapetti.com\\\/#organization\"},\"potentialAction\":[{\"@type\":\"SearchAction\",\"target\":{\"@type\":\"EntryPoint\",\"urlTemplate\":\"https:\\\/\\\/lucia-rapetti.com\\\/?s={search_term_string}\"},\"query-input\":{\"@type\":\"PropertyValueSpecification\",\"valueRequired\":true,\"valueName\":\"search_term_string\"}}],\"inLanguage\":\"en-GB\"},{\"@type\":\"Organization\",\"@id\":\"https:\\\/\\\/lucia-rapetti.com\\\/#organization\",\"name\":\"Lucia Rapetti Laboratoire Naturel\",\"alternateName\":\"LR\",\"url\":\"https:\\\/\\\/lucia-rapetti.com\\\/\",\"logo\":{\"@type\":\"ImageObject\",\"inLanguage\":\"en-GB\",\"@id\":\"https:\\\/\\\/lucia-rapetti.com\\\/#\\\/schema\\\/logo\\\/image\\\/\",\"url\":\"https:\\\/\\\/lucia-rapetti.com\\\/wp-content\\\/uploads\\\/2023\\\/04\\\/cropped-lucia-rapetti-logo-1.png\",\"contentUrl\":\"https:\\\/\\\/lucia-rapetti.com\\\/wp-content\\\/uploads\\\/2023\\\/04\\\/cropped-lucia-rapetti-logo-1.png\",\"width\":850,\"height\":142,\"caption\":\"Lucia Rapetti Laboratoire Naturel\"},\"image\":{\"@id\":\"https:\\\/\\\/lucia-rapetti.com\\\/#\\\/schema\\\/logo\\\/image\\\/\"},\"sameAs\":[\"https:\\\/\\\/www.facebook.com\\\/luciarapettiofficial\",\"https:\\\/\\\/www.instagram.com\\\/luciarapettiofficial\\\/\"]}]}<\/script>\n<!-- \/ Yoast SEO plugin. -->","yoast_head_json":{"title":"Detoxifiers: Purify your body - Lucia Rapetti","description":"Explore our detoxifying body products. Free yourself from toxins and reveal radiant, healthy skin.","robots":{"index":"index","follow":"follow","max-snippet":"max-snippet:-1","max-image-preview":"max-image-preview:large","max-video-preview":"max-video-preview:-1"},"canonical":"https:\/\/lucia-rapetti.com\/en\/detoxifying\/","og_locale":"en_GB","og_type":"article","og_title":"D\u00e9toxifiants : Purifiez votre corps - Lucia Rapetti","og_description":"Explorez nos produits d\u00e9toxifiants pour le corps. Lib\u00e9rez-vous des toxines et retrouvez une peau \u00e9clatante et saine.","og_url":"https:\/\/lucia-rapetti.com\/en\/detoxifying\/","og_site_name":"Lucia Rapetti Laboratoire Naturel","article_publisher":"https:\/\/www.facebook.com\/luciarapettiofficial","article_modified_time":"2024-04-30T10:00:41+00:00","og_image":[{"url":"https:\/\/client.comanddesign.com\/wp-content\/uploads\/2023\/06\/LR-sito-spa-detox-600x600.png","type":"","width":"","height":""}],"twitter_card":"summary_large_image","twitter_misc":{"Estimated reading time":"1 minute"},"schema":{"@context":"https:\/\/schema.org","@graph":[{"@type":"WebPage","@id":"https:\/\/lucia-rapetti.com\/detoxifiants\/","url":"https:\/\/lucia-rapetti.com\/detoxifiants\/","name":"Detoxifiers: Purify your body - Lucia Rapetti","isPartOf":{"@id":"https:\/\/lucia-rapetti.com\/#website"},"primaryImageOfPage":{"@id":"https:\/\/lucia-rapetti.com\/detoxifiants\/#primaryimage"},"image":{"@id":"https:\/\/lucia-rapetti.com\/detoxifiants\/#primaryimage"},"thumbnailUrl":"https:\/\/client.comanddesign.com\/wp-content\/uploads\/2023\/06\/LR-sito-spa-detox-600x600.png","datePublished":"2023-06-30T15:33:27+00:00","dateModified":"2024-04-30T10:00:41+00:00","description":"Explore our detoxifying body products. Free yourself from toxins and reveal radiant, healthy skin.","breadcrumb":{"@id":"https:\/\/lucia-rapetti.com\/detoxifiants\/#breadcrumb"},"inLanguage":"en-GB","potentialAction":[{"@type":"ReadAction","target":["https:\/\/lucia-rapetti.com\/detoxifiants\/"]}]},{"@type":"ImageObject","inLanguage":"en-GB","@id":"https:\/\/lucia-rapetti.com\/detoxifiants\/#primaryimage","url":"https:\/\/client.comanddesign.com\/wp-content\/uploads\/2023\/06\/LR-sito-spa-detox-600x600.png","contentUrl":"https:\/\/client.comanddesign.com\/wp-content\/uploads\/2023\/06\/LR-sito-spa-detox-600x600.png"},{"@type":"BreadcrumbList","@id":"https:\/\/lucia-rapetti.com\/detoxifiants\/#breadcrumb","itemListElement":[{"@type":"ListItem","position":1,"name":"Lucia Rapetti","item":"https:\/\/lucia-rapetti.com\/"},{"@type":"ListItem","position":2,"name":"D\u00e9toxifiants"}]},{"@type":"WebSite","@id":"https:\/\/lucia-rapetti.com\/#website","url":"https:\/\/lucia-rapetti.com\/","name":"Lucia Rapetti Laboratoire Naturel","description":"Natural cosmetics and beauty laboratory","publisher":{"@id":"https:\/\/lucia-rapetti.com\/#organization"},"potentialAction":[{"@type":"SearchAction","target":{"@type":"EntryPoint","urlTemplate":"https:\/\/lucia-rapetti.com\/?s={search_term_string}"},"query-input":{"@type":"PropertyValueSpecification","valueRequired":true,"valueName":"search_term_string"}}],"inLanguage":"en-GB"},{"@type":"Organization","@id":"https:\/\/lucia-rapetti.com\/#organization","name":"Lucia Rapetti Laboratoire Naturel","alternateName":"LR","url":"https:\/\/lucia-rapetti.com\/","logo":{"@type":"ImageObject","inLanguage":"en-GB","@id":"https:\/\/lucia-rapetti.com\/#\/schema\/logo\/image\/","url":"https:\/\/lucia-rapetti.com\/wp-content\/uploads\/2023\/04\/cropped-lucia-rapetti-logo-1.png","contentUrl":"https:\/\/lucia-rapetti.com\/wp-content\/uploads\/2023\/04\/cropped-lucia-rapetti-logo-1.png","width":850,"height":142,"caption":"Lucia Rapetti Laboratoire Naturel"},"image":{"@id":"https:\/\/lucia-rapetti.com\/#\/schema\/logo\/image\/"},"sameAs":["https:\/\/www.facebook.com\/luciarapettiofficial","https:\/\/www.instagram.com\/luciarapettiofficial\/"]}]}},"_links":{"self":[{"href":"https:\/\/lucia-rapetti.com\/en\/wp-json\/wp\/v2\/pages\/1541","targetHints":{"allow":["GET"]}}],"collection":[{"href":"https:\/\/lucia-rapetti.com\/en\/wp-json\/wp\/v2\/pages"}],"about":[{"href":"https:\/\/lucia-rapetti.com\/en\/wp-json\/wp\/v2\/types\/page"}],"author":[{"embeddable":true,"href":"https:\/\/lucia-rapetti.com\/en\/wp-json\/wp\/v2\/users\/2"}],"replies":[{"embeddable":true,"href":"https:\/\/lucia-rapetti.com\/en\/wp-json\/wp\/v2\/comments?post=1541"}],"version-history":[{"count":0,"href":"https:\/\/lucia-rapetti.com\/en\/wp-json\/wp\/v2\/pages\/1541\/revisions"}],"wp:attachment":[{"href":"https:\/\/lucia-rapetti.com\/en\/wp-json\/wp\/v2\/media?parent=1541"}],"curies":[{"name":"wp","href":"https:\/\/api.w.org\/{rel}","templated":true}]}}