{"id":15147,"date":"2024-04-17T14:45:37","date_gmt":"2024-04-17T12:45:37","guid":{"rendered":"https:\/\/lucia-rapetti.com\/?page_id=15147"},"modified":"2024-04-19T10:16:42","modified_gmt":"2024-04-19T08:16:42","slug":"how-to-attract-customers-to-your-salon","status":"publish","type":"page","link":"https:\/\/lucia-rapetti.com\/en\/natural-beauty-institute\/how-to-attract-customers-to-your-salon\/","title":{"rendered":"How do you attract customers to a beauty salon?"},"content":{"rendered":"<div data-elementor-type=\"wp-page\" data-elementor-id=\"15147\" class=\"elementor elementor-15147\" data-elementor-post-type=\"page\">\n\t\t\t\t<div class=\"elementor-element elementor-element-776b3e2 e-flex e-con-boxed e-con e-parent\" data-id=\"776b3e2\" data-element_type=\"container\" data-e-type=\"container\">\n\t\t\t\t\t<div class=\"e-con-inner\">\n\t\t\t\t<div class=\"elementor-element elementor-element-2b78594 elementor-widget elementor-widget-heading\" data-id=\"2b78594\" data-element_type=\"widget\" data-e-type=\"widget\" data-widget_type=\"heading.default\">\n\t\t\t\t<div class=\"elementor-widget-container\">\n\t\t\t\t\t<h1 class=\"elementor-heading-title elementor-size-default\">How to attract customers to your beauty salon: The best digital strategies to adopt<\/h1>\t\t\t\t<\/div>\n\t\t\t\t<\/div>\n\t\t\t\t\t<\/div>\n\t\t\t\t<\/div>\n\t\t\t\t<section class=\"elementor-section elementor-top-section elementor-element elementor-element-90662db elementor-section-content-middle elementor-section-boxed elementor-section-height-default elementor-section-height-default\" data-id=\"90662db\" data-element_type=\"section\" data-e-type=\"section\" data-settings=\"{&quot;background_background&quot;:&quot;classic&quot;}\">\n\t\t\t\t\t\t<div class=\"elementor-container elementor-column-gap-no\">\n\t\t\t\t\t<div class=\"elementor-column elementor-col-50 elementor-top-column elementor-element elementor-element-88058b7\" data-id=\"88058b7\" data-element_type=\"column\" data-e-type=\"column\">\n\t\t\t<div class=\"elementor-widget-wrap elementor-element-populated\">\n\t\t\t\t\t\t<div class=\"elementor-element elementor-element-6c65afb elementor-widget elementor-widget-text-editor\" data-id=\"6c65afb\" data-element_type=\"widget\" data-e-type=\"widget\" data-widget_type=\"text-editor.default\">\n\t\t\t\t<div class=\"elementor-widget-container\">\n\t\t\t\t\t\t\t\t\t<p class=\"translation-block\">When looking to attract new customers to our <a href=\"https:\/\/lucia-rapetti.com\/en\/natural-beauty-institute\/\" target=\"_self\">beauty salon<\/a>, we often look to influencers and beauty magazines for inspiration. By keeping a close eye on current trends in the beauty industry on social networks, we can discover innovative ideas for offering services and products that capture the attention of our customers. Working with influencers can also increase our visibility and attract a wider audience eager to discover the latest beauty trends.<\/p><p>To stay at the forefront of the beauty industry and attract new customers, we are committed to taking inspiration from leading influencers and magazines. By keeping abreast of the latest developments and techniques, we can offer cutting-edge services that appeal to our customers. Collaborating with well-known influencers can not only increase our visibility, but also reinforce our reputation as an innovative beauty salon with an eye for the latest trends.<\/p>\t\t\t\t\t\t\t\t<\/div>\n\t\t\t\t<\/div>\n\t\t\t\t<div class=\"elementor-element elementor-element-b7978ca elementor-mobile-align-center elementor-align-left elementor-widget elementor-widget-button\" data-id=\"b7978ca\" data-element_type=\"widget\" data-e-type=\"widget\" data-widget_type=\"button.default\">\n\t\t\t\t<div class=\"elementor-widget-container\">\n\t\t\t\t\t\t\t\t\t<div class=\"elementor-button-wrapper\">\n\t\t\t\t\t<a class=\"elementor-button elementor-button-link elementor-size-sm\" href=\"\/en\/ranges\/\">\n\t\t\t\t\t\t<span class=\"elementor-button-content-wrapper\">\n\t\t\t\t\t\t\t\t\t<span class=\"elementor-button-text\">Discover the ranges<\/span>\n\t\t\t\t\t<\/span>\n\t\t\t\t\t<\/a>\n\t\t\t\t<\/div>\n\t\t\t\t\t\t\t\t<\/div>\n\t\t\t\t<\/div>\n\t\t\t\t\t<\/div>\n\t\t<\/div>\n\t\t\t\t<div class=\"elementor-column elementor-col-50 elementor-top-column elementor-element elementor-element-2148a65\" data-id=\"2148a65\" data-element_type=\"column\" data-e-type=\"column\">\n\t\t\t<div class=\"elementor-widget-wrap elementor-element-populated\">\n\t\t\t\t\t\t<div class=\"elementor-element elementor-element-14e5c50 elementor-widget-tablet__width-initial elementor-widget elementor-widget-image\" data-id=\"14e5c50\" data-element_type=\"widget\" data-e-type=\"widget\" data-widget_type=\"image.default\">\n\t\t\t\t<div class=\"elementor-widget-container\">\n\t\t\t\t\t\t\t\t\t\t\t\t\t\t\t<img fetchpriority=\"high\" decoding=\"async\" width=\"534\" height=\"650\" src=\"https:\/\/lucia-rapetti.com\/wp-content\/uploads\/2023\/07\/LR-sito-hp-clean-beauty2.jpg\" class=\"attachment-full size-full wp-image-1850\" alt=\"clean beauty product\" srcset=\"https:\/\/lucia-rapetti.com\/wp-content\/uploads\/2023\/07\/LR-sito-hp-clean-beauty2.jpg 534w, https:\/\/lucia-rapetti.com\/wp-content\/uploads\/2023\/07\/LR-sito-hp-clean-beauty2-246x300.jpg 246w\" sizes=\"(max-width: 534px) 100vw, 534px\" \/>\t\t\t\t\t\t\t\t\t\t\t\t\t\t\t<\/div>\n\t\t\t\t<\/div>\n\t\t\t\t\t<\/div>\n\t\t<\/div>\n\t\t\t\t\t<\/div>\n\t\t<\/section>\n\t\t\t\t<section class=\"elementor-section elementor-top-section elementor-element elementor-element-0df5397 elementor-section-content-middle elementor-reverse-mobile elementor-section-boxed elementor-section-height-default elementor-section-height-default\" data-id=\"0df5397\" data-element_type=\"section\" data-e-type=\"section\" data-settings=\"{&quot;background_background&quot;:&quot;classic&quot;}\">\n\t\t\t\t\t\t<div class=\"elementor-container elementor-column-gap-no\">\n\t\t\t\t\t<div class=\"elementor-column elementor-col-50 elementor-top-column elementor-element elementor-element-9ec4c81\" data-id=\"9ec4c81\" data-element_type=\"column\" data-e-type=\"column\">\n\t\t\t<div class=\"elementor-widget-wrap elementor-element-populated\">\n\t\t\t\t\t\t<div class=\"elementor-element elementor-element-d24726b elementor-widget elementor-widget-image\" data-id=\"d24726b\" data-element_type=\"widget\" data-e-type=\"widget\" data-widget_type=\"image.default\">\n\t\t\t\t<div class=\"elementor-widget-container\">\n\t\t\t\t\t\t\t\t\t\t\t\t\t\t\t<img decoding=\"async\" width=\"534\" height=\"650\" src=\"https:\/\/lucia-rapetti.com\/wp-content\/uploads\/2023\/07\/LR-sito-estetista.jpg\" class=\"attachment-full size-full wp-image-2045\" alt=\"natural beauty care\" srcset=\"https:\/\/lucia-rapetti.com\/wp-content\/uploads\/2023\/07\/LR-sito-estetista.jpg 534w, https:\/\/lucia-rapetti.com\/wp-content\/uploads\/2023\/07\/LR-sito-estetista-246x300.jpg 246w\" sizes=\"(max-width: 534px) 100vw, 534px\" \/>\t\t\t\t\t\t\t\t\t\t\t\t\t\t\t<\/div>\n\t\t\t\t<\/div>\n\t\t\t\t\t<\/div>\n\t\t<\/div>\n\t\t\t\t<div class=\"elementor-column elementor-col-50 elementor-top-column elementor-element elementor-element-21dc53e\" data-id=\"21dc53e\" data-element_type=\"column\" data-e-type=\"column\">\n\t\t\t<div class=\"elementor-widget-wrap elementor-element-populated\">\n\t\t\t\t\t\t<div class=\"elementor-element elementor-element-47ee3c5 elementor-widget elementor-widget-text-editor\" data-id=\"47ee3c5\" data-element_type=\"widget\" data-e-type=\"widget\" data-widget_type=\"text-editor.default\">\n\t\t\t\t<div class=\"elementor-widget-container\">\n\t\t\t\t\t\t\t\t\t<h2>Targeting the right customers<\/h2><p class=\"translation-block\">To successfully attract customers to our beauty salon, it's important to target the right audience. Understanding the ideal customer profile and tailoring our marketing efforts to their preferences and needs can significantly increase our chances <strong>of attracting and retaining customers.<\/strong> By conducting market research and analysing customer demographics, we can identify our target audience and develop targeted marketing strategies.<\/p><p class=\"translation-block\">To maximise the appeal of our beauty salon, it's vital to adopt a <strong>personalised approach<\/strong> to attract the right customers. By understanding the specific needs and expectations of our target audience, we can offer services and promotions that meet their requirements, encouraging them <strong>to choose our institute over the competition<\/strong>. By providing a unique customer experience and personalising our offers, we can build customer loyalty and strengthen our reputation in the beauty industry.<\/p><p class=\"translation-block\">Identifying the right customers for our beauty salon also relies on the ability to anticipate market trends and adapt to changes in the industry. By staying <strong>attentive<\/strong> to the latest trends and offering innovative services, we can attract a discerning audience looking for unique experiences. By positioning ourselves as a leader in our field, we can attract customers looking for quality and fashionable services.<\/p>\t\t\t\t\t\t\t\t<\/div>\n\t\t\t\t<\/div>\n\t\t\t\t\t<\/div>\n\t\t<\/div>\n\t\t\t\t\t<\/div>\n\t\t<\/section>\n\t\t<div class=\"elementor-element elementor-element-0dc4c79 e-flex e-con-boxed e-con e-parent\" data-id=\"0dc4c79\" data-element_type=\"container\" data-e-type=\"container\" data-settings=\"{&quot;background_background&quot;:&quot;classic&quot;}\">\n\t\t\t\t\t<div class=\"e-con-inner\">\n\t\t\t\t\t<\/div>\n\t\t\t\t<\/div>\n\t\t<div class=\"elementor-element elementor-element-cd7c6cf e-flex e-con-boxed e-con e-parent\" data-id=\"cd7c6cf\" data-element_type=\"container\" data-e-type=\"container\">\n\t\t\t\t\t<div class=\"e-con-inner\">\n\t\t\t\t<div class=\"elementor-element elementor-element-1a4998b elementor-widget elementor-widget-text-editor\" data-id=\"1a4998b\" data-element_type=\"widget\" data-e-type=\"widget\" data-widget_type=\"text-editor.default\">\n\t\t\t\t<div class=\"elementor-widget-container\">\n\t\t\t\t\t\t\t\t\t<h2>Be easy to find on Google<\/h2><p>To make sure our beauty salon is easy to find on Google, we've put in place a number of strategies to improve our online visibility. Here are some practical tips we've followed:<\/p><ul class=\"list-disc marker:text-primary-600 list-outside pl-5 space-y-2\"><li><p class=\"my-0\">Optimise our website with relevant keywords so that potential customers can find us more easily in search results.<\/p><\/li><li><p class=\"my-0\">Create a Google My Business profile to provide customers with information such as our opening hours, location and contact details.<\/p><\/li><li><p class=\"my-0\">Encourage our customers to leave online reviews on platforms such as Google, Facebook and Yelp to reinforce our credibility and appeal.<\/p><\/li><li><p class=\"my-0\">Make sure we appear on Google Maps and in local search results to attract customers looking for beauty services in our area.<\/p><\/li><\/ul><p>By following these tips, we've seen a significant increase in traffic to our beauty salon and improved online visibility. It's important to maintain a strong presence on Google to stay competitive in the beauty industry and attract new customers. We will continue to implement these strategies to ensure that our salon remains easily found and attractive to our customers.<\/p>\t\t\t\t\t\t\t\t<\/div>\n\t\t\t\t<\/div>\n\t\t\t\t<div class=\"elementor-element elementor-element-6112ef5 elementor-widget elementor-widget-spacer\" data-id=\"6112ef5\" data-element_type=\"widget\" data-e-type=\"widget\" data-widget_type=\"spacer.default\">\n\t\t\t\t<div class=\"elementor-widget-container\">\n\t\t\t\t\t\t\t<div class=\"elementor-spacer\">\n\t\t\t<div class=\"elementor-spacer-inner\"><\/div>\n\t\t<\/div>\n\t\t\t\t\t\t<\/div>\n\t\t\t\t<\/div>\n\t\t\t\t\t<\/div>\n\t\t\t\t<\/div>\n\t\t\t\t<\/div>","protected":false},"excerpt":{"rendered":"<p>Comment attirer les clients dans notre institut de beaut\u00e9 : Les meilleures strat\u00e9gies num\u00e9riques \u00e0 adopter Lorsque nous cherchons \u00e0 attirer de nouveaux clients dans notre institut de beaut\u00e9, nous nous tournons souvent vers les influenceurs et les magazines de beaut\u00e9 pour trouver l&rsquo;inspiration. En observant attentivement les tendances actuelles de l&rsquo;industrie de la beaut\u00e9 [&hellip;]<\/p>\n","protected":false},"author":3,"featured_media":0,"parent":4280,"menu_order":0,"comment_status":"closed","ping_status":"closed","template":"","meta":{"_acf_changed":false,"site-sidebar-layout":"no-sidebar","site-content-layout":"page-builder","ast-site-content-layout":"full-width-container","site-content-style":"unboxed","site-sidebar-style":"unboxed","ast-global-header-display":"","ast-banner-title-visibility":"","ast-main-header-display":"","ast-hfb-above-header-display":"","ast-hfb-below-header-display":"","ast-hfb-mobile-header-display":"","site-post-title":"disabled","ast-breadcrumbs-content":"","ast-featured-img":"disabled","footer-sml-layout":"","ast-disable-related-posts":"","theme-transparent-header-meta":"disabled","adv-header-id-meta":"","stick-header-meta":"","header-above-stick-meta":"","header-main-stick-meta":"","header-below-stick-meta":"","astra-migrate-meta-layouts":"set","ast-page-background-enabled":"default","ast-page-background-meta":{"desktop":{"background-color":"var(--ast-global-color-4)","background-image":"","background-repeat":"repeat","background-position":"center center","background-size":"auto","background-attachment":"scroll","background-type":"","background-media":"","overlay-type":"","overlay-color":"","overlay-opacity":"","overlay-gradient":""},"tablet":{"background-color":"","background-image":"","background-repeat":"repeat","background-position":"center center","background-size":"auto","background-attachment":"scroll","background-type":"","background-media":"","overlay-type":"","overlay-color":"","overlay-opacity":"","overlay-gradient":""},"mobile":{"background-color":"","background-image":"","background-repeat":"repeat","background-position":"center center","background-size":"auto","background-attachment":"scroll","background-type":"","background-media":"","overlay-type":"","overlay-color":"","overlay-opacity":"","overlay-gradient":""}},"ast-content-background-meta":{"desktop":{"background-color":"var(--ast-global-color-5)","background-image":"","background-repeat":"repeat","background-position":"center center","background-size":"auto","background-attachment":"scroll","background-type":"","background-media":"","overlay-type":"","overlay-color":"","overlay-opacity":"","overlay-gradient":""},"tablet":{"background-color":"var(--ast-global-color-5)","background-image":"","background-repeat":"repeat","background-position":"center center","background-size":"auto","background-attachment":"scroll","background-type":"","background-media":"","overlay-type":"","overlay-color":"","overlay-opacity":"","overlay-gradient":""},"mobile":{"background-color":"var(--ast-global-color-5)","background-image":"","background-repeat":"repeat","background-position":"center center","background-size":"auto","background-attachment":"scroll","background-type":"","background-media":"","overlay-type":"","overlay-color":"","overlay-opacity":"","overlay-gradient":""}},"footnotes":""},"class_list":["post-15147","page","type-page","status-publish","hentry"],"acf":[],"yoast_head":"<!-- This site is optimized with the Yoast SEO plugin v27.5 - https:\/\/yoast.com\/product\/yoast-seo-wordpress\/ -->\n<title>Comment attirer les clients dans un institut ? Lucia Rapetti<\/title>\n<meta name=\"description\" content=\"Dans un march\u00e9 de la beaut\u00e9 en constante \u00e9volution, il est crucial pour les instituts de beaut\u00e9 de se d\u00e9marquer et d&#039;attirer des clients.\" \/>\n<meta name=\"robots\" content=\"index, follow, max-snippet:-1, max-image-preview:large, max-video-preview:-1\" \/>\n<link rel=\"canonical\" href=\"https:\/\/lucia-rapetti.com\/en\/natural-beauty-institute\/how-to-attract-customers-to-your-salon\/\" \/>\n<meta property=\"og:locale\" content=\"en_GB\" \/>\n<meta property=\"og:type\" content=\"article\" \/>\n<meta property=\"og:title\" content=\"Comment attirer les clients dans un institut ? Lucia Rapetti\" \/>\n<meta property=\"og:description\" content=\"Dans un march\u00e9 de la beaut\u00e9 en constante \u00e9volution, il est crucial pour les instituts de beaut\u00e9 de se d\u00e9marquer et d&#039;attirer des clients.\" \/>\n<meta property=\"og:url\" content=\"https:\/\/lucia-rapetti.com\/en\/natural-beauty-institute\/how-to-attract-customers-to-your-salon\/\" \/>\n<meta property=\"og:site_name\" content=\"Lucia Rapetti Laboratoire Naturel\" \/>\n<meta property=\"article:publisher\" content=\"https:\/\/www.facebook.com\/luciarapettiofficial\" \/>\n<meta property=\"article:modified_time\" content=\"2024-04-19T08:16:42+00:00\" \/>\n<meta property=\"og:image\" content=\"https:\/\/lucia-rapetti.com\/wp-content\/uploads\/2023\/07\/LR-sito-hp-clean-beauty2.jpg\" \/>\n<meta name=\"twitter:card\" content=\"summary_large_image\" \/>\n<meta name=\"twitter:label1\" content=\"Estimated reading time\" \/>\n\t<meta name=\"twitter:data1\" content=\"4 minutes\" \/>\n<script type=\"application\/ld+json\" class=\"yoast-schema-graph\">{\"@context\":\"https:\\\/\\\/schema.org\",\"@graph\":[{\"@type\":\"WebPage\",\"@id\":\"https:\\\/\\\/lucia-rapetti.com\\\/institut-de-beaute-naturel\\\/comment-attirer-les-clients-dans-un-institut\\\/\",\"url\":\"https:\\\/\\\/lucia-rapetti.com\\\/institut-de-beaute-naturel\\\/comment-attirer-les-clients-dans-un-institut\\\/\",\"name\":\"Comment attirer les clients dans un institut ? Lucia Rapetti\",\"isPartOf\":{\"@id\":\"https:\\\/\\\/lucia-rapetti.com\\\/#website\"},\"primaryImageOfPage\":{\"@id\":\"https:\\\/\\\/lucia-rapetti.com\\\/institut-de-beaute-naturel\\\/comment-attirer-les-clients-dans-un-institut\\\/#primaryimage\"},\"image\":{\"@id\":\"https:\\\/\\\/lucia-rapetti.com\\\/institut-de-beaute-naturel\\\/comment-attirer-les-clients-dans-un-institut\\\/#primaryimage\"},\"thumbnailUrl\":\"https:\\\/\\\/lucia-rapetti.com\\\/wp-content\\\/uploads\\\/2023\\\/07\\\/LR-sito-hp-clean-beauty2.jpg\",\"datePublished\":\"2024-04-17T12:45:37+00:00\",\"dateModified\":\"2024-04-19T08:16:42+00:00\",\"description\":\"Dans un march\u00e9 de la beaut\u00e9 en constante \u00e9volution, il est crucial pour les instituts de beaut\u00e9 de se d\u00e9marquer et d'attirer des clients.\",\"breadcrumb\":{\"@id\":\"https:\\\/\\\/lucia-rapetti.com\\\/institut-de-beaute-naturel\\\/comment-attirer-les-clients-dans-un-institut\\\/#breadcrumb\"},\"inLanguage\":\"en-GB\",\"potentialAction\":[{\"@type\":\"ReadAction\",\"target\":[\"https:\\\/\\\/lucia-rapetti.com\\\/institut-de-beaute-naturel\\\/comment-attirer-les-clients-dans-un-institut\\\/\"]}]},{\"@type\":\"ImageObject\",\"inLanguage\":\"en-GB\",\"@id\":\"https:\\\/\\\/lucia-rapetti.com\\\/institut-de-beaute-naturel\\\/comment-attirer-les-clients-dans-un-institut\\\/#primaryimage\",\"url\":\"https:\\\/\\\/lucia-rapetti.com\\\/wp-content\\\/uploads\\\/2023\\\/07\\\/LR-sito-hp-clean-beauty2.jpg\",\"contentUrl\":\"https:\\\/\\\/lucia-rapetti.com\\\/wp-content\\\/uploads\\\/2023\\\/07\\\/LR-sito-hp-clean-beauty2.jpg\"},{\"@type\":\"BreadcrumbList\",\"@id\":\"https:\\\/\\\/lucia-rapetti.com\\\/institut-de-beaute-naturel\\\/comment-attirer-les-clients-dans-un-institut\\\/#breadcrumb\",\"itemListElement\":[{\"@type\":\"ListItem\",\"position\":1,\"name\":\"Lucia Rapetti\",\"item\":\"https:\\\/\\\/lucia-rapetti.com\\\/\"},{\"@type\":\"ListItem\",\"position\":2,\"name\":\"Trouvez un institut de beaut\u00e9 au naturel\",\"item\":\"https:\\\/\\\/lucia-rapetti.com\\\/institut-de-beaute-naturel\\\/\"},{\"@type\":\"ListItem\",\"position\":3,\"name\":\"Comment attirer les clients dans un institut de beaut\u00e9 ?\"}]},{\"@type\":\"WebSite\",\"@id\":\"https:\\\/\\\/lucia-rapetti.com\\\/#website\",\"url\":\"https:\\\/\\\/lucia-rapetti.com\\\/\",\"name\":\"Lucia Rapetti Laboratoire Naturel\",\"description\":\"Laboratoire de cosm\u00e9tique naturel et beaut\u00e9\",\"publisher\":{\"@id\":\"https:\\\/\\\/lucia-rapetti.com\\\/#organization\"},\"potentialAction\":[{\"@type\":\"SearchAction\",\"target\":{\"@type\":\"EntryPoint\",\"urlTemplate\":\"https:\\\/\\\/lucia-rapetti.com\\\/?s={search_term_string}\"},\"query-input\":{\"@type\":\"PropertyValueSpecification\",\"valueRequired\":true,\"valueName\":\"search_term_string\"}}],\"inLanguage\":\"en-GB\"},{\"@type\":\"Organization\",\"@id\":\"https:\\\/\\\/lucia-rapetti.com\\\/#organization\",\"name\":\"Lucia Rapetti Laboratoire Naturel\",\"alternateName\":\"LR\",\"url\":\"https:\\\/\\\/lucia-rapetti.com\\\/\",\"logo\":{\"@type\":\"ImageObject\",\"inLanguage\":\"en-GB\",\"@id\":\"https:\\\/\\\/lucia-rapetti.com\\\/#\\\/schema\\\/logo\\\/image\\\/\",\"url\":\"https:\\\/\\\/lucia-rapetti.com\\\/wp-content\\\/uploads\\\/2023\\\/04\\\/cropped-lucia-rapetti-logo-1.png\",\"contentUrl\":\"https:\\\/\\\/lucia-rapetti.com\\\/wp-content\\\/uploads\\\/2023\\\/04\\\/cropped-lucia-rapetti-logo-1.png\",\"width\":850,\"height\":142,\"caption\":\"Lucia Rapetti Laboratoire Naturel\"},\"image\":{\"@id\":\"https:\\\/\\\/lucia-rapetti.com\\\/#\\\/schema\\\/logo\\\/image\\\/\"},\"sameAs\":[\"https:\\\/\\\/www.facebook.com\\\/luciarapettiofficial\",\"https:\\\/\\\/www.instagram.com\\\/luciarapettiofficial\\\/\"]}]}<\/script>\n<!-- \/ Yoast SEO plugin. -->","yoast_head_json":{"title":"How do you attract customers to your salon? Lucia Rapetti","description":"In an ever-changing beauty market, it's crucial for beauty salons to stand out from the crowd and attract customers.","robots":{"index":"index","follow":"follow","max-snippet":"max-snippet:-1","max-image-preview":"max-image-preview:large","max-video-preview":"max-video-preview:-1"},"canonical":"https:\/\/lucia-rapetti.com\/en\/natural-beauty-institute\/how-to-attract-customers-to-your-salon\/","og_locale":"en_GB","og_type":"article","og_title":"Comment attirer les clients dans un institut ? Lucia Rapetti","og_description":"Dans un march\u00e9 de la beaut\u00e9 en constante \u00e9volution, il est crucial pour les instituts de beaut\u00e9 de se d\u00e9marquer et d'attirer des clients.","og_url":"https:\/\/lucia-rapetti.com\/en\/natural-beauty-institute\/how-to-attract-customers-to-your-salon\/","og_site_name":"Lucia Rapetti Laboratoire Naturel","article_publisher":"https:\/\/www.facebook.com\/luciarapettiofficial","article_modified_time":"2024-04-19T08:16:42+00:00","og_image":[{"url":"https:\/\/lucia-rapetti.com\/wp-content\/uploads\/2023\/07\/LR-sito-hp-clean-beauty2.jpg","type":"","width":"","height":""}],"twitter_card":"summary_large_image","twitter_misc":{"Estimated reading time":"4 minutes"},"schema":{"@context":"https:\/\/schema.org","@graph":[{"@type":"WebPage","@id":"https:\/\/lucia-rapetti.com\/institut-de-beaute-naturel\/comment-attirer-les-clients-dans-un-institut\/","url":"https:\/\/lucia-rapetti.com\/institut-de-beaute-naturel\/comment-attirer-les-clients-dans-un-institut\/","name":"How do you attract customers to your salon? Lucia Rapetti","isPartOf":{"@id":"https:\/\/lucia-rapetti.com\/#website"},"primaryImageOfPage":{"@id":"https:\/\/lucia-rapetti.com\/institut-de-beaute-naturel\/comment-attirer-les-clients-dans-un-institut\/#primaryimage"},"image":{"@id":"https:\/\/lucia-rapetti.com\/institut-de-beaute-naturel\/comment-attirer-les-clients-dans-un-institut\/#primaryimage"},"thumbnailUrl":"https:\/\/lucia-rapetti.com\/wp-content\/uploads\/2023\/07\/LR-sito-hp-clean-beauty2.jpg","datePublished":"2024-04-17T12:45:37+00:00","dateModified":"2024-04-19T08:16:42+00:00","description":"In an ever-changing beauty market, it's crucial for beauty salons to stand out from the crowd and attract customers.","breadcrumb":{"@id":"https:\/\/lucia-rapetti.com\/institut-de-beaute-naturel\/comment-attirer-les-clients-dans-un-institut\/#breadcrumb"},"inLanguage":"en-GB","potentialAction":[{"@type":"ReadAction","target":["https:\/\/lucia-rapetti.com\/institut-de-beaute-naturel\/comment-attirer-les-clients-dans-un-institut\/"]}]},{"@type":"ImageObject","inLanguage":"en-GB","@id":"https:\/\/lucia-rapetti.com\/institut-de-beaute-naturel\/comment-attirer-les-clients-dans-un-institut\/#primaryimage","url":"https:\/\/lucia-rapetti.com\/wp-content\/uploads\/2023\/07\/LR-sito-hp-clean-beauty2.jpg","contentUrl":"https:\/\/lucia-rapetti.com\/wp-content\/uploads\/2023\/07\/LR-sito-hp-clean-beauty2.jpg"},{"@type":"BreadcrumbList","@id":"https:\/\/lucia-rapetti.com\/institut-de-beaute-naturel\/comment-attirer-les-clients-dans-un-institut\/#breadcrumb","itemListElement":[{"@type":"ListItem","position":1,"name":"Lucia Rapetti","item":"https:\/\/lucia-rapetti.com\/"},{"@type":"ListItem","position":2,"name":"Trouvez un institut de beaut\u00e9 au naturel","item":"https:\/\/lucia-rapetti.com\/institut-de-beaute-naturel\/"},{"@type":"ListItem","position":3,"name":"Comment attirer les clients dans un institut de beaut\u00e9 ?"}]},{"@type":"WebSite","@id":"https:\/\/lucia-rapetti.com\/#website","url":"https:\/\/lucia-rapetti.com\/","name":"Lucia Rapetti Laboratoire Naturel","description":"Natural cosmetics and beauty laboratory","publisher":{"@id":"https:\/\/lucia-rapetti.com\/#organization"},"potentialAction":[{"@type":"SearchAction","target":{"@type":"EntryPoint","urlTemplate":"https:\/\/lucia-rapetti.com\/?s={search_term_string}"},"query-input":{"@type":"PropertyValueSpecification","valueRequired":true,"valueName":"search_term_string"}}],"inLanguage":"en-GB"},{"@type":"Organization","@id":"https:\/\/lucia-rapetti.com\/#organization","name":"Lucia Rapetti Laboratoire Naturel","alternateName":"LR","url":"https:\/\/lucia-rapetti.com\/","logo":{"@type":"ImageObject","inLanguage":"en-GB","@id":"https:\/\/lucia-rapetti.com\/#\/schema\/logo\/image\/","url":"https:\/\/lucia-rapetti.com\/wp-content\/uploads\/2023\/04\/cropped-lucia-rapetti-logo-1.png","contentUrl":"https:\/\/lucia-rapetti.com\/wp-content\/uploads\/2023\/04\/cropped-lucia-rapetti-logo-1.png","width":850,"height":142,"caption":"Lucia Rapetti Laboratoire Naturel"},"image":{"@id":"https:\/\/lucia-rapetti.com\/#\/schema\/logo\/image\/"},"sameAs":["https:\/\/www.facebook.com\/luciarapettiofficial","https:\/\/www.instagram.com\/luciarapettiofficial\/"]}]}},"_links":{"self":[{"href":"https:\/\/lucia-rapetti.com\/en\/wp-json\/wp\/v2\/pages\/15147","targetHints":{"allow":["GET"]}}],"collection":[{"href":"https:\/\/lucia-rapetti.com\/en\/wp-json\/wp\/v2\/pages"}],"about":[{"href":"https:\/\/lucia-rapetti.com\/en\/wp-json\/wp\/v2\/types\/page"}],"author":[{"embeddable":true,"href":"https:\/\/lucia-rapetti.com\/en\/wp-json\/wp\/v2\/users\/3"}],"replies":[{"embeddable":true,"href":"https:\/\/lucia-rapetti.com\/en\/wp-json\/wp\/v2\/comments?post=15147"}],"version-history":[{"count":0,"href":"https:\/\/lucia-rapetti.com\/en\/wp-json\/wp\/v2\/pages\/15147\/revisions"}],"up":[{"embeddable":true,"href":"https:\/\/lucia-rapetti.com\/en\/wp-json\/wp\/v2\/pages\/4280"}],"wp:attachment":[{"href":"https:\/\/lucia-rapetti.com\/en\/wp-json\/wp\/v2\/media?parent=15147"}],"curies":[{"name":"wp","href":"https:\/\/api.w.org\/{rel}","templated":true}]}}