{"id":15121,"date":"2024-04-17T12:27:15","date_gmt":"2024-04-17T10:27:15","guid":{"rendered":"https:\/\/lucia-rapetti.com\/?page_id=15121"},"modified":"2025-05-16T09:54:10","modified_gmt":"2025-05-16T07:54:10","slug":"how-to-recognise-a-good-beautician","status":"publish","type":"page","link":"https:\/\/lucia-rapetti.com\/en\/natural-beauty-institute\/how-to-recognise-a-good-beautician\/","title":{"rendered":"How can you spot a good beautician?"},"content":{"rendered":"<div data-elementor-type=\"wp-page\" data-elementor-id=\"15121\" class=\"elementor elementor-15121\" data-elementor-post-type=\"page\">\n\t\t\t\t<div class=\"elementor-element elementor-element-776b3e2 e-flex e-con-boxed e-con e-parent\" data-id=\"776b3e2\" data-element_type=\"container\" data-e-type=\"container\">\n\t\t\t\t\t<div class=\"e-con-inner\">\n\t\t\t\t<div class=\"elementor-element elementor-element-2b78594 elementor-widget elementor-widget-heading\" data-id=\"2b78594\" data-element_type=\"widget\" data-e-type=\"widget\" data-widget_type=\"heading.default\">\n\t\t\t\t<div class=\"elementor-widget-container\">\n\t\t\t\t\t<h1 class=\"elementor-heading-title elementor-size-default\">How can you spot a good beautician in your beauty salon?<\/h1>\t\t\t\t<\/div>\n\t\t\t\t<\/div>\n\t\t\t\t\t<\/div>\n\t\t\t\t<\/div>\n\t\t\t\t<section class=\"elementor-section elementor-top-section elementor-element elementor-element-90662db elementor-section-content-middle elementor-section-boxed elementor-section-height-default elementor-section-height-default\" data-id=\"90662db\" data-element_type=\"section\" data-e-type=\"section\" data-settings=\"{&quot;background_background&quot;:&quot;classic&quot;}\">\n\t\t\t\t\t\t<div class=\"elementor-container elementor-column-gap-no\">\n\t\t\t\t\t<div class=\"elementor-column elementor-col-50 elementor-top-column elementor-element elementor-element-88058b7\" data-id=\"88058b7\" data-element_type=\"column\" data-e-type=\"column\">\n\t\t\t<div class=\"elementor-widget-wrap elementor-element-populated\">\n\t\t\t\t\t\t<div class=\"elementor-element elementor-element-6c65afb elementor-widget elementor-widget-text-editor\" data-id=\"6c65afb\" data-element_type=\"widget\" data-e-type=\"widget\" data-widget_type=\"text-editor.default\">\n\t\t\t\t<div class=\"elementor-widget-container\">\n\t\t\t\t\t\t\t\t\t<p>A passion for the job is an essential element of an excellent beautician. Enthusiasm and a genuine love of helping customers look and feel their best are qualities that stand out in a good beautician. This passion is reflected in the positive atmosphere she creates in the salon. <a href=\"https:\/\/lucia-rapetti.com\/en\/natural-beauty-institute\/\">the beauty salon<\/a>, inspiring confidence and well-being in customers.<\/p><p class=\"translation-block\">For a quality beautician, passion is not limited to daily practice, but extends to <strong>a constant desire to learn and improve<\/strong>. Ongoing training is a fundamental pillar of her commitment to her clients and her profession. Always on the lookout for the latest advances and techniques in the aesthetics sector, she strives to stay up to date in order to offer high-quality, innovative services.<\/p><p class=\"translation-block\">Thanks to her passion for the profession, a good beautician is not only competent, <strong>but also a source of inspiration for her team and clients<\/strong>. Her infectious energy and dedication to improving the lives of those she meets make her an exceptional professional, ready to take on any challenge to deliver exceptional beauty treatments.<\/p>\t\t\t\t\t\t\t\t<\/div>\n\t\t\t\t<\/div>\n\t\t\t\t<div class=\"elementor-element elementor-element-b7978ca elementor-mobile-align-center elementor-align-left elementor-widget elementor-widget-button\" data-id=\"b7978ca\" data-element_type=\"widget\" data-e-type=\"widget\" data-widget_type=\"button.default\">\n\t\t\t\t<div class=\"elementor-widget-container\">\n\t\t\t\t\t\t\t\t\t<div class=\"elementor-button-wrapper\">\n\t\t\t\t\t<a class=\"elementor-button elementor-button-link elementor-size-sm\" href=\"\/en\/ranges\/\">\n\t\t\t\t\t\t<span class=\"elementor-button-content-wrapper\">\n\t\t\t\t\t\t\t\t\t<span class=\"elementor-button-text\">Discover the ranges<\/span>\n\t\t\t\t\t<\/span>\n\t\t\t\t\t<\/a>\n\t\t\t\t<\/div>\n\t\t\t\t\t\t\t\t<\/div>\n\t\t\t\t<\/div>\n\t\t\t\t\t<\/div>\n\t\t<\/div>\n\t\t\t\t<div class=\"elementor-column elementor-col-50 elementor-top-column elementor-element elementor-element-2148a65\" data-id=\"2148a65\" data-element_type=\"column\" data-e-type=\"column\">\n\t\t\t<div class=\"elementor-widget-wrap elementor-element-populated\">\n\t\t\t\t\t\t<div class=\"elementor-element elementor-element-14e5c50 elementor-widget-tablet__width-initial elementor-widget elementor-widget-image\" data-id=\"14e5c50\" data-element_type=\"widget\" data-e-type=\"widget\" data-widget_type=\"image.default\">\n\t\t\t\t<div class=\"elementor-widget-container\">\n\t\t\t\t\t\t\t\t\t\t\t\t\t\t\t<img fetchpriority=\"high\" decoding=\"async\" width=\"534\" height=\"650\" src=\"https:\/\/lucia-rapetti.com\/wp-content\/uploads\/2023\/07\/LR-sito-hp-clean-beauty2.jpg\" class=\"attachment-full size-full wp-image-1850\" alt=\"clean beauty product\" srcset=\"https:\/\/lucia-rapetti.com\/wp-content\/uploads\/2023\/07\/LR-sito-hp-clean-beauty2.jpg 534w, https:\/\/lucia-rapetti.com\/wp-content\/uploads\/2023\/07\/LR-sito-hp-clean-beauty2-246x300.jpg 246w\" sizes=\"(max-width: 534px) 100vw, 534px\" \/>\t\t\t\t\t\t\t\t\t\t\t\t\t\t\t<\/div>\n\t\t\t\t<\/div>\n\t\t\t\t\t<\/div>\n\t\t<\/div>\n\t\t\t\t\t<\/div>\n\t\t<\/section>\n\t\t\t\t<section class=\"elementor-section elementor-top-section elementor-element elementor-element-0df5397 elementor-section-content-middle elementor-reverse-mobile elementor-section-boxed elementor-section-height-default elementor-section-height-default\" data-id=\"0df5397\" data-element_type=\"section\" data-e-type=\"section\" data-settings=\"{&quot;background_background&quot;:&quot;classic&quot;}\">\n\t\t\t\t\t\t<div class=\"elementor-container elementor-column-gap-no\">\n\t\t\t\t\t<div class=\"elementor-column elementor-col-50 elementor-top-column elementor-element elementor-element-9ec4c81\" data-id=\"9ec4c81\" data-element_type=\"column\" data-e-type=\"column\">\n\t\t\t<div class=\"elementor-widget-wrap elementor-element-populated\">\n\t\t\t\t\t\t<div class=\"elementor-element elementor-element-d24726b elementor-widget elementor-widget-image\" data-id=\"d24726b\" data-element_type=\"widget\" data-e-type=\"widget\" data-widget_type=\"image.default\">\n\t\t\t\t<div class=\"elementor-widget-container\">\n\t\t\t\t\t\t\t\t\t\t\t\t\t\t\t<img decoding=\"async\" width=\"534\" height=\"650\" src=\"https:\/\/lucia-rapetti.com\/wp-content\/uploads\/2023\/07\/LR-sito-estetista.jpg\" class=\"attachment-full size-full wp-image-2045\" alt=\"natural beauty care\" srcset=\"https:\/\/lucia-rapetti.com\/wp-content\/uploads\/2023\/07\/LR-sito-estetista.jpg 534w, https:\/\/lucia-rapetti.com\/wp-content\/uploads\/2023\/07\/LR-sito-estetista-246x300.jpg 246w\" sizes=\"(max-width: 534px) 100vw, 534px\" \/>\t\t\t\t\t\t\t\t\t\t\t\t\t\t\t<\/div>\n\t\t\t\t<\/div>\n\t\t\t\t\t<\/div>\n\t\t<\/div>\n\t\t\t\t<div class=\"elementor-column elementor-col-50 elementor-top-column elementor-element elementor-element-21dc53e\" data-id=\"21dc53e\" data-element_type=\"column\" data-e-type=\"column\">\n\t\t\t<div class=\"elementor-widget-wrap elementor-element-populated\">\n\t\t\t\t\t\t<div class=\"elementor-element elementor-element-47ee3c5 elementor-widget elementor-widget-text-editor\" data-id=\"47ee3c5\" data-element_type=\"widget\" data-e-type=\"widget\" data-widget_type=\"text-editor.default\">\n\t\t\t\t<div class=\"elementor-widget-container\">\n\t\t\t\t\t\t\t\t\t<h2>Qualities of a good beautician<\/h2><p class=\"translation-block\"><strong>Passion for the job:<\/strong> We firmly believe that passion is at the heart of every good beautician. An aesthetician who is passionate about her work not only excels in her treatments, but also creates a positive and welcoming atmosphere in the salon. Her passion for helping clients feel and look their best is reflected in every service she provides.<\/p><p class=\"translation-block\"><strong>Continuing education:<\/strong> With us, we value continuing education in aesthetics. We believe that a good aesthetician is always looking for new techniques, trends and products to improve her skills. She invests time and effort in keeping abreast of the latest industry advances to ensure our customers receive the highest quality services.<\/p><p class=\"translation-block\"><strong>Curiosity and interest in the latest trends:<\/strong> An exceptional aesthetician is curious and passionate about the latest beauty trends. She actively seeks out new information and is eager to incorporate innovative techniques into her practice. This curiosity enables her to stay at the forefront of the industry and offer modern, effective treatments to our customers.<\/p><p class=\"translation-block\"><strong>Appearance and professional hygiene:<\/strong> At our institute, we attach great importance to appearance and professional hygiene. A good beautician understands the importance of maintaining an impeccable professional appearance and impeccable hygiene. She takes care of her personal appearance and ensures that her image reflects the high standards of the beauty industry.<\/p>\t\t\t\t\t\t\t\t<\/div>\n\t\t\t\t<\/div>\n\t\t\t\t\t<\/div>\n\t\t<\/div>\n\t\t\t\t\t<\/div>\n\t\t<\/section>\n\t\t<div class=\"elementor-element elementor-element-0dc4c79 e-flex e-con-boxed e-con e-parent\" data-id=\"0dc4c79\" data-element_type=\"container\" data-e-type=\"container\" data-settings=\"{&quot;background_background&quot;:&quot;classic&quot;}\">\n\t\t\t\t\t<div class=\"e-con-inner\">\n\t\t\t\t\t<\/div>\n\t\t\t\t<\/div>\n\t\t<div class=\"elementor-element elementor-element-cd7c6cf e-flex e-con-boxed e-con e-parent\" data-id=\"cd7c6cf\" data-element_type=\"container\" data-e-type=\"container\">\n\t\t\t\t\t<div class=\"e-con-inner\">\n\t\t\t\t<div class=\"elementor-element elementor-element-1a4998b elementor-widget elementor-widget-text-editor\" data-id=\"1a4998b\" data-element_type=\"widget\" data-e-type=\"widget\" data-widget_type=\"text-editor.default\">\n\t\t\t\t<div class=\"elementor-widget-container\">\n\t\t\t\t\t\t\t\t\t<h2>Attention to detail<\/h2><p>Attention to detail is a must for any beautician who wants to provide top-quality services to her clients. An aesthetician who pays attention to detail ensures that every treatment is carried out with precision and meticulousness, guaranteeing customer satisfaction.<\/p><p>To recognise a good beautician, it's important to note her ability to focus on the smallest details. A detail-oriented beautician knows that every little gesture counts when it comes to beautifying the skin or achieving a perfect manicure.<\/p><p>Aestheticians who pay attention to detail are able to tailor each treatment to the specific needs of each client. Their ability to notice subtle nuances and adjust their techniques accordingly is testament to their high level of professionalism.<\/p><p>Ultimately, an esthetician who excels in attention to detail is not only able to provide impeccable beauty services, but also creates an unforgettable customer experience. It's this attention to detail that makes the difference and sets an esthetician apart in the beauty industry.<\/p>\t\t\t\t\t\t\t\t<\/div>\n\t\t\t\t<\/div>\n\t\t\t\t<div class=\"elementor-element elementor-element-6112ef5 elementor-widget elementor-widget-spacer\" data-id=\"6112ef5\" data-element_type=\"widget\" data-e-type=\"widget\" data-widget_type=\"spacer.default\">\n\t\t\t\t<div class=\"elementor-widget-container\">\n\t\t\t\t\t\t\t<div class=\"elementor-spacer\">\n\t\t\t<div class=\"elementor-spacer-inner\"><\/div>\n\t\t<\/div>\n\t\t\t\t\t\t<\/div>\n\t\t\t\t<\/div>\n\t\t\t\t\t<\/div>\n\t\t\t\t<\/div>\n\t\t\t\t<\/div>","protected":false},"excerpt":{"rendered":"<p>Comment reconna\u00eetre une bonne esth\u00e9ticienne dans votre institut de beaut\u00e9 ? La passion pour le m\u00e9tier est un \u00e9l\u00e9ment primordial pour une esth\u00e9ticienne d&rsquo;excellence. L&rsquo;enthousiasme et l&rsquo;amour sinc\u00e8re pour aider les clients \u00e0 se sentir et \u00e0 para\u00eetre au mieux sont des qualit\u00e9s qui se d\u00e9marquent chez une bonne esth\u00e9ticienne. Cette passion se refl\u00e8te dans [&hellip;]<\/p>\n","protected":false},"author":3,"featured_media":0,"parent":4280,"menu_order":0,"comment_status":"closed","ping_status":"closed","template":"","meta":{"_acf_changed":false,"site-sidebar-layout":"no-sidebar","site-content-layout":"page-builder","ast-site-content-layout":"full-width-container","site-content-style":"unboxed","site-sidebar-style":"unboxed","ast-global-header-display":"","ast-banner-title-visibility":"","ast-main-header-display":"","ast-hfb-above-header-display":"","ast-hfb-below-header-display":"","ast-hfb-mobile-header-display":"","site-post-title":"disabled","ast-breadcrumbs-content":"","ast-featured-img":"disabled","footer-sml-layout":"","ast-disable-related-posts":"","theme-transparent-header-meta":"disabled","adv-header-id-meta":"","stick-header-meta":"","header-above-stick-meta":"","header-main-stick-meta":"","header-below-stick-meta":"","astra-migrate-meta-layouts":"set","ast-page-background-enabled":"default","ast-page-background-meta":{"desktop":{"background-color":"var(--ast-global-color-4)","background-image":"","background-repeat":"repeat","background-position":"center center","background-size":"auto","background-attachment":"scroll","background-type":"","background-media":"","overlay-type":"","overlay-color":"","overlay-opacity":"","overlay-gradient":""},"tablet":{"background-color":"","background-image":"","background-repeat":"repeat","background-position":"center center","background-size":"auto","background-attachment":"scroll","background-type":"","background-media":"","overlay-type":"","overlay-color":"","overlay-opacity":"","overlay-gradient":""},"mobile":{"background-color":"","background-image":"","background-repeat":"repeat","background-position":"center center","background-size":"auto","background-attachment":"scroll","background-type":"","background-media":"","overlay-type":"","overlay-color":"","overlay-opacity":"","overlay-gradient":""}},"ast-content-background-meta":{"desktop":{"background-color":"var(--ast-global-color-5)","background-image":"","background-repeat":"repeat","background-position":"center center","background-size":"auto","background-attachment":"scroll","background-type":"","background-media":"","overlay-type":"","overlay-color":"","overlay-opacity":"","overlay-gradient":""},"tablet":{"background-color":"var(--ast-global-color-5)","background-image":"","background-repeat":"repeat","background-position":"center center","background-size":"auto","background-attachment":"scroll","background-type":"","background-media":"","overlay-type":"","overlay-color":"","overlay-opacity":"","overlay-gradient":""},"mobile":{"background-color":"var(--ast-global-color-5)","background-image":"","background-repeat":"repeat","background-position":"center center","background-size":"auto","background-attachment":"scroll","background-type":"","background-media":"","overlay-type":"","overlay-color":"","overlay-opacity":"","overlay-gradient":""}},"footnotes":""},"class_list":["post-15121","page","type-page","status-publish","hentry"],"acf":[],"yoast_head":"<!-- This site is optimized with the Yoast SEO plugin v27.4 - https:\/\/yoast.com\/product\/yoast-seo-wordpress\/ -->\n<title>Comment reconnaitre une bonne esth\u00e9ticienne ? Lucia Rapetti<\/title>\n<meta name=\"description\" content=\"Pour b\u00e9n\u00e9ficier de soins du visage, d&#039;\u00e9pilations ou de modelages, s\u00e9lectionner une professionnelle qui soit \u00e0 l&#039;\u00e9coute est primordial.\" \/>\n<meta name=\"robots\" content=\"index, follow, max-snippet:-1, max-image-preview:large, max-video-preview:-1\" \/>\n<link rel=\"canonical\" href=\"https:\/\/lucia-rapetti.com\/en\/natural-beauty-institute\/how-to-recognise-a-good-beautician\/\" \/>\n<meta property=\"og:locale\" content=\"en_GB\" \/>\n<meta property=\"og:type\" content=\"article\" \/>\n<meta property=\"og:title\" content=\"Comment reconnaitre une bonne esth\u00e9ticienne ? Lucia Rapetti\" \/>\n<meta property=\"og:description\" content=\"Pour b\u00e9n\u00e9ficier de soins du visage, d&#039;\u00e9pilations ou de modelages, s\u00e9lectionner une professionnelle qui soit \u00e0 l&#039;\u00e9coute est primordial.\" \/>\n<meta property=\"og:url\" content=\"https:\/\/lucia-rapetti.com\/en\/natural-beauty-institute\/how-to-recognise-a-good-beautician\/\" \/>\n<meta property=\"og:site_name\" content=\"Lucia Rapetti Laboratoire Naturel\" \/>\n<meta property=\"article:publisher\" content=\"https:\/\/www.facebook.com\/luciarapettiofficial\" \/>\n<meta property=\"article:modified_time\" content=\"2025-05-16T07:54:10+00:00\" \/>\n<meta property=\"og:image\" content=\"https:\/\/lucia-rapetti.com\/wp-content\/uploads\/2023\/07\/LR-sito-hp-clean-beauty2.jpg\" \/>\n\t<meta property=\"og:image:width\" content=\"534\" \/>\n\t<meta property=\"og:image:height\" content=\"650\" \/>\n\t<meta property=\"og:image:type\" content=\"image\/jpeg\" \/>\n<meta name=\"twitter:card\" content=\"summary_large_image\" \/>\n<meta name=\"twitter:label1\" content=\"Estimated reading time\" \/>\n\t<meta name=\"twitter:data1\" content=\"4 minutes\" \/>\n<script type=\"application\/ld+json\" class=\"yoast-schema-graph\">{\"@context\":\"https:\\\/\\\/schema.org\",\"@graph\":[{\"@type\":\"WebPage\",\"@id\":\"https:\\\/\\\/lucia-rapetti.com\\\/institut-de-beaute-naturel\\\/comment-reconnaitre-une-bonne-estheticienne\\\/\",\"url\":\"https:\\\/\\\/lucia-rapetti.com\\\/institut-de-beaute-naturel\\\/comment-reconnaitre-une-bonne-estheticienne\\\/\",\"name\":\"Comment reconnaitre une bonne esth\u00e9ticienne ? Lucia Rapetti\",\"isPartOf\":{\"@id\":\"https:\\\/\\\/lucia-rapetti.com\\\/#website\"},\"primaryImageOfPage\":{\"@id\":\"https:\\\/\\\/lucia-rapetti.com\\\/institut-de-beaute-naturel\\\/comment-reconnaitre-une-bonne-estheticienne\\\/#primaryimage\"},\"image\":{\"@id\":\"https:\\\/\\\/lucia-rapetti.com\\\/institut-de-beaute-naturel\\\/comment-reconnaitre-une-bonne-estheticienne\\\/#primaryimage\"},\"thumbnailUrl\":\"https:\\\/\\\/lucia-rapetti.com\\\/wp-content\\\/uploads\\\/2023\\\/07\\\/LR-sito-hp-clean-beauty2.jpg\",\"datePublished\":\"2024-04-17T10:27:15+00:00\",\"dateModified\":\"2025-05-16T07:54:10+00:00\",\"description\":\"Pour b\u00e9n\u00e9ficier de soins du visage, d'\u00e9pilations ou de modelages, s\u00e9lectionner une professionnelle qui soit \u00e0 l'\u00e9coute est primordial.\",\"breadcrumb\":{\"@id\":\"https:\\\/\\\/lucia-rapetti.com\\\/institut-de-beaute-naturel\\\/comment-reconnaitre-une-bonne-estheticienne\\\/#breadcrumb\"},\"inLanguage\":\"en-GB\",\"potentialAction\":[{\"@type\":\"ReadAction\",\"target\":[\"https:\\\/\\\/lucia-rapetti.com\\\/institut-de-beaute-naturel\\\/comment-reconnaitre-une-bonne-estheticienne\\\/\"]}]},{\"@type\":\"ImageObject\",\"inLanguage\":\"en-GB\",\"@id\":\"https:\\\/\\\/lucia-rapetti.com\\\/institut-de-beaute-naturel\\\/comment-reconnaitre-une-bonne-estheticienne\\\/#primaryimage\",\"url\":\"https:\\\/\\\/lucia-rapetti.com\\\/wp-content\\\/uploads\\\/2023\\\/07\\\/LR-sito-hp-clean-beauty2.jpg\",\"contentUrl\":\"https:\\\/\\\/lucia-rapetti.com\\\/wp-content\\\/uploads\\\/2023\\\/07\\\/LR-sito-hp-clean-beauty2.jpg\"},{\"@type\":\"BreadcrumbList\",\"@id\":\"https:\\\/\\\/lucia-rapetti.com\\\/institut-de-beaute-naturel\\\/comment-reconnaitre-une-bonne-estheticienne\\\/#breadcrumb\",\"itemListElement\":[{\"@type\":\"ListItem\",\"position\":1,\"name\":\"Lucia Rapetti\",\"item\":\"https:\\\/\\\/lucia-rapetti.com\\\/\"},{\"@type\":\"ListItem\",\"position\":2,\"name\":\"Trouvez un institut de beaut\u00e9 au naturel\",\"item\":\"https:\\\/\\\/lucia-rapetti.com\\\/institut-de-beaute-naturel\\\/\"},{\"@type\":\"ListItem\",\"position\":3,\"name\":\"Comment reconnaitre une bonne esth\u00e9ticienne ?\"}]},{\"@type\":\"WebSite\",\"@id\":\"https:\\\/\\\/lucia-rapetti.com\\\/#website\",\"url\":\"https:\\\/\\\/lucia-rapetti.com\\\/\",\"name\":\"Lucia Rapetti Laboratoire Naturel\",\"description\":\"Laboratoire de cosm\u00e9tique naturel et beaut\u00e9\",\"publisher\":{\"@id\":\"https:\\\/\\\/lucia-rapetti.com\\\/#organization\"},\"potentialAction\":[{\"@type\":\"SearchAction\",\"target\":{\"@type\":\"EntryPoint\",\"urlTemplate\":\"https:\\\/\\\/lucia-rapetti.com\\\/?s={search_term_string}\"},\"query-input\":{\"@type\":\"PropertyValueSpecification\",\"valueRequired\":true,\"valueName\":\"search_term_string\"}}],\"inLanguage\":\"en-GB\"},{\"@type\":\"Organization\",\"@id\":\"https:\\\/\\\/lucia-rapetti.com\\\/#organization\",\"name\":\"Lucia Rapetti Laboratoire Naturel\",\"alternateName\":\"LR\",\"url\":\"https:\\\/\\\/lucia-rapetti.com\\\/\",\"logo\":{\"@type\":\"ImageObject\",\"inLanguage\":\"en-GB\",\"@id\":\"https:\\\/\\\/lucia-rapetti.com\\\/#\\\/schema\\\/logo\\\/image\\\/\",\"url\":\"https:\\\/\\\/lucia-rapetti.com\\\/wp-content\\\/uploads\\\/2023\\\/04\\\/cropped-lucia-rapetti-logo-1.png\",\"contentUrl\":\"https:\\\/\\\/lucia-rapetti.com\\\/wp-content\\\/uploads\\\/2023\\\/04\\\/cropped-lucia-rapetti-logo-1.png\",\"width\":850,\"height\":142,\"caption\":\"Lucia Rapetti Laboratoire Naturel\"},\"image\":{\"@id\":\"https:\\\/\\\/lucia-rapetti.com\\\/#\\\/schema\\\/logo\\\/image\\\/\"},\"sameAs\":[\"https:\\\/\\\/www.facebook.com\\\/luciarapettiofficial\",\"https:\\\/\\\/www.instagram.com\\\/luciarapettiofficial\\\/\"]}]}<\/script>\n<!-- \/ Yoast SEO plugin. -->","yoast_head_json":{"title":"How can you spot a good beautician? Lucia Rapetti","description":"When it comes to facials, waxing and sculpting, choosing a professional who listens is essential.","robots":{"index":"index","follow":"follow","max-snippet":"max-snippet:-1","max-image-preview":"max-image-preview:large","max-video-preview":"max-video-preview:-1"},"canonical":"https:\/\/lucia-rapetti.com\/en\/natural-beauty-institute\/how-to-recognise-a-good-beautician\/","og_locale":"en_GB","og_type":"article","og_title":"Comment reconnaitre une bonne esth\u00e9ticienne ? Lucia Rapetti","og_description":"Pour b\u00e9n\u00e9ficier de soins du visage, d'\u00e9pilations ou de modelages, s\u00e9lectionner une professionnelle qui soit \u00e0 l'\u00e9coute est primordial.","og_url":"https:\/\/lucia-rapetti.com\/en\/natural-beauty-institute\/how-to-recognise-a-good-beautician\/","og_site_name":"Lucia Rapetti Laboratoire Naturel","article_publisher":"https:\/\/www.facebook.com\/luciarapettiofficial","article_modified_time":"2025-05-16T07:54:10+00:00","og_image":[{"width":534,"height":650,"url":"https:\/\/lucia-rapetti.com\/wp-content\/uploads\/2023\/07\/LR-sito-hp-clean-beauty2.jpg","type":"image\/jpeg"}],"twitter_card":"summary_large_image","twitter_misc":{"Estimated reading time":"4 minutes"},"schema":{"@context":"https:\/\/schema.org","@graph":[{"@type":"WebPage","@id":"https:\/\/lucia-rapetti.com\/institut-de-beaute-naturel\/comment-reconnaitre-une-bonne-estheticienne\/","url":"https:\/\/lucia-rapetti.com\/institut-de-beaute-naturel\/comment-reconnaitre-une-bonne-estheticienne\/","name":"How can you spot a good beautician? Lucia Rapetti","isPartOf":{"@id":"https:\/\/lucia-rapetti.com\/#website"},"primaryImageOfPage":{"@id":"https:\/\/lucia-rapetti.com\/institut-de-beaute-naturel\/comment-reconnaitre-une-bonne-estheticienne\/#primaryimage"},"image":{"@id":"https:\/\/lucia-rapetti.com\/institut-de-beaute-naturel\/comment-reconnaitre-une-bonne-estheticienne\/#primaryimage"},"thumbnailUrl":"https:\/\/lucia-rapetti.com\/wp-content\/uploads\/2023\/07\/LR-sito-hp-clean-beauty2.jpg","datePublished":"2024-04-17T10:27:15+00:00","dateModified":"2025-05-16T07:54:10+00:00","description":"When it comes to facials, waxing and sculpting, choosing a professional who listens is essential.","breadcrumb":{"@id":"https:\/\/lucia-rapetti.com\/institut-de-beaute-naturel\/comment-reconnaitre-une-bonne-estheticienne\/#breadcrumb"},"inLanguage":"en-GB","potentialAction":[{"@type":"ReadAction","target":["https:\/\/lucia-rapetti.com\/institut-de-beaute-naturel\/comment-reconnaitre-une-bonne-estheticienne\/"]}]},{"@type":"ImageObject","inLanguage":"en-GB","@id":"https:\/\/lucia-rapetti.com\/institut-de-beaute-naturel\/comment-reconnaitre-une-bonne-estheticienne\/#primaryimage","url":"https:\/\/lucia-rapetti.com\/wp-content\/uploads\/2023\/07\/LR-sito-hp-clean-beauty2.jpg","contentUrl":"https:\/\/lucia-rapetti.com\/wp-content\/uploads\/2023\/07\/LR-sito-hp-clean-beauty2.jpg"},{"@type":"BreadcrumbList","@id":"https:\/\/lucia-rapetti.com\/institut-de-beaute-naturel\/comment-reconnaitre-une-bonne-estheticienne\/#breadcrumb","itemListElement":[{"@type":"ListItem","position":1,"name":"Lucia Rapetti","item":"https:\/\/lucia-rapetti.com\/"},{"@type":"ListItem","position":2,"name":"Trouvez un institut de beaut\u00e9 au naturel","item":"https:\/\/lucia-rapetti.com\/institut-de-beaute-naturel\/"},{"@type":"ListItem","position":3,"name":"Comment reconnaitre une bonne esth\u00e9ticienne ?"}]},{"@type":"WebSite","@id":"https:\/\/lucia-rapetti.com\/#website","url":"https:\/\/lucia-rapetti.com\/","name":"Lucia Rapetti Laboratoire Naturel","description":"Natural cosmetics and beauty laboratory","publisher":{"@id":"https:\/\/lucia-rapetti.com\/#organization"},"potentialAction":[{"@type":"SearchAction","target":{"@type":"EntryPoint","urlTemplate":"https:\/\/lucia-rapetti.com\/?s={search_term_string}"},"query-input":{"@type":"PropertyValueSpecification","valueRequired":true,"valueName":"search_term_string"}}],"inLanguage":"en-GB"},{"@type":"Organization","@id":"https:\/\/lucia-rapetti.com\/#organization","name":"Lucia Rapetti Laboratoire Naturel","alternateName":"LR","url":"https:\/\/lucia-rapetti.com\/","logo":{"@type":"ImageObject","inLanguage":"en-GB","@id":"https:\/\/lucia-rapetti.com\/#\/schema\/logo\/image\/","url":"https:\/\/lucia-rapetti.com\/wp-content\/uploads\/2023\/04\/cropped-lucia-rapetti-logo-1.png","contentUrl":"https:\/\/lucia-rapetti.com\/wp-content\/uploads\/2023\/04\/cropped-lucia-rapetti-logo-1.png","width":850,"height":142,"caption":"Lucia Rapetti Laboratoire Naturel"},"image":{"@id":"https:\/\/lucia-rapetti.com\/#\/schema\/logo\/image\/"},"sameAs":["https:\/\/www.facebook.com\/luciarapettiofficial","https:\/\/www.instagram.com\/luciarapettiofficial\/"]}]}},"_links":{"self":[{"href":"https:\/\/lucia-rapetti.com\/en\/wp-json\/wp\/v2\/pages\/15121","targetHints":{"allow":["GET"]}}],"collection":[{"href":"https:\/\/lucia-rapetti.com\/en\/wp-json\/wp\/v2\/pages"}],"about":[{"href":"https:\/\/lucia-rapetti.com\/en\/wp-json\/wp\/v2\/types\/page"}],"author":[{"embeddable":true,"href":"https:\/\/lucia-rapetti.com\/en\/wp-json\/wp\/v2\/users\/3"}],"replies":[{"embeddable":true,"href":"https:\/\/lucia-rapetti.com\/en\/wp-json\/wp\/v2\/comments?post=15121"}],"version-history":[{"count":0,"href":"https:\/\/lucia-rapetti.com\/en\/wp-json\/wp\/v2\/pages\/15121\/revisions"}],"up":[{"embeddable":true,"href":"https:\/\/lucia-rapetti.com\/en\/wp-json\/wp\/v2\/pages\/4280"}],"wp:attachment":[{"href":"https:\/\/lucia-rapetti.com\/en\/wp-json\/wp\/v2\/media?parent=15121"}],"curies":[{"name":"wp","href":"https:\/\/api.w.org\/{rel}","templated":true}]}}