{"id":15115,"date":"2024-04-17T12:06:06","date_gmt":"2024-04-17T10:06:06","guid":{"rendered":"https:\/\/lucia-rapetti.com\/?page_id=15115"},"modified":"2024-04-19T10:13:26","modified_gmt":"2024-04-19T08:13:26","slug":"what-is-natural-beauty","status":"publish","type":"page","link":"https:\/\/lucia-rapetti.com\/en\/natural-beauty-institute\/what-is-natural-beauty\/","title":{"rendered":"What is natural beauty?"},"content":{"rendered":"<div data-elementor-type=\"wp-page\" data-elementor-id=\"15115\" class=\"elementor elementor-15115\" data-elementor-post-type=\"page\">\n\t\t\t\t<div class=\"elementor-element elementor-element-776b3e2 e-flex e-con-boxed e-con e-parent\" data-id=\"776b3e2\" data-element_type=\"container\" data-e-type=\"container\">\n\t\t\t\t\t<div class=\"e-con-inner\">\n\t\t\t\t<div class=\"elementor-element elementor-element-2b78594 elementor-widget elementor-widget-heading\" data-id=\"2b78594\" data-element_type=\"widget\" data-e-type=\"widget\" data-widget_type=\"heading.default\">\n\t\t\t\t<div class=\"elementor-widget-container\">\n\t\t\t\t\t<h1 class=\"elementor-heading-title elementor-size-default\">Let's discover natural beauty together: a guide for our customers<\/h1>\t\t\t\t<\/div>\n\t\t\t\t<\/div>\n\t\t\t\t\t<\/div>\n\t\t\t\t<\/div>\n\t\t\t\t<section class=\"elementor-section elementor-top-section elementor-element elementor-element-90662db elementor-section-content-middle elementor-section-boxed elementor-section-height-default elementor-section-height-default\" data-id=\"90662db\" data-element_type=\"section\" data-e-type=\"section\" data-settings=\"{&quot;background_background&quot;:&quot;classic&quot;}\">\n\t\t\t\t\t\t<div class=\"elementor-container elementor-column-gap-no\">\n\t\t\t\t\t<div class=\"elementor-column elementor-col-50 elementor-top-column elementor-element elementor-element-88058b7\" data-id=\"88058b7\" data-element_type=\"column\" data-e-type=\"column\">\n\t\t\t<div class=\"elementor-widget-wrap elementor-element-populated\">\n\t\t\t\t\t\t<div class=\"elementor-element elementor-element-6c65afb elementor-widget elementor-widget-text-editor\" data-id=\"6c65afb\" data-element_type=\"widget\" data-e-type=\"widget\" data-widget_type=\"text-editor.default\">\n\t\t\t\t<div class=\"elementor-widget-container\">\n\t\t\t\t\t\t\t\t\t<p class=\"translation-block\"><span style=\"font-size: 16px\">In natural beauty, we value quality over quantity. Rather than accumulating a multitude of skincare products, it's better to invest in <strong>a few carefully selected items<\/strong>, free from harmful chemicals and synthetic additives. By opting for high-quality products, we're focusing on the well-being of our skin and making eco-responsible choices.<\/span><\/p><p>When it comes to natural beauty, prevention is more important than treatment. By taking a proactive approach, we aim to maintain healthy, balanced skin, avoiding the need for intensive remedial treatments. By taking care of our skin on a daily basis and protecting it from external aggressors, we contribute to its long-term health and natural beauty.<\/p><p class=\"translation-block\">An important aspect of <a href=\"https:\/\/lucia-rapetti.com\/en\/natural-beauty-institute\/\" target=\"_self\">natural beauty<\/a> is the selection of conscious ingredients. By favouring products formulated with natural, environmentally-friendly ingredients, we ensure that our skin is pampered with safe, beneficial substances. By reading labels carefully and avoiding potentially harmful ingredients such as <strong>parabens and sulphates<\/strong>, we take care of our skin while helping to preserve the planet.<\/p>\t\t\t\t\t\t\t\t<\/div>\n\t\t\t\t<\/div>\n\t\t\t\t<div class=\"elementor-element elementor-element-b7978ca elementor-mobile-align-center elementor-align-left elementor-widget elementor-widget-button\" data-id=\"b7978ca\" data-element_type=\"widget\" data-e-type=\"widget\" data-widget_type=\"button.default\">\n\t\t\t\t<div class=\"elementor-widget-container\">\n\t\t\t\t\t\t\t\t\t<div class=\"elementor-button-wrapper\">\n\t\t\t\t\t<a class=\"elementor-button elementor-button-link elementor-size-sm\" href=\"\/en\/ranges\/\">\n\t\t\t\t\t\t<span class=\"elementor-button-content-wrapper\">\n\t\t\t\t\t\t\t\t\t<span class=\"elementor-button-text\">Discover the ranges<\/span>\n\t\t\t\t\t<\/span>\n\t\t\t\t\t<\/a>\n\t\t\t\t<\/div>\n\t\t\t\t\t\t\t\t<\/div>\n\t\t\t\t<\/div>\n\t\t\t\t\t<\/div>\n\t\t<\/div>\n\t\t\t\t<div class=\"elementor-column elementor-col-50 elementor-top-column elementor-element elementor-element-2148a65\" data-id=\"2148a65\" data-element_type=\"column\" data-e-type=\"column\">\n\t\t\t<div class=\"elementor-widget-wrap elementor-element-populated\">\n\t\t\t\t\t\t<div class=\"elementor-element elementor-element-14e5c50 elementor-widget-tablet__width-initial elementor-widget elementor-widget-image\" data-id=\"14e5c50\" data-element_type=\"widget\" data-e-type=\"widget\" data-widget_type=\"image.default\">\n\t\t\t\t<div class=\"elementor-widget-container\">\n\t\t\t\t\t\t\t\t\t\t\t\t\t\t\t<img fetchpriority=\"high\" decoding=\"async\" width=\"534\" height=\"650\" src=\"https:\/\/lucia-rapetti.com\/wp-content\/uploads\/2023\/07\/LR-sito-hp-clean-beauty2.jpg\" class=\"attachment-full size-full wp-image-1850\" alt=\"clean beauty product\" srcset=\"https:\/\/lucia-rapetti.com\/wp-content\/uploads\/2023\/07\/LR-sito-hp-clean-beauty2.jpg 534w, https:\/\/lucia-rapetti.com\/wp-content\/uploads\/2023\/07\/LR-sito-hp-clean-beauty2-246x300.jpg 246w\" sizes=\"(max-width: 534px) 100vw, 534px\" \/>\t\t\t\t\t\t\t\t\t\t\t\t\t\t\t<\/div>\n\t\t\t\t<\/div>\n\t\t\t\t\t<\/div>\n\t\t<\/div>\n\t\t\t\t\t<\/div>\n\t\t<\/section>\n\t\t\t\t<section class=\"elementor-section elementor-top-section elementor-element elementor-element-0df5397 elementor-section-content-middle elementor-reverse-mobile elementor-section-boxed elementor-section-height-default elementor-section-height-default\" data-id=\"0df5397\" data-element_type=\"section\" data-e-type=\"section\" data-settings=\"{&quot;background_background&quot;:&quot;classic&quot;}\">\n\t\t\t\t\t\t<div class=\"elementor-container elementor-column-gap-no\">\n\t\t\t\t\t<div class=\"elementor-column elementor-col-50 elementor-top-column elementor-element elementor-element-9ec4c81\" data-id=\"9ec4c81\" data-element_type=\"column\" data-e-type=\"column\">\n\t\t\t<div class=\"elementor-widget-wrap elementor-element-populated\">\n\t\t\t\t\t\t<div class=\"elementor-element elementor-element-d24726b elementor-widget elementor-widget-image\" data-id=\"d24726b\" data-element_type=\"widget\" data-e-type=\"widget\" data-widget_type=\"image.default\">\n\t\t\t\t<div class=\"elementor-widget-container\">\n\t\t\t\t\t\t\t\t\t\t\t\t\t\t\t<img decoding=\"async\" width=\"534\" height=\"650\" src=\"https:\/\/lucia-rapetti.com\/wp-content\/uploads\/2023\/07\/LR-sito-estetista.jpg\" class=\"attachment-full size-full wp-image-2045\" alt=\"natural beauty care\" srcset=\"https:\/\/lucia-rapetti.com\/wp-content\/uploads\/2023\/07\/LR-sito-estetista.jpg 534w, https:\/\/lucia-rapetti.com\/wp-content\/uploads\/2023\/07\/LR-sito-estetista-246x300.jpg 246w\" sizes=\"(max-width: 534px) 100vw, 534px\" \/>\t\t\t\t\t\t\t\t\t\t\t\t\t\t\t<\/div>\n\t\t\t\t<\/div>\n\t\t\t\t\t<\/div>\n\t\t<\/div>\n\t\t\t\t<div class=\"elementor-column elementor-col-50 elementor-top-column elementor-element elementor-element-21dc53e\" data-id=\"21dc53e\" data-element_type=\"column\" data-e-type=\"column\">\n\t\t\t<div class=\"elementor-widget-wrap elementor-element-populated\">\n\t\t\t\t\t\t<div class=\"elementor-element elementor-element-47ee3c5 elementor-widget elementor-widget-text-editor\" data-id=\"47ee3c5\" data-element_type=\"widget\" data-e-type=\"widget\" data-widget_type=\"text-editor.default\">\n\t\t\t\t<div class=\"elementor-widget-container\">\n\t\t\t\t\t\t\t\t\t<h3>Principles of natural beauty<\/h3><p class=\"translation-block\"><strong>Quality before Quantity<\/strong>: Natural beauty favours choosing high-quality products over a multitude of options. Rather than having an extensive collection of skincare products, it's more beneficial to invest in a few carefully selected items that are free from harmful chemicals and synthetic additives.<\/p><p class=\"translation-block\"><strong>Prevention before Treatment<\/strong>: Natural beauty emphasises preventative measures to maintain healthy skin rather than relying on curative treatments. By taking a proactive approach, individuals can minimise the need for corrective skincare procedures and products.<\/p><p class=\"translation-block\"><strong>Careful Ingredient Selection<\/strong>: Natural beauty advocates the use of naturally sourced ingredients that are not only safe for the skin, but also environmentally friendly. It's important to read labels and choose products that are free from potentially harmful substances such as parabens, sulphates and artificial fragrances.<\/p><p class=\"translation-block\"><strong>Homemade Skincare<\/strong>: Incorporating homemade skincare products into your routine is a great way to embrace natural beauty. By creating your own products with simple, natural ingredients, you have complete control over what is applied to your skin, ensuring it is free from unwanted chemicals.<\/p>\t\t\t\t\t\t\t\t<\/div>\n\t\t\t\t<\/div>\n\t\t\t\t\t<\/div>\n\t\t<\/div>\n\t\t\t\t\t<\/div>\n\t\t<\/section>\n\t\t<div class=\"elementor-element elementor-element-0dc4c79 e-flex e-con-boxed e-con e-parent\" data-id=\"0dc4c79\" data-element_type=\"container\" data-e-type=\"container\" data-settings=\"{&quot;background_background&quot;:&quot;classic&quot;}\">\n\t\t\t\t\t<div class=\"e-con-inner\">\n\t\t\t\t\t<\/div>\n\t\t\t\t<\/div>\n\t\t<div class=\"elementor-element elementor-element-cd7c6cf e-flex e-con-boxed e-con e-parent\" data-id=\"cd7c6cf\" data-element_type=\"container\" data-e-type=\"container\">\n\t\t\t\t\t<div class=\"e-con-inner\">\n\t\t\t\t<div class=\"elementor-element elementor-element-1a4998b elementor-widget elementor-widget-text-editor\" data-id=\"1a4998b\" data-element_type=\"widget\" data-e-type=\"widget\" data-widget_type=\"text-editor.default\">\n\t\t\t\t<div class=\"elementor-widget-container\">\n\t\t\t\t\t\t\t\t\t<h2>Create a natural beauty routine<\/h2><p>When creating a natural beauty routine, it's important to understand the specific needs of your skin type. By tailoring your routine to these needs, you can ensure optimal results. Start by choosing gentle, natural products to cleanse, moisturise and treat your skin. Opt for ingredients such as aloe vera, jojoba oil and shea butter, which deeply nourish the skin.<\/p><p>For a complete routine, follow these key steps: 1. Cleanse your skin thoroughly with a gentle, natural cleanser to remove impurities without harming your skin. 2. Moisturise daily using a natural moisturiser rich in beneficial ingredients such as hyaluronic acid and plant oils. 3. Nourish your skin by incorporating nutrient-rich treatments such as facial oils or serums containing vitamins and antioxidants.<\/p><p>Sun protection is a major part of your natural beauty routine. Choose a natural sunscreen with an SPF of at least 30 and broad-spectrum protection. Look for ingredients like zinc oxide or titanium dioxide, which protect the skin without harmful chemicals. Finally, don't forget to exfoliate your skin regularly to remove dead skin cells and reveal a brighter complexion. Use gentle exfoliants made from natural ingredients such as sugar or fruit enzymes.<\/p><p>By adding homemade masks to your routine, you can give your skin deep hydration and targeted benefits. Use natural ingredients such as honey, yoghurt and avocado to pamper your skin with ease. By taking a holistic approach to your beauty routine, you can not only improve the appearance of your skin, but also look after your overall well-being. Prioritise quality natural products, tailor your routine to your specific needs and enjoy the lasting benefits of natural beauty.<\/p>\t\t\t\t\t\t\t\t<\/div>\n\t\t\t\t<\/div>\n\t\t\t\t<div class=\"elementor-element elementor-element-6112ef5 elementor-widget elementor-widget-spacer\" data-id=\"6112ef5\" data-element_type=\"widget\" data-e-type=\"widget\" data-widget_type=\"spacer.default\">\n\t\t\t\t<div class=\"elementor-widget-container\">\n\t\t\t\t\t\t\t<div class=\"elementor-spacer\">\n\t\t\t<div class=\"elementor-spacer-inner\"><\/div>\n\t\t<\/div>\n\t\t\t\t\t\t<\/div>\n\t\t\t\t<\/div>\n\t\t\t\t\t<\/div>\n\t\t\t\t<\/div>\n\t\t\t\t<\/div>","protected":false},"excerpt":{"rendered":"<p>D\u00e9couvrons ensemble la beaut\u00e9 naturelle : un guide pour nos clients Dans le domaine de la beaut\u00e9 naturelle, nous privil\u00e9gions la qualit\u00e9 sur la quantit\u00e9. Plut\u00f4t que d&rsquo;accumuler une multitude de produits de soin, il est pr\u00e9f\u00e9rable d&rsquo;investir dans quelques articles soigneusement s\u00e9lectionn\u00e9s, exempts de produits chimiques nocifs et d&rsquo;additifs synth\u00e9tiques. En optant pour des [&hellip;]<\/p>\n","protected":false},"author":3,"featured_media":0,"parent":4280,"menu_order":0,"comment_status":"closed","ping_status":"closed","template":"","meta":{"_acf_changed":false,"site-sidebar-layout":"no-sidebar","site-content-layout":"page-builder","ast-site-content-layout":"full-width-container","site-content-style":"unboxed","site-sidebar-style":"unboxed","ast-global-header-display":"","ast-banner-title-visibility":"","ast-main-header-display":"","ast-hfb-above-header-display":"","ast-hfb-below-header-display":"","ast-hfb-mobile-header-display":"","site-post-title":"disabled","ast-breadcrumbs-content":"","ast-featured-img":"disabled","footer-sml-layout":"","ast-disable-related-posts":"","theme-transparent-header-meta":"disabled","adv-header-id-meta":"","stick-header-meta":"","header-above-stick-meta":"","header-main-stick-meta":"","header-below-stick-meta":"","astra-migrate-meta-layouts":"set","ast-page-background-enabled":"default","ast-page-background-meta":{"desktop":{"background-color":"var(--ast-global-color-4)","background-image":"","background-repeat":"repeat","background-position":"center center","background-size":"auto","background-attachment":"scroll","background-type":"","background-media":"","overlay-type":"","overlay-color":"","overlay-opacity":"","overlay-gradient":""},"tablet":{"background-color":"","background-image":"","background-repeat":"repeat","background-position":"center center","background-size":"auto","background-attachment":"scroll","background-type":"","background-media":"","overlay-type":"","overlay-color":"","overlay-opacity":"","overlay-gradient":""},"mobile":{"background-color":"","background-image":"","background-repeat":"repeat","background-position":"center center","background-size":"auto","background-attachment":"scroll","background-type":"","background-media":"","overlay-type":"","overlay-color":"","overlay-opacity":"","overlay-gradient":""}},"ast-content-background-meta":{"desktop":{"background-color":"var(--ast-global-color-5)","background-image":"","background-repeat":"repeat","background-position":"center center","background-size":"auto","background-attachment":"scroll","background-type":"","background-media":"","overlay-type":"","overlay-color":"","overlay-opacity":"","overlay-gradient":""},"tablet":{"background-color":"var(--ast-global-color-5)","background-image":"","background-repeat":"repeat","background-position":"center center","background-size":"auto","background-attachment":"scroll","background-type":"","background-media":"","overlay-type":"","overlay-color":"","overlay-opacity":"","overlay-gradient":""},"mobile":{"background-color":"var(--ast-global-color-5)","background-image":"","background-repeat":"repeat","background-position":"center center","background-size":"auto","background-attachment":"scroll","background-type":"","background-media":"","overlay-type":"","overlay-color":"","overlay-opacity":"","overlay-gradient":""}},"footnotes":""},"class_list":["post-15115","page","type-page","status-publish","hentry"],"acf":[],"yoast_head":"<!-- This site is optimized with the Yoast SEO plugin v27.5 - https:\/\/yoast.com\/product\/yoast-seo-wordpress\/ -->\n<title>C&#039;est quoi la beaut\u00e9 naturel ? Laboratoire Lucia Rapetti<\/title>\n<meta name=\"description\" content=\"La beaut\u00e9 naturelle, bien plus qu&#039;une simple tendance, est une philosophie de vie qui c\u00e9l\u00e8bre l&#039;harmonie entre soi et la nature.\" \/>\n<meta name=\"robots\" content=\"index, follow, max-snippet:-1, max-image-preview:large, max-video-preview:-1\" \/>\n<link rel=\"canonical\" href=\"https:\/\/lucia-rapetti.com\/en\/natural-beauty-institute\/what-is-natural-beauty\/\" \/>\n<meta property=\"og:locale\" content=\"en_GB\" \/>\n<meta property=\"og:type\" content=\"article\" \/>\n<meta property=\"og:title\" content=\"C&#039;est quoi la beaut\u00e9 naturel ? Laboratoire Lucia Rapetti\" \/>\n<meta property=\"og:description\" content=\"La beaut\u00e9 naturelle, bien plus qu&#039;une simple tendance, est une philosophie de vie qui c\u00e9l\u00e8bre l&#039;harmonie entre soi et la nature.\" \/>\n<meta property=\"og:url\" content=\"https:\/\/lucia-rapetti.com\/en\/natural-beauty-institute\/what-is-natural-beauty\/\" \/>\n<meta property=\"og:site_name\" content=\"Lucia Rapetti Laboratoire Naturel\" \/>\n<meta property=\"article:publisher\" content=\"https:\/\/www.facebook.com\/luciarapettiofficial\" \/>\n<meta property=\"article:modified_time\" content=\"2024-04-19T08:13:26+00:00\" \/>\n<meta property=\"og:image\" content=\"https:\/\/lucia-rapetti.com\/wp-content\/uploads\/2023\/07\/LR-sito-hp-clean-beauty2.jpg\" \/>\n<meta name=\"twitter:card\" content=\"summary_large_image\" \/>\n<meta name=\"twitter:label1\" content=\"Estimated reading time\" \/>\n\t<meta name=\"twitter:data1\" content=\"5 minutes\" \/>\n<script type=\"application\/ld+json\" class=\"yoast-schema-graph\">{\"@context\":\"https:\\\/\\\/schema.org\",\"@graph\":[{\"@type\":\"WebPage\",\"@id\":\"https:\\\/\\\/lucia-rapetti.com\\\/institut-de-beaute-naturel\\\/cest-quoi-la-beaute-naturel\\\/\",\"url\":\"https:\\\/\\\/lucia-rapetti.com\\\/institut-de-beaute-naturel\\\/cest-quoi-la-beaute-naturel\\\/\",\"name\":\"C'est quoi la beaut\u00e9 naturel ? Laboratoire Lucia Rapetti\",\"isPartOf\":{\"@id\":\"https:\\\/\\\/lucia-rapetti.com\\\/#website\"},\"primaryImageOfPage\":{\"@id\":\"https:\\\/\\\/lucia-rapetti.com\\\/institut-de-beaute-naturel\\\/cest-quoi-la-beaute-naturel\\\/#primaryimage\"},\"image\":{\"@id\":\"https:\\\/\\\/lucia-rapetti.com\\\/institut-de-beaute-naturel\\\/cest-quoi-la-beaute-naturel\\\/#primaryimage\"},\"thumbnailUrl\":\"https:\\\/\\\/lucia-rapetti.com\\\/wp-content\\\/uploads\\\/2023\\\/07\\\/LR-sito-hp-clean-beauty2.jpg\",\"datePublished\":\"2024-04-17T10:06:06+00:00\",\"dateModified\":\"2024-04-19T08:13:26+00:00\",\"description\":\"La beaut\u00e9 naturelle, bien plus qu'une simple tendance, est une philosophie de vie qui c\u00e9l\u00e8bre l'harmonie entre soi et la nature.\",\"breadcrumb\":{\"@id\":\"https:\\\/\\\/lucia-rapetti.com\\\/institut-de-beaute-naturel\\\/cest-quoi-la-beaute-naturel\\\/#breadcrumb\"},\"inLanguage\":\"en-GB\",\"potentialAction\":[{\"@type\":\"ReadAction\",\"target\":[\"https:\\\/\\\/lucia-rapetti.com\\\/institut-de-beaute-naturel\\\/cest-quoi-la-beaute-naturel\\\/\"]}]},{\"@type\":\"ImageObject\",\"inLanguage\":\"en-GB\",\"@id\":\"https:\\\/\\\/lucia-rapetti.com\\\/institut-de-beaute-naturel\\\/cest-quoi-la-beaute-naturel\\\/#primaryimage\",\"url\":\"https:\\\/\\\/lucia-rapetti.com\\\/wp-content\\\/uploads\\\/2023\\\/07\\\/LR-sito-hp-clean-beauty2.jpg\",\"contentUrl\":\"https:\\\/\\\/lucia-rapetti.com\\\/wp-content\\\/uploads\\\/2023\\\/07\\\/LR-sito-hp-clean-beauty2.jpg\"},{\"@type\":\"BreadcrumbList\",\"@id\":\"https:\\\/\\\/lucia-rapetti.com\\\/institut-de-beaute-naturel\\\/cest-quoi-la-beaute-naturel\\\/#breadcrumb\",\"itemListElement\":[{\"@type\":\"ListItem\",\"position\":1,\"name\":\"Lucia Rapetti\",\"item\":\"https:\\\/\\\/lucia-rapetti.com\\\/\"},{\"@type\":\"ListItem\",\"position\":2,\"name\":\"Trouvez un institut de beaut\u00e9 au naturel\",\"item\":\"https:\\\/\\\/lucia-rapetti.com\\\/institut-de-beaute-naturel\\\/\"},{\"@type\":\"ListItem\",\"position\":3,\"name\":\"C&rsquo;est quoi la beaut\u00e9 naturel ?\"}]},{\"@type\":\"WebSite\",\"@id\":\"https:\\\/\\\/lucia-rapetti.com\\\/#website\",\"url\":\"https:\\\/\\\/lucia-rapetti.com\\\/\",\"name\":\"Lucia Rapetti Laboratoire Naturel\",\"description\":\"Laboratoire de cosm\u00e9tique naturel et beaut\u00e9\",\"publisher\":{\"@id\":\"https:\\\/\\\/lucia-rapetti.com\\\/#organization\"},\"potentialAction\":[{\"@type\":\"SearchAction\",\"target\":{\"@type\":\"EntryPoint\",\"urlTemplate\":\"https:\\\/\\\/lucia-rapetti.com\\\/?s={search_term_string}\"},\"query-input\":{\"@type\":\"PropertyValueSpecification\",\"valueRequired\":true,\"valueName\":\"search_term_string\"}}],\"inLanguage\":\"en-GB\"},{\"@type\":\"Organization\",\"@id\":\"https:\\\/\\\/lucia-rapetti.com\\\/#organization\",\"name\":\"Lucia Rapetti Laboratoire Naturel\",\"alternateName\":\"LR\",\"url\":\"https:\\\/\\\/lucia-rapetti.com\\\/\",\"logo\":{\"@type\":\"ImageObject\",\"inLanguage\":\"en-GB\",\"@id\":\"https:\\\/\\\/lucia-rapetti.com\\\/#\\\/schema\\\/logo\\\/image\\\/\",\"url\":\"https:\\\/\\\/lucia-rapetti.com\\\/wp-content\\\/uploads\\\/2023\\\/04\\\/cropped-lucia-rapetti-logo-1.png\",\"contentUrl\":\"https:\\\/\\\/lucia-rapetti.com\\\/wp-content\\\/uploads\\\/2023\\\/04\\\/cropped-lucia-rapetti-logo-1.png\",\"width\":850,\"height\":142,\"caption\":\"Lucia Rapetti Laboratoire Naturel\"},\"image\":{\"@id\":\"https:\\\/\\\/lucia-rapetti.com\\\/#\\\/schema\\\/logo\\\/image\\\/\"},\"sameAs\":[\"https:\\\/\\\/www.facebook.com\\\/luciarapettiofficial\",\"https:\\\/\\\/www.instagram.com\\\/luciarapettiofficial\\\/\"]}]}<\/script>\n<!-- \/ Yoast SEO plugin. -->","yoast_head_json":{"title":"What is natural beauty? Lucia Rapetti Laboratory","description":"Natural beauty is much more than just a trend; it's a philosophy of life that celebrates the harmony between self and nature.","robots":{"index":"index","follow":"follow","max-snippet":"max-snippet:-1","max-image-preview":"max-image-preview:large","max-video-preview":"max-video-preview:-1"},"canonical":"https:\/\/lucia-rapetti.com\/en\/natural-beauty-institute\/what-is-natural-beauty\/","og_locale":"en_GB","og_type":"article","og_title":"C'est quoi la beaut\u00e9 naturel ? Laboratoire Lucia Rapetti","og_description":"La beaut\u00e9 naturelle, bien plus qu'une simple tendance, est une philosophie de vie qui c\u00e9l\u00e8bre l'harmonie entre soi et la nature.","og_url":"https:\/\/lucia-rapetti.com\/en\/natural-beauty-institute\/what-is-natural-beauty\/","og_site_name":"Lucia Rapetti Laboratoire Naturel","article_publisher":"https:\/\/www.facebook.com\/luciarapettiofficial","article_modified_time":"2024-04-19T08:13:26+00:00","og_image":[{"url":"https:\/\/lucia-rapetti.com\/wp-content\/uploads\/2023\/07\/LR-sito-hp-clean-beauty2.jpg","type":"","width":"","height":""}],"twitter_card":"summary_large_image","twitter_misc":{"Estimated reading time":"5 minutes"},"schema":{"@context":"https:\/\/schema.org","@graph":[{"@type":"WebPage","@id":"https:\/\/lucia-rapetti.com\/institut-de-beaute-naturel\/cest-quoi-la-beaute-naturel\/","url":"https:\/\/lucia-rapetti.com\/institut-de-beaute-naturel\/cest-quoi-la-beaute-naturel\/","name":"What is natural beauty? Lucia Rapetti Laboratory","isPartOf":{"@id":"https:\/\/lucia-rapetti.com\/#website"},"primaryImageOfPage":{"@id":"https:\/\/lucia-rapetti.com\/institut-de-beaute-naturel\/cest-quoi-la-beaute-naturel\/#primaryimage"},"image":{"@id":"https:\/\/lucia-rapetti.com\/institut-de-beaute-naturel\/cest-quoi-la-beaute-naturel\/#primaryimage"},"thumbnailUrl":"https:\/\/lucia-rapetti.com\/wp-content\/uploads\/2023\/07\/LR-sito-hp-clean-beauty2.jpg","datePublished":"2024-04-17T10:06:06+00:00","dateModified":"2024-04-19T08:13:26+00:00","description":"Natural beauty is much more than just a trend; it's a philosophy of life that celebrates the harmony between self and nature.","breadcrumb":{"@id":"https:\/\/lucia-rapetti.com\/institut-de-beaute-naturel\/cest-quoi-la-beaute-naturel\/#breadcrumb"},"inLanguage":"en-GB","potentialAction":[{"@type":"ReadAction","target":["https:\/\/lucia-rapetti.com\/institut-de-beaute-naturel\/cest-quoi-la-beaute-naturel\/"]}]},{"@type":"ImageObject","inLanguage":"en-GB","@id":"https:\/\/lucia-rapetti.com\/institut-de-beaute-naturel\/cest-quoi-la-beaute-naturel\/#primaryimage","url":"https:\/\/lucia-rapetti.com\/wp-content\/uploads\/2023\/07\/LR-sito-hp-clean-beauty2.jpg","contentUrl":"https:\/\/lucia-rapetti.com\/wp-content\/uploads\/2023\/07\/LR-sito-hp-clean-beauty2.jpg"},{"@type":"BreadcrumbList","@id":"https:\/\/lucia-rapetti.com\/institut-de-beaute-naturel\/cest-quoi-la-beaute-naturel\/#breadcrumb","itemListElement":[{"@type":"ListItem","position":1,"name":"Lucia Rapetti","item":"https:\/\/lucia-rapetti.com\/"},{"@type":"ListItem","position":2,"name":"Trouvez un institut de beaut\u00e9 au naturel","item":"https:\/\/lucia-rapetti.com\/institut-de-beaute-naturel\/"},{"@type":"ListItem","position":3,"name":"C&rsquo;est quoi la beaut\u00e9 naturel ?"}]},{"@type":"WebSite","@id":"https:\/\/lucia-rapetti.com\/#website","url":"https:\/\/lucia-rapetti.com\/","name":"Lucia Rapetti Laboratoire Naturel","description":"Natural cosmetics and beauty laboratory","publisher":{"@id":"https:\/\/lucia-rapetti.com\/#organization"},"potentialAction":[{"@type":"SearchAction","target":{"@type":"EntryPoint","urlTemplate":"https:\/\/lucia-rapetti.com\/?s={search_term_string}"},"query-input":{"@type":"PropertyValueSpecification","valueRequired":true,"valueName":"search_term_string"}}],"inLanguage":"en-GB"},{"@type":"Organization","@id":"https:\/\/lucia-rapetti.com\/#organization","name":"Lucia Rapetti Laboratoire Naturel","alternateName":"LR","url":"https:\/\/lucia-rapetti.com\/","logo":{"@type":"ImageObject","inLanguage":"en-GB","@id":"https:\/\/lucia-rapetti.com\/#\/schema\/logo\/image\/","url":"https:\/\/lucia-rapetti.com\/wp-content\/uploads\/2023\/04\/cropped-lucia-rapetti-logo-1.png","contentUrl":"https:\/\/lucia-rapetti.com\/wp-content\/uploads\/2023\/04\/cropped-lucia-rapetti-logo-1.png","width":850,"height":142,"caption":"Lucia Rapetti Laboratoire Naturel"},"image":{"@id":"https:\/\/lucia-rapetti.com\/#\/schema\/logo\/image\/"},"sameAs":["https:\/\/www.facebook.com\/luciarapettiofficial","https:\/\/www.instagram.com\/luciarapettiofficial\/"]}]}},"_links":{"self":[{"href":"https:\/\/lucia-rapetti.com\/en\/wp-json\/wp\/v2\/pages\/15115","targetHints":{"allow":["GET"]}}],"collection":[{"href":"https:\/\/lucia-rapetti.com\/en\/wp-json\/wp\/v2\/pages"}],"about":[{"href":"https:\/\/lucia-rapetti.com\/en\/wp-json\/wp\/v2\/types\/page"}],"author":[{"embeddable":true,"href":"https:\/\/lucia-rapetti.com\/en\/wp-json\/wp\/v2\/users\/3"}],"replies":[{"embeddable":true,"href":"https:\/\/lucia-rapetti.com\/en\/wp-json\/wp\/v2\/comments?post=15115"}],"version-history":[{"count":0,"href":"https:\/\/lucia-rapetti.com\/en\/wp-json\/wp\/v2\/pages\/15115\/revisions"}],"up":[{"embeddable":true,"href":"https:\/\/lucia-rapetti.com\/en\/wp-json\/wp\/v2\/pages\/4280"}],"wp:attachment":[{"href":"https:\/\/lucia-rapetti.com\/en\/wp-json\/wp\/v2\/media?parent=15115"}],"curies":[{"name":"wp","href":"https:\/\/api.w.org\/{rel}","templated":true}]}}