{"id":15073,"date":"2024-04-17T10:35:52","date_gmt":"2024-04-17T08:35:52","guid":{"rendered":"https:\/\/lucia-rapetti.com\/?page_id=15073"},"modified":"2025-05-16T10:06:36","modified_gmt":"2025-05-16T08:06:36","slug":"why-use-a-natural-face-cream","status":"publish","type":"page","link":"https:\/\/lucia-rapetti.com\/en\/why-use-a-natural-face-cream\/","title":{"rendered":"Why use a natural face cream?"},"content":{"rendered":"<div data-elementor-type=\"wp-page\" data-elementor-id=\"15073\" class=\"elementor elementor-15073\" data-elementor-post-type=\"page\">\n\t\t\t\t<div class=\"elementor-element elementor-element-776b3e2 e-flex e-con-boxed e-con e-parent\" data-id=\"776b3e2\" data-element_type=\"container\" data-e-type=\"container\">\n\t\t\t\t\t<div class=\"e-con-inner\">\n\t\t\t\t<div class=\"elementor-element elementor-element-2b78594 elementor-widget elementor-widget-heading\" data-id=\"2b78594\" data-element_type=\"widget\" data-e-type=\"widget\" data-widget_type=\"heading.default\">\n\t\t\t\t<div class=\"elementor-widget-container\">\n\t\t\t\t\t<h1 class=\"elementor-heading-title elementor-size-default\">The benefits of a natural face cream for radiant skin<\/h1>\t\t\t\t<\/div>\n\t\t\t\t<\/div>\n\t\t\t\t\t<\/div>\n\t\t\t\t<\/div>\n\t\t\t\t<section class=\"elementor-section elementor-top-section elementor-element elementor-element-90662db elementor-section-content-middle elementor-section-stretched elementor-section-boxed elementor-section-height-default elementor-section-height-default\" data-id=\"90662db\" data-element_type=\"section\" data-e-type=\"section\" data-settings=\"{&quot;background_background&quot;:&quot;classic&quot;,&quot;stretch_section&quot;:&quot;section-stretched&quot;}\">\n\t\t\t\t\t\t<div class=\"elementor-container elementor-column-gap-no\">\n\t\t\t\t\t<div class=\"elementor-column elementor-col-50 elementor-top-column elementor-element elementor-element-88058b7\" data-id=\"88058b7\" data-element_type=\"column\" data-e-type=\"column\">\n\t\t\t<div class=\"elementor-widget-wrap elementor-element-populated\">\n\t\t\t\t\t\t<div class=\"elementor-element elementor-element-6c65afb elementor-widget elementor-widget-text-editor\" data-id=\"6c65afb\" data-element_type=\"widget\" data-e-type=\"widget\" data-widget_type=\"text-editor.default\">\n\t\t\t\t<div class=\"elementor-widget-container\">\n\t\t\t\t\t\t\t\t\t<p class=\"translation-block\">In our beauty salon, we are always on the lookout for the best products for our clients. Today, I want to talk to you about the benefits of natural ingredients in <a href=\"https:\/\/lucia-rapetti.com\/en\/creme-visage-naturelle\/\" target=\"_self\">face creams<\/a>. Natural face creams are rich in nutrients, such as vitamins, minerals, and antioxidants, which deeply nourish the skin. They are gentle and soothing, ideal for sensitive skin. **Furthermore, these natural ingredients deeply hydrate the skin, improve its texture, and protect it against environmental damage**. Discover why opting for a natural face cream can make all the difference for your skin.<\/p>\t\t\t\t\t\t\t\t<\/div>\n\t\t\t\t<\/div>\n\t\t\t\t<div class=\"elementor-element elementor-element-b7978ca elementor-mobile-align-center elementor-align-left elementor-widget elementor-widget-button\" data-id=\"b7978ca\" data-element_type=\"widget\" data-e-type=\"widget\" data-widget_type=\"button.default\">\n\t\t\t\t<div class=\"elementor-widget-container\">\n\t\t\t\t\t\t\t\t\t<div class=\"elementor-button-wrapper\">\n\t\t\t\t\t<a class=\"elementor-button elementor-button-link elementor-size-sm\" href=\"\/en\/ranges\/\">\n\t\t\t\t\t\t<span class=\"elementor-button-content-wrapper\">\n\t\t\t\t\t\t\t\t\t<span class=\"elementor-button-text\">Discover the ranges<\/span>\n\t\t\t\t\t<\/span>\n\t\t\t\t\t<\/a>\n\t\t\t\t<\/div>\n\t\t\t\t\t\t\t\t<\/div>\n\t\t\t\t<\/div>\n\t\t\t\t\t<\/div>\n\t\t<\/div>\n\t\t\t\t<div class=\"elementor-column elementor-col-50 elementor-top-column elementor-element elementor-element-2148a65\" data-id=\"2148a65\" data-element_type=\"column\" data-e-type=\"column\">\n\t\t\t<div class=\"elementor-widget-wrap elementor-element-populated\">\n\t\t\t\t\t\t<div class=\"elementor-element elementor-element-14e5c50 elementor-widget-tablet__width-initial elementor-widget elementor-widget-image\" data-id=\"14e5c50\" data-element_type=\"widget\" data-e-type=\"widget\" data-widget_type=\"image.default\">\n\t\t\t\t<div class=\"elementor-widget-container\">\n\t\t\t\t\t\t\t\t\t\t\t\t\t\t\t<img fetchpriority=\"high\" decoding=\"async\" width=\"534\" height=\"650\" src=\"https:\/\/lucia-rapetti.com\/wp-content\/uploads\/2023\/07\/LR-sito-hp-clean-beauty2.jpg\" class=\"attachment-full size-full wp-image-1850\" alt=\"clean beauty product\" srcset=\"https:\/\/lucia-rapetti.com\/wp-content\/uploads\/2023\/07\/LR-sito-hp-clean-beauty2.jpg 534w, https:\/\/lucia-rapetti.com\/wp-content\/uploads\/2023\/07\/LR-sito-hp-clean-beauty2-246x300.jpg 246w\" sizes=\"(max-width: 534px) 100vw, 534px\" \/>\t\t\t\t\t\t\t\t\t\t\t\t\t\t\t<\/div>\n\t\t\t\t<\/div>\n\t\t\t\t\t<\/div>\n\t\t<\/div>\n\t\t\t\t\t<\/div>\n\t\t<\/section>\n\t\t\t\t<section class=\"elementor-section elementor-top-section elementor-element elementor-element-0df5397 elementor-section-content-middle elementor-reverse-mobile elementor-section-stretched elementor-section-boxed elementor-section-height-default elementor-section-height-default\" data-id=\"0df5397\" data-element_type=\"section\" data-e-type=\"section\" data-settings=\"{&quot;background_background&quot;:&quot;classic&quot;,&quot;stretch_section&quot;:&quot;section-stretched&quot;}\">\n\t\t\t\t\t\t<div class=\"elementor-container elementor-column-gap-no\">\n\t\t\t\t\t<div class=\"elementor-column elementor-col-50 elementor-top-column elementor-element elementor-element-9ec4c81\" data-id=\"9ec4c81\" data-element_type=\"column\" data-e-type=\"column\">\n\t\t\t<div class=\"elementor-widget-wrap elementor-element-populated\">\n\t\t\t\t\t\t<div class=\"elementor-element elementor-element-d24726b elementor-widget elementor-widget-image\" data-id=\"d24726b\" data-element_type=\"widget\" data-e-type=\"widget\" data-widget_type=\"image.default\">\n\t\t\t\t<div class=\"elementor-widget-container\">\n\t\t\t\t\t\t\t\t\t\t\t\t\t\t\t<img decoding=\"async\" width=\"534\" height=\"650\" src=\"https:\/\/lucia-rapetti.com\/wp-content\/uploads\/2023\/07\/LR-sito-estetista.jpg\" class=\"attachment-full size-full wp-image-2045\" alt=\"natural beauty care\" srcset=\"https:\/\/lucia-rapetti.com\/wp-content\/uploads\/2023\/07\/LR-sito-estetista.jpg 534w, https:\/\/lucia-rapetti.com\/wp-content\/uploads\/2023\/07\/LR-sito-estetista-246x300.jpg 246w\" sizes=\"(max-width: 534px) 100vw, 534px\" \/>\t\t\t\t\t\t\t\t\t\t\t\t\t\t\t<\/div>\n\t\t\t\t<\/div>\n\t\t\t\t\t<\/div>\n\t\t<\/div>\n\t\t\t\t<div class=\"elementor-column elementor-col-50 elementor-top-column elementor-element elementor-element-21dc53e\" data-id=\"21dc53e\" data-element_type=\"column\" data-e-type=\"column\">\n\t\t\t<div class=\"elementor-widget-wrap elementor-element-populated\">\n\t\t\t\t\t\t<div class=\"elementor-element elementor-element-47ee3c5 elementor-widget elementor-widget-text-editor\" data-id=\"47ee3c5\" data-element_type=\"widget\" data-e-type=\"widget\" data-widget_type=\"text-editor.default\">\n\t\t\t\t<div class=\"elementor-widget-container\">\n\t\t\t\t\t\t\t\t\t<h2>Potential impact on skin health<\/h2><p class=\"translation-block\">**Strengthens the skin barrier:** Natural face creams often contain ingredients that help to strengthen the skin's natural barrier. A strong skin barrier is essential for maintaining optimal skin health and preventing moisture loss. By choosing a natural face cream, you help to protect your skin from external aggressors and contribute to its resilience.<\/p><p class=\"translation-block\">**Reduces the risk of irritation:** Natural ingredients are less likely to cause skin irritation or adverse reactions. This is particularly important for people with sensitive skin or specific skin conditions. By opting for a natural face cream, you minimise the risk of allergic reactions and promote a gentle and soothing skincare routine for your skin.<\/p><p class=\"translation-block\">**Balances sebum production:** Certain natural ingredients, such as jojoba oil and tea tree oil, can help to regulate sebum production on the skin. This benefit is particularly appreciated by those with oily or acne-prone skin. By using a natural face cream, you help to maintain your skin's balance and prevent problems associated with excess sebum.<\/p><p><strong>Improve skin texture:<\/strong> Regular use of natural face creams can lead to improved skin texture and a smoother complexion. The nourishing properties of natural ingredients promote cell regeneration and repair of skin damage. By incorporating a natural face cream into your skincare routine, you contribute to your skin's overall health and its natural radiance.<\/p>\t\t\t\t\t\t\t\t<\/div>\n\t\t\t\t<\/div>\n\t\t\t\t\t<\/div>\n\t\t<\/div>\n\t\t\t\t\t<\/div>\n\t\t<\/section>\n\t\t<div class=\"elementor-element elementor-element-0dc4c79 e-con-full e-flex e-con e-parent\" data-id=\"0dc4c79\" data-element_type=\"container\" data-e-type=\"container\" data-settings=\"{&quot;background_background&quot;:&quot;classic&quot;}\">\n\t\t\t\t<\/div>\n\t\t<div class=\"elementor-element elementor-element-cd7c6cf e-flex e-con-boxed e-con e-parent\" data-id=\"cd7c6cf\" data-element_type=\"container\" data-e-type=\"container\">\n\t\t\t\t\t<div class=\"e-con-inner\">\n\t\t\t\t<div class=\"elementor-element elementor-element-1a4998b elementor-widget elementor-widget-text-editor\" data-id=\"1a4998b\" data-element_type=\"widget\" data-e-type=\"widget\" data-widget_type=\"text-editor.default\">\n\t\t\t\t<div class=\"elementor-widget-container\">\n\t\t\t\t\t\t\t\t\t<h2>Growing demand for natural skincare products<\/h2><p>In our beauty salon, we are witnessing a growing demand for natural skincare products. Consumers are increasingly aware of the benefits of natural ingredients and their positive impact on skin health. Natural face creams offer a gentle and effective alternative for nourishing, hydrating, and protecting the skin naturally.<\/p><p class=\"my-0\">In conclusion, using a natural face cream can truly make all the difference for your skin. By opting for products containing natural ingredients, you choose to care for your skin in a healthy and environmentally friendly way. Don't hesitate to come and discover our natural products at our beauty salon and benefit from the advantages they can offer your skin. Your skin deserves the best, give it the best with quality natural face creams.<\/p>\t\t\t\t\t\t\t\t<\/div>\n\t\t\t\t<\/div>\n\t\t\t\t<div class=\"elementor-element elementor-element-6112ef5 elementor-widget elementor-widget-spacer\" data-id=\"6112ef5\" data-element_type=\"widget\" data-e-type=\"widget\" data-widget_type=\"spacer.default\">\n\t\t\t\t<div class=\"elementor-widget-container\">\n\t\t\t\t\t\t\t<div class=\"elementor-spacer\">\n\t\t\t<div class=\"elementor-spacer-inner\"><\/div>\n\t\t<\/div>\n\t\t\t\t\t\t<\/div>\n\t\t\t\t<\/div>\n\t\t\t\t\t<\/div>\n\t\t\t\t<\/div>\n\t\t\t\t<\/div>","protected":false},"excerpt":{"rendered":"<p>Les bienfaits d&rsquo;une cr\u00e8me de visage naturelle pour une peau \u00e9clatante Dans notre institut de beaut\u00e9, nous sommes toujours \u00e0 la recherche des meilleurs produits pour nos clients. Aujourd&rsquo;hui, je souhaite vous parler des avantages des ingr\u00e9dients naturels dans les cr\u00e8mes de visage. Les cr\u00e8mes de visage naturelles sont riches en nutriments, tels que les [&hellip;]<\/p>\n","protected":false},"author":3,"featured_media":0,"parent":0,"menu_order":0,"comment_status":"closed","ping_status":"closed","template":"","meta":{"_acf_changed":false,"site-sidebar-layout":"no-sidebar","site-content-layout":"page-builder","ast-site-content-layout":"full-width-container","site-content-style":"unboxed","site-sidebar-style":"unboxed","ast-global-header-display":"","ast-banner-title-visibility":"","ast-main-header-display":"","ast-hfb-above-header-display":"","ast-hfb-below-header-display":"","ast-hfb-mobile-header-display":"","site-post-title":"disabled","ast-breadcrumbs-content":"","ast-featured-img":"disabled","footer-sml-layout":"","ast-disable-related-posts":"","theme-transparent-header-meta":"disabled","adv-header-id-meta":"","stick-header-meta":"","header-above-stick-meta":"","header-main-stick-meta":"","header-below-stick-meta":"","astra-migrate-meta-layouts":"set","ast-page-background-enabled":"default","ast-page-background-meta":{"desktop":{"background-color":"var(--ast-global-color-4)","background-image":"","background-repeat":"repeat","background-position":"center center","background-size":"auto","background-attachment":"scroll","background-type":"","background-media":"","overlay-type":"","overlay-color":"","overlay-opacity":"","overlay-gradient":""},"tablet":{"background-color":"","background-image":"","background-repeat":"repeat","background-position":"center center","background-size":"auto","background-attachment":"scroll","background-type":"","background-media":"","overlay-type":"","overlay-color":"","overlay-opacity":"","overlay-gradient":""},"mobile":{"background-color":"","background-image":"","background-repeat":"repeat","background-position":"center center","background-size":"auto","background-attachment":"scroll","background-type":"","background-media":"","overlay-type":"","overlay-color":"","overlay-opacity":"","overlay-gradient":""}},"ast-content-background-meta":{"desktop":{"background-color":"var(--ast-global-color-5)","background-image":"","background-repeat":"repeat","background-position":"center center","background-size":"auto","background-attachment":"scroll","background-type":"","background-media":"","overlay-type":"","overlay-color":"","overlay-opacity":"","overlay-gradient":""},"tablet":{"background-color":"var(--ast-global-color-5)","background-image":"","background-repeat":"repeat","background-position":"center center","background-size":"auto","background-attachment":"scroll","background-type":"","background-media":"","overlay-type":"","overlay-color":"","overlay-opacity":"","overlay-gradient":""},"mobile":{"background-color":"var(--ast-global-color-5)","background-image":"","background-repeat":"repeat","background-position":"center center","background-size":"auto","background-attachment":"scroll","background-type":"","background-media":"","overlay-type":"","overlay-color":"","overlay-opacity":"","overlay-gradient":""}},"footnotes":""},"class_list":["post-15073","page","type-page","status-publish","hentry"],"acf":[],"yoast_head":"<!-- This site is optimized with the Yoast SEO plugin v27.3 - https:\/\/yoast.com\/product\/yoast-seo-wordpress\/ -->\n<title>Pourquoi utiliser une cr\u00e8me de visage naturelle ? Lucia Rapetti<\/title>\n<meta name=\"description\" content=\"Aujourd&#039;hui, les consommateurs privil\u00e9gient des cosm\u00e9tiques plus naturels et respectueux de l&#039;environnement.\" \/>\n<meta name=\"robots\" content=\"index, follow, max-snippet:-1, max-image-preview:large, max-video-preview:-1\" \/>\n<link rel=\"canonical\" href=\"https:\/\/lucia-rapetti.com\/en\/why-use-a-natural-face-cream\/\" \/>\n<meta property=\"og:locale\" content=\"en_GB\" \/>\n<meta property=\"og:type\" content=\"article\" \/>\n<meta property=\"og:title\" content=\"Pourquoi utiliser une cr\u00e8me de visage naturelle ? Lucia Rapetti\" \/>\n<meta property=\"og:description\" content=\"Aujourd&#039;hui, les consommateurs privil\u00e9gient des cosm\u00e9tiques plus naturels et respectueux de l&#039;environnement.\" \/>\n<meta property=\"og:url\" content=\"https:\/\/lucia-rapetti.com\/en\/why-use-a-natural-face-cream\/\" \/>\n<meta property=\"og:site_name\" content=\"Lucia Rapetti Laboratoire Naturel\" \/>\n<meta property=\"article:publisher\" content=\"https:\/\/www.facebook.com\/luciarapettiofficial\" \/>\n<meta property=\"article:modified_time\" content=\"2025-05-16T08:06:36+00:00\" \/>\n<meta property=\"og:image\" content=\"https:\/\/lucia-rapetti.com\/wp-content\/uploads\/2023\/07\/LR-sito-hp-clean-beauty2.jpg\" \/>\n\t<meta property=\"og:image:width\" content=\"534\" \/>\n\t<meta property=\"og:image:height\" content=\"650\" \/>\n\t<meta property=\"og:image:type\" content=\"image\/jpeg\" \/>\n<meta name=\"twitter:card\" content=\"summary_large_image\" \/>\n<meta name=\"twitter:label1\" content=\"Estimated reading time\" \/>\n\t<meta name=\"twitter:data1\" content=\"4 minutes\" \/>\n<script type=\"application\/ld+json\" class=\"yoast-schema-graph\">{\"@context\":\"https:\\\/\\\/schema.org\",\"@graph\":[{\"@type\":\"WebPage\",\"@id\":\"https:\\\/\\\/lucia-rapetti.com\\\/pourquoi_utiliser_une_creme_de_visage_naturelle\\\/\",\"url\":\"https:\\\/\\\/lucia-rapetti.com\\\/pourquoi_utiliser_une_creme_de_visage_naturelle\\\/\",\"name\":\"Pourquoi utiliser une cr\u00e8me de visage naturelle ? Lucia Rapetti\",\"isPartOf\":{\"@id\":\"https:\\\/\\\/lucia-rapetti.com\\\/#website\"},\"primaryImageOfPage\":{\"@id\":\"https:\\\/\\\/lucia-rapetti.com\\\/pourquoi_utiliser_une_creme_de_visage_naturelle\\\/#primaryimage\"},\"image\":{\"@id\":\"https:\\\/\\\/lucia-rapetti.com\\\/pourquoi_utiliser_une_creme_de_visage_naturelle\\\/#primaryimage\"},\"thumbnailUrl\":\"https:\\\/\\\/lucia-rapetti.com\\\/wp-content\\\/uploads\\\/2023\\\/07\\\/LR-sito-hp-clean-beauty2.jpg\",\"datePublished\":\"2024-04-17T08:35:52+00:00\",\"dateModified\":\"2025-05-16T08:06:36+00:00\",\"description\":\"Aujourd'hui, les consommateurs privil\u00e9gient des cosm\u00e9tiques plus naturels et respectueux de l'environnement.\",\"breadcrumb\":{\"@id\":\"https:\\\/\\\/lucia-rapetti.com\\\/pourquoi_utiliser_une_creme_de_visage_naturelle\\\/#breadcrumb\"},\"inLanguage\":\"en-GB\",\"potentialAction\":[{\"@type\":\"ReadAction\",\"target\":[\"https:\\\/\\\/lucia-rapetti.com\\\/pourquoi_utiliser_une_creme_de_visage_naturelle\\\/\"]}]},{\"@type\":\"ImageObject\",\"inLanguage\":\"en-GB\",\"@id\":\"https:\\\/\\\/lucia-rapetti.com\\\/pourquoi_utiliser_une_creme_de_visage_naturelle\\\/#primaryimage\",\"url\":\"https:\\\/\\\/lucia-rapetti.com\\\/wp-content\\\/uploads\\\/2023\\\/07\\\/LR-sito-hp-clean-beauty2.jpg\",\"contentUrl\":\"https:\\\/\\\/lucia-rapetti.com\\\/wp-content\\\/uploads\\\/2023\\\/07\\\/LR-sito-hp-clean-beauty2.jpg\"},{\"@type\":\"BreadcrumbList\",\"@id\":\"https:\\\/\\\/lucia-rapetti.com\\\/pourquoi_utiliser_une_creme_de_visage_naturelle\\\/#breadcrumb\",\"itemListElement\":[{\"@type\":\"ListItem\",\"position\":1,\"name\":\"Lucia Rapetti\",\"item\":\"https:\\\/\\\/lucia-rapetti.com\\\/\"},{\"@type\":\"ListItem\",\"position\":2,\"name\":\"Pourquoi utiliser une cr\u00e8me de visage naturelle ?\"}]},{\"@type\":\"WebSite\",\"@id\":\"https:\\\/\\\/lucia-rapetti.com\\\/#website\",\"url\":\"https:\\\/\\\/lucia-rapetti.com\\\/\",\"name\":\"Lucia Rapetti Laboratoire Naturel\",\"description\":\"Laboratoire de cosm\u00e9tique naturel et beaut\u00e9\",\"publisher\":{\"@id\":\"https:\\\/\\\/lucia-rapetti.com\\\/#organization\"},\"potentialAction\":[{\"@type\":\"SearchAction\",\"target\":{\"@type\":\"EntryPoint\",\"urlTemplate\":\"https:\\\/\\\/lucia-rapetti.com\\\/?s={search_term_string}\"},\"query-input\":{\"@type\":\"PropertyValueSpecification\",\"valueRequired\":true,\"valueName\":\"search_term_string\"}}],\"inLanguage\":\"en-GB\"},{\"@type\":\"Organization\",\"@id\":\"https:\\\/\\\/lucia-rapetti.com\\\/#organization\",\"name\":\"Lucia Rapetti Laboratoire Naturel\",\"alternateName\":\"LR\",\"url\":\"https:\\\/\\\/lucia-rapetti.com\\\/\",\"logo\":{\"@type\":\"ImageObject\",\"inLanguage\":\"en-GB\",\"@id\":\"https:\\\/\\\/lucia-rapetti.com\\\/#\\\/schema\\\/logo\\\/image\\\/\",\"url\":\"https:\\\/\\\/lucia-rapetti.com\\\/wp-content\\\/uploads\\\/2023\\\/04\\\/cropped-lucia-rapetti-logo-1.png\",\"contentUrl\":\"https:\\\/\\\/lucia-rapetti.com\\\/wp-content\\\/uploads\\\/2023\\\/04\\\/cropped-lucia-rapetti-logo-1.png\",\"width\":850,\"height\":142,\"caption\":\"Lucia Rapetti Laboratoire Naturel\"},\"image\":{\"@id\":\"https:\\\/\\\/lucia-rapetti.com\\\/#\\\/schema\\\/logo\\\/image\\\/\"},\"sameAs\":[\"https:\\\/\\\/www.facebook.com\\\/luciarapettiofficial\",\"https:\\\/\\\/www.instagram.com\\\/luciarapettiofficial\\\/\"]}]}<\/script>\n<!-- \/ Yoast SEO plugin. -->","yoast_head_json":{"title":"Why use an all-natural face cream? Lucia Rapetti","description":"Today, consumers favour more natural and environmentally friendly cosmetics.","robots":{"index":"index","follow":"follow","max-snippet":"max-snippet:-1","max-image-preview":"max-image-preview:large","max-video-preview":"max-video-preview:-1"},"canonical":"https:\/\/lucia-rapetti.com\/en\/why-use-a-natural-face-cream\/","og_locale":"en_GB","og_type":"article","og_title":"Pourquoi utiliser une cr\u00e8me de visage naturelle ? Lucia Rapetti","og_description":"Aujourd'hui, les consommateurs privil\u00e9gient des cosm\u00e9tiques plus naturels et respectueux de l'environnement.","og_url":"https:\/\/lucia-rapetti.com\/en\/why-use-a-natural-face-cream\/","og_site_name":"Lucia Rapetti Laboratoire Naturel","article_publisher":"https:\/\/www.facebook.com\/luciarapettiofficial","article_modified_time":"2025-05-16T08:06:36+00:00","og_image":[{"width":534,"height":650,"url":"https:\/\/lucia-rapetti.com\/wp-content\/uploads\/2023\/07\/LR-sito-hp-clean-beauty2.jpg","type":"image\/jpeg"}],"twitter_card":"summary_large_image","twitter_misc":{"Estimated reading time":"4 minutes"},"schema":{"@context":"https:\/\/schema.org","@graph":[{"@type":"WebPage","@id":"https:\/\/lucia-rapetti.com\/pourquoi_utiliser_une_creme_de_visage_naturelle\/","url":"https:\/\/lucia-rapetti.com\/pourquoi_utiliser_une_creme_de_visage_naturelle\/","name":"Why use an all-natural face cream? Lucia Rapetti","isPartOf":{"@id":"https:\/\/lucia-rapetti.com\/#website"},"primaryImageOfPage":{"@id":"https:\/\/lucia-rapetti.com\/pourquoi_utiliser_une_creme_de_visage_naturelle\/#primaryimage"},"image":{"@id":"https:\/\/lucia-rapetti.com\/pourquoi_utiliser_une_creme_de_visage_naturelle\/#primaryimage"},"thumbnailUrl":"https:\/\/lucia-rapetti.com\/wp-content\/uploads\/2023\/07\/LR-sito-hp-clean-beauty2.jpg","datePublished":"2024-04-17T08:35:52+00:00","dateModified":"2025-05-16T08:06:36+00:00","description":"Today, consumers favour more natural and environmentally friendly cosmetics.","breadcrumb":{"@id":"https:\/\/lucia-rapetti.com\/pourquoi_utiliser_une_creme_de_visage_naturelle\/#breadcrumb"},"inLanguage":"en-GB","potentialAction":[{"@type":"ReadAction","target":["https:\/\/lucia-rapetti.com\/pourquoi_utiliser_une_creme_de_visage_naturelle\/"]}]},{"@type":"ImageObject","inLanguage":"en-GB","@id":"https:\/\/lucia-rapetti.com\/pourquoi_utiliser_une_creme_de_visage_naturelle\/#primaryimage","url":"https:\/\/lucia-rapetti.com\/wp-content\/uploads\/2023\/07\/LR-sito-hp-clean-beauty2.jpg","contentUrl":"https:\/\/lucia-rapetti.com\/wp-content\/uploads\/2023\/07\/LR-sito-hp-clean-beauty2.jpg"},{"@type":"BreadcrumbList","@id":"https:\/\/lucia-rapetti.com\/pourquoi_utiliser_une_creme_de_visage_naturelle\/#breadcrumb","itemListElement":[{"@type":"ListItem","position":1,"name":"Lucia Rapetti","item":"https:\/\/lucia-rapetti.com\/"},{"@type":"ListItem","position":2,"name":"Pourquoi utiliser une cr\u00e8me de visage naturelle ?"}]},{"@type":"WebSite","@id":"https:\/\/lucia-rapetti.com\/#website","url":"https:\/\/lucia-rapetti.com\/","name":"Lucia Rapetti Laboratoire Naturel","description":"Natural cosmetics and beauty laboratory","publisher":{"@id":"https:\/\/lucia-rapetti.com\/#organization"},"potentialAction":[{"@type":"SearchAction","target":{"@type":"EntryPoint","urlTemplate":"https:\/\/lucia-rapetti.com\/?s={search_term_string}"},"query-input":{"@type":"PropertyValueSpecification","valueRequired":true,"valueName":"search_term_string"}}],"inLanguage":"en-GB"},{"@type":"Organization","@id":"https:\/\/lucia-rapetti.com\/#organization","name":"Lucia Rapetti Laboratoire Naturel","alternateName":"LR","url":"https:\/\/lucia-rapetti.com\/","logo":{"@type":"ImageObject","inLanguage":"en-GB","@id":"https:\/\/lucia-rapetti.com\/#\/schema\/logo\/image\/","url":"https:\/\/lucia-rapetti.com\/wp-content\/uploads\/2023\/04\/cropped-lucia-rapetti-logo-1.png","contentUrl":"https:\/\/lucia-rapetti.com\/wp-content\/uploads\/2023\/04\/cropped-lucia-rapetti-logo-1.png","width":850,"height":142,"caption":"Lucia Rapetti Laboratoire Naturel"},"image":{"@id":"https:\/\/lucia-rapetti.com\/#\/schema\/logo\/image\/"},"sameAs":["https:\/\/www.facebook.com\/luciarapettiofficial","https:\/\/www.instagram.com\/luciarapettiofficial\/"]}]}},"_links":{"self":[{"href":"https:\/\/lucia-rapetti.com\/en\/wp-json\/wp\/v2\/pages\/15073","targetHints":{"allow":["GET"]}}],"collection":[{"href":"https:\/\/lucia-rapetti.com\/en\/wp-json\/wp\/v2\/pages"}],"about":[{"href":"https:\/\/lucia-rapetti.com\/en\/wp-json\/wp\/v2\/types\/page"}],"author":[{"embeddable":true,"href":"https:\/\/lucia-rapetti.com\/en\/wp-json\/wp\/v2\/users\/3"}],"replies":[{"embeddable":true,"href":"https:\/\/lucia-rapetti.com\/en\/wp-json\/wp\/v2\/comments?post=15073"}],"version-history":[{"count":0,"href":"https:\/\/lucia-rapetti.com\/en\/wp-json\/wp\/v2\/pages\/15073\/revisions"}],"wp:attachment":[{"href":"https:\/\/lucia-rapetti.com\/en\/wp-json\/wp\/v2\/media?parent=15073"}],"curies":[{"name":"wp","href":"https:\/\/api.w.org\/{rel}","templated":true}]}}