{"id":946,"date":"2023-06-28T10:24:24","date_gmt":"2023-06-28T08:24:24","guid":{"rendered":"https:\/\/client.comanddesign.com\/?post_type=product&#038;p=946"},"modified":"2026-03-06T15:14:48","modified_gmt":"2026-03-06T14:14:48","slug":"prodige-silk-50ml","status":"publish","type":"product","link":"https:\/\/lucia-rapetti.com\/de\/product\/prodige-silk-50ml\/","title":{"rendered":"Prodige Silk 50ml"},"content":{"rendered":"<p class=\"p1\">SIMMONDSIA CHINENSIS OIL:<span class=\"Apple-converted-space\">\u00a0 <\/span>reich an Omega-6-Linols\u00e4ure, Omega-9-\u00d6ls\u00e4ure, Vitamin E und C, sch\u00fctzend, antioxidativ, gegen freie Radikale, n\u00e4hrend, elastifizierend, Anti-Aging.<br \/>\nPERSEA GRATISSIMA OIL: Reich an Omega-6-Linols\u00e4ure, Omega-9-\u00d6ls\u00e4ure, Palmitins\u00e4ure, Stearins\u00e4ure, Beta-Carotin, Phytosterinen und zahlreichen Vitaminen (A, B, C, D, E, H, K und PP).<br \/>\nTOCOPHERYL ACETATE (VITAMIN E): Ein wichtiges Antioxidans, das oxidativen Stress in den Zellen bek\u00e4mpft und vorzeitiger Hautalterung entgegenwirkt.<\/p>","protected":false},"excerpt":{"rendered":"<p class=\"p1\">Dieses wertvolle \u00d6l ist reich an Vitaminen, n\u00e4hrt die Haut intensiv und regeneriert die Zellen. Es verleiht der Haut Komfort, Geschmeidigkeit und Elastizit\u00e4t und hinterl\u00e4sst sie weich, seidig und perfekt geschmeidig. Seine Anti-Falten- und Anti-Seneszenz-Eigenschaften tragen aktiv zur Verj\u00fcngung der Haut bei.<\/p>\n<p>Entdecken Sie unsere <a href=\"https:\/\/lucia-rapetti.com\/de\/produktkategorie\/gesicht\/naturliche-anti-aging-pflege\/\">nat\u00fcrliche Anti-Aging-Pflege<\/a>.<\/p>","protected":false},"featured_media":922,"comment_status":"open","ping_status":"closed","template":"","meta":{"_acf_changed":false,"site-sidebar-layout":"default","site-content-layout":"default","ast-site-content-layout":"default","site-content-style":"default","site-sidebar-style":"default","ast-global-header-display":"","ast-banner-title-visibility":"","ast-main-header-display":"","ast-hfb-above-header-display":"","ast-hfb-below-header-display":"","ast-hfb-mobile-header-display":"","site-post-title":"","ast-breadcrumbs-content":"","ast-featured-img":"","footer-sml-layout":"","ast-disable-related-posts":"","theme-transparent-header-meta":"default","adv-header-id-meta":"","stick-header-meta":"","header-above-stick-meta":"","header-main-stick-meta":"","header-below-stick-meta":"","astra-migrate-meta-layouts":"set","ast-page-background-enabled":"default","ast-page-background-meta":{"desktop":{"background-color":"var(--ast-global-color-4)","background-image":"","background-repeat":"repeat","background-position":"center center","background-size":"auto","background-attachment":"scroll","background-type":"","background-media":"","overlay-type":"","overlay-color":"","overlay-opacity":"","overlay-gradient":""},"tablet":{"background-color":"","background-image":"","background-repeat":"repeat","background-position":"center center","background-size":"auto","background-attachment":"scroll","background-type":"","background-media":"","overlay-type":"","overlay-color":"","overlay-opacity":"","overlay-gradient":""},"mobile":{"background-color":"","background-image":"","background-repeat":"repeat","background-position":"center center","background-size":"auto","background-attachment":"scroll","background-type":"","background-media":"","overlay-type":"","overlay-color":"","overlay-opacity":"","overlay-gradient":""}},"ast-content-background-meta":{"desktop":{"background-color":"var(--ast-global-color-5)","background-image":"","background-repeat":"repeat","background-position":"center center","background-size":"auto","background-attachment":"scroll","background-type":"","background-media":"","overlay-type":"","overlay-color":"","overlay-opacity":"","overlay-gradient":""},"tablet":{"background-color":"var(--ast-global-color-5)","background-image":"","background-repeat":"repeat","background-position":"center center","background-size":"auto","background-attachment":"scroll","background-type":"","background-media":"","overlay-type":"","overlay-color":"","overlay-opacity":"","overlay-gradient":""},"mobile":{"background-color":"var(--ast-global-color-5)","background-image":"","background-repeat":"repeat","background-position":"center center","background-size":"auto","background-attachment":"scroll","background-type":"","background-media":"","overlay-type":"","overlay-color":"","overlay-opacity":"","overlay-gradient":""}}},"product_brand":[],"product_cat":[49,37],"product_tag":[60],"class_list":{"0":"post-946","1":"product","2":"type-product","3":"status-publish","4":"has-post-thumbnail","6":"product_cat-soin-anti-age-naturel","7":"product_cat-serums-huiles","8":"product_tag-anti-age","9":"desktop-align-left","10":"tablet-align-left","11":"mobile-align-left","12":"ast-product-gallery-layout-vertical-slider","13":"ast-product-tabs-layout-horizontal","14":"ast-qv-on-image","16":"first","17":"instock","18":"taxable","19":"shipping-taxable","20":"purchasable","21":"product-type-simple"},"acf":[],"yoast_head":"<!-- This site is optimized with the Yoast SEO plugin v27.5 - https:\/\/yoast.com\/product\/yoast-seo-wordpress\/ -->\n<title>Anti-\u00e2ge Prodige Silk 50ml - Lucia Rapetti<\/title>\n<meta name=\"description\" content=\"Pr\u00e9cieuse huile nourrissante vitaminique, r\u00e9g\u00e9n\u00e8re les cellules, apporte confort, souplesse et \u00e9lasticit\u00e9. Nourrit profond\u00e9ment et assouplit la peau.\" \/>\n<meta name=\"robots\" content=\"index, follow, max-snippet:-1, max-image-preview:large, max-video-preview:-1\" \/>\n<link rel=\"canonical\" href=\"https:\/\/lucia-rapetti.com\/de\/product\/prodige-silk-50ml\/\" \/>\n<meta property=\"og:locale\" content=\"de_DE\" \/>\n<meta property=\"og:type\" content=\"article\" \/>\n<meta property=\"og:title\" content=\"Anti-\u00e2ge Prodige Silk 50ml - Lucia Rapetti\" \/>\n<meta property=\"og:description\" content=\"Pr\u00e9cieuse huile nourrissante vitaminique, r\u00e9g\u00e9n\u00e8re les cellules, apporte confort, souplesse et \u00e9lasticit\u00e9. Nourrit profond\u00e9ment et assouplit la peau.\" \/>\n<meta property=\"og:url\" content=\"https:\/\/lucia-rapetti.com\/de\/product\/prodige-silk-50ml\/\" \/>\n<meta property=\"og:site_name\" content=\"Lucia Rapetti Laboratoire Naturel\" \/>\n<meta property=\"article:publisher\" content=\"https:\/\/www.facebook.com\/luciarapettiofficial\" \/>\n<meta property=\"article:modified_time\" content=\"2026-03-06T14:14:48+00:00\" \/>\n<meta property=\"og:image\" content=\"https:\/\/lucia-rapetti.com\/wp-content\/uploads\/2023\/06\/LR-sito-prodige-silk.png\" \/>\n\t<meta property=\"og:image:width\" content=\"1200\" \/>\n\t<meta property=\"og:image:height\" content=\"1200\" \/>\n\t<meta property=\"og:image:type\" content=\"image\/png\" \/>\n<meta name=\"twitter:card\" content=\"summary_large_image\" \/>\n<meta name=\"twitter:label1\" content=\"Gesch\u00e4tzte Lesezeit\" \/>\n\t<meta name=\"twitter:data1\" content=\"1\u00a0Minute\" \/>\n<script type=\"application\/ld+json\" class=\"yoast-schema-graph\">{\"@context\":\"https:\\\/\\\/schema.org\",\"@graph\":[{\"@type\":\"WebPage\",\"@id\":\"https:\\\/\\\/lucia-rapetti.com\\\/product\\\/prodige-silk-50ml\\\/\",\"url\":\"https:\\\/\\\/lucia-rapetti.com\\\/product\\\/prodige-silk-50ml\\\/\",\"name\":\"Anti-\u00e2ge Prodige Silk 50ml - Lucia Rapetti\",\"isPartOf\":{\"@id\":\"https:\\\/\\\/lucia-rapetti.com\\\/#website\"},\"primaryImageOfPage\":{\"@id\":\"https:\\\/\\\/lucia-rapetti.com\\\/product\\\/prodige-silk-50ml\\\/#primaryimage\"},\"image\":{\"@id\":\"https:\\\/\\\/lucia-rapetti.com\\\/product\\\/prodige-silk-50ml\\\/#primaryimage\"},\"thumbnailUrl\":\"https:\\\/\\\/lucia-rapetti.com\\\/wp-content\\\/uploads\\\/2023\\\/06\\\/LR-sito-prodige-silk.png\",\"datePublished\":\"2023-06-28T08:24:24+00:00\",\"dateModified\":\"2026-03-06T14:14:48+00:00\",\"description\":\"Pr\u00e9cieuse huile nourrissante vitaminique, r\u00e9g\u00e9n\u00e8re les cellules, apporte confort, souplesse et \u00e9lasticit\u00e9. Nourrit profond\u00e9ment et assouplit la peau.\",\"breadcrumb\":{\"@id\":\"https:\\\/\\\/lucia-rapetti.com\\\/product\\\/prodige-silk-50ml\\\/#breadcrumb\"},\"inLanguage\":\"de\",\"potentialAction\":[{\"@type\":\"ReadAction\",\"target\":[\"https:\\\/\\\/lucia-rapetti.com\\\/product\\\/prodige-silk-50ml\\\/\"]}]},{\"@type\":\"ImageObject\",\"inLanguage\":\"de\",\"@id\":\"https:\\\/\\\/lucia-rapetti.com\\\/product\\\/prodige-silk-50ml\\\/#primaryimage\",\"url\":\"https:\\\/\\\/lucia-rapetti.com\\\/wp-content\\\/uploads\\\/2023\\\/06\\\/LR-sito-prodige-silk.png\",\"contentUrl\":\"https:\\\/\\\/lucia-rapetti.com\\\/wp-content\\\/uploads\\\/2023\\\/06\\\/LR-sito-prodige-silk.png\",\"width\":1200,\"height\":1200,\"caption\":\"prodige silk\"},{\"@type\":\"BreadcrumbList\",\"@id\":\"https:\\\/\\\/lucia-rapetti.com\\\/product\\\/prodige-silk-50ml\\\/#breadcrumb\",\"itemListElement\":[{\"@type\":\"ListItem\",\"position\":1,\"name\":\"Lucia Rapetti\",\"item\":\"https:\\\/\\\/lucia-rapetti.com\\\/\"},{\"@type\":\"ListItem\",\"position\":2,\"name\":\"Shop\",\"item\":\"https:\\\/\\\/lucia-rapetti.com\\\/shop\\\/\"},{\"@type\":\"ListItem\",\"position\":3,\"name\":\"Visage\",\"item\":\"https:\\\/\\\/lucia-rapetti.com\\\/product-category\\\/visage\\\/\"},{\"@type\":\"ListItem\",\"position\":4,\"name\":\"Life \u2013 Anti-\u00c2ge\",\"item\":\"https:\\\/\\\/lucia-rapetti.com\\\/product-category\\\/visage\\\/soin-anti-age-naturel\\\/\"},{\"@type\":\"ListItem\",\"position\":5,\"name\":\"Prodige Silk 50ml\"}]},{\"@type\":\"WebSite\",\"@id\":\"https:\\\/\\\/lucia-rapetti.com\\\/#website\",\"url\":\"https:\\\/\\\/lucia-rapetti.com\\\/\",\"name\":\"Lucia Rapetti Laboratoire Naturel\",\"description\":\"Laboratoire de cosm\u00e9tique naturel et beaut\u00e9\",\"publisher\":{\"@id\":\"https:\\\/\\\/lucia-rapetti.com\\\/#organization\"},\"potentialAction\":[{\"@type\":\"SearchAction\",\"target\":{\"@type\":\"EntryPoint\",\"urlTemplate\":\"https:\\\/\\\/lucia-rapetti.com\\\/?s={search_term_string}\"},\"query-input\":{\"@type\":\"PropertyValueSpecification\",\"valueRequired\":true,\"valueName\":\"search_term_string\"}}],\"inLanguage\":\"de\"},{\"@type\":\"Organization\",\"@id\":\"https:\\\/\\\/lucia-rapetti.com\\\/#organization\",\"name\":\"Lucia Rapetti Laboratoire Naturel\",\"alternateName\":\"LR\",\"url\":\"https:\\\/\\\/lucia-rapetti.com\\\/\",\"logo\":{\"@type\":\"ImageObject\",\"inLanguage\":\"de\",\"@id\":\"https:\\\/\\\/lucia-rapetti.com\\\/#\\\/schema\\\/logo\\\/image\\\/\",\"url\":\"https:\\\/\\\/lucia-rapetti.com\\\/wp-content\\\/uploads\\\/2023\\\/04\\\/cropped-lucia-rapetti-logo-1.png\",\"contentUrl\":\"https:\\\/\\\/lucia-rapetti.com\\\/wp-content\\\/uploads\\\/2023\\\/04\\\/cropped-lucia-rapetti-logo-1.png\",\"width\":850,\"height\":142,\"caption\":\"Lucia Rapetti Laboratoire Naturel\"},\"image\":{\"@id\":\"https:\\\/\\\/lucia-rapetti.com\\\/#\\\/schema\\\/logo\\\/image\\\/\"},\"sameAs\":[\"https:\\\/\\\/www.facebook.com\\\/luciarapettiofficial\",\"https:\\\/\\\/www.instagram.com\\\/luciarapettiofficial\\\/\"]}]}<\/script>\n<!-- \/ Yoast SEO plugin. -->","yoast_head_json":{"title":"Anti-Aging Prodige Silk 50ml - Lucia Rapetti","description":"Wertvolles, n\u00e4hrendes Vitamin\u00f6l, regeneriert die Zellen, verleiht Komfort, Geschmeidigkeit und Elastizit\u00e4t. N\u00e4hrt die Haut tiefgreifend und macht sie geschmeidig.","robots":{"index":"index","follow":"follow","max-snippet":"max-snippet:-1","max-image-preview":"max-image-preview:large","max-video-preview":"max-video-preview:-1"},"canonical":"https:\/\/lucia-rapetti.com\/de\/product\/prodige-silk-50ml\/","og_locale":"de_DE","og_type":"article","og_title":"Anti-\u00e2ge Prodige Silk 50ml - Lucia Rapetti","og_description":"Pr\u00e9cieuse huile nourrissante vitaminique, r\u00e9g\u00e9n\u00e8re les cellules, apporte confort, souplesse et \u00e9lasticit\u00e9. Nourrit profond\u00e9ment et assouplit la peau.","og_url":"https:\/\/lucia-rapetti.com\/de\/product\/prodige-silk-50ml\/","og_site_name":"Lucia Rapetti Laboratoire Naturel","article_publisher":"https:\/\/www.facebook.com\/luciarapettiofficial","article_modified_time":"2026-03-06T14:14:48+00:00","og_image":[{"width":1200,"height":1200,"url":"https:\/\/lucia-rapetti.com\/wp-content\/uploads\/2023\/06\/LR-sito-prodige-silk.png","type":"image\/png"}],"twitter_card":"summary_large_image","twitter_misc":{"Gesch\u00e4tzte Lesezeit":"1\u00a0Minute"},"schema":{"@context":"https:\/\/schema.org","@graph":[{"@type":"WebPage","@id":"https:\/\/lucia-rapetti.com\/product\/prodige-silk-50ml\/","url":"https:\/\/lucia-rapetti.com\/product\/prodige-silk-50ml\/","name":"Anti-Aging Prodige Silk 50ml - Lucia Rapetti","isPartOf":{"@id":"https:\/\/lucia-rapetti.com\/#website"},"primaryImageOfPage":{"@id":"https:\/\/lucia-rapetti.com\/product\/prodige-silk-50ml\/#primaryimage"},"image":{"@id":"https:\/\/lucia-rapetti.com\/product\/prodige-silk-50ml\/#primaryimage"},"thumbnailUrl":"https:\/\/lucia-rapetti.com\/wp-content\/uploads\/2023\/06\/LR-sito-prodige-silk.png","datePublished":"2023-06-28T08:24:24+00:00","dateModified":"2026-03-06T14:14:48+00:00","description":"Wertvolles, n\u00e4hrendes Vitamin\u00f6l, regeneriert die Zellen, verleiht Komfort, Geschmeidigkeit und Elastizit\u00e4t. N\u00e4hrt die Haut tiefgreifend und macht sie geschmeidig.","breadcrumb":{"@id":"https:\/\/lucia-rapetti.com\/product\/prodige-silk-50ml\/#breadcrumb"},"inLanguage":"de","potentialAction":[{"@type":"ReadAction","target":["https:\/\/lucia-rapetti.com\/product\/prodige-silk-50ml\/"]}]},{"@type":"ImageObject","inLanguage":"de","@id":"https:\/\/lucia-rapetti.com\/product\/prodige-silk-50ml\/#primaryimage","url":"https:\/\/lucia-rapetti.com\/wp-content\/uploads\/2023\/06\/LR-sito-prodige-silk.png","contentUrl":"https:\/\/lucia-rapetti.com\/wp-content\/uploads\/2023\/06\/LR-sito-prodige-silk.png","width":1200,"height":1200,"caption":"prodige silk"},{"@type":"BreadcrumbList","@id":"https:\/\/lucia-rapetti.com\/product\/prodige-silk-50ml\/#breadcrumb","itemListElement":[{"@type":"ListItem","position":1,"name":"Lucia Rapetti","item":"https:\/\/lucia-rapetti.com\/"},{"@type":"ListItem","position":2,"name":"Shop","item":"https:\/\/lucia-rapetti.com\/shop\/"},{"@type":"ListItem","position":3,"name":"Visage","item":"https:\/\/lucia-rapetti.com\/product-category\/visage\/"},{"@type":"ListItem","position":4,"name":"Life \u2013 Anti-\u00c2ge","item":"https:\/\/lucia-rapetti.com\/product-category\/visage\/soin-anti-age-naturel\/"},{"@type":"ListItem","position":5,"name":"Prodige Silk 50ml"}]},{"@type":"WebSite","@id":"https:\/\/lucia-rapetti.com\/#website","url":"https:\/\/lucia-rapetti.com\/","name":"Lucia Rapetti Natural Laboratory","description":"Labor f\u00fcr Natur- und Sch\u00f6nheitskosmetik","publisher":{"@id":"https:\/\/lucia-rapetti.com\/#organization"},"potentialAction":[{"@type":"SearchAction","target":{"@type":"EntryPoint","urlTemplate":"https:\/\/lucia-rapetti.com\/?s={search_term_string}"},"query-input":{"@type":"PropertyValueSpecification","valueRequired":true,"valueName":"search_term_string"}}],"inLanguage":"de"},{"@type":"Organization","@id":"https:\/\/lucia-rapetti.com\/#organization","name":"Lucia Rapetti Natural Laboratory","alternateName":"LR","url":"https:\/\/lucia-rapetti.com\/","logo":{"@type":"ImageObject","inLanguage":"de","@id":"https:\/\/lucia-rapetti.com\/#\/schema\/logo\/image\/","url":"https:\/\/lucia-rapetti.com\/wp-content\/uploads\/2023\/04\/cropped-lucia-rapetti-logo-1.png","contentUrl":"https:\/\/lucia-rapetti.com\/wp-content\/uploads\/2023\/04\/cropped-lucia-rapetti-logo-1.png","width":850,"height":142,"caption":"Lucia Rapetti Laboratoire Naturel"},"image":{"@id":"https:\/\/lucia-rapetti.com\/#\/schema\/logo\/image\/"},"sameAs":["https:\/\/www.facebook.com\/luciarapettiofficial","https:\/\/www.instagram.com\/luciarapettiofficial\/"]}]}},"_links":{"self":[{"href":"https:\/\/lucia-rapetti.com\/de\/wp-json\/wp\/v2\/product\/946","targetHints":{"allow":["GET"]}}],"collection":[{"href":"https:\/\/lucia-rapetti.com\/de\/wp-json\/wp\/v2\/product"}],"about":[{"href":"https:\/\/lucia-rapetti.com\/de\/wp-json\/wp\/v2\/types\/product"}],"replies":[{"embeddable":true,"href":"https:\/\/lucia-rapetti.com\/de\/wp-json\/wp\/v2\/comments?post=946"}],"version-history":[{"count":0,"href":"https:\/\/lucia-rapetti.com\/de\/wp-json\/wp\/v2\/product\/946\/revisions"}],"wp:featuredmedia":[{"embeddable":true,"href":"https:\/\/lucia-rapetti.com\/de\/wp-json\/wp\/v2\/media\/922"}],"wp:attachment":[{"href":"https:\/\/lucia-rapetti.com\/de\/wp-json\/wp\/v2\/media?parent=946"}],"wp:term":[{"taxonomy":"product_brand","embeddable":true,"href":"https:\/\/lucia-rapetti.com\/de\/wp-json\/wp\/v2\/product_brand?post=946"},{"taxonomy":"product_cat","embeddable":true,"href":"https:\/\/lucia-rapetti.com\/de\/wp-json\/wp\/v2\/product_cat?post=946"},{"taxonomy":"product_tag","embeddable":true,"href":"https:\/\/lucia-rapetti.com\/de\/wp-json\/wp\/v2\/product_tag?post=946"}],"curies":[{"name":"wp","href":"https:\/\/api.w.org\/{rel}","templated":true}]}}