{"id":932,"date":"2023-06-27T19:49:13","date_gmt":"2023-06-27T17:49:13","guid":{"rendered":"https:\/\/client.comanddesign.com\/?post_type=product&#038;p=932"},"modified":"2026-03-06T15:16:59","modified_gmt":"2026-03-06T14:16:59","slug":"cellular-night-repair-50ml","status":"publish","type":"product","link":"https:\/\/lucia-rapetti.com\/de\/product\/cellular-night-repair-50ml\/","title":{"rendered":"Cellular Night Repair 50ml"},"content":{"rendered":"<p class=\"p1\">ALPHA-GLUCAN PREBIOTIC MICROBIOTA: Komplex zur Verteidigung der Hautmikrobiota.<br \/>\nARTEMISIA UMBRELLIFORMIS: Ein wichtiges Antioxidans, das die Produktion von Kollagen, Elastin und Fibronektin anregt, die f\u00fcr die Jugendlichkeit der Haut unerl\u00e4sslich sind.<br \/>\nCALUERPA LENTIFERA GREEEN CAVIAR: Dichtet die Haut auf und reduziert die Faltentiefe.<br \/>\nPHYTO-\u0392-ENDORPHINE: werden aus den Beeren von Vitex Agnus Castus gewonnen.<br \/>\nRICE PHYTO-PROTEIN-KOMPLEX: Stimuliert die Zellregeneration.<span class=\"Apple-converted-space\">\u00a0 \u00a0 \u00a0 \u00a0 \u00a0 \u00a0 \u00a0 \u00a0 \u00a0 \u00a0 \u00a0 \u00a0 \u00a0 \u00a0 \u00a0 \u00a0 \u00a0 \u00a0 \u00a0 \u00a0 \u00a0 \u00a0 \u00a0 \u00a0 \u00a0 \u00a0 \u00a0 \u00a0 \u00a0 \u00a0 \u00a0 \u00a0 \u00a0 \u00a0 \u00a0 \u00a0 \u00a0 \u00a0 \u00a0\u00a0<\/span><\/p>","protected":false},"excerpt":{"rendered":"<p class=\"p1\"><strong data-start=\"89\" data-end=\"117\">Intensive reparierende Pflege<\/strong>, Sie n\u00e4hrt die Haut bis in die Tiefe, revitalisiert sie und wirkt direkt auf die Ursachen der Hautalterung ein. Dank ihrer Anti-Aging-Wirkung hilft sie, dem Auftreten von Falten vorzubeugen und bereits vorhandene Falten zu mildern. Sie stimuliert die Zellregeneration und hilft, Ver\u00e4nderungen in der Hautmatrix zu reparieren.<\/p>\n<p>Entdecken Sie unsere <a class=\"cursor-pointer\" href=\"https:\/\/lucia-rapetti.com\/de\/produktkategorie\/gesicht\/naturliche-gesichtscremes\/\" target=\"_new\" rel=\"noopener\" data-start=\"510\" data-end=\"619\">nat\u00fcrliche Gesichtscremes<\/a> f\u00fcr eine komplette Sch\u00f6nheitsroutine.<\/p>","protected":false},"featured_media":929,"comment_status":"open","ping_status":"closed","template":"","meta":{"_acf_changed":false,"site-sidebar-layout":"default","site-content-layout":"default","ast-site-content-layout":"default","site-content-style":"default","site-sidebar-style":"default","ast-global-header-display":"","ast-banner-title-visibility":"","ast-main-header-display":"","ast-hfb-above-header-display":"","ast-hfb-below-header-display":"","ast-hfb-mobile-header-display":"","site-post-title":"","ast-breadcrumbs-content":"","ast-featured-img":"","footer-sml-layout":"","ast-disable-related-posts":"","theme-transparent-header-meta":"default","adv-header-id-meta":"","stick-header-meta":"","header-above-stick-meta":"","header-main-stick-meta":"","header-below-stick-meta":"","astra-migrate-meta-layouts":"set","ast-page-background-enabled":"default","ast-page-background-meta":{"desktop":{"background-color":"var(--ast-global-color-4)","background-image":"","background-repeat":"repeat","background-position":"center center","background-size":"auto","background-attachment":"scroll","background-type":"","background-media":"","overlay-type":"","overlay-color":"","overlay-opacity":"","overlay-gradient":""},"tablet":{"background-color":"","background-image":"","background-repeat":"repeat","background-position":"center center","background-size":"auto","background-attachment":"scroll","background-type":"","background-media":"","overlay-type":"","overlay-color":"","overlay-opacity":"","overlay-gradient":""},"mobile":{"background-color":"","background-image":"","background-repeat":"repeat","background-position":"center center","background-size":"auto","background-attachment":"scroll","background-type":"","background-media":"","overlay-type":"","overlay-color":"","overlay-opacity":"","overlay-gradient":""}},"ast-content-background-meta":{"desktop":{"background-color":"var(--ast-global-color-5)","background-image":"","background-repeat":"repeat","background-position":"center center","background-size":"auto","background-attachment":"scroll","background-type":"","background-media":"","overlay-type":"","overlay-color":"","overlay-opacity":"","overlay-gradient":""},"tablet":{"background-color":"var(--ast-global-color-5)","background-image":"","background-repeat":"repeat","background-position":"center center","background-size":"auto","background-attachment":"scroll","background-type":"","background-media":"","overlay-type":"","overlay-color":"","overlay-opacity":"","overlay-gradient":""},"mobile":{"background-color":"var(--ast-global-color-5)","background-image":"","background-repeat":"repeat","background-position":"center center","background-size":"auto","background-attachment":"scroll","background-type":"","background-media":"","overlay-type":"","overlay-color":"","overlay-opacity":"","overlay-gradient":""}}},"product_brand":[],"product_cat":[36,49,164],"product_tag":[60],"class_list":{"0":"post-932","1":"product","2":"type-product","3":"status-publish","4":"has-post-thumbnail","6":"product_cat-cremes-jour-nuit","7":"product_cat-soin-anti-age-naturel","8":"product_cat-cremes-visage-naturelles","9":"product_tag-anti-age","10":"desktop-align-left","11":"tablet-align-left","12":"mobile-align-left","13":"ast-product-gallery-layout-vertical-slider","14":"ast-product-tabs-layout-horizontal","15":"ast-qv-on-image","17":"first","18":"instock","19":"taxable","20":"shipping-taxable","21":"purchasable","22":"product-type-simple"},"acf":[],"yoast_head":"<!-- This site is optimized with the Yoast SEO plugin v27.4 - https:\/\/yoast.com\/product\/yoast-seo-wordpress\/ -->\n<title>Soin Anti-\u00e2ge Cellular Night Repair 50ml - Lucia Rapetti<\/title>\n<meta name=\"description\" content=\"Soin r\u00e9parateur, nourrit, r\u00e9\u00e9nergise et contr\u00f4le le vieillissement de la peau \u00e0 la source. Il pr\u00e9vient la formation de rides et comble les rides existantes.\" \/>\n<meta name=\"robots\" content=\"index, follow, max-snippet:-1, max-image-preview:large, max-video-preview:-1\" \/>\n<link rel=\"canonical\" href=\"https:\/\/lucia-rapetti.com\/de\/product\/cellular-night-repair-50ml\/\" \/>\n<meta property=\"og:locale\" content=\"de_DE\" \/>\n<meta property=\"og:type\" content=\"article\" \/>\n<meta property=\"og:title\" content=\"Soin Anti-\u00e2ge Cellular Night Repair 50ml - Lucia Rapetti\" \/>\n<meta property=\"og:description\" content=\"Soin r\u00e9parateur, nourrit, r\u00e9\u00e9nergise et contr\u00f4le le vieillissement de la peau \u00e0 la source. Il pr\u00e9vient la formation de rides et comble les rides existantes.\" \/>\n<meta property=\"og:url\" content=\"https:\/\/lucia-rapetti.com\/de\/product\/cellular-night-repair-50ml\/\" \/>\n<meta property=\"og:site_name\" content=\"Lucia Rapetti Laboratoire Naturel\" \/>\n<meta property=\"article:publisher\" content=\"https:\/\/www.facebook.com\/luciarapettiofficial\" \/>\n<meta property=\"article:modified_time\" content=\"2026-03-06T14:16:59+00:00\" \/>\n<meta property=\"og:image\" content=\"https:\/\/lucia-rapetti.com\/wp-content\/uploads\/2023\/06\/LR-sito-cellular-night-repair.png\" \/>\n\t<meta property=\"og:image:width\" content=\"1200\" \/>\n\t<meta property=\"og:image:height\" content=\"1200\" \/>\n\t<meta property=\"og:image:type\" content=\"image\/png\" \/>\n<meta name=\"twitter:card\" content=\"summary_large_image\" \/>\n<meta name=\"twitter:label1\" content=\"Gesch\u00e4tzte Lesezeit\" \/>\n\t<meta name=\"twitter:data1\" content=\"1\u00a0Minute\" \/>\n<script type=\"application\/ld+json\" class=\"yoast-schema-graph\">{\"@context\":\"https:\\\/\\\/schema.org\",\"@graph\":[{\"@type\":\"WebPage\",\"@id\":\"https:\\\/\\\/lucia-rapetti.com\\\/product\\\/cellular-night-repair-50ml\\\/\",\"url\":\"https:\\\/\\\/lucia-rapetti.com\\\/product\\\/cellular-night-repair-50ml\\\/\",\"name\":\"Soin Anti-\u00e2ge Cellular Night Repair 50ml - Lucia Rapetti\",\"isPartOf\":{\"@id\":\"https:\\\/\\\/lucia-rapetti.com\\\/#website\"},\"primaryImageOfPage\":{\"@id\":\"https:\\\/\\\/lucia-rapetti.com\\\/product\\\/cellular-night-repair-50ml\\\/#primaryimage\"},\"image\":{\"@id\":\"https:\\\/\\\/lucia-rapetti.com\\\/product\\\/cellular-night-repair-50ml\\\/#primaryimage\"},\"thumbnailUrl\":\"https:\\\/\\\/lucia-rapetti.com\\\/wp-content\\\/uploads\\\/2023\\\/06\\\/LR-sito-cellular-night-repair.png\",\"datePublished\":\"2023-06-27T17:49:13+00:00\",\"dateModified\":\"2026-03-06T14:16:59+00:00\",\"description\":\"Soin r\u00e9parateur, nourrit, r\u00e9\u00e9nergise et contr\u00f4le le vieillissement de la peau \u00e0 la source. Il pr\u00e9vient la formation de rides et comble les rides existantes.\",\"breadcrumb\":{\"@id\":\"https:\\\/\\\/lucia-rapetti.com\\\/product\\\/cellular-night-repair-50ml\\\/#breadcrumb\"},\"inLanguage\":\"de\",\"potentialAction\":[{\"@type\":\"ReadAction\",\"target\":[\"https:\\\/\\\/lucia-rapetti.com\\\/product\\\/cellular-night-repair-50ml\\\/\"]}]},{\"@type\":\"ImageObject\",\"inLanguage\":\"de\",\"@id\":\"https:\\\/\\\/lucia-rapetti.com\\\/product\\\/cellular-night-repair-50ml\\\/#primaryimage\",\"url\":\"https:\\\/\\\/lucia-rapetti.com\\\/wp-content\\\/uploads\\\/2023\\\/06\\\/LR-sito-cellular-night-repair.png\",\"contentUrl\":\"https:\\\/\\\/lucia-rapetti.com\\\/wp-content\\\/uploads\\\/2023\\\/06\\\/LR-sito-cellular-night-repair.png\",\"width\":1200,\"height\":1200,\"caption\":\"cellular night repair\"},{\"@type\":\"BreadcrumbList\",\"@id\":\"https:\\\/\\\/lucia-rapetti.com\\\/product\\\/cellular-night-repair-50ml\\\/#breadcrumb\",\"itemListElement\":[{\"@type\":\"ListItem\",\"position\":1,\"name\":\"Lucia Rapetti\",\"item\":\"https:\\\/\\\/lucia-rapetti.com\\\/\"},{\"@type\":\"ListItem\",\"position\":2,\"name\":\"Shop\",\"item\":\"https:\\\/\\\/lucia-rapetti.com\\\/shop\\\/\"},{\"@type\":\"ListItem\",\"position\":3,\"name\":\"Cr\u00e8mes Jour &amp; Nuit\",\"item\":\"https:\\\/\\\/lucia-rapetti.com\\\/product-category\\\/cremes-jour-nuit\\\/\"},{\"@type\":\"ListItem\",\"position\":4,\"name\":\"Cellular Night Repair 50ml\"}]},{\"@type\":\"WebSite\",\"@id\":\"https:\\\/\\\/lucia-rapetti.com\\\/#website\",\"url\":\"https:\\\/\\\/lucia-rapetti.com\\\/\",\"name\":\"Lucia Rapetti Laboratoire Naturel\",\"description\":\"Laboratoire de cosm\u00e9tique naturel et beaut\u00e9\",\"publisher\":{\"@id\":\"https:\\\/\\\/lucia-rapetti.com\\\/#organization\"},\"potentialAction\":[{\"@type\":\"SearchAction\",\"target\":{\"@type\":\"EntryPoint\",\"urlTemplate\":\"https:\\\/\\\/lucia-rapetti.com\\\/?s={search_term_string}\"},\"query-input\":{\"@type\":\"PropertyValueSpecification\",\"valueRequired\":true,\"valueName\":\"search_term_string\"}}],\"inLanguage\":\"de\"},{\"@type\":\"Organization\",\"@id\":\"https:\\\/\\\/lucia-rapetti.com\\\/#organization\",\"name\":\"Lucia Rapetti Laboratoire Naturel\",\"alternateName\":\"LR\",\"url\":\"https:\\\/\\\/lucia-rapetti.com\\\/\",\"logo\":{\"@type\":\"ImageObject\",\"inLanguage\":\"de\",\"@id\":\"https:\\\/\\\/lucia-rapetti.com\\\/#\\\/schema\\\/logo\\\/image\\\/\",\"url\":\"https:\\\/\\\/lucia-rapetti.com\\\/wp-content\\\/uploads\\\/2023\\\/04\\\/cropped-lucia-rapetti-logo-1.png\",\"contentUrl\":\"https:\\\/\\\/lucia-rapetti.com\\\/wp-content\\\/uploads\\\/2023\\\/04\\\/cropped-lucia-rapetti-logo-1.png\",\"width\":850,\"height\":142,\"caption\":\"Lucia Rapetti Laboratoire Naturel\"},\"image\":{\"@id\":\"https:\\\/\\\/lucia-rapetti.com\\\/#\\\/schema\\\/logo\\\/image\\\/\"},\"sameAs\":[\"https:\\\/\\\/www.facebook.com\\\/luciarapettiofficial\",\"https:\\\/\\\/www.instagram.com\\\/luciarapettiofficial\\\/\"]}]}<\/script>\n<!-- \/ Yoast SEO plugin. -->","yoast_head_json":{"title":"Anti-Aging-Pflege Cellular Night Repair 50ml - Lucia Rapetti","description":"Reparierende Pflege, n\u00e4hrt, regeneriert und kontrolliert die Hautalterung an der Quelle. Sie beugt der Faltenbildung vor und f\u00fcllt bestehende Falten auf.","robots":{"index":"index","follow":"follow","max-snippet":"max-snippet:-1","max-image-preview":"max-image-preview:large","max-video-preview":"max-video-preview:-1"},"canonical":"https:\/\/lucia-rapetti.com\/de\/product\/cellular-night-repair-50ml\/","og_locale":"de_DE","og_type":"article","og_title":"Soin Anti-\u00e2ge Cellular Night Repair 50ml - Lucia Rapetti","og_description":"Soin r\u00e9parateur, nourrit, r\u00e9\u00e9nergise et contr\u00f4le le vieillissement de la peau \u00e0 la source. Il pr\u00e9vient la formation de rides et comble les rides existantes.","og_url":"https:\/\/lucia-rapetti.com\/de\/product\/cellular-night-repair-50ml\/","og_site_name":"Lucia Rapetti Laboratoire Naturel","article_publisher":"https:\/\/www.facebook.com\/luciarapettiofficial","article_modified_time":"2026-03-06T14:16:59+00:00","og_image":[{"width":1200,"height":1200,"url":"https:\/\/lucia-rapetti.com\/wp-content\/uploads\/2023\/06\/LR-sito-cellular-night-repair.png","type":"image\/png"}],"twitter_card":"summary_large_image","twitter_misc":{"Gesch\u00e4tzte Lesezeit":"1\u00a0Minute"},"schema":{"@context":"https:\/\/schema.org","@graph":[{"@type":"WebPage","@id":"https:\/\/lucia-rapetti.com\/product\/cellular-night-repair-50ml\/","url":"https:\/\/lucia-rapetti.com\/product\/cellular-night-repair-50ml\/","name":"Anti-Aging-Pflege Cellular Night Repair 50ml - Lucia Rapetti","isPartOf":{"@id":"https:\/\/lucia-rapetti.com\/#website"},"primaryImageOfPage":{"@id":"https:\/\/lucia-rapetti.com\/product\/cellular-night-repair-50ml\/#primaryimage"},"image":{"@id":"https:\/\/lucia-rapetti.com\/product\/cellular-night-repair-50ml\/#primaryimage"},"thumbnailUrl":"https:\/\/lucia-rapetti.com\/wp-content\/uploads\/2023\/06\/LR-sito-cellular-night-repair.png","datePublished":"2023-06-27T17:49:13+00:00","dateModified":"2026-03-06T14:16:59+00:00","description":"Reparierende Pflege, n\u00e4hrt, regeneriert und kontrolliert die Hautalterung an der Quelle. Sie beugt der Faltenbildung vor und f\u00fcllt bestehende Falten auf.","breadcrumb":{"@id":"https:\/\/lucia-rapetti.com\/product\/cellular-night-repair-50ml\/#breadcrumb"},"inLanguage":"de","potentialAction":[{"@type":"ReadAction","target":["https:\/\/lucia-rapetti.com\/product\/cellular-night-repair-50ml\/"]}]},{"@type":"ImageObject","inLanguage":"de","@id":"https:\/\/lucia-rapetti.com\/product\/cellular-night-repair-50ml\/#primaryimage","url":"https:\/\/lucia-rapetti.com\/wp-content\/uploads\/2023\/06\/LR-sito-cellular-night-repair.png","contentUrl":"https:\/\/lucia-rapetti.com\/wp-content\/uploads\/2023\/06\/LR-sito-cellular-night-repair.png","width":1200,"height":1200,"caption":"cellular night repair"},{"@type":"BreadcrumbList","@id":"https:\/\/lucia-rapetti.com\/product\/cellular-night-repair-50ml\/#breadcrumb","itemListElement":[{"@type":"ListItem","position":1,"name":"Lucia Rapetti","item":"https:\/\/lucia-rapetti.com\/"},{"@type":"ListItem","position":2,"name":"Shop","item":"https:\/\/lucia-rapetti.com\/shop\/"},{"@type":"ListItem","position":3,"name":"Cr\u00e8mes Jour &amp; Nuit","item":"https:\/\/lucia-rapetti.com\/product-category\/cremes-jour-nuit\/"},{"@type":"ListItem","position":4,"name":"Cellular Night Repair 50ml"}]},{"@type":"WebSite","@id":"https:\/\/lucia-rapetti.com\/#website","url":"https:\/\/lucia-rapetti.com\/","name":"Lucia Rapetti Natural Laboratory","description":"Labor f\u00fcr Natur- und Sch\u00f6nheitskosmetik","publisher":{"@id":"https:\/\/lucia-rapetti.com\/#organization"},"potentialAction":[{"@type":"SearchAction","target":{"@type":"EntryPoint","urlTemplate":"https:\/\/lucia-rapetti.com\/?s={search_term_string}"},"query-input":{"@type":"PropertyValueSpecification","valueRequired":true,"valueName":"search_term_string"}}],"inLanguage":"de"},{"@type":"Organization","@id":"https:\/\/lucia-rapetti.com\/#organization","name":"Lucia Rapetti Natural Laboratory","alternateName":"LR","url":"https:\/\/lucia-rapetti.com\/","logo":{"@type":"ImageObject","inLanguage":"de","@id":"https:\/\/lucia-rapetti.com\/#\/schema\/logo\/image\/","url":"https:\/\/lucia-rapetti.com\/wp-content\/uploads\/2023\/04\/cropped-lucia-rapetti-logo-1.png","contentUrl":"https:\/\/lucia-rapetti.com\/wp-content\/uploads\/2023\/04\/cropped-lucia-rapetti-logo-1.png","width":850,"height":142,"caption":"Lucia Rapetti Laboratoire Naturel"},"image":{"@id":"https:\/\/lucia-rapetti.com\/#\/schema\/logo\/image\/"},"sameAs":["https:\/\/www.facebook.com\/luciarapettiofficial","https:\/\/www.instagram.com\/luciarapettiofficial\/"]}]}},"_links":{"self":[{"href":"https:\/\/lucia-rapetti.com\/de\/wp-json\/wp\/v2\/product\/932","targetHints":{"allow":["GET"]}}],"collection":[{"href":"https:\/\/lucia-rapetti.com\/de\/wp-json\/wp\/v2\/product"}],"about":[{"href":"https:\/\/lucia-rapetti.com\/de\/wp-json\/wp\/v2\/types\/product"}],"replies":[{"embeddable":true,"href":"https:\/\/lucia-rapetti.com\/de\/wp-json\/wp\/v2\/comments?post=932"}],"version-history":[{"count":0,"href":"https:\/\/lucia-rapetti.com\/de\/wp-json\/wp\/v2\/product\/932\/revisions"}],"wp:featuredmedia":[{"embeddable":true,"href":"https:\/\/lucia-rapetti.com\/de\/wp-json\/wp\/v2\/media\/929"}],"wp:attachment":[{"href":"https:\/\/lucia-rapetti.com\/de\/wp-json\/wp\/v2\/media?parent=932"}],"wp:term":[{"taxonomy":"product_brand","embeddable":true,"href":"https:\/\/lucia-rapetti.com\/de\/wp-json\/wp\/v2\/product_brand?post=932"},{"taxonomy":"product_cat","embeddable":true,"href":"https:\/\/lucia-rapetti.com\/de\/wp-json\/wp\/v2\/product_cat?post=932"},{"taxonomy":"product_tag","embeddable":true,"href":"https:\/\/lucia-rapetti.com\/de\/wp-json\/wp\/v2\/product_tag?post=932"}],"curies":[{"name":"wp","href":"https:\/\/api.w.org\/{rel}","templated":true}]}}