{"id":773,"date":"2023-06-21T13:41:45","date_gmt":"2023-06-21T11:41:45","guid":{"rendered":"https:\/\/client.comanddesign.com\/?post_type=product&#038;p=773"},"modified":"2026-04-27T10:57:02","modified_gmt":"2026-04-27T08:57:02","slug":"purifying-clean-clear-400ml","status":"publish","type":"product","link":"https:\/\/lucia-rapetti.com\/de\/product\/purifying-clean-clear-400ml\/","title":{"rendered":"Purifying Clean &amp; Clear 400ml"},"content":{"rendered":"<p class=\"p1\">ZITRARISCHE S\u00c4URE: pH-kontrollierend, s\u00e4urebindend, antioxidativ.<br \/>\nAGHP COMPLEX: Entgiftendes Reinigungssystem.<br \/>\nOENOTHERA BIENNIS: entz\u00fcndungshemmend, gegen Akne, hilft, Entz\u00fcndungen und Reizungen zu reduzieren und unterst\u00fctzt die Behandlung aller entz\u00fcndlichen Hauterkrankungen, einschlie\u00dflich Akne.<br \/>\nBETULA ALBA: entgiftend, verbessert die Zellatmung.<br \/>\nSALIX ALBA: antibakteriell, talgregulierend, gegen Akne.<br \/>\nALLANTOIN: Wundheilend, sch\u00fctzend, feuchtigkeitsspendend, stimuliert die Abwehrkr\u00e4fte der Haut.<\/p>","protected":false},"excerpt":{"rendered":"<p class=\"p1\">Entwickelt f\u00fcr Problemhaut, fahle und schlecht mit Sauerstoff versorgte Haut. Diese Emulsion reinigt, entgiftet, versorgt die Haut mit Sauerstoff und beseitigt Unreinheiten gr\u00fcndlich, w\u00e4hrend sie die wertvolle Mikrobiota der Haut respektiert.<\/p>","protected":false},"featured_media":797,"comment_status":"open","ping_status":"closed","template":"","meta":{"_acf_changed":false,"site-sidebar-layout":"default","site-content-layout":"default","ast-site-content-layout":"default","site-content-style":"default","site-sidebar-style":"default","ast-global-header-display":"","ast-banner-title-visibility":"","ast-main-header-display":"","ast-hfb-above-header-display":"","ast-hfb-below-header-display":"","ast-hfb-mobile-header-display":"","site-post-title":"","ast-breadcrumbs-content":"","ast-featured-img":"","footer-sml-layout":"","ast-disable-related-posts":"","theme-transparent-header-meta":"default","adv-header-id-meta":"","stick-header-meta":"","header-above-stick-meta":"","header-main-stick-meta":"","header-below-stick-meta":"","astra-migrate-meta-layouts":"set","ast-page-background-enabled":"default","ast-page-background-meta":{"desktop":{"background-color":"var(--ast-global-color-4)","background-image":"","background-repeat":"repeat","background-position":"center center","background-size":"auto","background-attachment":"scroll","background-type":"","background-media":"","overlay-type":"","overlay-color":"","overlay-opacity":"","overlay-gradient":""},"tablet":{"background-color":"","background-image":"","background-repeat":"repeat","background-position":"center center","background-size":"auto","background-attachment":"scroll","background-type":"","background-media":"","overlay-type":"","overlay-color":"","overlay-opacity":"","overlay-gradient":""},"mobile":{"background-color":"","background-image":"","background-repeat":"repeat","background-position":"center center","background-size":"auto","background-attachment":"scroll","background-type":"","background-media":"","overlay-type":"","overlay-color":"","overlay-opacity":"","overlay-gradient":""}},"ast-content-background-meta":{"desktop":{"background-color":"var(--ast-global-color-5)","background-image":"","background-repeat":"repeat","background-position":"center center","background-size":"auto","background-attachment":"scroll","background-type":"","background-media":"","overlay-type":"","overlay-color":"","overlay-opacity":"","overlay-gradient":""},"tablet":{"background-color":"var(--ast-global-color-5)","background-image":"","background-repeat":"repeat","background-position":"center center","background-size":"auto","background-attachment":"scroll","background-type":"","background-media":"","overlay-type":"","overlay-color":"","overlay-opacity":"","overlay-gradient":""},"mobile":{"background-color":"var(--ast-global-color-5)","background-image":"","background-repeat":"repeat","background-position":"center center","background-size":"auto","background-attachment":"scroll","background-type":"","background-media":"","overlay-type":"","overlay-color":"","overlay-opacity":"","overlay-gradient":""}}},"product_brand":[],"product_cat":[28,34],"product_tag":[53,31,30],"class_list":{"0":"post-773","1":"product","2":"type-product","3":"status-publish","4":"has-post-thumbnail","6":"product_cat-purifying-soins-purifiants","7":"product_cat-demaquillants-nettoyants","8":"product_tag-demaquillants-nettoyants","9":"product_tag-peaux-grasses","10":"product_tag-tout-type-de-peau","11":"desktop-align-left","12":"tablet-align-left","13":"mobile-align-left","14":"ast-product-gallery-layout-vertical-slider","15":"ast-product-tabs-layout-horizontal","16":"ast-qv-on-image","18":"first","19":"outofstock","20":"taxable","21":"shipping-taxable","22":"purchasable","23":"product-type-simple"},"acf":[],"yoast_head":"<!-- This site is optimized with the Yoast SEO plugin v27.4 - https:\/\/yoast.com\/product\/yoast-seo-wordpress\/ -->\n<title>Soins Purifiants Purifying Clean &amp; Clear 400ml - Lucia Rapetti<\/title>\n<meta name=\"description\" content=\"Con\u00e7ue pour les peaux \u00e0 probl\u00e8mes, les peaux ternes et mal oxyg\u00e9n\u00e9es. Cette \u00e9mulsion nettoie, d\u00e9toxifie, oxyg\u00e8ne, \u00e9limine les impuret\u00e9s en profondeur.\" \/>\n<meta name=\"robots\" content=\"index, follow, max-snippet:-1, max-image-preview:large, max-video-preview:-1\" \/>\n<link rel=\"canonical\" href=\"https:\/\/lucia-rapetti.com\/de\/product\/purifying-clean-clear-400ml\/\" \/>\n<meta property=\"og:locale\" content=\"de_DE\" \/>\n<meta property=\"og:type\" content=\"article\" \/>\n<meta property=\"og:title\" content=\"Soins Purifiants Purifying Clean &amp; Clear 400ml - Lucia Rapetti\" \/>\n<meta property=\"og:description\" content=\"Con\u00e7ue pour les peaux \u00e0 probl\u00e8mes, les peaux ternes et mal oxyg\u00e9n\u00e9es. Cette \u00e9mulsion nettoie, d\u00e9toxifie, oxyg\u00e8ne, \u00e9limine les impuret\u00e9s en profondeur.\" \/>\n<meta property=\"og:url\" content=\"https:\/\/lucia-rapetti.com\/de\/product\/purifying-clean-clear-400ml\/\" \/>\n<meta property=\"og:site_name\" content=\"Lucia Rapetti Laboratoire Naturel\" \/>\n<meta property=\"article:publisher\" content=\"https:\/\/www.facebook.com\/luciarapettiofficial\" \/>\n<meta property=\"article:modified_time\" content=\"2026-04-27T08:57:02+00:00\" \/>\n<meta property=\"og:image\" content=\"https:\/\/lucia-rapetti.com\/wp-content\/uploads\/2023\/06\/LR-sito-purifying-cleanclear-1.png\" \/>\n\t<meta property=\"og:image:width\" content=\"1200\" \/>\n\t<meta property=\"og:image:height\" content=\"1200\" \/>\n\t<meta property=\"og:image:type\" content=\"image\/png\" \/>\n<meta name=\"twitter:card\" content=\"summary_large_image\" \/>\n<meta name=\"twitter:label1\" content=\"Gesch\u00e4tzte Lesezeit\" \/>\n\t<meta name=\"twitter:data1\" content=\"1\u00a0Minute\" \/>\n<script type=\"application\/ld+json\" class=\"yoast-schema-graph\">{\"@context\":\"https:\\\/\\\/schema.org\",\"@graph\":[{\"@type\":\"WebPage\",\"@id\":\"https:\\\/\\\/lucia-rapetti.com\\\/product\\\/purifying-clean-clear-400ml\\\/\",\"url\":\"https:\\\/\\\/lucia-rapetti.com\\\/product\\\/purifying-clean-clear-400ml\\\/\",\"name\":\"Soins Purifiants Purifying Clean & Clear 400ml - Lucia Rapetti\",\"isPartOf\":{\"@id\":\"https:\\\/\\\/lucia-rapetti.com\\\/#website\"},\"primaryImageOfPage\":{\"@id\":\"https:\\\/\\\/lucia-rapetti.com\\\/product\\\/purifying-clean-clear-400ml\\\/#primaryimage\"},\"image\":{\"@id\":\"https:\\\/\\\/lucia-rapetti.com\\\/product\\\/purifying-clean-clear-400ml\\\/#primaryimage\"},\"thumbnailUrl\":\"https:\\\/\\\/lucia-rapetti.com\\\/wp-content\\\/uploads\\\/2023\\\/06\\\/LR-sito-purifying-cleanclear-1.png\",\"datePublished\":\"2023-06-21T11:41:45+00:00\",\"dateModified\":\"2026-04-27T08:57:02+00:00\",\"description\":\"Con\u00e7ue pour les peaux \u00e0 probl\u00e8mes, les peaux ternes et mal oxyg\u00e9n\u00e9es. Cette \u00e9mulsion nettoie, d\u00e9toxifie, oxyg\u00e8ne, \u00e9limine les impuret\u00e9s en profondeur.\",\"breadcrumb\":{\"@id\":\"https:\\\/\\\/lucia-rapetti.com\\\/product\\\/purifying-clean-clear-400ml\\\/#breadcrumb\"},\"inLanguage\":\"de\",\"potentialAction\":[{\"@type\":\"ReadAction\",\"target\":[\"https:\\\/\\\/lucia-rapetti.com\\\/product\\\/purifying-clean-clear-400ml\\\/\"]}]},{\"@type\":\"ImageObject\",\"inLanguage\":\"de\",\"@id\":\"https:\\\/\\\/lucia-rapetti.com\\\/product\\\/purifying-clean-clear-400ml\\\/#primaryimage\",\"url\":\"https:\\\/\\\/lucia-rapetti.com\\\/wp-content\\\/uploads\\\/2023\\\/06\\\/LR-sito-purifying-cleanclear-1.png\",\"contentUrl\":\"https:\\\/\\\/lucia-rapetti.com\\\/wp-content\\\/uploads\\\/2023\\\/06\\\/LR-sito-purifying-cleanclear-1.png\",\"width\":1200,\"height\":1200,\"caption\":\"purifying clean & clear\"},{\"@type\":\"BreadcrumbList\",\"@id\":\"https:\\\/\\\/lucia-rapetti.com\\\/product\\\/purifying-clean-clear-400ml\\\/#breadcrumb\",\"itemListElement\":[{\"@type\":\"ListItem\",\"position\":1,\"name\":\"Lucia Rapetti\",\"item\":\"https:\\\/\\\/lucia-rapetti.com\\\/\"},{\"@type\":\"ListItem\",\"position\":2,\"name\":\"Shop\",\"item\":\"https:\\\/\\\/lucia-rapetti.com\\\/shop\\\/\"},{\"@type\":\"ListItem\",\"position\":3,\"name\":\"Visage\",\"item\":\"https:\\\/\\\/lucia-rapetti.com\\\/product-category\\\/visage\\\/\"},{\"@type\":\"ListItem\",\"position\":4,\"name\":\"Purifying - Soins Purifiants\",\"item\":\"https:\\\/\\\/lucia-rapetti.com\\\/product-category\\\/visage\\\/purifying-soins-purifiants\\\/\"},{\"@type\":\"ListItem\",\"position\":5,\"name\":\"Purifying Clean &amp; Clear 400ml\"}]},{\"@type\":\"WebSite\",\"@id\":\"https:\\\/\\\/lucia-rapetti.com\\\/#website\",\"url\":\"https:\\\/\\\/lucia-rapetti.com\\\/\",\"name\":\"Lucia Rapetti Laboratoire Naturel\",\"description\":\"Laboratoire de cosm\u00e9tique naturel et beaut\u00e9\",\"publisher\":{\"@id\":\"https:\\\/\\\/lucia-rapetti.com\\\/#organization\"},\"potentialAction\":[{\"@type\":\"SearchAction\",\"target\":{\"@type\":\"EntryPoint\",\"urlTemplate\":\"https:\\\/\\\/lucia-rapetti.com\\\/?s={search_term_string}\"},\"query-input\":{\"@type\":\"PropertyValueSpecification\",\"valueRequired\":true,\"valueName\":\"search_term_string\"}}],\"inLanguage\":\"de\"},{\"@type\":\"Organization\",\"@id\":\"https:\\\/\\\/lucia-rapetti.com\\\/#organization\",\"name\":\"Lucia Rapetti Laboratoire Naturel\",\"alternateName\":\"LR\",\"url\":\"https:\\\/\\\/lucia-rapetti.com\\\/\",\"logo\":{\"@type\":\"ImageObject\",\"inLanguage\":\"de\",\"@id\":\"https:\\\/\\\/lucia-rapetti.com\\\/#\\\/schema\\\/logo\\\/image\\\/\",\"url\":\"https:\\\/\\\/lucia-rapetti.com\\\/wp-content\\\/uploads\\\/2023\\\/04\\\/cropped-lucia-rapetti-logo-1.png\",\"contentUrl\":\"https:\\\/\\\/lucia-rapetti.com\\\/wp-content\\\/uploads\\\/2023\\\/04\\\/cropped-lucia-rapetti-logo-1.png\",\"width\":850,\"height\":142,\"caption\":\"Lucia Rapetti Laboratoire Naturel\"},\"image\":{\"@id\":\"https:\\\/\\\/lucia-rapetti.com\\\/#\\\/schema\\\/logo\\\/image\\\/\"},\"sameAs\":[\"https:\\\/\\\/www.facebook.com\\\/luciarapettiofficial\",\"https:\\\/\\\/www.instagram.com\\\/luciarapettiofficial\\\/\"]}]}<\/script>\n<!-- \/ Yoast SEO plugin. -->","yoast_head_json":{"title":"Reinigende Pflege Purifying Clean &amp; Clear 400ml - Lucia Rapetti","description":"Entwickelt f\u00fcr Problemhaut, fahle Haut und schlecht mit Sauerstoff versorgte Haut. Diese Emulsion reinigt, entgiftet, versorgt die Haut mit Sauerstoff und beseitigt Unreinheiten gr\u00fcndlich.","robots":{"index":"index","follow":"follow","max-snippet":"max-snippet:-1","max-image-preview":"max-image-preview:large","max-video-preview":"max-video-preview:-1"},"canonical":"https:\/\/lucia-rapetti.com\/de\/product\/purifying-clean-clear-400ml\/","og_locale":"de_DE","og_type":"article","og_title":"Soins Purifiants Purifying Clean & Clear 400ml - Lucia Rapetti","og_description":"Con\u00e7ue pour les peaux \u00e0 probl\u00e8mes, les peaux ternes et mal oxyg\u00e9n\u00e9es. Cette \u00e9mulsion nettoie, d\u00e9toxifie, oxyg\u00e8ne, \u00e9limine les impuret\u00e9s en profondeur.","og_url":"https:\/\/lucia-rapetti.com\/de\/product\/purifying-clean-clear-400ml\/","og_site_name":"Lucia Rapetti Laboratoire Naturel","article_publisher":"https:\/\/www.facebook.com\/luciarapettiofficial","article_modified_time":"2026-04-27T08:57:02+00:00","og_image":[{"width":1200,"height":1200,"url":"https:\/\/lucia-rapetti.com\/wp-content\/uploads\/2023\/06\/LR-sito-purifying-cleanclear-1.png","type":"image\/png"}],"twitter_card":"summary_large_image","twitter_misc":{"Gesch\u00e4tzte Lesezeit":"1\u00a0Minute"},"schema":{"@context":"https:\/\/schema.org","@graph":[{"@type":"WebPage","@id":"https:\/\/lucia-rapetti.com\/product\/purifying-clean-clear-400ml\/","url":"https:\/\/lucia-rapetti.com\/product\/purifying-clean-clear-400ml\/","name":"Reinigende Pflege Purifying Clean &amp; Clear 400ml - Lucia Rapetti","isPartOf":{"@id":"https:\/\/lucia-rapetti.com\/#website"},"primaryImageOfPage":{"@id":"https:\/\/lucia-rapetti.com\/product\/purifying-clean-clear-400ml\/#primaryimage"},"image":{"@id":"https:\/\/lucia-rapetti.com\/product\/purifying-clean-clear-400ml\/#primaryimage"},"thumbnailUrl":"https:\/\/lucia-rapetti.com\/wp-content\/uploads\/2023\/06\/LR-sito-purifying-cleanclear-1.png","datePublished":"2023-06-21T11:41:45+00:00","dateModified":"2026-04-27T08:57:02+00:00","description":"Entwickelt f\u00fcr Problemhaut, fahle Haut und schlecht mit Sauerstoff versorgte Haut. Diese Emulsion reinigt, entgiftet, versorgt die Haut mit Sauerstoff und beseitigt Unreinheiten gr\u00fcndlich.","breadcrumb":{"@id":"https:\/\/lucia-rapetti.com\/product\/purifying-clean-clear-400ml\/#breadcrumb"},"inLanguage":"de","potentialAction":[{"@type":"ReadAction","target":["https:\/\/lucia-rapetti.com\/product\/purifying-clean-clear-400ml\/"]}]},{"@type":"ImageObject","inLanguage":"de","@id":"https:\/\/lucia-rapetti.com\/product\/purifying-clean-clear-400ml\/#primaryimage","url":"https:\/\/lucia-rapetti.com\/wp-content\/uploads\/2023\/06\/LR-sito-purifying-cleanclear-1.png","contentUrl":"https:\/\/lucia-rapetti.com\/wp-content\/uploads\/2023\/06\/LR-sito-purifying-cleanclear-1.png","width":1200,"height":1200,"caption":"purifying clean & clear"},{"@type":"BreadcrumbList","@id":"https:\/\/lucia-rapetti.com\/product\/purifying-clean-clear-400ml\/#breadcrumb","itemListElement":[{"@type":"ListItem","position":1,"name":"Lucia Rapetti","item":"https:\/\/lucia-rapetti.com\/"},{"@type":"ListItem","position":2,"name":"Shop","item":"https:\/\/lucia-rapetti.com\/shop\/"},{"@type":"ListItem","position":3,"name":"Visage","item":"https:\/\/lucia-rapetti.com\/product-category\/visage\/"},{"@type":"ListItem","position":4,"name":"Purifying - Soins Purifiants","item":"https:\/\/lucia-rapetti.com\/product-category\/visage\/purifying-soins-purifiants\/"},{"@type":"ListItem","position":5,"name":"Purifying Clean &amp; Clear 400ml"}]},{"@type":"WebSite","@id":"https:\/\/lucia-rapetti.com\/#website","url":"https:\/\/lucia-rapetti.com\/","name":"Lucia Rapetti Natural Laboratory","description":"Labor f\u00fcr Natur- und Sch\u00f6nheitskosmetik","publisher":{"@id":"https:\/\/lucia-rapetti.com\/#organization"},"potentialAction":[{"@type":"SearchAction","target":{"@type":"EntryPoint","urlTemplate":"https:\/\/lucia-rapetti.com\/?s={search_term_string}"},"query-input":{"@type":"PropertyValueSpecification","valueRequired":true,"valueName":"search_term_string"}}],"inLanguage":"de"},{"@type":"Organization","@id":"https:\/\/lucia-rapetti.com\/#organization","name":"Lucia Rapetti Natural Laboratory","alternateName":"LR","url":"https:\/\/lucia-rapetti.com\/","logo":{"@type":"ImageObject","inLanguage":"de","@id":"https:\/\/lucia-rapetti.com\/#\/schema\/logo\/image\/","url":"https:\/\/lucia-rapetti.com\/wp-content\/uploads\/2023\/04\/cropped-lucia-rapetti-logo-1.png","contentUrl":"https:\/\/lucia-rapetti.com\/wp-content\/uploads\/2023\/04\/cropped-lucia-rapetti-logo-1.png","width":850,"height":142,"caption":"Lucia Rapetti Laboratoire Naturel"},"image":{"@id":"https:\/\/lucia-rapetti.com\/#\/schema\/logo\/image\/"},"sameAs":["https:\/\/www.facebook.com\/luciarapettiofficial","https:\/\/www.instagram.com\/luciarapettiofficial\/"]}]}},"_links":{"self":[{"href":"https:\/\/lucia-rapetti.com\/de\/wp-json\/wp\/v2\/product\/773","targetHints":{"allow":["GET"]}}],"collection":[{"href":"https:\/\/lucia-rapetti.com\/de\/wp-json\/wp\/v2\/product"}],"about":[{"href":"https:\/\/lucia-rapetti.com\/de\/wp-json\/wp\/v2\/types\/product"}],"replies":[{"embeddable":true,"href":"https:\/\/lucia-rapetti.com\/de\/wp-json\/wp\/v2\/comments?post=773"}],"version-history":[{"count":0,"href":"https:\/\/lucia-rapetti.com\/de\/wp-json\/wp\/v2\/product\/773\/revisions"}],"wp:featuredmedia":[{"embeddable":true,"href":"https:\/\/lucia-rapetti.com\/de\/wp-json\/wp\/v2\/media\/797"}],"wp:attachment":[{"href":"https:\/\/lucia-rapetti.com\/de\/wp-json\/wp\/v2\/media?parent=773"}],"wp:term":[{"taxonomy":"product_brand","embeddable":true,"href":"https:\/\/lucia-rapetti.com\/de\/wp-json\/wp\/v2\/product_brand?post=773"},{"taxonomy":"product_cat","embeddable":true,"href":"https:\/\/lucia-rapetti.com\/de\/wp-json\/wp\/v2\/product_cat?post=773"},{"taxonomy":"product_tag","embeddable":true,"href":"https:\/\/lucia-rapetti.com\/de\/wp-json\/wp\/v2\/product_tag?post=773"}],"curies":[{"name":"wp","href":"https:\/\/api.w.org\/{rel}","templated":true}]}}