{"id":1272,"date":"2023-06-29T19:02:08","date_gmt":"2023-06-29T17:02:08","guid":{"rendered":"https:\/\/client.comanddesign.com\/?post_type=product&#038;p=1272"},"modified":"2026-03-06T14:47:20","modified_gmt":"2026-03-06T13:47:20","slug":"marisel-200ml","status":"publish","type":"product","link":"https:\/\/lucia-rapetti.com\/de\/product\/marisel-200ml\/","title":{"rendered":"Marisel 200ml"},"content":{"rendered":"<p class=\"p1\">MARIS SALT: ultra-mineralisierend.<br \/>\nCITRUS MEDICA LIMONUM OIL: entgiftend, reinigend, drainierend.<br \/>\nLAVANDULA ANGUSTIFOLIA OIL: entschlackend, entw\u00e4ssernd, abschwellend.<br \/>\nEUCALYPTUS GLOBULUS OIL: reinigt und versorgt das Gewebe mit Sauerstoff.<br \/>\nCITRUS AURANTIUM DULCIS OIL: abschwellend, entw\u00e4ssernd.<\/p>","protected":false},"excerpt":{"rendered":"<p class=\"p1\">Marisel ist viel mehr als ein Peeling, es ist eine echte Sch\u00f6nheits- und Wellnessbehandlung f\u00fcr K\u00f6rper, H\u00e4nde und F\u00fc\u00dfe.<\/p>","protected":false},"featured_media":1274,"comment_status":"open","ping_status":"closed","template":"","meta":{"_acf_changed":false,"site-sidebar-layout":"default","site-content-layout":"default","ast-site-content-layout":"default","site-content-style":"default","site-sidebar-style":"default","ast-global-header-display":"","ast-banner-title-visibility":"","ast-main-header-display":"","ast-hfb-above-header-display":"","ast-hfb-below-header-display":"","ast-hfb-mobile-header-display":"","site-post-title":"","ast-breadcrumbs-content":"","ast-featured-img":"","footer-sml-layout":"","ast-disable-related-posts":"","theme-transparent-header-meta":"default","adv-header-id-meta":"","stick-header-meta":"","header-above-stick-meta":"","header-main-stick-meta":"","header-below-stick-meta":"","astra-migrate-meta-layouts":"set","ast-page-background-enabled":"default","ast-page-background-meta":{"desktop":{"background-color":"var(--ast-global-color-4)","background-image":"","background-repeat":"repeat","background-position":"center center","background-size":"auto","background-attachment":"scroll","background-type":"","background-media":"","overlay-type":"","overlay-color":"","overlay-opacity":"","overlay-gradient":""},"tablet":{"background-color":"","background-image":"","background-repeat":"repeat","background-position":"center center","background-size":"auto","background-attachment":"scroll","background-type":"","background-media":"","overlay-type":"","overlay-color":"","overlay-opacity":"","overlay-gradient":""},"mobile":{"background-color":"","background-image":"","background-repeat":"repeat","background-position":"center center","background-size":"auto","background-attachment":"scroll","background-type":"","background-media":"","overlay-type":"","overlay-color":"","overlay-opacity":"","overlay-gradient":""}},"ast-content-background-meta":{"desktop":{"background-color":"var(--ast-global-color-5)","background-image":"","background-repeat":"repeat","background-position":"center center","background-size":"auto","background-attachment":"scroll","background-type":"","background-media":"","overlay-type":"","overlay-color":"","overlay-opacity":"","overlay-gradient":""},"tablet":{"background-color":"var(--ast-global-color-5)","background-image":"","background-repeat":"repeat","background-position":"center center","background-size":"auto","background-attachment":"scroll","background-type":"","background-media":"","overlay-type":"","overlay-color":"","overlay-opacity":"","overlay-gradient":""},"mobile":{"background-color":"var(--ast-global-color-5)","background-image":"","background-repeat":"repeat","background-position":"center center","background-size":"auto","background-attachment":"scroll","background-type":"","background-media":"","overlay-type":"","overlay-color":"","overlay-opacity":"","overlay-gradient":""}}},"product_brand":[],"product_cat":[42,45],"product_tag":[],"class_list":{"0":"post-1272","1":"product","2":"type-product","3":"status-publish","4":"has-post-thumbnail","6":"product_cat-douche-hydratation-exfoliation","7":"product_cat-mains-et-pieds","8":"desktop-align-left","9":"tablet-align-left","10":"mobile-align-left","11":"ast-product-gallery-layout-vertical-slider","12":"ast-product-tabs-layout-horizontal","13":"ast-qv-on-image","15":"first","16":"outofstock","17":"taxable","18":"shipping-taxable","19":"purchasable","20":"product-type-simple"},"acf":[],"yoast_head":"<!-- This site is optimized with the Yoast SEO plugin v27.4 - https:\/\/yoast.com\/product\/yoast-seo-wordpress\/ -->\n<title>Exfoliant Marisel 200ml - Lucia Rapetti<\/title>\n<meta name=\"description\" content=\"Bien plus qu\u2019un gommage, Marisel est un v\u00e9ritable soin de beaut\u00e9 et de bien-\u00eatre pour le corps, les mains et les pieds. Lucia Rapetti\" \/>\n<meta name=\"robots\" content=\"index, follow, max-snippet:-1, max-image-preview:large, max-video-preview:-1\" \/>\n<link rel=\"canonical\" href=\"https:\/\/lucia-rapetti.com\/de\/product\/marisel-200ml\/\" \/>\n<meta property=\"og:locale\" content=\"de_DE\" \/>\n<meta property=\"og:type\" content=\"article\" \/>\n<meta property=\"og:title\" content=\"Exfoliant Marisel 200ml - Lucia Rapetti\" \/>\n<meta property=\"og:description\" content=\"Bien plus qu\u2019un gommage, Marisel est un v\u00e9ritable soin de beaut\u00e9 et de bien-\u00eatre pour le corps, les mains et les pieds. Lucia Rapetti\" \/>\n<meta property=\"og:url\" content=\"https:\/\/lucia-rapetti.com\/de\/product\/marisel-200ml\/\" \/>\n<meta property=\"og:site_name\" content=\"Lucia Rapetti Laboratoire Naturel\" \/>\n<meta property=\"article:publisher\" content=\"https:\/\/www.facebook.com\/luciarapettiofficial\" \/>\n<meta property=\"article:modified_time\" content=\"2026-03-06T13:47:20+00:00\" \/>\n<meta property=\"og:image\" content=\"https:\/\/lucia-rapetti.com\/wp-content\/uploads\/2023\/06\/LR-sito-marisel.png\" \/>\n\t<meta property=\"og:image:width\" content=\"1200\" \/>\n\t<meta property=\"og:image:height\" content=\"1200\" \/>\n\t<meta property=\"og:image:type\" content=\"image\/png\" \/>\n<meta name=\"twitter:card\" content=\"summary_large_image\" \/>\n<meta name=\"twitter:label1\" content=\"Gesch\u00e4tzte Lesezeit\" \/>\n\t<meta name=\"twitter:data1\" content=\"1\u00a0Minute\" \/>\n<script type=\"application\/ld+json\" class=\"yoast-schema-graph\">{\"@context\":\"https:\\\/\\\/schema.org\",\"@graph\":[{\"@type\":\"WebPage\",\"@id\":\"https:\\\/\\\/lucia-rapetti.com\\\/product\\\/marisel-200ml\\\/\",\"url\":\"https:\\\/\\\/lucia-rapetti.com\\\/product\\\/marisel-200ml\\\/\",\"name\":\"Exfoliant Marisel 200ml - Lucia Rapetti\",\"isPartOf\":{\"@id\":\"https:\\\/\\\/lucia-rapetti.com\\\/#website\"},\"primaryImageOfPage\":{\"@id\":\"https:\\\/\\\/lucia-rapetti.com\\\/product\\\/marisel-200ml\\\/#primaryimage\"},\"image\":{\"@id\":\"https:\\\/\\\/lucia-rapetti.com\\\/product\\\/marisel-200ml\\\/#primaryimage\"},\"thumbnailUrl\":\"https:\\\/\\\/lucia-rapetti.com\\\/wp-content\\\/uploads\\\/2023\\\/06\\\/LR-sito-marisel.png\",\"datePublished\":\"2023-06-29T17:02:08+00:00\",\"dateModified\":\"2026-03-06T13:47:20+00:00\",\"description\":\"Bien plus qu\u2019un gommage, Marisel est un v\u00e9ritable soin de beaut\u00e9 et de bien-\u00eatre pour le corps, les mains et les pieds. Lucia Rapetti\",\"breadcrumb\":{\"@id\":\"https:\\\/\\\/lucia-rapetti.com\\\/product\\\/marisel-200ml\\\/#breadcrumb\"},\"inLanguage\":\"de\",\"potentialAction\":[{\"@type\":\"ReadAction\",\"target\":[\"https:\\\/\\\/lucia-rapetti.com\\\/product\\\/marisel-200ml\\\/\"]}]},{\"@type\":\"ImageObject\",\"inLanguage\":\"de\",\"@id\":\"https:\\\/\\\/lucia-rapetti.com\\\/product\\\/marisel-200ml\\\/#primaryimage\",\"url\":\"https:\\\/\\\/lucia-rapetti.com\\\/wp-content\\\/uploads\\\/2023\\\/06\\\/LR-sito-marisel.png\",\"contentUrl\":\"https:\\\/\\\/lucia-rapetti.com\\\/wp-content\\\/uploads\\\/2023\\\/06\\\/LR-sito-marisel.png\",\"width\":1200,\"height\":1200,\"caption\":\"marisel\"},{\"@type\":\"BreadcrumbList\",\"@id\":\"https:\\\/\\\/lucia-rapetti.com\\\/product\\\/marisel-200ml\\\/#breadcrumb\",\"itemListElement\":[{\"@type\":\"ListItem\",\"position\":1,\"name\":\"Lucia Rapetti\",\"item\":\"https:\\\/\\\/lucia-rapetti.com\\\/\"},{\"@type\":\"ListItem\",\"position\":2,\"name\":\"Shop\",\"item\":\"https:\\\/\\\/lucia-rapetti.com\\\/shop\\\/\"},{\"@type\":\"ListItem\",\"position\":3,\"name\":\"Ecologica \u2013 Soins Corps\",\"item\":\"https:\\\/\\\/lucia-rapetti.com\\\/product-category\\\/ecologica-soins-corps\\\/\"},{\"@type\":\"ListItem\",\"position\":4,\"name\":\"Douche, Hydratation, Exfoliation\",\"item\":\"https:\\\/\\\/lucia-rapetti.com\\\/product-category\\\/ecologica-soins-corps\\\/douche-hydratation-exfoliation\\\/\"},{\"@type\":\"ListItem\",\"position\":5,\"name\":\"Marisel 200ml\"}]},{\"@type\":\"WebSite\",\"@id\":\"https:\\\/\\\/lucia-rapetti.com\\\/#website\",\"url\":\"https:\\\/\\\/lucia-rapetti.com\\\/\",\"name\":\"Lucia Rapetti Laboratoire Naturel\",\"description\":\"Laboratoire de cosm\u00e9tique naturel et beaut\u00e9\",\"publisher\":{\"@id\":\"https:\\\/\\\/lucia-rapetti.com\\\/#organization\"},\"potentialAction\":[{\"@type\":\"SearchAction\",\"target\":{\"@type\":\"EntryPoint\",\"urlTemplate\":\"https:\\\/\\\/lucia-rapetti.com\\\/?s={search_term_string}\"},\"query-input\":{\"@type\":\"PropertyValueSpecification\",\"valueRequired\":true,\"valueName\":\"search_term_string\"}}],\"inLanguage\":\"de\"},{\"@type\":\"Organization\",\"@id\":\"https:\\\/\\\/lucia-rapetti.com\\\/#organization\",\"name\":\"Lucia Rapetti Laboratoire Naturel\",\"alternateName\":\"LR\",\"url\":\"https:\\\/\\\/lucia-rapetti.com\\\/\",\"logo\":{\"@type\":\"ImageObject\",\"inLanguage\":\"de\",\"@id\":\"https:\\\/\\\/lucia-rapetti.com\\\/#\\\/schema\\\/logo\\\/image\\\/\",\"url\":\"https:\\\/\\\/lucia-rapetti.com\\\/wp-content\\\/uploads\\\/2023\\\/04\\\/cropped-lucia-rapetti-logo-1.png\",\"contentUrl\":\"https:\\\/\\\/lucia-rapetti.com\\\/wp-content\\\/uploads\\\/2023\\\/04\\\/cropped-lucia-rapetti-logo-1.png\",\"width\":850,\"height\":142,\"caption\":\"Lucia Rapetti Laboratoire Naturel\"},\"image\":{\"@id\":\"https:\\\/\\\/lucia-rapetti.com\\\/#\\\/schema\\\/logo\\\/image\\\/\"},\"sameAs\":[\"https:\\\/\\\/www.facebook.com\\\/luciarapettiofficial\",\"https:\\\/\\\/www.instagram.com\\\/luciarapettiofficial\\\/\"]}]}<\/script>\n<!-- \/ Yoast SEO plugin. -->","yoast_head_json":{"title":"Marisel Peeling 200ml - Lucia Rapetti","description":"Marisel ist viel mehr als ein Peeling, es ist eine echte Sch\u00f6nheits- und Wellnessbehandlung f\u00fcr K\u00f6rper, H\u00e4nde und F\u00fc\u00dfe. Lucia Rapetti","robots":{"index":"index","follow":"follow","max-snippet":"max-snippet:-1","max-image-preview":"max-image-preview:large","max-video-preview":"max-video-preview:-1"},"canonical":"https:\/\/lucia-rapetti.com\/de\/product\/marisel-200ml\/","og_locale":"de_DE","og_type":"article","og_title":"Exfoliant Marisel 200ml - Lucia Rapetti","og_description":"Bien plus qu\u2019un gommage, Marisel est un v\u00e9ritable soin de beaut\u00e9 et de bien-\u00eatre pour le corps, les mains et les pieds. Lucia Rapetti","og_url":"https:\/\/lucia-rapetti.com\/de\/product\/marisel-200ml\/","og_site_name":"Lucia Rapetti Laboratoire Naturel","article_publisher":"https:\/\/www.facebook.com\/luciarapettiofficial","article_modified_time":"2026-03-06T13:47:20+00:00","og_image":[{"width":1200,"height":1200,"url":"https:\/\/lucia-rapetti.com\/wp-content\/uploads\/2023\/06\/LR-sito-marisel.png","type":"image\/png"}],"twitter_card":"summary_large_image","twitter_misc":{"Gesch\u00e4tzte Lesezeit":"1\u00a0Minute"},"schema":{"@context":"https:\/\/schema.org","@graph":[{"@type":"WebPage","@id":"https:\/\/lucia-rapetti.com\/product\/marisel-200ml\/","url":"https:\/\/lucia-rapetti.com\/product\/marisel-200ml\/","name":"Marisel Peeling 200ml - Lucia Rapetti","isPartOf":{"@id":"https:\/\/lucia-rapetti.com\/#website"},"primaryImageOfPage":{"@id":"https:\/\/lucia-rapetti.com\/product\/marisel-200ml\/#primaryimage"},"image":{"@id":"https:\/\/lucia-rapetti.com\/product\/marisel-200ml\/#primaryimage"},"thumbnailUrl":"https:\/\/lucia-rapetti.com\/wp-content\/uploads\/2023\/06\/LR-sito-marisel.png","datePublished":"2023-06-29T17:02:08+00:00","dateModified":"2026-03-06T13:47:20+00:00","description":"Marisel ist viel mehr als ein Peeling, es ist eine echte Sch\u00f6nheits- und Wellnessbehandlung f\u00fcr K\u00f6rper, H\u00e4nde und F\u00fc\u00dfe. Lucia Rapetti","breadcrumb":{"@id":"https:\/\/lucia-rapetti.com\/product\/marisel-200ml\/#breadcrumb"},"inLanguage":"de","potentialAction":[{"@type":"ReadAction","target":["https:\/\/lucia-rapetti.com\/product\/marisel-200ml\/"]}]},{"@type":"ImageObject","inLanguage":"de","@id":"https:\/\/lucia-rapetti.com\/product\/marisel-200ml\/#primaryimage","url":"https:\/\/lucia-rapetti.com\/wp-content\/uploads\/2023\/06\/LR-sito-marisel.png","contentUrl":"https:\/\/lucia-rapetti.com\/wp-content\/uploads\/2023\/06\/LR-sito-marisel.png","width":1200,"height":1200,"caption":"marisel"},{"@type":"BreadcrumbList","@id":"https:\/\/lucia-rapetti.com\/product\/marisel-200ml\/#breadcrumb","itemListElement":[{"@type":"ListItem","position":1,"name":"Lucia Rapetti","item":"https:\/\/lucia-rapetti.com\/"},{"@type":"ListItem","position":2,"name":"Shop","item":"https:\/\/lucia-rapetti.com\/shop\/"},{"@type":"ListItem","position":3,"name":"Ecologica \u2013 Soins Corps","item":"https:\/\/lucia-rapetti.com\/product-category\/ecologica-soins-corps\/"},{"@type":"ListItem","position":4,"name":"Douche, Hydratation, Exfoliation","item":"https:\/\/lucia-rapetti.com\/product-category\/ecologica-soins-corps\/douche-hydratation-exfoliation\/"},{"@type":"ListItem","position":5,"name":"Marisel 200ml"}]},{"@type":"WebSite","@id":"https:\/\/lucia-rapetti.com\/#website","url":"https:\/\/lucia-rapetti.com\/","name":"Lucia Rapetti Natural Laboratory","description":"Labor f\u00fcr Natur- und Sch\u00f6nheitskosmetik","publisher":{"@id":"https:\/\/lucia-rapetti.com\/#organization"},"potentialAction":[{"@type":"SearchAction","target":{"@type":"EntryPoint","urlTemplate":"https:\/\/lucia-rapetti.com\/?s={search_term_string}"},"query-input":{"@type":"PropertyValueSpecification","valueRequired":true,"valueName":"search_term_string"}}],"inLanguage":"de"},{"@type":"Organization","@id":"https:\/\/lucia-rapetti.com\/#organization","name":"Lucia Rapetti Natural Laboratory","alternateName":"LR","url":"https:\/\/lucia-rapetti.com\/","logo":{"@type":"ImageObject","inLanguage":"de","@id":"https:\/\/lucia-rapetti.com\/#\/schema\/logo\/image\/","url":"https:\/\/lucia-rapetti.com\/wp-content\/uploads\/2023\/04\/cropped-lucia-rapetti-logo-1.png","contentUrl":"https:\/\/lucia-rapetti.com\/wp-content\/uploads\/2023\/04\/cropped-lucia-rapetti-logo-1.png","width":850,"height":142,"caption":"Lucia Rapetti Laboratoire Naturel"},"image":{"@id":"https:\/\/lucia-rapetti.com\/#\/schema\/logo\/image\/"},"sameAs":["https:\/\/www.facebook.com\/luciarapettiofficial","https:\/\/www.instagram.com\/luciarapettiofficial\/"]}]}},"_links":{"self":[{"href":"https:\/\/lucia-rapetti.com\/de\/wp-json\/wp\/v2\/product\/1272","targetHints":{"allow":["GET"]}}],"collection":[{"href":"https:\/\/lucia-rapetti.com\/de\/wp-json\/wp\/v2\/product"}],"about":[{"href":"https:\/\/lucia-rapetti.com\/de\/wp-json\/wp\/v2\/types\/product"}],"replies":[{"embeddable":true,"href":"https:\/\/lucia-rapetti.com\/de\/wp-json\/wp\/v2\/comments?post=1272"}],"version-history":[{"count":0,"href":"https:\/\/lucia-rapetti.com\/de\/wp-json\/wp\/v2\/product\/1272\/revisions"}],"wp:featuredmedia":[{"embeddable":true,"href":"https:\/\/lucia-rapetti.com\/de\/wp-json\/wp\/v2\/media\/1274"}],"wp:attachment":[{"href":"https:\/\/lucia-rapetti.com\/de\/wp-json\/wp\/v2\/media?parent=1272"}],"wp:term":[{"taxonomy":"product_brand","embeddable":true,"href":"https:\/\/lucia-rapetti.com\/de\/wp-json\/wp\/v2\/product_brand?post=1272"},{"taxonomy":"product_cat","embeddable":true,"href":"https:\/\/lucia-rapetti.com\/de\/wp-json\/wp\/v2\/product_cat?post=1272"},{"taxonomy":"product_tag","embeddable":true,"href":"https:\/\/lucia-rapetti.com\/de\/wp-json\/wp\/v2\/product_tag?post=1272"}],"curies":[{"name":"wp","href":"https:\/\/api.w.org\/{rel}","templated":true}]}}