{"id":4186,"date":"2024-01-29T10:10:44","date_gmt":"2024-01-29T09:10:44","guid":{"rendered":"https:\/\/nouveau.lucia-rapetti.com\/?page_id=4186"},"modified":"2025-09-10T17:32:32","modified_gmt":"2025-09-10T15:32:32","slug":"rechtliche-hinweise","status":"publish","type":"page","link":"https:\/\/lucia-rapetti.com\/de\/rechtliche-hinweise\/","title":{"rendered":"Rechtliche Hinweise"},"content":{"rendered":"<div data-elementor-type=\"wp-page\" data-elementor-id=\"4186\" class=\"elementor elementor-4186\" data-elementor-post-type=\"page\">\n\t\t\t\t<div class=\"elementor-element elementor-element-7762e9b e-flex e-con-boxed e-con e-parent\" data-id=\"7762e9b\" data-element_type=\"container\" data-e-type=\"container\">\n\t\t\t\t\t<div class=\"e-con-inner\">\n\t\t<div class=\"elementor-element elementor-element-ffdfaf4 e-flex e-con-boxed e-con e-child\" data-id=\"ffdfaf4\" data-element_type=\"container\" data-e-type=\"container\">\n\t\t\t\t\t<div class=\"e-con-inner\">\n\t\t\t\t<div class=\"elementor-element elementor-element-b19a94c elementor-widget elementor-widget-heading\" data-id=\"b19a94c\" data-element_type=\"widget\" data-e-type=\"widget\" data-widget_type=\"heading.default\">\n\t\t\t\t<div class=\"elementor-widget-container\">\n\t\t\t\t\t<h1 class=\"elementor-heading-title elementor-size-default\">Rechtliche Hinweise<\/h1>\t\t\t\t<\/div>\n\t\t\t\t<\/div>\n\t\t\t\t\t<\/div>\n\t\t\t\t<\/div>\n\t\t\t\t\t<\/div>\n\t\t\t\t<\/div>\n\t\t<div class=\"elementor-element elementor-element-5552b02 e-flex e-con-boxed e-con e-parent\" data-id=\"5552b02\" data-element_type=\"container\" data-e-type=\"container\">\n\t\t\t\t\t<div class=\"e-con-inner\">\n\t\t\t\t<div class=\"elementor-element elementor-element-a8f9efe elementor-widget elementor-widget-text-editor\" data-id=\"a8f9efe\" data-element_type=\"widget\" data-e-type=\"widget\" data-widget_type=\"text-editor.default\">\n\t\t\t\t<div class=\"elementor-widget-container\">\n\t\t\t\t\t\t\t\t\t<p class=\"p1\">Die vorliegenden Allgemeinen Gesch\u00e4ftsbedingungen legen die Bedingungen f\u00fcr die Nutzung der Website des LABORATOIRES LUCIA RAPETTI fest, die Sie allein durch das Aufrufen dieser Website akzeptieren. Wenn Sie diese nicht akzeptieren, bitten wir Sie, diese Website zu verlassen. Wenn Sie minderj\u00e4hrig sind, verpflichten Sie sich, diese Website nur in Anwesenheit Ihrer Eltern oder Ihres Vormunds zu besuchen, die zuvor die vorliegenden Bedingungen akzeptiert haben. Die vorliegenden Bedingungen k\u00f6nnen jederzeit und ohne Vorank\u00fcndigung ge\u00e4ndert werden.<\/p><p class=\"p1\">Objekte der Seite<br \/>Diese Website wurde erstellt, um Ihnen Informationen \u00fcber das LABORATORIUM LUCIA RAPETTI , Pr\u00e4sentation und Online-Verkauf von Kosmetikprodukten, zur Verf\u00fcgung zu stellen.<\/p><p class=\"p1\"><b>HEBERGEMENT<\/b><\/p><p>Die Website wird gehostet von : OVH<br \/>Adresse: 2 Rue Kellermann, 59100 Roubaix<br \/>Website: www.ovh.com<\/p><p><b>ENTWURF<\/b><\/p><p><a href=\"https:\/\/agencecommunicationarras.com\/\">Com And Design - Kommunikationsagentur in Arras<\/a><\/p><p class=\"p1\"><b>GEISTIGES EIGENTUM<\/b><\/p><p class=\"p2\">Texte, Zeichnungen und alle anderen Zeichen, Bezeichnungen oder Symbole, aus denen sich die Website zusammensetzt, sind das ausschlie\u00dfliche Eigentum von LUCIA RAPETTI. Gem\u00e4\u00df den Gesetzen \u00fcber geistiges Eigentum und \u00e4hnliche Rechte ist jede vollst\u00e4ndige oder teilweise Vervielf\u00e4ltigung oder Darstellung der Website oder eines ihrer Bestandteile sowie deren \u00c4nderung strengstens untersagt. Die Vervielf\u00e4ltigung von Informationen oder Dokumenten, die auf der Website ver\u00f6ffentlicht werden, ist ausschlie\u00dflich zu Informationszwecken f\u00fcr den strikt pers\u00f6nlichen und privaten Gebrauch gestattet.<br \/>Die Nutzung der gesamten oder eines Teils der Website, auf welchem Tr\u00e4ger auch immer, in welcher Form auch immer, insbesondere durch Herunterladen, Vervielf\u00e4ltigung, \u00dcbertragung oder Darstellung zu anderen Zwecken, insbesondere zu kommerziellen Zwecken, ist strengstens untersagt.<\/p><p class=\"p1\"><b>NUTZUNG DER BEREITGESTELLTEN INFORMATIONEN<\/b><\/p><p class=\"p3\">Wenn Sie mit uns Kontakt aufnehmen, an Gewinnspielen teilnehmen oder Frageb\u00f6gen beantworten, haben Sie die M\u00f6glichkeit, uns Ihre Kontaktdaten und pers\u00f6nliche Informationen \u00fcber Sie zu hinterlassen. Wir k\u00f6nnen diese Daten dann nutzen, um Sie besser \u00fcber unsere Produkte und Einf\u00fchrungsangebote zu informieren, um \u00fcber alle Aktionen im Zusammenhang mit Gewinnspielen zu kommunizieren, etc.<br \/>Sie k\u00f6nnen jedoch auch keine Informationen hinterlassen, was m\u00f6glicherweise dazu f\u00fchren kann, dass Ihnen bestimmte Funktionen der Website und\/oder kommerzielle Angebote vorenthalten werden. Die auf diese Weise gesammelten Informationen werden vom LABORATORIUM LUCIA RAPETTI streng vertraulich behandelt und nur f\u00fcr den ausschlie\u00dflichen Gebrauch durch das LABORATORIUM LUCIA RAPETTI verwendet.<br \/>Wenn Sie sich auf dieser Website registrieren, k\u00f6nnen Sie sich daf\u00fcr entscheiden, keine Werbebotschaften von uns zu erhalten. Sie k\u00f6nnen Ihre Einstellungen jederzeit \u00e4ndern, indem Sie Ihr Profil bearbeiten.<br \/>Unabh\u00e4ngig davon, ob Sie ein registrierter Nutzer sind oder nicht, k\u00f6nnen Sie auch jederzeit entscheiden, keine weiteren Werbebotschaften von uns zu erhalten, indem Sie auf den Link (\u201cAbbestellen\u201d) am Ende jeder E-Mail klicken, die Sie von uns erhalten, oder indem Sie uns eine E-Mail schicken an\u00a0<a href=\"http:\/\/web.archive.org\/web\/20160427110343\/mailto:commandes@lucia-rapetti.com\"><span class=\"s1\">commandes@lucia-rapetti.com<\/span><\/a><br \/>Gem\u00e4\u00df Artikel 27 des franz\u00f6sischen Gesetzes \u00fcber Informatik, Dateien und Freiheiten vom 6. Januar 1978 haben Sie ein Recht auf Zugang und Berichtigung der Sie betreffenden Daten, das Sie aus\u00fcben k\u00f6nnen, indem Sie an :<\/p><p class=\"p2\">LABORATOIRE MGS LUCIA RAPETTI, 196 Route de la Baronne, ZAC de St Est\u00e8ve, 06640 St Jeannet les plans - Frankreich.<\/p><p class=\"p1\"><b>VERANTWORTLICHKEITEN<\/b><\/p><p class=\"p2\">Das LABORATORIUM LUCIA RAPETTI \u00fcbernimmt keine Verantwortung f\u00fcr m\u00f6gliche Ungenauigkeiten, Unvollst\u00e4ndigkeiten oder Auslassungen in den Informationen auf seiner Website. Das LABORATORIUM LUCIA RAPETTI \u00fcbernimmt keine Verantwortung f\u00fcr Schwierigkeiten beim Zugriff auf seine Website oder f\u00fcr Kommunikationsausf\u00e4lle und die sich daraus ergebenden Konsequenzen.<\/p><p class=\"p2\">Das LABORATORIUM LUCIA RAPETTI kann nicht haftbar gemacht werden f\u00fcr:<br \/>- Sch\u00e4den, die direkt oder indirekt aus der Konsultation dieser Website oder der Nutzung der dort verf\u00fcgbaren Informationen entstehen.<br \/>- direkte oder indirekte Sch\u00e4den, die sich aus der Nutzung dieser Website ergeben, insbesondere Betriebs-, Finanz- oder Handelsverluste oder der Verlust von Programmen oder Daten in einem Informationssystem, selbst wenn das LABORATORIUM LUCIA RAPETTI \u00fcber die M\u00f6glichkeit solcher Sch\u00e4den informiert wurde.<\/p><p class=\"p2\">Die LABORATORIATORIEN LUCIA RAPETTI \u00fcbernehmen keine Verantwortung f\u00fcr Links zu anderen Websites, die nur zu Informationszwecken zur Verf\u00fcgung gestellt werden. Die Verkn\u00fcpfung mit anderen Websites erfolgt auf Ihre eigene Verantwortung. Das LABOR LUCIA RAPETTI \u00fcbernimmt keine Gew\u00e4hr f\u00fcr die auf diesen anderen Websites verf\u00fcgbaren Informationen und haftet nicht f\u00fcr deren Inhalt.<\/p><p class=\"p1\"><b>HAFTUNG DES NUTZERS DER WEBSITE<\/b><\/p><p class=\"p2\">Wenn Sie auf diese Website zugreifen und sie nutzen, m\u00fcssen Sie diese Bedingungen sowie die auf dieser Website enthaltenen Warnungen und Anweisungen f\u00fcr den Zugriff und die Nutzung einhalten. Sie m\u00fcssen unter allen Umst\u00e4nden in gutem Glauben, in \u00dcbereinstimmung mit dem Gesetz und den Gepflogenheiten sowie mit der Sorgfalt handeln, die aufgrund der Art der Informationen, Erkl\u00e4rungen und aller Inhalte oder Dienstleistungen, die Sie in Anspruch nehmen, erforderlich ist.\u00a0<br \/>Sie d\u00fcrfen keine \u00c4nderungen oder Modifikationen an den Informationen, Aussagen oder anderen Inhalten oder Diensten vornehmen, die auf dieser Website enthalten sein k\u00f6nnen, und d\u00fcrfen die Integrit\u00e4t und den Betrieb der Website nicht auf irgendeine Weise beeintr\u00e4chtigen.<\/p><p class=\"p1\"><b>ANWENDUNG UND \u00c4NDERUNGEN DIESER BEDINGUNGEN<\/b><\/p><p class=\"p2\">Die vorliegenden Bedingungen f\u00fcr den Zugang zur Website und ihre Nutzung gelten als vorbehaltlos von jedem Besucher akzeptiert, der nach ihrer Ver\u00f6ffentlichung auf die Website zugreift. Wir weisen Sie darauf hin, dass die vorliegenden Bedingungen jederzeit ge\u00e4ndert werden k\u00f6nnen. Diese \u00c4nderungen werden ver\u00f6ffentlicht, indem sie online gestellt werden, und gelten als unter denselben Bedingungen wie die oben genannten angenommen.<\/p><p class=\"p1\"><b>ANWENDBARES RECHT<\/b><\/p><p class=\"p2\">Die vorliegenden Bedingungen unterliegen dem franz\u00f6sischen Recht. Die franz\u00f6sischen Gerichte sind ausschlie\u00dflich zust\u00e4ndig f\u00fcr alle Streitigkeiten, die sich direkt oder indirekt auf den Zugang zu dieser Website oder ihre Nutzung beziehen.<\/p><p class=\"p1\"><b>GARANTIE F\u00dcR VERSTECKTE M\u00c4NGEL UND HAFTUNG<\/b><\/p><p class=\"p2\">- Die LABORATOIRES LUCIA RAPETTI verpflichten sich, den Inhalt ihrer Website auf \u00dcbereinstimmung mit den geltenden franz\u00f6sischen Rechtsvorschriften zu \u00fcberpr\u00fcfen. Sie verpflichten sich insbesondere, keine Daten zu verbreiten, die gegen das Recht Dritter versto\u00dfen, gewaltt\u00e4tiger, pornografischer oder diffamierender Natur sind, und keine illegalen Inhalte zu verbreiten, insbesondere keine rassistischen, fremdenfeindlichen, p\u00e4dophilen oder anderweitig gegen die Menschenw\u00fcrde versto\u00dfenden Inhalte.<\/p><p class=\"p2\">- Die angebotenen Produkte entsprechen der geltenden franz\u00f6sischen Gesetzgebung.<br \/>- Die Fotografien und Texte, die reproduziert werden und die die vorgestellten Produkte illustrieren, sind nicht vertraglich bindend. Folglich kann das LABORATORIUM LUCIA RAPETTI nicht f\u00fcr Fehler in einer dieser Fotografien oder Texte haftbar gemacht werden. Das LABORATORIUM LUCIA RAPETTI haftet nicht f\u00fcr die Nichterf\u00fcllung des geschlossenen Vertrags im Falle eines Ausverkaufs oder der Nichtverf\u00fcgbarkeit des Produkts, h\u00f6herer Gewalt, einer St\u00f6rung oder eines Total- oder Teilstreiks insbesondere der Postdienste und der Transport- und\/oder Kommunikationsmittel. Das LABORATORIUM LUCIA RAPETTI haftet nicht f\u00fcr indirekte Sch\u00e4den, die sich aus den vorliegenden Bedingungen ergeben, Betriebsverluste, entgangene Gewinne, entgangene Chancen, Sch\u00e4den oder Kosten.<br \/>- Das LABORATORIUM LUCIA RAPETTI weist darauf hin, dass in Anwendung von Artikel 1124 des B\u00fcrgerlichen Gesetzbuches nicht emanzipierte Minderj\u00e4hrige nicht vertragsf\u00e4hig sind. Folglich m\u00fcssen Bestellungen, die f\u00fcr Minderj\u00e4hrige bestimmt sind, von der elterlichen Autorit\u00e4t aufgegeben werden. Im Falle einer versehentlichen Erfassung von personenbezogenen Daten von Minderj\u00e4hrigen k\u00f6nnen die Erziehungsberechtigten deren Speicherung und\/oder Weitergabe an Dritte ablehnen.<\/p><p class=\"p3\">- Hyperlinks k\u00f6nnen auf andere Webseiten als diese verweisen. Das LABORATORIUM LUCIA RAPETTI \u00fcbernimmt keine Verantwortung f\u00fcr den Fall, dass der Inhalt dieser Webseiten gegen geltende Gesetze und Vorschriften verst\u00f6\u00dft.<br \/>Dar\u00fcber hinaus weist das LABOR LUCIA RAPETTI darauf hin, dass jede Erstellung eines Hyperlinks zur Startseite der vorliegenden Website oder zu einer anderen Seite der Website der ausdr\u00fccklichen, vorherigen und schriftlichen Zustimmung des Labors LUCIA RAPETTI bedarf.<\/p>\t\t\t\t\t\t\t\t<\/div>\n\t\t\t\t<\/div>\n\t\t\t\t\t<\/div>\n\t\t\t\t<\/div>\n\t\t\t\t<\/div>","protected":false},"excerpt":{"rendered":"<p>Mentions l\u00e9gales Les pr\u00e9sentes conditions g\u00e9n\u00e9rales d\u00e9terminent les conditions d\u2019utilisation du site internet du LABORATOIRES LUCIA RAPETTI que vous acceptez du seul fait de la consultation de ce site. Si vous ne les acceptez pas, nous vous demandons de quitter ce site. Si vous \u00eates mineur, vous vous engagez \u00e0 ne consulter ce site qu\u2019en [&hellip;]<\/p>\n","protected":false},"author":1,"featured_media":0,"parent":0,"menu_order":0,"comment_status":"closed","ping_status":"closed","template":"","meta":{"_acf_changed":false,"site-sidebar-layout":"no-sidebar","site-content-layout":"page-builder","ast-site-content-layout":"full-width-container","site-content-style":"unboxed","site-sidebar-style":"unboxed","ast-global-header-display":"","ast-banner-title-visibility":"","ast-main-header-display":"","ast-hfb-above-header-display":"","ast-hfb-below-header-display":"","ast-hfb-mobile-header-display":"","site-post-title":"disabled","ast-breadcrumbs-content":"","ast-featured-img":"disabled","footer-sml-layout":"","ast-disable-related-posts":"","theme-transparent-header-meta":"disabled","adv-header-id-meta":"","stick-header-meta":"","header-above-stick-meta":"","header-main-stick-meta":"","header-below-stick-meta":"","astra-migrate-meta-layouts":"set","ast-page-background-enabled":"default","ast-page-background-meta":{"desktop":{"background-color":"var(--ast-global-color-4)","background-image":"","background-repeat":"repeat","background-position":"center center","background-size":"auto","background-attachment":"scroll","background-type":"","background-media":"","overlay-type":"","overlay-color":"","overlay-opacity":"","overlay-gradient":""},"tablet":{"background-color":"","background-image":"","background-repeat":"repeat","background-position":"center center","background-size":"auto","background-attachment":"scroll","background-type":"","background-media":"","overlay-type":"","overlay-color":"","overlay-opacity":"","overlay-gradient":""},"mobile":{"background-color":"","background-image":"","background-repeat":"repeat","background-position":"center center","background-size":"auto","background-attachment":"scroll","background-type":"","background-media":"","overlay-type":"","overlay-color":"","overlay-opacity":"","overlay-gradient":""}},"ast-content-background-meta":{"desktop":{"background-color":"var(--ast-global-color-5)","background-image":"","background-repeat":"repeat","background-position":"center center","background-size":"auto","background-attachment":"scroll","background-type":"","background-media":"","overlay-type":"","overlay-color":"","overlay-opacity":"","overlay-gradient":""},"tablet":{"background-color":"var(--ast-global-color-5)","background-image":"","background-repeat":"repeat","background-position":"center center","background-size":"auto","background-attachment":"scroll","background-type":"","background-media":"","overlay-type":"","overlay-color":"","overlay-opacity":"","overlay-gradient":""},"mobile":{"background-color":"var(--ast-global-color-5)","background-image":"","background-repeat":"repeat","background-position":"center center","background-size":"auto","background-attachment":"scroll","background-type":"","background-media":"","overlay-type":"","overlay-color":"","overlay-opacity":"","overlay-gradient":""}},"footnotes":""},"class_list":["post-4186","page","type-page","status-publish","hentry"],"acf":[],"yoast_head":"<!-- This site is optimized with the Yoast SEO plugin v27.4 - https:\/\/yoast.com\/product\/yoast-seo-wordpress\/ -->\n<title>Mentions l\u00e9gales - Lucia Rapetti Laboratoire Naturel<\/title>\n<meta name=\"robots\" content=\"index, follow, max-snippet:-1, max-image-preview:large, max-video-preview:-1\" \/>\n<link rel=\"canonical\" href=\"https:\/\/lucia-rapetti.com\/de\/rechtliche-hinweise\/\" \/>\n<meta property=\"og:locale\" content=\"de_DE\" \/>\n<meta property=\"og:type\" content=\"article\" \/>\n<meta property=\"og:title\" content=\"Mentions l\u00e9gales - Lucia Rapetti Laboratoire Naturel\" \/>\n<meta property=\"og:description\" content=\"Mentions l\u00e9gales Les pr\u00e9sentes conditions g\u00e9n\u00e9rales d\u00e9terminent les conditions d\u2019utilisation du site internet du LABORATOIRES LUCIA RAPETTI que vous acceptez du seul fait de la consultation de ce site. Si vous ne les acceptez pas, nous vous demandons de quitter ce site. Si vous \u00eates mineur, vous vous engagez \u00e0 ne consulter ce site qu\u2019en [&hellip;]\" \/>\n<meta property=\"og:url\" content=\"https:\/\/lucia-rapetti.com\/de\/rechtliche-hinweise\/\" \/>\n<meta property=\"og:site_name\" content=\"Lucia Rapetti Laboratoire Naturel\" \/>\n<meta property=\"article:publisher\" content=\"https:\/\/www.facebook.com\/luciarapettiofficial\" \/>\n<meta property=\"article:modified_time\" content=\"2025-09-10T15:32:32+00:00\" \/>\n<meta name=\"twitter:card\" content=\"summary_large_image\" \/>\n<meta name=\"twitter:label1\" content=\"Gesch\u00e4tzte Lesezeit\" \/>\n\t<meta name=\"twitter:data1\" content=\"7\u00a0Minuten\" \/>\n<script type=\"application\/ld+json\" class=\"yoast-schema-graph\">{\"@context\":\"https:\\\/\\\/schema.org\",\"@graph\":[{\"@type\":\"WebPage\",\"@id\":\"https:\\\/\\\/lucia-rapetti.com\\\/mentions-legales\\\/\",\"url\":\"https:\\\/\\\/lucia-rapetti.com\\\/mentions-legales\\\/\",\"name\":\"Mentions l\u00e9gales - Lucia Rapetti Laboratoire Naturel\",\"isPartOf\":{\"@id\":\"https:\\\/\\\/lucia-rapetti.com\\\/#website\"},\"datePublished\":\"2024-01-29T09:10:44+00:00\",\"dateModified\":\"2025-09-10T15:32:32+00:00\",\"breadcrumb\":{\"@id\":\"https:\\\/\\\/lucia-rapetti.com\\\/mentions-legales\\\/#breadcrumb\"},\"inLanguage\":\"de\",\"potentialAction\":[{\"@type\":\"ReadAction\",\"target\":[\"https:\\\/\\\/lucia-rapetti.com\\\/mentions-legales\\\/\"]}]},{\"@type\":\"BreadcrumbList\",\"@id\":\"https:\\\/\\\/lucia-rapetti.com\\\/mentions-legales\\\/#breadcrumb\",\"itemListElement\":[{\"@type\":\"ListItem\",\"position\":1,\"name\":\"Lucia Rapetti\",\"item\":\"https:\\\/\\\/lucia-rapetti.com\\\/\"},{\"@type\":\"ListItem\",\"position\":2,\"name\":\"Mentions l\u00e9gales\"}]},{\"@type\":\"WebSite\",\"@id\":\"https:\\\/\\\/lucia-rapetti.com\\\/#website\",\"url\":\"https:\\\/\\\/lucia-rapetti.com\\\/\",\"name\":\"Lucia Rapetti Laboratoire Naturel\",\"description\":\"Laboratoire de cosm\u00e9tique naturel et beaut\u00e9\",\"publisher\":{\"@id\":\"https:\\\/\\\/lucia-rapetti.com\\\/#organization\"},\"potentialAction\":[{\"@type\":\"SearchAction\",\"target\":{\"@type\":\"EntryPoint\",\"urlTemplate\":\"https:\\\/\\\/lucia-rapetti.com\\\/?s={search_term_string}\"},\"query-input\":{\"@type\":\"PropertyValueSpecification\",\"valueRequired\":true,\"valueName\":\"search_term_string\"}}],\"inLanguage\":\"de\"},{\"@type\":\"Organization\",\"@id\":\"https:\\\/\\\/lucia-rapetti.com\\\/#organization\",\"name\":\"Lucia Rapetti Laboratoire Naturel\",\"alternateName\":\"LR\",\"url\":\"https:\\\/\\\/lucia-rapetti.com\\\/\",\"logo\":{\"@type\":\"ImageObject\",\"inLanguage\":\"de\",\"@id\":\"https:\\\/\\\/lucia-rapetti.com\\\/#\\\/schema\\\/logo\\\/image\\\/\",\"url\":\"https:\\\/\\\/lucia-rapetti.com\\\/wp-content\\\/uploads\\\/2023\\\/04\\\/cropped-lucia-rapetti-logo-1.png\",\"contentUrl\":\"https:\\\/\\\/lucia-rapetti.com\\\/wp-content\\\/uploads\\\/2023\\\/04\\\/cropped-lucia-rapetti-logo-1.png\",\"width\":850,\"height\":142,\"caption\":\"Lucia Rapetti Laboratoire Naturel\"},\"image\":{\"@id\":\"https:\\\/\\\/lucia-rapetti.com\\\/#\\\/schema\\\/logo\\\/image\\\/\"},\"sameAs\":[\"https:\\\/\\\/www.facebook.com\\\/luciarapettiofficial\",\"https:\\\/\\\/www.instagram.com\\\/luciarapettiofficial\\\/\"]}]}<\/script>\n<!-- \/ Yoast SEO plugin. -->","yoast_head_json":{"title":"Rechtliche Hinweise - Lucia Rapetti Natural Laboratory","robots":{"index":"index","follow":"follow","max-snippet":"max-snippet:-1","max-image-preview":"max-image-preview:large","max-video-preview":"max-video-preview:-1"},"canonical":"https:\/\/lucia-rapetti.com\/de\/rechtliche-hinweise\/","og_locale":"de_DE","og_type":"article","og_title":"Mentions l\u00e9gales - Lucia Rapetti Laboratoire Naturel","og_description":"Mentions l\u00e9gales Les pr\u00e9sentes conditions g\u00e9n\u00e9rales d\u00e9terminent les conditions d\u2019utilisation du site internet du LABORATOIRES LUCIA RAPETTI que vous acceptez du seul fait de la consultation de ce site. Si vous ne les acceptez pas, nous vous demandons de quitter ce site. Si vous \u00eates mineur, vous vous engagez \u00e0 ne consulter ce site qu\u2019en [&hellip;]","og_url":"https:\/\/lucia-rapetti.com\/de\/rechtliche-hinweise\/","og_site_name":"Lucia Rapetti Laboratoire Naturel","article_publisher":"https:\/\/www.facebook.com\/luciarapettiofficial","article_modified_time":"2025-09-10T15:32:32+00:00","twitter_card":"summary_large_image","twitter_misc":{"Gesch\u00e4tzte Lesezeit":"7\u00a0Minuten"},"schema":{"@context":"https:\/\/schema.org","@graph":[{"@type":"WebPage","@id":"https:\/\/lucia-rapetti.com\/mentions-legales\/","url":"https:\/\/lucia-rapetti.com\/mentions-legales\/","name":"Rechtliche Hinweise - Lucia Rapetti Natural Laboratory","isPartOf":{"@id":"https:\/\/lucia-rapetti.com\/#website"},"datePublished":"2024-01-29T09:10:44+00:00","dateModified":"2025-09-10T15:32:32+00:00","breadcrumb":{"@id":"https:\/\/lucia-rapetti.com\/mentions-legales\/#breadcrumb"},"inLanguage":"de","potentialAction":[{"@type":"ReadAction","target":["https:\/\/lucia-rapetti.com\/mentions-legales\/"]}]},{"@type":"BreadcrumbList","@id":"https:\/\/lucia-rapetti.com\/mentions-legales\/#breadcrumb","itemListElement":[{"@type":"ListItem","position":1,"name":"Lucia Rapetti","item":"https:\/\/lucia-rapetti.com\/"},{"@type":"ListItem","position":2,"name":"Mentions l\u00e9gales"}]},{"@type":"WebSite","@id":"https:\/\/lucia-rapetti.com\/#website","url":"https:\/\/lucia-rapetti.com\/","name":"Lucia Rapetti Natural Laboratory","description":"Labor f\u00fcr Natur- und Sch\u00f6nheitskosmetik","publisher":{"@id":"https:\/\/lucia-rapetti.com\/#organization"},"potentialAction":[{"@type":"SearchAction","target":{"@type":"EntryPoint","urlTemplate":"https:\/\/lucia-rapetti.com\/?s={search_term_string}"},"query-input":{"@type":"PropertyValueSpecification","valueRequired":true,"valueName":"search_term_string"}}],"inLanguage":"de"},{"@type":"Organization","@id":"https:\/\/lucia-rapetti.com\/#organization","name":"Lucia Rapetti Natural Laboratory","alternateName":"LR","url":"https:\/\/lucia-rapetti.com\/","logo":{"@type":"ImageObject","inLanguage":"de","@id":"https:\/\/lucia-rapetti.com\/#\/schema\/logo\/image\/","url":"https:\/\/lucia-rapetti.com\/wp-content\/uploads\/2023\/04\/cropped-lucia-rapetti-logo-1.png","contentUrl":"https:\/\/lucia-rapetti.com\/wp-content\/uploads\/2023\/04\/cropped-lucia-rapetti-logo-1.png","width":850,"height":142,"caption":"Lucia Rapetti Laboratoire Naturel"},"image":{"@id":"https:\/\/lucia-rapetti.com\/#\/schema\/logo\/image\/"},"sameAs":["https:\/\/www.facebook.com\/luciarapettiofficial","https:\/\/www.instagram.com\/luciarapettiofficial\/"]}]}},"_links":{"self":[{"href":"https:\/\/lucia-rapetti.com\/de\/wp-json\/wp\/v2\/pages\/4186","targetHints":{"allow":["GET"]}}],"collection":[{"href":"https:\/\/lucia-rapetti.com\/de\/wp-json\/wp\/v2\/pages"}],"about":[{"href":"https:\/\/lucia-rapetti.com\/de\/wp-json\/wp\/v2\/types\/page"}],"author":[{"embeddable":true,"href":"https:\/\/lucia-rapetti.com\/de\/wp-json\/wp\/v2\/users\/1"}],"replies":[{"embeddable":true,"href":"https:\/\/lucia-rapetti.com\/de\/wp-json\/wp\/v2\/comments?post=4186"}],"version-history":[{"count":0,"href":"https:\/\/lucia-rapetti.com\/de\/wp-json\/wp\/v2\/pages\/4186\/revisions"}],"wp:attachment":[{"href":"https:\/\/lucia-rapetti.com\/de\/wp-json\/wp\/v2\/media?parent=4186"}],"curies":[{"name":"wp","href":"https:\/\/api.w.org\/{rel}","templated":true}]}}