{"id":3454,"date":"2023-11-23T14:51:15","date_gmt":"2023-11-23T13:51:15","guid":{"rendered":"https:\/\/client.comanddesign.com\/?page_id=3454"},"modified":"2024-02-06T15:48:11","modified_gmt":"2024-02-06T14:48:11","slug":"allgemeine-geschaftsbedingungen","status":"publish","type":"page","link":"https:\/\/lucia-rapetti.com\/de\/allgemeine-geschaftsbedingungen\/","title":{"rendered":"Allgemeine Gesch\u00e4ftsbedingungen"},"content":{"rendered":"<div data-elementor-type=\"wp-page\" data-elementor-id=\"3454\" class=\"elementor elementor-3454\" data-elementor-post-type=\"page\">\n\t\t\t\t<div class=\"elementor-element elementor-element-db7d2f9 e-flex e-con-boxed e-con e-parent\" data-id=\"db7d2f9\" data-element_type=\"container\" data-e-type=\"container\">\n\t\t\t\t\t<div class=\"e-con-inner\">\n\t\t<div class=\"elementor-element elementor-element-f430240 e-flex e-con-boxed e-con e-child\" data-id=\"f430240\" data-element_type=\"container\" data-e-type=\"container\">\n\t\t\t\t\t<div class=\"e-con-inner\">\n\t\t\t\t<div class=\"elementor-element elementor-element-2242a9f elementor-widget elementor-widget-heading\" data-id=\"2242a9f\" data-element_type=\"widget\" data-e-type=\"widget\" data-widget_type=\"heading.default\">\n\t\t\t\t<div class=\"elementor-widget-container\">\n\t\t\t\t\t<h1 class=\"elementor-heading-title elementor-size-default\">Allgemeine Gesch\u00e4ftsbedingungen<\/h1>\t\t\t\t<\/div>\n\t\t\t\t<\/div>\n\t\t\t\t\t<\/div>\n\t\t\t\t<\/div>\n\t\t\t\t\t<\/div>\n\t\t\t\t<\/div>\n\t\t<div class=\"elementor-element elementor-element-5552b02 e-flex e-con-boxed e-con e-parent\" data-id=\"5552b02\" data-element_type=\"container\" data-e-type=\"container\">\n\t\t\t\t\t<div class=\"e-con-inner\">\n\t\t\t\t<div class=\"elementor-element elementor-element-a8f9efe elementor-widget elementor-widget-text-editor\" data-id=\"a8f9efe\" data-element_type=\"widget\" data-e-type=\"widget\" data-widget_type=\"text-editor.default\">\n\t\t\t\t<div class=\"elementor-widget-container\">\n\t\t\t\t\t\t\t\t\t<p class=\"p1\">Wir freuen uns, Sie auf unserer Website begr\u00fc\u00dfen zu d\u00fcrfen\u00a0<a href=\"http:\/\/web.archive.org\/web\/20160427110343\/https:\/www.lucia-rapetti.com\/\"><span class=\"s1\">www.lucia-rapetti.com<\/span><\/a>. Unsere Website bietet Ihnen einen Katalog von Kosmetikprodukten, die unter der Marke \u00abLUCIA RAPETTI\u00bb verkauft werden, hergestellt und vertrieben von LUCIA RAPETTI, Soci\u00e9t\u00e9 SARL mit einem Kapital von \u20ac, mit Sitz in 4, rue Beaulieu, 06800 Cagnes sur mer - Frankreich, eingetragen im RCS unter der Nummer 420 223 836.<\/p><p>Die vorliegenden Allgemeinen Gesch\u00e4ftsbedingungen werden jedem potenziellen Kunden systematisch zur Kenntnis gebracht, damit er eine Bestellung auf dieser Website, per Fax oder Telefon aufgeben kann.<br \/>Folglich bedeutet die Aufgabe einer Bestellung die vollst\u00e4ndige und vorbehaltlose Zustimmung des Kunden zu diesen Allgemeinen Gesch\u00e4ftsbedingungen unter Ausschluss aller anderen Dokumente wie Prospekte oder Kataloge, die von LUCIA RAPETTI herausgegeben werden und die nur einen Richtwert haben.<br \/>Jede Bestellung eines auf der Website angebotenen Produkts setzt die Einsichtnahme und ausdr\u00fcckliche Annahme der vorliegenden Allgemeinen Gesch\u00e4ftsbedingungen voraus, ohne dass diese Annahme jedoch von einer handschriftlichen Unterschrift des Nutzers abh\u00e4ngig ist. Gem\u00e4\u00df den Bestimmungen der Artikel 1316 bis 1316-4 des Zivilgesetzbuchs, erg\u00e4nzt durch das Dekret Nr. 2001-272 vom 30. M\u00e4rz 2001 zur Anwendung von Artikel 1316-4 des Zivilgesetzbuchs und zur elektronischen Signatur, wird darauf hingewiesen, dass die Best\u00e4tigung des Bestellscheins eine elektronische Signatur darstellt, die zwischen den Parteien denselben Wert wie eine handschriftliche Unterschrift hat und als Beweis f\u00fcr die Vollst\u00e4ndigkeit der Bestellung und die F\u00e4lligkeit der in Ausf\u00fchrung der Bestellung geschuldeten Betr\u00e4ge gilt.<\/p><p class=\"p2\"><b>ARTIKEL 1. ANGEBOTE UND PREISE<\/b><\/p><p class=\"p1\">Unsere Produktangebote sind nur so lange g\u00fcltig, wie das jeweilige Angebot g\u00fcltig ist, und werden angeboten, solange der Vorrat reicht.<br \/>Sollte ein Produkt nach Aufgabe Ihrer Bestellung nicht verf\u00fcgbar sein, werden wir Sie so schnell wie m\u00f6glich per E-Mail dar\u00fcber informieren. In diesem Fall k\u00f6nnen Sie die Stornierung oder den Umtausch per Telefon 04 92 12 30 60 oder per E-Mail an :\u00a0<a href=\"http:\/\/web.archive.org\/web\/20160427110343\/mailto:commandes@lucia-rapetti.com\"><span class=\"s1\">commandes@lucia-rapetti.com<\/span><\/a><br \/>Es wird darauf hingewiesen, dass eventuelle Werbeaktionen, die in Form von Rabattgutscheinen gew\u00e4hrt werden, nur f\u00fcr eine einzige Bestellung pro Haushalt und f\u00fcr einen bestimmten G\u00fcltigkeitszeitraum g\u00fcltig sind.<br \/>Die Preise unserer Produkte auf dieser Website sind in Euro angegeben, inklusive aller Steuern und Abgaben, ohne Beteiligung an den Versandkosten, die zus\u00e4tzlich in Rechnung gestellt werden und bei der endg\u00fcltigen Best\u00e4tigung seiner Bestellung angegeben werden.<br \/>Die Preise k\u00f6nnen sich im Laufe des Jahres \u00e4ndern, wobei davon ausgegangen wird, dass die bestellten Produkte zu den Preisen in Rechnung gestellt werden, die zum Zeitpunkt der Registrierung der Bestellung gelten.<\/p><p class=\"p2\"><b>ARTIKEL 2. BESTELLUNG UND BEST\u00c4TIGUNG<\/b><\/p><p class=\"p1\">Sie k\u00f6nnen Ihre Bestellungen aufgeben :<br \/>im Internet :\u00a0<a href=\"http:\/\/web.archive.org\/web\/20160427110343\/https:\/www.lucia-rapetti.com\/\"><span class=\"s1\">www.lucia-rapetti.com<\/span><\/a><br \/>Mit der Aufgabe Ihrer Bestellung erkl\u00e4ren Sie au\u00dferdem, dass Sie die vorliegenden Allgemeinen Gesch\u00e4ftsbedingungen in ihrer Gesamtheit ohne jeden Vorbehalt akzeptieren.<br \/>Diese Auftragserteilung sowie die von LUCIA RAPETTI gespeicherten Daten stellen den Beweis f\u00fcr die mit Ihnen get\u00e4tigten Transaktionen dar.<br \/>Wir behalten uns jedoch das Recht vor, jede Bestellung eines Kunden zu stornieren, mit dem es einen Streit \u00fcber die Bezahlung einer fr\u00fcheren Bestellung gibt.<\/p><p class=\"p2\"><b>ARTIKEL 3. ZAHLUNGSARTEN<\/b><\/p><p class=\"p3\">Sobald die Zahlung best\u00e4tigt wurde, wird die Bestellung registriert und ist unwiderruflich.<br \/>Der Bestellschein wird in den Computerregistern gespeichert, die ihrerseits auf einem zuverl\u00e4ssigen und dauerhaften Datentr\u00e4ger aufbewahrt werden, und gilt als Beweis f\u00fcr die zwischen den Parteien entstandenen vertraglichen Beziehungen.<br \/>Die Zahlung Ihrer Eink\u00e4ufe auf der Website erfolgt ausschlie\u00dflich in Euro und kann nur per Kreditkarte erfolgen.<br \/>Zahlung per Kreditkarte: Die Zahlung erfolgt online w\u00e4hrend des Bestellvorgangs und ist vollkommen sicher. Sie t\u00e4tigen Ihre Eink\u00e4ufe also in aller Sicherheit. Die gesamte Transaktion wird in verschl\u00fcsselter Form an einen Server zur Bankvalidierung weitergeleitet.<\/p><p class=\"p2\"><b>ARTIKEL 4. LIEFERUNG<\/b><\/p><p class=\"p1\">Die Produkte werden an die Adresse Ihrer Wahl geliefert, die Sie w\u00e4hrend des Bestellvorgangs angegeben haben. Es liegt in Ihrer Verantwortung, uns genau alle Angaben zu machen, die f\u00fcr den ordnungsgem\u00e4\u00dfen Versand Ihrer Bestellung erforderlich sind.<br \/>Dar\u00fcber hinaus m\u00fcssen die Bestellungen vor 12 Uhr auf der Website best\u00e4tigt und per Kreditkarte bezahlt werden, damit die Produkte noch am selben Tag versendet werden k\u00f6nnen; in diesem Fall werden sie am n\u00e4chsten Tag ausgeliefert. Trotz aller Sorgfalt, die LE LABORATOIRE LUCIA RAPETTI bei der Vorbereitung der Pakete walten l\u00e4sst, kann es vorkommen, dass ein Produkt fehlt.<br \/>Ebenso kann sich nach dem Transport des Pakets eines der Produkte als defekt oder besch\u00e4digt erweisen.<br \/>Deshalb sollten Sie bei Erhalt Ihrer Bestellung darauf achten, die Konformit\u00e4t der erhaltenen Produkte zu \u00fcberpr\u00fcfen. Jede Anomalie bez\u00fcglich der Lieferung (fehlendes oder gebrochenes Produkt, besch\u00e4digtes Paket, ) muss unbedingt am Tag des Empfangs oder sp\u00e4testens am ersten Werktag nach dem Empfang per Post an LABORATOIRE MGS LUCIA RAPETTI, 170 Avenue de Saint-Est\u00e8ve , ZAC de St Est\u00e8ve, 06640 St Jeannet les plans - France, per E-Mail an\u00a0<a href=\"http:\/\/web.archive.org\/web\/20160427110343\/mailto:commandes@lucia-rapetti.com\"><span class=\"s1\">commandes@lucia-rapetti.com<\/span><\/a>\u00a0per Telefon unter 04 92 12 30 60 (von 9.00 bis 17.00 Uhr, Montag bis Freitag. Jede nach dieser Frist eingereichte Reklamation wird abgelehnt und das Labor LUCIA RAPETTI wird von jeglicher Verantwortung entbunden. Das Labor LUCIA RAPETTI beh\u00e4lt sich die M\u00f6glichkeit vor, die R\u00fccksendung des fehlerhaften Produkts zu verlangen.<br \/>Wenn die oben genannten Bedingungen erf\u00fcllt sind, wird LE LABORATOIRE LUCIA RAPETTI dann entweder den Umtausch oder die Erstattung des\/der fehlerhaften Produkts\/Produkte vornehmen oder das fehlende Produkt erneut versenden (vorbehaltlich der Begr\u00fcndetheit der Forderung des K\u00e4ufers).<\/p><p class=\"p2\"><b>ARTIKEL 5. R\u00dcCKGABE UND ERSTATTUNG<\/b><\/p><p class=\"p3\">Sie haben das Recht, innerhalb von 15 Tagen nach Erhalt der bestellten Produkte das Produkt, das Ihnen nicht gef\u00e4llt, in seiner vollst\u00e4ndigen Originalverpackung auf Ihre Kosten an die folgende Adresse zur\u00fcckzusenden: LABORATOIRE MGS LUCIA RAPETTI, 170 Avenue de Saint-Est\u00e8ve, ZAC de St Est\u00e8ve, 06640 St Jeannet les plans - Frankreich.<br \/>Wenn die oben genannten Bedingungen erf\u00fcllt sind, wird das MGS LUCIA RAPETTI LABOR es Ihnen nach Ihrer Wahl austauschen oder erstatten.<br \/>Die R\u00fcckerstattung erfolgt per Bankscheck innerhalb eines Monats nach Erhalt des zur\u00fcckgesandten Pakets an die Rechnungsadresse und den Namen des Kunden, der die Bestellung aufgegeben hat, gem\u00e4\u00df den folgenden Modalit\u00e4ten:<br \/>-Das Produkt wird auf eigenen Wunsch zur\u00fcckgegeben, wir erstatten Ihnen den Preis des Produkts.<br \/>Das Produkt wird aufgrund unserer Verantwortung zur\u00fcckgeschickt, wir erstatten Ihnen das Produkt, eventuelle Versand- und R\u00fccksendekosten. R\u00fccksendungen per Nachnahme werden unabh\u00e4ngig vom Grund nicht akzeptiert.<\/p><p class=\"p2\"><b>ARTIKEL 6. KUNDENDIENST :<\/b><\/p><p class=\"p1\">F\u00fcr weitere Informationen oder Fragen steht Ihnen unser Kundenservice zur Verf\u00fcgung :<br \/>Tel: 04 92 12 30 60 (Montag bis Freitag von 9.00 bis 17.00 Uhr)<br \/>International: 33 4 92 12 30 60<br \/>Anschrift: LABORATOIRE MGS LUCIA RAPETTI, 170 Avenue de Saint Est\u00e8ve, ZAC de St Est\u00e8ve, 06640 St Jeannet les plans - Frankreich.<br \/>E-Mail:\u00a0<a href=\"http:\/\/web.archive.org\/web\/20160427110343\/mailto:commandes@lucia-rapetti.com\"><span class=\"s1\">commandes@lucia-rapetti.com<\/span><\/a><\/p><p class=\"p4\"><b>H\u00f6here Gewalt<\/b><\/p><p class=\"p1\">Das LABORATORIUM LUCIA RAPETTI haftet nicht f\u00fcr die vollst\u00e4ndige oder teilweise Nichterf\u00fcllung seiner Verpflichtungen aus dem vorliegenden Vertrag, wenn diese Nichterf\u00fcllung durch ein Ereignis h\u00f6herer Gewalt verursacht wird, insbesondere im Falle einer St\u00f6rung oder eines vollst\u00e4ndigen oder teilweisen Streiks insbesondere der Postdienste und Transport- und\/oder Kommunikationsmittel, \u00dcberschwemmung, Brand.<br \/>Als h\u00f6here Gewalt gelten Ereignisse, die die Kriterien erf\u00fcllen, die in der Rechtsprechung der zweiten Zivilkammer des Kassationsgerichtshofs festgelegt sind.<br \/>Bei Vorliegen eines Ereignisses, das h\u00f6here Gewalt darstellt, wird das LABOR LUCIA RAPETTI den Nutzer\/K\u00e4ufer innerhalb von f\u00fcnf (5) Werktagen nach Eintritt oder drohendem Eintritt dieses Ereignisses davon in Kenntnis setzen.<br \/>Die Parteien vereinbaren, dass sie sich so schnell wie m\u00f6glich absprechen m\u00fcssen, um gemeinsam die Modalit\u00e4ten der Ausf\u00fchrung der Bestellung w\u00e4hrend der Dauer der h\u00f6heren Gewalt festzulegen.<br \/>Nach einer Unterbrechung von einem (1) Monat aufgrund h\u00f6herer Gewalt kann das LABORATORIUM LUCIA RAPETTI die Bestellung nicht mehr ausf\u00fchren, wobei sie dem K\u00e4ufer gegebenenfalls den Kaufpreis zur\u00fcckerstatten muss.<br \/><span class=\"s2\"><b>Teilweise ung\u00fcltig<\/b><\/span><\/p><p class=\"p1\">Wenn eine oder mehrere Bestimmungen dieser Allgemeinen Gesch\u00e4ftsbedingungen durch ein Gesetz, eine Verordnung oder infolge einer endg\u00fcltigen Entscheidung eines zust\u00e4ndigen Gerichts f\u00fcr ung\u00fcltig gehalten oder als ung\u00fcltig erkl\u00e4rt werden, behalten die \u00fcbrigen Bestimmungen ihre volle Kraft und Tragweite.<br \/><span class=\"s2\"><b>Vollst\u00e4ndigkeit des Vertrags<\/b><\/span><\/p><p class=\"p3\">Die vorliegenden Allgemeinen Gesch\u00e4ftsbedingungen und die dem K\u00e4ufer \u00fcbermittelte Bestellungszusammenfassung bilden eine vertragliche Einheit und stellen die Gesamtheit der zwischen den Parteien eingegangenen Vertragsbeziehungen dar.<br \/>Im Falle eines Widerspruchs zwischen diesen Dokumenten haben die Allgemeinen Gesch\u00e4ftsbedingungen Vorrang.<\/p><p class=\"p2\"><b>ARTIKEL 7. ANNAHME DIESER ALLGEMEINEN GESCH\u00c4FTSBEDINGUNGEN<\/b><\/p><p class=\"p3\">Die vorliegenden Allgemeinen Gesch\u00e4ftsbedingungen sowie die Preise werden vom Kunden ausdr\u00fccklich genehmigt und akzeptiert. Der Kunde erkl\u00e4rt und best\u00e4tigt, dass er sie vollst\u00e4ndig kennt und verzichtet daher darauf, sich auf jedes widerspr\u00fcchliche Dokument zu berufen; der Kaufakt zieht die Annahme der vorliegenden Allgemeinen Gesch\u00e4ftsbedingungen nach sich.<br \/>Die vorliegenden Allgemeinen Gesch\u00e4ftsbedingungen k\u00f6nnen jederzeit ohne Vorank\u00fcndigung ge\u00e4ndert werden; jede neue Version ersetzt die vorherige.<\/p><p class=\"p2\"><b>ARTIKEL 8. ANWENDBARES RECHT UND ZUST\u00c4NDIGKEIT<\/b><\/p><p class=\"p1\">Die vorliegenden Allgemeinen Gesch\u00e4ftsbedingungen unterliegen ausschlie\u00dflich den Bestimmungen des franz\u00f6sischen Rechts.<br \/>Die Sprache des vorliegenden Vertrags ist die franz\u00f6sische Sprache.<br \/>Es wird ausdr\u00fccklich zwischen den Parteien vereinbart, dass f\u00fcr alle Streitigkeiten, die sich aus den vorliegenden Allgemeinen Gesch\u00e4ftsbedingungen ergeben, ausschlie\u00dflich die zust\u00e4ndigen franz\u00f6sischen Gerichte und in diesem Fall unser Firmensitz zust\u00e4ndig sind, dessen Adresse als Ort der Erbringung der Dienstleistung im Sinne von Artikel 46 der Neuen Zivilprozessordnung gilt.<\/p><p class=\"p5\"><span class=\"s3\"><b>M.G.S.-LABOR<\/b><\/span><\/p><ul class=\"ul1\"><li class=\"li6\">Lucia Rapetti<\/li><li class=\"li6\">170 avenue de Saint-Est\u00e8ve<br \/>06640 Saint-Jeannet (Frankreich)<br \/>TVA FR59420223836<\/li><li class=\"li7\"><span class=\"s5\"><a href=\"tel:+%2033%20(0)4%2092%2012%2030%2060\"><span class=\"s6\">+ 33 (0)4 92 12 30 60<\/span><\/a><\/span><\/li><li class=\"li7\"><span class=\"s5\"><a href=\"mailto:info@lucia-rapetti.com\"><span class=\"s6\">info@lucia-rapetti.com<\/span><\/a><\/span><\/li><li class=\"li7\"><span class=\"s5\"><a href=\"https:\/\/lucia-rapetti.com\/de\/\"><span class=\"s6\">https:\/\/www.lucia-rapetti.com<\/span><\/a><\/span><\/li><\/ul>\t\t\t\t\t\t\t\t<\/div>\n\t\t\t\t<\/div>\n\t\t\t\t\t<\/div>\n\t\t\t\t<\/div>\n\t\t\t\t<\/div>","protected":false},"excerpt":{"rendered":"<p>Conditions g\u00e9n\u00e9rales de vente Nous sommes heureux de vous accueillir sur notre site web\u00a0www.lucia-rapetti.com. Notre site vous propose un catalogue de produits cosm\u00e9tiques, vendus sous la marque \u00ab LUCIA RAPETTI \u00bb fabriqu\u00e9s et commercialis\u00e9s par LUCIA RAPETTI, Soci\u00e9t\u00e9 SARL au capital de \u20ac, ayant son si\u00e8ge social au 4, rue Beaulieu, 06800 Cagnes sur mer [&hellip;]<\/p>\n","protected":false},"author":2,"featured_media":0,"parent":0,"menu_order":0,"comment_status":"closed","ping_status":"closed","template":"","meta":{"_acf_changed":false,"site-sidebar-layout":"no-sidebar","site-content-layout":"page-builder","ast-site-content-layout":"default","site-content-style":"default","site-sidebar-style":"default","ast-global-header-display":"","ast-banner-title-visibility":"","ast-main-header-display":"","ast-hfb-above-header-display":"","ast-hfb-below-header-display":"","ast-hfb-mobile-header-display":"","site-post-title":"disabled","ast-breadcrumbs-content":"","ast-featured-img":"disabled","footer-sml-layout":"","ast-disable-related-posts":"","theme-transparent-header-meta":"disabled","adv-header-id-meta":"","stick-header-meta":"","header-above-stick-meta":"","header-main-stick-meta":"","header-below-stick-meta":"","astra-migrate-meta-layouts":"default","ast-page-background-enabled":"default","ast-page-background-meta":{"desktop":{"background-color":"var(--ast-global-color-4)","background-image":"","background-repeat":"repeat","background-position":"center center","background-size":"auto","background-attachment":"scroll","background-type":"","background-media":"","overlay-type":"","overlay-color":"","overlay-opacity":"","overlay-gradient":""},"tablet":{"background-color":"","background-image":"","background-repeat":"repeat","background-position":"center center","background-size":"auto","background-attachment":"scroll","background-type":"","background-media":"","overlay-type":"","overlay-color":"","overlay-opacity":"","overlay-gradient":""},"mobile":{"background-color":"","background-image":"","background-repeat":"repeat","background-position":"center center","background-size":"auto","background-attachment":"scroll","background-type":"","background-media":"","overlay-type":"","overlay-color":"","overlay-opacity":"","overlay-gradient":""}},"ast-content-background-meta":{"desktop":{"background-color":"var(--ast-global-color-5)","background-image":"","background-repeat":"repeat","background-position":"center center","background-size":"auto","background-attachment":"scroll","background-type":"","background-media":"","overlay-type":"","overlay-color":"","overlay-opacity":"","overlay-gradient":""},"tablet":{"background-color":"var(--ast-global-color-5)","background-image":"","background-repeat":"repeat","background-position":"center center","background-size":"auto","background-attachment":"scroll","background-type":"","background-media":"","overlay-type":"","overlay-color":"","overlay-opacity":"","overlay-gradient":""},"mobile":{"background-color":"var(--ast-global-color-5)","background-image":"","background-repeat":"repeat","background-position":"center center","background-size":"auto","background-attachment":"scroll","background-type":"","background-media":"","overlay-type":"","overlay-color":"","overlay-opacity":"","overlay-gradient":""}},"footnotes":""},"class_list":["post-3454","page","type-page","status-publish","hentry"],"acf":[],"yoast_head":"<!-- This site is optimized with the Yoast SEO plugin v27.5 - https:\/\/yoast.com\/product\/yoast-seo-wordpress\/ -->\n<title>Conditions g\u00e9n\u00e9rales de vente - Lucia Rapetti Laboratoire Naturel<\/title>\n<meta name=\"robots\" content=\"index, follow, max-snippet:-1, max-image-preview:large, max-video-preview:-1\" \/>\n<link rel=\"canonical\" href=\"https:\/\/lucia-rapetti.com\/de\/allgemeine-geschaftsbedingungen\/\" \/>\n<meta property=\"og:locale\" content=\"de_DE\" \/>\n<meta property=\"og:type\" content=\"article\" \/>\n<meta property=\"og:title\" content=\"Conditions g\u00e9n\u00e9rales de vente - Lucia Rapetti Laboratoire Naturel\" \/>\n<meta property=\"og:description\" content=\"Conditions g\u00e9n\u00e9rales de vente Nous sommes heureux de vous accueillir sur notre site web\u00a0www.lucia-rapetti.com. Notre site vous propose un catalogue de produits cosm\u00e9tiques, vendus sous la marque \u00ab LUCIA RAPETTI \u00bb fabriqu\u00e9s et commercialis\u00e9s par LUCIA RAPETTI, Soci\u00e9t\u00e9 SARL au capital de \u20ac, ayant son si\u00e8ge social au 4, rue Beaulieu, 06800 Cagnes sur mer [&hellip;]\" \/>\n<meta property=\"og:url\" content=\"https:\/\/lucia-rapetti.com\/de\/allgemeine-geschaftsbedingungen\/\" \/>\n<meta property=\"og:site_name\" content=\"Lucia Rapetti Laboratoire Naturel\" \/>\n<meta property=\"article:publisher\" content=\"https:\/\/www.facebook.com\/luciarapettiofficial\" \/>\n<meta property=\"article:modified_time\" content=\"2024-02-06T14:48:11+00:00\" \/>\n<meta name=\"twitter:card\" content=\"summary_large_image\" \/>\n<meta name=\"twitter:label1\" content=\"Gesch\u00e4tzte Lesezeit\" \/>\n\t<meta name=\"twitter:data1\" content=\"8\u00a0Minuten\" \/>\n<script type=\"application\/ld+json\" class=\"yoast-schema-graph\">{\"@context\":\"https:\\\/\\\/schema.org\",\"@graph\":[{\"@type\":\"WebPage\",\"@id\":\"https:\\\/\\\/lucia-rapetti.com\\\/conditions-generales-de-vente\\\/\",\"url\":\"https:\\\/\\\/lucia-rapetti.com\\\/conditions-generales-de-vente\\\/\",\"name\":\"Conditions g\u00e9n\u00e9rales de vente - Lucia Rapetti Laboratoire Naturel\",\"isPartOf\":{\"@id\":\"https:\\\/\\\/lucia-rapetti.com\\\/#website\"},\"datePublished\":\"2023-11-23T13:51:15+00:00\",\"dateModified\":\"2024-02-06T14:48:11+00:00\",\"breadcrumb\":{\"@id\":\"https:\\\/\\\/lucia-rapetti.com\\\/conditions-generales-de-vente\\\/#breadcrumb\"},\"inLanguage\":\"de\",\"potentialAction\":[{\"@type\":\"ReadAction\",\"target\":[\"https:\\\/\\\/lucia-rapetti.com\\\/conditions-generales-de-vente\\\/\"]}]},{\"@type\":\"BreadcrumbList\",\"@id\":\"https:\\\/\\\/lucia-rapetti.com\\\/conditions-generales-de-vente\\\/#breadcrumb\",\"itemListElement\":[{\"@type\":\"ListItem\",\"position\":1,\"name\":\"Lucia Rapetti\",\"item\":\"https:\\\/\\\/lucia-rapetti.com\\\/\"},{\"@type\":\"ListItem\",\"position\":2,\"name\":\"Conditions g\u00e9n\u00e9rales de vente\"}]},{\"@type\":\"WebSite\",\"@id\":\"https:\\\/\\\/lucia-rapetti.com\\\/#website\",\"url\":\"https:\\\/\\\/lucia-rapetti.com\\\/\",\"name\":\"Lucia Rapetti Laboratoire Naturel\",\"description\":\"Laboratoire de cosm\u00e9tique naturel et beaut\u00e9\",\"publisher\":{\"@id\":\"https:\\\/\\\/lucia-rapetti.com\\\/#organization\"},\"potentialAction\":[{\"@type\":\"SearchAction\",\"target\":{\"@type\":\"EntryPoint\",\"urlTemplate\":\"https:\\\/\\\/lucia-rapetti.com\\\/?s={search_term_string}\"},\"query-input\":{\"@type\":\"PropertyValueSpecification\",\"valueRequired\":true,\"valueName\":\"search_term_string\"}}],\"inLanguage\":\"de\"},{\"@type\":\"Organization\",\"@id\":\"https:\\\/\\\/lucia-rapetti.com\\\/#organization\",\"name\":\"Lucia Rapetti Laboratoire Naturel\",\"alternateName\":\"LR\",\"url\":\"https:\\\/\\\/lucia-rapetti.com\\\/\",\"logo\":{\"@type\":\"ImageObject\",\"inLanguage\":\"de\",\"@id\":\"https:\\\/\\\/lucia-rapetti.com\\\/#\\\/schema\\\/logo\\\/image\\\/\",\"url\":\"https:\\\/\\\/lucia-rapetti.com\\\/wp-content\\\/uploads\\\/2023\\\/04\\\/cropped-lucia-rapetti-logo-1.png\",\"contentUrl\":\"https:\\\/\\\/lucia-rapetti.com\\\/wp-content\\\/uploads\\\/2023\\\/04\\\/cropped-lucia-rapetti-logo-1.png\",\"width\":850,\"height\":142,\"caption\":\"Lucia Rapetti Laboratoire Naturel\"},\"image\":{\"@id\":\"https:\\\/\\\/lucia-rapetti.com\\\/#\\\/schema\\\/logo\\\/image\\\/\"},\"sameAs\":[\"https:\\\/\\\/www.facebook.com\\\/luciarapettiofficial\",\"https:\\\/\\\/www.instagram.com\\\/luciarapettiofficial\\\/\"]}]}<\/script>\n<!-- \/ Yoast SEO plugin. -->","yoast_head_json":{"title":"Allgemeine Gesch\u00e4ftsbedingungen - Lucia Rapetti Natural Laboratory","robots":{"index":"index","follow":"follow","max-snippet":"max-snippet:-1","max-image-preview":"max-image-preview:large","max-video-preview":"max-video-preview:-1"},"canonical":"https:\/\/lucia-rapetti.com\/de\/allgemeine-geschaftsbedingungen\/","og_locale":"de_DE","og_type":"article","og_title":"Conditions g\u00e9n\u00e9rales de vente - Lucia Rapetti Laboratoire Naturel","og_description":"Conditions g\u00e9n\u00e9rales de vente Nous sommes heureux de vous accueillir sur notre site web\u00a0www.lucia-rapetti.com. Notre site vous propose un catalogue de produits cosm\u00e9tiques, vendus sous la marque \u00ab LUCIA RAPETTI \u00bb fabriqu\u00e9s et commercialis\u00e9s par LUCIA RAPETTI, Soci\u00e9t\u00e9 SARL au capital de \u20ac, ayant son si\u00e8ge social au 4, rue Beaulieu, 06800 Cagnes sur mer [&hellip;]","og_url":"https:\/\/lucia-rapetti.com\/de\/allgemeine-geschaftsbedingungen\/","og_site_name":"Lucia Rapetti Laboratoire Naturel","article_publisher":"https:\/\/www.facebook.com\/luciarapettiofficial","article_modified_time":"2024-02-06T14:48:11+00:00","twitter_card":"summary_large_image","twitter_misc":{"Gesch\u00e4tzte Lesezeit":"8\u00a0Minuten"},"schema":{"@context":"https:\/\/schema.org","@graph":[{"@type":"WebPage","@id":"https:\/\/lucia-rapetti.com\/conditions-generales-de-vente\/","url":"https:\/\/lucia-rapetti.com\/conditions-generales-de-vente\/","name":"Allgemeine Gesch\u00e4ftsbedingungen - Lucia Rapetti Natural Laboratory","isPartOf":{"@id":"https:\/\/lucia-rapetti.com\/#website"},"datePublished":"2023-11-23T13:51:15+00:00","dateModified":"2024-02-06T14:48:11+00:00","breadcrumb":{"@id":"https:\/\/lucia-rapetti.com\/conditions-generales-de-vente\/#breadcrumb"},"inLanguage":"de","potentialAction":[{"@type":"ReadAction","target":["https:\/\/lucia-rapetti.com\/conditions-generales-de-vente\/"]}]},{"@type":"BreadcrumbList","@id":"https:\/\/lucia-rapetti.com\/conditions-generales-de-vente\/#breadcrumb","itemListElement":[{"@type":"ListItem","position":1,"name":"Lucia Rapetti","item":"https:\/\/lucia-rapetti.com\/"},{"@type":"ListItem","position":2,"name":"Conditions g\u00e9n\u00e9rales de vente"}]},{"@type":"WebSite","@id":"https:\/\/lucia-rapetti.com\/#website","url":"https:\/\/lucia-rapetti.com\/","name":"Lucia Rapetti Natural Laboratory","description":"Labor f\u00fcr Natur- und Sch\u00f6nheitskosmetik","publisher":{"@id":"https:\/\/lucia-rapetti.com\/#organization"},"potentialAction":[{"@type":"SearchAction","target":{"@type":"EntryPoint","urlTemplate":"https:\/\/lucia-rapetti.com\/?s={search_term_string}"},"query-input":{"@type":"PropertyValueSpecification","valueRequired":true,"valueName":"search_term_string"}}],"inLanguage":"de"},{"@type":"Organization","@id":"https:\/\/lucia-rapetti.com\/#organization","name":"Lucia Rapetti Natural Laboratory","alternateName":"LR","url":"https:\/\/lucia-rapetti.com\/","logo":{"@type":"ImageObject","inLanguage":"de","@id":"https:\/\/lucia-rapetti.com\/#\/schema\/logo\/image\/","url":"https:\/\/lucia-rapetti.com\/wp-content\/uploads\/2023\/04\/cropped-lucia-rapetti-logo-1.png","contentUrl":"https:\/\/lucia-rapetti.com\/wp-content\/uploads\/2023\/04\/cropped-lucia-rapetti-logo-1.png","width":850,"height":142,"caption":"Lucia Rapetti Laboratoire Naturel"},"image":{"@id":"https:\/\/lucia-rapetti.com\/#\/schema\/logo\/image\/"},"sameAs":["https:\/\/www.facebook.com\/luciarapettiofficial","https:\/\/www.instagram.com\/luciarapettiofficial\/"]}]}},"_links":{"self":[{"href":"https:\/\/lucia-rapetti.com\/de\/wp-json\/wp\/v2\/pages\/3454","targetHints":{"allow":["GET"]}}],"collection":[{"href":"https:\/\/lucia-rapetti.com\/de\/wp-json\/wp\/v2\/pages"}],"about":[{"href":"https:\/\/lucia-rapetti.com\/de\/wp-json\/wp\/v2\/types\/page"}],"author":[{"embeddable":true,"href":"https:\/\/lucia-rapetti.com\/de\/wp-json\/wp\/v2\/users\/2"}],"replies":[{"embeddable":true,"href":"https:\/\/lucia-rapetti.com\/de\/wp-json\/wp\/v2\/comments?post=3454"}],"version-history":[{"count":0,"href":"https:\/\/lucia-rapetti.com\/de\/wp-json\/wp\/v2\/pages\/3454\/revisions"}],"wp:attachment":[{"href":"https:\/\/lucia-rapetti.com\/de\/wp-json\/wp\/v2\/media?parent=3454"}],"curies":[{"name":"wp","href":"https:\/\/api.w.org\/{rel}","templated":true}]}}