{"id":3445,"date":"2023-11-23T14:47:01","date_gmt":"2023-11-23T13:47:01","guid":{"rendered":"https:\/\/client.comanddesign.com\/?page_id=3445"},"modified":"2024-01-29T10:09:05","modified_gmt":"2024-01-29T09:09:05","slug":"datenschutzrichtlinie-und-cookies","status":"publish","type":"page","link":"https:\/\/lucia-rapetti.com\/de\/datenschutzrichtlinie-und-cookies\/","title":{"rendered":"Datenschutzrichtlinie und Cookies"},"content":{"rendered":"<div data-elementor-type=\"wp-page\" data-elementor-id=\"3445\" class=\"elementor elementor-3445\" data-elementor-post-type=\"page\">\n\t\t\t\t<div class=\"elementor-element elementor-element-7762e9b e-flex e-con-boxed e-con e-parent\" data-id=\"7762e9b\" data-element_type=\"container\" data-e-type=\"container\">\n\t\t\t\t\t<div class=\"e-con-inner\">\n\t\t<div class=\"elementor-element elementor-element-ffdfaf4 e-flex e-con-boxed e-con e-child\" data-id=\"ffdfaf4\" data-element_type=\"container\" data-e-type=\"container\">\n\t\t\t\t\t<div class=\"e-con-inner\">\n\t\t\t\t<div class=\"elementor-element elementor-element-b19a94c elementor-widget elementor-widget-heading\" data-id=\"b19a94c\" data-element_type=\"widget\" data-e-type=\"widget\" data-widget_type=\"heading.default\">\n\t\t\t\t<div class=\"elementor-widget-container\">\n\t\t\t\t\t<h1 class=\"elementor-heading-title elementor-size-default\">Datenschutzrichtlinie<\/h1>\t\t\t\t<\/div>\n\t\t\t\t<\/div>\n\t\t\t\t\t<\/div>\n\t\t\t\t<\/div>\n\t\t\t\t\t<\/div>\n\t\t\t\t<\/div>\n\t\t<div class=\"elementor-element elementor-element-5552b02 e-flex e-con-boxed e-con e-parent\" data-id=\"5552b02\" data-element_type=\"container\" data-e-type=\"container\">\n\t\t\t\t\t<div class=\"e-con-inner\">\n\t\t\t\t<div class=\"elementor-element elementor-element-a8f9efe elementor-widget elementor-widget-text-editor\" data-id=\"a8f9efe\" data-element_type=\"widget\" data-e-type=\"widget\" data-widget_type=\"text-editor.default\">\n\t\t\t\t<div class=\"elementor-widget-container\">\n\t\t\t\t\t\t\t\t\t<p>MGS LUCIA RAPETTI legt gro\u00dfen Wert auf den Schutz personenbezogener Daten und m\u00f6chte dem Kunden, der die Website besucht, versichern, dass seine Privatsph\u00e4re gesch\u00fctzt ist. Dieser Artikel soll den Kunden \u00fcber die Verarbeitung seiner personenbezogenen Daten, d.h. Daten, mit denen er direkt oder indirekt identifiziert werden kann, sowie \u00fcber seine Rechte in Bezug auf diese Verarbeitung informieren.<\/p><p>Der Kunde wird dar\u00fcber informiert, dass seine Registrierung sowie die Nutzung der Website f\u00fcr MGS LUCIA RAPETTI Anlass zur Sammlung und automatischen Verarbeitung seiner personenbezogenen Daten gibt, deren Nutzung den Bestimmungen des Gesetzes Nr. 78-17 vom 6. Januar 1978 \u00fcber Informatik, Dateien und Freiheiten in der durch das Gesetz Nr. 2004-801 vom 6. August 2004 ge\u00e4nderten Fassung unterliegt.<\/p><p>Die so erhobenen und verarbeiteten personenbezogenen Daten sind insbesondere die folgenden:<\/p><p>(i) die bei der Registrierung angegebenen Informationen;<\/p><p>(ii) Informationen \u00fcber die Interaktionen des Kunden mit der Website;<\/p><p>(iii) die im Bereich \u00abMein Konto\u00bb gespeicherten Inhalte;<\/p><p>(iv) technische Daten, wie z. B. die vom Kunden verwendete URL oder seine IP-Adresse.<\/p><p>Obligatorische Antworten, ohne die der Kunde nicht auf die Website zugreifen kann, werden als solche auf dem Registrierungsformular der Website angegeben.<\/p><p>Die so gesammelten Informationen werden elektronisch verarbeitet, um dem Kunden eine optimierte Nutzung der Website durch den Zugang zu den Dienstleistungen, die Kontaktaufnahme mit MGS LUCIA RAPETTI oder die Aufgabe einer Bestellung zu erm\u00f6glichen.<\/p><p>Der Kunde hat ein Recht auf Zugang und Berichtigung der ihn betreffenden Daten sowie ein Recht auf Widerspruch gegen die Verarbeitung dieser Daten aus legitimen Gr\u00fcnden, das er aus\u00fcben kann, indem er sich schriftlich an folgende Adresse wendet:\u00a0<b>MGS LUCIA RAPETTI 196 ROUTE DE LA BARONNE 06640 SAINT JEANNET.<span class=\"Apple-converted-space\">\u00a0 <\/span>Dieser Antrag muss vom Kunden unterschrieben sein und seine Kontaktdaten enthalten.<\/b><\/p><p>Dar\u00fcber hinaus bietet MGS LUCIA RAPETTI allen Kunden an, ihnen per E-Mail Newsletter zuzusenden, die sie abonnieren k\u00f6nnen, indem sie ihre E-Mail-Adresse in das daf\u00fcr vorgesehene Feld eintragen. Wenn ein Kunde keine solchen Nachrichten mehr erhalten m\u00f6chte, kann er dies jederzeit durch Anklicken des entsprechenden Links in jedem Newsletter widerrufen.<\/p><p>Die so gesammelten E-Mail-Adressen werden f\u00fcr den Versand des Newsletters von MGS LUCIA RAPETTI elektronisch verarbeitet. Personen, die den Newsletter abonniert haben, haben ein Recht auf Zugang und Berichtigung der sie betreffenden Daten, das sie durch ein Schreiben an die folgende Adresse geltend machen k\u00f6nnen:\u00a0<b>MGS LUCIA RAPETTI 196 ROUTE DE LA BARONNE 06640 SAINT JEANNET.<\/b><\/p><p>Die Nutzung dieser Daten ist ausschlie\u00dflich MGS LUCIA RAPETTI vorbehalten.<\/p><p>MGS LUCIA RAPETTI bem\u00fcht sich, diese Informationen zu sichern, indem sie alle ihr zur Verf\u00fcgung stehenden Mittel einsetzt, um die Sicherheit der Daten zu gew\u00e4hrleisten und insbesondere zu verhindern, dass sie verzerrt, besch\u00e4digt oder von unbefugten Dritten eingesehen werden k\u00f6nnen.<\/p><p>Um die Erwartungen des Kunden besser erf\u00fcllen zu k\u00f6nnen, ist es m\u00f6glich, dass MGS LUCIA RAPETTI bestimmte Informationen an seine Dienstleister weitergibt, die im Sinne des oben genannten Gesetzes als \u00abUnterauftragnehmer\u00bb bezeichnet werden (z. B. bei der Erbringung von IT-Dienstleistungen, Kundenservice). In allen anderen F\u00e4llen werden die personenbezogenen Daten ohne die vorherige Zustimmung des Kunden nicht an Dritte weitergegeben.<\/p><p><b>MGS LUCIA RAPETTI weist darauf hin, dass sie nicht beabsichtigt, die personenbezogenen Daten des Kunden zu verkaufen oder zu vermarkten.<\/b><\/p><p>Die von MGS LUCIA RAPETTI im Rahmen der Einrichtung eines Kundenkontos und der Aufgabe von Produktbestellungen gesammelten pers\u00f6nlichen Daten werden f\u00fcr die Zeit aufbewahrt, die f\u00fcr die Verwaltung der Bestellungen und der damit verbundenen Rechte (Garantien usw.), f\u00fcr die Verwaltung der kommerziellen Prospektion usw. erforderlich ist.<\/p><p>Einige dieser personenbezogenen Daten werden von MGS LUCIA RAPETTI auch so lange aufbewahrt, wie es gesetzlich vorgeschrieben ist, um seinen gesetzlichen Verpflichtungen nachzukommen.<\/p><p><b>Dauer der Speicherung von personenbezogenen Daten durch MGS LUCIA RAPETTI<span class=\"Apple-converted-space\">\u00a0<\/span><\/b><\/p><p>Die angegebene Dauer deckt die Dauer der Aufbewahrung in der aktiven Basis und in internen Archiven ab :<\/p><p><b>- Daten aus Ihrem Kundenkonto :\u00a0<\/b>3 Jahre ab dem Zeitpunkt Ihres letzten Kontakts mit MGS LUCIA RAPETTI<\/p><p><b>- Daten aus Ihren Bestellungen :\u00a0<\/b>10 Jahre nach der Auftragserteilung<\/p><p><b>- Identit\u00e4tsnachweis, der im Rahmen der Aus\u00fcbung der Rechte auf Auskunft, Zugang, Berichtigung und Widerspruch \u00fcbermittelt wird :\u00a0<\/b>1 Jahr ab dem Datum des Eingangs bei MGS LUCIA RAPETTI<span class=\"Apple-converted-space\">\u00a0<\/span><\/p><p><b>- Kreditkartendaten, die Sie auf unserer Website gespeichert haben (au\u00dfer Kryptogramm) :\u00a0<\/b>G\u00fcltigkeitsdatum + 1 Tag (vorbehaltlich der unten angegebenen Haltbarkeitsdauer)<\/p><p><b>- Gespeicherte oder nicht gespeicherte Kreditkartendaten (au\u00dfer Kryptogramm) zum Zweck der Bearbeitung eventueller Beschwerden :\u00a0<\/b><\/p><p>Bei Karten mit sofortiger Belastung: 13 Monate ab dem Tag der Zahlung<\/p><p>F\u00fcr Karten mit verz\u00f6gerter Abbuchung: 15 Monate ab Datum<\/p><p><b>Die Verwendung von \u00abCookies\u00bb<\/b><\/p><p>MGS LUCIA RAPETTI verwendet \u00abCookies\u00bb, um die Nutzung der Website durch den Kunden zu optimieren.<\/p><p>Ein \u00abCookie\u00bb ist eine kleine Textdatei, die von MGS LUCIA RAPETTI auf der Festplatte des Kunden abgelegt wird. Sie erm\u00f6glicht es dem System von MGS LUCIA RAPETTI, sich an das Ger\u00e4t des Kunden zu erinnern, wenn er die Website besucht. Die von MGS LUCIA RAPETTI verwendeten \u00abCookies\u00bb enthalten keine personenbezogenen Daten, sondern lediglich eine anonyme Identifikationsnummer und Informationen \u00fcber die Navigation des betreffenden Computers auf der Website (die aufgerufenen Seiten, das Datum und die Uhrzeit des Aufrufs usw.), die MGS LUCIA RAPETTI bei sp\u00e4teren Besuchen lesen kann.<\/p><p>MGS LUCIA RAPETTI verwendet \u00abCookies\u00bb, um die Nutzung der Website und gegebenenfalls der Dienstleistungen durch den Kunden zu optimieren. Insbesondere verwendet MGS LUCIA RAPETTI \u00abCookies\u00bb f\u00fcr die folgenden Zwecke:<\/p><p>- Die Personalisierung des Inhalts der Website durch die Speicherung der Pr\u00e4ferenzen des Kunden;<\/p><p>- Die Erstellung von Besuchs- und Nutzungsvolumina der verschiedenen Elemente, aus denen die Website besteht;<\/p><p>- Die Verbesserung der Website durch Informationen, die von Diensten zur Messung des Publikums bereitgestellt werden. Die im Rahmen dieses Dienstes verwendeten \u00abCookies\u00bb erm\u00f6glichen es, das Verhalten des Kunden auf globale und anonyme Weise zu analysieren. Die Informationen \u00fcber die Nutzung der Website durch den Kunden werden anonym (gek\u00fcrzte IP-Adresse) an den Dienst weitergeleitet.<\/p><p>Die Erhebung von Verhaltensdaten erfolgt, um statistische Berichte \u00fcber die Aktivit\u00e4ten auf der Website zu erstellen, die MGS LUCIA RAPETTI bei der Entscheidungsfindung \u00fcber Verbesserungen der Website unterst\u00fctzen sollen. Die Website verkn\u00fcpft daher die IP-Adresse des Kunden nicht mit Informationen, die eine Identifizierung des Kunden erm\u00f6glichen.<\/p><p>Der Kunde wird \u00fcber die M\u00f6glichkeit informiert, seine Zustimmung zur Verwendung von \u00abCookies\u00bb, die von der Website oder von Websites Dritter entweder f\u00fcr alle \u00abCookies\u00bb oder f\u00fcr bestimmte Kategorien von Zwecken ausgegeben werden, jederzeit zu widerrufen.<\/p><p>Der Kunde kann zum Beispiel seine Zustimmung leicht durch die folgenden ihm zur Verf\u00fcgung stehenden Mittel widerrufen:<\/p><p>- F\u00fcr Mozilla Firefox :\u00a0<a href=\"https:\/\/support.mozilla.org\/fr\/kb\/effacer-cookies-supprimer-infos-sites-enregistrees\">https:\/\/support.mozilla.org\/fr\/kb\/effacer-cookies-supprimer-infos-sites-enregistrees<\/a><\/p><p>- F\u00fcr Microsoft Internet Explorer :\u00a0<a href=\"http:\/\/windows.microsoft.com\/fr-fr\/internet-explorer\/delete-manage-cookies#ie=ie-9\">http:\/\/windows.microsoft.com\/fr-fr\/internet-explorer\/delete-manage-cookies#ie=ie-9<\/a><\/p><p>- F\u00fcr Opera :\u00a0<a href=\"http:\/\/help.opera.com\/Windows\/10.20\/fr\/cookies.html\">http:\/\/help.opera.com\/Windows\/10.20\/fr\/cookies.html<\/a><\/p><p>- F\u00fcr Chrome :\u00a0<a href=\"https:\/\/support.google.com\/chrome\/answer\/95647?hl=fr\">https:\/\/support.google.com\/chrome\/answer\/95647?hl=fr<\/a><\/p><p>In Bezug auf \u00abDrittanbieter-Cookies\u00bb kann der Kunde diese auch auf den Websites der ausstellenden Unternehmen unter den entsprechenden Links, die oben aufgef\u00fchrt sind, deaktivieren.<\/p><p>Au\u00dferdem kann man sich (i) von jedem Anzeigennetzwerk abmelden, indem man auf den folgenden Link klickt:<\/p><p><a href=\"http:\/\/www.youronlinechoices.com\/fr\/foire-aux-questions\/\">http:\/\/www.youronlinechoices.com\/fr\/foire-aux-questions\/<\/a>\u00a0und (ii) verhaltensorientierte Werbung, indem Sie auf den folgenden Link klicken:\u00a0<a href=\"http:\/\/www.aboutads.info\/choices\/\">http:\/\/www.aboutads.info\/choices\/<\/a>.<\/p><p>Der Kunde findet schlie\u00dflich einige Ratschl\u00e4ge der CNIL, indem er auf den folgenden Link klickt:\u00a0<a href=\"http:\/\/www.cnil.fr\/vos-droits\/vos-traces\/les-cookies\/conseils-aux-internautes\/\">http:\/\/www.cnil.fr\/vos-droits\/vos-traces\/les-cookies\/conseils-aux-internautes\/<\/a>.<\/p><p>Die von MGS LUCIA RAPETTI vom Kunden eingeholte Zustimmung zur Verwendung von \u00abCookies\u00bb hat eine G\u00fcltigkeitsdauer von dreizehn (13) Monaten ab dem Zeitpunkt, an dem die \u00abCookies\u00bb abgelegt wurden. Nach Ablauf dieser Frist muss die Zustimmung des Kunden erneut von MGS LUCIA RAPETTI eingeholt werden.<\/p>\t\t\t\t\t\t\t\t<\/div>\n\t\t\t\t<\/div>\n\t\t\t\t\t<\/div>\n\t\t\t\t<\/div>\n\t\t\t\t<\/div>","protected":false},"excerpt":{"rendered":"<p>Politique de confidentialit\u00e9 MGS LUCIA RAPETTI accorde une grande importance \u00e0 la protection des donn\u00e9es \u00e0 caract\u00e8re personnel et tient \u00e0 assurer au Client visitant le Site que sa vie priv\u00e9e est prot\u00e9g\u00e9e. Le pr\u00e9sent article vise \u00e0 informer le Client des traitements de donn\u00e9es \u00e0 caract\u00e8re personnel le concernant, c\u2019est-\u00e0-dire des donn\u00e9es permettant de [&hellip;]<\/p>\n","protected":false},"author":2,"featured_media":0,"parent":0,"menu_order":0,"comment_status":"closed","ping_status":"closed","template":"","meta":{"_acf_changed":false,"site-sidebar-layout":"no-sidebar","site-content-layout":"page-builder","ast-site-content-layout":"default","site-content-style":"default","site-sidebar-style":"default","ast-global-header-display":"","ast-banner-title-visibility":"","ast-main-header-display":"","ast-hfb-above-header-display":"","ast-hfb-below-header-display":"","ast-hfb-mobile-header-display":"","site-post-title":"disabled","ast-breadcrumbs-content":"","ast-featured-img":"disabled","footer-sml-layout":"","ast-disable-related-posts":"","theme-transparent-header-meta":"disabled","adv-header-id-meta":"","stick-header-meta":"","header-above-stick-meta":"","header-main-stick-meta":"","header-below-stick-meta":"","astra-migrate-meta-layouts":"default","ast-page-background-enabled":"default","ast-page-background-meta":{"desktop":{"background-color":"var(--ast-global-color-4)","background-image":"","background-repeat":"repeat","background-position":"center center","background-size":"auto","background-attachment":"scroll","background-type":"","background-media":"","overlay-type":"","overlay-color":"","overlay-opacity":"","overlay-gradient":""},"tablet":{"background-color":"","background-image":"","background-repeat":"repeat","background-position":"center center","background-size":"auto","background-attachment":"scroll","background-type":"","background-media":"","overlay-type":"","overlay-color":"","overlay-opacity":"","overlay-gradient":""},"mobile":{"background-color":"","background-image":"","background-repeat":"repeat","background-position":"center center","background-size":"auto","background-attachment":"scroll","background-type":"","background-media":"","overlay-type":"","overlay-color":"","overlay-opacity":"","overlay-gradient":""}},"ast-content-background-meta":{"desktop":{"background-color":"var(--ast-global-color-5)","background-image":"","background-repeat":"repeat","background-position":"center center","background-size":"auto","background-attachment":"scroll","background-type":"","background-media":"","overlay-type":"","overlay-color":"","overlay-opacity":"","overlay-gradient":""},"tablet":{"background-color":"var(--ast-global-color-5)","background-image":"","background-repeat":"repeat","background-position":"center center","background-size":"auto","background-attachment":"scroll","background-type":"","background-media":"","overlay-type":"","overlay-color":"","overlay-opacity":"","overlay-gradient":""},"mobile":{"background-color":"var(--ast-global-color-5)","background-image":"","background-repeat":"repeat","background-position":"center center","background-size":"auto","background-attachment":"scroll","background-type":"","background-media":"","overlay-type":"","overlay-color":"","overlay-opacity":"","overlay-gradient":""}},"footnotes":""},"class_list":["post-3445","page","type-page","status-publish","hentry"],"acf":[],"yoast_head":"<!-- This site is optimized with the Yoast SEO plugin v27.5 - https:\/\/yoast.com\/product\/yoast-seo-wordpress\/ -->\n<title>Politique de Confidentialit\u00e9 et Cookies - Lucia Rapetti Laboratoire Naturel<\/title>\n<meta name=\"robots\" content=\"index, follow, max-snippet:-1, max-image-preview:large, max-video-preview:-1\" \/>\n<link rel=\"canonical\" href=\"https:\/\/lucia-rapetti.com\/de\/datenschutzrichtlinie-und-cookies\/\" \/>\n<meta property=\"og:locale\" content=\"de_DE\" \/>\n<meta property=\"og:type\" content=\"article\" \/>\n<meta property=\"og:title\" content=\"Politique de Confidentialit\u00e9 et Cookies - Lucia Rapetti Laboratoire Naturel\" \/>\n<meta property=\"og:description\" content=\"Politique de confidentialit\u00e9 MGS LUCIA RAPETTI accorde une grande importance \u00e0 la protection des donn\u00e9es \u00e0 caract\u00e8re personnel et tient \u00e0 assurer au Client visitant le Site que sa vie priv\u00e9e est prot\u00e9g\u00e9e. Le pr\u00e9sent article vise \u00e0 informer le Client des traitements de donn\u00e9es \u00e0 caract\u00e8re personnel le concernant, c\u2019est-\u00e0-dire des donn\u00e9es permettant de [&hellip;]\" \/>\n<meta property=\"og:url\" content=\"https:\/\/lucia-rapetti.com\/de\/datenschutzrichtlinie-und-cookies\/\" \/>\n<meta property=\"og:site_name\" content=\"Lucia Rapetti Laboratoire Naturel\" \/>\n<meta property=\"article:publisher\" content=\"https:\/\/www.facebook.com\/luciarapettiofficial\" \/>\n<meta property=\"article:modified_time\" content=\"2024-01-29T09:09:05+00:00\" \/>\n<meta name=\"twitter:card\" content=\"summary_large_image\" \/>\n<meta name=\"twitter:label1\" content=\"Gesch\u00e4tzte Lesezeit\" \/>\n\t<meta name=\"twitter:data1\" content=\"7\u00a0Minuten\" \/>\n<script type=\"application\/ld+json\" class=\"yoast-schema-graph\">{\"@context\":\"https:\\\/\\\/schema.org\",\"@graph\":[{\"@type\":\"WebPage\",\"@id\":\"https:\\\/\\\/lucia-rapetti.com\\\/politique-de-confidentialite-et-cookies\\\/\",\"url\":\"https:\\\/\\\/lucia-rapetti.com\\\/politique-de-confidentialite-et-cookies\\\/\",\"name\":\"Politique de Confidentialit\u00e9 et Cookies - Lucia Rapetti Laboratoire Naturel\",\"isPartOf\":{\"@id\":\"https:\\\/\\\/lucia-rapetti.com\\\/#website\"},\"datePublished\":\"2023-11-23T13:47:01+00:00\",\"dateModified\":\"2024-01-29T09:09:05+00:00\",\"breadcrumb\":{\"@id\":\"https:\\\/\\\/lucia-rapetti.com\\\/politique-de-confidentialite-et-cookies\\\/#breadcrumb\"},\"inLanguage\":\"de\",\"potentialAction\":[{\"@type\":\"ReadAction\",\"target\":[\"https:\\\/\\\/lucia-rapetti.com\\\/politique-de-confidentialite-et-cookies\\\/\"]}]},{\"@type\":\"BreadcrumbList\",\"@id\":\"https:\\\/\\\/lucia-rapetti.com\\\/politique-de-confidentialite-et-cookies\\\/#breadcrumb\",\"itemListElement\":[{\"@type\":\"ListItem\",\"position\":1,\"name\":\"Lucia Rapetti\",\"item\":\"https:\\\/\\\/lucia-rapetti.com\\\/\"},{\"@type\":\"ListItem\",\"position\":2,\"name\":\"Politique de Confidentialit\u00e9 et Cookies\"}]},{\"@type\":\"WebSite\",\"@id\":\"https:\\\/\\\/lucia-rapetti.com\\\/#website\",\"url\":\"https:\\\/\\\/lucia-rapetti.com\\\/\",\"name\":\"Lucia Rapetti Laboratoire Naturel\",\"description\":\"Laboratoire de cosm\u00e9tique naturel et beaut\u00e9\",\"publisher\":{\"@id\":\"https:\\\/\\\/lucia-rapetti.com\\\/#organization\"},\"potentialAction\":[{\"@type\":\"SearchAction\",\"target\":{\"@type\":\"EntryPoint\",\"urlTemplate\":\"https:\\\/\\\/lucia-rapetti.com\\\/?s={search_term_string}\"},\"query-input\":{\"@type\":\"PropertyValueSpecification\",\"valueRequired\":true,\"valueName\":\"search_term_string\"}}],\"inLanguage\":\"de\"},{\"@type\":\"Organization\",\"@id\":\"https:\\\/\\\/lucia-rapetti.com\\\/#organization\",\"name\":\"Lucia Rapetti Laboratoire Naturel\",\"alternateName\":\"LR\",\"url\":\"https:\\\/\\\/lucia-rapetti.com\\\/\",\"logo\":{\"@type\":\"ImageObject\",\"inLanguage\":\"de\",\"@id\":\"https:\\\/\\\/lucia-rapetti.com\\\/#\\\/schema\\\/logo\\\/image\\\/\",\"url\":\"https:\\\/\\\/lucia-rapetti.com\\\/wp-content\\\/uploads\\\/2023\\\/04\\\/cropped-lucia-rapetti-logo-1.png\",\"contentUrl\":\"https:\\\/\\\/lucia-rapetti.com\\\/wp-content\\\/uploads\\\/2023\\\/04\\\/cropped-lucia-rapetti-logo-1.png\",\"width\":850,\"height\":142,\"caption\":\"Lucia Rapetti Laboratoire Naturel\"},\"image\":{\"@id\":\"https:\\\/\\\/lucia-rapetti.com\\\/#\\\/schema\\\/logo\\\/image\\\/\"},\"sameAs\":[\"https:\\\/\\\/www.facebook.com\\\/luciarapettiofficial\",\"https:\\\/\\\/www.instagram.com\\\/luciarapettiofficial\\\/\"]}]}<\/script>\n<!-- \/ Yoast SEO plugin. -->","yoast_head_json":{"title":"Datenschutzbestimmungen und Cookies - Lucia Rapetti Natural Laboratory","robots":{"index":"index","follow":"follow","max-snippet":"max-snippet:-1","max-image-preview":"max-image-preview:large","max-video-preview":"max-video-preview:-1"},"canonical":"https:\/\/lucia-rapetti.com\/de\/datenschutzrichtlinie-und-cookies\/","og_locale":"de_DE","og_type":"article","og_title":"Politique de Confidentialit\u00e9 et Cookies - Lucia Rapetti Laboratoire Naturel","og_description":"Politique de confidentialit\u00e9 MGS LUCIA RAPETTI accorde une grande importance \u00e0 la protection des donn\u00e9es \u00e0 caract\u00e8re personnel et tient \u00e0 assurer au Client visitant le Site que sa vie priv\u00e9e est prot\u00e9g\u00e9e. Le pr\u00e9sent article vise \u00e0 informer le Client des traitements de donn\u00e9es \u00e0 caract\u00e8re personnel le concernant, c\u2019est-\u00e0-dire des donn\u00e9es permettant de [&hellip;]","og_url":"https:\/\/lucia-rapetti.com\/de\/datenschutzrichtlinie-und-cookies\/","og_site_name":"Lucia Rapetti Laboratoire Naturel","article_publisher":"https:\/\/www.facebook.com\/luciarapettiofficial","article_modified_time":"2024-01-29T09:09:05+00:00","twitter_card":"summary_large_image","twitter_misc":{"Gesch\u00e4tzte Lesezeit":"7\u00a0Minuten"},"schema":{"@context":"https:\/\/schema.org","@graph":[{"@type":"WebPage","@id":"https:\/\/lucia-rapetti.com\/politique-de-confidentialite-et-cookies\/","url":"https:\/\/lucia-rapetti.com\/politique-de-confidentialite-et-cookies\/","name":"Datenschutzbestimmungen und Cookies - Lucia Rapetti Natural Laboratory","isPartOf":{"@id":"https:\/\/lucia-rapetti.com\/#website"},"datePublished":"2023-11-23T13:47:01+00:00","dateModified":"2024-01-29T09:09:05+00:00","breadcrumb":{"@id":"https:\/\/lucia-rapetti.com\/politique-de-confidentialite-et-cookies\/#breadcrumb"},"inLanguage":"de","potentialAction":[{"@type":"ReadAction","target":["https:\/\/lucia-rapetti.com\/politique-de-confidentialite-et-cookies\/"]}]},{"@type":"BreadcrumbList","@id":"https:\/\/lucia-rapetti.com\/politique-de-confidentialite-et-cookies\/#breadcrumb","itemListElement":[{"@type":"ListItem","position":1,"name":"Lucia Rapetti","item":"https:\/\/lucia-rapetti.com\/"},{"@type":"ListItem","position":2,"name":"Politique de Confidentialit\u00e9 et Cookies"}]},{"@type":"WebSite","@id":"https:\/\/lucia-rapetti.com\/#website","url":"https:\/\/lucia-rapetti.com\/","name":"Lucia Rapetti Natural Laboratory","description":"Labor f\u00fcr Natur- und Sch\u00f6nheitskosmetik","publisher":{"@id":"https:\/\/lucia-rapetti.com\/#organization"},"potentialAction":[{"@type":"SearchAction","target":{"@type":"EntryPoint","urlTemplate":"https:\/\/lucia-rapetti.com\/?s={search_term_string}"},"query-input":{"@type":"PropertyValueSpecification","valueRequired":true,"valueName":"search_term_string"}}],"inLanguage":"de"},{"@type":"Organization","@id":"https:\/\/lucia-rapetti.com\/#organization","name":"Lucia Rapetti Natural Laboratory","alternateName":"LR","url":"https:\/\/lucia-rapetti.com\/","logo":{"@type":"ImageObject","inLanguage":"de","@id":"https:\/\/lucia-rapetti.com\/#\/schema\/logo\/image\/","url":"https:\/\/lucia-rapetti.com\/wp-content\/uploads\/2023\/04\/cropped-lucia-rapetti-logo-1.png","contentUrl":"https:\/\/lucia-rapetti.com\/wp-content\/uploads\/2023\/04\/cropped-lucia-rapetti-logo-1.png","width":850,"height":142,"caption":"Lucia Rapetti Laboratoire Naturel"},"image":{"@id":"https:\/\/lucia-rapetti.com\/#\/schema\/logo\/image\/"},"sameAs":["https:\/\/www.facebook.com\/luciarapettiofficial","https:\/\/www.instagram.com\/luciarapettiofficial\/"]}]}},"_links":{"self":[{"href":"https:\/\/lucia-rapetti.com\/de\/wp-json\/wp\/v2\/pages\/3445","targetHints":{"allow":["GET"]}}],"collection":[{"href":"https:\/\/lucia-rapetti.com\/de\/wp-json\/wp\/v2\/pages"}],"about":[{"href":"https:\/\/lucia-rapetti.com\/de\/wp-json\/wp\/v2\/types\/page"}],"author":[{"embeddable":true,"href":"https:\/\/lucia-rapetti.com\/de\/wp-json\/wp\/v2\/users\/2"}],"replies":[{"embeddable":true,"href":"https:\/\/lucia-rapetti.com\/de\/wp-json\/wp\/v2\/comments?post=3445"}],"version-history":[{"count":0,"href":"https:\/\/lucia-rapetti.com\/de\/wp-json\/wp\/v2\/pages\/3445\/revisions"}],"wp:attachment":[{"href":"https:\/\/lucia-rapetti.com\/de\/wp-json\/wp\/v2\/media?parent=3445"}],"curies":[{"name":"wp","href":"https:\/\/api.w.org\/{rel}","templated":true}]}}