{"id":2538,"date":"2023-09-11T12:44:30","date_gmt":"2023-09-11T10:44:30","guid":{"rendered":"https:\/\/client.comanddesign.com\/?page_id=2538"},"modified":"2024-03-08T11:00:08","modified_gmt":"2024-03-08T10:00:08","slug":"technologische-pflege","status":"publish","type":"page","link":"https:\/\/lucia-rapetti.com\/de\/technologische-pflege\/","title":{"rendered":"Technologische Pflege"},"content":{"rendered":"<div data-elementor-type=\"wp-page\" data-elementor-id=\"2538\" class=\"elementor elementor-2538\" data-elementor-post-type=\"page\">\n\t\t\t\t\t\t<section class=\"elementor-section elementor-top-section elementor-element elementor-element-719919cb elementor-section-boxed elementor-section-height-default elementor-section-height-default\" data-id=\"719919cb\" data-element_type=\"section\" data-e-type=\"section\" data-settings=\"{&quot;background_background&quot;:&quot;classic&quot;}\">\n\t\t\t\t\t\t\t<div class=\"elementor-background-overlay\"><\/div>\n\t\t\t\t\t\t\t<div class=\"elementor-container elementor-column-gap-no\">\n\t\t\t\t\t<div class=\"elementor-column elementor-col-100 elementor-top-column elementor-element elementor-element-3ed6ab6e\" data-id=\"3ed6ab6e\" data-element_type=\"column\" data-e-type=\"column\">\n\t\t\t<div class=\"elementor-widget-wrap elementor-element-populated\">\n\t\t\t\t\t\t<div class=\"elementor-element elementor-element-1e27ef6 elementor-widget elementor-widget-heading\" data-id=\"1e27ef6\" data-element_type=\"widget\" data-e-type=\"widget\" data-widget_type=\"heading.default\">\n\t\t\t\t<div class=\"elementor-widget-container\">\n\t\t\t\t\t<h1 class=\"elementor-heading-title elementor-size-default\">Technologische Pflege<\/h1>\t\t\t\t<\/div>\n\t\t\t\t<\/div>\n\t\t\t\t<div class=\"elementor-element elementor-element-8829d09 elementor-mobile-align-center elementor-align-center elementor-widget elementor-widget-button\" data-id=\"8829d09\" data-element_type=\"widget\" data-e-type=\"widget\" data-widget_type=\"button.default\">\n\t\t\t\t<div class=\"elementor-widget-container\">\n\t\t\t\t\t\t\t\t\t<div class=\"elementor-button-wrapper\">\n\t\t\t\t\t<a class=\"elementor-button elementor-button-link elementor-size-sm\" href=\"\/de\/naturliches-schonheitsinstitut\/locator-institute-und-spas\/\">\n\t\t\t\t\t\t<span class=\"elementor-button-content-wrapper\">\n\t\t\t\t\t\t\t\t\t<span class=\"elementor-button-text\">buchen \/ spa locator<\/span>\n\t\t\t\t\t<\/span>\n\t\t\t\t\t<\/a>\n\t\t\t\t<\/div>\n\t\t\t\t\t\t\t\t<\/div>\n\t\t\t\t<\/div>\n\t\t\t\t\t<\/div>\n\t\t<\/div>\n\t\t\t\t\t<\/div>\n\t\t<\/section>\n\t\t\t\t<section class=\"elementor-section elementor-top-section elementor-element elementor-element-3147888 elementor-section-content-middle elementor-section-boxed elementor-section-height-default elementor-section-height-default\" data-id=\"3147888\" data-element_type=\"section\" data-e-type=\"section\" data-settings=\"{&quot;background_background&quot;:&quot;classic&quot;}\">\n\t\t\t\t\t\t<div class=\"elementor-container elementor-column-gap-no\">\n\t\t\t\t\t<div class=\"elementor-column elementor-col-100 elementor-top-column elementor-element elementor-element-51d7728\" data-id=\"51d7728\" data-element_type=\"column\" data-e-type=\"column\">\n\t\t\t<div class=\"elementor-widget-wrap elementor-element-populated\">\n\t\t\t\t\t\t<div class=\"elementor-element elementor-element-e5b7de3 elementor-widget elementor-widget-heading\" data-id=\"e5b7de3\" data-element_type=\"widget\" data-e-type=\"widget\" data-widget_type=\"heading.default\">\n\t\t\t\t<div class=\"elementor-widget-container\">\n\t\t\t\t\t<p class=\"elementor-heading-title elementor-size-default\">Innovation<\/p>\t\t\t\t<\/div>\n\t\t\t\t<\/div>\n\t\t\t\t<div class=\"elementor-element elementor-element-d0b929b elementor-widget elementor-widget-heading\" data-id=\"d0b929b\" data-element_type=\"widget\" data-e-type=\"widget\" data-widget_type=\"heading.default\">\n\t\t\t\t<div class=\"elementor-widget-container\">\n\t\t\t\t\t<h2 class=\"elementor-heading-title elementor-size-default\">Nat\u00fcrliche Sch\u00f6nheit\ndank Technologie<\/h2>\t\t\t\t<\/div>\n\t\t\t\t<\/div>\n\t\t\t\t<div class=\"elementor-element elementor-element-e7b74ab elementor-widget elementor-widget-text-editor\" data-id=\"e7b74ab\" data-element_type=\"widget\" data-e-type=\"widget\" data-widget_type=\"text-editor.default\">\n\t\t\t\t<div class=\"elementor-widget-container\">\n\t\t\t\t\t\t\t\t\t<p>Lucia Rapetti\u00ae stellt Technologie in den Dienst von Sch\u00f6nheits- und Wellnessprofis, um die Zellregeneration zu beschleunigen und gleichzeitig die Philosophie der Clean Beauty zu f\u00f6rdern, wodurch bemerkenswerte \u00e4sthetische Ergebnisse erzielt werden.<\/p><p>Die Kombination nicht-invasiver Technologien von Lucia Rapetti liefert herausragende Ergebnisse bei der L\u00f6sung von Gesichts- und K\u00f6rperproblemen.<\/p><p>Lucia Rapetti\u00ae bietet einen innovativen Ansatz f\u00fcr nat\u00fcrliche Sch\u00f6nheit durch Technologie, der spektakul\u00e4re Ergebnisse ohne invasive Eingriffe erm\u00f6glicht.<\/p>\t\t\t\t\t\t\t\t<\/div>\n\t\t\t\t<\/div>\n\t\t\t\t\t<\/div>\n\t\t<\/div>\n\t\t\t\t\t<\/div>\n\t\t<\/section>\n\t\t\t\t<section class=\"elementor-section elementor-top-section elementor-element elementor-element-55c60364 elementor-section-content-middle elementor-reverse-mobile elementor-section-boxed elementor-section-height-default elementor-section-height-default\" data-id=\"55c60364\" data-element_type=\"section\" data-e-type=\"section\" data-settings=\"{&quot;background_background&quot;:&quot;classic&quot;}\">\n\t\t\t\t\t\t<div class=\"elementor-container elementor-column-gap-no\">\n\t\t\t\t\t<div class=\"elementor-column elementor-col-100 elementor-top-column elementor-element elementor-element-15b9f1c6\" data-id=\"15b9f1c6\" data-element_type=\"column\" data-e-type=\"column\">\n\t\t\t<div class=\"elementor-widget-wrap elementor-element-populated\">\n\t\t\t\t\t\t<div class=\"elementor-element elementor-element-556c979a elementor-widget-divider--view-line elementor-widget elementor-widget-divider\" data-id=\"556c979a\" data-element_type=\"widget\" data-e-type=\"widget\" data-widget_type=\"divider.default\">\n\t\t\t\t<div class=\"elementor-widget-container\">\n\t\t\t\t\t\t\t<div class=\"elementor-divider\">\n\t\t\t<span class=\"elementor-divider-separator\">\n\t\t\t\t\t\t<\/span>\n\t\t<\/div>\n\t\t\t\t\t\t<\/div>\n\t\t\t\t<\/div>\n\t\t\t\t<div class=\"elementor-element elementor-element-315c5bd elementor-widget elementor-widget-heading\" data-id=\"315c5bd\" data-element_type=\"widget\" data-e-type=\"widget\" data-widget_type=\"heading.default\">\n\t\t\t\t<div class=\"elementor-widget-container\">\n\t\t\t\t\t<p class=\"elementor-heading-title elementor-size-default\">NEUE GENERATION<\/p>\t\t\t\t<\/div>\n\t\t\t\t<\/div>\n\t\t\t\t<div class=\"elementor-element elementor-element-4f6ea147 elementor-widget elementor-widget-heading\" data-id=\"4f6ea147\" data-element_type=\"widget\" data-e-type=\"widget\" data-widget_type=\"heading.default\">\n\t\t\t\t<div class=\"elementor-widget-container\">\n\t\t\t\t\t<h2 class=\"elementor-heading-title elementor-size-default\">Haut Leben System <\/h2>\t\t\t\t<\/div>\n\t\t\t\t<\/div>\n\t\t\t\t<div class=\"elementor-element elementor-element-339f41e8 elementor-widget elementor-widget-image\" data-id=\"339f41e8\" data-element_type=\"widget\" data-e-type=\"widget\" data-widget_type=\"image.default\">\n\t\t\t\t<div class=\"elementor-widget-container\">\n\t\t\t\t\t\t\t\t\t\t\t\t\t\t\t<img fetchpriority=\"high\" decoding=\"async\" width=\"339\" height=\"339\" src=\"https:\/\/lucia-rapetti.com\/wp-content\/uploads\/2023\/11\/LR-sito-Skin-Life-System.jpg\" class=\"attachment-full size-full wp-image-2906\" alt=\"\" srcset=\"https:\/\/lucia-rapetti.com\/wp-content\/uploads\/2023\/11\/LR-sito-Skin-Life-System.jpg 339w, https:\/\/lucia-rapetti.com\/wp-content\/uploads\/2023\/11\/LR-sito-Skin-Life-System-300x300.jpg 300w, https:\/\/lucia-rapetti.com\/wp-content\/uploads\/2023\/11\/LR-sito-Skin-Life-System-150x150.jpg 150w, https:\/\/lucia-rapetti.com\/wp-content\/uploads\/2023\/11\/LR-sito-Skin-Life-System-100x100.jpg 100w\" sizes=\"(max-width: 339px) 100vw, 339px\" \/>\t\t\t\t\t\t\t\t\t\t\t\t\t\t\t<\/div>\n\t\t\t\t<\/div>\n\t\t\t\t<div class=\"elementor-element elementor-element-1b68766 elementor-widget elementor-widget-text-editor\" data-id=\"1b68766\" data-element_type=\"widget\" data-e-type=\"widget\" data-widget_type=\"text-editor.default\">\n\t\t\t\t<div class=\"elementor-widget-container\">\n\t\t\t\t\t\t\t\t\t<p>Diese hochmoderne Technologie erzeugt gezielte Str\u00f6me, um die Haut auf nat\u00fcrliche Weise zu revitalisieren, Falten zu reduzieren, die Gesichtskonturen zu straffen und Alterserscheinungen zu beseitigen, ganz ohne Chirurgie oder invasive Methoden. Sie bietet au\u00dferdem 9 Funktionen zur Behandlung verschiedener kosmetischer Probleme des Gesichts.<\/p>\t\t\t\t\t\t\t\t<\/div>\n\t\t\t\t<\/div>\n\t\t\t\t\t<\/div>\n\t\t<\/div>\n\t\t\t\t\t<\/div>\n\t\t<\/section>\n\t\t\t\t<section class=\"elementor-section elementor-top-section elementor-element elementor-element-1ac8054 elementor-section-content-middle elementor-reverse-mobile elementor-section-boxed elementor-section-height-default elementor-section-height-default\" data-id=\"1ac8054\" data-element_type=\"section\" data-e-type=\"section\" data-settings=\"{&quot;background_background&quot;:&quot;classic&quot;}\">\n\t\t\t\t\t\t<div class=\"elementor-container elementor-column-gap-no\">\n\t\t\t\t\t<div class=\"elementor-column elementor-col-100 elementor-top-column elementor-element elementor-element-5beeede\" data-id=\"5beeede\" data-element_type=\"column\" data-e-type=\"column\">\n\t\t\t<div class=\"elementor-widget-wrap elementor-element-populated\">\n\t\t\t\t\t\t<div class=\"elementor-element elementor-element-9d2a480 elementor-widget-divider--view-line elementor-widget elementor-widget-divider\" data-id=\"9d2a480\" data-element_type=\"widget\" data-e-type=\"widget\" data-widget_type=\"divider.default\">\n\t\t\t\t<div class=\"elementor-widget-container\">\n\t\t\t\t\t\t\t<div class=\"elementor-divider\">\n\t\t\t<span class=\"elementor-divider-separator\">\n\t\t\t\t\t\t<\/span>\n\t\t<\/div>\n\t\t\t\t\t\t<\/div>\n\t\t\t\t<\/div>\n\t\t\t\t<div class=\"elementor-element elementor-element-30be359 elementor-widget elementor-widget-heading\" data-id=\"30be359\" data-element_type=\"widget\" data-e-type=\"widget\" data-widget_type=\"heading.default\">\n\t\t\t\t<div class=\"elementor-widget-container\">\n\t\t\t\t\t<p class=\"elementor-heading-title elementor-size-default\">NEUE GENERATION<\/p>\t\t\t\t<\/div>\n\t\t\t\t<\/div>\n\t\t\t\t<div class=\"elementor-element elementor-element-9179a04 elementor-widget elementor-widget-heading\" data-id=\"9179a04\" data-element_type=\"widget\" data-e-type=\"widget\" data-widget_type=\"heading.default\">\n\t\t\t\t<div class=\"elementor-widget-container\">\n\t\t\t\t\t<h2 class=\"elementor-heading-title elementor-size-default\">Globales Lebenssystem<\/h2>\t\t\t\t<\/div>\n\t\t\t\t<\/div>\n\t\t\t\t<div class=\"elementor-element elementor-element-4d9606e elementor-widget elementor-widget-image\" data-id=\"4d9606e\" data-element_type=\"widget\" data-e-type=\"widget\" data-widget_type=\"image.default\">\n\t\t\t\t<div class=\"elementor-widget-container\">\n\t\t\t\t\t\t\t\t\t\t\t\t\t\t\t<img decoding=\"async\" width=\"339\" height=\"339\" src=\"https:\/\/lucia-rapetti.com\/wp-content\/uploads\/2023\/11\/LR-sito-Global-Life-System.jpg\" class=\"attachment-full size-full wp-image-2910\" alt=\"\" srcset=\"https:\/\/lucia-rapetti.com\/wp-content\/uploads\/2023\/11\/LR-sito-Global-Life-System.jpg 339w, https:\/\/lucia-rapetti.com\/wp-content\/uploads\/2023\/11\/LR-sito-Global-Life-System-300x300.jpg 300w, https:\/\/lucia-rapetti.com\/wp-content\/uploads\/2023\/11\/LR-sito-Global-Life-System-150x150.jpg 150w, https:\/\/lucia-rapetti.com\/wp-content\/uploads\/2023\/11\/LR-sito-Global-Life-System-100x100.jpg 100w\" sizes=\"(max-width: 339px) 100vw, 339px\" \/>\t\t\t\t\t\t\t\t\t\t\t\t\t\t\t<\/div>\n\t\t\t\t<\/div>\n\t\t\t\t<div class=\"elementor-element elementor-element-1262c81 elementor-widget elementor-widget-text-editor\" data-id=\"1262c81\" data-element_type=\"widget\" data-e-type=\"widget\" data-widget_type=\"text-editor.default\">\n\t\t\t\t<div class=\"elementor-widget-container\">\n\t\t\t\t\t\t\t\t\t<p>Diese innovative Methode l\u00f6st tiefgreifende biologische Reaktionen aus, f\u00f6rdert den Zentimeterverlust, die Reduzierung von Cellulite, die Beseitigung von \u00d6demen, die Straffung von Gewebe und sogar die Milderung von Dehnungsstreifen.<\/p>\t\t\t\t\t\t\t\t<\/div>\n\t\t\t\t<\/div>\n\t\t\t\t\t<\/div>\n\t\t<\/div>\n\t\t\t\t\t<\/div>\n\t\t<\/section>\n\t\t\t\t<\/div>","protected":false},"excerpt":{"rendered":"<p>Soins Technologiques r\u00e9servez \/ spa locator INNOVATION Beaut\u00e9 Naturelle gr\u00e2ce \u00e0 la Technologie Lucia Rapetti\u00ae met la technologie au service des professionnels de la beaut\u00e9 et du bien-\u00eatre pour acc\u00e9l\u00e9rer la r\u00e9g\u00e9n\u00e9ration cellulaire tout en pr\u00f4nant la philosophie de la Clean Beauty, obtenant ainsi des r\u00e9sultats esth\u00e9tiques remarquables. La combinaison de technologies non invasives de [&hellip;]<\/p>\n","protected":false},"author":2,"featured_media":0,"parent":0,"menu_order":0,"comment_status":"closed","ping_status":"closed","template":"","meta":{"_acf_changed":false,"site-sidebar-layout":"no-sidebar","site-content-layout":"page-builder","ast-site-content-layout":"full-width-container","site-content-style":"unboxed","site-sidebar-style":"unboxed","ast-global-header-display":"","ast-banner-title-visibility":"","ast-main-header-display":"","ast-hfb-above-header-display":"","ast-hfb-below-header-display":"","ast-hfb-mobile-header-display":"","site-post-title":"disabled","ast-breadcrumbs-content":"","ast-featured-img":"disabled","footer-sml-layout":"","ast-disable-related-posts":"","theme-transparent-header-meta":"disabled","adv-header-id-meta":"","stick-header-meta":"","header-above-stick-meta":"","header-main-stick-meta":"","header-below-stick-meta":"","astra-migrate-meta-layouts":"set","ast-page-background-enabled":"default","ast-page-background-meta":{"desktop":{"background-color":"var(--ast-global-color-4)","background-image":"","background-repeat":"repeat","background-position":"center center","background-size":"auto","background-attachment":"scroll","background-type":"","background-media":"","overlay-type":"","overlay-color":"","overlay-opacity":"","overlay-gradient":""},"tablet":{"background-color":"","background-image":"","background-repeat":"repeat","background-position":"center center","background-size":"auto","background-attachment":"scroll","background-type":"","background-media":"","overlay-type":"","overlay-color":"","overlay-opacity":"","overlay-gradient":""},"mobile":{"background-color":"","background-image":"","background-repeat":"repeat","background-position":"center center","background-size":"auto","background-attachment":"scroll","background-type":"","background-media":"","overlay-type":"","overlay-color":"","overlay-opacity":"","overlay-gradient":""}},"ast-content-background-meta":{"desktop":{"background-color":"var(--ast-global-color-5)","background-image":"","background-repeat":"repeat","background-position":"center center","background-size":"auto","background-attachment":"scroll","background-type":"","background-media":"","overlay-type":"","overlay-color":"","overlay-opacity":"","overlay-gradient":""},"tablet":{"background-color":"var(--ast-global-color-5)","background-image":"","background-repeat":"repeat","background-position":"center center","background-size":"auto","background-attachment":"scroll","background-type":"","background-media":"","overlay-type":"","overlay-color":"","overlay-opacity":"","overlay-gradient":""},"mobile":{"background-color":"var(--ast-global-color-5)","background-image":"","background-repeat":"repeat","background-position":"center center","background-size":"auto","background-attachment":"scroll","background-type":"","background-media":"","overlay-type":"","overlay-color":"","overlay-opacity":"","overlay-gradient":""}},"footnotes":""},"class_list":["post-2538","page","type-page","status-publish","hentry"],"acf":[],"yoast_head":"<!-- This site is optimized with the Yoast SEO plugin v27.5 - https:\/\/yoast.com\/product\/yoast-seo-wordpress\/ -->\n<title>Soins Technologiques\u200b - Lucia Rapetti Laboratoire Naturel<\/title>\n<meta name=\"description\" content=\"Exp\u00e9rience R\u00e9volutionnaire : D\u00e9couvrez Nos Soins Technologiques de Pointe sp\u00e9cialement d\u00e9di\u00e9s aux instituts de beaut\u00e9.\" \/>\n<meta name=\"robots\" content=\"index, follow, max-snippet:-1, max-image-preview:large, max-video-preview:-1\" \/>\n<link rel=\"canonical\" href=\"https:\/\/lucia-rapetti.com\/de\/technologische-pflege\/\" \/>\n<meta property=\"og:locale\" content=\"de_DE\" \/>\n<meta property=\"og:type\" content=\"article\" \/>\n<meta property=\"og:title\" content=\"Soins Technologiques\u200b - Lucia Rapetti Laboratoire Naturel\" \/>\n<meta property=\"og:description\" content=\"Exp\u00e9rience R\u00e9volutionnaire : D\u00e9couvrez Nos Soins Technologiques de Pointe sp\u00e9cialement d\u00e9di\u00e9s aux instituts de beaut\u00e9.\" \/>\n<meta property=\"og:url\" content=\"https:\/\/lucia-rapetti.com\/de\/technologische-pflege\/\" \/>\n<meta property=\"og:site_name\" content=\"Lucia Rapetti Laboratoire Naturel\" \/>\n<meta property=\"article:publisher\" content=\"https:\/\/www.facebook.com\/luciarapettiofficial\" \/>\n<meta property=\"article:modified_time\" content=\"2024-03-08T10:00:08+00:00\" \/>\n<meta property=\"og:image\" content=\"https:\/\/nouveau.lucia-rapetti.com\/wp-content\/uploads\/2023\/11\/LR-sito-Skin-Life-System.jpg\" \/>\n<meta name=\"twitter:card\" content=\"summary_large_image\" \/>\n<meta name=\"twitter:label1\" content=\"Gesch\u00e4tzte Lesezeit\" \/>\n\t<meta name=\"twitter:data1\" content=\"2\u00a0Minuten\" \/>\n<script type=\"application\/ld+json\" class=\"yoast-schema-graph\">{\"@context\":\"https:\\\/\\\/schema.org\",\"@graph\":[{\"@type\":\"WebPage\",\"@id\":\"https:\\\/\\\/lucia-rapetti.com\\\/soins-technologiques\\\/\",\"url\":\"https:\\\/\\\/lucia-rapetti.com\\\/soins-technologiques\\\/\",\"name\":\"Soins Technologiques\u200b - Lucia Rapetti Laboratoire Naturel\",\"isPartOf\":{\"@id\":\"https:\\\/\\\/lucia-rapetti.com\\\/#website\"},\"primaryImageOfPage\":{\"@id\":\"https:\\\/\\\/lucia-rapetti.com\\\/soins-technologiques\\\/#primaryimage\"},\"image\":{\"@id\":\"https:\\\/\\\/lucia-rapetti.com\\\/soins-technologiques\\\/#primaryimage\"},\"thumbnailUrl\":\"https:\\\/\\\/nouveau.lucia-rapetti.com\\\/wp-content\\\/uploads\\\/2023\\\/11\\\/LR-sito-Skin-Life-System.jpg\",\"datePublished\":\"2023-09-11T10:44:30+00:00\",\"dateModified\":\"2024-03-08T10:00:08+00:00\",\"description\":\"Exp\u00e9rience R\u00e9volutionnaire : D\u00e9couvrez Nos Soins Technologiques de Pointe sp\u00e9cialement d\u00e9di\u00e9s aux instituts de beaut\u00e9.\",\"breadcrumb\":{\"@id\":\"https:\\\/\\\/lucia-rapetti.com\\\/soins-technologiques\\\/#breadcrumb\"},\"inLanguage\":\"de\",\"potentialAction\":[{\"@type\":\"ReadAction\",\"target\":[\"https:\\\/\\\/lucia-rapetti.com\\\/soins-technologiques\\\/\"]}]},{\"@type\":\"ImageObject\",\"inLanguage\":\"de\",\"@id\":\"https:\\\/\\\/lucia-rapetti.com\\\/soins-technologiques\\\/#primaryimage\",\"url\":\"https:\\\/\\\/nouveau.lucia-rapetti.com\\\/wp-content\\\/uploads\\\/2023\\\/11\\\/LR-sito-Skin-Life-System.jpg\",\"contentUrl\":\"https:\\\/\\\/nouveau.lucia-rapetti.com\\\/wp-content\\\/uploads\\\/2023\\\/11\\\/LR-sito-Skin-Life-System.jpg\"},{\"@type\":\"BreadcrumbList\",\"@id\":\"https:\\\/\\\/lucia-rapetti.com\\\/soins-technologiques\\\/#breadcrumb\",\"itemListElement\":[{\"@type\":\"ListItem\",\"position\":1,\"name\":\"Lucia Rapetti\",\"item\":\"https:\\\/\\\/lucia-rapetti.com\\\/\"},{\"@type\":\"ListItem\",\"position\":2,\"name\":\"Soins Technologiques\u200b\"}]},{\"@type\":\"WebSite\",\"@id\":\"https:\\\/\\\/lucia-rapetti.com\\\/#website\",\"url\":\"https:\\\/\\\/lucia-rapetti.com\\\/\",\"name\":\"Lucia Rapetti Laboratoire Naturel\",\"description\":\"Laboratoire de cosm\u00e9tique naturel et beaut\u00e9\",\"publisher\":{\"@id\":\"https:\\\/\\\/lucia-rapetti.com\\\/#organization\"},\"potentialAction\":[{\"@type\":\"SearchAction\",\"target\":{\"@type\":\"EntryPoint\",\"urlTemplate\":\"https:\\\/\\\/lucia-rapetti.com\\\/?s={search_term_string}\"},\"query-input\":{\"@type\":\"PropertyValueSpecification\",\"valueRequired\":true,\"valueName\":\"search_term_string\"}}],\"inLanguage\":\"de\"},{\"@type\":\"Organization\",\"@id\":\"https:\\\/\\\/lucia-rapetti.com\\\/#organization\",\"name\":\"Lucia Rapetti Laboratoire Naturel\",\"alternateName\":\"LR\",\"url\":\"https:\\\/\\\/lucia-rapetti.com\\\/\",\"logo\":{\"@type\":\"ImageObject\",\"inLanguage\":\"de\",\"@id\":\"https:\\\/\\\/lucia-rapetti.com\\\/#\\\/schema\\\/logo\\\/image\\\/\",\"url\":\"https:\\\/\\\/lucia-rapetti.com\\\/wp-content\\\/uploads\\\/2023\\\/04\\\/cropped-lucia-rapetti-logo-1.png\",\"contentUrl\":\"https:\\\/\\\/lucia-rapetti.com\\\/wp-content\\\/uploads\\\/2023\\\/04\\\/cropped-lucia-rapetti-logo-1.png\",\"width\":850,\"height\":142,\"caption\":\"Lucia Rapetti Laboratoire Naturel\"},\"image\":{\"@id\":\"https:\\\/\\\/lucia-rapetti.com\\\/#\\\/schema\\\/logo\\\/image\\\/\"},\"sameAs\":[\"https:\\\/\\\/www.facebook.com\\\/luciarapettiofficial\",\"https:\\\/\\\/www.instagram.com\\\/luciarapettiofficial\\\/\"]}]}<\/script>\n<!-- \/ Yoast SEO plugin. -->","yoast_head_json":{"title":"Technologische Behandlungen - Lucia Rapetti Naturlabor","description":"Revolution\u00e4res Erlebnis: Entdecken Sie unsere hochmodernen technologischen Behandlungen, die speziell f\u00fcr Sch\u00f6nheitssalons entwickelt wurden.","robots":{"index":"index","follow":"follow","max-snippet":"max-snippet:-1","max-image-preview":"max-image-preview:large","max-video-preview":"max-video-preview:-1"},"canonical":"https:\/\/lucia-rapetti.com\/de\/technologische-pflege\/","og_locale":"de_DE","og_type":"article","og_title":"Soins Technologiques\u200b - Lucia Rapetti Laboratoire Naturel","og_description":"Exp\u00e9rience R\u00e9volutionnaire : D\u00e9couvrez Nos Soins Technologiques de Pointe sp\u00e9cialement d\u00e9di\u00e9s aux instituts de beaut\u00e9.","og_url":"https:\/\/lucia-rapetti.com\/de\/technologische-pflege\/","og_site_name":"Lucia Rapetti Laboratoire Naturel","article_publisher":"https:\/\/www.facebook.com\/luciarapettiofficial","article_modified_time":"2024-03-08T10:00:08+00:00","og_image":[{"url":"https:\/\/nouveau.lucia-rapetti.com\/wp-content\/uploads\/2023\/11\/LR-sito-Skin-Life-System.jpg","type":"","width":"","height":""}],"twitter_card":"summary_large_image","twitter_misc":{"Gesch\u00e4tzte Lesezeit":"2\u00a0Minuten"},"schema":{"@context":"https:\/\/schema.org","@graph":[{"@type":"WebPage","@id":"https:\/\/lucia-rapetti.com\/soins-technologiques\/","url":"https:\/\/lucia-rapetti.com\/soins-technologiques\/","name":"Technologische Behandlungen - Lucia Rapetti Naturlabor","isPartOf":{"@id":"https:\/\/lucia-rapetti.com\/#website"},"primaryImageOfPage":{"@id":"https:\/\/lucia-rapetti.com\/soins-technologiques\/#primaryimage"},"image":{"@id":"https:\/\/lucia-rapetti.com\/soins-technologiques\/#primaryimage"},"thumbnailUrl":"https:\/\/nouveau.lucia-rapetti.com\/wp-content\/uploads\/2023\/11\/LR-sito-Skin-Life-System.jpg","datePublished":"2023-09-11T10:44:30+00:00","dateModified":"2024-03-08T10:00:08+00:00","description":"Revolution\u00e4res Erlebnis: Entdecken Sie unsere hochmodernen technologischen Behandlungen, die speziell f\u00fcr Sch\u00f6nheitssalons entwickelt wurden.","breadcrumb":{"@id":"https:\/\/lucia-rapetti.com\/soins-technologiques\/#breadcrumb"},"inLanguage":"de","potentialAction":[{"@type":"ReadAction","target":["https:\/\/lucia-rapetti.com\/soins-technologiques\/"]}]},{"@type":"ImageObject","inLanguage":"de","@id":"https:\/\/lucia-rapetti.com\/soins-technologiques\/#primaryimage","url":"https:\/\/nouveau.lucia-rapetti.com\/wp-content\/uploads\/2023\/11\/LR-sito-Skin-Life-System.jpg","contentUrl":"https:\/\/nouveau.lucia-rapetti.com\/wp-content\/uploads\/2023\/11\/LR-sito-Skin-Life-System.jpg"},{"@type":"BreadcrumbList","@id":"https:\/\/lucia-rapetti.com\/soins-technologiques\/#breadcrumb","itemListElement":[{"@type":"ListItem","position":1,"name":"Lucia Rapetti","item":"https:\/\/lucia-rapetti.com\/"},{"@type":"ListItem","position":2,"name":"Soins Technologiques\u200b"}]},{"@type":"WebSite","@id":"https:\/\/lucia-rapetti.com\/#website","url":"https:\/\/lucia-rapetti.com\/","name":"Lucia Rapetti Natural Laboratory","description":"Labor f\u00fcr Natur- und Sch\u00f6nheitskosmetik","publisher":{"@id":"https:\/\/lucia-rapetti.com\/#organization"},"potentialAction":[{"@type":"SearchAction","target":{"@type":"EntryPoint","urlTemplate":"https:\/\/lucia-rapetti.com\/?s={search_term_string}"},"query-input":{"@type":"PropertyValueSpecification","valueRequired":true,"valueName":"search_term_string"}}],"inLanguage":"de"},{"@type":"Organization","@id":"https:\/\/lucia-rapetti.com\/#organization","name":"Lucia Rapetti Natural Laboratory","alternateName":"LR","url":"https:\/\/lucia-rapetti.com\/","logo":{"@type":"ImageObject","inLanguage":"de","@id":"https:\/\/lucia-rapetti.com\/#\/schema\/logo\/image\/","url":"https:\/\/lucia-rapetti.com\/wp-content\/uploads\/2023\/04\/cropped-lucia-rapetti-logo-1.png","contentUrl":"https:\/\/lucia-rapetti.com\/wp-content\/uploads\/2023\/04\/cropped-lucia-rapetti-logo-1.png","width":850,"height":142,"caption":"Lucia Rapetti Laboratoire Naturel"},"image":{"@id":"https:\/\/lucia-rapetti.com\/#\/schema\/logo\/image\/"},"sameAs":["https:\/\/www.facebook.com\/luciarapettiofficial","https:\/\/www.instagram.com\/luciarapettiofficial\/"]}]}},"_links":{"self":[{"href":"https:\/\/lucia-rapetti.com\/de\/wp-json\/wp\/v2\/pages\/2538","targetHints":{"allow":["GET"]}}],"collection":[{"href":"https:\/\/lucia-rapetti.com\/de\/wp-json\/wp\/v2\/pages"}],"about":[{"href":"https:\/\/lucia-rapetti.com\/de\/wp-json\/wp\/v2\/types\/page"}],"author":[{"embeddable":true,"href":"https:\/\/lucia-rapetti.com\/de\/wp-json\/wp\/v2\/users\/2"}],"replies":[{"embeddable":true,"href":"https:\/\/lucia-rapetti.com\/de\/wp-json\/wp\/v2\/comments?post=2538"}],"version-history":[{"count":0,"href":"https:\/\/lucia-rapetti.com\/de\/wp-json\/wp\/v2\/pages\/2538\/revisions"}],"wp:attachment":[{"href":"https:\/\/lucia-rapetti.com\/de\/wp-json\/wp\/v2\/media?parent=2538"}],"curies":[{"name":"wp","href":"https:\/\/api.w.org\/{rel}","templated":true}]}}